{"id":8661,"date":"2022-10-18T16:46:09","date_gmt":"2022-10-18T14:46:09","guid":{"rendered":"https:\/\/softicated.com\/?post_type=product&#038;p=8661"},"modified":"2026-03-11T12:30:04","modified_gmt":"2026-03-11T11:30:04","slug":"head-in-stars-bronze","status":"publish","type":"product","link":"https:\/\/softicated.com\/de\/produit\/head-in-stars-bronze\/","title":{"rendered":"Design-Tischlampe - Head in Stars Bronze"},"content":{"rendered":"<p>In Bronze sch\u00f6pft die Head in Stars-Leuchte ihre Inspiration aus der Kraft der Elemente und der Tiefe der Zeit. Ihr dunkler, warmer Ton erinnert an Erde, Stein und alte Metalle als w\u00e4re sie aus zeitloser Materie geschmiedet. Sie verk\u00f6rpert eine solide Eleganz, zugleich beruhigend und edel.<\/p>\n<p>Die drei matten Bronze-Beine, robust und elegant, tragen den satinierten Glaszylinder den leuchtenden Atem des Ganzen. Das Licht breitet sich sanft, aber bestimmt in alle Richtungen aus.<\/p>\n<p>Das subtil patinierte Bronze absorbiert Reflexe und hebt die Form hervor. Es verleiht der Leuchte eine seltene Dichte, fast skulptural wie ein Objekt, das durch die Zeiten gereist ist, um in Ihr Zuhause einzuziehen. Jedes Detail erz\u00e4hlt von der Begegnung zwischen Moderne und Tradition.<\/p>\n<p>Die Head in Stars Bronze findet ihren nat\u00fcrlichen Platz in R\u00e4umen, in denen Materialit\u00e4t und Tiefe z\u00e4hlen: ein ged\u00e4mpftes Wohnzimmer, ein elegantes Schlafzimmer oder ein stilvolles B\u00fcro. In Hotels oder Gesch\u00e4ftsr\u00e4umen wird sie zum unverwechselbaren Zeichen, einer Pr\u00e4senz mit bleibendem Eindruck.<\/p>\n<p>Die Wahl der Bronze-Version bedeutet, eine Leuchte zu begr\u00fc\u00dfen, die Stabilit\u00e4t und Raffinesse verk\u00f6rpert und jeden Raum in einen Ort voller Charakter und Eleganz verwandelt.<\/p>\n<p>Mit dieser Lampe in Raketenform k\u00f6nnen Sie sich zwar nicht im Raum bewegen, sie beleuchtet jedoch Ihren Raum.<\/p>","protected":false},"excerpt":{"rendered":"<p>Dans sa version bronze, la lampe Head in Stars puise son inspiration dans la force des \u00e9l\u00e9ments et la profondeur du temps. Sa teinte sombre et chaleureuse \u00e9voque la terre, la roche et les m\u00e9taux anciens comme si elle avait \u00e9t\u00e9 forg\u00e9e dans une mati\u00e8re intemporelle. Elle incarne une \u00e9l\u00e9gance solide \u00e0 la fois rassurante [&hellip;]<\/p>","protected":false},"featured_media":12349,"comment_status":"closed","ping_status":"closed","template":"","meta":{"_acf_changed":false},"product_brand":[],"product_cat":[168],"product_tag":[],"collections":[],"awards":[141,137],"by_color":[],"by_style":[],"class_list":{"0":"post-8661","1":"product","2":"type-product","3":"status-publish","4":"has-post-thumbnail","6":"product_cat-lampe-de-table","7":"product_shipping_class-luminaire-head-in-stars","8":"awards-archiproducts-2022-longlisted-product","9":"awards-ida-design-bronze-winner-2022","11":"first","12":"instock","13":"shipping-taxable","14":"purchasable","15":"product-type-simple"},"acf":[],"yoast_head":"<!-- This site is optimized with the Yoast SEO Premium plugin v25.7.1 (Yoast SEO v26.9) - https:\/\/yoast.com\/product\/yoast-seo-premium-wordpress\/ -->\n<title>Lampe de table design - Head in Stars Bronze - Softicated<\/title>\n<meta name=\"description\" content=\"L\u2019inspiration de cette lampe de table Head in Stars est double: la fus\u00e9e (de Tintin) pour la base et le phare maritime pour la partie \u00e9clairante.\" \/>\n<meta name=\"robots\" content=\"index, follow, max-snippet:-1, max-image-preview:large, max-video-preview:-1\" \/>\n<link rel=\"canonical\" href=\"https:\/\/softicated.com\/de\/produit\/head-in-stars-bronze\/\" \/>\n<meta property=\"og:locale\" content=\"de_DE\" \/>\n<meta property=\"og:type\" content=\"article\" \/>\n<meta property=\"og:title\" content=\"Lampe de table design - Head in Stars Bronze\" \/>\n<meta property=\"og:description\" content=\"L\u2019inspiration de cette lampe de table Head in Stars est double: la fus\u00e9e (de Tintin) pour la base et le phare maritime pour la partie \u00e9clairante.\" \/>\n<meta property=\"og:url\" content=\"https:\/\/softicated.com\/de\/produit\/head-in-stars-bronze\/\" \/>\n<meta property=\"og:site_name\" content=\"Softicated\" \/>\n<meta property=\"article:publisher\" content=\"https:\/\/www.facebook.com\/Softicated\" \/>\n<meta property=\"article:modified_time\" content=\"2026-03-11T11:30:04+00:00\" \/>\n<meta property=\"og:image\" content=\"https:\/\/softicated.com\/wp-content\/uploads\/2022\/10\/Head-in-Stars_bronze_off_softicated.webp\" \/>\n\t<meta property=\"og:image:width\" content=\"1800\" \/>\n\t<meta property=\"og:image:height\" content=\"1300\" \/>\n\t<meta property=\"og:image:type\" content=\"image\/webp\" \/>\n<meta name=\"twitter:card\" content=\"summary_large_image\" \/>\n<script type=\"application\/ld+json\" class=\"yoast-schema-graph\">{\"@context\":\"https:\/\/schema.org\",\"@graph\":[{\"@type\":\"WebPage\",\"@id\":\"https:\/\/softicated.com\/produit\/head-in-stars-bronze\/\",\"url\":\"https:\/\/softicated.com\/produit\/head-in-stars-bronze\/\",\"name\":\"Lampe de table design - Head in Stars Bronze - Softicated\",\"isPartOf\":{\"@id\":\"https:\/\/softicated.com\/#website\"},\"primaryImageOfPage\":{\"@id\":\"https:\/\/softicated.com\/produit\/head-in-stars-bronze\/#primaryimage\"},\"image\":{\"@id\":\"https:\/\/softicated.com\/produit\/head-in-stars-bronze\/#primaryimage\"},\"thumbnailUrl\":\"https:\/\/softicated.com\/wp-content\/uploads\/2022\/10\/Head-in-Stars_bronze_off_softicated.webp\",\"datePublished\":\"2022-10-18T14:46:09+00:00\",\"dateModified\":\"2026-03-11T11:30:04+00:00\",\"description\":\"L\u2019inspiration de cette lampe de table Head in Stars est double: la fus\u00e9e (de Tintin) pour la base et le phare maritime pour la partie \u00e9clairante.\",\"breadcrumb\":{\"@id\":\"https:\/\/softicated.com\/produit\/head-in-stars-bronze\/#breadcrumb\"},\"inLanguage\":\"de-CH\",\"potentialAction\":[{\"@type\":\"ReadAction\",\"target\":[\"https:\/\/softicated.com\/produit\/head-in-stars-bronze\/\"]}]},{\"@type\":\"ImageObject\",\"inLanguage\":\"de-CH\",\"@id\":\"https:\/\/softicated.com\/produit\/head-in-stars-bronze\/#primaryimage\",\"url\":\"https:\/\/softicated.com\/wp-content\/uploads\/2022\/10\/Head-in-Stars_bronze_off_softicated.webp\",\"contentUrl\":\"https:\/\/softicated.com\/wp-content\/uploads\/2022\/10\/Head-in-Stars_bronze_off_softicated.webp\",\"width\":1800,\"height\":1300,\"caption\":\"Head in Stars - Bronze Main\"},{\"@type\":\"BreadcrumbList\",\"@id\":\"https:\/\/softicated.com\/produit\/head-in-stars-bronze\/#breadcrumb\",\"itemListElement\":[{\"@type\":\"ListItem\",\"position\":1,\"name\":\"Accueil\",\"item\":\"https:\/\/softicated.com\/\"},{\"@type\":\"ListItem\",\"position\":2,\"name\":\"Produits Mobilier Premium Softicated\",\"item\":\"https:\/\/softicated.com\/produits\/\"},{\"@type\":\"ListItem\",\"position\":3,\"name\":\"Luminaire Design\",\"item\":\"https:\/\/softicated.com\/categorie-produit\/luminaire\/\"},{\"@type\":\"ListItem\",\"position\":4,\"name\":\"Lampe de table design\",\"item\":\"https:\/\/softicated.com\/categorie-produit\/luminaire\/lampe-de-table\/\"},{\"@type\":\"ListItem\",\"position\":5,\"name\":\"Head in Stars Bronze\"}]},{\"@type\":\"WebSite\",\"@id\":\"https:\/\/softicated.com\/#website\",\"url\":\"https:\/\/softicated.com\/\",\"name\":\"Softicated\",\"description\":\"Cr\u00e9ateur de meubles, luminaires et tapis premium\",\"publisher\":{\"@id\":\"https:\/\/softicated.com\/#organization\"},\"potentialAction\":[{\"@type\":\"SearchAction\",\"target\":{\"@type\":\"EntryPoint\",\"urlTemplate\":\"https:\/\/softicated.com\/?s={search_term_string}\"},\"query-input\":{\"@type\":\"PropertyValueSpecification\",\"valueRequired\":true,\"valueName\":\"search_term_string\"}}],\"inLanguage\":\"de-CH\"},{\"@type\":\"Organization\",\"@id\":\"https:\/\/softicated.com\/#organization\",\"name\":\"Softicated\",\"url\":\"https:\/\/softicated.com\/\",\"logo\":{\"@type\":\"ImageObject\",\"inLanguage\":\"de-CH\",\"@id\":\"https:\/\/softicated.com\/#\/schema\/logo\/image\/\",\"url\":\"https:\/\/softicated.com\/wp-content\/uploads\/2025\/11\/logo-dark-2.svg\",\"contentUrl\":\"https:\/\/softicated.com\/wp-content\/uploads\/2025\/11\/logo-dark-2.svg\",\"caption\":\"Softicated\"},\"image\":{\"@id\":\"https:\/\/softicated.com\/#\/schema\/logo\/image\/\"},\"sameAs\":[\"https:\/\/www.facebook.com\/Softicated\",\"https:\/\/www.pinterest.com\/softicateddesign\",\"https:\/\/www.instagram.com\/softicated.design\"]}]}<\/script>\n<!-- \/ Yoast SEO Premium plugin. -->","yoast_head_json":{"title":"Design-Tischlampe - Head in Stars Bronze - Softicated","description":"Die Inspiration f\u00fcr diese Tischlampe \u201eHead in Stars\u201c ist zweifach: die Rakete (aus Tim und Struppi) f\u00fcr den Sockel und der maritime Leuchtturm f\u00fcr den leuchtenden Teil.","robots":{"index":"index","follow":"follow","max-snippet":"max-snippet:-1","max-image-preview":"max-image-preview:large","max-video-preview":"max-video-preview:-1"},"canonical":"https:\/\/softicated.com\/de\/produit\/head-in-stars-bronze\/","og_locale":"de_DE","og_type":"article","og_title":"Lampe de table design - Head in Stars Bronze","og_description":"L\u2019inspiration de cette lampe de table Head in Stars est double: la fus\u00e9e (de Tintin) pour la base et le phare maritime pour la partie \u00e9clairante.","og_url":"https:\/\/softicated.com\/de\/produit\/head-in-stars-bronze\/","og_site_name":"Softicated","article_publisher":"https:\/\/www.facebook.com\/Softicated","article_modified_time":"2026-03-11T11:30:04+00:00","og_image":[{"width":1800,"height":1300,"url":"https:\/\/softicated.com\/wp-content\/uploads\/2022\/10\/Head-in-Stars_bronze_off_softicated.webp","type":"image\/webp"}],"twitter_card":"summary_large_image","schema":{"@context":"https:\/\/schema.org","@graph":[{"@type":"WebPage","@id":"https:\/\/softicated.com\/produit\/head-in-stars-bronze\/","url":"https:\/\/softicated.com\/produit\/head-in-stars-bronze\/","name":"Design-Tischlampe - Head in Stars Bronze - Softicated","isPartOf":{"@id":"https:\/\/softicated.com\/#website"},"primaryImageOfPage":{"@id":"https:\/\/softicated.com\/produit\/head-in-stars-bronze\/#primaryimage"},"image":{"@id":"https:\/\/softicated.com\/produit\/head-in-stars-bronze\/#primaryimage"},"thumbnailUrl":"https:\/\/softicated.com\/wp-content\/uploads\/2022\/10\/Head-in-Stars_bronze_off_softicated.webp","datePublished":"2022-10-18T14:46:09+00:00","dateModified":"2026-03-11T11:30:04+00:00","description":"Die Inspiration f\u00fcr diese Tischlampe \u201eHead in Stars\u201c ist zweifach: die Rakete (aus Tim und Struppi) f\u00fcr den Sockel und der maritime Leuchtturm f\u00fcr den leuchtenden Teil.","breadcrumb":{"@id":"https:\/\/softicated.com\/produit\/head-in-stars-bronze\/#breadcrumb"},"inLanguage":"de-CH","potentialAction":[{"@type":"ReadAction","target":["https:\/\/softicated.com\/produit\/head-in-stars-bronze\/"]}]},{"@type":"ImageObject","inLanguage":"de-CH","@id":"https:\/\/softicated.com\/produit\/head-in-stars-bronze\/#primaryimage","url":"https:\/\/softicated.com\/wp-content\/uploads\/2022\/10\/Head-in-Stars_bronze_off_softicated.webp","contentUrl":"https:\/\/softicated.com\/wp-content\/uploads\/2022\/10\/Head-in-Stars_bronze_off_softicated.webp","width":1800,"height":1300,"caption":"Head in Stars - Bronze Main"},{"@type":"BreadcrumbList","@id":"https:\/\/softicated.com\/produit\/head-in-stars-bronze\/#breadcrumb","itemListElement":[{"@type":"ListItem","position":1,"name":"Accueil","item":"https:\/\/softicated.com\/"},{"@type":"ListItem","position":2,"name":"Produits Mobilier Premium Softicated","item":"https:\/\/softicated.com\/produits\/"},{"@type":"ListItem","position":3,"name":"Luminaire Design","item":"https:\/\/softicated.com\/categorie-produit\/luminaire\/"},{"@type":"ListItem","position":4,"name":"Lampe de table design","item":"https:\/\/softicated.com\/categorie-produit\/luminaire\/lampe-de-table\/"},{"@type":"ListItem","position":5,"name":"Head in Stars Bronze"}]},{"@type":"WebSite","@id":"https:\/\/softicated.com\/#website","url":"https:\/\/softicated.com\/","name":"Softicated","description":"Sch\u00f6pfer hochwertiger M\u00f6bel, Leuchten und Teppiche","publisher":{"@id":"https:\/\/softicated.com\/#organization"},"potentialAction":[{"@type":"SearchAction","target":{"@type":"EntryPoint","urlTemplate":"https:\/\/softicated.com\/?s={search_term_string}"},"query-input":{"@type":"PropertyValueSpecification","valueRequired":true,"valueName":"search_term_string"}}],"inLanguage":"de-CH"},{"@type":"Organization","@id":"https:\/\/softicated.com\/#organization","name":"Softicated","url":"https:\/\/softicated.com\/","logo":{"@type":"ImageObject","inLanguage":"de-CH","@id":"https:\/\/softicated.com\/#\/schema\/logo\/image\/","url":"https:\/\/softicated.com\/wp-content\/uploads\/2025\/11\/logo-dark-2.svg","contentUrl":"https:\/\/softicated.com\/wp-content\/uploads\/2025\/11\/logo-dark-2.svg","caption":"Softicated"},"image":{"@id":"https:\/\/softicated.com\/#\/schema\/logo\/image\/"},"sameAs":["https:\/\/www.facebook.com\/Softicated","https:\/\/www.pinterest.com\/softicateddesign","https:\/\/www.instagram.com\/softicated.design"]}]}},"_links":{"self":[{"href":"https:\/\/softicated.com\/de\/wp-json\/wp\/v2\/product\/8661","targetHints":{"allow":["GET"]}}],"collection":[{"href":"https:\/\/softicated.com\/de\/wp-json\/wp\/v2\/product"}],"about":[{"href":"https:\/\/softicated.com\/de\/wp-json\/wp\/v2\/types\/product"}],"replies":[{"embeddable":true,"href":"https:\/\/softicated.com\/de\/wp-json\/wp\/v2\/comments?post=8661"}],"wp:featuredmedia":[{"embeddable":true,"href":"https:\/\/softicated.com\/de\/wp-json\/wp\/v2\/media\/12349"}],"wp:attachment":[{"href":"https:\/\/softicated.com\/de\/wp-json\/wp\/v2\/media?parent=8661"}],"wp:term":[{"taxonomy":"product_brand","embeddable":true,"href":"https:\/\/softicated.com\/de\/wp-json\/wp\/v2\/product_brand?post=8661"},{"taxonomy":"product_cat","embeddable":true,"href":"https:\/\/softicated.com\/de\/wp-json\/wp\/v2\/product_cat?post=8661"},{"taxonomy":"product_tag","embeddable":true,"href":"https:\/\/softicated.com\/de\/wp-json\/wp\/v2\/product_tag?post=8661"},{"taxonomy":"collections","embeddable":true,"href":"https:\/\/softicated.com\/de\/wp-json\/wp\/v2\/collections?post=8661"},{"taxonomy":"awards","embeddable":true,"href":"https:\/\/softicated.com\/de\/wp-json\/wp\/v2\/awards?post=8661"},{"taxonomy":"by_color","embeddable":true,"href":"https:\/\/softicated.com\/de\/wp-json\/wp\/v2\/by_color?post=8661"},{"taxonomy":"by_style","embeddable":true,"href":"https:\/\/softicated.com\/de\/wp-json\/wp\/v2\/by_style?post=8661"}],"curies":[{"name":"wp","href":"https:\/\/api.w.org\/{rel}","templated":true}]}}