{"id":7711,"date":"2022-09-23T11:08:25","date_gmt":"2022-09-23T09:08:25","guid":{"rendered":"https:\/\/softicated.com\/?post_type=product&#038;p=7711"},"modified":"2026-03-24T05:35:04","modified_gmt":"2026-03-24T04:35:04","slug":"tabouret-design-turquoise-softicated","status":"publish","type":"product","link":"https:\/\/softicated.com\/de\/produit\/tabouret-design-turquoise-softicated\/","title":{"rendered":"Designerhocker in Turkis"},"content":{"rendered":"<p>T\u00fcrkis vereint die Sanftheit von Blau mit der Energie von Gr\u00fcn. Dieser vielseitige Farbton stellt eine direkte Verbindung zur Natur her, mit seinen maritimen Akzenten, der Ruhe tropischer Lagunen und der Eleganz kostbarer Edelsteine. Sein lebhafter Ton l\u00e4dt zur Entspannung ein und verbreitet gleichzeitig positive Energie, wodurch eine Atmosph\u00e4re entsteht, die in der Innenraumgestaltung sowohl beruhigend als auch belebend wirkt.<\/p>\n<p>In dieser t\u00fcrkisen Variante erfindet sich unser ikonischer Signet-Ring-Hocker mit einer modernen Note neu, gepr\u00e4gt von seiner frischen und lebendigen Farbe. Die Leuchtkraft dieses Farbtons hebt seine flie\u00dfenden Kurven und sein klares Design hervor, w\u00e4hrend die gl\u00e4nzende Oberfl\u00e4che das Licht elegant einf\u00e4ngt und reflektiert.<\/p>\n<p>Ob als Akzent oder als zentraler Blickfang verwendet, erhellt T\u00fcrkis die R\u00e4ume mit seinem einzigartigen Charme. Es schafft beruhigende oder dynamische Stimmungen, je nach gew\u00e4hlter Kombination. In Wohnr\u00e4umen bringt T\u00fcrkis Frische, Emotionen und ein Gef\u00fchl von Fernweh \u2013 eine mutige Wahl, die sich lohnt!<\/p>\n<p>Der t\u00fcrkise Hocker ist zwar gewagt, bleibt aber gleichzeitig lebendig und beruhigend. Er zeichnet sich durch seine F\u00e4higkeit aus, ein Interieur zu beleben und gleichzeitig eine leichte und harmonische Atmosph\u00e4re zu schaffen. Dieser einzigartige Farbton verleiht unserem Hocker eine leuchtende und originelle Ausstrahlung, ideal, um Wohn- oder Arbeitsr\u00e4ume zu bereichern. Der t\u00fcrkise Hocker tr\u00e4gt dazu bei, warme, harmonische, fr\u00f6hliche oder lebendige Stimmungen zu schaffen.<\/p>\n<p>Die Wahl des t\u00fcrkisen Hockers bedeutet, sich f\u00fcr eine Farbe zu entscheiden, die die Sinne weckt und Ihre R\u00e4ume erhellt. Ob als Hauptfarbe oder in dezenten Akzenten eingesetzt, verwandelt dieses M\u00f6belst\u00fcck jedes Interieur in einen lebendigen, charmanten und eleganten Raum.<\/p>","protected":false},"excerpt":{"rendered":"<p>Le turquoise allie la douceur du bleu et l\u2019\u00e9nergie du vert. Cette teinte polyvalente \u00e9voque une connexion directe avec la nature avec ses accents marins, la s\u00e9r\u00e9nit\u00e9 des lagons tropicaux et l\u2019\u00e9l\u00e9gance des pierres pr\u00e9cieuses. Sa teinte vibrante invite \u00e0 la d\u00e9tente tout en insufflant une \u00e9nergie positive, cr\u00e9ant une atmosph\u00e8re \u00e0 la fois apaisante [&hellip;]<\/p>","protected":false},"featured_media":13472,"comment_status":"closed","ping_status":"closed","template":"","meta":{"_acf_changed":false},"product_brand":[],"product_cat":[93],"product_tag":[],"collections":[181],"awards":[146,147,136,166,167],"by_color":[],"class_list":{"0":"post-7711","1":"product","2":"type-product","3":"status-publish","4":"has-post-thumbnail","6":"product_cat-tabouret-design-softicated","7":"product_shipping_class-mobilier-signet-ring","8":"collections-tabouret-design-softicated","9":"awards-big-see-awards-2023-softicated-signet-ring","10":"awards-iconic-award-2023-softicated-signet-ring","11":"awards-ida-design-award-honorable-mention-2022","12":"awards-luxury-lifestyle-awards-2024","13":"awards-archiproducts-2024-longlisted-product","15":"first","16":"instock","17":"shipping-taxable","18":"purchasable","19":"product-type-simple"},"acf":[],"yoast_head":"<!-- This site is optimized with the Yoast SEO Premium plugin v25.7.1 (Yoast SEO v26.9) - https:\/\/yoast.com\/product\/yoast-seo-premium-wordpress\/ -->\n<title>Tabouret design Turquoise - Softicated<\/title>\n<meta name=\"description\" content=\"Dans cette version turquoise, notre tabouret iconique Signet Ring turquoise se r\u00e9invente avec modernit\u00e9 avec sa couleur vibrante et rafra\u00eechissante.\" \/>\n<meta name=\"robots\" content=\"index, follow, max-snippet:-1, max-image-preview:large, max-video-preview:-1\" \/>\n<link rel=\"canonical\" href=\"https:\/\/softicated.com\/de\/produit\/tabouret-design-turquoise-softicated\/\" \/>\n<meta property=\"og:locale\" content=\"de_DE\" \/>\n<meta property=\"og:type\" content=\"article\" \/>\n<meta property=\"og:title\" content=\"Tabouret design Turquoise\" \/>\n<meta property=\"og:description\" content=\"Dans cette version turquoise, notre tabouret iconique Signet Ring turquoise se r\u00e9invente avec modernit\u00e9 avec sa couleur vibrante et rafra\u00eechissante.\" \/>\n<meta property=\"og:url\" content=\"https:\/\/softicated.com\/de\/produit\/tabouret-design-turquoise-softicated\/\" \/>\n<meta property=\"og:site_name\" content=\"Softicated\" \/>\n<meta property=\"article:publisher\" content=\"https:\/\/www.facebook.com\/Softicated\" \/>\n<meta property=\"article:modified_time\" content=\"2026-03-24T04:35:04+00:00\" \/>\n<meta property=\"og:image\" content=\"https:\/\/softicated.com\/wp-content\/uploads\/2022\/09\/Turquoise.png\" \/>\n\t<meta property=\"og:image:width\" content=\"350\" \/>\n\t<meta property=\"og:image:height\" content=\"350\" \/>\n\t<meta property=\"og:image:type\" content=\"image\/png\" \/>\n<meta name=\"twitter:card\" content=\"summary_large_image\" \/>\n<script type=\"application\/ld+json\" class=\"yoast-schema-graph\">{\"@context\":\"https:\/\/schema.org\",\"@graph\":[{\"@type\":\"WebPage\",\"@id\":\"https:\/\/softicated.com\/produit\/tabouret-design-turquoise-softicated\/\",\"url\":\"https:\/\/softicated.com\/produit\/tabouret-design-turquoise-softicated\/\",\"name\":\"Tabouret design Turquoise - Softicated\",\"isPartOf\":{\"@id\":\"https:\/\/softicated.com\/#website\"},\"primaryImageOfPage\":{\"@id\":\"https:\/\/softicated.com\/produit\/tabouret-design-turquoise-softicated\/#primaryimage\"},\"image\":{\"@id\":\"https:\/\/softicated.com\/produit\/tabouret-design-turquoise-softicated\/#primaryimage\"},\"thumbnailUrl\":\"https:\/\/softicated.com\/wp-content\/uploads\/2022\/09\/Turquoise.png\",\"datePublished\":\"2022-09-23T09:08:25+00:00\",\"dateModified\":\"2026-03-24T04:35:04+00:00\",\"description\":\"Dans cette version turquoise, notre tabouret iconique Signet Ring turquoise se r\u00e9invente avec modernit\u00e9 avec sa couleur vibrante et rafra\u00eechissante.\",\"breadcrumb\":{\"@id\":\"https:\/\/softicated.com\/produit\/tabouret-design-turquoise-softicated\/#breadcrumb\"},\"inLanguage\":\"de-CH\",\"potentialAction\":[{\"@type\":\"ReadAction\",\"target\":[\"https:\/\/softicated.com\/produit\/tabouret-design-turquoise-softicated\/\"]}]},{\"@type\":\"ImageObject\",\"inLanguage\":\"de-CH\",\"@id\":\"https:\/\/softicated.com\/produit\/tabouret-design-turquoise-softicated\/#primaryimage\",\"url\":\"https:\/\/softicated.com\/wp-content\/uploads\/2022\/09\/Turquoise.png\",\"contentUrl\":\"https:\/\/softicated.com\/wp-content\/uploads\/2022\/09\/Turquoise.png\",\"width\":350,\"height\":350,\"caption\":\"Turquoise\"},{\"@type\":\"BreadcrumbList\",\"@id\":\"https:\/\/softicated.com\/produit\/tabouret-design-turquoise-softicated\/#breadcrumb\",\"itemListElement\":[{\"@type\":\"ListItem\",\"position\":1,\"name\":\"Accueil\",\"item\":\"https:\/\/softicated.com\/\"},{\"@type\":\"ListItem\",\"position\":2,\"name\":\"Produits Mobilier Premium Softicated\",\"item\":\"https:\/\/softicated.com\/produits\/\"},{\"@type\":\"ListItem\",\"position\":3,\"name\":\"Assise design\",\"item\":\"https:\/\/softicated.com\/categorie-produit\/assises\/\"},{\"@type\":\"ListItem\",\"position\":4,\"name\":\"Tabouret design\",\"item\":\"https:\/\/softicated.com\/categorie-produit\/assises\/tabouret-design-softicated\/\"},{\"@type\":\"ListItem\",\"position\":5,\"name\":\"Tabouret design turquoise\"}]},{\"@type\":\"WebSite\",\"@id\":\"https:\/\/softicated.com\/#website\",\"url\":\"https:\/\/softicated.com\/\",\"name\":\"Softicated\",\"description\":\"Cr\u00e9ateur de meubles, luminaires et tapis premium\",\"publisher\":{\"@id\":\"https:\/\/softicated.com\/#organization\"},\"potentialAction\":[{\"@type\":\"SearchAction\",\"target\":{\"@type\":\"EntryPoint\",\"urlTemplate\":\"https:\/\/softicated.com\/?s={search_term_string}\"},\"query-input\":{\"@type\":\"PropertyValueSpecification\",\"valueRequired\":true,\"valueName\":\"search_term_string\"}}],\"inLanguage\":\"de-CH\"},{\"@type\":\"Organization\",\"@id\":\"https:\/\/softicated.com\/#organization\",\"name\":\"Softicated\",\"url\":\"https:\/\/softicated.com\/\",\"logo\":{\"@type\":\"ImageObject\",\"inLanguage\":\"de-CH\",\"@id\":\"https:\/\/softicated.com\/#\/schema\/logo\/image\/\",\"url\":\"https:\/\/softicated.com\/wp-content\/uploads\/2025\/11\/logo-dark-2.svg\",\"contentUrl\":\"https:\/\/softicated.com\/wp-content\/uploads\/2025\/11\/logo-dark-2.svg\",\"caption\":\"Softicated\"},\"image\":{\"@id\":\"https:\/\/softicated.com\/#\/schema\/logo\/image\/\"},\"sameAs\":[\"https:\/\/www.facebook.com\/Softicated\",\"https:\/\/www.pinterest.com\/softicateddesign\",\"https:\/\/www.instagram.com\/softicated.design\"]}]}<\/script>\n<!-- \/ Yoast SEO Premium plugin. -->","yoast_head_json":{"title":"Designerhocker in Turquoise - Softicated","description":"Dans cette version turquoise, notre tabouret iconique Signet Ring turquoise se r\u00e9invente avec modernit\u00e9 avec sa couleur vibrante et rafra\u00eechissante.","robots":{"index":"index","follow":"follow","max-snippet":"max-snippet:-1","max-image-preview":"max-image-preview:large","max-video-preview":"max-video-preview:-1"},"canonical":"https:\/\/softicated.com\/de\/produit\/tabouret-design-turquoise-softicated\/","og_locale":"de_DE","og_type":"article","og_title":"Tabouret design Turquoise","og_description":"Dans cette version turquoise, notre tabouret iconique Signet Ring turquoise se r\u00e9invente avec modernit\u00e9 avec sa couleur vibrante et rafra\u00eechissante.","og_url":"https:\/\/softicated.com\/de\/produit\/tabouret-design-turquoise-softicated\/","og_site_name":"Softicated","article_publisher":"https:\/\/www.facebook.com\/Softicated","article_modified_time":"2026-03-24T04:35:04+00:00","og_image":[{"width":350,"height":350,"url":"https:\/\/softicated.com\/wp-content\/uploads\/2022\/09\/Turquoise.png","type":"image\/png"}],"twitter_card":"summary_large_image","schema":{"@context":"https:\/\/schema.org","@graph":[{"@type":"WebPage","@id":"https:\/\/softicated.com\/produit\/tabouret-design-turquoise-softicated\/","url":"https:\/\/softicated.com\/produit\/tabouret-design-turquoise-softicated\/","name":"Designerhocker in Turquoise - Softicated","isPartOf":{"@id":"https:\/\/softicated.com\/#website"},"primaryImageOfPage":{"@id":"https:\/\/softicated.com\/produit\/tabouret-design-turquoise-softicated\/#primaryimage"},"image":{"@id":"https:\/\/softicated.com\/produit\/tabouret-design-turquoise-softicated\/#primaryimage"},"thumbnailUrl":"https:\/\/softicated.com\/wp-content\/uploads\/2022\/09\/Turquoise.png","datePublished":"2022-09-23T09:08:25+00:00","dateModified":"2026-03-24T04:35:04+00:00","description":"Dans cette version turquoise, notre tabouret iconique Signet Ring turquoise se r\u00e9invente avec modernit\u00e9 avec sa couleur vibrante et rafra\u00eechissante.","breadcrumb":{"@id":"https:\/\/softicated.com\/produit\/tabouret-design-turquoise-softicated\/#breadcrumb"},"inLanguage":"de-CH","potentialAction":[{"@type":"ReadAction","target":["https:\/\/softicated.com\/produit\/tabouret-design-turquoise-softicated\/"]}]},{"@type":"ImageObject","inLanguage":"de-CH","@id":"https:\/\/softicated.com\/produit\/tabouret-design-turquoise-softicated\/#primaryimage","url":"https:\/\/softicated.com\/wp-content\/uploads\/2022\/09\/Turquoise.png","contentUrl":"https:\/\/softicated.com\/wp-content\/uploads\/2022\/09\/Turquoise.png","width":350,"height":350,"caption":"Turquoise"},{"@type":"BreadcrumbList","@id":"https:\/\/softicated.com\/produit\/tabouret-design-turquoise-softicated\/#breadcrumb","itemListElement":[{"@type":"ListItem","position":1,"name":"Accueil","item":"https:\/\/softicated.com\/"},{"@type":"ListItem","position":2,"name":"Produits Mobilier Premium Softicated","item":"https:\/\/softicated.com\/produits\/"},{"@type":"ListItem","position":3,"name":"Assise design","item":"https:\/\/softicated.com\/categorie-produit\/assises\/"},{"@type":"ListItem","position":4,"name":"Tabouret design","item":"https:\/\/softicated.com\/categorie-produit\/assises\/tabouret-design-softicated\/"},{"@type":"ListItem","position":5,"name":"Tabouret design turquoise"}]},{"@type":"WebSite","@id":"https:\/\/softicated.com\/#website","url":"https:\/\/softicated.com\/","name":"Softicated","description":"Sch\u00f6pfer hochwertiger M\u00f6bel, Leuchten und Teppiche","publisher":{"@id":"https:\/\/softicated.com\/#organization"},"potentialAction":[{"@type":"SearchAction","target":{"@type":"EntryPoint","urlTemplate":"https:\/\/softicated.com\/?s={search_term_string}"},"query-input":{"@type":"PropertyValueSpecification","valueRequired":true,"valueName":"search_term_string"}}],"inLanguage":"de-CH"},{"@type":"Organization","@id":"https:\/\/softicated.com\/#organization","name":"Softicated","url":"https:\/\/softicated.com\/","logo":{"@type":"ImageObject","inLanguage":"de-CH","@id":"https:\/\/softicated.com\/#\/schema\/logo\/image\/","url":"https:\/\/softicated.com\/wp-content\/uploads\/2025\/11\/logo-dark-2.svg","contentUrl":"https:\/\/softicated.com\/wp-content\/uploads\/2025\/11\/logo-dark-2.svg","caption":"Softicated"},"image":{"@id":"https:\/\/softicated.com\/#\/schema\/logo\/image\/"},"sameAs":["https:\/\/www.facebook.com\/Softicated","https:\/\/www.pinterest.com\/softicateddesign","https:\/\/www.instagram.com\/softicated.design"]}]}},"_links":{"self":[{"href":"https:\/\/softicated.com\/de\/wp-json\/wp\/v2\/product\/7711","targetHints":{"allow":["GET"]}}],"collection":[{"href":"https:\/\/softicated.com\/de\/wp-json\/wp\/v2\/product"}],"about":[{"href":"https:\/\/softicated.com\/de\/wp-json\/wp\/v2\/types\/product"}],"replies":[{"embeddable":true,"href":"https:\/\/softicated.com\/de\/wp-json\/wp\/v2\/comments?post=7711"}],"wp:featuredmedia":[{"embeddable":true,"href":"https:\/\/softicated.com\/de\/wp-json\/wp\/v2\/media\/13472"}],"wp:attachment":[{"href":"https:\/\/softicated.com\/de\/wp-json\/wp\/v2\/media?parent=7711"}],"wp:term":[{"taxonomy":"product_brand","embeddable":true,"href":"https:\/\/softicated.com\/de\/wp-json\/wp\/v2\/product_brand?post=7711"},{"taxonomy":"product_cat","embeddable":true,"href":"https:\/\/softicated.com\/de\/wp-json\/wp\/v2\/product_cat?post=7711"},{"taxonomy":"product_tag","embeddable":true,"href":"https:\/\/softicated.com\/de\/wp-json\/wp\/v2\/product_tag?post=7711"},{"taxonomy":"collections","embeddable":true,"href":"https:\/\/softicated.com\/de\/wp-json\/wp\/v2\/collections?post=7711"},{"taxonomy":"awards","embeddable":true,"href":"https:\/\/softicated.com\/de\/wp-json\/wp\/v2\/awards?post=7711"},{"taxonomy":"by_color","embeddable":true,"href":"https:\/\/softicated.com\/de\/wp-json\/wp\/v2\/by_color?post=7711"}],"curies":[{"name":"wp","href":"https:\/\/api.w.org\/{rel}","templated":true}]}}