{"id":7709,"date":"2022-09-23T11:06:50","date_gmt":"2022-09-23T09:06:50","guid":{"rendered":"https:\/\/softicated.com\/?post_type=product&#038;p=7709"},"modified":"2026-03-24T05:37:46","modified_gmt":"2026-03-24T04:37:46","slug":"tabouret-rose-signet-ring","status":"publish","type":"product","link":"https:\/\/softicated.com\/de\/produit\/tabouret-rose-signet-ring\/","title":{"rendered":"Designerhocker in Rosa"},"content":{"rendered":"<p>Rosa ist nicht nur \u00e4sthetisch ansprechend, sondern hat auch eine psychologische Wirkung. Es ist bekannt f\u00fcr seine beruhigenden Eigenschaften und steht f\u00fcr Z\u00e4rtlichkeit und Wohlbefinden. In einem Wohnraum kann Rosa dazu beitragen, eine warme und einladende Atmosph\u00e4re zu schaffen, die Gelassenheit und Entspannung f\u00f6rdert.<\/p>\n<p>Notre tabouret iconique Signet Ring, symbole d\u2019\u00e9quilibre entre sophistication et fonctionnalit\u00e9 incarne l\u2019esprit de notre marque. L\u2019originalit\u00e9 du design de ce tabouret, l\u2019attention port\u00e9e \u00e0 l\u2019esth\u00e9tisme, le confort la praticit\u00e9 associ\u00e9s \u00e0 cette couleur rose lumineuse contribuent \u00e0 cr\u00e9er des ambiances diverses, qu\u2019elles soient chaleureuses, harmonieuses ou joyeuses.<\/p>\n<p>Der strahlend rosa Hocker verleiht jedem Raum eine energiegeladene, moderne und elegante Ausstrahlung. Dieser zarte Farbton wurde sorgf\u00e4ltig gestaltet, um sich harmonisch in moderne und zeitlose Innenr\u00e4ume einzuf\u00fcgen. Perfekt, um einen Raum zu beleben und ihm eine Note von Frische und Eleganz zu verleihen, hebt dieses Rosa den Charakter des Hockers hervor.<\/p>\n<p>Dieser Rosaton bietet die M\u00f6glichkeit, Kreativit\u00e4t und Pers\u00f6nlichkeit auszudr\u00fccken. Ob in einem modernen Wohnzimmer, einem beruhigenden Schlafzimmer oder einem professionellen Raum \u2013 der rosa Signet-Ring-Hocker wird als charakteristisches St\u00fcck \u00fcberzeugen, das die Atmosph\u00e4re mit Eleganz und Einzigartigkeit verwandelt.<\/p>\n<p>Rosa hat sich als \u00e4u\u00dferst vielseitiger Farbton etabliert, der sich mit vielen Farbpaletten kombinieren l\u00e4sst. Obwohl es traditionell mit romantischen oder klassischen Stilen assoziiert wird, setzt Rosa heute auch in zeitgen\u00f6ssischen Dekoren ein mutiges Statement. Es bringt Originalit\u00e4t und Charakter ein und bewahrt dabei eine nat\u00fcrliche Eleganz.<\/p>\n<p>Die Entscheidung f\u00fcr diesen eleganten rosa Hocker in der Dekoration bedeutet, ein M\u00f6belst\u00fcck zu w\u00e4hlen, das einen Innenraum in einen charmanten, ausgewogenen und emotionalen Raum verwandelt. Rosa erweist sich als wertvoller Verb\u00fcndeter f\u00fcr eine einzigartige und inspirierende Einrichtung.<\/p>","protected":false},"excerpt":{"rendered":"<p>Le rose n\u2019est pas seulement esth\u00e9tique ; il a \u00e9galement un impact psychologique. Il est connu pour ses vertus apaisantes, \u00e9voquant tendresse et bien-\u00eatre. Dans un espace de vie, il peut contribuer \u00e0 cr\u00e9er une atmosph\u00e8re chaleureuse et accueillante, favorisant la s\u00e9r\u00e9nit\u00e9 et la d\u00e9tente. Notre tabouret iconique Signet Ring, symbole d\u2019\u00e9quilibre entre sophistication et [&hellip;]<\/p>","protected":false},"featured_media":13475,"comment_status":"closed","ping_status":"closed","template":"","meta":{"_acf_changed":false},"product_brand":[],"product_cat":[93],"product_tag":[],"collections":[181],"awards":[146,147,136,166,167],"by_color":[],"class_list":{"0":"post-7709","1":"product","2":"type-product","3":"status-publish","4":"has-post-thumbnail","6":"product_cat-tabouret-design-softicated","7":"product_shipping_class-mobilier-signet-ring","8":"collections-tabouret-design-softicated","9":"awards-big-see-awards-2023-softicated-signet-ring","10":"awards-iconic-award-2023-softicated-signet-ring","11":"awards-ida-design-award-honorable-mention-2022","12":"awards-luxury-lifestyle-awards-2024","13":"awards-archiproducts-2024-longlisted-product","15":"first","16":"instock","17":"shipping-taxable","18":"purchasable","19":"product-type-simple"},"acf":[],"yoast_head":"<!-- This site is optimized with the Yoast SEO Premium plugin v25.7.1 (Yoast SEO v26.9) - https:\/\/yoast.com\/product\/yoast-seo-premium-wordpress\/ -->\n<title>Tabouret design Rose - Softicated<\/title>\n<meta name=\"description\" content=\"Notre tabouret iconique Signet Ring rose, symbole d\u2019\u00e9quilibre entre sophistication et fonctionnalit\u00e9 incarne l\u2019esprit de notre marque.\" \/>\n<meta name=\"robots\" content=\"index, follow, max-snippet:-1, max-image-preview:large, max-video-preview:-1\" \/>\n<link rel=\"canonical\" href=\"https:\/\/softicated.com\/de\/produit\/tabouret-rose-signet-ring\/\" \/>\n<meta property=\"og:locale\" content=\"de_DE\" \/>\n<meta property=\"og:type\" content=\"article\" \/>\n<meta property=\"og:title\" content=\"Tabouret design Rose\" \/>\n<meta property=\"og:description\" content=\"Notre tabouret iconique Signet Ring rose, symbole d\u2019\u00e9quilibre entre sophistication et fonctionnalit\u00e9 incarne l\u2019esprit de notre marque.\" \/>\n<meta property=\"og:url\" content=\"https:\/\/softicated.com\/de\/produit\/tabouret-rose-signet-ring\/\" \/>\n<meta property=\"og:site_name\" content=\"Softicated\" \/>\n<meta property=\"article:publisher\" content=\"https:\/\/www.facebook.com\/Softicated\" \/>\n<meta property=\"article:modified_time\" content=\"2026-03-24T04:37:46+00:00\" \/>\n<meta property=\"og:image\" content=\"https:\/\/softicated.com\/wp-content\/uploads\/2022\/09\/Rose.png\" \/>\n\t<meta property=\"og:image:width\" content=\"350\" \/>\n\t<meta property=\"og:image:height\" content=\"350\" \/>\n\t<meta property=\"og:image:type\" content=\"image\/png\" \/>\n<meta name=\"twitter:card\" content=\"summary_large_image\" \/>\n<script type=\"application\/ld+json\" class=\"yoast-schema-graph\">{\"@context\":\"https:\/\/schema.org\",\"@graph\":[{\"@type\":\"WebPage\",\"@id\":\"https:\/\/softicated.com\/produit\/tabouret-rose-signet-ring\/\",\"url\":\"https:\/\/softicated.com\/produit\/tabouret-rose-signet-ring\/\",\"name\":\"Tabouret design Rose - Softicated\",\"isPartOf\":{\"@id\":\"https:\/\/softicated.com\/#website\"},\"primaryImageOfPage\":{\"@id\":\"https:\/\/softicated.com\/produit\/tabouret-rose-signet-ring\/#primaryimage\"},\"image\":{\"@id\":\"https:\/\/softicated.com\/produit\/tabouret-rose-signet-ring\/#primaryimage\"},\"thumbnailUrl\":\"https:\/\/softicated.com\/wp-content\/uploads\/2022\/09\/Rose.png\",\"datePublished\":\"2022-09-23T09:06:50+00:00\",\"dateModified\":\"2026-03-24T04:37:46+00:00\",\"description\":\"Notre tabouret iconique Signet Ring rose, symbole d\u2019\u00e9quilibre entre sophistication et fonctionnalit\u00e9 incarne l\u2019esprit de notre marque.\",\"breadcrumb\":{\"@id\":\"https:\/\/softicated.com\/produit\/tabouret-rose-signet-ring\/#breadcrumb\"},\"inLanguage\":\"de-CH\",\"potentialAction\":[{\"@type\":\"ReadAction\",\"target\":[\"https:\/\/softicated.com\/produit\/tabouret-rose-signet-ring\/\"]}]},{\"@type\":\"ImageObject\",\"inLanguage\":\"de-CH\",\"@id\":\"https:\/\/softicated.com\/produit\/tabouret-rose-signet-ring\/#primaryimage\",\"url\":\"https:\/\/softicated.com\/wp-content\/uploads\/2022\/09\/Rose.png\",\"contentUrl\":\"https:\/\/softicated.com\/wp-content\/uploads\/2022\/09\/Rose.png\",\"width\":350,\"height\":350,\"caption\":\"Rose\"},{\"@type\":\"BreadcrumbList\",\"@id\":\"https:\/\/softicated.com\/produit\/tabouret-rose-signet-ring\/#breadcrumb\",\"itemListElement\":[{\"@type\":\"ListItem\",\"position\":1,\"name\":\"Accueil\",\"item\":\"https:\/\/softicated.com\/\"},{\"@type\":\"ListItem\",\"position\":2,\"name\":\"Produits Mobilier Premium Softicated\",\"item\":\"https:\/\/softicated.com\/produits\/\"},{\"@type\":\"ListItem\",\"position\":3,\"name\":\"Assise design\",\"item\":\"https:\/\/softicated.com\/categorie-produit\/assises\/\"},{\"@type\":\"ListItem\",\"position\":4,\"name\":\"Tabouret design\",\"item\":\"https:\/\/softicated.com\/categorie-produit\/assises\/tabouret-design-softicated\/\"},{\"@type\":\"ListItem\",\"position\":5,\"name\":\"Tabouret Design rose\"}]},{\"@type\":\"WebSite\",\"@id\":\"https:\/\/softicated.com\/#website\",\"url\":\"https:\/\/softicated.com\/\",\"name\":\"Softicated\",\"description\":\"Cr\u00e9ateur de meubles, luminaires et tapis premium\",\"publisher\":{\"@id\":\"https:\/\/softicated.com\/#organization\"},\"potentialAction\":[{\"@type\":\"SearchAction\",\"target\":{\"@type\":\"EntryPoint\",\"urlTemplate\":\"https:\/\/softicated.com\/?s={search_term_string}\"},\"query-input\":{\"@type\":\"PropertyValueSpecification\",\"valueRequired\":true,\"valueName\":\"search_term_string\"}}],\"inLanguage\":\"de-CH\"},{\"@type\":\"Organization\",\"@id\":\"https:\/\/softicated.com\/#organization\",\"name\":\"Softicated\",\"url\":\"https:\/\/softicated.com\/\",\"logo\":{\"@type\":\"ImageObject\",\"inLanguage\":\"de-CH\",\"@id\":\"https:\/\/softicated.com\/#\/schema\/logo\/image\/\",\"url\":\"https:\/\/softicated.com\/wp-content\/uploads\/2025\/11\/logo-dark-2.svg\",\"contentUrl\":\"https:\/\/softicated.com\/wp-content\/uploads\/2025\/11\/logo-dark-2.svg\",\"caption\":\"Softicated\"},\"image\":{\"@id\":\"https:\/\/softicated.com\/#\/schema\/logo\/image\/\"},\"sameAs\":[\"https:\/\/www.facebook.com\/Softicated\",\"https:\/\/www.pinterest.com\/softicateddesign\",\"https:\/\/www.instagram.com\/softicated.design\"]}]}<\/script>\n<!-- \/ Yoast SEO Premium plugin. -->","yoast_head_json":{"title":"Designerhocker in Rosa - Softicated","description":"Notre tabouret iconique Signet Ring rose, symbole d\u2019\u00e9quilibre entre sophistication et fonctionnalit\u00e9 incarne l\u2019esprit de notre marque.","robots":{"index":"index","follow":"follow","max-snippet":"max-snippet:-1","max-image-preview":"max-image-preview:large","max-video-preview":"max-video-preview:-1"},"canonical":"https:\/\/softicated.com\/de\/produit\/tabouret-rose-signet-ring\/","og_locale":"de_DE","og_type":"article","og_title":"Tabouret design Rose","og_description":"Notre tabouret iconique Signet Ring rose, symbole d\u2019\u00e9quilibre entre sophistication et fonctionnalit\u00e9 incarne l\u2019esprit de notre marque.","og_url":"https:\/\/softicated.com\/de\/produit\/tabouret-rose-signet-ring\/","og_site_name":"Softicated","article_publisher":"https:\/\/www.facebook.com\/Softicated","article_modified_time":"2026-03-24T04:37:46+00:00","og_image":[{"width":350,"height":350,"url":"https:\/\/softicated.com\/wp-content\/uploads\/2022\/09\/Rose.png","type":"image\/png"}],"twitter_card":"summary_large_image","schema":{"@context":"https:\/\/schema.org","@graph":[{"@type":"WebPage","@id":"https:\/\/softicated.com\/produit\/tabouret-rose-signet-ring\/","url":"https:\/\/softicated.com\/produit\/tabouret-rose-signet-ring\/","name":"Designerhocker in Rosa - Softicated","isPartOf":{"@id":"https:\/\/softicated.com\/#website"},"primaryImageOfPage":{"@id":"https:\/\/softicated.com\/produit\/tabouret-rose-signet-ring\/#primaryimage"},"image":{"@id":"https:\/\/softicated.com\/produit\/tabouret-rose-signet-ring\/#primaryimage"},"thumbnailUrl":"https:\/\/softicated.com\/wp-content\/uploads\/2022\/09\/Rose.png","datePublished":"2022-09-23T09:06:50+00:00","dateModified":"2026-03-24T04:37:46+00:00","description":"Notre tabouret iconique Signet Ring rose, symbole d\u2019\u00e9quilibre entre sophistication et fonctionnalit\u00e9 incarne l\u2019esprit de notre marque.","breadcrumb":{"@id":"https:\/\/softicated.com\/produit\/tabouret-rose-signet-ring\/#breadcrumb"},"inLanguage":"de-CH","potentialAction":[{"@type":"ReadAction","target":["https:\/\/softicated.com\/produit\/tabouret-rose-signet-ring\/"]}]},{"@type":"ImageObject","inLanguage":"de-CH","@id":"https:\/\/softicated.com\/produit\/tabouret-rose-signet-ring\/#primaryimage","url":"https:\/\/softicated.com\/wp-content\/uploads\/2022\/09\/Rose.png","contentUrl":"https:\/\/softicated.com\/wp-content\/uploads\/2022\/09\/Rose.png","width":350,"height":350,"caption":"Rose"},{"@type":"BreadcrumbList","@id":"https:\/\/softicated.com\/produit\/tabouret-rose-signet-ring\/#breadcrumb","itemListElement":[{"@type":"ListItem","position":1,"name":"Accueil","item":"https:\/\/softicated.com\/"},{"@type":"ListItem","position":2,"name":"Produits Mobilier Premium Softicated","item":"https:\/\/softicated.com\/produits\/"},{"@type":"ListItem","position":3,"name":"Assise design","item":"https:\/\/softicated.com\/categorie-produit\/assises\/"},{"@type":"ListItem","position":4,"name":"Tabouret design","item":"https:\/\/softicated.com\/categorie-produit\/assises\/tabouret-design-softicated\/"},{"@type":"ListItem","position":5,"name":"Tabouret Design rose"}]},{"@type":"WebSite","@id":"https:\/\/softicated.com\/#website","url":"https:\/\/softicated.com\/","name":"Softicated","description":"Sch\u00f6pfer hochwertiger M\u00f6bel, Leuchten und Teppiche","publisher":{"@id":"https:\/\/softicated.com\/#organization"},"potentialAction":[{"@type":"SearchAction","target":{"@type":"EntryPoint","urlTemplate":"https:\/\/softicated.com\/?s={search_term_string}"},"query-input":{"@type":"PropertyValueSpecification","valueRequired":true,"valueName":"search_term_string"}}],"inLanguage":"de-CH"},{"@type":"Organization","@id":"https:\/\/softicated.com\/#organization","name":"Softicated","url":"https:\/\/softicated.com\/","logo":{"@type":"ImageObject","inLanguage":"de-CH","@id":"https:\/\/softicated.com\/#\/schema\/logo\/image\/","url":"https:\/\/softicated.com\/wp-content\/uploads\/2025\/11\/logo-dark-2.svg","contentUrl":"https:\/\/softicated.com\/wp-content\/uploads\/2025\/11\/logo-dark-2.svg","caption":"Softicated"},"image":{"@id":"https:\/\/softicated.com\/#\/schema\/logo\/image\/"},"sameAs":["https:\/\/www.facebook.com\/Softicated","https:\/\/www.pinterest.com\/softicateddesign","https:\/\/www.instagram.com\/softicated.design"]}]}},"_links":{"self":[{"href":"https:\/\/softicated.com\/de\/wp-json\/wp\/v2\/product\/7709","targetHints":{"allow":["GET"]}}],"collection":[{"href":"https:\/\/softicated.com\/de\/wp-json\/wp\/v2\/product"}],"about":[{"href":"https:\/\/softicated.com\/de\/wp-json\/wp\/v2\/types\/product"}],"replies":[{"embeddable":true,"href":"https:\/\/softicated.com\/de\/wp-json\/wp\/v2\/comments?post=7709"}],"wp:featuredmedia":[{"embeddable":true,"href":"https:\/\/softicated.com\/de\/wp-json\/wp\/v2\/media\/13475"}],"wp:attachment":[{"href":"https:\/\/softicated.com\/de\/wp-json\/wp\/v2\/media?parent=7709"}],"wp:term":[{"taxonomy":"product_brand","embeddable":true,"href":"https:\/\/softicated.com\/de\/wp-json\/wp\/v2\/product_brand?post=7709"},{"taxonomy":"product_cat","embeddable":true,"href":"https:\/\/softicated.com\/de\/wp-json\/wp\/v2\/product_cat?post=7709"},{"taxonomy":"product_tag","embeddable":true,"href":"https:\/\/softicated.com\/de\/wp-json\/wp\/v2\/product_tag?post=7709"},{"taxonomy":"collections","embeddable":true,"href":"https:\/\/softicated.com\/de\/wp-json\/wp\/v2\/collections?post=7709"},{"taxonomy":"awards","embeddable":true,"href":"https:\/\/softicated.com\/de\/wp-json\/wp\/v2\/awards?post=7709"},{"taxonomy":"by_color","embeddable":true,"href":"https:\/\/softicated.com\/de\/wp-json\/wp\/v2\/by_color?post=7709"}],"curies":[{"name":"wp","href":"https:\/\/api.w.org\/{rel}","templated":true}]}}