{"id":7708,"date":"2022-09-23T11:06:14","date_gmt":"2022-09-23T09:06:14","guid":{"rendered":"https:\/\/softicated.com\/?post_type=product&#038;p=7708"},"modified":"2026-03-24T05:35:12","modified_gmt":"2026-03-24T04:35:12","slug":"tabouret-bleu-marine-signet-ring","status":"publish","type":"product","link":"https:\/\/softicated.com\/de\/produit\/tabouret-bleu-marine-signet-ring\/","title":{"rendered":"Designerhocker in Marineblau"},"content":{"rendered":"<p>Marineblau wird oft als beruhigende Farbe wahrgenommen, die Entspannung und Ruhe f\u00f6rdert. Es vermittelt ein Gef\u00fchl von Frieden und Gelassenheit und ist ideal, um in einem Raum eine beruhigende Atmosph\u00e4re zu schaffen.<\/p>\n<p>Der ikonische Signet-Ring-Hocker ist in Marineblau erh\u00e4ltlich, einer \u00e4u\u00dferst eleganten Nuance, die f\u00fcr Ruhe und dezenten Luxus steht. Diese Designikone vereint kraftvollen Charakter mit raffinierter Eleganz und einer klassische Ausstrahlung.<\/p>\n<p>In dieser Konfiguration zeigt unser ikonischer Hocker die ganze Sch\u00f6nheit seiner klaren Linien und ausgewogenen Proportionen. Der tiefe, elegante Marineblauton hebt sein schlichtes Design hervor und verwandelt ihn in ein diskretes, aber wirkungsvolles Herzst\u00fcck.<\/p>\n<p>Der marineblaue Signet-Hocker bleibt nicht unbemerkt; im Gegenteil, er zieht die Aufmerksamkeit auf sich und wird in jedem Raum zum Blickfang. Wie ein Schmuckst\u00fcck, das behutsam in seinem kostbaren Etui liegt, veredelt der Signet Ring Hocker Ihr Interieur und verleiht ihm eine besondere Note von Raffinesse.<\/p>\n<p>Zeitlos und elegant geh\u00f6rt Marineblau zu den beruhigendsten Farben. Es besticht durch seine Vielseitigkeit und bringt Frische und Wohlbefinden in jede Inneneinrichtung. Marineblau ist sowohl klassisch als auch modern, f\u00fcgt sich m\u00fchelos in jede Umgebung ein und ist eine unverzichtbare Wahl in der Innenraumgestaltung.<\/p>\n<p>Der marineblaue Signet Ring Hocker bietet somit eine unendliche Vielfalt an Kombinationsm\u00f6glichkeiten, um verschiedene Atmosph\u00e4ren zu schaffen: gem\u00fctlich, elegant, schick, modern, romantisch und sogar ausdrucksstark und lebendig.<\/p>\n<p>Lassen Sie sich vom marineblauen Hocker verzaubern \u2013 eine Farbe, die gleicherma\u00dfen beruhigend wie ausdrucksstark ist und Ihre R\u00e4ume mit einer modernen und raffinierten Note aufwertet. In dieser marineblauen Variante verk\u00f6rpert unser ikonischer Hocker eine zeitgem\u00e4\u00dfe Designvision, in der sich Schlichtheit und Raffinesse harmonisch verbinden.<\/p>","protected":false},"excerpt":{"rendered":"<p>Souvent per\u00e7u comme une couleur calmante qui favorise la relaxation et le repos, le bleu \u00e9voque une sensation de paix et de s\u00e9r\u00e9nit\u00e9, id\u00e9ale pour cr\u00e9er une atmosph\u00e8re apaisante dans une pi\u00e8ce. Le tabouret iconique Signet Ring se d\u00e9cline en bleu marine, teinte tr\u00e8s \u00e9l\u00e9gante synonyme de calme et de luxe discret donne \u00e0 cet [&hellip;]<\/p>","protected":false},"featured_media":13477,"comment_status":"closed","ping_status":"closed","template":"","meta":{"_acf_changed":false},"product_brand":[],"product_cat":[93],"product_tag":[],"collections":[181],"awards":[146,147,136,166,167],"by_color":[],"class_list":{"0":"post-7708","1":"product","2":"type-product","3":"status-publish","4":"has-post-thumbnail","6":"product_cat-tabouret-design-softicated","7":"product_shipping_class-mobilier-signet-ring","8":"collections-tabouret-design-softicated","9":"awards-big-see-awards-2023-softicated-signet-ring","10":"awards-iconic-award-2023-softicated-signet-ring","11":"awards-ida-design-award-honorable-mention-2022","12":"awards-luxury-lifestyle-awards-2024","13":"awards-archiproducts-2024-longlisted-product","15":"first","16":"instock","17":"shipping-taxable","18":"purchasable","19":"product-type-simple"},"acf":[],"yoast_head":"<!-- This site is optimized with the Yoast SEO Premium plugin v25.7.1 (Yoast SEO v26.9) - https:\/\/yoast.com\/product\/yoast-seo-premium-wordpress\/ -->\n<title>Tabouret design Bleu Marine \u2013 Softicated<\/title>\n<meta name=\"description\" content=\"Le tabouret Signet bleu marine ne passe pas inaper\u00e7u ; au contraire, il capte l&#039;attention et attire le regard dans tout espace o\u00f9 il se trouve.\" \/>\n<meta name=\"robots\" content=\"index, follow, max-snippet:-1, max-image-preview:large, max-video-preview:-1\" \/>\n<link rel=\"canonical\" href=\"https:\/\/softicated.com\/de\/produit\/tabouret-bleu-marine-signet-ring\/\" \/>\n<meta property=\"og:locale\" content=\"de_DE\" \/>\n<meta property=\"og:type\" content=\"article\" \/>\n<meta property=\"og:title\" content=\"Tabouret design Bleu Marine\" \/>\n<meta property=\"og:description\" content=\"Le tabouret Signet bleu marine ne passe pas inaper\u00e7u ; au contraire, il capte l&#039;attention et attire le regard dans tout espace o\u00f9 il se trouve.\" \/>\n<meta property=\"og:url\" content=\"https:\/\/softicated.com\/de\/produit\/tabouret-bleu-marine-signet-ring\/\" \/>\n<meta property=\"og:site_name\" content=\"Softicated\" \/>\n<meta property=\"article:publisher\" content=\"https:\/\/www.facebook.com\/Softicated\" \/>\n<meta property=\"article:modified_time\" content=\"2026-03-24T04:35:12+00:00\" \/>\n<meta property=\"og:image\" content=\"https:\/\/softicated.com\/wp-content\/uploads\/2022\/09\/Bleu-marine.png\" \/>\n\t<meta property=\"og:image:width\" content=\"350\" \/>\n\t<meta property=\"og:image:height\" content=\"350\" \/>\n\t<meta property=\"og:image:type\" content=\"image\/png\" \/>\n<meta name=\"twitter:card\" content=\"summary_large_image\" \/>\n<script type=\"application\/ld+json\" class=\"yoast-schema-graph\">{\"@context\":\"https:\/\/schema.org\",\"@graph\":[{\"@type\":\"WebPage\",\"@id\":\"https:\/\/softicated.com\/produit\/tabouret-bleu-marine-signet-ring\/\",\"url\":\"https:\/\/softicated.com\/produit\/tabouret-bleu-marine-signet-ring\/\",\"name\":\"Tabouret design Bleu Marine \u2013 Softicated\",\"isPartOf\":{\"@id\":\"https:\/\/softicated.com\/#website\"},\"primaryImageOfPage\":{\"@id\":\"https:\/\/softicated.com\/produit\/tabouret-bleu-marine-signet-ring\/#primaryimage\"},\"image\":{\"@id\":\"https:\/\/softicated.com\/produit\/tabouret-bleu-marine-signet-ring\/#primaryimage\"},\"thumbnailUrl\":\"https:\/\/softicated.com\/wp-content\/uploads\/2022\/09\/Bleu-marine.png\",\"datePublished\":\"2022-09-23T09:06:14+00:00\",\"dateModified\":\"2026-03-24T04:35:12+00:00\",\"description\":\"Le tabouret Signet bleu marine ne passe pas inaper\u00e7u ; au contraire, il capte l'attention et attire le regard dans tout espace o\u00f9 il se trouve.\",\"breadcrumb\":{\"@id\":\"https:\/\/softicated.com\/produit\/tabouret-bleu-marine-signet-ring\/#breadcrumb\"},\"inLanguage\":\"de-CH\",\"potentialAction\":[{\"@type\":\"ReadAction\",\"target\":[\"https:\/\/softicated.com\/produit\/tabouret-bleu-marine-signet-ring\/\"]}]},{\"@type\":\"ImageObject\",\"inLanguage\":\"de-CH\",\"@id\":\"https:\/\/softicated.com\/produit\/tabouret-bleu-marine-signet-ring\/#primaryimage\",\"url\":\"https:\/\/softicated.com\/wp-content\/uploads\/2022\/09\/Bleu-marine.png\",\"contentUrl\":\"https:\/\/softicated.com\/wp-content\/uploads\/2022\/09\/Bleu-marine.png\",\"width\":350,\"height\":350,\"caption\":\"Bleu marine\"},{\"@type\":\"BreadcrumbList\",\"@id\":\"https:\/\/softicated.com\/produit\/tabouret-bleu-marine-signet-ring\/#breadcrumb\",\"itemListElement\":[{\"@type\":\"ListItem\",\"position\":1,\"name\":\"Accueil\",\"item\":\"https:\/\/softicated.com\/\"},{\"@type\":\"ListItem\",\"position\":2,\"name\":\"Produits Mobilier Premium Softicated\",\"item\":\"https:\/\/softicated.com\/produits\/\"},{\"@type\":\"ListItem\",\"position\":3,\"name\":\"Assise design\",\"item\":\"https:\/\/softicated.com\/categorie-produit\/assises\/\"},{\"@type\":\"ListItem\",\"position\":4,\"name\":\"Tabouret design\",\"item\":\"https:\/\/softicated.com\/categorie-produit\/assises\/tabouret-design-softicated\/\"},{\"@type\":\"ListItem\",\"position\":5,\"name\":\"Tabouret design Bleu Marine\"}]},{\"@type\":\"WebSite\",\"@id\":\"https:\/\/softicated.com\/#website\",\"url\":\"https:\/\/softicated.com\/\",\"name\":\"Softicated\",\"description\":\"Cr\u00e9ateur de meubles, luminaires et tapis premium\",\"publisher\":{\"@id\":\"https:\/\/softicated.com\/#organization\"},\"potentialAction\":[{\"@type\":\"SearchAction\",\"target\":{\"@type\":\"EntryPoint\",\"urlTemplate\":\"https:\/\/softicated.com\/?s={search_term_string}\"},\"query-input\":{\"@type\":\"PropertyValueSpecification\",\"valueRequired\":true,\"valueName\":\"search_term_string\"}}],\"inLanguage\":\"de-CH\"},{\"@type\":\"Organization\",\"@id\":\"https:\/\/softicated.com\/#organization\",\"name\":\"Softicated\",\"url\":\"https:\/\/softicated.com\/\",\"logo\":{\"@type\":\"ImageObject\",\"inLanguage\":\"de-CH\",\"@id\":\"https:\/\/softicated.com\/#\/schema\/logo\/image\/\",\"url\":\"https:\/\/softicated.com\/wp-content\/uploads\/2025\/11\/logo-dark-2.svg\",\"contentUrl\":\"https:\/\/softicated.com\/wp-content\/uploads\/2025\/11\/logo-dark-2.svg\",\"caption\":\"Softicated\"},\"image\":{\"@id\":\"https:\/\/softicated.com\/#\/schema\/logo\/image\/\"},\"sameAs\":[\"https:\/\/www.facebook.com\/Softicated\",\"https:\/\/www.pinterest.com\/softicateddesign\",\"https:\/\/www.instagram.com\/softicated.design\"]}]}<\/script>\n<!-- \/ Yoast SEO Premium plugin. -->","yoast_head_json":{"title":"Designerhocker in Marineblau \u2013 Softicated","description":"Le tabouret Signet bleu marine ne passe pas inaper\u00e7u ; au contraire, il capte l'attention et attire le regard dans tout espace o\u00f9 il se trouve.","robots":{"index":"index","follow":"follow","max-snippet":"max-snippet:-1","max-image-preview":"max-image-preview:large","max-video-preview":"max-video-preview:-1"},"canonical":"https:\/\/softicated.com\/de\/produit\/tabouret-bleu-marine-signet-ring\/","og_locale":"de_DE","og_type":"article","og_title":"Tabouret design Bleu Marine","og_description":"Le tabouret Signet bleu marine ne passe pas inaper\u00e7u ; au contraire, il capte l'attention et attire le regard dans tout espace o\u00f9 il se trouve.","og_url":"https:\/\/softicated.com\/de\/produit\/tabouret-bleu-marine-signet-ring\/","og_site_name":"Softicated","article_publisher":"https:\/\/www.facebook.com\/Softicated","article_modified_time":"2026-03-24T04:35:12+00:00","og_image":[{"width":350,"height":350,"url":"https:\/\/softicated.com\/wp-content\/uploads\/2022\/09\/Bleu-marine.png","type":"image\/png"}],"twitter_card":"summary_large_image","schema":{"@context":"https:\/\/schema.org","@graph":[{"@type":"WebPage","@id":"https:\/\/softicated.com\/produit\/tabouret-bleu-marine-signet-ring\/","url":"https:\/\/softicated.com\/produit\/tabouret-bleu-marine-signet-ring\/","name":"Designerhocker in Marineblau \u2013 Softicated","isPartOf":{"@id":"https:\/\/softicated.com\/#website"},"primaryImageOfPage":{"@id":"https:\/\/softicated.com\/produit\/tabouret-bleu-marine-signet-ring\/#primaryimage"},"image":{"@id":"https:\/\/softicated.com\/produit\/tabouret-bleu-marine-signet-ring\/#primaryimage"},"thumbnailUrl":"https:\/\/softicated.com\/wp-content\/uploads\/2022\/09\/Bleu-marine.png","datePublished":"2022-09-23T09:06:14+00:00","dateModified":"2026-03-24T04:35:12+00:00","description":"Le tabouret Signet bleu marine ne passe pas inaper\u00e7u ; au contraire, il capte l'attention et attire le regard dans tout espace o\u00f9 il se trouve.","breadcrumb":{"@id":"https:\/\/softicated.com\/produit\/tabouret-bleu-marine-signet-ring\/#breadcrumb"},"inLanguage":"de-CH","potentialAction":[{"@type":"ReadAction","target":["https:\/\/softicated.com\/produit\/tabouret-bleu-marine-signet-ring\/"]}]},{"@type":"ImageObject","inLanguage":"de-CH","@id":"https:\/\/softicated.com\/produit\/tabouret-bleu-marine-signet-ring\/#primaryimage","url":"https:\/\/softicated.com\/wp-content\/uploads\/2022\/09\/Bleu-marine.png","contentUrl":"https:\/\/softicated.com\/wp-content\/uploads\/2022\/09\/Bleu-marine.png","width":350,"height":350,"caption":"Bleu marine"},{"@type":"BreadcrumbList","@id":"https:\/\/softicated.com\/produit\/tabouret-bleu-marine-signet-ring\/#breadcrumb","itemListElement":[{"@type":"ListItem","position":1,"name":"Accueil","item":"https:\/\/softicated.com\/"},{"@type":"ListItem","position":2,"name":"Produits Mobilier Premium Softicated","item":"https:\/\/softicated.com\/produits\/"},{"@type":"ListItem","position":3,"name":"Assise design","item":"https:\/\/softicated.com\/categorie-produit\/assises\/"},{"@type":"ListItem","position":4,"name":"Tabouret design","item":"https:\/\/softicated.com\/categorie-produit\/assises\/tabouret-design-softicated\/"},{"@type":"ListItem","position":5,"name":"Tabouret design Bleu Marine"}]},{"@type":"WebSite","@id":"https:\/\/softicated.com\/#website","url":"https:\/\/softicated.com\/","name":"Softicated","description":"Sch\u00f6pfer hochwertiger M\u00f6bel, Leuchten und Teppiche","publisher":{"@id":"https:\/\/softicated.com\/#organization"},"potentialAction":[{"@type":"SearchAction","target":{"@type":"EntryPoint","urlTemplate":"https:\/\/softicated.com\/?s={search_term_string}"},"query-input":{"@type":"PropertyValueSpecification","valueRequired":true,"valueName":"search_term_string"}}],"inLanguage":"de-CH"},{"@type":"Organization","@id":"https:\/\/softicated.com\/#organization","name":"Softicated","url":"https:\/\/softicated.com\/","logo":{"@type":"ImageObject","inLanguage":"de-CH","@id":"https:\/\/softicated.com\/#\/schema\/logo\/image\/","url":"https:\/\/softicated.com\/wp-content\/uploads\/2025\/11\/logo-dark-2.svg","contentUrl":"https:\/\/softicated.com\/wp-content\/uploads\/2025\/11\/logo-dark-2.svg","caption":"Softicated"},"image":{"@id":"https:\/\/softicated.com\/#\/schema\/logo\/image\/"},"sameAs":["https:\/\/www.facebook.com\/Softicated","https:\/\/www.pinterest.com\/softicateddesign","https:\/\/www.instagram.com\/softicated.design"]}]}},"_links":{"self":[{"href":"https:\/\/softicated.com\/de\/wp-json\/wp\/v2\/product\/7708","targetHints":{"allow":["GET"]}}],"collection":[{"href":"https:\/\/softicated.com\/de\/wp-json\/wp\/v2\/product"}],"about":[{"href":"https:\/\/softicated.com\/de\/wp-json\/wp\/v2\/types\/product"}],"replies":[{"embeddable":true,"href":"https:\/\/softicated.com\/de\/wp-json\/wp\/v2\/comments?post=7708"}],"wp:featuredmedia":[{"embeddable":true,"href":"https:\/\/softicated.com\/de\/wp-json\/wp\/v2\/media\/13477"}],"wp:attachment":[{"href":"https:\/\/softicated.com\/de\/wp-json\/wp\/v2\/media?parent=7708"}],"wp:term":[{"taxonomy":"product_brand","embeddable":true,"href":"https:\/\/softicated.com\/de\/wp-json\/wp\/v2\/product_brand?post=7708"},{"taxonomy":"product_cat","embeddable":true,"href":"https:\/\/softicated.com\/de\/wp-json\/wp\/v2\/product_cat?post=7708"},{"taxonomy":"product_tag","embeddable":true,"href":"https:\/\/softicated.com\/de\/wp-json\/wp\/v2\/product_tag?post=7708"},{"taxonomy":"collections","embeddable":true,"href":"https:\/\/softicated.com\/de\/wp-json\/wp\/v2\/collections?post=7708"},{"taxonomy":"awards","embeddable":true,"href":"https:\/\/softicated.com\/de\/wp-json\/wp\/v2\/awards?post=7708"},{"taxonomy":"by_color","embeddable":true,"href":"https:\/\/softicated.com\/de\/wp-json\/wp\/v2\/by_color?post=7708"}],"curies":[{"name":"wp","href":"https:\/\/api.w.org\/{rel}","templated":true}]}}