{"id":7707,"date":"2022-09-23T11:05:02","date_gmt":"2022-09-23T09:05:02","guid":{"rendered":"https:\/\/softicated.com\/?post_type=product&#038;p=7707"},"modified":"2026-03-24T05:38:07","modified_gmt":"2026-03-24T04:38:07","slug":"tabouret-signet-ring-marron","status":"publish","type":"product","link":"https:\/\/softicated.com\/de\/produit\/tabouret-signet-ring-marron\/","title":{"rendered":"Designerhocker in Braun"},"content":{"rendered":"<p>Braun, die Farbe der Natur und der rohen Elemente, steht f\u00fcr Stabilit\u00e4t und Komfort. Sie verleiht eine warme und einladende Atmosph\u00e4re und bewahrt dabei eine anspruchsvolle Ausstrahlung, die \u00fcber Trends hinausgeht.<\/p>\n<p>Braun in Ihr Interieur zu w\u00e4hlen bedeutet, W\u00e4rme und Authentizit\u00e4t in Ihre Wohnr\u00e4ume zu bringen. Diese Farbe vermittelt stets ein Gef\u00fchl von Ruhe, Geborgenheit und Feinheit.<\/p>\n<p>Der Signet-Ring-Hocker in Braun erinnert an die 1970er Jahre und bringt mit seinen geschwungenen Linien, seinem warmen Farbton und seiner sorgf\u00e4ltigen Verarbeitung einen markanten Vintage-Touch in Ihr Zuhause. Die gl\u00e4nzende Oberfl\u00e4che betont seine eleganten Kurven und verleiht ihm eine visuelle Tiefe, die automatisch die Blicke auf sich zieht.<\/p>\n<p>Dieser Hocker verbindet Sch\u00f6nheit und Funktionalit\u00e4t. Leicht und einfach zu bewegen, bleibt der braune Hocker ausgesprochen praktisch. Er passt sich Ihren Bed\u00fcrfnissen an \u2013 sei es als zus\u00e4tzliche Sitzgelegenheit oder als stilvolles, organisches Element Ihrer Dekoration.<\/p>\n<p>Sein Design, seine Farbgebung, Vielseitigkeit und Funktionalit\u00e4t machen ihn zu einem idealen M\u00f6belst\u00fcck f\u00fcr klassische und vintage-inspirierte Umgebungen sowie f\u00fcr zeitgen\u00f6ssische und anspruchsvolle Interieurs.<\/p>\n<p>In der braunen Ausf\u00fchrung feiert unser einzigartiger Hocker die Zeitlosigkeit und Authentizit\u00e4t. Er wird zu einem unverzichtbaren St\u00fcck f\u00fcr jedes Interieur, das ein Gleichgewicht zwischen Moderne und Tradition sucht. Sein nat\u00fcrlicher Farbton macht ihn zu einem Designobjekt, das Trends mit Eleganz \u00fcberdauert.<\/p>\n<p>In dieser Version wird unser ikonischer Hocker zu einem zeitlosen Herzst\u00fcck. Lassen Sie sich von der Tiefe und W\u00e4rme des Brauntons verf\u00fchren \u2013 eine Farbe, die Ihre R\u00e4ume mit Charakter und Schlichtheit bereichert.<\/p>","protected":false},"excerpt":{"rendered":"<p>Le marron, couleur de la nature et des \u00e9l\u00e9ments bruts, \u00e9voque \u00e0 la fois la stabilit\u00e9 et le confort. Il apporte une ambiance chaleureuse et accueillante, tout en conservant une allure sophistiqu\u00e9e qui transcende les modes. Choisir le marron pour votre int\u00e9rieur, c\u2019est faire entrer la chaleur et l\u2019authenticit\u00e9 dans vos espaces de vie. Cette [&hellip;]<\/p>","protected":false},"featured_media":13478,"comment_status":"closed","ping_status":"closed","template":"","meta":{"_acf_changed":false},"product_brand":[],"product_cat":[93],"product_tag":[],"collections":[181],"awards":[146,147,136,166,167],"by_color":[],"class_list":{"0":"post-7707","1":"product","2":"type-product","3":"status-publish","4":"has-post-thumbnail","6":"product_cat-tabouret-design-softicated","7":"product_shipping_class-mobilier-signet-ring","8":"collections-tabouret-design-softicated","9":"awards-big-see-awards-2023-softicated-signet-ring","10":"awards-iconic-award-2023-softicated-signet-ring","11":"awards-ida-design-award-honorable-mention-2022","12":"awards-luxury-lifestyle-awards-2024","13":"awards-archiproducts-2024-longlisted-product","15":"first","16":"instock","17":"shipping-taxable","18":"purchasable","19":"product-type-simple"},"acf":[],"yoast_head":"<!-- This site is optimized with the Yoast SEO Premium plugin v25.7.1 (Yoast SEO v26.9) - https:\/\/yoast.com\/product\/yoast-seo-premium-wordpress\/ -->\n<title>Tabouret design Marron - Softicated<\/title>\n<meta name=\"description\" content=\"Le tabouret Signet Ring marron \u00e9voque les ann\u00e9es 70, apportant une touche vintage marqu\u00e9e gr\u00e2ce \u00e0 ses courbes, sa teinte chaleureuse et sa finition soign\u00e9e.\" \/>\n<meta name=\"robots\" content=\"index, follow, max-snippet:-1, max-image-preview:large, max-video-preview:-1\" \/>\n<link rel=\"canonical\" href=\"https:\/\/softicated.com\/de\/produit\/tabouret-signet-ring-marron\/\" \/>\n<meta property=\"og:locale\" content=\"de_DE\" \/>\n<meta property=\"og:type\" content=\"article\" \/>\n<meta property=\"og:title\" content=\"Tabouret design Marron\" \/>\n<meta property=\"og:description\" content=\"Le tabouret Signet Ring marron \u00e9voque les ann\u00e9es 70, apportant une touche vintage marqu\u00e9e gr\u00e2ce \u00e0 ses courbes, sa teinte chaleureuse et sa finition soign\u00e9e.\" \/>\n<meta property=\"og:url\" content=\"https:\/\/softicated.com\/de\/produit\/tabouret-signet-ring-marron\/\" \/>\n<meta property=\"og:site_name\" content=\"Softicated\" \/>\n<meta property=\"article:publisher\" content=\"https:\/\/www.facebook.com\/Softicated\" \/>\n<meta property=\"article:modified_time\" content=\"2026-03-24T04:38:07+00:00\" \/>\n<meta property=\"og:image\" content=\"https:\/\/softicated.com\/wp-content\/uploads\/2022\/09\/Marron.png\" \/>\n\t<meta property=\"og:image:width\" content=\"350\" \/>\n\t<meta property=\"og:image:height\" content=\"350\" \/>\n\t<meta property=\"og:image:type\" content=\"image\/png\" \/>\n<meta name=\"twitter:card\" content=\"summary_large_image\" \/>\n<script type=\"application\/ld+json\" class=\"yoast-schema-graph\">{\"@context\":\"https:\/\/schema.org\",\"@graph\":[{\"@type\":\"WebPage\",\"@id\":\"https:\/\/softicated.com\/produit\/tabouret-signet-ring-marron\/\",\"url\":\"https:\/\/softicated.com\/produit\/tabouret-signet-ring-marron\/\",\"name\":\"Tabouret design Marron - Softicated\",\"isPartOf\":{\"@id\":\"https:\/\/softicated.com\/#website\"},\"primaryImageOfPage\":{\"@id\":\"https:\/\/softicated.com\/produit\/tabouret-signet-ring-marron\/#primaryimage\"},\"image\":{\"@id\":\"https:\/\/softicated.com\/produit\/tabouret-signet-ring-marron\/#primaryimage\"},\"thumbnailUrl\":\"https:\/\/softicated.com\/wp-content\/uploads\/2022\/09\/Marron.png\",\"datePublished\":\"2022-09-23T09:05:02+00:00\",\"dateModified\":\"2026-03-24T04:38:07+00:00\",\"description\":\"Le tabouret Signet Ring marron \u00e9voque les ann\u00e9es 70, apportant une touche vintage marqu\u00e9e gr\u00e2ce \u00e0 ses courbes, sa teinte chaleureuse et sa finition soign\u00e9e.\",\"breadcrumb\":{\"@id\":\"https:\/\/softicated.com\/produit\/tabouret-signet-ring-marron\/#breadcrumb\"},\"inLanguage\":\"de-CH\",\"potentialAction\":[{\"@type\":\"ReadAction\",\"target\":[\"https:\/\/softicated.com\/produit\/tabouret-signet-ring-marron\/\"]}]},{\"@type\":\"ImageObject\",\"inLanguage\":\"de-CH\",\"@id\":\"https:\/\/softicated.com\/produit\/tabouret-signet-ring-marron\/#primaryimage\",\"url\":\"https:\/\/softicated.com\/wp-content\/uploads\/2022\/09\/Marron.png\",\"contentUrl\":\"https:\/\/softicated.com\/wp-content\/uploads\/2022\/09\/Marron.png\",\"width\":350,\"height\":350,\"caption\":\"Marron\"},{\"@type\":\"BreadcrumbList\",\"@id\":\"https:\/\/softicated.com\/produit\/tabouret-signet-ring-marron\/#breadcrumb\",\"itemListElement\":[{\"@type\":\"ListItem\",\"position\":1,\"name\":\"Accueil\",\"item\":\"https:\/\/softicated.com\/\"},{\"@type\":\"ListItem\",\"position\":2,\"name\":\"Produits Mobilier Premium Softicated\",\"item\":\"https:\/\/softicated.com\/produits\/\"},{\"@type\":\"ListItem\",\"position\":3,\"name\":\"Assise design\",\"item\":\"https:\/\/softicated.com\/categorie-produit\/assises\/\"},{\"@type\":\"ListItem\",\"position\":4,\"name\":\"Tabouret design\",\"item\":\"https:\/\/softicated.com\/categorie-produit\/assises\/tabouret-design-softicated\/\"},{\"@type\":\"ListItem\",\"position\":5,\"name\":\"Tabouret Design marron Signet Ring\"}]},{\"@type\":\"WebSite\",\"@id\":\"https:\/\/softicated.com\/#website\",\"url\":\"https:\/\/softicated.com\/\",\"name\":\"Softicated\",\"description\":\"Cr\u00e9ateur de meubles, luminaires et tapis premium\",\"publisher\":{\"@id\":\"https:\/\/softicated.com\/#organization\"},\"potentialAction\":[{\"@type\":\"SearchAction\",\"target\":{\"@type\":\"EntryPoint\",\"urlTemplate\":\"https:\/\/softicated.com\/?s={search_term_string}\"},\"query-input\":{\"@type\":\"PropertyValueSpecification\",\"valueRequired\":true,\"valueName\":\"search_term_string\"}}],\"inLanguage\":\"de-CH\"},{\"@type\":\"Organization\",\"@id\":\"https:\/\/softicated.com\/#organization\",\"name\":\"Softicated\",\"url\":\"https:\/\/softicated.com\/\",\"logo\":{\"@type\":\"ImageObject\",\"inLanguage\":\"de-CH\",\"@id\":\"https:\/\/softicated.com\/#\/schema\/logo\/image\/\",\"url\":\"https:\/\/softicated.com\/wp-content\/uploads\/2025\/11\/logo-dark-2.svg\",\"contentUrl\":\"https:\/\/softicated.com\/wp-content\/uploads\/2025\/11\/logo-dark-2.svg\",\"caption\":\"Softicated\"},\"image\":{\"@id\":\"https:\/\/softicated.com\/#\/schema\/logo\/image\/\"},\"sameAs\":[\"https:\/\/www.facebook.com\/Softicated\",\"https:\/\/www.pinterest.com\/softicateddesign\",\"https:\/\/www.instagram.com\/softicated.design\"]}]}<\/script>\n<!-- \/ Yoast SEO Premium plugin. -->","yoast_head_json":{"title":"Designerhocker in Braun - Softicated","description":"Le tabouret Signet Ring marron \u00e9voque les ann\u00e9es 70, apportant une touche vintage marqu\u00e9e gr\u00e2ce \u00e0 ses courbes, sa teinte chaleureuse et sa finition soign\u00e9e.","robots":{"index":"index","follow":"follow","max-snippet":"max-snippet:-1","max-image-preview":"max-image-preview:large","max-video-preview":"max-video-preview:-1"},"canonical":"https:\/\/softicated.com\/de\/produit\/tabouret-signet-ring-marron\/","og_locale":"de_DE","og_type":"article","og_title":"Tabouret design Marron","og_description":"Le tabouret Signet Ring marron \u00e9voque les ann\u00e9es 70, apportant une touche vintage marqu\u00e9e gr\u00e2ce \u00e0 ses courbes, sa teinte chaleureuse et sa finition soign\u00e9e.","og_url":"https:\/\/softicated.com\/de\/produit\/tabouret-signet-ring-marron\/","og_site_name":"Softicated","article_publisher":"https:\/\/www.facebook.com\/Softicated","article_modified_time":"2026-03-24T04:38:07+00:00","og_image":[{"width":350,"height":350,"url":"https:\/\/softicated.com\/wp-content\/uploads\/2022\/09\/Marron.png","type":"image\/png"}],"twitter_card":"summary_large_image","schema":{"@context":"https:\/\/schema.org","@graph":[{"@type":"WebPage","@id":"https:\/\/softicated.com\/produit\/tabouret-signet-ring-marron\/","url":"https:\/\/softicated.com\/produit\/tabouret-signet-ring-marron\/","name":"Designerhocker in Braun - Softicated","isPartOf":{"@id":"https:\/\/softicated.com\/#website"},"primaryImageOfPage":{"@id":"https:\/\/softicated.com\/produit\/tabouret-signet-ring-marron\/#primaryimage"},"image":{"@id":"https:\/\/softicated.com\/produit\/tabouret-signet-ring-marron\/#primaryimage"},"thumbnailUrl":"https:\/\/softicated.com\/wp-content\/uploads\/2022\/09\/Marron.png","datePublished":"2022-09-23T09:05:02+00:00","dateModified":"2026-03-24T04:38:07+00:00","description":"Le tabouret Signet Ring marron \u00e9voque les ann\u00e9es 70, apportant une touche vintage marqu\u00e9e gr\u00e2ce \u00e0 ses courbes, sa teinte chaleureuse et sa finition soign\u00e9e.","breadcrumb":{"@id":"https:\/\/softicated.com\/produit\/tabouret-signet-ring-marron\/#breadcrumb"},"inLanguage":"de-CH","potentialAction":[{"@type":"ReadAction","target":["https:\/\/softicated.com\/produit\/tabouret-signet-ring-marron\/"]}]},{"@type":"ImageObject","inLanguage":"de-CH","@id":"https:\/\/softicated.com\/produit\/tabouret-signet-ring-marron\/#primaryimage","url":"https:\/\/softicated.com\/wp-content\/uploads\/2022\/09\/Marron.png","contentUrl":"https:\/\/softicated.com\/wp-content\/uploads\/2022\/09\/Marron.png","width":350,"height":350,"caption":"Marron"},{"@type":"BreadcrumbList","@id":"https:\/\/softicated.com\/produit\/tabouret-signet-ring-marron\/#breadcrumb","itemListElement":[{"@type":"ListItem","position":1,"name":"Accueil","item":"https:\/\/softicated.com\/"},{"@type":"ListItem","position":2,"name":"Produits Mobilier Premium Softicated","item":"https:\/\/softicated.com\/produits\/"},{"@type":"ListItem","position":3,"name":"Assise design","item":"https:\/\/softicated.com\/categorie-produit\/assises\/"},{"@type":"ListItem","position":4,"name":"Tabouret design","item":"https:\/\/softicated.com\/categorie-produit\/assises\/tabouret-design-softicated\/"},{"@type":"ListItem","position":5,"name":"Tabouret Design marron Signet Ring"}]},{"@type":"WebSite","@id":"https:\/\/softicated.com\/#website","url":"https:\/\/softicated.com\/","name":"Softicated","description":"Sch\u00f6pfer hochwertiger M\u00f6bel, Leuchten und Teppiche","publisher":{"@id":"https:\/\/softicated.com\/#organization"},"potentialAction":[{"@type":"SearchAction","target":{"@type":"EntryPoint","urlTemplate":"https:\/\/softicated.com\/?s={search_term_string}"},"query-input":{"@type":"PropertyValueSpecification","valueRequired":true,"valueName":"search_term_string"}}],"inLanguage":"de-CH"},{"@type":"Organization","@id":"https:\/\/softicated.com\/#organization","name":"Softicated","url":"https:\/\/softicated.com\/","logo":{"@type":"ImageObject","inLanguage":"de-CH","@id":"https:\/\/softicated.com\/#\/schema\/logo\/image\/","url":"https:\/\/softicated.com\/wp-content\/uploads\/2025\/11\/logo-dark-2.svg","contentUrl":"https:\/\/softicated.com\/wp-content\/uploads\/2025\/11\/logo-dark-2.svg","caption":"Softicated"},"image":{"@id":"https:\/\/softicated.com\/#\/schema\/logo\/image\/"},"sameAs":["https:\/\/www.facebook.com\/Softicated","https:\/\/www.pinterest.com\/softicateddesign","https:\/\/www.instagram.com\/softicated.design"]}]}},"_links":{"self":[{"href":"https:\/\/softicated.com\/de\/wp-json\/wp\/v2\/product\/7707","targetHints":{"allow":["GET"]}}],"collection":[{"href":"https:\/\/softicated.com\/de\/wp-json\/wp\/v2\/product"}],"about":[{"href":"https:\/\/softicated.com\/de\/wp-json\/wp\/v2\/types\/product"}],"replies":[{"embeddable":true,"href":"https:\/\/softicated.com\/de\/wp-json\/wp\/v2\/comments?post=7707"}],"wp:featuredmedia":[{"embeddable":true,"href":"https:\/\/softicated.com\/de\/wp-json\/wp\/v2\/media\/13478"}],"wp:attachment":[{"href":"https:\/\/softicated.com\/de\/wp-json\/wp\/v2\/media?parent=7707"}],"wp:term":[{"taxonomy":"product_brand","embeddable":true,"href":"https:\/\/softicated.com\/de\/wp-json\/wp\/v2\/product_brand?post=7707"},{"taxonomy":"product_cat","embeddable":true,"href":"https:\/\/softicated.com\/de\/wp-json\/wp\/v2\/product_cat?post=7707"},{"taxonomy":"product_tag","embeddable":true,"href":"https:\/\/softicated.com\/de\/wp-json\/wp\/v2\/product_tag?post=7707"},{"taxonomy":"collections","embeddable":true,"href":"https:\/\/softicated.com\/de\/wp-json\/wp\/v2\/collections?post=7707"},{"taxonomy":"awards","embeddable":true,"href":"https:\/\/softicated.com\/de\/wp-json\/wp\/v2\/awards?post=7707"},{"taxonomy":"by_color","embeddable":true,"href":"https:\/\/softicated.com\/de\/wp-json\/wp\/v2\/by_color?post=7707"}],"curies":[{"name":"wp","href":"https:\/\/api.w.org\/{rel}","templated":true}]}}