{"id":7706,"date":"2022-09-23T11:04:15","date_gmt":"2022-09-23T09:04:15","guid":{"rendered":"https:\/\/softicated.com\/?post_type=product&#038;p=7706"},"modified":"2026-03-24T05:37:54","modified_gmt":"2026-03-24T04:37:54","slug":"tabouret-lilas","status":"publish","type":"product","link":"https:\/\/softicated.com\/de\/produit\/tabouret-lilas\/","title":{"rendered":"Designerhocker in Flieder"},"content":{"rendered":"<p>Flieder, mit seinen subtilen Nuancen von Violett und Rosa, inspiriert von den Farben der Natur, ist die perfekte Wahl, um Innenr\u00e4ume mit Ruhe und Eleganz zu erf\u00fcllen. Diese sanfte und beruhigende Farbe verk\u00f6rpert ein geschicktes Gleichgewicht zwischen Frische und Raffinesse und verleiht jedem Wohnraum eine zugleich zarte und fesselnde Note.<\/p>\n<p>Die klare Form des Signet-Ring-Hockers und seine harmonischen Proportionen werden durch diesen floralen Farbton hervorgehoben, der ihm Leichtigkeit und visuelle Eleganz verleiht. In dieser Farbe wird das ikonische Design des Hockers poetisch neu interpretiert. Seine Sanftheit schlie\u00dft eine moderne Note nicht aus, was ihn zu einer idealen Wahl f\u00fcr Designliebhaber macht, die nach einer originellen Farbe suchen.<\/p>\n<p>Dezent feminin, ohne zu auff\u00e4llig zu wirken, verleiht Flieder Ihren M\u00f6belst\u00fccken eine elegante und zarte Note. In seiner Flieder-Variante strahlt unser ikonischer Hocker eine organische Sanftheit aus \u2013 perfekt f\u00fcr warme und einladende R\u00e4ume. Er kann sowohl als praktische Sitzgelegenheit als auch als dekoratives Element verwendet werden. Der Flieder-Hocker findet seinen Platz im Wohnzimmer, Schlafzimmer, B\u00fcro oder sogar im Ankleidezimmer.<\/p>\n<p>Mit diesem wundersch\u00f6nen floralen Farbton und seiner metallischen Oberfl\u00e4che verwandeln Sie Ihr Interieur in einen Raum voller Ruhe und Zartheit. Ob als Hauptfarbe oder in dezenten Akzenten verwendet, dieser raffinierte florale Ton erhellt Ihre R\u00e4ume und verleiht ihnen eine einzigartige und harmonische Atmosph\u00e4re.<\/p>\n<p>Die Wahl des Softicated-Hockers in Flieder bedeutet, sich f\u00fcr einen sanften und beruhigenden Ton zu entscheiden, der Ihren R\u00e4umen Eleganz und Originalit\u00e4t verleiht. Romantisch und gleichzeitig modern erm\u00f6glicht er die Schaffung subtiler und anspruchsvoller Stimmungen, die perfekt dazu geeignet sind, Ihr Interieur aufzuwerten.<\/p>","protected":false},"excerpt":{"rendered":"<p>Le lilas, avec ses nuances subtiles de violet et de rose d\u00e9licatement inspir\u00e9 par les teintes de la nature offre un choix parfait pour cr\u00e9er des int\u00e9rieurs empreints de s\u00e9r\u00e9nit\u00e9 et d\u2019\u00e9l\u00e9gance. Cette couleur tendre et apaisante incarne un \u00e9quilibre habile entre fra\u00eecheur et raffinement apportant une note \u00e0 la fois d\u00e9licate et captivante \u00e0 [&hellip;]<\/p>","protected":false},"featured_media":13479,"comment_status":"closed","ping_status":"closed","template":"","meta":{"_acf_changed":false},"product_brand":[],"product_cat":[93],"product_tag":[],"collections":[181],"awards":[146,147,136,166,167],"by_color":[],"class_list":{"0":"post-7706","1":"product","2":"type-product","3":"status-publish","4":"has-post-thumbnail","6":"product_cat-tabouret-design-softicated","7":"product_shipping_class-mobilier-signet-ring","8":"collections-tabouret-design-softicated","9":"awards-big-see-awards-2023-softicated-signet-ring","10":"awards-iconic-award-2023-softicated-signet-ring","11":"awards-ida-design-award-honorable-mention-2022","12":"awards-luxury-lifestyle-awards-2024","13":"awards-archiproducts-2024-longlisted-product","15":"first","16":"instock","17":"shipping-taxable","18":"purchasable","19":"product-type-simple"},"acf":[],"yoast_head":"<!-- This site is optimized with the Yoast SEO Premium plugin v25.7.1 (Yoast SEO v26.9) - https:\/\/yoast.com\/product\/yoast-seo-premium-wordpress\/ -->\n<title>Tabouret design Lilas - Softicated<\/title>\n<meta name=\"description\" content=\"Subtilement f\u00e9minine sans \u00eatre trop marqu\u00e9e, la couleur lilas du tabouret Signet Ring ajoute une note \u00e9l\u00e9gante et d\u00e9licate \u00e0 vos pi\u00e8ces.\" \/>\n<meta name=\"robots\" content=\"index, follow, max-snippet:-1, max-image-preview:large, max-video-preview:-1\" \/>\n<link rel=\"canonical\" href=\"https:\/\/softicated.com\/de\/produit\/tabouret-lilas\/\" \/>\n<meta property=\"og:locale\" content=\"de_DE\" \/>\n<meta property=\"og:type\" content=\"article\" \/>\n<meta property=\"og:title\" content=\"Tabouret design Lilas\" \/>\n<meta property=\"og:description\" content=\"Subtilement f\u00e9minine sans \u00eatre trop marqu\u00e9e, la couleur lilas du tabouret Signet Ring ajoute une note \u00e9l\u00e9gante et d\u00e9licate \u00e0 vos pi\u00e8ces.\" \/>\n<meta property=\"og:url\" content=\"https:\/\/softicated.com\/de\/produit\/tabouret-lilas\/\" \/>\n<meta property=\"og:site_name\" content=\"Softicated\" \/>\n<meta property=\"article:publisher\" content=\"https:\/\/www.facebook.com\/Softicated\" \/>\n<meta property=\"article:modified_time\" content=\"2026-03-24T04:37:54+00:00\" \/>\n<meta property=\"og:image\" content=\"https:\/\/softicated.com\/wp-content\/uploads\/2022\/09\/Lilas.png\" \/>\n\t<meta property=\"og:image:width\" content=\"350\" \/>\n\t<meta property=\"og:image:height\" content=\"350\" \/>\n\t<meta property=\"og:image:type\" content=\"image\/png\" \/>\n<meta name=\"twitter:card\" content=\"summary_large_image\" \/>\n<script type=\"application\/ld+json\" class=\"yoast-schema-graph\">{\"@context\":\"https:\/\/schema.org\",\"@graph\":[{\"@type\":\"WebPage\",\"@id\":\"https:\/\/softicated.com\/produit\/tabouret-lilas\/\",\"url\":\"https:\/\/softicated.com\/produit\/tabouret-lilas\/\",\"name\":\"Tabouret design Lilas - Softicated\",\"isPartOf\":{\"@id\":\"https:\/\/softicated.com\/#website\"},\"primaryImageOfPage\":{\"@id\":\"https:\/\/softicated.com\/produit\/tabouret-lilas\/#primaryimage\"},\"image\":{\"@id\":\"https:\/\/softicated.com\/produit\/tabouret-lilas\/#primaryimage\"},\"thumbnailUrl\":\"https:\/\/softicated.com\/wp-content\/uploads\/2022\/09\/Lilas.png\",\"datePublished\":\"2022-09-23T09:04:15+00:00\",\"dateModified\":\"2026-03-24T04:37:54+00:00\",\"description\":\"Subtilement f\u00e9minine sans \u00eatre trop marqu\u00e9e, la couleur lilas du tabouret Signet Ring ajoute une note \u00e9l\u00e9gante et d\u00e9licate \u00e0 vos pi\u00e8ces.\",\"breadcrumb\":{\"@id\":\"https:\/\/softicated.com\/produit\/tabouret-lilas\/#breadcrumb\"},\"inLanguage\":\"de-CH\",\"potentialAction\":[{\"@type\":\"ReadAction\",\"target\":[\"https:\/\/softicated.com\/produit\/tabouret-lilas\/\"]}]},{\"@type\":\"ImageObject\",\"inLanguage\":\"de-CH\",\"@id\":\"https:\/\/softicated.com\/produit\/tabouret-lilas\/#primaryimage\",\"url\":\"https:\/\/softicated.com\/wp-content\/uploads\/2022\/09\/Lilas.png\",\"contentUrl\":\"https:\/\/softicated.com\/wp-content\/uploads\/2022\/09\/Lilas.png\",\"width\":350,\"height\":350,\"caption\":\"Lilas\"},{\"@type\":\"BreadcrumbList\",\"@id\":\"https:\/\/softicated.com\/produit\/tabouret-lilas\/#breadcrumb\",\"itemListElement\":[{\"@type\":\"ListItem\",\"position\":1,\"name\":\"Accueil\",\"item\":\"https:\/\/softicated.com\/\"},{\"@type\":\"ListItem\",\"position\":2,\"name\":\"Produits Mobilier Premium Softicated\",\"item\":\"https:\/\/softicated.com\/produits\/\"},{\"@type\":\"ListItem\",\"position\":3,\"name\":\"Assise design\",\"item\":\"https:\/\/softicated.com\/categorie-produit\/assises\/\"},{\"@type\":\"ListItem\",\"position\":4,\"name\":\"Tabouret design\",\"item\":\"https:\/\/softicated.com\/categorie-produit\/assises\/tabouret-design-softicated\/\"},{\"@type\":\"ListItem\",\"position\":5,\"name\":\"Tabouret Design Lilas Signet Ring\"}]},{\"@type\":\"WebSite\",\"@id\":\"https:\/\/softicated.com\/#website\",\"url\":\"https:\/\/softicated.com\/\",\"name\":\"Softicated\",\"description\":\"Cr\u00e9ateur de meubles, luminaires et tapis premium\",\"publisher\":{\"@id\":\"https:\/\/softicated.com\/#organization\"},\"potentialAction\":[{\"@type\":\"SearchAction\",\"target\":{\"@type\":\"EntryPoint\",\"urlTemplate\":\"https:\/\/softicated.com\/?s={search_term_string}\"},\"query-input\":{\"@type\":\"PropertyValueSpecification\",\"valueRequired\":true,\"valueName\":\"search_term_string\"}}],\"inLanguage\":\"de-CH\"},{\"@type\":\"Organization\",\"@id\":\"https:\/\/softicated.com\/#organization\",\"name\":\"Softicated\",\"url\":\"https:\/\/softicated.com\/\",\"logo\":{\"@type\":\"ImageObject\",\"inLanguage\":\"de-CH\",\"@id\":\"https:\/\/softicated.com\/#\/schema\/logo\/image\/\",\"url\":\"https:\/\/softicated.com\/wp-content\/uploads\/2025\/11\/logo-dark-2.svg\",\"contentUrl\":\"https:\/\/softicated.com\/wp-content\/uploads\/2025\/11\/logo-dark-2.svg\",\"caption\":\"Softicated\"},\"image\":{\"@id\":\"https:\/\/softicated.com\/#\/schema\/logo\/image\/\"},\"sameAs\":[\"https:\/\/www.facebook.com\/Softicated\",\"https:\/\/www.pinterest.com\/softicateddesign\",\"https:\/\/www.instagram.com\/softicated.design\"]}]}<\/script>\n<!-- \/ Yoast SEO Premium plugin. -->","yoast_head_json":{"title":"Designerhocker in Flieder - Softicated","description":"Subtilement f\u00e9minine sans \u00eatre trop marqu\u00e9e, la couleur lilas du tabouret Signet Ring ajoute une note \u00e9l\u00e9gante et d\u00e9licate \u00e0 vos pi\u00e8ces.","robots":{"index":"index","follow":"follow","max-snippet":"max-snippet:-1","max-image-preview":"max-image-preview:large","max-video-preview":"max-video-preview:-1"},"canonical":"https:\/\/softicated.com\/de\/produit\/tabouret-lilas\/","og_locale":"de_DE","og_type":"article","og_title":"Tabouret design Lilas","og_description":"Subtilement f\u00e9minine sans \u00eatre trop marqu\u00e9e, la couleur lilas du tabouret Signet Ring ajoute une note \u00e9l\u00e9gante et d\u00e9licate \u00e0 vos pi\u00e8ces.","og_url":"https:\/\/softicated.com\/de\/produit\/tabouret-lilas\/","og_site_name":"Softicated","article_publisher":"https:\/\/www.facebook.com\/Softicated","article_modified_time":"2026-03-24T04:37:54+00:00","og_image":[{"width":350,"height":350,"url":"https:\/\/softicated.com\/wp-content\/uploads\/2022\/09\/Lilas.png","type":"image\/png"}],"twitter_card":"summary_large_image","schema":{"@context":"https:\/\/schema.org","@graph":[{"@type":"WebPage","@id":"https:\/\/softicated.com\/produit\/tabouret-lilas\/","url":"https:\/\/softicated.com\/produit\/tabouret-lilas\/","name":"Designerhocker in Flieder - Softicated","isPartOf":{"@id":"https:\/\/softicated.com\/#website"},"primaryImageOfPage":{"@id":"https:\/\/softicated.com\/produit\/tabouret-lilas\/#primaryimage"},"image":{"@id":"https:\/\/softicated.com\/produit\/tabouret-lilas\/#primaryimage"},"thumbnailUrl":"https:\/\/softicated.com\/wp-content\/uploads\/2022\/09\/Lilas.png","datePublished":"2022-09-23T09:04:15+00:00","dateModified":"2026-03-24T04:37:54+00:00","description":"Subtilement f\u00e9minine sans \u00eatre trop marqu\u00e9e, la couleur lilas du tabouret Signet Ring ajoute une note \u00e9l\u00e9gante et d\u00e9licate \u00e0 vos pi\u00e8ces.","breadcrumb":{"@id":"https:\/\/softicated.com\/produit\/tabouret-lilas\/#breadcrumb"},"inLanguage":"de-CH","potentialAction":[{"@type":"ReadAction","target":["https:\/\/softicated.com\/produit\/tabouret-lilas\/"]}]},{"@type":"ImageObject","inLanguage":"de-CH","@id":"https:\/\/softicated.com\/produit\/tabouret-lilas\/#primaryimage","url":"https:\/\/softicated.com\/wp-content\/uploads\/2022\/09\/Lilas.png","contentUrl":"https:\/\/softicated.com\/wp-content\/uploads\/2022\/09\/Lilas.png","width":350,"height":350,"caption":"Lilas"},{"@type":"BreadcrumbList","@id":"https:\/\/softicated.com\/produit\/tabouret-lilas\/#breadcrumb","itemListElement":[{"@type":"ListItem","position":1,"name":"Accueil","item":"https:\/\/softicated.com\/"},{"@type":"ListItem","position":2,"name":"Produits Mobilier Premium Softicated","item":"https:\/\/softicated.com\/produits\/"},{"@type":"ListItem","position":3,"name":"Assise design","item":"https:\/\/softicated.com\/categorie-produit\/assises\/"},{"@type":"ListItem","position":4,"name":"Tabouret design","item":"https:\/\/softicated.com\/categorie-produit\/assises\/tabouret-design-softicated\/"},{"@type":"ListItem","position":5,"name":"Tabouret Design Lilas Signet Ring"}]},{"@type":"WebSite","@id":"https:\/\/softicated.com\/#website","url":"https:\/\/softicated.com\/","name":"Softicated","description":"Sch\u00f6pfer hochwertiger M\u00f6bel, Leuchten und Teppiche","publisher":{"@id":"https:\/\/softicated.com\/#organization"},"potentialAction":[{"@type":"SearchAction","target":{"@type":"EntryPoint","urlTemplate":"https:\/\/softicated.com\/?s={search_term_string}"},"query-input":{"@type":"PropertyValueSpecification","valueRequired":true,"valueName":"search_term_string"}}],"inLanguage":"de-CH"},{"@type":"Organization","@id":"https:\/\/softicated.com\/#organization","name":"Softicated","url":"https:\/\/softicated.com\/","logo":{"@type":"ImageObject","inLanguage":"de-CH","@id":"https:\/\/softicated.com\/#\/schema\/logo\/image\/","url":"https:\/\/softicated.com\/wp-content\/uploads\/2025\/11\/logo-dark-2.svg","contentUrl":"https:\/\/softicated.com\/wp-content\/uploads\/2025\/11\/logo-dark-2.svg","caption":"Softicated"},"image":{"@id":"https:\/\/softicated.com\/#\/schema\/logo\/image\/"},"sameAs":["https:\/\/www.facebook.com\/Softicated","https:\/\/www.pinterest.com\/softicateddesign","https:\/\/www.instagram.com\/softicated.design"]}]}},"_links":{"self":[{"href":"https:\/\/softicated.com\/de\/wp-json\/wp\/v2\/product\/7706","targetHints":{"allow":["GET"]}}],"collection":[{"href":"https:\/\/softicated.com\/de\/wp-json\/wp\/v2\/product"}],"about":[{"href":"https:\/\/softicated.com\/de\/wp-json\/wp\/v2\/types\/product"}],"replies":[{"embeddable":true,"href":"https:\/\/softicated.com\/de\/wp-json\/wp\/v2\/comments?post=7706"}],"wp:featuredmedia":[{"embeddable":true,"href":"https:\/\/softicated.com\/de\/wp-json\/wp\/v2\/media\/13479"}],"wp:attachment":[{"href":"https:\/\/softicated.com\/de\/wp-json\/wp\/v2\/media?parent=7706"}],"wp:term":[{"taxonomy":"product_brand","embeddable":true,"href":"https:\/\/softicated.com\/de\/wp-json\/wp\/v2\/product_brand?post=7706"},{"taxonomy":"product_cat","embeddable":true,"href":"https:\/\/softicated.com\/de\/wp-json\/wp\/v2\/product_cat?post=7706"},{"taxonomy":"product_tag","embeddable":true,"href":"https:\/\/softicated.com\/de\/wp-json\/wp\/v2\/product_tag?post=7706"},{"taxonomy":"collections","embeddable":true,"href":"https:\/\/softicated.com\/de\/wp-json\/wp\/v2\/collections?post=7706"},{"taxonomy":"awards","embeddable":true,"href":"https:\/\/softicated.com\/de\/wp-json\/wp\/v2\/awards?post=7706"},{"taxonomy":"by_color","embeddable":true,"href":"https:\/\/softicated.com\/de\/wp-json\/wp\/v2\/by_color?post=7706"}],"curies":[{"name":"wp","href":"https:\/\/api.w.org\/{rel}","templated":true}]}}