{"id":7705,"date":"2022-09-23T11:03:48","date_gmt":"2022-09-23T09:03:48","guid":{"rendered":"https:\/\/softicated.com\/?post_type=product&#038;p=7705"},"modified":"2026-03-24T05:36:36","modified_gmt":"2026-03-24T04:36:36","slug":"tabouret-gris","status":"publish","type":"product","link":"https:\/\/softicated.com\/de\/produit\/tabouret-gris\/","title":{"rendered":"Designerhocker in Grau"},"content":{"rendered":"<p>Grau, das Symbol f\u00fcr Neutralit\u00e4t, ist eine schlichte und vielseitige Farbe, die in der Innenarchitektur unverzichtbar geworden ist. Weder zu warm noch zu kalt, findet Grau das perfekte Gleichgewicht zwischen Weichheit und Charakter und bietet eine raffinierte, neutrale Basis, die sich an jeden Stil und jedes Ambiente anpasst. Ob allein verwendet oder mit anderen Farben kombiniert, verwandelt Grau R\u00e4ume in beruhigende, moderne und anspruchsvolle Umgebungen.<\/p>\n<p>Der Signet-Ring-Hocker in Grau ist sowohl entspannend als auch harmonisch. Inspiriert von der Sanftheit mineralischer Landschaften und der Tiefe nat\u00fcrlicher Nuancen f\u00fcgt er sich m\u00fchelos in jedes Interieur ein, sei es modern oder klassisch. Dieser Grauton steht f\u00fcr unser Bestreben, Kreationen anzubieten, die sowohl funktional als auch \u00e4sthetisch sind und eine Vielzahl dekorativer Anspr\u00fcche erf\u00fcllen.<\/p>\n<p>Dot\u00e9 d\u2019un profil peu encombrant, notre tabouret se distingue par sa stabilit\u00e9 et sa facilit\u00e9 de d\u00e9placement, soulignant ainsi leur remarquable polyvalence.<\/p>\n<p>Die sorgf\u00e4ltig gearbeitete, gl\u00e4nzende Oberfl\u00e4che f\u00e4ngt das Licht subtil ein und verwandelt den Hocker in ein echtes Highlight. Der graue Softicated-Hocker besticht durch Eleganz und Schlichtheit und kombiniert weiche, schicke und raffinierte Nuancen. Er verk\u00f6rpert ein subtil ausbalanciertes Zusammenspiel von Modernit\u00e4t und Zeitlosigkeit.<\/p>\n<p>Die Wahl dieses grauen Hockers f\u00fcr Ihre Inneneinrichtung bedeutet, sich f\u00fcr eine zeitlose und elegante Nuance zu entscheiden, die Ihre R\u00e4ume mit Einfachheit und Raffinesse aufwertet. Vielseitig und anpassungsf\u00e4hig, ist Grau eine zuverl\u00e4ssige Wahl f\u00fcr jede Dekoration.<\/p>\n<p>Lassen Sie sich von der Raffinesse des Grautons begeistern \u2013 eine Farbe, die Trends \u00fcberwindet und zum perfekten Begleiter f\u00fcr all Ihre dekorativen Projekte wird. In dieser Variante unseres ikonischen Hockers bekr\u00e4ftigen wir unser Engagement f\u00fcr M\u00f6bel, die Harmonie, Funktionalit\u00e4t und au\u00dfergew\u00f6hnliches Design vereinen.<\/p>","protected":false},"excerpt":{"rendered":"<p>Le gris symbole de neutralit\u00e9, couleur sobre et polyvalente, est devenu un incontournable de la d\u00e9coration d\u2019int\u00e9rieur. Ni trop chaud, ni trop froid, il trouve un \u00e9quilibre parfait entre douceur et caract\u00e8re, offrant une base neutre et raffin\u00e9e qui s\u2019adapte \u00e0 tous les styles et toutes les ambiances. Utilis\u00e9 seul ou en association avec d\u2019autres [&hellip;]<\/p>","protected":false},"featured_media":13480,"comment_status":"closed","ping_status":"closed","template":"","meta":{"_acf_changed":false},"product_brand":[],"product_cat":[93],"product_tag":[],"collections":[181],"awards":[146,147,136,166,167],"by_color":[],"class_list":{"0":"post-7705","1":"product","2":"type-product","3":"status-publish","4":"has-post-thumbnail","6":"product_cat-tabouret-design-softicated","7":"product_shipping_class-mobilier-signet-ring","8":"collections-tabouret-design-softicated","9":"awards-big-see-awards-2023-softicated-signet-ring","10":"awards-iconic-award-2023-softicated-signet-ring","11":"awards-ida-design-award-honorable-mention-2022","12":"awards-luxury-lifestyle-awards-2024","13":"awards-archiproducts-2024-longlisted-product","15":"first","16":"instock","17":"shipping-taxable","18":"purchasable","19":"product-type-simple"},"acf":[],"yoast_head":"<!-- This site is optimized with the Yoast SEO Premium plugin v25.7.1 (Yoast SEO v26.9) - https:\/\/yoast.com\/product\/yoast-seo-premium-wordpress\/ -->\n<title>Tabouret design Gris - Softicated<\/title>\n<meta name=\"description\" content=\"Le tabouret Signet Ring gris est \u00e0 la fois relaxant et incarne une certaine harmonie. La teinte grise du tabouret Softicated est douce, chic et raffin\u00e9e.\" \/>\n<meta name=\"robots\" content=\"index, follow, max-snippet:-1, max-image-preview:large, max-video-preview:-1\" \/>\n<link rel=\"canonical\" href=\"https:\/\/softicated.com\/de\/produit\/tabouret-gris\/\" \/>\n<meta property=\"og:locale\" content=\"de_DE\" \/>\n<meta property=\"og:type\" content=\"article\" \/>\n<meta property=\"og:title\" content=\"Tabouret design Gris\" \/>\n<meta property=\"og:description\" content=\"Le tabouret Signet Ring gris est \u00e0 la fois relaxant et incarne une certaine harmonie. La teinte grise du tabouret Softicated est douce, chic et raffin\u00e9e.\" \/>\n<meta property=\"og:url\" content=\"https:\/\/softicated.com\/de\/produit\/tabouret-gris\/\" \/>\n<meta property=\"og:site_name\" content=\"Softicated\" \/>\n<meta property=\"article:publisher\" content=\"https:\/\/www.facebook.com\/Softicated\" \/>\n<meta property=\"article:modified_time\" content=\"2026-03-24T04:36:36+00:00\" \/>\n<meta property=\"og:image\" content=\"https:\/\/softicated.com\/wp-content\/uploads\/2022\/09\/Gris.png\" \/>\n\t<meta property=\"og:image:width\" content=\"350\" \/>\n\t<meta property=\"og:image:height\" content=\"350\" \/>\n\t<meta property=\"og:image:type\" content=\"image\/png\" \/>\n<meta name=\"twitter:card\" content=\"summary_large_image\" \/>\n<script type=\"application\/ld+json\" class=\"yoast-schema-graph\">{\"@context\":\"https:\/\/schema.org\",\"@graph\":[{\"@type\":\"WebPage\",\"@id\":\"https:\/\/softicated.com\/produit\/tabouret-gris\/\",\"url\":\"https:\/\/softicated.com\/produit\/tabouret-gris\/\",\"name\":\"Tabouret design Gris - Softicated\",\"isPartOf\":{\"@id\":\"https:\/\/softicated.com\/#website\"},\"primaryImageOfPage\":{\"@id\":\"https:\/\/softicated.com\/produit\/tabouret-gris\/#primaryimage\"},\"image\":{\"@id\":\"https:\/\/softicated.com\/produit\/tabouret-gris\/#primaryimage\"},\"thumbnailUrl\":\"https:\/\/softicated.com\/wp-content\/uploads\/2022\/09\/Gris.png\",\"datePublished\":\"2022-09-23T09:03:48+00:00\",\"dateModified\":\"2026-03-24T04:36:36+00:00\",\"description\":\"Le tabouret Signet Ring gris est \u00e0 la fois relaxant et incarne une certaine harmonie. La teinte grise du tabouret Softicated est douce, chic et raffin\u00e9e.\",\"breadcrumb\":{\"@id\":\"https:\/\/softicated.com\/produit\/tabouret-gris\/#breadcrumb\"},\"inLanguage\":\"de-CH\",\"potentialAction\":[{\"@type\":\"ReadAction\",\"target\":[\"https:\/\/softicated.com\/produit\/tabouret-gris\/\"]}]},{\"@type\":\"ImageObject\",\"inLanguage\":\"de-CH\",\"@id\":\"https:\/\/softicated.com\/produit\/tabouret-gris\/#primaryimage\",\"url\":\"https:\/\/softicated.com\/wp-content\/uploads\/2022\/09\/Gris.png\",\"contentUrl\":\"https:\/\/softicated.com\/wp-content\/uploads\/2022\/09\/Gris.png\",\"width\":350,\"height\":350,\"caption\":\"Gris\"},{\"@type\":\"BreadcrumbList\",\"@id\":\"https:\/\/softicated.com\/produit\/tabouret-gris\/#breadcrumb\",\"itemListElement\":[{\"@type\":\"ListItem\",\"position\":1,\"name\":\"Accueil\",\"item\":\"https:\/\/softicated.com\/\"},{\"@type\":\"ListItem\",\"position\":2,\"name\":\"Produits Mobilier Premium Softicated\",\"item\":\"https:\/\/softicated.com\/produits\/\"},{\"@type\":\"ListItem\",\"position\":3,\"name\":\"Assise design\",\"item\":\"https:\/\/softicated.com\/categorie-produit\/assises\/\"},{\"@type\":\"ListItem\",\"position\":4,\"name\":\"Tabouret design\",\"item\":\"https:\/\/softicated.com\/categorie-produit\/assises\/tabouret-design-softicated\/\"},{\"@type\":\"ListItem\",\"position\":5,\"name\":\"Tabouret design gris Signet Ring\"}]},{\"@type\":\"WebSite\",\"@id\":\"https:\/\/softicated.com\/#website\",\"url\":\"https:\/\/softicated.com\/\",\"name\":\"Softicated\",\"description\":\"Cr\u00e9ateur de meubles, luminaires et tapis premium\",\"publisher\":{\"@id\":\"https:\/\/softicated.com\/#organization\"},\"potentialAction\":[{\"@type\":\"SearchAction\",\"target\":{\"@type\":\"EntryPoint\",\"urlTemplate\":\"https:\/\/softicated.com\/?s={search_term_string}\"},\"query-input\":{\"@type\":\"PropertyValueSpecification\",\"valueRequired\":true,\"valueName\":\"search_term_string\"}}],\"inLanguage\":\"de-CH\"},{\"@type\":\"Organization\",\"@id\":\"https:\/\/softicated.com\/#organization\",\"name\":\"Softicated\",\"url\":\"https:\/\/softicated.com\/\",\"logo\":{\"@type\":\"ImageObject\",\"inLanguage\":\"de-CH\",\"@id\":\"https:\/\/softicated.com\/#\/schema\/logo\/image\/\",\"url\":\"https:\/\/softicated.com\/wp-content\/uploads\/2025\/11\/logo-dark-2.svg\",\"contentUrl\":\"https:\/\/softicated.com\/wp-content\/uploads\/2025\/11\/logo-dark-2.svg\",\"caption\":\"Softicated\"},\"image\":{\"@id\":\"https:\/\/softicated.com\/#\/schema\/logo\/image\/\"},\"sameAs\":[\"https:\/\/www.facebook.com\/Softicated\",\"https:\/\/www.pinterest.com\/softicateddesign\",\"https:\/\/www.instagram.com\/softicated.design\"]}]}<\/script>\n<!-- \/ Yoast SEO Premium plugin. -->","yoast_head_json":{"title":"Designerhocker in Grau - Softicated","description":"Le tabouret Signet Ring gris est \u00e0 la fois relaxant et incarne une certaine harmonie. La teinte grise du tabouret Softicated est douce, chic et raffin\u00e9e.","robots":{"index":"index","follow":"follow","max-snippet":"max-snippet:-1","max-image-preview":"max-image-preview:large","max-video-preview":"max-video-preview:-1"},"canonical":"https:\/\/softicated.com\/de\/produit\/tabouret-gris\/","og_locale":"de_DE","og_type":"article","og_title":"Tabouret design Gris","og_description":"Le tabouret Signet Ring gris est \u00e0 la fois relaxant et incarne une certaine harmonie. La teinte grise du tabouret Softicated est douce, chic et raffin\u00e9e.","og_url":"https:\/\/softicated.com\/de\/produit\/tabouret-gris\/","og_site_name":"Softicated","article_publisher":"https:\/\/www.facebook.com\/Softicated","article_modified_time":"2026-03-24T04:36:36+00:00","og_image":[{"width":350,"height":350,"url":"https:\/\/softicated.com\/wp-content\/uploads\/2022\/09\/Gris.png","type":"image\/png"}],"twitter_card":"summary_large_image","schema":{"@context":"https:\/\/schema.org","@graph":[{"@type":"WebPage","@id":"https:\/\/softicated.com\/produit\/tabouret-gris\/","url":"https:\/\/softicated.com\/produit\/tabouret-gris\/","name":"Designerhocker in Grau - Softicated","isPartOf":{"@id":"https:\/\/softicated.com\/#website"},"primaryImageOfPage":{"@id":"https:\/\/softicated.com\/produit\/tabouret-gris\/#primaryimage"},"image":{"@id":"https:\/\/softicated.com\/produit\/tabouret-gris\/#primaryimage"},"thumbnailUrl":"https:\/\/softicated.com\/wp-content\/uploads\/2022\/09\/Gris.png","datePublished":"2022-09-23T09:03:48+00:00","dateModified":"2026-03-24T04:36:36+00:00","description":"Le tabouret Signet Ring gris est \u00e0 la fois relaxant et incarne une certaine harmonie. La teinte grise du tabouret Softicated est douce, chic et raffin\u00e9e.","breadcrumb":{"@id":"https:\/\/softicated.com\/produit\/tabouret-gris\/#breadcrumb"},"inLanguage":"de-CH","potentialAction":[{"@type":"ReadAction","target":["https:\/\/softicated.com\/produit\/tabouret-gris\/"]}]},{"@type":"ImageObject","inLanguage":"de-CH","@id":"https:\/\/softicated.com\/produit\/tabouret-gris\/#primaryimage","url":"https:\/\/softicated.com\/wp-content\/uploads\/2022\/09\/Gris.png","contentUrl":"https:\/\/softicated.com\/wp-content\/uploads\/2022\/09\/Gris.png","width":350,"height":350,"caption":"Gris"},{"@type":"BreadcrumbList","@id":"https:\/\/softicated.com\/produit\/tabouret-gris\/#breadcrumb","itemListElement":[{"@type":"ListItem","position":1,"name":"Accueil","item":"https:\/\/softicated.com\/"},{"@type":"ListItem","position":2,"name":"Produits Mobilier Premium Softicated","item":"https:\/\/softicated.com\/produits\/"},{"@type":"ListItem","position":3,"name":"Assise design","item":"https:\/\/softicated.com\/categorie-produit\/assises\/"},{"@type":"ListItem","position":4,"name":"Tabouret design","item":"https:\/\/softicated.com\/categorie-produit\/assises\/tabouret-design-softicated\/"},{"@type":"ListItem","position":5,"name":"Tabouret design gris Signet Ring"}]},{"@type":"WebSite","@id":"https:\/\/softicated.com\/#website","url":"https:\/\/softicated.com\/","name":"Softicated","description":"Sch\u00f6pfer hochwertiger M\u00f6bel, Leuchten und Teppiche","publisher":{"@id":"https:\/\/softicated.com\/#organization"},"potentialAction":[{"@type":"SearchAction","target":{"@type":"EntryPoint","urlTemplate":"https:\/\/softicated.com\/?s={search_term_string}"},"query-input":{"@type":"PropertyValueSpecification","valueRequired":true,"valueName":"search_term_string"}}],"inLanguage":"de-CH"},{"@type":"Organization","@id":"https:\/\/softicated.com\/#organization","name":"Softicated","url":"https:\/\/softicated.com\/","logo":{"@type":"ImageObject","inLanguage":"de-CH","@id":"https:\/\/softicated.com\/#\/schema\/logo\/image\/","url":"https:\/\/softicated.com\/wp-content\/uploads\/2025\/11\/logo-dark-2.svg","contentUrl":"https:\/\/softicated.com\/wp-content\/uploads\/2025\/11\/logo-dark-2.svg","caption":"Softicated"},"image":{"@id":"https:\/\/softicated.com\/#\/schema\/logo\/image\/"},"sameAs":["https:\/\/www.facebook.com\/Softicated","https:\/\/www.pinterest.com\/softicateddesign","https:\/\/www.instagram.com\/softicated.design"]}]}},"_links":{"self":[{"href":"https:\/\/softicated.com\/de\/wp-json\/wp\/v2\/product\/7705","targetHints":{"allow":["GET"]}}],"collection":[{"href":"https:\/\/softicated.com\/de\/wp-json\/wp\/v2\/product"}],"about":[{"href":"https:\/\/softicated.com\/de\/wp-json\/wp\/v2\/types\/product"}],"replies":[{"embeddable":true,"href":"https:\/\/softicated.com\/de\/wp-json\/wp\/v2\/comments?post=7705"}],"wp:featuredmedia":[{"embeddable":true,"href":"https:\/\/softicated.com\/de\/wp-json\/wp\/v2\/media\/13480"}],"wp:attachment":[{"href":"https:\/\/softicated.com\/de\/wp-json\/wp\/v2\/media?parent=7705"}],"wp:term":[{"taxonomy":"product_brand","embeddable":true,"href":"https:\/\/softicated.com\/de\/wp-json\/wp\/v2\/product_brand?post=7705"},{"taxonomy":"product_cat","embeddable":true,"href":"https:\/\/softicated.com\/de\/wp-json\/wp\/v2\/product_cat?post=7705"},{"taxonomy":"product_tag","embeddable":true,"href":"https:\/\/softicated.com\/de\/wp-json\/wp\/v2\/product_tag?post=7705"},{"taxonomy":"collections","embeddable":true,"href":"https:\/\/softicated.com\/de\/wp-json\/wp\/v2\/collections?post=7705"},{"taxonomy":"awards","embeddable":true,"href":"https:\/\/softicated.com\/de\/wp-json\/wp\/v2\/awards?post=7705"},{"taxonomy":"by_color","embeddable":true,"href":"https:\/\/softicated.com\/de\/wp-json\/wp\/v2\/by_color?post=7705"}],"curies":[{"name":"wp","href":"https:\/\/api.w.org\/{rel}","templated":true}]}}