{"id":7704,"date":"2022-09-23T11:01:13","date_gmt":"2022-09-23T09:01:13","guid":{"rendered":"https:\/\/softicated.com\/?post_type=product&#038;p=7704"},"modified":"2026-03-24T05:35:42","modified_gmt":"2026-03-24T04:35:42","slug":"tabouret-cuivre","status":"publish","type":"product","link":"https:\/\/softicated.com\/de\/produit\/tabouret-cuivre\/","title":{"rendered":"Designerhocker in Kupfer"},"content":{"rendered":"<p>Kupfer begeistert durch seine F\u00e4higkeit, Modernit\u00e4t und Authentizit\u00e4t zu vereinen. Sein Farbton, der zwischen Orange und Ros\u00e9 changiert, bringt ein sanftes und beruhigendes Licht in Innenr\u00e4ume. In der Innenarchitektur ist Kupfer weit mehr als nur eine Farbe; es schafft eine warme und einladende Atmosph\u00e4re, die perfekt ist, um einen Raum wohnlich zu gestalten.<\/p>\n<p>Mit der Integration dieses Farbtons in unseren ikonischen Hocker bieten wir unseren Kunden ein M\u00f6belst\u00fcck, das zeitlose Trends \u00fcberdauert und dabei eine Note von Eleganz und Modernit\u00e4t verleiht. Dieser Farbton unterstreicht die klaren Linien des Hockers und hebt sein raffiniertes Design hervor.<\/p>\n<p>Le tabouret Signet Ring n\u2019est pas simplement un meuble; il transforme les espaces attirant l\u2019attention et \u00e9voquant l\u2019\u00e9merveillement. Chaque d\u00e9tail a \u00e9t\u00e9 soigneusement pens\u00e9 pour faire de cette cr\u00e9ation design une pi\u00e8ce \u00e0 la fois unique et intemporelle. Ce tabouret cuivr\u00e9 et sa teinte m\u00e9tallis\u00e9e est un hommage \u00e0 l\u2019\u00e9clat des mat\u00e9riaux pr\u00e9cieux.<\/p>\n<p>Der kupferfarbene Hocker, mit seinen warmen, metallischen Reflexen und seiner luxuri\u00f6sen Ausstrahlung, ist ein Objekt, das Trends \u00fcberdauert und sich nahtlos sowohl in klassische als auch in moderne Dekorstile einf\u00fcgt.<\/p>\n<p>Lassen Sie sich von der Intensit\u00e4t des kupferfarbenen Signet-Ring-Hockers verzaubern \u2013 ein Farbton, der Ihre Innenr\u00e4ume erhellt und eine anspruchsvolle und mutige Vision von Luxus verk\u00f6rpert.<\/p>","protected":false},"excerpt":{"rendered":"<p>Le cuivre s\u00e9duit par sa capacit\u00e9 \u00e0 allier modernit\u00e9 et authenticit\u00e9. Sa teinte, oscillant entre l\u2019orang\u00e9 et le rose, apporte une lumi\u00e8re douce et r\u00e9confortante dans les int\u00e9rieurs. Dans la d\u00e9coration d\u2019int\u00e9rieur, le cuivre est bien plus qu\u2019une simple couleur car il diffuse une ambiance chaleureuse et conviviale, id\u00e9ale pour rendre un espace accueillant. En [&hellip;]<\/p>","protected":false},"featured_media":13482,"comment_status":"closed","ping_status":"closed","template":"","meta":{"_acf_changed":false},"product_brand":[],"product_cat":[93],"product_tag":[],"collections":[181],"awards":[146,147,136,166,167],"by_color":[],"by_style":[],"class_list":{"0":"post-7704","1":"product","2":"type-product","3":"status-publish","4":"has-post-thumbnail","6":"product_cat-tabouret-design-softicated","7":"product_shipping_class-mobilier-signet-ring","8":"collections-tabouret-design-softicated","9":"awards-big-see-awards-2023-softicated-signet-ring","10":"awards-iconic-award-2023-softicated-signet-ring","11":"awards-ida-design-award-honorable-mention-2022","12":"awards-luxury-lifestyle-awards-2024","13":"awards-archiproducts-2024-longlisted-product","15":"first","16":"instock","17":"shipping-taxable","18":"purchasable","19":"product-type-simple"},"acf":[],"yoast_head":"<!-- This site is optimized with the Yoast SEO Premium plugin v25.7.1 (Yoast SEO v26.9) - https:\/\/yoast.com\/product\/yoast-seo-premium-wordpress\/ -->\n<title>Tabouret design Cuivre - Softicated<\/title>\n<meta name=\"description\" content=\"Le tabouret Signet Ring de Softicated n&#039;est pas simplement un meuble; il transforme les espaces attirant l&#039;attention et \u00e9voquant l&#039;\u00e9merveillement.\" \/>\n<meta name=\"robots\" content=\"index, follow, max-snippet:-1, max-image-preview:large, max-video-preview:-1\" \/>\n<link rel=\"canonical\" href=\"https:\/\/softicated.com\/de\/produit\/tabouret-cuivre\/\" \/>\n<meta property=\"og:locale\" content=\"de_DE\" \/>\n<meta property=\"og:type\" content=\"article\" \/>\n<meta property=\"og:title\" content=\"Tabouret design Cuivre\" \/>\n<meta property=\"og:description\" content=\"Le tabouret Signet Ring de Softicated n&#039;est pas simplement un meuble; il transforme les espaces attirant l&#039;attention et \u00e9voquant l&#039;\u00e9merveillement.\" \/>\n<meta property=\"og:url\" content=\"https:\/\/softicated.com\/de\/produit\/tabouret-cuivre\/\" \/>\n<meta property=\"og:site_name\" content=\"Softicated\" \/>\n<meta property=\"article:publisher\" content=\"https:\/\/www.facebook.com\/Softicated\" \/>\n<meta property=\"article:modified_time\" content=\"2026-03-24T04:35:42+00:00\" \/>\n<meta property=\"og:image\" content=\"https:\/\/softicated.com\/wp-content\/uploads\/2022\/09\/Cuivre.png\" \/>\n\t<meta property=\"og:image:width\" content=\"350\" \/>\n\t<meta property=\"og:image:height\" content=\"350\" \/>\n\t<meta property=\"og:image:type\" content=\"image\/png\" \/>\n<meta name=\"twitter:card\" content=\"summary_large_image\" \/>\n<script type=\"application\/ld+json\" class=\"yoast-schema-graph\">{\"@context\":\"https:\/\/schema.org\",\"@graph\":[{\"@type\":\"WebPage\",\"@id\":\"https:\/\/softicated.com\/produit\/tabouret-cuivre\/\",\"url\":\"https:\/\/softicated.com\/produit\/tabouret-cuivre\/\",\"name\":\"Tabouret design Cuivre - Softicated\",\"isPartOf\":{\"@id\":\"https:\/\/softicated.com\/#website\"},\"primaryImageOfPage\":{\"@id\":\"https:\/\/softicated.com\/produit\/tabouret-cuivre\/#primaryimage\"},\"image\":{\"@id\":\"https:\/\/softicated.com\/produit\/tabouret-cuivre\/#primaryimage\"},\"thumbnailUrl\":\"https:\/\/softicated.com\/wp-content\/uploads\/2022\/09\/Cuivre.png\",\"datePublished\":\"2022-09-23T09:01:13+00:00\",\"dateModified\":\"2026-03-24T04:35:42+00:00\",\"description\":\"Le tabouret Signet Ring de Softicated n'est pas simplement un meuble; il transforme les espaces attirant l'attention et \u00e9voquant l'\u00e9merveillement.\",\"breadcrumb\":{\"@id\":\"https:\/\/softicated.com\/produit\/tabouret-cuivre\/#breadcrumb\"},\"inLanguage\":\"de-CH\",\"potentialAction\":[{\"@type\":\"ReadAction\",\"target\":[\"https:\/\/softicated.com\/produit\/tabouret-cuivre\/\"]}]},{\"@type\":\"ImageObject\",\"inLanguage\":\"de-CH\",\"@id\":\"https:\/\/softicated.com\/produit\/tabouret-cuivre\/#primaryimage\",\"url\":\"https:\/\/softicated.com\/wp-content\/uploads\/2022\/09\/Cuivre.png\",\"contentUrl\":\"https:\/\/softicated.com\/wp-content\/uploads\/2022\/09\/Cuivre.png\",\"width\":350,\"height\":350,\"caption\":\"Cuivre\"},{\"@type\":\"BreadcrumbList\",\"@id\":\"https:\/\/softicated.com\/produit\/tabouret-cuivre\/#breadcrumb\",\"itemListElement\":[{\"@type\":\"ListItem\",\"position\":1,\"name\":\"Accueil\",\"item\":\"https:\/\/softicated.com\/\"},{\"@type\":\"ListItem\",\"position\":2,\"name\":\"Produits Mobilier Premium Softicated\",\"item\":\"https:\/\/softicated.com\/produits\/\"},{\"@type\":\"ListItem\",\"position\":3,\"name\":\"Assise design\",\"item\":\"https:\/\/softicated.com\/categorie-produit\/assises\/\"},{\"@type\":\"ListItem\",\"position\":4,\"name\":\"Tabouret design\",\"item\":\"https:\/\/softicated.com\/categorie-produit\/assises\/tabouret-design-softicated\/\"},{\"@type\":\"ListItem\",\"position\":5,\"name\":\"Tabouret design cuivre Signet Ring\"}]},{\"@type\":\"WebSite\",\"@id\":\"https:\/\/softicated.com\/#website\",\"url\":\"https:\/\/softicated.com\/\",\"name\":\"Softicated\",\"description\":\"Cr\u00e9ateur de meubles, luminaires et tapis premium\",\"publisher\":{\"@id\":\"https:\/\/softicated.com\/#organization\"},\"potentialAction\":[{\"@type\":\"SearchAction\",\"target\":{\"@type\":\"EntryPoint\",\"urlTemplate\":\"https:\/\/softicated.com\/?s={search_term_string}\"},\"query-input\":{\"@type\":\"PropertyValueSpecification\",\"valueRequired\":true,\"valueName\":\"search_term_string\"}}],\"inLanguage\":\"de-CH\"},{\"@type\":\"Organization\",\"@id\":\"https:\/\/softicated.com\/#organization\",\"name\":\"Softicated\",\"url\":\"https:\/\/softicated.com\/\",\"logo\":{\"@type\":\"ImageObject\",\"inLanguage\":\"de-CH\",\"@id\":\"https:\/\/softicated.com\/#\/schema\/logo\/image\/\",\"url\":\"https:\/\/softicated.com\/wp-content\/uploads\/2025\/11\/logo-dark-2.svg\",\"contentUrl\":\"https:\/\/softicated.com\/wp-content\/uploads\/2025\/11\/logo-dark-2.svg\",\"caption\":\"Softicated\"},\"image\":{\"@id\":\"https:\/\/softicated.com\/#\/schema\/logo\/image\/\"},\"sameAs\":[\"https:\/\/www.facebook.com\/Softicated\",\"https:\/\/www.pinterest.com\/softicateddesign\",\"https:\/\/www.instagram.com\/softicated.design\"]}]}<\/script>\n<!-- \/ Yoast SEO Premium plugin. -->","yoast_head_json":{"title":"Designerhocker in Kupfer - Softicated","description":"Le tabouret Signet Ring de Softicated n'est pas simplement un meuble; il transforme les espaces attirant l'attention et \u00e9voquant l'\u00e9merveillement.","robots":{"index":"index","follow":"follow","max-snippet":"max-snippet:-1","max-image-preview":"max-image-preview:large","max-video-preview":"max-video-preview:-1"},"canonical":"https:\/\/softicated.com\/de\/produit\/tabouret-cuivre\/","og_locale":"de_DE","og_type":"article","og_title":"Tabouret design Cuivre","og_description":"Le tabouret Signet Ring de Softicated n'est pas simplement un meuble; il transforme les espaces attirant l'attention et \u00e9voquant l'\u00e9merveillement.","og_url":"https:\/\/softicated.com\/de\/produit\/tabouret-cuivre\/","og_site_name":"Softicated","article_publisher":"https:\/\/www.facebook.com\/Softicated","article_modified_time":"2026-03-24T04:35:42+00:00","og_image":[{"width":350,"height":350,"url":"https:\/\/softicated.com\/wp-content\/uploads\/2022\/09\/Cuivre.png","type":"image\/png"}],"twitter_card":"summary_large_image","schema":{"@context":"https:\/\/schema.org","@graph":[{"@type":"WebPage","@id":"https:\/\/softicated.com\/produit\/tabouret-cuivre\/","url":"https:\/\/softicated.com\/produit\/tabouret-cuivre\/","name":"Designerhocker in Kupfer - Softicated","isPartOf":{"@id":"https:\/\/softicated.com\/#website"},"primaryImageOfPage":{"@id":"https:\/\/softicated.com\/produit\/tabouret-cuivre\/#primaryimage"},"image":{"@id":"https:\/\/softicated.com\/produit\/tabouret-cuivre\/#primaryimage"},"thumbnailUrl":"https:\/\/softicated.com\/wp-content\/uploads\/2022\/09\/Cuivre.png","datePublished":"2022-09-23T09:01:13+00:00","dateModified":"2026-03-24T04:35:42+00:00","description":"Le tabouret Signet Ring de Softicated n'est pas simplement un meuble; il transforme les espaces attirant l'attention et \u00e9voquant l'\u00e9merveillement.","breadcrumb":{"@id":"https:\/\/softicated.com\/produit\/tabouret-cuivre\/#breadcrumb"},"inLanguage":"de-CH","potentialAction":[{"@type":"ReadAction","target":["https:\/\/softicated.com\/produit\/tabouret-cuivre\/"]}]},{"@type":"ImageObject","inLanguage":"de-CH","@id":"https:\/\/softicated.com\/produit\/tabouret-cuivre\/#primaryimage","url":"https:\/\/softicated.com\/wp-content\/uploads\/2022\/09\/Cuivre.png","contentUrl":"https:\/\/softicated.com\/wp-content\/uploads\/2022\/09\/Cuivre.png","width":350,"height":350,"caption":"Cuivre"},{"@type":"BreadcrumbList","@id":"https:\/\/softicated.com\/produit\/tabouret-cuivre\/#breadcrumb","itemListElement":[{"@type":"ListItem","position":1,"name":"Accueil","item":"https:\/\/softicated.com\/"},{"@type":"ListItem","position":2,"name":"Produits Mobilier Premium Softicated","item":"https:\/\/softicated.com\/produits\/"},{"@type":"ListItem","position":3,"name":"Assise design","item":"https:\/\/softicated.com\/categorie-produit\/assises\/"},{"@type":"ListItem","position":4,"name":"Tabouret design","item":"https:\/\/softicated.com\/categorie-produit\/assises\/tabouret-design-softicated\/"},{"@type":"ListItem","position":5,"name":"Tabouret design cuivre Signet Ring"}]},{"@type":"WebSite","@id":"https:\/\/softicated.com\/#website","url":"https:\/\/softicated.com\/","name":"Softicated","description":"Sch\u00f6pfer hochwertiger M\u00f6bel, Leuchten und Teppiche","publisher":{"@id":"https:\/\/softicated.com\/#organization"},"potentialAction":[{"@type":"SearchAction","target":{"@type":"EntryPoint","urlTemplate":"https:\/\/softicated.com\/?s={search_term_string}"},"query-input":{"@type":"PropertyValueSpecification","valueRequired":true,"valueName":"search_term_string"}}],"inLanguage":"de-CH"},{"@type":"Organization","@id":"https:\/\/softicated.com\/#organization","name":"Softicated","url":"https:\/\/softicated.com\/","logo":{"@type":"ImageObject","inLanguage":"de-CH","@id":"https:\/\/softicated.com\/#\/schema\/logo\/image\/","url":"https:\/\/softicated.com\/wp-content\/uploads\/2025\/11\/logo-dark-2.svg","contentUrl":"https:\/\/softicated.com\/wp-content\/uploads\/2025\/11\/logo-dark-2.svg","caption":"Softicated"},"image":{"@id":"https:\/\/softicated.com\/#\/schema\/logo\/image\/"},"sameAs":["https:\/\/www.facebook.com\/Softicated","https:\/\/www.pinterest.com\/softicateddesign","https:\/\/www.instagram.com\/softicated.design"]}]}},"_links":{"self":[{"href":"https:\/\/softicated.com\/de\/wp-json\/wp\/v2\/product\/7704","targetHints":{"allow":["GET"]}}],"collection":[{"href":"https:\/\/softicated.com\/de\/wp-json\/wp\/v2\/product"}],"about":[{"href":"https:\/\/softicated.com\/de\/wp-json\/wp\/v2\/types\/product"}],"replies":[{"embeddable":true,"href":"https:\/\/softicated.com\/de\/wp-json\/wp\/v2\/comments?post=7704"}],"wp:featuredmedia":[{"embeddable":true,"href":"https:\/\/softicated.com\/de\/wp-json\/wp\/v2\/media\/13482"}],"wp:attachment":[{"href":"https:\/\/softicated.com\/de\/wp-json\/wp\/v2\/media?parent=7704"}],"wp:term":[{"taxonomy":"product_brand","embeddable":true,"href":"https:\/\/softicated.com\/de\/wp-json\/wp\/v2\/product_brand?post=7704"},{"taxonomy":"product_cat","embeddable":true,"href":"https:\/\/softicated.com\/de\/wp-json\/wp\/v2\/product_cat?post=7704"},{"taxonomy":"product_tag","embeddable":true,"href":"https:\/\/softicated.com\/de\/wp-json\/wp\/v2\/product_tag?post=7704"},{"taxonomy":"collections","embeddable":true,"href":"https:\/\/softicated.com\/de\/wp-json\/wp\/v2\/collections?post=7704"},{"taxonomy":"awards","embeddable":true,"href":"https:\/\/softicated.com\/de\/wp-json\/wp\/v2\/awards?post=7704"},{"taxonomy":"by_color","embeddable":true,"href":"https:\/\/softicated.com\/de\/wp-json\/wp\/v2\/by_color?post=7704"},{"taxonomy":"by_style","embeddable":true,"href":"https:\/\/softicated.com\/de\/wp-json\/wp\/v2\/by_style?post=7704"}],"curies":[{"name":"wp","href":"https:\/\/api.w.org\/{rel}","templated":true}]}}