{"id":7703,"date":"2022-09-23T11:01:02","date_gmt":"2022-09-23T09:01:02","guid":{"rendered":"https:\/\/softicated.com\/?post_type=product&#038;p=7703"},"modified":"2026-03-24T05:36:08","modified_gmt":"2026-03-24T04:36:08","slug":"tabouret-dore","status":"publish","type":"product","link":"https:\/\/softicated.com\/de\/produit\/tabouret-dore\/","title":{"rendered":"Designerhocker in Gold"},"content":{"rendered":"<p>Gold, die Farbe des Lichts und des Reichtums, ist die ideale Wahl f\u00fcr alle, die ihrem Interieur eine besondere Note der Exklusivit\u00e4t verleihen m\u00f6chten. Gold \u00fcberwindet Trends und verk\u00f6rpert eine anspruchsvolle Ausstrahlung, die auf nat\u00fcrliche Weise alle Blicke auf sich zieht. Inspiriert von der Welt des Luxus und edler Materialien, verleiht diese Farbe unserem Designhocker einen einzigartigen Charakter, der sowohl k\u00fchn als auch pr\u00e4chtig ist.<\/p>\n<p>Gold, ein strahlender und raffinierter Farbton, ist ein universelles Symbol f\u00fcr Wohlstand und Eleganz. In der Inneneinrichtung bringt es einen Hauch von Glamour und W\u00e4rme und verwandelt jeden Raum in einen Ort, der gleicherma\u00dfen elegant wie einladend ist. Ob sparsam eingesetzt oder als zentrales Designelement, Gold passt sich m\u00fchelos jedem Stil an \u2013 sei es klassisch, zeitgen\u00f6ssisch oder eklektisch.<\/p>\n<p>Tel un bijou ench\u00e2ss\u00e9 dans son \u00e9crin, le tabouret signature Signet Ring s\u2019int\u00e8gre harmonieusement \u00e0 votre int\u00e9rieur, apportant une note de raffinement et une touche d\u2019\u00e9clat \u00e0 votre espace.<\/p>\n<p>Der goldene Hocker ist mehr als nur ein M\u00f6belst\u00fcck. Sein metallischer Glanz verleiht jedem Interieur einen Hauch von Glamour und Modernit\u00e4t, w\u00e4hrend er gleichzeitig eine zeitlose \u00c4sthetik bewahrt.<\/p>\n<p>Trotz seines luxuri\u00f6sen Aussehens bleibt der Designhocker in Gold unserem Engagement f\u00fcr praktisches und vielseitiges Mobiliar treu. Kompakt und leicht zu bewegen, bietet er eine bequeme Sitzgelegenheit und verk\u00f6rpert gleichzeitig einen modernen Stil. Er f\u00fcgt sich m\u00fchelos in Wohnr\u00e4ume ein und wertet zudem professionelle Umgebungen wie B\u00fcros, Bars oder Hotels auf.<\/p>\n<p>Die Wahl des goldenen Hockers in Ihrer Einrichtung bedeutet, sich f\u00fcr eine Farbe zu entscheiden, die Luxus und Harmonie ausstrahlt. Mit Gold erhellen Sie Ihre Innenr\u00e4ume und schaffen R\u00e4ume, in denen Eleganz, Modernit\u00e4t und zeitlose Raffinesse herrschen. Eine wertvolle Farbe, die Ihrem Raum Glanz, W\u00e4rme und Raffinesse verleiht.<\/p>","protected":false},"excerpt":{"rendered":"<p>Couleur de la lumi\u00e8re et de la richesse, le dor\u00e9 s\u2019impose comme un choix id\u00e9al pour ceux qui recherchent une touche de distinction dans leur int\u00e9rieur. Le dor\u00e9 transcende les tendances et incarne une allure sophistiqu\u00e9e qui attire naturellement les regards. Inspir\u00e9e par l\u2019univers du luxe et des mati\u00e8res pr\u00e9cieuses, cette couleur conf\u00e8re \u00e0 notre [&hellip;]<\/p>","protected":false},"featured_media":13481,"comment_status":"closed","ping_status":"closed","template":"","meta":{"_acf_changed":false},"product_brand":[],"product_cat":[93],"product_tag":[],"collections":[181],"awards":[146,147,136,166,167],"by_color":[],"class_list":{"0":"post-7703","1":"product","2":"type-product","3":"status-publish","4":"has-post-thumbnail","6":"product_cat-tabouret-design-softicated","7":"product_shipping_class-mobilier-signet-ring","8":"collections-tabouret-design-softicated","9":"awards-big-see-awards-2023-softicated-signet-ring","10":"awards-iconic-award-2023-softicated-signet-ring","11":"awards-ida-design-award-honorable-mention-2022","12":"awards-luxury-lifestyle-awards-2024","13":"awards-archiproducts-2024-longlisted-product","15":"first","16":"instock","17":"shipping-taxable","18":"purchasable","19":"product-type-simple"},"acf":[],"yoast_head":"<!-- This site is optimized with the Yoast SEO Premium plugin v25.7.1 (Yoast SEO v26.9) - https:\/\/yoast.com\/product\/yoast-seo-premium-wordpress\/ -->\n<title>Tabouret design Dor\u00e9 - Softicated<\/title>\n<meta name=\"description\" content=\"Couleur de la lumi\u00e8re et de la richesse, le dor\u00e9 s\u2019impose comme un choix id\u00e9al pour ceux qui recherchent une touche de distinction dans leur int\u00e9rieur.\" \/>\n<meta name=\"robots\" content=\"index, follow, max-snippet:-1, max-image-preview:large, max-video-preview:-1\" \/>\n<link rel=\"canonical\" href=\"https:\/\/softicated.com\/de\/produit\/tabouret-dore\/\" \/>\n<meta property=\"og:locale\" content=\"de_DE\" \/>\n<meta property=\"og:type\" content=\"article\" \/>\n<meta property=\"og:title\" content=\"Tabouret design Dor\u00e9\" \/>\n<meta property=\"og:description\" content=\"Couleur de la lumi\u00e8re et de la richesse, le dor\u00e9 s\u2019impose comme un choix id\u00e9al pour ceux qui recherchent une touche de distinction dans leur int\u00e9rieur.\" \/>\n<meta property=\"og:url\" content=\"https:\/\/softicated.com\/de\/produit\/tabouret-dore\/\" \/>\n<meta property=\"og:site_name\" content=\"Softicated\" \/>\n<meta property=\"article:publisher\" content=\"https:\/\/www.facebook.com\/Softicated\" \/>\n<meta property=\"article:modified_time\" content=\"2026-03-24T04:36:08+00:00\" \/>\n<meta property=\"og:image\" content=\"https:\/\/softicated.com\/wp-content\/uploads\/2022\/09\/Dore.png\" \/>\n\t<meta property=\"og:image:width\" content=\"350\" \/>\n\t<meta property=\"og:image:height\" content=\"350\" \/>\n\t<meta property=\"og:image:type\" content=\"image\/png\" \/>\n<meta name=\"twitter:card\" content=\"summary_large_image\" \/>\n<script type=\"application\/ld+json\" class=\"yoast-schema-graph\">{\"@context\":\"https:\/\/schema.org\",\"@graph\":[{\"@type\":\"WebPage\",\"@id\":\"https:\/\/softicated.com\/produit\/tabouret-dore\/\",\"url\":\"https:\/\/softicated.com\/produit\/tabouret-dore\/\",\"name\":\"Tabouret design Dor\u00e9 - Softicated\",\"isPartOf\":{\"@id\":\"https:\/\/softicated.com\/#website\"},\"primaryImageOfPage\":{\"@id\":\"https:\/\/softicated.com\/produit\/tabouret-dore\/#primaryimage\"},\"image\":{\"@id\":\"https:\/\/softicated.com\/produit\/tabouret-dore\/#primaryimage\"},\"thumbnailUrl\":\"https:\/\/softicated.com\/wp-content\/uploads\/2022\/09\/Dore.png\",\"datePublished\":\"2022-09-23T09:01:02+00:00\",\"dateModified\":\"2026-03-24T04:36:08+00:00\",\"description\":\"Couleur de la lumi\u00e8re et de la richesse, le dor\u00e9 s\u2019impose comme un choix id\u00e9al pour ceux qui recherchent une touche de distinction dans leur int\u00e9rieur.\",\"breadcrumb\":{\"@id\":\"https:\/\/softicated.com\/produit\/tabouret-dore\/#breadcrumb\"},\"inLanguage\":\"de-CH\",\"potentialAction\":[{\"@type\":\"ReadAction\",\"target\":[\"https:\/\/softicated.com\/produit\/tabouret-dore\/\"]}]},{\"@type\":\"ImageObject\",\"inLanguage\":\"de-CH\",\"@id\":\"https:\/\/softicated.com\/produit\/tabouret-dore\/#primaryimage\",\"url\":\"https:\/\/softicated.com\/wp-content\/uploads\/2022\/09\/Dore.png\",\"contentUrl\":\"https:\/\/softicated.com\/wp-content\/uploads\/2022\/09\/Dore.png\",\"width\":350,\"height\":350,\"caption\":\"Dore\u0301\"},{\"@type\":\"BreadcrumbList\",\"@id\":\"https:\/\/softicated.com\/produit\/tabouret-dore\/#breadcrumb\",\"itemListElement\":[{\"@type\":\"ListItem\",\"position\":1,\"name\":\"Accueil\",\"item\":\"https:\/\/softicated.com\/\"},{\"@type\":\"ListItem\",\"position\":2,\"name\":\"Produits Mobilier Premium Softicated\",\"item\":\"https:\/\/softicated.com\/produits\/\"},{\"@type\":\"ListItem\",\"position\":3,\"name\":\"Assise design\",\"item\":\"https:\/\/softicated.com\/categorie-produit\/assises\/\"},{\"@type\":\"ListItem\",\"position\":4,\"name\":\"Tabouret design\",\"item\":\"https:\/\/softicated.com\/categorie-produit\/assises\/tabouret-design-softicated\/\"},{\"@type\":\"ListItem\",\"position\":5,\"name\":\"Tabouret Design dor\u00e9 signet ring\"}]},{\"@type\":\"WebSite\",\"@id\":\"https:\/\/softicated.com\/#website\",\"url\":\"https:\/\/softicated.com\/\",\"name\":\"Softicated\",\"description\":\"Cr\u00e9ateur de meubles, luminaires et tapis premium\",\"publisher\":{\"@id\":\"https:\/\/softicated.com\/#organization\"},\"potentialAction\":[{\"@type\":\"SearchAction\",\"target\":{\"@type\":\"EntryPoint\",\"urlTemplate\":\"https:\/\/softicated.com\/?s={search_term_string}\"},\"query-input\":{\"@type\":\"PropertyValueSpecification\",\"valueRequired\":true,\"valueName\":\"search_term_string\"}}],\"inLanguage\":\"de-CH\"},{\"@type\":\"Organization\",\"@id\":\"https:\/\/softicated.com\/#organization\",\"name\":\"Softicated\",\"url\":\"https:\/\/softicated.com\/\",\"logo\":{\"@type\":\"ImageObject\",\"inLanguage\":\"de-CH\",\"@id\":\"https:\/\/softicated.com\/#\/schema\/logo\/image\/\",\"url\":\"https:\/\/softicated.com\/wp-content\/uploads\/2025\/11\/logo-dark-2.svg\",\"contentUrl\":\"https:\/\/softicated.com\/wp-content\/uploads\/2025\/11\/logo-dark-2.svg\",\"caption\":\"Softicated\"},\"image\":{\"@id\":\"https:\/\/softicated.com\/#\/schema\/logo\/image\/\"},\"sameAs\":[\"https:\/\/www.facebook.com\/Softicated\",\"https:\/\/www.pinterest.com\/softicateddesign\",\"https:\/\/www.instagram.com\/softicated.design\"]}]}<\/script>\n<!-- \/ Yoast SEO Premium plugin. -->","yoast_head_json":{"title":"Designerhocker in Gold - Softicated","description":"Couleur de la lumi\u00e8re et de la richesse, le dor\u00e9 s\u2019impose comme un choix id\u00e9al pour ceux qui recherchent une touche de distinction dans leur int\u00e9rieur.","robots":{"index":"index","follow":"follow","max-snippet":"max-snippet:-1","max-image-preview":"max-image-preview:large","max-video-preview":"max-video-preview:-1"},"canonical":"https:\/\/softicated.com\/de\/produit\/tabouret-dore\/","og_locale":"de_DE","og_type":"article","og_title":"Tabouret design Dor\u00e9","og_description":"Couleur de la lumi\u00e8re et de la richesse, le dor\u00e9 s\u2019impose comme un choix id\u00e9al pour ceux qui recherchent une touche de distinction dans leur int\u00e9rieur.","og_url":"https:\/\/softicated.com\/de\/produit\/tabouret-dore\/","og_site_name":"Softicated","article_publisher":"https:\/\/www.facebook.com\/Softicated","article_modified_time":"2026-03-24T04:36:08+00:00","og_image":[{"width":350,"height":350,"url":"https:\/\/softicated.com\/wp-content\/uploads\/2022\/09\/Dore.png","type":"image\/png"}],"twitter_card":"summary_large_image","schema":{"@context":"https:\/\/schema.org","@graph":[{"@type":"WebPage","@id":"https:\/\/softicated.com\/produit\/tabouret-dore\/","url":"https:\/\/softicated.com\/produit\/tabouret-dore\/","name":"Designerhocker in Gold - Softicated","isPartOf":{"@id":"https:\/\/softicated.com\/#website"},"primaryImageOfPage":{"@id":"https:\/\/softicated.com\/produit\/tabouret-dore\/#primaryimage"},"image":{"@id":"https:\/\/softicated.com\/produit\/tabouret-dore\/#primaryimage"},"thumbnailUrl":"https:\/\/softicated.com\/wp-content\/uploads\/2022\/09\/Dore.png","datePublished":"2022-09-23T09:01:02+00:00","dateModified":"2026-03-24T04:36:08+00:00","description":"Couleur de la lumi\u00e8re et de la richesse, le dor\u00e9 s\u2019impose comme un choix id\u00e9al pour ceux qui recherchent une touche de distinction dans leur int\u00e9rieur.","breadcrumb":{"@id":"https:\/\/softicated.com\/produit\/tabouret-dore\/#breadcrumb"},"inLanguage":"de-CH","potentialAction":[{"@type":"ReadAction","target":["https:\/\/softicated.com\/produit\/tabouret-dore\/"]}]},{"@type":"ImageObject","inLanguage":"de-CH","@id":"https:\/\/softicated.com\/produit\/tabouret-dore\/#primaryimage","url":"https:\/\/softicated.com\/wp-content\/uploads\/2022\/09\/Dore.png","contentUrl":"https:\/\/softicated.com\/wp-content\/uploads\/2022\/09\/Dore.png","width":350,"height":350,"caption":"Dore\u0301"},{"@type":"BreadcrumbList","@id":"https:\/\/softicated.com\/produit\/tabouret-dore\/#breadcrumb","itemListElement":[{"@type":"ListItem","position":1,"name":"Accueil","item":"https:\/\/softicated.com\/"},{"@type":"ListItem","position":2,"name":"Produits Mobilier Premium Softicated","item":"https:\/\/softicated.com\/produits\/"},{"@type":"ListItem","position":3,"name":"Assise design","item":"https:\/\/softicated.com\/categorie-produit\/assises\/"},{"@type":"ListItem","position":4,"name":"Tabouret design","item":"https:\/\/softicated.com\/categorie-produit\/assises\/tabouret-design-softicated\/"},{"@type":"ListItem","position":5,"name":"Tabouret Design dor\u00e9 signet ring"}]},{"@type":"WebSite","@id":"https:\/\/softicated.com\/#website","url":"https:\/\/softicated.com\/","name":"Softicated","description":"Sch\u00f6pfer hochwertiger M\u00f6bel, Leuchten und Teppiche","publisher":{"@id":"https:\/\/softicated.com\/#organization"},"potentialAction":[{"@type":"SearchAction","target":{"@type":"EntryPoint","urlTemplate":"https:\/\/softicated.com\/?s={search_term_string}"},"query-input":{"@type":"PropertyValueSpecification","valueRequired":true,"valueName":"search_term_string"}}],"inLanguage":"de-CH"},{"@type":"Organization","@id":"https:\/\/softicated.com\/#organization","name":"Softicated","url":"https:\/\/softicated.com\/","logo":{"@type":"ImageObject","inLanguage":"de-CH","@id":"https:\/\/softicated.com\/#\/schema\/logo\/image\/","url":"https:\/\/softicated.com\/wp-content\/uploads\/2025\/11\/logo-dark-2.svg","contentUrl":"https:\/\/softicated.com\/wp-content\/uploads\/2025\/11\/logo-dark-2.svg","caption":"Softicated"},"image":{"@id":"https:\/\/softicated.com\/#\/schema\/logo\/image\/"},"sameAs":["https:\/\/www.facebook.com\/Softicated","https:\/\/www.pinterest.com\/softicateddesign","https:\/\/www.instagram.com\/softicated.design"]}]}},"_links":{"self":[{"href":"https:\/\/softicated.com\/de\/wp-json\/wp\/v2\/product\/7703","targetHints":{"allow":["GET"]}}],"collection":[{"href":"https:\/\/softicated.com\/de\/wp-json\/wp\/v2\/product"}],"about":[{"href":"https:\/\/softicated.com\/de\/wp-json\/wp\/v2\/types\/product"}],"replies":[{"embeddable":true,"href":"https:\/\/softicated.com\/de\/wp-json\/wp\/v2\/comments?post=7703"}],"wp:featuredmedia":[{"embeddable":true,"href":"https:\/\/softicated.com\/de\/wp-json\/wp\/v2\/media\/13481"}],"wp:attachment":[{"href":"https:\/\/softicated.com\/de\/wp-json\/wp\/v2\/media?parent=7703"}],"wp:term":[{"taxonomy":"product_brand","embeddable":true,"href":"https:\/\/softicated.com\/de\/wp-json\/wp\/v2\/product_brand?post=7703"},{"taxonomy":"product_cat","embeddable":true,"href":"https:\/\/softicated.com\/de\/wp-json\/wp\/v2\/product_cat?post=7703"},{"taxonomy":"product_tag","embeddable":true,"href":"https:\/\/softicated.com\/de\/wp-json\/wp\/v2\/product_tag?post=7703"},{"taxonomy":"collections","embeddable":true,"href":"https:\/\/softicated.com\/de\/wp-json\/wp\/v2\/collections?post=7703"},{"taxonomy":"awards","embeddable":true,"href":"https:\/\/softicated.com\/de\/wp-json\/wp\/v2\/awards?post=7703"},{"taxonomy":"by_color","embeddable":true,"href":"https:\/\/softicated.com\/de\/wp-json\/wp\/v2\/by_color?post=7703"}],"curies":[{"name":"wp","href":"https:\/\/api.w.org\/{rel}","templated":true}]}}