{"id":7678,"date":"2022-09-20T10:12:15","date_gmt":"2022-09-20T08:12:15","guid":{"rendered":"https:\/\/softicated.com\/?post_type=product&#038;p=7678"},"modified":"2026-03-24T05:34:38","modified_gmt":"2026-03-24T04:34:38","slug":"tabouret-blanc","status":"publish","type":"product","link":"https:\/\/softicated.com\/de\/produit\/tabouret-blanc\/","title":{"rendered":"Designerhocker in Wei\u00df"},"content":{"rendered":"<p>Wei\u00df, das Symbol f\u00fcr Reinheit und Eleganz, verleiht unserem Hocker eine besondere Dimension. Als ultimative neutrale Farbe ist Wei\u00df weit mehr als nur ein Farbton.<\/p>\n<p>Diese Farbe reflektiert das Licht, vergr\u00f6\u00dfert R\u00e4ume und schafft eine beruhigende, luftige Atmosph\u00e4re. Im Kontrast zu kr\u00e4ftigen Farben oder dunklen T\u00f6nen wird sie zu einem Element von Raffinesse und Modernit\u00e4t.<\/p>\n<p>Wei\u00df unterstreicht unser Engagement f\u00fcr ein Design, das sowohl funktional als auch zeitlos ist. In dieser Farbe wird unser Hocker zu einem echten Kunstobjekt, einem M\u00f6belst\u00fcck, das seine Funktion \u00fcbersteigt. Wei\u00df hebt subtil die Kurven und ausgewogenen Proportionen unseres ikonischen Signet-Ring-Hockers hervor. Dieser wei\u00dfe Hocker ist zugleich dezent und beeindruckend.<\/p>\n<p>Diese universelle und vielseitige Farbe \u00fcberwindet Stilgrenzen und passt sich m\u00fchelos jedem Interieur an \u2013 sei es modern, klassisch oder minimalistisch. Wei\u00df bietet eine neutrale und harmonische Basis, die alle dekorativen Stile hervorhebt.<\/p>\n<p>Der Softicated-Hocker in Wei\u00df \u00fcberdauert Modetrends und bleibt eine essenzielle Farbe in der Innenarchitektur. Seine Neutralit\u00e4t erlaubt es, sich an wechselnde Stile anzupassen und die umliegenden Dekorelemente hervorzuheben.<\/p>\n<p>Lassen Sie sich vom wei\u00dfen Hocker verzaubern, dessen elegante und zeitlose Farbe Ihr Interieur erhellt und den Charakter Ihrer R\u00e4ume betont. Mit dieser makellosen Version unseres ikonischen Hockers bieten wir eine moderne Interpretation von Luxus in seiner reinsten Form.<\/p>","protected":false},"excerpt":{"rendered":"<p>Le blanc, symbole de puret\u00e9 et d\u2019\u00e9l\u00e9gance offre une dimension differente \u00e0 notre tabouret. Couleur neutre par excellence, le blanc est bien plus qu\u2019une simple teinte. Ce coloris refl\u00e8te la lumi\u00e8re, agrandit les espaces et insuffle une atmosph\u00e8re apaisante et a\u00e9rienne. En contraste avec des couleurs vives ou des tons sombres, il devient un \u00e9l\u00e9ment [&hellip;]<\/p>","protected":false},"featured_media":13483,"comment_status":"closed","ping_status":"closed","template":"","meta":{"_acf_changed":false},"product_brand":[],"product_cat":[93],"product_tag":[],"collections":[181],"awards":[146,147,136,166,167],"by_color":[],"class_list":{"0":"post-7678","1":"product","2":"type-product","3":"status-publish","4":"has-post-thumbnail","6":"product_cat-tabouret-design-softicated","7":"product_shipping_class-tapis","8":"collections-tabouret-design-softicated","9":"awards-big-see-awards-2023-softicated-signet-ring","10":"awards-iconic-award-2023-softicated-signet-ring","11":"awards-ida-design-award-honorable-mention-2022","12":"awards-luxury-lifestyle-awards-2024","13":"awards-archiproducts-2024-longlisted-product","15":"first","16":"instock","17":"shipping-taxable","18":"purchasable","19":"product-type-simple"},"acf":[],"yoast_head":"<!-- This site is optimized with the Yoast SEO Premium plugin v25.7.1 (Yoast SEO v26.9) - https:\/\/yoast.com\/product\/yoast-seo-premium-wordpress\/ -->\n<title>Tabouret design Blanc - Softicated<\/title>\n<meta name=\"description\" content=\"Le blanc r\u00e9v\u00e8le avec subtilit\u00e9 les courbes et les proportions \u00e9quilibr\u00e9es de notre tabouret iconique Signet Ring Softicated.\" \/>\n<meta name=\"robots\" content=\"index, follow, max-snippet:-1, max-image-preview:large, max-video-preview:-1\" \/>\n<link rel=\"canonical\" href=\"https:\/\/softicated.com\/de\/produit\/tabouret-blanc\/\" \/>\n<meta property=\"og:locale\" content=\"de_DE\" \/>\n<meta property=\"og:type\" content=\"article\" \/>\n<meta property=\"og:title\" content=\"Tabouret design Blanc\" \/>\n<meta property=\"og:description\" content=\"Le blanc r\u00e9v\u00e8le avec subtilit\u00e9 les courbes et les proportions \u00e9quilibr\u00e9es de notre tabouret iconique Signet Ring Softicated.\" \/>\n<meta property=\"og:url\" content=\"https:\/\/softicated.com\/de\/produit\/tabouret-blanc\/\" \/>\n<meta property=\"og:site_name\" content=\"Softicated\" \/>\n<meta property=\"article:publisher\" content=\"https:\/\/www.facebook.com\/Softicated\" \/>\n<meta property=\"article:modified_time\" content=\"2026-03-24T04:34:38+00:00\" \/>\n<meta property=\"og:image\" content=\"https:\/\/softicated.com\/wp-content\/uploads\/2022\/09\/Blanc.png\" \/>\n\t<meta property=\"og:image:width\" content=\"350\" \/>\n\t<meta property=\"og:image:height\" content=\"350\" \/>\n\t<meta property=\"og:image:type\" content=\"image\/png\" \/>\n<meta name=\"twitter:card\" content=\"summary_large_image\" \/>\n<script type=\"application\/ld+json\" class=\"yoast-schema-graph\">{\"@context\":\"https:\/\/schema.org\",\"@graph\":[{\"@type\":\"WebPage\",\"@id\":\"https:\/\/softicated.com\/produit\/tabouret-blanc\/\",\"url\":\"https:\/\/softicated.com\/produit\/tabouret-blanc\/\",\"name\":\"Tabouret design Blanc - Softicated\",\"isPartOf\":{\"@id\":\"https:\/\/softicated.com\/#website\"},\"primaryImageOfPage\":{\"@id\":\"https:\/\/softicated.com\/produit\/tabouret-blanc\/#primaryimage\"},\"image\":{\"@id\":\"https:\/\/softicated.com\/produit\/tabouret-blanc\/#primaryimage\"},\"thumbnailUrl\":\"https:\/\/softicated.com\/wp-content\/uploads\/2022\/09\/Blanc.png\",\"datePublished\":\"2022-09-20T08:12:15+00:00\",\"dateModified\":\"2026-03-24T04:34:38+00:00\",\"description\":\"Le blanc r\u00e9v\u00e8le avec subtilit\u00e9 les courbes et les proportions \u00e9quilibr\u00e9es de notre tabouret iconique Signet Ring Softicated.\",\"breadcrumb\":{\"@id\":\"https:\/\/softicated.com\/produit\/tabouret-blanc\/#breadcrumb\"},\"inLanguage\":\"de-CH\",\"potentialAction\":[{\"@type\":\"ReadAction\",\"target\":[\"https:\/\/softicated.com\/produit\/tabouret-blanc\/\"]}]},{\"@type\":\"ImageObject\",\"inLanguage\":\"de-CH\",\"@id\":\"https:\/\/softicated.com\/produit\/tabouret-blanc\/#primaryimage\",\"url\":\"https:\/\/softicated.com\/wp-content\/uploads\/2022\/09\/Blanc.png\",\"contentUrl\":\"https:\/\/softicated.com\/wp-content\/uploads\/2022\/09\/Blanc.png\",\"width\":350,\"height\":350,\"caption\":\"Blanc\"},{\"@type\":\"BreadcrumbList\",\"@id\":\"https:\/\/softicated.com\/produit\/tabouret-blanc\/#breadcrumb\",\"itemListElement\":[{\"@type\":\"ListItem\",\"position\":1,\"name\":\"Accueil\",\"item\":\"https:\/\/softicated.com\/\"},{\"@type\":\"ListItem\",\"position\":2,\"name\":\"Produits Mobilier Premium Softicated\",\"item\":\"https:\/\/softicated.com\/produits\/\"},{\"@type\":\"ListItem\",\"position\":3,\"name\":\"Assise design\",\"item\":\"https:\/\/softicated.com\/categorie-produit\/assises\/\"},{\"@type\":\"ListItem\",\"position\":4,\"name\":\"Tabouret design\",\"item\":\"https:\/\/softicated.com\/categorie-produit\/assises\/tabouret-design-softicated\/\"},{\"@type\":\"ListItem\",\"position\":5,\"name\":\"Tabouret design blanc signet ring\"}]},{\"@type\":\"WebSite\",\"@id\":\"https:\/\/softicated.com\/#website\",\"url\":\"https:\/\/softicated.com\/\",\"name\":\"Softicated\",\"description\":\"Cr\u00e9ateur de meubles, luminaires et tapis premium\",\"publisher\":{\"@id\":\"https:\/\/softicated.com\/#organization\"},\"potentialAction\":[{\"@type\":\"SearchAction\",\"target\":{\"@type\":\"EntryPoint\",\"urlTemplate\":\"https:\/\/softicated.com\/?s={search_term_string}\"},\"query-input\":{\"@type\":\"PropertyValueSpecification\",\"valueRequired\":true,\"valueName\":\"search_term_string\"}}],\"inLanguage\":\"de-CH\"},{\"@type\":\"Organization\",\"@id\":\"https:\/\/softicated.com\/#organization\",\"name\":\"Softicated\",\"url\":\"https:\/\/softicated.com\/\",\"logo\":{\"@type\":\"ImageObject\",\"inLanguage\":\"de-CH\",\"@id\":\"https:\/\/softicated.com\/#\/schema\/logo\/image\/\",\"url\":\"https:\/\/softicated.com\/wp-content\/uploads\/2025\/11\/logo-dark-2.svg\",\"contentUrl\":\"https:\/\/softicated.com\/wp-content\/uploads\/2025\/11\/logo-dark-2.svg\",\"caption\":\"Softicated\"},\"image\":{\"@id\":\"https:\/\/softicated.com\/#\/schema\/logo\/image\/\"},\"sameAs\":[\"https:\/\/www.facebook.com\/Softicated\",\"https:\/\/www.pinterest.com\/softicateddesign\",\"https:\/\/www.instagram.com\/softicated.design\"]}]}<\/script>\n<!-- \/ Yoast SEO Premium plugin. -->","yoast_head_json":{"title":"Designerhocker in Wei\u00df - Softicated","description":"Le blanc r\u00e9v\u00e8le avec subtilit\u00e9 les courbes et les proportions \u00e9quilibr\u00e9es de notre tabouret iconique Signet Ring Softicated.","robots":{"index":"index","follow":"follow","max-snippet":"max-snippet:-1","max-image-preview":"max-image-preview:large","max-video-preview":"max-video-preview:-1"},"canonical":"https:\/\/softicated.com\/de\/produit\/tabouret-blanc\/","og_locale":"de_DE","og_type":"article","og_title":"Tabouret design Blanc","og_description":"Le blanc r\u00e9v\u00e8le avec subtilit\u00e9 les courbes et les proportions \u00e9quilibr\u00e9es de notre tabouret iconique Signet Ring Softicated.","og_url":"https:\/\/softicated.com\/de\/produit\/tabouret-blanc\/","og_site_name":"Softicated","article_publisher":"https:\/\/www.facebook.com\/Softicated","article_modified_time":"2026-03-24T04:34:38+00:00","og_image":[{"width":350,"height":350,"url":"https:\/\/softicated.com\/wp-content\/uploads\/2022\/09\/Blanc.png","type":"image\/png"}],"twitter_card":"summary_large_image","schema":{"@context":"https:\/\/schema.org","@graph":[{"@type":"WebPage","@id":"https:\/\/softicated.com\/produit\/tabouret-blanc\/","url":"https:\/\/softicated.com\/produit\/tabouret-blanc\/","name":"Designerhocker in Wei\u00df - Softicated","isPartOf":{"@id":"https:\/\/softicated.com\/#website"},"primaryImageOfPage":{"@id":"https:\/\/softicated.com\/produit\/tabouret-blanc\/#primaryimage"},"image":{"@id":"https:\/\/softicated.com\/produit\/tabouret-blanc\/#primaryimage"},"thumbnailUrl":"https:\/\/softicated.com\/wp-content\/uploads\/2022\/09\/Blanc.png","datePublished":"2022-09-20T08:12:15+00:00","dateModified":"2026-03-24T04:34:38+00:00","description":"Le blanc r\u00e9v\u00e8le avec subtilit\u00e9 les courbes et les proportions \u00e9quilibr\u00e9es de notre tabouret iconique Signet Ring Softicated.","breadcrumb":{"@id":"https:\/\/softicated.com\/produit\/tabouret-blanc\/#breadcrumb"},"inLanguage":"de-CH","potentialAction":[{"@type":"ReadAction","target":["https:\/\/softicated.com\/produit\/tabouret-blanc\/"]}]},{"@type":"ImageObject","inLanguage":"de-CH","@id":"https:\/\/softicated.com\/produit\/tabouret-blanc\/#primaryimage","url":"https:\/\/softicated.com\/wp-content\/uploads\/2022\/09\/Blanc.png","contentUrl":"https:\/\/softicated.com\/wp-content\/uploads\/2022\/09\/Blanc.png","width":350,"height":350,"caption":"Blanc"},{"@type":"BreadcrumbList","@id":"https:\/\/softicated.com\/produit\/tabouret-blanc\/#breadcrumb","itemListElement":[{"@type":"ListItem","position":1,"name":"Accueil","item":"https:\/\/softicated.com\/"},{"@type":"ListItem","position":2,"name":"Produits Mobilier Premium Softicated","item":"https:\/\/softicated.com\/produits\/"},{"@type":"ListItem","position":3,"name":"Assise design","item":"https:\/\/softicated.com\/categorie-produit\/assises\/"},{"@type":"ListItem","position":4,"name":"Tabouret design","item":"https:\/\/softicated.com\/categorie-produit\/assises\/tabouret-design-softicated\/"},{"@type":"ListItem","position":5,"name":"Tabouret design blanc signet ring"}]},{"@type":"WebSite","@id":"https:\/\/softicated.com\/#website","url":"https:\/\/softicated.com\/","name":"Softicated","description":"Sch\u00f6pfer hochwertiger M\u00f6bel, Leuchten und Teppiche","publisher":{"@id":"https:\/\/softicated.com\/#organization"},"potentialAction":[{"@type":"SearchAction","target":{"@type":"EntryPoint","urlTemplate":"https:\/\/softicated.com\/?s={search_term_string}"},"query-input":{"@type":"PropertyValueSpecification","valueRequired":true,"valueName":"search_term_string"}}],"inLanguage":"de-CH"},{"@type":"Organization","@id":"https:\/\/softicated.com\/#organization","name":"Softicated","url":"https:\/\/softicated.com\/","logo":{"@type":"ImageObject","inLanguage":"de-CH","@id":"https:\/\/softicated.com\/#\/schema\/logo\/image\/","url":"https:\/\/softicated.com\/wp-content\/uploads\/2025\/11\/logo-dark-2.svg","contentUrl":"https:\/\/softicated.com\/wp-content\/uploads\/2025\/11\/logo-dark-2.svg","caption":"Softicated"},"image":{"@id":"https:\/\/softicated.com\/#\/schema\/logo\/image\/"},"sameAs":["https:\/\/www.facebook.com\/Softicated","https:\/\/www.pinterest.com\/softicateddesign","https:\/\/www.instagram.com\/softicated.design"]}]}},"_links":{"self":[{"href":"https:\/\/softicated.com\/de\/wp-json\/wp\/v2\/product\/7678","targetHints":{"allow":["GET"]}}],"collection":[{"href":"https:\/\/softicated.com\/de\/wp-json\/wp\/v2\/product"}],"about":[{"href":"https:\/\/softicated.com\/de\/wp-json\/wp\/v2\/types\/product"}],"replies":[{"embeddable":true,"href":"https:\/\/softicated.com\/de\/wp-json\/wp\/v2\/comments?post=7678"}],"wp:featuredmedia":[{"embeddable":true,"href":"https:\/\/softicated.com\/de\/wp-json\/wp\/v2\/media\/13483"}],"wp:attachment":[{"href":"https:\/\/softicated.com\/de\/wp-json\/wp\/v2\/media?parent=7678"}],"wp:term":[{"taxonomy":"product_brand","embeddable":true,"href":"https:\/\/softicated.com\/de\/wp-json\/wp\/v2\/product_brand?post=7678"},{"taxonomy":"product_cat","embeddable":true,"href":"https:\/\/softicated.com\/de\/wp-json\/wp\/v2\/product_cat?post=7678"},{"taxonomy":"product_tag","embeddable":true,"href":"https:\/\/softicated.com\/de\/wp-json\/wp\/v2\/product_tag?post=7678"},{"taxonomy":"collections","embeddable":true,"href":"https:\/\/softicated.com\/de\/wp-json\/wp\/v2\/collections?post=7678"},{"taxonomy":"awards","embeddable":true,"href":"https:\/\/softicated.com\/de\/wp-json\/wp\/v2\/awards?post=7678"},{"taxonomy":"by_color","embeddable":true,"href":"https:\/\/softicated.com\/de\/wp-json\/wp\/v2\/by_color?post=7678"}],"curies":[{"name":"wp","href":"https:\/\/api.w.org\/{rel}","templated":true}]}}