{"id":6451,"date":"2022-06-01T22:38:44","date_gmt":"2022-06-01T20:38:44","guid":{"rendered":"https:\/\/softicated.com\/?post_type=product&#038;p=6451"},"modified":"2026-03-16T06:25:14","modified_gmt":"2026-03-16T05:25:14","slug":"tapis-scenery","status":"publish","type":"product","link":"https:\/\/softicated.com\/de\/produit\/tapis-scenery\/","title":{"rendered":"Teppich Scenery"},"content":{"rendered":"<p>Der einzigartige Teppich \u201eScenery\u201c vereint die Eleganz einer raffinierten Farbpalette mit der visuellen F\u00fclle eines von \u00fcppiger Natur inspirierten Musters. Sein weicher, heller Beigeton dient als Leinwand f\u00fcr eine subtile Komposition aus tiefen Farbt\u00f6nen: Gold, Bronze und Dunkelgrau. Zusammen erzeugen diese Farben ein perfektes Gleichgewichtzwischen W\u00e4rme, Raffinesse und Charakter und verleihen dem Raum ein Gef\u00fchl von Komfort und dekorativer Pr\u00e4senz.<\/p>\n<p>Das vom tropischen Pflanzenreich inspirierte Muster interpretiert Monstera und Bananenbl\u00e4tter in stilisierter und eleganter Form neu. An ihren Stielen h\u00e4ngend, scheinen die Bl\u00e4tter auf dem Teppich zu schweben ein Sinnbild f\u00fcr die reiche und anmutige Natur. Eingearbeitete Streifen bringen Rhythmus in die Oberfl\u00e4che und schaffen grafische Kontraste, die dem Design eine moderne Note verleihen, ohne dessen Sanftheit zu st\u00f6ren.<\/p>\n<p>Gold bringt leuchtende Akzente ins Muster, Bronze verleiht organische Tiefe und Dunkelgrau strukturiert die Formen mit feiner Zur\u00fcckhaltung. Diese Nuancen kommen auf dem beigen Hintergrund perfekt zur Geltung und schaffen eine zugleich beruhigende wie luxuri\u00f6se Atmosph\u00e4re ideal f\u00fcr moderne wie zeitlose Wohnr\u00e4ume.<\/p>\n<p>Gefertigt aus Wolle und botanischer Seide, \u00fcberzeugt der Teppich \u201eScenery\u201c sowohl durch seine Haptik als auch durch seinen subtilen Glanz. Er findet seinen Platz in eleganten Wohnr\u00e4umen, Schlafzimmern oder stilvollen B\u00fcros, wo er zum zentralen Gestaltungselement wird. Mehr als nur ein Teppich ist er ein wahres textiles Kunstwerk, das nat\u00fcrliche Inspiration mit moderner Raffinesse vereint.<\/p>\n<p>Verwandeln Sie Ihr Zuhause mit dem Teppich \u201eScenery\u201c, wo \u00fcppige Natur und moderne Eleganz in perfekter Harmonie aufeinandertreffen. Lassen Sie sich von seinen reichen Farbnuancen und seiner textilen Raffinesse verf\u00fchren und gestalten Sie einen Raum, der beruhigend, warm und stilvoll zugleich ist.<\/p>\n<p><em>Die Lieferung erfolgt bis Bordsteinkante. F\u00fcr einen Liefer- und Installationsservice mit wei\u00dfen Handschuhen, <span style=\"text-decoration: underline;\"><a href=\"https:\/\/softicated.com\/de\/contact\/\">kontaktieren Sie uns<\/a><\/span>.<\/em><\/p>","protected":false},"excerpt":{"rendered":"<p>Le tapis \u201cScenery\u201d unique fusionne l\u2019\u00e9l\u00e9gance d\u2019une palette sophistiqu\u00e9e et la richesse visuelle d\u2019un motif inspir\u00e9 de la nature luxuriante. Son fond beige, doux et lumineux sert de toile de fond \u00e0 une composition subtilement anim\u00e9e par des teintes profondes: le dor\u00e9, le bronze et le gris fonc\u00e9. Ensemble, ces couleurs cr\u00e9ent un \u00e9quilibre parfait [&hellip;]<\/p>","protected":false},"featured_media":15188,"comment_status":"closed","ping_status":"closed","template":"","meta":{"_acf_changed":false},"product_brand":[],"product_cat":[300,299,27],"product_tag":[],"collections":[37],"awards":[],"by_color":[339],"class_list":{"0":"post-6451","1":"product","2":"type-product","3":"status-publish","4":"has-post-thumbnail","6":"product_cat-tapis-a-motifs","7":"product_cat-tapis-multicolores","8":"product_cat-rugs","9":"product_shipping_class-tapis","10":"collections-tinged-leaves","11":"by_color-dore-jaune","13":"first","14":"instock","15":"shipping-taxable","16":"purchasable","17":"product-type-variable"},"acf":[],"yoast_head":"<!-- This site is optimized with the Yoast SEO Premium plugin v25.7.1 (Yoast SEO v26.9) - https:\/\/yoast.com\/product\/yoast-seo-premium-wordpress\/ -->\n<title>Tapis Scenery - Softicated<\/title>\n<meta name=\"description\" content=\"Le tapis &quot;Scenery&quot; unique fusionne l\u2019\u00e9l\u00e9gance d\u2019une palette sophistiqu\u00e9e et la richesse visuelle d\u2019un motif inspir\u00e9 de la nature luxuriante.\" \/>\n<meta name=\"robots\" content=\"index, follow, max-snippet:-1, max-image-preview:large, max-video-preview:-1\" \/>\n<link rel=\"canonical\" href=\"https:\/\/softicated.com\/de\/produit\/tapis-scenery\/\" \/>\n<meta property=\"og:locale\" content=\"de_DE\" \/>\n<meta property=\"og:type\" content=\"article\" \/>\n<meta property=\"og:title\" content=\"Tapis Scenery\" \/>\n<meta property=\"og:description\" content=\"Le tapis &quot;Scenery&quot; unique fusionne l\u2019\u00e9l\u00e9gance d\u2019une palette sophistiqu\u00e9e et la richesse visuelle d\u2019un motif inspir\u00e9 de la nature luxuriante.\" \/>\n<meta property=\"og:url\" content=\"https:\/\/softicated.com\/de\/produit\/tapis-scenery\/\" \/>\n<meta property=\"og:site_name\" content=\"Softicated\" \/>\n<meta property=\"article:publisher\" content=\"https:\/\/www.facebook.com\/Softicated\" \/>\n<meta property=\"article:modified_time\" content=\"2026-03-16T05:25:14+00:00\" \/>\n<meta property=\"og:image\" content=\"https:\/\/softicated.com\/wp-content\/uploads\/2022\/06\/scenery.png\" \/>\n\t<meta property=\"og:image:width\" content=\"188\" \/>\n\t<meta property=\"og:image:height\" content=\"260\" \/>\n\t<meta property=\"og:image:type\" content=\"image\/png\" \/>\n<meta name=\"twitter:card\" content=\"summary_large_image\" \/>\n<script type=\"application\/ld+json\" class=\"yoast-schema-graph\">{\"@context\":\"https:\/\/schema.org\",\"@graph\":[{\"@type\":\"WebPage\",\"@id\":\"https:\/\/softicated.com\/produit\/tapis-scenery\/\",\"url\":\"https:\/\/softicated.com\/produit\/tapis-scenery\/\",\"name\":\"Tapis Scenery - Softicated\",\"isPartOf\":{\"@id\":\"https:\/\/softicated.com\/#website\"},\"primaryImageOfPage\":{\"@id\":\"https:\/\/softicated.com\/produit\/tapis-scenery\/#primaryimage\"},\"image\":{\"@id\":\"https:\/\/softicated.com\/produit\/tapis-scenery\/#primaryimage\"},\"thumbnailUrl\":\"https:\/\/softicated.com\/wp-content\/uploads\/2022\/06\/scenery.png\",\"datePublished\":\"2022-06-01T20:38:44+00:00\",\"dateModified\":\"2026-03-16T05:25:14+00:00\",\"description\":\"Le tapis \\\"Scenery\\\" unique fusionne l\u2019\u00e9l\u00e9gance d\u2019une palette sophistiqu\u00e9e et la richesse visuelle d\u2019un motif inspir\u00e9 de la nature luxuriante.\",\"breadcrumb\":{\"@id\":\"https:\/\/softicated.com\/produit\/tapis-scenery\/#breadcrumb\"},\"inLanguage\":\"de-CH\",\"potentialAction\":[{\"@type\":\"ReadAction\",\"target\":[\"https:\/\/softicated.com\/produit\/tapis-scenery\/\"]}]},{\"@type\":\"ImageObject\",\"inLanguage\":\"de-CH\",\"@id\":\"https:\/\/softicated.com\/produit\/tapis-scenery\/#primaryimage\",\"url\":\"https:\/\/softicated.com\/wp-content\/uploads\/2022\/06\/scenery.png\",\"contentUrl\":\"https:\/\/softicated.com\/wp-content\/uploads\/2022\/06\/scenery.png\",\"width\":188,\"height\":260,\"caption\":\"scenery\"},{\"@type\":\"BreadcrumbList\",\"@id\":\"https:\/\/softicated.com\/produit\/tapis-scenery\/#breadcrumb\",\"itemListElement\":[{\"@type\":\"ListItem\",\"position\":1,\"name\":\"Accueil\",\"item\":\"https:\/\/softicated.com\/\"},{\"@type\":\"ListItem\",\"position\":2,\"name\":\"Produits Mobilier Premium Softicated\",\"item\":\"https:\/\/softicated.com\/produits\/\"},{\"@type\":\"ListItem\",\"position\":3,\"name\":\"Tapis \u00e0 motifs\",\"item\":\"https:\/\/softicated.com\/categorie-produit\/tapis-a-motifs\/\"},{\"@type\":\"ListItem\",\"position\":4,\"name\":\"Tapis design sur mesure\"}]},{\"@type\":\"WebSite\",\"@id\":\"https:\/\/softicated.com\/#website\",\"url\":\"https:\/\/softicated.com\/\",\"name\":\"Softicated\",\"description\":\"Cr\u00e9ateur de meubles, luminaires et tapis premium\",\"publisher\":{\"@id\":\"https:\/\/softicated.com\/#organization\"},\"potentialAction\":[{\"@type\":\"SearchAction\",\"target\":{\"@type\":\"EntryPoint\",\"urlTemplate\":\"https:\/\/softicated.com\/?s={search_term_string}\"},\"query-input\":{\"@type\":\"PropertyValueSpecification\",\"valueRequired\":true,\"valueName\":\"search_term_string\"}}],\"inLanguage\":\"de-CH\"},{\"@type\":\"Organization\",\"@id\":\"https:\/\/softicated.com\/#organization\",\"name\":\"Softicated\",\"url\":\"https:\/\/softicated.com\/\",\"logo\":{\"@type\":\"ImageObject\",\"inLanguage\":\"de-CH\",\"@id\":\"https:\/\/softicated.com\/#\/schema\/logo\/image\/\",\"url\":\"https:\/\/softicated.com\/wp-content\/uploads\/2025\/11\/logo-dark-2.svg\",\"contentUrl\":\"https:\/\/softicated.com\/wp-content\/uploads\/2025\/11\/logo-dark-2.svg\",\"caption\":\"Softicated\"},\"image\":{\"@id\":\"https:\/\/softicated.com\/#\/schema\/logo\/image\/\"},\"sameAs\":[\"https:\/\/www.facebook.com\/Softicated\",\"https:\/\/www.pinterest.com\/softicateddesign\",\"https:\/\/www.instagram.com\/softicated.design\"]}]}<\/script>\n<!-- \/ Yoast SEO Premium plugin. -->","yoast_head_json":{"title":"Teppich Scenery - Softicated","description":"Le tapis \"Scenery\" unique fusionne l\u2019\u00e9l\u00e9gance d\u2019une palette sophistiqu\u00e9e et la richesse visuelle d\u2019un motif inspir\u00e9 de la nature luxuriante.","robots":{"index":"index","follow":"follow","max-snippet":"max-snippet:-1","max-image-preview":"max-image-preview:large","max-video-preview":"max-video-preview:-1"},"canonical":"https:\/\/softicated.com\/de\/produit\/tapis-scenery\/","og_locale":"de_DE","og_type":"article","og_title":"Tapis Scenery","og_description":"Le tapis \"Scenery\" unique fusionne l\u2019\u00e9l\u00e9gance d\u2019une palette sophistiqu\u00e9e et la richesse visuelle d\u2019un motif inspir\u00e9 de la nature luxuriante.","og_url":"https:\/\/softicated.com\/de\/produit\/tapis-scenery\/","og_site_name":"Softicated","article_publisher":"https:\/\/www.facebook.com\/Softicated","article_modified_time":"2026-03-16T05:25:14+00:00","og_image":[{"width":188,"height":260,"url":"https:\/\/softicated.com\/wp-content\/uploads\/2022\/06\/scenery.png","type":"image\/png"}],"twitter_card":"summary_large_image","schema":{"@context":"https:\/\/schema.org","@graph":[{"@type":"WebPage","@id":"https:\/\/softicated.com\/produit\/tapis-scenery\/","url":"https:\/\/softicated.com\/produit\/tapis-scenery\/","name":"Teppich Scenery - Softicated","isPartOf":{"@id":"https:\/\/softicated.com\/#website"},"primaryImageOfPage":{"@id":"https:\/\/softicated.com\/produit\/tapis-scenery\/#primaryimage"},"image":{"@id":"https:\/\/softicated.com\/produit\/tapis-scenery\/#primaryimage"},"thumbnailUrl":"https:\/\/softicated.com\/wp-content\/uploads\/2022\/06\/scenery.png","datePublished":"2022-06-01T20:38:44+00:00","dateModified":"2026-03-16T05:25:14+00:00","description":"Le tapis \"Scenery\" unique fusionne l\u2019\u00e9l\u00e9gance d\u2019une palette sophistiqu\u00e9e et la richesse visuelle d\u2019un motif inspir\u00e9 de la nature luxuriante.","breadcrumb":{"@id":"https:\/\/softicated.com\/produit\/tapis-scenery\/#breadcrumb"},"inLanguage":"de-CH","potentialAction":[{"@type":"ReadAction","target":["https:\/\/softicated.com\/produit\/tapis-scenery\/"]}]},{"@type":"ImageObject","inLanguage":"de-CH","@id":"https:\/\/softicated.com\/produit\/tapis-scenery\/#primaryimage","url":"https:\/\/softicated.com\/wp-content\/uploads\/2022\/06\/scenery.png","contentUrl":"https:\/\/softicated.com\/wp-content\/uploads\/2022\/06\/scenery.png","width":188,"height":260,"caption":"scenery"},{"@type":"BreadcrumbList","@id":"https:\/\/softicated.com\/produit\/tapis-scenery\/#breadcrumb","itemListElement":[{"@type":"ListItem","position":1,"name":"Accueil","item":"https:\/\/softicated.com\/"},{"@type":"ListItem","position":2,"name":"Produits Mobilier Premium Softicated","item":"https:\/\/softicated.com\/produits\/"},{"@type":"ListItem","position":3,"name":"Tapis \u00e0 motifs","item":"https:\/\/softicated.com\/categorie-produit\/tapis-a-motifs\/"},{"@type":"ListItem","position":4,"name":"Tapis design sur mesure"}]},{"@type":"WebSite","@id":"https:\/\/softicated.com\/#website","url":"https:\/\/softicated.com\/","name":"Softicated","description":"Sch\u00f6pfer hochwertiger M\u00f6bel, Leuchten und Teppiche","publisher":{"@id":"https:\/\/softicated.com\/#organization"},"potentialAction":[{"@type":"SearchAction","target":{"@type":"EntryPoint","urlTemplate":"https:\/\/softicated.com\/?s={search_term_string}"},"query-input":{"@type":"PropertyValueSpecification","valueRequired":true,"valueName":"search_term_string"}}],"inLanguage":"de-CH"},{"@type":"Organization","@id":"https:\/\/softicated.com\/#organization","name":"Softicated","url":"https:\/\/softicated.com\/","logo":{"@type":"ImageObject","inLanguage":"de-CH","@id":"https:\/\/softicated.com\/#\/schema\/logo\/image\/","url":"https:\/\/softicated.com\/wp-content\/uploads\/2025\/11\/logo-dark-2.svg","contentUrl":"https:\/\/softicated.com\/wp-content\/uploads\/2025\/11\/logo-dark-2.svg","caption":"Softicated"},"image":{"@id":"https:\/\/softicated.com\/#\/schema\/logo\/image\/"},"sameAs":["https:\/\/www.facebook.com\/Softicated","https:\/\/www.pinterest.com\/softicateddesign","https:\/\/www.instagram.com\/softicated.design"]}]}},"_links":{"self":[{"href":"https:\/\/softicated.com\/de\/wp-json\/wp\/v2\/product\/6451","targetHints":{"allow":["GET"]}}],"collection":[{"href":"https:\/\/softicated.com\/de\/wp-json\/wp\/v2\/product"}],"about":[{"href":"https:\/\/softicated.com\/de\/wp-json\/wp\/v2\/types\/product"}],"replies":[{"embeddable":true,"href":"https:\/\/softicated.com\/de\/wp-json\/wp\/v2\/comments?post=6451"}],"wp:featuredmedia":[{"embeddable":true,"href":"https:\/\/softicated.com\/de\/wp-json\/wp\/v2\/media\/15188"}],"wp:attachment":[{"href":"https:\/\/softicated.com\/de\/wp-json\/wp\/v2\/media?parent=6451"}],"wp:term":[{"taxonomy":"product_brand","embeddable":true,"href":"https:\/\/softicated.com\/de\/wp-json\/wp\/v2\/product_brand?post=6451"},{"taxonomy":"product_cat","embeddable":true,"href":"https:\/\/softicated.com\/de\/wp-json\/wp\/v2\/product_cat?post=6451"},{"taxonomy":"product_tag","embeddable":true,"href":"https:\/\/softicated.com\/de\/wp-json\/wp\/v2\/product_tag?post=6451"},{"taxonomy":"collections","embeddable":true,"href":"https:\/\/softicated.com\/de\/wp-json\/wp\/v2\/collections?post=6451"},{"taxonomy":"awards","embeddable":true,"href":"https:\/\/softicated.com\/de\/wp-json\/wp\/v2\/awards?post=6451"},{"taxonomy":"by_color","embeddable":true,"href":"https:\/\/softicated.com\/de\/wp-json\/wp\/v2\/by_color?post=6451"}],"curies":[{"name":"wp","href":"https:\/\/api.w.org\/{rel}","templated":true}]}}