{"id":6446,"date":"2022-06-01T22:33:10","date_gmt":"2022-06-01T20:33:10","guid":{"rendered":"https:\/\/softicated.com\/?post_type=product&#038;p=6446"},"modified":"2026-03-16T06:25:24","modified_gmt":"2026-03-16T05:25:24","slug":"tapis-design-sur-mesure-lush-softicated","status":"publish","type":"product","link":"https:\/\/softicated.com\/de\/produit\/tapis-design-sur-mesure-lush-softicated\/","title":{"rendered":"Teppich Lush"},"content":{"rendered":"<p>Der farbenfrohe Teppich \u201eLush\u201c ist eine Ode an die \u00fcppige Natur und die Ausdruckskraft tiefer Farbt\u00f6ne. Sein reichhaltiger, umh\u00fcllender brauner Hintergrunderinnert an den fruchtbaren Boden tropischer W\u00e4lder und dient als warme Basis f\u00fcr eine lebendige Komposition, in der sich Rot, Violett und Bernstein miteinander verweben. Diese sorgf\u00e4ltig ausgew\u00e4hlten Farben verleihen dem Gesamtbild Vitalit\u00e4t, Geheimnis und Licht, w\u00e4hrend sie eine raffinierte Harmonie schaffen.<\/p>\n<p>Das Muster ist von exotischem Laub wie stilisierten Bananen und Monstera-Bl\u00e4tterninspiriert, die als gro\u00dfe Bl\u00e4tter an ihren Stielen h\u00e4ngen. Diese organischen Formen, sowohl dekorativ als auch poetisch, f\u00fcgen sich elegant in eine grafische Struktur ein, in der feine Streifen die Komposition beleben. Das Rot erweckt das Muster mit K\u00fchnheit, das Violett verleiht ihm eine tiefgr\u00fcndige Note und das Bernstein bringt eine goldene, diffuse W\u00e4rme ein.<\/p>\n<p>Gefertigt aus Wolle und botanischer Seide bietet der Teppich \u201eLush\u201c eine weiche Textur, einen subtilen Glanz und bemerkenswerte Langlebigkeit. Die nat\u00fcrlichen Fasern betonen den Reichtum der Farben und bieten gleichzeitig einen einzigartigen sensorischen Komfort. Jedes Detail des Musters wird durch die Feinheit der Webarthervorgehoben und schafft ein echtes textiles Kunstwerk.<\/p>\n<p>Der Teppich \u201eLush\u201c findet seinen Platz sowohl in einem geselligen Wohnzimmer, einem charaktervollen Schlafzimmer als auch in einem inspirierenden Arbeitsbereich. Er verwandelt die Atmosph\u00e4re, indem er eine exotische, k\u00fcnstlerische und warme Note hinzuf\u00fcgt. Mehr als nur ein dekoratives Objekt verk\u00f6rpert er eine Verbindung zwischen Natur, Handwerkskunst und Modernit\u00e4t und bereichert jedes Interieur mit einer starken und beruhigenden Pr\u00e4senz.<\/p>\n<p>Laden Sie die tropische Natur und die Kraft der Farben mit dem Teppich \u201eLush\u201c in Ihr Zuhause ein.<\/p>\n<p><em>Die Lieferung erfolgt bis Bordsteinkante. F\u00fcr einen Liefer- und Installationsservice mit wei\u00dfen Handschuhen, <span style=\"text-decoration: underline;\"><a href=\"https:\/\/softicated.com\/de\/contact\/\">kontaktieren Sie uns<\/a><\/span>.<\/em><\/p>","protected":false},"excerpt":{"rendered":"<p>Le tapis color\u00e9 \u201cLush\u201d est une ode \u00e0 la nature luxuriante et \u00e0 l\u2019expressivit\u00e9 des teintes profondes. Son fond marron, riche et enveloppant \u00e9voque la terre fertile des for\u00eats tropicales servant de base chaleureuse \u00e0 une composition vibrante o\u00f9 s\u2019entrelacent le rouge, le violet et l\u2019ambr\u00e9. Ces couleurs soigneusement choisies insufflent vitalit\u00e9, myst\u00e8re et lumi\u00e8re [&hellip;]<\/p>","protected":false},"featured_media":15192,"comment_status":"closed","ping_status":"closed","template":"","meta":{"_acf_changed":false},"product_brand":[],"product_cat":[300,299,27],"product_tag":[],"collections":[37],"awards":[],"by_color":[333],"class_list":{"0":"post-6446","1":"product","2":"type-product","3":"status-publish","4":"has-post-thumbnail","6":"product_cat-tapis-a-motifs","7":"product_cat-tapis-multicolores","8":"product_cat-rugs","9":"product_shipping_class-tapis","10":"collections-tinged-leaves","11":"by_color-aubergine","13":"first","14":"instock","15":"shipping-taxable","16":"purchasable","17":"product-type-variable"},"acf":[],"yoast_head":"<!-- This site is optimized with the Yoast SEO Premium plugin v25.7.1 (Yoast SEO v26.9) - https:\/\/yoast.com\/product\/yoast-seo-premium-wordpress\/ -->\n<title>Tapis Lush - Softicated<\/title>\n<meta name=\"description\" content=\"Le tapis color\u00e9 \u201cLush\u201d de la collection Tinged Leaves est une ode \u00e0 la nature luxuriante et \u00e0 l\u2019expressivit\u00e9 des teintes profondes.\" \/>\n<meta name=\"robots\" content=\"index, follow, max-snippet:-1, max-image-preview:large, max-video-preview:-1\" \/>\n<link rel=\"canonical\" href=\"https:\/\/softicated.com\/de\/produit\/tapis-design-sur-mesure-lush-softicated\/\" \/>\n<meta property=\"og:locale\" content=\"de_DE\" \/>\n<meta property=\"og:type\" content=\"article\" \/>\n<meta property=\"og:title\" content=\"Tapis Lush\" \/>\n<meta property=\"og:description\" content=\"Le tapis color\u00e9 \u201cLush\u201d de la collection Tinged Leaves est une ode \u00e0 la nature luxuriante et \u00e0 l\u2019expressivit\u00e9 des teintes profondes.\" \/>\n<meta property=\"og:url\" content=\"https:\/\/softicated.com\/de\/produit\/tapis-design-sur-mesure-lush-softicated\/\" \/>\n<meta property=\"og:site_name\" content=\"Softicated\" \/>\n<meta property=\"article:publisher\" content=\"https:\/\/www.facebook.com\/Softicated\" \/>\n<meta property=\"article:modified_time\" content=\"2026-03-16T05:25:24+00:00\" \/>\n<meta property=\"og:image\" content=\"https:\/\/softicated.com\/wp-content\/uploads\/2022\/06\/Lush-resize.png\" \/>\n\t<meta property=\"og:image:width\" content=\"191\" \/>\n\t<meta property=\"og:image:height\" content=\"260\" \/>\n\t<meta property=\"og:image:type\" content=\"image\/png\" \/>\n<meta name=\"twitter:card\" content=\"summary_large_image\" \/>\n<script type=\"application\/ld+json\" class=\"yoast-schema-graph\">{\"@context\":\"https:\/\/schema.org\",\"@graph\":[{\"@type\":\"WebPage\",\"@id\":\"https:\/\/softicated.com\/produit\/tapis-design-sur-mesure-lush-softicated\/\",\"url\":\"https:\/\/softicated.com\/produit\/tapis-design-sur-mesure-lush-softicated\/\",\"name\":\"Tapis Lush - Softicated\",\"isPartOf\":{\"@id\":\"https:\/\/softicated.com\/#website\"},\"primaryImageOfPage\":{\"@id\":\"https:\/\/softicated.com\/produit\/tapis-design-sur-mesure-lush-softicated\/#primaryimage\"},\"image\":{\"@id\":\"https:\/\/softicated.com\/produit\/tapis-design-sur-mesure-lush-softicated\/#primaryimage\"},\"thumbnailUrl\":\"https:\/\/softicated.com\/wp-content\/uploads\/2022\/06\/Lush-resize.png\",\"datePublished\":\"2022-06-01T20:33:10+00:00\",\"dateModified\":\"2026-03-16T05:25:24+00:00\",\"description\":\"Le tapis color\u00e9 \u201cLush\u201d de la collection Tinged Leaves est une ode \u00e0 la nature luxuriante et \u00e0 l\u2019expressivit\u00e9 des teintes profondes.\",\"breadcrumb\":{\"@id\":\"https:\/\/softicated.com\/produit\/tapis-design-sur-mesure-lush-softicated\/#breadcrumb\"},\"inLanguage\":\"de-CH\",\"potentialAction\":[{\"@type\":\"ReadAction\",\"target\":[\"https:\/\/softicated.com\/produit\/tapis-design-sur-mesure-lush-softicated\/\"]}]},{\"@type\":\"ImageObject\",\"inLanguage\":\"de-CH\",\"@id\":\"https:\/\/softicated.com\/produit\/tapis-design-sur-mesure-lush-softicated\/#primaryimage\",\"url\":\"https:\/\/softicated.com\/wp-content\/uploads\/2022\/06\/Lush-resize.png\",\"contentUrl\":\"https:\/\/softicated.com\/wp-content\/uploads\/2022\/06\/Lush-resize.png\",\"width\":191,\"height\":260,\"caption\":\"Lush-resize\"},{\"@type\":\"BreadcrumbList\",\"@id\":\"https:\/\/softicated.com\/produit\/tapis-design-sur-mesure-lush-softicated\/#breadcrumb\",\"itemListElement\":[{\"@type\":\"ListItem\",\"position\":1,\"name\":\"Accueil\",\"item\":\"https:\/\/softicated.com\/\"},{\"@type\":\"ListItem\",\"position\":2,\"name\":\"Produits Mobilier Premium Softicated\",\"item\":\"https:\/\/softicated.com\/produits\/\"},{\"@type\":\"ListItem\",\"position\":3,\"name\":\"Tapis \u00e0 motifs\",\"item\":\"https:\/\/softicated.com\/categorie-produit\/tapis-a-motifs\/\"},{\"@type\":\"ListItem\",\"position\":4,\"name\":\"Tapis design sur mesure\"}]},{\"@type\":\"WebSite\",\"@id\":\"https:\/\/softicated.com\/#website\",\"url\":\"https:\/\/softicated.com\/\",\"name\":\"Softicated\",\"description\":\"Cr\u00e9ateur de meubles, luminaires et tapis premium\",\"publisher\":{\"@id\":\"https:\/\/softicated.com\/#organization\"},\"potentialAction\":[{\"@type\":\"SearchAction\",\"target\":{\"@type\":\"EntryPoint\",\"urlTemplate\":\"https:\/\/softicated.com\/?s={search_term_string}\"},\"query-input\":{\"@type\":\"PropertyValueSpecification\",\"valueRequired\":true,\"valueName\":\"search_term_string\"}}],\"inLanguage\":\"de-CH\"},{\"@type\":\"Organization\",\"@id\":\"https:\/\/softicated.com\/#organization\",\"name\":\"Softicated\",\"url\":\"https:\/\/softicated.com\/\",\"logo\":{\"@type\":\"ImageObject\",\"inLanguage\":\"de-CH\",\"@id\":\"https:\/\/softicated.com\/#\/schema\/logo\/image\/\",\"url\":\"https:\/\/softicated.com\/wp-content\/uploads\/2025\/11\/logo-dark-2.svg\",\"contentUrl\":\"https:\/\/softicated.com\/wp-content\/uploads\/2025\/11\/logo-dark-2.svg\",\"caption\":\"Softicated\"},\"image\":{\"@id\":\"https:\/\/softicated.com\/#\/schema\/logo\/image\/\"},\"sameAs\":[\"https:\/\/www.facebook.com\/Softicated\",\"https:\/\/www.pinterest.com\/softicateddesign\",\"https:\/\/www.instagram.com\/softicated.design\"]}]}<\/script>\n<!-- \/ Yoast SEO Premium plugin. -->","yoast_head_json":{"title":"Teppich Lush - Softicated","description":"Le tapis color\u00e9 \u201cLush\u201d de la collection Tinged Leaves est une ode \u00e0 la nature luxuriante et \u00e0 l\u2019expressivit\u00e9 des teintes profondes.","robots":{"index":"index","follow":"follow","max-snippet":"max-snippet:-1","max-image-preview":"max-image-preview:large","max-video-preview":"max-video-preview:-1"},"canonical":"https:\/\/softicated.com\/de\/produit\/tapis-design-sur-mesure-lush-softicated\/","og_locale":"de_DE","og_type":"article","og_title":"Tapis Lush","og_description":"Le tapis color\u00e9 \u201cLush\u201d de la collection Tinged Leaves est une ode \u00e0 la nature luxuriante et \u00e0 l\u2019expressivit\u00e9 des teintes profondes.","og_url":"https:\/\/softicated.com\/de\/produit\/tapis-design-sur-mesure-lush-softicated\/","og_site_name":"Softicated","article_publisher":"https:\/\/www.facebook.com\/Softicated","article_modified_time":"2026-03-16T05:25:24+00:00","og_image":[{"width":191,"height":260,"url":"https:\/\/softicated.com\/wp-content\/uploads\/2022\/06\/Lush-resize.png","type":"image\/png"}],"twitter_card":"summary_large_image","schema":{"@context":"https:\/\/schema.org","@graph":[{"@type":"WebPage","@id":"https:\/\/softicated.com\/produit\/tapis-design-sur-mesure-lush-softicated\/","url":"https:\/\/softicated.com\/produit\/tapis-design-sur-mesure-lush-softicated\/","name":"Teppich Lush - Softicated","isPartOf":{"@id":"https:\/\/softicated.com\/#website"},"primaryImageOfPage":{"@id":"https:\/\/softicated.com\/produit\/tapis-design-sur-mesure-lush-softicated\/#primaryimage"},"image":{"@id":"https:\/\/softicated.com\/produit\/tapis-design-sur-mesure-lush-softicated\/#primaryimage"},"thumbnailUrl":"https:\/\/softicated.com\/wp-content\/uploads\/2022\/06\/Lush-resize.png","datePublished":"2022-06-01T20:33:10+00:00","dateModified":"2026-03-16T05:25:24+00:00","description":"Le tapis color\u00e9 \u201cLush\u201d de la collection Tinged Leaves est une ode \u00e0 la nature luxuriante et \u00e0 l\u2019expressivit\u00e9 des teintes profondes.","breadcrumb":{"@id":"https:\/\/softicated.com\/produit\/tapis-design-sur-mesure-lush-softicated\/#breadcrumb"},"inLanguage":"de-CH","potentialAction":[{"@type":"ReadAction","target":["https:\/\/softicated.com\/produit\/tapis-design-sur-mesure-lush-softicated\/"]}]},{"@type":"ImageObject","inLanguage":"de-CH","@id":"https:\/\/softicated.com\/produit\/tapis-design-sur-mesure-lush-softicated\/#primaryimage","url":"https:\/\/softicated.com\/wp-content\/uploads\/2022\/06\/Lush-resize.png","contentUrl":"https:\/\/softicated.com\/wp-content\/uploads\/2022\/06\/Lush-resize.png","width":191,"height":260,"caption":"Lush-resize"},{"@type":"BreadcrumbList","@id":"https:\/\/softicated.com\/produit\/tapis-design-sur-mesure-lush-softicated\/#breadcrumb","itemListElement":[{"@type":"ListItem","position":1,"name":"Accueil","item":"https:\/\/softicated.com\/"},{"@type":"ListItem","position":2,"name":"Produits Mobilier Premium Softicated","item":"https:\/\/softicated.com\/produits\/"},{"@type":"ListItem","position":3,"name":"Tapis \u00e0 motifs","item":"https:\/\/softicated.com\/categorie-produit\/tapis-a-motifs\/"},{"@type":"ListItem","position":4,"name":"Tapis design sur mesure"}]},{"@type":"WebSite","@id":"https:\/\/softicated.com\/#website","url":"https:\/\/softicated.com\/","name":"Softicated","description":"Sch\u00f6pfer hochwertiger M\u00f6bel, Leuchten und Teppiche","publisher":{"@id":"https:\/\/softicated.com\/#organization"},"potentialAction":[{"@type":"SearchAction","target":{"@type":"EntryPoint","urlTemplate":"https:\/\/softicated.com\/?s={search_term_string}"},"query-input":{"@type":"PropertyValueSpecification","valueRequired":true,"valueName":"search_term_string"}}],"inLanguage":"de-CH"},{"@type":"Organization","@id":"https:\/\/softicated.com\/#organization","name":"Softicated","url":"https:\/\/softicated.com\/","logo":{"@type":"ImageObject","inLanguage":"de-CH","@id":"https:\/\/softicated.com\/#\/schema\/logo\/image\/","url":"https:\/\/softicated.com\/wp-content\/uploads\/2025\/11\/logo-dark-2.svg","contentUrl":"https:\/\/softicated.com\/wp-content\/uploads\/2025\/11\/logo-dark-2.svg","caption":"Softicated"},"image":{"@id":"https:\/\/softicated.com\/#\/schema\/logo\/image\/"},"sameAs":["https:\/\/www.facebook.com\/Softicated","https:\/\/www.pinterest.com\/softicateddesign","https:\/\/www.instagram.com\/softicated.design"]}]}},"_links":{"self":[{"href":"https:\/\/softicated.com\/de\/wp-json\/wp\/v2\/product\/6446","targetHints":{"allow":["GET"]}}],"collection":[{"href":"https:\/\/softicated.com\/de\/wp-json\/wp\/v2\/product"}],"about":[{"href":"https:\/\/softicated.com\/de\/wp-json\/wp\/v2\/types\/product"}],"replies":[{"embeddable":true,"href":"https:\/\/softicated.com\/de\/wp-json\/wp\/v2\/comments?post=6446"}],"wp:featuredmedia":[{"embeddable":true,"href":"https:\/\/softicated.com\/de\/wp-json\/wp\/v2\/media\/15192"}],"wp:attachment":[{"href":"https:\/\/softicated.com\/de\/wp-json\/wp\/v2\/media?parent=6446"}],"wp:term":[{"taxonomy":"product_brand","embeddable":true,"href":"https:\/\/softicated.com\/de\/wp-json\/wp\/v2\/product_brand?post=6446"},{"taxonomy":"product_cat","embeddable":true,"href":"https:\/\/softicated.com\/de\/wp-json\/wp\/v2\/product_cat?post=6446"},{"taxonomy":"product_tag","embeddable":true,"href":"https:\/\/softicated.com\/de\/wp-json\/wp\/v2\/product_tag?post=6446"},{"taxonomy":"collections","embeddable":true,"href":"https:\/\/softicated.com\/de\/wp-json\/wp\/v2\/collections?post=6446"},{"taxonomy":"awards","embeddable":true,"href":"https:\/\/softicated.com\/de\/wp-json\/wp\/v2\/awards?post=6446"},{"taxonomy":"by_color","embeddable":true,"href":"https:\/\/softicated.com\/de\/wp-json\/wp\/v2\/by_color?post=6446"}],"curies":[{"name":"wp","href":"https:\/\/api.w.org\/{rel}","templated":true}]}}