{"id":6441,"date":"2022-06-01T22:25:10","date_gmt":"2022-06-01T20:25:10","guid":{"rendered":"https:\/\/softicated.com\/?post_type=product&#038;p=6441"},"modified":"2026-03-16T06:26:00","modified_gmt":"2026-03-16T05:26:00","slug":"tapis-design-sur-mesure-flowery-softicated","status":"publish","type":"product","link":"https:\/\/softicated.com\/de\/produit\/tapis-design-sur-mesure-flowery-softicated\/","title":{"rendered":"Teppich Flowery"},"content":{"rendered":"<p>Der Teppich \u201eFlowery\u201c ist eine lebendige Hommage an die Natur und die Farbe, die botanische Inspiration mit k\u00fcnstlerischer K\u00fchnheit verbindet. Sein Muster, bestehend aus stilisierten Monstera und Bananenbl\u00e4ttern, die an ihren Stielen h\u00e4ngen, erinnert an \u00fcppige, tropische Vegetation. Diese organischen Formen, sowohl grafisch als auch poetisch, vermitteln ein Gef\u00fchl von Flucht und Frische im Raum.<\/p>\n<p>Der sanfte, leuchtende und beruhigende rosa Hintergrund kontrastiert subtil mit den Bl\u00e4ttern und Stielen und hebt gleichzeitig eine harmonische Palette aus Gr\u00fcn, Lavendel und Dunkelgrau hervor. Das Gr\u00fcn erinnert an die Pflanzenvielfalt, Lavendel bringt eine tr\u00e4umerische und beruhigende Note ein, w\u00e4hrend das Dunkelgrau die Komposition elegant ausbalanciert. Diese Farbkombination schafft eine warme und einzigartige Atmosph\u00e4re.<\/p>\n<p>Diskrete Streifen beleben das Gesamtbild und verleihen dem pflanzlichen Muster eine grafische und zeitgem\u00e4\u00dfe Note. Dieses Spiel aus Linien und Kurven verst\u00e4rkt den visuellen Reichtum des Teppichs, ohne den Raum zu \u00fcberladen. Er wird so zu einem echten Blickfang im Raum, sowohl dekorativ als auch inspirierend.<\/p>\n<p>Hergestellt aus Wolle und botanischer Seide vereint der Teppich \u201eFlowery\u201c Weichheit, nat\u00fcrlichen Glanz und hohe Widerstandsf\u00e4higkeit. Er passt sowohl in moderne als auch klassischere Innenr\u00e4ume und bringt eine exotische und farbenfrohe Note in Wohnzimmer, Schlafzimmer oder B\u00fcro. Als echtes textiles Kunstwerk feiert er die Sch\u00f6nheit der nat\u00fcrlichen Welt und dr\u00fcckt eine ausgepr\u00e4gte k\u00fcnstlerische Sensibilit\u00e4t aus.<\/p>\n<p>Bringen Sie mit dem Teppich \u201eFlowery\u201c einen Hauch von \u00fcppiger Natur und farbenfroher Frische in Ihr Zuhause.<\/p>\n<p><em>Die Lieferung erfolgt bis Bordsteinkante. F\u00fcr einen Liefer- und Installationsservice mit wei\u00dfen Handschuhen, <span style=\"text-decoration: underline;\"><a href=\"https:\/\/softicated.com\/de\/contact\/\">kontaktieren Sie uns<\/a><\/span>.<\/em><\/p>","protected":false},"excerpt":{"rendered":"<p>Le tapis \u201cFlowery\u201d est une c\u00e9l\u00e9bration vibrante de la nature et de la couleur m\u00ealant inspiration botanique et audace artistique. Son motif, compos\u00e9 de feuilles stylis\u00e9es de monstera et de bananier suspendues \u00e0 leurs tiges \u00e9voque une v\u00e9g\u00e9tation luxuriante et tropicale. Ces formes organiques \u00e0 la fois graphiques et po\u00e9tiques apportent une sensation d\u2019\u00e9vasion et [&hellip;]<\/p>","protected":false},"featured_media":15193,"comment_status":"closed","ping_status":"closed","template":"","meta":{"_acf_changed":false},"product_brand":[],"product_cat":[300,299,27],"product_tag":[],"collections":[37],"awards":[],"by_color":[343],"class_list":{"0":"post-6441","1":"product","2":"type-product","3":"status-publish","4":"has-post-thumbnail","6":"product_cat-tapis-a-motifs","7":"product_cat-tapis-multicolores","8":"product_cat-rugs","9":"product_shipping_class-tapis","10":"collections-tinged-leaves","11":"by_color-rose-lilas","13":"first","14":"instock","15":"shipping-taxable","16":"purchasable","17":"product-type-variable"},"acf":[],"yoast_head":"<!-- This site is optimized with the Yoast SEO Premium plugin v25.7.1 (Yoast SEO v26.9) - https:\/\/yoast.com\/product\/yoast-seo-premium-wordpress\/ -->\n<title>Tapis Flowery - Softicated<\/title>\n<meta name=\"description\" content=\"Le tapis \u201c Flowery \u201d est une c\u00e9l\u00e9bration vibrante de la nature et de la couleur m\u00ealant inspiration botanique et audace artistique.\" \/>\n<meta name=\"robots\" content=\"index, follow, max-snippet:-1, max-image-preview:large, max-video-preview:-1\" \/>\n<link rel=\"canonical\" href=\"https:\/\/softicated.com\/de\/produit\/tapis-design-sur-mesure-flowery-softicated\/\" \/>\n<meta property=\"og:locale\" content=\"de_DE\" \/>\n<meta property=\"og:type\" content=\"article\" \/>\n<meta property=\"og:title\" content=\"Tapis Flowery\" \/>\n<meta property=\"og:description\" content=\"Le tapis \u201c Flowery \u201d est une c\u00e9l\u00e9bration vibrante de la nature et de la couleur m\u00ealant inspiration botanique et audace artistique.\" \/>\n<meta property=\"og:url\" content=\"https:\/\/softicated.com\/de\/produit\/tapis-design-sur-mesure-flowery-softicated\/\" \/>\n<meta property=\"og:site_name\" content=\"Softicated\" \/>\n<meta property=\"article:publisher\" content=\"https:\/\/www.facebook.com\/Softicated\" \/>\n<meta property=\"article:modified_time\" content=\"2026-03-16T05:26:00+00:00\" \/>\n<meta property=\"og:image\" content=\"https:\/\/softicated.com\/wp-content\/uploads\/2022\/06\/Flowery.png\" \/>\n\t<meta property=\"og:image:width\" content=\"195\" \/>\n\t<meta property=\"og:image:height\" content=\"263\" \/>\n\t<meta property=\"og:image:type\" content=\"image\/png\" \/>\n<meta name=\"twitter:card\" content=\"summary_large_image\" \/>\n<script type=\"application\/ld+json\" class=\"yoast-schema-graph\">{\"@context\":\"https:\/\/schema.org\",\"@graph\":[{\"@type\":\"WebPage\",\"@id\":\"https:\/\/softicated.com\/produit\/tapis-design-sur-mesure-flowery-softicated\/\",\"url\":\"https:\/\/softicated.com\/produit\/tapis-design-sur-mesure-flowery-softicated\/\",\"name\":\"Tapis Flowery - Softicated\",\"isPartOf\":{\"@id\":\"https:\/\/softicated.com\/#website\"},\"primaryImageOfPage\":{\"@id\":\"https:\/\/softicated.com\/produit\/tapis-design-sur-mesure-flowery-softicated\/#primaryimage\"},\"image\":{\"@id\":\"https:\/\/softicated.com\/produit\/tapis-design-sur-mesure-flowery-softicated\/#primaryimage\"},\"thumbnailUrl\":\"https:\/\/softicated.com\/wp-content\/uploads\/2022\/06\/Flowery.png\",\"datePublished\":\"2022-06-01T20:25:10+00:00\",\"dateModified\":\"2026-03-16T05:26:00+00:00\",\"description\":\"Le tapis \u201c Flowery \u201d est une c\u00e9l\u00e9bration vibrante de la nature et de la couleur m\u00ealant inspiration botanique et audace artistique.\",\"breadcrumb\":{\"@id\":\"https:\/\/softicated.com\/produit\/tapis-design-sur-mesure-flowery-softicated\/#breadcrumb\"},\"inLanguage\":\"de-CH\",\"potentialAction\":[{\"@type\":\"ReadAction\",\"target\":[\"https:\/\/softicated.com\/produit\/tapis-design-sur-mesure-flowery-softicated\/\"]}]},{\"@type\":\"ImageObject\",\"inLanguage\":\"de-CH\",\"@id\":\"https:\/\/softicated.com\/produit\/tapis-design-sur-mesure-flowery-softicated\/#primaryimage\",\"url\":\"https:\/\/softicated.com\/wp-content\/uploads\/2022\/06\/Flowery.png\",\"contentUrl\":\"https:\/\/softicated.com\/wp-content\/uploads\/2022\/06\/Flowery.png\",\"width\":195,\"height\":263,\"caption\":\"Flowery\"},{\"@type\":\"BreadcrumbList\",\"@id\":\"https:\/\/softicated.com\/produit\/tapis-design-sur-mesure-flowery-softicated\/#breadcrumb\",\"itemListElement\":[{\"@type\":\"ListItem\",\"position\":1,\"name\":\"Accueil\",\"item\":\"https:\/\/softicated.com\/\"},{\"@type\":\"ListItem\",\"position\":2,\"name\":\"Produits Mobilier Premium Softicated\",\"item\":\"https:\/\/softicated.com\/produits\/\"},{\"@type\":\"ListItem\",\"position\":3,\"name\":\"Tapis \u00e0 motifs\",\"item\":\"https:\/\/softicated.com\/categorie-produit\/tapis-a-motifs\/\"},{\"@type\":\"ListItem\",\"position\":4,\"name\":\"Tapis design sur mesure\"}]},{\"@type\":\"WebSite\",\"@id\":\"https:\/\/softicated.com\/#website\",\"url\":\"https:\/\/softicated.com\/\",\"name\":\"Softicated\",\"description\":\"Cr\u00e9ateur de meubles, luminaires et tapis premium\",\"publisher\":{\"@id\":\"https:\/\/softicated.com\/#organization\"},\"potentialAction\":[{\"@type\":\"SearchAction\",\"target\":{\"@type\":\"EntryPoint\",\"urlTemplate\":\"https:\/\/softicated.com\/?s={search_term_string}\"},\"query-input\":{\"@type\":\"PropertyValueSpecification\",\"valueRequired\":true,\"valueName\":\"search_term_string\"}}],\"inLanguage\":\"de-CH\"},{\"@type\":\"Organization\",\"@id\":\"https:\/\/softicated.com\/#organization\",\"name\":\"Softicated\",\"url\":\"https:\/\/softicated.com\/\",\"logo\":{\"@type\":\"ImageObject\",\"inLanguage\":\"de-CH\",\"@id\":\"https:\/\/softicated.com\/#\/schema\/logo\/image\/\",\"url\":\"https:\/\/softicated.com\/wp-content\/uploads\/2025\/11\/logo-dark-2.svg\",\"contentUrl\":\"https:\/\/softicated.com\/wp-content\/uploads\/2025\/11\/logo-dark-2.svg\",\"caption\":\"Softicated\"},\"image\":{\"@id\":\"https:\/\/softicated.com\/#\/schema\/logo\/image\/\"},\"sameAs\":[\"https:\/\/www.facebook.com\/Softicated\",\"https:\/\/www.pinterest.com\/softicateddesign\",\"https:\/\/www.instagram.com\/softicated.design\"]}]}<\/script>\n<!-- \/ Yoast SEO Premium plugin. -->","yoast_head_json":{"title":"Teppich Flowery - Softicated","description":"Le tapis \u201c Flowery \u201d est une c\u00e9l\u00e9bration vibrante de la nature et de la couleur m\u00ealant inspiration botanique et audace artistique.","robots":{"index":"index","follow":"follow","max-snippet":"max-snippet:-1","max-image-preview":"max-image-preview:large","max-video-preview":"max-video-preview:-1"},"canonical":"https:\/\/softicated.com\/de\/produit\/tapis-design-sur-mesure-flowery-softicated\/","og_locale":"de_DE","og_type":"article","og_title":"Tapis Flowery","og_description":"Le tapis \u201c Flowery \u201d est une c\u00e9l\u00e9bration vibrante de la nature et de la couleur m\u00ealant inspiration botanique et audace artistique.","og_url":"https:\/\/softicated.com\/de\/produit\/tapis-design-sur-mesure-flowery-softicated\/","og_site_name":"Softicated","article_publisher":"https:\/\/www.facebook.com\/Softicated","article_modified_time":"2026-03-16T05:26:00+00:00","og_image":[{"width":195,"height":263,"url":"https:\/\/softicated.com\/wp-content\/uploads\/2022\/06\/Flowery.png","type":"image\/png"}],"twitter_card":"summary_large_image","schema":{"@context":"https:\/\/schema.org","@graph":[{"@type":"WebPage","@id":"https:\/\/softicated.com\/produit\/tapis-design-sur-mesure-flowery-softicated\/","url":"https:\/\/softicated.com\/produit\/tapis-design-sur-mesure-flowery-softicated\/","name":"Teppich Flowery - Softicated","isPartOf":{"@id":"https:\/\/softicated.com\/#website"},"primaryImageOfPage":{"@id":"https:\/\/softicated.com\/produit\/tapis-design-sur-mesure-flowery-softicated\/#primaryimage"},"image":{"@id":"https:\/\/softicated.com\/produit\/tapis-design-sur-mesure-flowery-softicated\/#primaryimage"},"thumbnailUrl":"https:\/\/softicated.com\/wp-content\/uploads\/2022\/06\/Flowery.png","datePublished":"2022-06-01T20:25:10+00:00","dateModified":"2026-03-16T05:26:00+00:00","description":"Le tapis \u201c Flowery \u201d est une c\u00e9l\u00e9bration vibrante de la nature et de la couleur m\u00ealant inspiration botanique et audace artistique.","breadcrumb":{"@id":"https:\/\/softicated.com\/produit\/tapis-design-sur-mesure-flowery-softicated\/#breadcrumb"},"inLanguage":"de-CH","potentialAction":[{"@type":"ReadAction","target":["https:\/\/softicated.com\/produit\/tapis-design-sur-mesure-flowery-softicated\/"]}]},{"@type":"ImageObject","inLanguage":"de-CH","@id":"https:\/\/softicated.com\/produit\/tapis-design-sur-mesure-flowery-softicated\/#primaryimage","url":"https:\/\/softicated.com\/wp-content\/uploads\/2022\/06\/Flowery.png","contentUrl":"https:\/\/softicated.com\/wp-content\/uploads\/2022\/06\/Flowery.png","width":195,"height":263,"caption":"Flowery"},{"@type":"BreadcrumbList","@id":"https:\/\/softicated.com\/produit\/tapis-design-sur-mesure-flowery-softicated\/#breadcrumb","itemListElement":[{"@type":"ListItem","position":1,"name":"Accueil","item":"https:\/\/softicated.com\/"},{"@type":"ListItem","position":2,"name":"Produits Mobilier Premium Softicated","item":"https:\/\/softicated.com\/produits\/"},{"@type":"ListItem","position":3,"name":"Tapis \u00e0 motifs","item":"https:\/\/softicated.com\/categorie-produit\/tapis-a-motifs\/"},{"@type":"ListItem","position":4,"name":"Tapis design sur mesure"}]},{"@type":"WebSite","@id":"https:\/\/softicated.com\/#website","url":"https:\/\/softicated.com\/","name":"Softicated","description":"Sch\u00f6pfer hochwertiger M\u00f6bel, Leuchten und Teppiche","publisher":{"@id":"https:\/\/softicated.com\/#organization"},"potentialAction":[{"@type":"SearchAction","target":{"@type":"EntryPoint","urlTemplate":"https:\/\/softicated.com\/?s={search_term_string}"},"query-input":{"@type":"PropertyValueSpecification","valueRequired":true,"valueName":"search_term_string"}}],"inLanguage":"de-CH"},{"@type":"Organization","@id":"https:\/\/softicated.com\/#organization","name":"Softicated","url":"https:\/\/softicated.com\/","logo":{"@type":"ImageObject","inLanguage":"de-CH","@id":"https:\/\/softicated.com\/#\/schema\/logo\/image\/","url":"https:\/\/softicated.com\/wp-content\/uploads\/2025\/11\/logo-dark-2.svg","contentUrl":"https:\/\/softicated.com\/wp-content\/uploads\/2025\/11\/logo-dark-2.svg","caption":"Softicated"},"image":{"@id":"https:\/\/softicated.com\/#\/schema\/logo\/image\/"},"sameAs":["https:\/\/www.facebook.com\/Softicated","https:\/\/www.pinterest.com\/softicateddesign","https:\/\/www.instagram.com\/softicated.design"]}]}},"_links":{"self":[{"href":"https:\/\/softicated.com\/de\/wp-json\/wp\/v2\/product\/6441","targetHints":{"allow":["GET"]}}],"collection":[{"href":"https:\/\/softicated.com\/de\/wp-json\/wp\/v2\/product"}],"about":[{"href":"https:\/\/softicated.com\/de\/wp-json\/wp\/v2\/types\/product"}],"replies":[{"embeddable":true,"href":"https:\/\/softicated.com\/de\/wp-json\/wp\/v2\/comments?post=6441"}],"wp:featuredmedia":[{"embeddable":true,"href":"https:\/\/softicated.com\/de\/wp-json\/wp\/v2\/media\/15193"}],"wp:attachment":[{"href":"https:\/\/softicated.com\/de\/wp-json\/wp\/v2\/media?parent=6441"}],"wp:term":[{"taxonomy":"product_brand","embeddable":true,"href":"https:\/\/softicated.com\/de\/wp-json\/wp\/v2\/product_brand?post=6441"},{"taxonomy":"product_cat","embeddable":true,"href":"https:\/\/softicated.com\/de\/wp-json\/wp\/v2\/product_cat?post=6441"},{"taxonomy":"product_tag","embeddable":true,"href":"https:\/\/softicated.com\/de\/wp-json\/wp\/v2\/product_tag?post=6441"},{"taxonomy":"collections","embeddable":true,"href":"https:\/\/softicated.com\/de\/wp-json\/wp\/v2\/collections?post=6441"},{"taxonomy":"awards","embeddable":true,"href":"https:\/\/softicated.com\/de\/wp-json\/wp\/v2\/awards?post=6441"},{"taxonomy":"by_color","embeddable":true,"href":"https:\/\/softicated.com\/de\/wp-json\/wp\/v2\/by_color?post=6441"}],"curies":[{"name":"wp","href":"https:\/\/api.w.org\/{rel}","templated":true}]}}