{"id":6382,"date":"2022-05-31T17:29:38","date_gmt":"2022-05-31T15:29:38","guid":{"rendered":"https:\/\/softicated.com\/?post_type=product&#038;p=6382"},"modified":"2026-03-16T06:26:11","modified_gmt":"2026-03-16T05:26:11","slug":"tapis-design-sur-mesure-colored-softicated","status":"publish","type":"product","link":"https:\/\/softicated.com\/de\/produit\/tapis-design-sur-mesure-colored-softicated\/","title":{"rendered":"Teppich Colored"},"content":{"rendered":"<p>Der k\u00fcnstlerische und farbenfrohe Teppich \u201eColored\u201c vereint auf einzigartige Weise kosmische Inspiration mit mutiger Farbgestaltung. Acht farbige Kreise, die symbolisch f\u00fcr die Planeten unseres Sonnensystems stehen, scheinen in einem Moment der Schwerelosigkeit still zu stehen. Ihre sorgf\u00e4ltige Anordnung erinnert an die harmonischeRotation um die Sonne und vermittelt eine poetische und ausgewogene Darstellung des Universums.<\/p>\n<p>Der taupefarbene Hintergrund, neutral und elegant, dient als beruhigende Basis f\u00fcr die lebendigen Farben dieses kosmischen Panoramas: Fuchsia, Blau, Pistazie, Aubergine und Grau. Diese kr\u00e4ftigen T\u00f6ne verleihen dem Gesamtbild Energie und Pers\u00f6nlichkeit, w\u00e4hrend sie gleichzeitig eine visuelle Harmonie bewahren. Fuchsia bringt Lebendigkeit, Blau Frische und Leichtigkeit, Pistazie eine fast fr\u00fchlingshafte, pflanzliche Note, Aubergine Tiefe und Intensit\u00e4t, w\u00e4hrend Grau die Elemente subtil miteinander verbindet.<\/p>\n<p>Die abstrakten oder geometrischen Formen der Planeten verschmelzen zu einem flie\u00dfenden Muster, das sowohl die Bewegung der Himmelsk\u00f6rper als auch die unsichtbaren Str\u00f6mungen des Weltraums evoziert. Dieser Teppich wird zu einem eigenst\u00e4ndigen textilenKunstwerk, einer Br\u00fccke zwischen Wissenschaft, Kunst und Dekoration.<\/p>\n<p>In einem modernen oder eklektischen Interieur zieht der Teppich \u201eColored\u201c die Blickeauf sich und strukturiert den Raum. Sorgf\u00e4ltig aus hochwertigen Materialien gefertigt, bietet er Weichheit, Widerstandsf\u00e4higkeit und Glanz. Dieser Teppich feiert die Unendlichkeit des Kosmos und w\u00e4rmt gleichzeitig den Innenraum durch seine visuelle Kraftund Poesie.<\/p>\n<p>Bringen Sie mit dem Teppich \u201eColored\u201c eine kosmische K\u00fchnheit in Ihr Zuhause, wo Kunst und Farbe Ihren Raum mit Energie, Mut und Originalit\u00e4t bereichern.<\/p>\n<p><em>Die Lieferung erfolgt bis Bordsteinkante. F\u00fcr einen Liefer- und Installationsservice mit wei\u00dfen Handschuhen, <span style=\"text-decoration: underline;\"><a href=\"https:\/\/softicated.com\/de\/contact\/\">kontaktieren Sie uns<\/a><\/span>.<\/em><\/p>","protected":false},"excerpt":{"rendered":"<p>Le tapis \u201cColored\u201d artistique et color\u00e9 incarne une rencontre singuli\u00e8re entre l\u2019univers c\u00e9leste et l\u2019audace chromatique. \u00c0 travers une composition inspir\u00e9e des plan\u00e8tes de notre syst\u00e8me solaire huit bulles color\u00e9es. Chacune repr\u00e9sentant une plan\u00e8te. Elles semblent suspendues dans un mouvement fig\u00e9 comme en apesanteur. Leur positionnement minutieux \u00e9voque la rotation harmonieuse autour du Soleil offrant [&hellip;]<\/p>","protected":false},"featured_media":15195,"comment_status":"closed","ping_status":"closed","template":"","meta":{"_acf_changed":false},"product_brand":[],"product_cat":[300,299,27],"product_tag":[],"collections":[36],"awards":[],"by_color":[333],"class_list":{"0":"post-6382","1":"product","2":"type-product","3":"status-publish","4":"has-post-thumbnail","6":"product_cat-tapis-a-motifs","7":"product_cat-tapis-multicolores","8":"product_cat-rugs","9":"product_shipping_class-tapis","10":"collections-planets","11":"by_color-aubergine","13":"first","14":"instock","15":"shipping-taxable","16":"purchasable","17":"product-type-variable","18":"has-default-attributes"},"acf":[],"yoast_head":"<!-- This site is optimized with the Yoast SEO Premium plugin v25.7.1 (Yoast SEO v26.9) - https:\/\/yoast.com\/product\/yoast-seo-premium-wordpress\/ -->\n<title>Tapis Colored - Softicated<\/title>\n<meta name=\"description\" content=\"Le tapis \u201c Colored \u201d artistique et color\u00e9 incarne une rencontre singuli\u00e8re entre l\u2019univers c\u00e9leste et l\u2019audace chromatique.\" \/>\n<meta name=\"robots\" content=\"index, follow, max-snippet:-1, max-image-preview:large, max-video-preview:-1\" \/>\n<link rel=\"canonical\" href=\"https:\/\/softicated.com\/de\/produit\/tapis-design-sur-mesure-colored-softicated\/\" \/>\n<meta property=\"og:locale\" content=\"de_DE\" \/>\n<meta property=\"og:type\" content=\"article\" \/>\n<meta property=\"og:title\" content=\"Tapis Colored\" \/>\n<meta property=\"og:description\" content=\"Le tapis \u201c Colored \u201d artistique et color\u00e9 incarne une rencontre singuli\u00e8re entre l\u2019univers c\u00e9leste et l\u2019audace chromatique.\" \/>\n<meta property=\"og:url\" content=\"https:\/\/softicated.com\/de\/produit\/tapis-design-sur-mesure-colored-softicated\/\" \/>\n<meta property=\"og:site_name\" content=\"Softicated\" \/>\n<meta property=\"article:publisher\" content=\"https:\/\/www.facebook.com\/Softicated\" \/>\n<meta property=\"article:modified_time\" content=\"2026-03-16T05:26:11+00:00\" \/>\n<meta property=\"og:image\" content=\"https:\/\/softicated.com\/wp-content\/uploads\/2022\/05\/Colored.png\" \/>\n\t<meta property=\"og:image:width\" content=\"188\" \/>\n\t<meta property=\"og:image:height\" content=\"260\" \/>\n\t<meta property=\"og:image:type\" content=\"image\/png\" \/>\n<meta name=\"twitter:card\" content=\"summary_large_image\" \/>\n<script type=\"application\/ld+json\" class=\"yoast-schema-graph\">{\"@context\":\"https:\/\/schema.org\",\"@graph\":[{\"@type\":\"WebPage\",\"@id\":\"https:\/\/softicated.com\/en\/produit\/tapis-design-sur-mesure-colored-softicated\/\",\"url\":\"https:\/\/softicated.com\/en\/produit\/tapis-design-sur-mesure-colored-softicated\/\",\"name\":\"Tapis Colored - Softicated\",\"isPartOf\":{\"@id\":\"https:\/\/softicated.com\/#website\"},\"primaryImageOfPage\":{\"@id\":\"https:\/\/softicated.com\/en\/produit\/tapis-design-sur-mesure-colored-softicated\/#primaryimage\"},\"image\":{\"@id\":\"https:\/\/softicated.com\/en\/produit\/tapis-design-sur-mesure-colored-softicated\/#primaryimage\"},\"thumbnailUrl\":\"https:\/\/softicated.com\/wp-content\/uploads\/2022\/05\/Colored.png\",\"datePublished\":\"2022-05-31T15:29:38+00:00\",\"dateModified\":\"2026-03-16T05:26:11+00:00\",\"description\":\"Le tapis \u201c Colored \u201d artistique et color\u00e9 incarne une rencontre singuli\u00e8re entre l\u2019univers c\u00e9leste et l\u2019audace chromatique.\",\"breadcrumb\":{\"@id\":\"https:\/\/softicated.com\/en\/produit\/tapis-design-sur-mesure-colored-softicated\/#breadcrumb\"},\"inLanguage\":\"de-CH\",\"potentialAction\":[{\"@type\":\"ReadAction\",\"target\":[\"https:\/\/softicated.com\/en\/produit\/tapis-design-sur-mesure-colored-softicated\/\"]}]},{\"@type\":\"ImageObject\",\"inLanguage\":\"de-CH\",\"@id\":\"https:\/\/softicated.com\/en\/produit\/tapis-design-sur-mesure-colored-softicated\/#primaryimage\",\"url\":\"https:\/\/softicated.com\/wp-content\/uploads\/2022\/05\/Colored.png\",\"contentUrl\":\"https:\/\/softicated.com\/wp-content\/uploads\/2022\/05\/Colored.png\",\"width\":188,\"height\":260,\"caption\":\"Colored\"},{\"@type\":\"BreadcrumbList\",\"@id\":\"https:\/\/softicated.com\/en\/produit\/tapis-design-sur-mesure-colored-softicated\/#breadcrumb\",\"itemListElement\":[{\"@type\":\"ListItem\",\"position\":1,\"name\":\"Accueil\",\"item\":\"https:\/\/softicated.com\/\"},{\"@type\":\"ListItem\",\"position\":2,\"name\":\"Produits Mobilier Premium Softicated\",\"item\":\"https:\/\/softicated.com\/produits\/\"},{\"@type\":\"ListItem\",\"position\":3,\"name\":\"Tapis \u00e0 motifs\",\"item\":\"https:\/\/softicated.com\/categorie-produit\/tapis-a-motifs\/\"},{\"@type\":\"ListItem\",\"position\":4,\"name\":\"Tapis design sur mesure\"}]},{\"@type\":\"WebSite\",\"@id\":\"https:\/\/softicated.com\/#website\",\"url\":\"https:\/\/softicated.com\/\",\"name\":\"Softicated\",\"description\":\"Cr\u00e9ateur de meubles, luminaires et tapis premium\",\"publisher\":{\"@id\":\"https:\/\/softicated.com\/#organization\"},\"potentialAction\":[{\"@type\":\"SearchAction\",\"target\":{\"@type\":\"EntryPoint\",\"urlTemplate\":\"https:\/\/softicated.com\/?s={search_term_string}\"},\"query-input\":{\"@type\":\"PropertyValueSpecification\",\"valueRequired\":true,\"valueName\":\"search_term_string\"}}],\"inLanguage\":\"de-CH\"},{\"@type\":\"Organization\",\"@id\":\"https:\/\/softicated.com\/#organization\",\"name\":\"Softicated\",\"url\":\"https:\/\/softicated.com\/\",\"logo\":{\"@type\":\"ImageObject\",\"inLanguage\":\"de-CH\",\"@id\":\"https:\/\/softicated.com\/#\/schema\/logo\/image\/\",\"url\":\"https:\/\/softicated.com\/wp-content\/uploads\/2025\/11\/logo-dark-2.svg\",\"contentUrl\":\"https:\/\/softicated.com\/wp-content\/uploads\/2025\/11\/logo-dark-2.svg\",\"caption\":\"Softicated\"},\"image\":{\"@id\":\"https:\/\/softicated.com\/#\/schema\/logo\/image\/\"},\"sameAs\":[\"https:\/\/www.facebook.com\/Softicated\",\"https:\/\/www.pinterest.com\/softicateddesign\",\"https:\/\/www.instagram.com\/softicated.design\"]}]}<\/script>\n<!-- \/ Yoast SEO Premium plugin. -->","yoast_head_json":{"title":"Teppich Colored - Softicated","description":"Le tapis \u201c Colored \u201d artistique et color\u00e9 incarne une rencontre singuli\u00e8re entre l\u2019univers c\u00e9leste et l\u2019audace chromatique.","robots":{"index":"index","follow":"follow","max-snippet":"max-snippet:-1","max-image-preview":"max-image-preview:large","max-video-preview":"max-video-preview:-1"},"canonical":"https:\/\/softicated.com\/de\/produit\/tapis-design-sur-mesure-colored-softicated\/","og_locale":"de_DE","og_type":"article","og_title":"Tapis Colored","og_description":"Le tapis \u201c Colored \u201d artistique et color\u00e9 incarne une rencontre singuli\u00e8re entre l\u2019univers c\u00e9leste et l\u2019audace chromatique.","og_url":"https:\/\/softicated.com\/de\/produit\/tapis-design-sur-mesure-colored-softicated\/","og_site_name":"Softicated","article_publisher":"https:\/\/www.facebook.com\/Softicated","article_modified_time":"2026-03-16T05:26:11+00:00","og_image":[{"width":188,"height":260,"url":"https:\/\/softicated.com\/wp-content\/uploads\/2022\/05\/Colored.png","type":"image\/png"}],"twitter_card":"summary_large_image","schema":{"@context":"https:\/\/schema.org","@graph":[{"@type":"WebPage","@id":"https:\/\/softicated.com\/en\/produit\/tapis-design-sur-mesure-colored-softicated\/","url":"https:\/\/softicated.com\/en\/produit\/tapis-design-sur-mesure-colored-softicated\/","name":"Teppich Colored - Softicated","isPartOf":{"@id":"https:\/\/softicated.com\/#website"},"primaryImageOfPage":{"@id":"https:\/\/softicated.com\/en\/produit\/tapis-design-sur-mesure-colored-softicated\/#primaryimage"},"image":{"@id":"https:\/\/softicated.com\/en\/produit\/tapis-design-sur-mesure-colored-softicated\/#primaryimage"},"thumbnailUrl":"https:\/\/softicated.com\/wp-content\/uploads\/2022\/05\/Colored.png","datePublished":"2022-05-31T15:29:38+00:00","dateModified":"2026-03-16T05:26:11+00:00","description":"Le tapis \u201c Colored \u201d artistique et color\u00e9 incarne une rencontre singuli\u00e8re entre l\u2019univers c\u00e9leste et l\u2019audace chromatique.","breadcrumb":{"@id":"https:\/\/softicated.com\/en\/produit\/tapis-design-sur-mesure-colored-softicated\/#breadcrumb"},"inLanguage":"de-CH","potentialAction":[{"@type":"ReadAction","target":["https:\/\/softicated.com\/en\/produit\/tapis-design-sur-mesure-colored-softicated\/"]}]},{"@type":"ImageObject","inLanguage":"de-CH","@id":"https:\/\/softicated.com\/en\/produit\/tapis-design-sur-mesure-colored-softicated\/#primaryimage","url":"https:\/\/softicated.com\/wp-content\/uploads\/2022\/05\/Colored.png","contentUrl":"https:\/\/softicated.com\/wp-content\/uploads\/2022\/05\/Colored.png","width":188,"height":260,"caption":"Colored"},{"@type":"BreadcrumbList","@id":"https:\/\/softicated.com\/en\/produit\/tapis-design-sur-mesure-colored-softicated\/#breadcrumb","itemListElement":[{"@type":"ListItem","position":1,"name":"Accueil","item":"https:\/\/softicated.com\/"},{"@type":"ListItem","position":2,"name":"Produits Mobilier Premium Softicated","item":"https:\/\/softicated.com\/produits\/"},{"@type":"ListItem","position":3,"name":"Tapis \u00e0 motifs","item":"https:\/\/softicated.com\/categorie-produit\/tapis-a-motifs\/"},{"@type":"ListItem","position":4,"name":"Tapis design sur mesure"}]},{"@type":"WebSite","@id":"https:\/\/softicated.com\/#website","url":"https:\/\/softicated.com\/","name":"Softicated","description":"Sch\u00f6pfer hochwertiger M\u00f6bel, Leuchten und Teppiche","publisher":{"@id":"https:\/\/softicated.com\/#organization"},"potentialAction":[{"@type":"SearchAction","target":{"@type":"EntryPoint","urlTemplate":"https:\/\/softicated.com\/?s={search_term_string}"},"query-input":{"@type":"PropertyValueSpecification","valueRequired":true,"valueName":"search_term_string"}}],"inLanguage":"de-CH"},{"@type":"Organization","@id":"https:\/\/softicated.com\/#organization","name":"Softicated","url":"https:\/\/softicated.com\/","logo":{"@type":"ImageObject","inLanguage":"de-CH","@id":"https:\/\/softicated.com\/#\/schema\/logo\/image\/","url":"https:\/\/softicated.com\/wp-content\/uploads\/2025\/11\/logo-dark-2.svg","contentUrl":"https:\/\/softicated.com\/wp-content\/uploads\/2025\/11\/logo-dark-2.svg","caption":"Softicated"},"image":{"@id":"https:\/\/softicated.com\/#\/schema\/logo\/image\/"},"sameAs":["https:\/\/www.facebook.com\/Softicated","https:\/\/www.pinterest.com\/softicateddesign","https:\/\/www.instagram.com\/softicated.design"]}]}},"_links":{"self":[{"href":"https:\/\/softicated.com\/de\/wp-json\/wp\/v2\/product\/6382","targetHints":{"allow":["GET"]}}],"collection":[{"href":"https:\/\/softicated.com\/de\/wp-json\/wp\/v2\/product"}],"about":[{"href":"https:\/\/softicated.com\/de\/wp-json\/wp\/v2\/types\/product"}],"replies":[{"embeddable":true,"href":"https:\/\/softicated.com\/de\/wp-json\/wp\/v2\/comments?post=6382"}],"wp:featuredmedia":[{"embeddable":true,"href":"https:\/\/softicated.com\/de\/wp-json\/wp\/v2\/media\/15195"}],"wp:attachment":[{"href":"https:\/\/softicated.com\/de\/wp-json\/wp\/v2\/media?parent=6382"}],"wp:term":[{"taxonomy":"product_brand","embeddable":true,"href":"https:\/\/softicated.com\/de\/wp-json\/wp\/v2\/product_brand?post=6382"},{"taxonomy":"product_cat","embeddable":true,"href":"https:\/\/softicated.com\/de\/wp-json\/wp\/v2\/product_cat?post=6382"},{"taxonomy":"product_tag","embeddable":true,"href":"https:\/\/softicated.com\/de\/wp-json\/wp\/v2\/product_tag?post=6382"},{"taxonomy":"collections","embeddable":true,"href":"https:\/\/softicated.com\/de\/wp-json\/wp\/v2\/collections?post=6382"},{"taxonomy":"awards","embeddable":true,"href":"https:\/\/softicated.com\/de\/wp-json\/wp\/v2\/awards?post=6382"},{"taxonomy":"by_color","embeddable":true,"href":"https:\/\/softicated.com\/de\/wp-json\/wp\/v2\/by_color?post=6382"}],"curies":[{"name":"wp","href":"https:\/\/api.w.org\/{rel}","templated":true}]}}