{"id":6377,"date":"2022-05-31T17:21:47","date_gmt":"2022-05-31T15:21:47","guid":{"rendered":"https:\/\/softicated.com\/?post_type=product&#038;p=6377"},"modified":"2026-03-11T12:15:05","modified_gmt":"2026-03-11T11:15:05","slug":"tapis-design-sur-mesure-greys-and-white-softicated","status":"publish","type":"product","link":"https:\/\/softicated.com\/de\/produit\/tapis-design-sur-mesure-greys-and-white-softicated\/","title":{"rendered":"Teppich Greys &amp; White"},"content":{"rendered":"<p>Der k\u00fcnstlerische und zeitgen\u00f6ssische Teppich \u201eGreys &amp; White\u201c f\u00e4ngt die Essenz des Universums ein und verleiht jedem Interieur eine moderne und zeitlose Note. Der makellose wei\u00dfe Hintergrund hebt eine subtile Komposition aus Graut\u00f6nen hervor, die von hellem Grau bis zu Anthrazit reichen und eine elegante, beruhigende Abstufungschaffen. Dieses sanfte Farbspektrum entfaltet sich wie ein Tanz der Nuancen, interagiert mit Licht und Raumambiente und bringt Ruhe und Ausgewogenheit.<\/p>\n<p>Die geometrischen Formen und Gr\u00f6\u00dfenvariationen der Kreise auf dem Teppich symbolisieren die acht Planeten unseres Sonnensystems, die mit Gelassenheit im Raum schweben. Jeder Planet, erkennbar durch seine Farbe und Form, scheint in einem eingefrorenen Moment zu verharren und vermittelt ein Gef\u00fchl von Weite und himmlischer Harmonie. Die sorgf\u00e4ltige Platzierung der Planeten erinnert an ihre friedliche Bewegung um die Sonne, w\u00e4hrend der neutrale Hintergrund jedes Element hervorhebt und gleichzeitig ein koh\u00e4rentes Ganzes bildet.<\/p>\n<p>Der Teppich \u201eGreys &amp; White\u201c ist nicht nur ein dekoratives Accessoire, sondern ein Kunstwerk, das Wissenschaft, \u00c4sthetik und Dekoration vereint. Sein grafisches und dennoch subtiles Design eignet sich perfekt f\u00fcr klare, moderne R\u00e4ume und verleiht visuelle Tiefe, ohne das Umfeld zu beschweren. Er f\u00fcgt sich nahtlos in minimalistische, skandinavische oder zeitgen\u00f6ssische Interieurs ein und bietet eine Note von Raffinesse.<\/p>\n<p>Gefertigt aus hochwertigen Materialien, vereint der Teppich \u201eGreys &amp; White\u201c Komfortund Sch\u00f6nheit. Er \u00fcberdauert Modetrends mit Eleganz und wird zu einem zentralen Element, das den Raum mit einer diskreten, aber markanten Pr\u00e4senz strukturiert.<\/p>\n<p>Bringen Sie Ruhe, Harmonie und Raffinesse in Ihr Zuhause mit dem Teppich \u201eGreys &amp; White\u201c, einem grafischen Werk inspiriert vom Kosmos.<\/p>\n<p><em>Die Lieferung erfolgt bis Bordsteinkante. F\u00fcr einen Liefer- und Installationsservice mit wei\u00dfen Handschuhen, <span style=\"text-decoration: underline;\"><a href=\"https:\/\/softicated.com\/de\/contact\/\">kontaktieren Sie uns<\/a><\/span>.<\/em><\/p>","protected":false},"excerpt":{"rendered":"<p>Le tapis \u201cGreys &amp; White\u201d artistique et contemporain capte l\u2019essence de l\u2019univers et de l\u2019espace, tout en offrant une touche moderne et intemporelle \u00e0 tout int\u00e9rieur. Le fond blanc immacul\u00e9 met en valeur une composition subtile de gris allant du gris clair au gris anthracite cr\u00e9ant une gradation \u00e9l\u00e9gante et apaisante. Ce cama\u00efeu de teintes [&hellip;]<\/p>","protected":false},"featured_media":15207,"comment_status":"closed","ping_status":"closed","template":"","meta":{"_acf_changed":false},"product_brand":[],"product_cat":[300,27],"product_tag":[],"collections":[36],"awards":[],"by_color":[336,340],"class_list":{"0":"post-6377","1":"product","2":"type-product","3":"status-publish","4":"has-post-thumbnail","6":"product_cat-tapis-a-motifs","7":"product_cat-rugs","8":"product_shipping_class-tapis","9":"collections-planets","10":"by_color-blanc","11":"by_color-gris-noir","13":"first","14":"instock","15":"shipping-taxable","16":"purchasable","17":"product-type-variable","18":"has-default-attributes"},"acf":[],"yoast_head":"<!-- This site is optimized with the Yoast SEO Premium plugin v25.7.1 (Yoast SEO v26.9) - https:\/\/yoast.com\/product\/yoast-seo-premium-wordpress\/ -->\n<title>Tapis Greys &amp; White - Softicated<\/title>\n<meta name=\"description\" content=\"Le tapis \u201cGreys &amp; White\u201d capte l\u2019essence de l\u2019univers et de l\u2019espace, tout en offrant une touche moderne et intemporelle \u00e0 tout int\u00e9rieur.\" \/>\n<meta name=\"robots\" content=\"index, follow, max-snippet:-1, max-image-preview:large, max-video-preview:-1\" \/>\n<link rel=\"canonical\" href=\"https:\/\/softicated.com\/de\/produit\/tapis-design-sur-mesure-greys-and-white-softicated\/\" \/>\n<meta property=\"og:locale\" content=\"de_DE\" \/>\n<meta property=\"og:type\" content=\"article\" \/>\n<meta property=\"og:title\" content=\"Tapis Greys &amp; White\" \/>\n<meta property=\"og:description\" content=\"Le tapis \u201cGreys &amp; White\u201d capte l\u2019essence de l\u2019univers et de l\u2019espace, tout en offrant une touche moderne et intemporelle \u00e0 tout int\u00e9rieur.\" \/>\n<meta property=\"og:url\" content=\"https:\/\/softicated.com\/de\/produit\/tapis-design-sur-mesure-greys-and-white-softicated\/\" \/>\n<meta property=\"og:site_name\" content=\"Softicated\" \/>\n<meta property=\"article:publisher\" content=\"https:\/\/www.facebook.com\/Softicated\" \/>\n<meta property=\"article:modified_time\" content=\"2026-03-11T11:15:05+00:00\" \/>\n<meta property=\"og:image\" content=\"https:\/\/softicated.com\/wp-content\/uploads\/2022\/05\/Greys-White.png\" \/>\n\t<meta property=\"og:image:width\" content=\"188\" \/>\n\t<meta property=\"og:image:height\" content=\"260\" \/>\n\t<meta property=\"og:image:type\" content=\"image\/png\" \/>\n<meta name=\"twitter:card\" content=\"summary_large_image\" \/>\n<script type=\"application\/ld+json\" class=\"yoast-schema-graph\">{\"@context\":\"https:\/\/schema.org\",\"@graph\":[{\"@type\":\"WebPage\",\"@id\":\"https:\/\/softicated.com\/en\/produit\/tapis-design-sur-mesure-greys-and-white-softicated\/\",\"url\":\"https:\/\/softicated.com\/en\/produit\/tapis-design-sur-mesure-greys-and-white-softicated\/\",\"name\":\"Tapis Greys & White - Softicated\",\"isPartOf\":{\"@id\":\"https:\/\/softicated.com\/#website\"},\"primaryImageOfPage\":{\"@id\":\"https:\/\/softicated.com\/en\/produit\/tapis-design-sur-mesure-greys-and-white-softicated\/#primaryimage\"},\"image\":{\"@id\":\"https:\/\/softicated.com\/en\/produit\/tapis-design-sur-mesure-greys-and-white-softicated\/#primaryimage\"},\"thumbnailUrl\":\"https:\/\/softicated.com\/wp-content\/uploads\/2022\/05\/Greys-White.png\",\"datePublished\":\"2022-05-31T15:21:47+00:00\",\"dateModified\":\"2026-03-11T11:15:05+00:00\",\"description\":\"Le tapis \u201cGreys & White\u201d capte l\u2019essence de l\u2019univers et de l\u2019espace, tout en offrant une touche moderne et intemporelle \u00e0 tout int\u00e9rieur.\",\"breadcrumb\":{\"@id\":\"https:\/\/softicated.com\/en\/produit\/tapis-design-sur-mesure-greys-and-white-softicated\/#breadcrumb\"},\"inLanguage\":\"de-CH\",\"potentialAction\":[{\"@type\":\"ReadAction\",\"target\":[\"https:\/\/softicated.com\/en\/produit\/tapis-design-sur-mesure-greys-and-white-softicated\/\"]}]},{\"@type\":\"ImageObject\",\"inLanguage\":\"de-CH\",\"@id\":\"https:\/\/softicated.com\/en\/produit\/tapis-design-sur-mesure-greys-and-white-softicated\/#primaryimage\",\"url\":\"https:\/\/softicated.com\/wp-content\/uploads\/2022\/05\/Greys-White.png\",\"contentUrl\":\"https:\/\/softicated.com\/wp-content\/uploads\/2022\/05\/Greys-White.png\",\"width\":188,\"height\":260,\"caption\":\"Greys & White\"},{\"@type\":\"BreadcrumbList\",\"@id\":\"https:\/\/softicated.com\/en\/produit\/tapis-design-sur-mesure-greys-and-white-softicated\/#breadcrumb\",\"itemListElement\":[{\"@type\":\"ListItem\",\"position\":1,\"name\":\"Accueil\",\"item\":\"https:\/\/softicated.com\/\"},{\"@type\":\"ListItem\",\"position\":2,\"name\":\"Produits Mobilier Premium Softicated\",\"item\":\"https:\/\/softicated.com\/produits\/\"},{\"@type\":\"ListItem\",\"position\":3,\"name\":\"Tapis \u00e0 motifs\",\"item\":\"https:\/\/softicated.com\/categorie-produit\/tapis-a-motifs\/\"},{\"@type\":\"ListItem\",\"position\":4,\"name\":\"Tapis design sur mesure\"}]},{\"@type\":\"WebSite\",\"@id\":\"https:\/\/softicated.com\/#website\",\"url\":\"https:\/\/softicated.com\/\",\"name\":\"Softicated\",\"description\":\"Cr\u00e9ateur de meubles, luminaires et tapis premium\",\"publisher\":{\"@id\":\"https:\/\/softicated.com\/#organization\"},\"potentialAction\":[{\"@type\":\"SearchAction\",\"target\":{\"@type\":\"EntryPoint\",\"urlTemplate\":\"https:\/\/softicated.com\/?s={search_term_string}\"},\"query-input\":{\"@type\":\"PropertyValueSpecification\",\"valueRequired\":true,\"valueName\":\"search_term_string\"}}],\"inLanguage\":\"de-CH\"},{\"@type\":\"Organization\",\"@id\":\"https:\/\/softicated.com\/#organization\",\"name\":\"Softicated\",\"url\":\"https:\/\/softicated.com\/\",\"logo\":{\"@type\":\"ImageObject\",\"inLanguage\":\"de-CH\",\"@id\":\"https:\/\/softicated.com\/#\/schema\/logo\/image\/\",\"url\":\"https:\/\/softicated.com\/wp-content\/uploads\/2025\/11\/logo-dark-2.svg\",\"contentUrl\":\"https:\/\/softicated.com\/wp-content\/uploads\/2025\/11\/logo-dark-2.svg\",\"caption\":\"Softicated\"},\"image\":{\"@id\":\"https:\/\/softicated.com\/#\/schema\/logo\/image\/\"},\"sameAs\":[\"https:\/\/www.facebook.com\/Softicated\",\"https:\/\/www.pinterest.com\/softicateddesign\",\"https:\/\/www.instagram.com\/softicated.design\"]}]}<\/script>\n<!-- \/ Yoast SEO Premium plugin. -->","yoast_head_json":{"title":"Teppiche Greys &amp; White - Softicated","description":"Le tapis \u201cGreys & White\u201d capte l\u2019essence de l\u2019univers et de l\u2019espace, tout en offrant une touche moderne et intemporelle \u00e0 tout int\u00e9rieur.","robots":{"index":"index","follow":"follow","max-snippet":"max-snippet:-1","max-image-preview":"max-image-preview:large","max-video-preview":"max-video-preview:-1"},"canonical":"https:\/\/softicated.com\/de\/produit\/tapis-design-sur-mesure-greys-and-white-softicated\/","og_locale":"de_DE","og_type":"article","og_title":"Tapis Greys & White","og_description":"Le tapis \u201cGreys & White\u201d capte l\u2019essence de l\u2019univers et de l\u2019espace, tout en offrant une touche moderne et intemporelle \u00e0 tout int\u00e9rieur.","og_url":"https:\/\/softicated.com\/de\/produit\/tapis-design-sur-mesure-greys-and-white-softicated\/","og_site_name":"Softicated","article_publisher":"https:\/\/www.facebook.com\/Softicated","article_modified_time":"2026-03-11T11:15:05+00:00","og_image":[{"width":188,"height":260,"url":"https:\/\/softicated.com\/wp-content\/uploads\/2022\/05\/Greys-White.png","type":"image\/png"}],"twitter_card":"summary_large_image","schema":{"@context":"https:\/\/schema.org","@graph":[{"@type":"WebPage","@id":"https:\/\/softicated.com\/en\/produit\/tapis-design-sur-mesure-greys-and-white-softicated\/","url":"https:\/\/softicated.com\/en\/produit\/tapis-design-sur-mesure-greys-and-white-softicated\/","name":"Teppiche Greys &amp; White - Softicated","isPartOf":{"@id":"https:\/\/softicated.com\/#website"},"primaryImageOfPage":{"@id":"https:\/\/softicated.com\/en\/produit\/tapis-design-sur-mesure-greys-and-white-softicated\/#primaryimage"},"image":{"@id":"https:\/\/softicated.com\/en\/produit\/tapis-design-sur-mesure-greys-and-white-softicated\/#primaryimage"},"thumbnailUrl":"https:\/\/softicated.com\/wp-content\/uploads\/2022\/05\/Greys-White.png","datePublished":"2022-05-31T15:21:47+00:00","dateModified":"2026-03-11T11:15:05+00:00","description":"Le tapis \u201cGreys & White\u201d capte l\u2019essence de l\u2019univers et de l\u2019espace, tout en offrant une touche moderne et intemporelle \u00e0 tout int\u00e9rieur.","breadcrumb":{"@id":"https:\/\/softicated.com\/en\/produit\/tapis-design-sur-mesure-greys-and-white-softicated\/#breadcrumb"},"inLanguage":"de-CH","potentialAction":[{"@type":"ReadAction","target":["https:\/\/softicated.com\/en\/produit\/tapis-design-sur-mesure-greys-and-white-softicated\/"]}]},{"@type":"ImageObject","inLanguage":"de-CH","@id":"https:\/\/softicated.com\/en\/produit\/tapis-design-sur-mesure-greys-and-white-softicated\/#primaryimage","url":"https:\/\/softicated.com\/wp-content\/uploads\/2022\/05\/Greys-White.png","contentUrl":"https:\/\/softicated.com\/wp-content\/uploads\/2022\/05\/Greys-White.png","width":188,"height":260,"caption":"Greys & White"},{"@type":"BreadcrumbList","@id":"https:\/\/softicated.com\/en\/produit\/tapis-design-sur-mesure-greys-and-white-softicated\/#breadcrumb","itemListElement":[{"@type":"ListItem","position":1,"name":"Accueil","item":"https:\/\/softicated.com\/"},{"@type":"ListItem","position":2,"name":"Produits Mobilier Premium Softicated","item":"https:\/\/softicated.com\/produits\/"},{"@type":"ListItem","position":3,"name":"Tapis \u00e0 motifs","item":"https:\/\/softicated.com\/categorie-produit\/tapis-a-motifs\/"},{"@type":"ListItem","position":4,"name":"Tapis design sur mesure"}]},{"@type":"WebSite","@id":"https:\/\/softicated.com\/#website","url":"https:\/\/softicated.com\/","name":"Softicated","description":"Sch\u00f6pfer hochwertiger M\u00f6bel, Leuchten und Teppiche","publisher":{"@id":"https:\/\/softicated.com\/#organization"},"potentialAction":[{"@type":"SearchAction","target":{"@type":"EntryPoint","urlTemplate":"https:\/\/softicated.com\/?s={search_term_string}"},"query-input":{"@type":"PropertyValueSpecification","valueRequired":true,"valueName":"search_term_string"}}],"inLanguage":"de-CH"},{"@type":"Organization","@id":"https:\/\/softicated.com\/#organization","name":"Softicated","url":"https:\/\/softicated.com\/","logo":{"@type":"ImageObject","inLanguage":"de-CH","@id":"https:\/\/softicated.com\/#\/schema\/logo\/image\/","url":"https:\/\/softicated.com\/wp-content\/uploads\/2025\/11\/logo-dark-2.svg","contentUrl":"https:\/\/softicated.com\/wp-content\/uploads\/2025\/11\/logo-dark-2.svg","caption":"Softicated"},"image":{"@id":"https:\/\/softicated.com\/#\/schema\/logo\/image\/"},"sameAs":["https:\/\/www.facebook.com\/Softicated","https:\/\/www.pinterest.com\/softicateddesign","https:\/\/www.instagram.com\/softicated.design"]}]}},"_links":{"self":[{"href":"https:\/\/softicated.com\/de\/wp-json\/wp\/v2\/product\/6377","targetHints":{"allow":["GET"]}}],"collection":[{"href":"https:\/\/softicated.com\/de\/wp-json\/wp\/v2\/product"}],"about":[{"href":"https:\/\/softicated.com\/de\/wp-json\/wp\/v2\/types\/product"}],"replies":[{"embeddable":true,"href":"https:\/\/softicated.com\/de\/wp-json\/wp\/v2\/comments?post=6377"}],"wp:featuredmedia":[{"embeddable":true,"href":"https:\/\/softicated.com\/de\/wp-json\/wp\/v2\/media\/15207"}],"wp:attachment":[{"href":"https:\/\/softicated.com\/de\/wp-json\/wp\/v2\/media?parent=6377"}],"wp:term":[{"taxonomy":"product_brand","embeddable":true,"href":"https:\/\/softicated.com\/de\/wp-json\/wp\/v2\/product_brand?post=6377"},{"taxonomy":"product_cat","embeddable":true,"href":"https:\/\/softicated.com\/de\/wp-json\/wp\/v2\/product_cat?post=6377"},{"taxonomy":"product_tag","embeddable":true,"href":"https:\/\/softicated.com\/de\/wp-json\/wp\/v2\/product_tag?post=6377"},{"taxonomy":"collections","embeddable":true,"href":"https:\/\/softicated.com\/de\/wp-json\/wp\/v2\/collections?post=6377"},{"taxonomy":"awards","embeddable":true,"href":"https:\/\/softicated.com\/de\/wp-json\/wp\/v2\/awards?post=6377"},{"taxonomy":"by_color","embeddable":true,"href":"https:\/\/softicated.com\/de\/wp-json\/wp\/v2\/by_color?post=6377"}],"curies":[{"name":"wp","href":"https:\/\/api.w.org\/{rel}","templated":true}]}}