{"id":3753,"date":"2021-03-11T11:13:58","date_gmt":"2021-03-11T10:13:58","guid":{"rendered":"https:\/\/softicated.com\/?post_type=product&#038;p=3753"},"modified":"2026-03-16T06:28:31","modified_gmt":"2026-03-16T05:28:31","slug":"tapis-rectangulaire-sur-mesure-softicated","status":"publish","type":"product","link":"https:\/\/softicated.com\/de\/produit\/tapis-rectangulaire-sur-mesure-softicated\/","title":{"rendered":"Teppich Light"},"content":{"rendered":"<p>Dieser Teppich aus der Kollektion \u201eWeightlessness\u201c verk\u00f6rpert das Zusammenspiel von nat\u00fcrlicher Geometrie und zeitgen\u00f6ssischer Eleganz. Inspiriert von den perfekten Formen der Natur, wie dem Ei und den Waben der Bienenst\u00f6cke, pr\u00e4sentiert er eine Komposition, die sowohl strukturiert als auch poetisch ist. Im Zentrum befindet sich eine stilisierte ovale Form, die ein Muster aus sechseckigen Waben enth\u00e4lt, das die Pr\u00e4zisionvon Bienenwachsstrukturen widerspiegelt und sich sanft in eine organische \u00c4sthetikeinf\u00fcgt.<\/p>\n<p>Diese zentrale Struktur, die mit der \u201eCut &amp; Loop\u201c-Technik gefertigt wurde, hebt sich dezent von einem tiefen, nicht ges\u00e4ttigten dunkelgrauen Hintergrund ab, der wie ein umh\u00fcllender Rahmen wirkt. Der Kontrast zwischen der dunklen Basis und den sanften Farbt\u00f6nen des hellblauen, blassgr\u00fcnen, zartrosa und wei\u00dfen Zentrums erzeugt einen Eindruck von Leichtigkeit und Schweben, als w\u00fcrde die Komposition im Raum schweben.<\/p>\n<p>Die geometrischen Formen, eingerahmt von einer raffinierten wei\u00dfen Struktur, lenken den Blick und sorgen f\u00fcr ein ausgewogenes visuelles Gleichgewicht. Das Blau erinnert an Himmel oder Wasser, das Gr\u00fcn suggeriert pflanzliche Frische, und das Rosa bringt eine romantische Note ein. Das Gesamtbild evoziert eine ruhige Welt, inspiriert von der Naturund veredelt durch Design.<\/p>\n<p>Gefertigt aus Wolle und botanischer Seide, vereint dieser Teppich Weichheit, dezente Brillanz und Robustheit. Er f\u00fcgt sich sowohl in moderne als auch in klassische Interieursein und bringt Tiefe, Licht und Gelassenheit. Mehr als nur ein Teppich ist er ein Werk, inspiriert von der nat\u00fcrlichen Perfektion, zwischen handwerklicher Tradition und zeitgen\u00f6ssischer Innovation.<\/p>\n<p>Bereichern Sie Ihr Zuhause mit einem Hauch von naturinspiriertem Design durch den Teppich \u201eWeightlessness\u201c.<\/p>\n<p><em>Die Lieferung erfolgt bis Bordsteinkante. F\u00fcr einen Liefer- und Installationsservice mit wei\u00dfen Handschuhen, <span style=\"text-decoration: underline;\"><a href=\"https:\/\/softicated.com\/de\/contact\/\">kontaktieren Sie uns<\/a><\/span>.<\/em><\/p>","protected":false},"excerpt":{"rendered":"<p>Le tapis \u201cLight\u201d, issu de la collection \u201cWeightlessness\u201d incarne la rencontre entre la g\u00e9om\u00e9trie naturelle et l\u2019\u00e9l\u00e9gance contemporaine. Inspir\u00e9 des formes parfaites de la nature telles que l\u2019\u0153uf et les alv\u00e9oles des ruches d\u2019abeilles, il propose une composition \u00e0 la fois structur\u00e9e et po\u00e9tique. Au centre, une forme ovo\u00efde stylis\u00e9e accueille un motif d\u2019alv\u00e9oles hexagonales [&hellip;]<\/p>","protected":false},"featured_media":15197,"comment_status":"closed","ping_status":"closed","template":"","meta":{"_acf_changed":false},"product_brand":[],"product_cat":[300,299,27],"product_tag":[],"collections":[180],"awards":[],"by_color":[343],"class_list":{"0":"post-3753","1":"product","2":"type-product","3":"status-publish","4":"has-post-thumbnail","6":"product_cat-tapis-a-motifs","7":"product_cat-tapis-multicolores","8":"product_cat-rugs","9":"product_shipping_class-tapis","10":"collections-weightlessness","11":"by_color-rose-lilas","13":"first","14":"instock","15":"shipping-taxable","16":"purchasable","17":"product-type-variable"},"acf":[],"yoast_head":"<!-- This site is optimized with the Yoast SEO Premium plugin v25.7.1 (Yoast SEO v26.9) - https:\/\/yoast.com\/product\/yoast-seo-premium-wordpress\/ -->\n<title>Tapis Light - Softicated<\/title>\n<meta name=\"description\" content=\"Le tapis \u201cLight\u201d, issu de la collection \u201cWeightlessness\u201d incarne la rencontre entre la g\u00e9om\u00e9trie naturelle et l\u2019\u00e9l\u00e9gance contemporaine.\" \/>\n<meta name=\"robots\" content=\"index, follow, max-snippet:-1, max-image-preview:large, max-video-preview:-1\" \/>\n<link rel=\"canonical\" href=\"https:\/\/softicated.com\/de\/produit\/tapis-rectangulaire-sur-mesure-softicated\/\" \/>\n<meta property=\"og:locale\" content=\"de_DE\" \/>\n<meta property=\"og:type\" content=\"article\" \/>\n<meta property=\"og:title\" content=\"Tapis Light\" \/>\n<meta property=\"og:description\" content=\"Le tapis \u201cLight\u201d, issu de la collection \u201cWeightlessness\u201d incarne la rencontre entre la g\u00e9om\u00e9trie naturelle et l\u2019\u00e9l\u00e9gance contemporaine.\" \/>\n<meta property=\"og:url\" content=\"https:\/\/softicated.com\/de\/produit\/tapis-rectangulaire-sur-mesure-softicated\/\" \/>\n<meta property=\"og:site_name\" content=\"Softicated\" \/>\n<meta property=\"article:publisher\" content=\"https:\/\/www.facebook.com\/Softicated\" \/>\n<meta property=\"article:modified_time\" content=\"2026-03-16T05:28:31+00:00\" \/>\n<meta property=\"og:image\" content=\"https:\/\/softicated.com\/wp-content\/uploads\/2021\/03\/Light.png\" \/>\n\t<meta property=\"og:image:width\" content=\"188\" \/>\n\t<meta property=\"og:image:height\" content=\"260\" \/>\n\t<meta property=\"og:image:type\" content=\"image\/png\" \/>\n<meta name=\"twitter:card\" content=\"summary_large_image\" \/>\n<script type=\"application\/ld+json\" class=\"yoast-schema-graph\">{\"@context\":\"https:\/\/schema.org\",\"@graph\":[{\"@type\":\"WebPage\",\"@id\":\"https:\/\/softicated.com\/produit\/tapis-rectangulaire-sur-mesure-softicated\/\",\"url\":\"https:\/\/softicated.com\/produit\/tapis-rectangulaire-sur-mesure-softicated\/\",\"name\":\"Tapis Light - Softicated\",\"isPartOf\":{\"@id\":\"https:\/\/softicated.com\/#website\"},\"primaryImageOfPage\":{\"@id\":\"https:\/\/softicated.com\/produit\/tapis-rectangulaire-sur-mesure-softicated\/#primaryimage\"},\"image\":{\"@id\":\"https:\/\/softicated.com\/produit\/tapis-rectangulaire-sur-mesure-softicated\/#primaryimage\"},\"thumbnailUrl\":\"https:\/\/softicated.com\/wp-content\/uploads\/2021\/03\/Light.png\",\"datePublished\":\"2021-03-11T10:13:58+00:00\",\"dateModified\":\"2026-03-16T05:28:31+00:00\",\"description\":\"Le tapis \u201cLight\u201d, issu de la collection \u201cWeightlessness\u201d incarne la rencontre entre la g\u00e9om\u00e9trie naturelle et l\u2019\u00e9l\u00e9gance contemporaine.\",\"breadcrumb\":{\"@id\":\"https:\/\/softicated.com\/produit\/tapis-rectangulaire-sur-mesure-softicated\/#breadcrumb\"},\"inLanguage\":\"de-CH\",\"potentialAction\":[{\"@type\":\"ReadAction\",\"target\":[\"https:\/\/softicated.com\/produit\/tapis-rectangulaire-sur-mesure-softicated\/\"]}]},{\"@type\":\"ImageObject\",\"inLanguage\":\"de-CH\",\"@id\":\"https:\/\/softicated.com\/produit\/tapis-rectangulaire-sur-mesure-softicated\/#primaryimage\",\"url\":\"https:\/\/softicated.com\/wp-content\/uploads\/2021\/03\/Light.png\",\"contentUrl\":\"https:\/\/softicated.com\/wp-content\/uploads\/2021\/03\/Light.png\",\"width\":188,\"height\":260,\"caption\":\"Light\"},{\"@type\":\"BreadcrumbList\",\"@id\":\"https:\/\/softicated.com\/produit\/tapis-rectangulaire-sur-mesure-softicated\/#breadcrumb\",\"itemListElement\":[{\"@type\":\"ListItem\",\"position\":1,\"name\":\"Accueil\",\"item\":\"https:\/\/softicated.com\/\"},{\"@type\":\"ListItem\",\"position\":2,\"name\":\"Produits Mobilier Premium Softicated\",\"item\":\"https:\/\/softicated.com\/produits\/\"},{\"@type\":\"ListItem\",\"position\":3,\"name\":\"Tapis \u00e0 motifs\",\"item\":\"https:\/\/softicated.com\/categorie-produit\/tapis-a-motifs\/\"},{\"@type\":\"ListItem\",\"position\":4,\"name\":\"Tapis Design sur mesure\"}]},{\"@type\":\"WebSite\",\"@id\":\"https:\/\/softicated.com\/#website\",\"url\":\"https:\/\/softicated.com\/\",\"name\":\"Softicated\",\"description\":\"Cr\u00e9ateur de meubles, luminaires et tapis premium\",\"publisher\":{\"@id\":\"https:\/\/softicated.com\/#organization\"},\"potentialAction\":[{\"@type\":\"SearchAction\",\"target\":{\"@type\":\"EntryPoint\",\"urlTemplate\":\"https:\/\/softicated.com\/?s={search_term_string}\"},\"query-input\":{\"@type\":\"PropertyValueSpecification\",\"valueRequired\":true,\"valueName\":\"search_term_string\"}}],\"inLanguage\":\"de-CH\"},{\"@type\":\"Organization\",\"@id\":\"https:\/\/softicated.com\/#organization\",\"name\":\"Softicated\",\"url\":\"https:\/\/softicated.com\/\",\"logo\":{\"@type\":\"ImageObject\",\"inLanguage\":\"de-CH\",\"@id\":\"https:\/\/softicated.com\/#\/schema\/logo\/image\/\",\"url\":\"https:\/\/softicated.com\/wp-content\/uploads\/2025\/11\/logo-dark-2.svg\",\"contentUrl\":\"https:\/\/softicated.com\/wp-content\/uploads\/2025\/11\/logo-dark-2.svg\",\"caption\":\"Softicated\"},\"image\":{\"@id\":\"https:\/\/softicated.com\/#\/schema\/logo\/image\/\"},\"sameAs\":[\"https:\/\/www.facebook.com\/Softicated\",\"https:\/\/www.pinterest.com\/softicateddesign\",\"https:\/\/www.instagram.com\/softicated.design\"]}]}<\/script>\n<!-- \/ Yoast SEO Premium plugin. -->","yoast_head_json":{"title":"Teppich Light - Softicated","description":"Le tapis \u201cLight\u201d, issu de la collection \u201cWeightlessness\u201d incarne la rencontre entre la g\u00e9om\u00e9trie naturelle et l\u2019\u00e9l\u00e9gance contemporaine.","robots":{"index":"index","follow":"follow","max-snippet":"max-snippet:-1","max-image-preview":"max-image-preview:large","max-video-preview":"max-video-preview:-1"},"canonical":"https:\/\/softicated.com\/de\/produit\/tapis-rectangulaire-sur-mesure-softicated\/","og_locale":"de_DE","og_type":"article","og_title":"Tapis Light","og_description":"Le tapis \u201cLight\u201d, issu de la collection \u201cWeightlessness\u201d incarne la rencontre entre la g\u00e9om\u00e9trie naturelle et l\u2019\u00e9l\u00e9gance contemporaine.","og_url":"https:\/\/softicated.com\/de\/produit\/tapis-rectangulaire-sur-mesure-softicated\/","og_site_name":"Softicated","article_publisher":"https:\/\/www.facebook.com\/Softicated","article_modified_time":"2026-03-16T05:28:31+00:00","og_image":[{"width":188,"height":260,"url":"https:\/\/softicated.com\/wp-content\/uploads\/2021\/03\/Light.png","type":"image\/png"}],"twitter_card":"summary_large_image","schema":{"@context":"https:\/\/schema.org","@graph":[{"@type":"WebPage","@id":"https:\/\/softicated.com\/produit\/tapis-rectangulaire-sur-mesure-softicated\/","url":"https:\/\/softicated.com\/produit\/tapis-rectangulaire-sur-mesure-softicated\/","name":"Teppich Light - Softicated","isPartOf":{"@id":"https:\/\/softicated.com\/#website"},"primaryImageOfPage":{"@id":"https:\/\/softicated.com\/produit\/tapis-rectangulaire-sur-mesure-softicated\/#primaryimage"},"image":{"@id":"https:\/\/softicated.com\/produit\/tapis-rectangulaire-sur-mesure-softicated\/#primaryimage"},"thumbnailUrl":"https:\/\/softicated.com\/wp-content\/uploads\/2021\/03\/Light.png","datePublished":"2021-03-11T10:13:58+00:00","dateModified":"2026-03-16T05:28:31+00:00","description":"Le tapis \u201cLight\u201d, issu de la collection \u201cWeightlessness\u201d incarne la rencontre entre la g\u00e9om\u00e9trie naturelle et l\u2019\u00e9l\u00e9gance contemporaine.","breadcrumb":{"@id":"https:\/\/softicated.com\/produit\/tapis-rectangulaire-sur-mesure-softicated\/#breadcrumb"},"inLanguage":"de-CH","potentialAction":[{"@type":"ReadAction","target":["https:\/\/softicated.com\/produit\/tapis-rectangulaire-sur-mesure-softicated\/"]}]},{"@type":"ImageObject","inLanguage":"de-CH","@id":"https:\/\/softicated.com\/produit\/tapis-rectangulaire-sur-mesure-softicated\/#primaryimage","url":"https:\/\/softicated.com\/wp-content\/uploads\/2021\/03\/Light.png","contentUrl":"https:\/\/softicated.com\/wp-content\/uploads\/2021\/03\/Light.png","width":188,"height":260,"caption":"Light"},{"@type":"BreadcrumbList","@id":"https:\/\/softicated.com\/produit\/tapis-rectangulaire-sur-mesure-softicated\/#breadcrumb","itemListElement":[{"@type":"ListItem","position":1,"name":"Accueil","item":"https:\/\/softicated.com\/"},{"@type":"ListItem","position":2,"name":"Produits Mobilier Premium Softicated","item":"https:\/\/softicated.com\/produits\/"},{"@type":"ListItem","position":3,"name":"Tapis \u00e0 motifs","item":"https:\/\/softicated.com\/categorie-produit\/tapis-a-motifs\/"},{"@type":"ListItem","position":4,"name":"Tapis Design sur mesure"}]},{"@type":"WebSite","@id":"https:\/\/softicated.com\/#website","url":"https:\/\/softicated.com\/","name":"Softicated","description":"Sch\u00f6pfer hochwertiger M\u00f6bel, Leuchten und Teppiche","publisher":{"@id":"https:\/\/softicated.com\/#organization"},"potentialAction":[{"@type":"SearchAction","target":{"@type":"EntryPoint","urlTemplate":"https:\/\/softicated.com\/?s={search_term_string}"},"query-input":{"@type":"PropertyValueSpecification","valueRequired":true,"valueName":"search_term_string"}}],"inLanguage":"de-CH"},{"@type":"Organization","@id":"https:\/\/softicated.com\/#organization","name":"Softicated","url":"https:\/\/softicated.com\/","logo":{"@type":"ImageObject","inLanguage":"de-CH","@id":"https:\/\/softicated.com\/#\/schema\/logo\/image\/","url":"https:\/\/softicated.com\/wp-content\/uploads\/2025\/11\/logo-dark-2.svg","contentUrl":"https:\/\/softicated.com\/wp-content\/uploads\/2025\/11\/logo-dark-2.svg","caption":"Softicated"},"image":{"@id":"https:\/\/softicated.com\/#\/schema\/logo\/image\/"},"sameAs":["https:\/\/www.facebook.com\/Softicated","https:\/\/www.pinterest.com\/softicateddesign","https:\/\/www.instagram.com\/softicated.design"]}]}},"_links":{"self":[{"href":"https:\/\/softicated.com\/de\/wp-json\/wp\/v2\/product\/3753","targetHints":{"allow":["GET"]}}],"collection":[{"href":"https:\/\/softicated.com\/de\/wp-json\/wp\/v2\/product"}],"about":[{"href":"https:\/\/softicated.com\/de\/wp-json\/wp\/v2\/types\/product"}],"replies":[{"embeddable":true,"href":"https:\/\/softicated.com\/de\/wp-json\/wp\/v2\/comments?post=3753"}],"wp:featuredmedia":[{"embeddable":true,"href":"https:\/\/softicated.com\/de\/wp-json\/wp\/v2\/media\/15197"}],"wp:attachment":[{"href":"https:\/\/softicated.com\/de\/wp-json\/wp\/v2\/media?parent=3753"}],"wp:term":[{"taxonomy":"product_brand","embeddable":true,"href":"https:\/\/softicated.com\/de\/wp-json\/wp\/v2\/product_brand?post=3753"},{"taxonomy":"product_cat","embeddable":true,"href":"https:\/\/softicated.com\/de\/wp-json\/wp\/v2\/product_cat?post=3753"},{"taxonomy":"product_tag","embeddable":true,"href":"https:\/\/softicated.com\/de\/wp-json\/wp\/v2\/product_tag?post=3753"},{"taxonomy":"collections","embeddable":true,"href":"https:\/\/softicated.com\/de\/wp-json\/wp\/v2\/collections?post=3753"},{"taxonomy":"awards","embeddable":true,"href":"https:\/\/softicated.com\/de\/wp-json\/wp\/v2\/awards?post=3753"},{"taxonomy":"by_color","embeddable":true,"href":"https:\/\/softicated.com\/de\/wp-json\/wp\/v2\/by_color?post=3753"}],"curies":[{"name":"wp","href":"https:\/\/api.w.org\/{rel}","templated":true}]}}