{"id":3750,"date":"2021-03-11T11:13:19","date_gmt":"2021-03-11T10:13:19","guid":{"rendered":"https:\/\/softicated.com\/?post_type=product&#038;p=3750"},"modified":"2026-03-16T06:28:31","modified_gmt":"2026-03-16T05:28:31","slug":"tapis-rugs-softicated-structure-en-nid-dabeilles-orange","status":"publish","type":"product","link":"https:\/\/softicated.com\/de\/produit\/tapis-rugs-softicated-structure-en-nid-dabeilles-orange\/","title":{"rendered":"Teppich Orange"},"content":{"rendered":"<p>Dieser Teppich \u201eOrange\u201c aus der Kollektion \u201eWeightlessness\u201c stellt eine bemerkenswerte Verbindung zwischen nat\u00fcrlicher Inspiration und zeitgen\u00f6ssischer K\u00fchnheit dar. Das Design sch\u00f6pft aus den perfekten Formen der Natur, wie dem Ei und den Waben der Bienenst\u00f6cke.<\/p>\n<p>Der graue Hintergrund des Teppichs, schlicht aber tief, bietet eine elegante Basis, die die lebhaften und kontrastierenden zentralen Farbt\u00f6ne hervorhebt. Rosa, T\u00fcrkis, Graugr\u00fcn und Orange entfalten sich dort mit Energie und bilden ein pulsierendes Herz. Das vorherrschende Orange zieht sofort den Blick auf sich und verleiht Dynamik und W\u00e4rme. Es wird durch die Sanftheit des Rosas, die Frische des T\u00fcrkis und die pflanzliche Subtilit\u00e4t des Graugr\u00fcns ausgeglichen.<\/p>\n<p>Dank der \u201eCut &amp; Loop\u201c Technik gewinnt das Muster an Relief und Textur, was den Schwebeeffekt des Zentrums auf dem einfarbigen Hintergrund betont. Diese Methode verst\u00e4rkt das charakteristische Schwebegef\u00fchl der Kollektion und hebt die Kontrastezwischen den verschiedenen Bereichen hervor.<\/p>\n<p>Gefertigt aus Wolle und botanischer Seide, vereint dieser Teppich Komfort, Feinheit und Langlebigkeit. Die Wolle bringt W\u00e4rme und Robustheit, w\u00e4hrend die Seide einen dezenten Glanz und eine zarte Haptik verleiht, die die farblichen Nuancen und die Details des Designs hervorheben.<\/p>\n<p>Perfekt f\u00fcr ein zeitgen\u00f6ssisches Wohnzimmer, ein ausdrucksstarkes Schlafzimmer oder einen kreativen Arbeitsbereich, behauptet sich dieser Teppich als zentrales Element. Er verk\u00f6rpert ein raffiniertes Gleichgewicht zwischen grafischer Strenge und chromatischer Freiheit, zwischen Natur und Design, zwischen handwerklicher Traditionund bewusster Modernit\u00e4t.<\/p>\n<p>Setzen Sie ein stilistisches Statement mit dem Teppich \u201eOrange\u201c aus der Kollektion \u201eWeightlessness\u201c die perfekte Verbindung von Natur, Design und Farbe.<\/p>\n<p><em>Die Lieferung erfolgt bis Bordsteinkante. F\u00fcr einen Liefer- und Installationsservice mit wei\u00dfen Handschuhen, <span style=\"text-decoration: underline;\"><a href=\"https:\/\/softicated.com\/de\/contact\/\">kontaktieren Sie uns<\/a><\/span>.<\/em><\/p>","protected":false},"excerpt":{"rendered":"<p>Le tapis \u201cOrange\u201d, issu de la collection \u201cWeightlessness\u201d est une fusion remarquable entre inspiration naturelle et audace contemporaine. Le design puise sa source dans les formes parfaites de la nature telles que l\u2019\u0153uf et les alv\u00e9oles des ruches d\u2019abeilles. Ces figures, reconnues pour leur sym\u00e9trie et leur \u00e9quilibre structurent le motif central: une forme ovo\u00efde [&hellip;]<\/p>","protected":false},"featured_media":15198,"comment_status":"closed","ping_status":"closed","template":"","meta":{"_acf_changed":false},"product_brand":[],"product_cat":[300,299,27],"product_tag":[],"collections":[180],"awards":[],"by_color":[341],"class_list":{"0":"post-3750","1":"product","2":"type-product","3":"status-publish","4":"has-post-thumbnail","6":"product_cat-tapis-a-motifs","7":"product_cat-tapis-multicolores","8":"product_cat-rugs","9":"product_shipping_class-tapis","10":"collections-weightlessness","11":"by_color-orange-rouille","13":"first","14":"instock","15":"shipping-taxable","16":"purchasable","17":"product-type-variable","18":"has-default-attributes"},"acf":[],"yoast_head":"<!-- This site is optimized with the Yoast SEO Premium plugin v25.7.1 (Yoast SEO v26.9) - https:\/\/yoast.com\/product\/yoast-seo-premium-wordpress\/ -->\n<title>Tapis Orange - Softicated<\/title>\n<meta name=\"description\" content=\"L\u2019inspiration de cette collection vient de la nature. Nous y retrouvons l\u2019\u0153uf mais aussi les alv\u00e9oles des ruches cr\u00e9\u00e9es par les abeilles.\" \/>\n<meta name=\"robots\" content=\"index, follow, max-snippet:-1, max-image-preview:large, max-video-preview:-1\" \/>\n<link rel=\"canonical\" href=\"https:\/\/softicated.com\/de\/produit\/tapis-rugs-softicated-structure-en-nid-dabeilles-orange\/\" \/>\n<meta property=\"og:locale\" content=\"de_DE\" \/>\n<meta property=\"og:type\" content=\"article\" \/>\n<meta property=\"og:title\" content=\"Tapis Orange\" \/>\n<meta property=\"og:description\" content=\"L\u2019inspiration de cette collection vient de la nature. Nous y retrouvons l\u2019\u0153uf mais aussi les alv\u00e9oles des ruches cr\u00e9\u00e9es par les abeilles.\" \/>\n<meta property=\"og:url\" content=\"https:\/\/softicated.com\/de\/produit\/tapis-rugs-softicated-structure-en-nid-dabeilles-orange\/\" \/>\n<meta property=\"og:site_name\" content=\"Softicated\" \/>\n<meta property=\"article:publisher\" content=\"https:\/\/www.facebook.com\/Softicated\" \/>\n<meta property=\"article:modified_time\" content=\"2026-03-16T05:28:31+00:00\" \/>\n<meta property=\"og:image\" content=\"https:\/\/softicated.com\/wp-content\/uploads\/2021\/03\/Orange-1.png\" \/>\n\t<meta property=\"og:image:width\" content=\"188\" \/>\n\t<meta property=\"og:image:height\" content=\"260\" \/>\n\t<meta property=\"og:image:type\" content=\"image\/png\" \/>\n<meta name=\"twitter:card\" content=\"summary_large_image\" \/>\n<script type=\"application\/ld+json\" class=\"yoast-schema-graph\">{\"@context\":\"https:\/\/schema.org\",\"@graph\":[{\"@type\":\"WebPage\",\"@id\":\"https:\/\/softicated.com\/produit\/tapis-rugs-softicated-structure-en-nid-dabeilles-orange\/\",\"url\":\"https:\/\/softicated.com\/produit\/tapis-rugs-softicated-structure-en-nid-dabeilles-orange\/\",\"name\":\"Tapis Orange - Softicated\",\"isPartOf\":{\"@id\":\"https:\/\/softicated.com\/#website\"},\"primaryImageOfPage\":{\"@id\":\"https:\/\/softicated.com\/produit\/tapis-rugs-softicated-structure-en-nid-dabeilles-orange\/#primaryimage\"},\"image\":{\"@id\":\"https:\/\/softicated.com\/produit\/tapis-rugs-softicated-structure-en-nid-dabeilles-orange\/#primaryimage\"},\"thumbnailUrl\":\"https:\/\/softicated.com\/wp-content\/uploads\/2021\/03\/Orange-1.png\",\"datePublished\":\"2021-03-11T10:13:19+00:00\",\"dateModified\":\"2026-03-16T05:28:31+00:00\",\"description\":\"L\u2019inspiration de cette collection vient de la nature. Nous y retrouvons l\u2019\u0153uf mais aussi les alv\u00e9oles des ruches cr\u00e9\u00e9es par les abeilles.\",\"breadcrumb\":{\"@id\":\"https:\/\/softicated.com\/produit\/tapis-rugs-softicated-structure-en-nid-dabeilles-orange\/#breadcrumb\"},\"inLanguage\":\"de-CH\",\"potentialAction\":[{\"@type\":\"ReadAction\",\"target\":[\"https:\/\/softicated.com\/produit\/tapis-rugs-softicated-structure-en-nid-dabeilles-orange\/\"]}]},{\"@type\":\"ImageObject\",\"inLanguage\":\"de-CH\",\"@id\":\"https:\/\/softicated.com\/produit\/tapis-rugs-softicated-structure-en-nid-dabeilles-orange\/#primaryimage\",\"url\":\"https:\/\/softicated.com\/wp-content\/uploads\/2021\/03\/Orange-1.png\",\"contentUrl\":\"https:\/\/softicated.com\/wp-content\/uploads\/2021\/03\/Orange-1.png\",\"width\":188,\"height\":260,\"caption\":\"Orange\"},{\"@type\":\"BreadcrumbList\",\"@id\":\"https:\/\/softicated.com\/produit\/tapis-rugs-softicated-structure-en-nid-dabeilles-orange\/#breadcrumb\",\"itemListElement\":[{\"@type\":\"ListItem\",\"position\":1,\"name\":\"Accueil\",\"item\":\"https:\/\/softicated.com\/\"},{\"@type\":\"ListItem\",\"position\":2,\"name\":\"Produits Mobilier Premium Softicated\",\"item\":\"https:\/\/softicated.com\/produits\/\"},{\"@type\":\"ListItem\",\"position\":3,\"name\":\"Tapis \u00e0 motifs\",\"item\":\"https:\/\/softicated.com\/categorie-produit\/tapis-a-motifs\/\"},{\"@type\":\"ListItem\",\"position\":4,\"name\":\"Tapis design sur mesure\"}]},{\"@type\":\"WebSite\",\"@id\":\"https:\/\/softicated.com\/#website\",\"url\":\"https:\/\/softicated.com\/\",\"name\":\"Softicated\",\"description\":\"Cr\u00e9ateur de meubles, luminaires et tapis premium\",\"publisher\":{\"@id\":\"https:\/\/softicated.com\/#organization\"},\"potentialAction\":[{\"@type\":\"SearchAction\",\"target\":{\"@type\":\"EntryPoint\",\"urlTemplate\":\"https:\/\/softicated.com\/?s={search_term_string}\"},\"query-input\":{\"@type\":\"PropertyValueSpecification\",\"valueRequired\":true,\"valueName\":\"search_term_string\"}}],\"inLanguage\":\"de-CH\"},{\"@type\":\"Organization\",\"@id\":\"https:\/\/softicated.com\/#organization\",\"name\":\"Softicated\",\"url\":\"https:\/\/softicated.com\/\",\"logo\":{\"@type\":\"ImageObject\",\"inLanguage\":\"de-CH\",\"@id\":\"https:\/\/softicated.com\/#\/schema\/logo\/image\/\",\"url\":\"https:\/\/softicated.com\/wp-content\/uploads\/2025\/11\/logo-dark-2.svg\",\"contentUrl\":\"https:\/\/softicated.com\/wp-content\/uploads\/2025\/11\/logo-dark-2.svg\",\"caption\":\"Softicated\"},\"image\":{\"@id\":\"https:\/\/softicated.com\/#\/schema\/logo\/image\/\"},\"sameAs\":[\"https:\/\/www.facebook.com\/Softicated\",\"https:\/\/www.pinterest.com\/softicateddesign\",\"https:\/\/www.instagram.com\/softicated.design\"]}]}<\/script>\n<!-- \/ Yoast SEO Premium plugin. -->","yoast_head_json":{"title":"Teppich Orange - Softicated","description":"Die Inspiration f\u00fcr diese Kollektion kommt aus der Natur. Wir finden dort das Ei, aber auch die Waben der Bienenst\u00f6cke, die die Bienen bauen.","robots":{"index":"index","follow":"follow","max-snippet":"max-snippet:-1","max-image-preview":"max-image-preview:large","max-video-preview":"max-video-preview:-1"},"canonical":"https:\/\/softicated.com\/de\/produit\/tapis-rugs-softicated-structure-en-nid-dabeilles-orange\/","og_locale":"de_DE","og_type":"article","og_title":"Tapis Orange","og_description":"L\u2019inspiration de cette collection vient de la nature. Nous y retrouvons l\u2019\u0153uf mais aussi les alv\u00e9oles des ruches cr\u00e9\u00e9es par les abeilles.","og_url":"https:\/\/softicated.com\/de\/produit\/tapis-rugs-softicated-structure-en-nid-dabeilles-orange\/","og_site_name":"Softicated","article_publisher":"https:\/\/www.facebook.com\/Softicated","article_modified_time":"2026-03-16T05:28:31+00:00","og_image":[{"width":188,"height":260,"url":"https:\/\/softicated.com\/wp-content\/uploads\/2021\/03\/Orange-1.png","type":"image\/png"}],"twitter_card":"summary_large_image","schema":{"@context":"https:\/\/schema.org","@graph":[{"@type":"WebPage","@id":"https:\/\/softicated.com\/produit\/tapis-rugs-softicated-structure-en-nid-dabeilles-orange\/","url":"https:\/\/softicated.com\/produit\/tapis-rugs-softicated-structure-en-nid-dabeilles-orange\/","name":"Teppich Orange - Softicated","isPartOf":{"@id":"https:\/\/softicated.com\/#website"},"primaryImageOfPage":{"@id":"https:\/\/softicated.com\/produit\/tapis-rugs-softicated-structure-en-nid-dabeilles-orange\/#primaryimage"},"image":{"@id":"https:\/\/softicated.com\/produit\/tapis-rugs-softicated-structure-en-nid-dabeilles-orange\/#primaryimage"},"thumbnailUrl":"https:\/\/softicated.com\/wp-content\/uploads\/2021\/03\/Orange-1.png","datePublished":"2021-03-11T10:13:19+00:00","dateModified":"2026-03-16T05:28:31+00:00","description":"Die Inspiration f\u00fcr diese Kollektion kommt aus der Natur. Wir finden dort das Ei, aber auch die Waben der Bienenst\u00f6cke, die die Bienen bauen.","breadcrumb":{"@id":"https:\/\/softicated.com\/produit\/tapis-rugs-softicated-structure-en-nid-dabeilles-orange\/#breadcrumb"},"inLanguage":"de-CH","potentialAction":[{"@type":"ReadAction","target":["https:\/\/softicated.com\/produit\/tapis-rugs-softicated-structure-en-nid-dabeilles-orange\/"]}]},{"@type":"ImageObject","inLanguage":"de-CH","@id":"https:\/\/softicated.com\/produit\/tapis-rugs-softicated-structure-en-nid-dabeilles-orange\/#primaryimage","url":"https:\/\/softicated.com\/wp-content\/uploads\/2021\/03\/Orange-1.png","contentUrl":"https:\/\/softicated.com\/wp-content\/uploads\/2021\/03\/Orange-1.png","width":188,"height":260,"caption":"Orange"},{"@type":"BreadcrumbList","@id":"https:\/\/softicated.com\/produit\/tapis-rugs-softicated-structure-en-nid-dabeilles-orange\/#breadcrumb","itemListElement":[{"@type":"ListItem","position":1,"name":"Accueil","item":"https:\/\/softicated.com\/"},{"@type":"ListItem","position":2,"name":"Produits Mobilier Premium Softicated","item":"https:\/\/softicated.com\/produits\/"},{"@type":"ListItem","position":3,"name":"Tapis \u00e0 motifs","item":"https:\/\/softicated.com\/categorie-produit\/tapis-a-motifs\/"},{"@type":"ListItem","position":4,"name":"Tapis design sur mesure"}]},{"@type":"WebSite","@id":"https:\/\/softicated.com\/#website","url":"https:\/\/softicated.com\/","name":"Softicated","description":"Sch\u00f6pfer hochwertiger M\u00f6bel, Leuchten und Teppiche","publisher":{"@id":"https:\/\/softicated.com\/#organization"},"potentialAction":[{"@type":"SearchAction","target":{"@type":"EntryPoint","urlTemplate":"https:\/\/softicated.com\/?s={search_term_string}"},"query-input":{"@type":"PropertyValueSpecification","valueRequired":true,"valueName":"search_term_string"}}],"inLanguage":"de-CH"},{"@type":"Organization","@id":"https:\/\/softicated.com\/#organization","name":"Softicated","url":"https:\/\/softicated.com\/","logo":{"@type":"ImageObject","inLanguage":"de-CH","@id":"https:\/\/softicated.com\/#\/schema\/logo\/image\/","url":"https:\/\/softicated.com\/wp-content\/uploads\/2025\/11\/logo-dark-2.svg","contentUrl":"https:\/\/softicated.com\/wp-content\/uploads\/2025\/11\/logo-dark-2.svg","caption":"Softicated"},"image":{"@id":"https:\/\/softicated.com\/#\/schema\/logo\/image\/"},"sameAs":["https:\/\/www.facebook.com\/Softicated","https:\/\/www.pinterest.com\/softicateddesign","https:\/\/www.instagram.com\/softicated.design"]}]}},"_links":{"self":[{"href":"https:\/\/softicated.com\/de\/wp-json\/wp\/v2\/product\/3750","targetHints":{"allow":["GET"]}}],"collection":[{"href":"https:\/\/softicated.com\/de\/wp-json\/wp\/v2\/product"}],"about":[{"href":"https:\/\/softicated.com\/de\/wp-json\/wp\/v2\/types\/product"}],"replies":[{"embeddable":true,"href":"https:\/\/softicated.com\/de\/wp-json\/wp\/v2\/comments?post=3750"}],"wp:featuredmedia":[{"embeddable":true,"href":"https:\/\/softicated.com\/de\/wp-json\/wp\/v2\/media\/15198"}],"wp:attachment":[{"href":"https:\/\/softicated.com\/de\/wp-json\/wp\/v2\/media?parent=3750"}],"wp:term":[{"taxonomy":"product_brand","embeddable":true,"href":"https:\/\/softicated.com\/de\/wp-json\/wp\/v2\/product_brand?post=3750"},{"taxonomy":"product_cat","embeddable":true,"href":"https:\/\/softicated.com\/de\/wp-json\/wp\/v2\/product_cat?post=3750"},{"taxonomy":"product_tag","embeddable":true,"href":"https:\/\/softicated.com\/de\/wp-json\/wp\/v2\/product_tag?post=3750"},{"taxonomy":"collections","embeddable":true,"href":"https:\/\/softicated.com\/de\/wp-json\/wp\/v2\/collections?post=3750"},{"taxonomy":"awards","embeddable":true,"href":"https:\/\/softicated.com\/de\/wp-json\/wp\/v2\/awards?post=3750"},{"taxonomy":"by_color","embeddable":true,"href":"https:\/\/softicated.com\/de\/wp-json\/wp\/v2\/by_color?post=3750"}],"curies":[{"name":"wp","href":"https:\/\/api.w.org\/{rel}","templated":true}]}}