{"id":3747,"date":"2021-03-11T11:12:35","date_gmt":"2021-03-11T10:12:35","guid":{"rendered":"https:\/\/softicated.com\/?post_type=product&#038;p=3747"},"modified":"2026-03-16T06:31:47","modified_gmt":"2026-03-16T05:31:47","slug":"rectangular-yellow","status":"publish","type":"product","link":"https:\/\/softicated.com\/de\/produit\/rectangular-yellow\/","title":{"rendered":"Teppich Yellow"},"content":{"rendered":"<p>Der Teppich \u201eYellow\u201c aus der Kollektion \u201eWeightlessness\u201c verk\u00f6rpert eine subtile Verbindung zwischen nat\u00fcrlicher Perfektion und ausdrucksstarker Farbgestaltung. Inspiriert von den harmonischen Formen des Ei und der Bienenwaben, zollt diese Kollektion der Geometrie der Natur Tribut.<\/p>\n<p>Auf einem weichen, hellen Beigeton hebt sich diese zentrale Struktur durch ein mutigesFarbspiel hervor: Waldgr\u00fcn, K\u00f6nigsblau, T\u00fcrkis und vor allem ein dominierendesGoldgelb. Letzteres erhellt die Komposition, verleiht ihr eine sonnige Energie, zieht den Blick auf sich und schafft eine warme, raffinierte Atmosph\u00e4re. Das Waldgr\u00fcn verankert das Gesamtbild, das K\u00f6nigsblau verleiht Tiefe, und das T\u00fcrkis bringt eine lebendige, luftige Note ein, die die Farbpalette perfekt ausbalanciert.<\/p>\n<p>Dank der \u201eCut &amp; Loop\u201c-Technik gewinnen die Waben an Relief, was den Eindruck des Schwebens der zentralen Struktur auf dem neutralen Hintergrund verst\u00e4rkt. Diese subtile Textur bereichert die Oberfl\u00e4che des Teppichs und betont die Kontraste zwischen glatten und strukturierten Bereichen.<\/p>\n<p>Gefertigt aus Wolle und botanischer Seide, vereint dieser Teppich Weichheit, dezenteBrillanz und Langlebigkeit. Die Wolle bietet Robustheit und W\u00e4rme, w\u00e4hrend die Seide die Details durch ihre Feinheit und leichte Brillanz hervorhebt.<\/p>\n<p>Ideal f\u00fcr ein modernes, eklektisches oder klassisches Interieur wird dieser Teppich zu einem wahren Blickfang. Er f\u00e4ngt das Licht ein, strukturiert den Raum und l\u00e4dt zur Kontemplation ein.<\/p>\n<p>Mit dem Modell \u201eYellow\u201c holen Sie sich ein textiles Kunstwerk in Ihr Zuhause, das von der Natur inspiriert ist und Innovation, Design sowie visuelle Poesie vereint.<\/p>\n<p><em>Die Lieferung erfolgt bis Bordsteinkante. F\u00fcr einen Liefer- und Installationsservice mit wei\u00dfen Handschuhen, <span style=\"text-decoration: underline;\"><a href=\"https:\/\/softicated.com\/de\/contact\/\">kontaktieren Sie uns<\/a><\/span>.<\/em><\/p>","protected":false},"excerpt":{"rendered":"<p>Le tapis \u201cYellow\u201d, issu de la collection \u201cWeightlessness\u201d repr\u00e9sente une fusion subtile entre perfection naturelle et expressivit\u00e9 color\u00e9e. Inspir\u00e9e des formes harmonieuses de l\u2019\u0153uf et des alv\u00e9oles des ruches, cette collection rend hommage \u00e0 la g\u00e9om\u00e9trie de la nature. Au c\u0153ur de chaque tapis, une composition d\u2019alv\u00e9oles hexagonales fid\u00e8le aux structures de cire d\u2019abeille est [&hellip;]<\/p>","protected":false},"featured_media":15199,"comment_status":"closed","ping_status":"closed","template":"","meta":{"_acf_changed":false},"product_brand":[],"product_cat":[300,299,27],"product_tag":[],"collections":[180],"awards":[140],"by_color":[339],"class_list":{"0":"post-3747","1":"product","2":"type-product","3":"status-publish","4":"has-post-thumbnail","6":"product_cat-tapis-a-motifs","7":"product_cat-tapis-multicolores","8":"product_cat-rugs","9":"product_shipping_class-tapis","10":"collections-weightlessness","11":"awards-archiproduct-2021-longlisted-product","12":"by_color-dore-jaune","14":"first","15":"instock","16":"shipping-taxable","17":"purchasable","18":"product-type-variable","19":"has-default-attributes"},"acf":[],"yoast_head":"<!-- This site is optimized with the Yoast SEO Premium plugin v25.7.1 (Yoast SEO v26.9) - https:\/\/yoast.com\/product\/yoast-seo-premium-wordpress\/ -->\n<title>Tapis Yellow - Softicated<\/title>\n<meta name=\"description\" content=\"L\u2019inspiration de cette collection vient de la nature. Nous y retrouvons l\u2019\u0153uf mais aussi les alv\u00e9oles des ruches cr\u00e9\u00e9es par les abeilles.\" \/>\n<meta name=\"robots\" content=\"index, follow, max-snippet:-1, max-image-preview:large, max-video-preview:-1\" \/>\n<link rel=\"canonical\" href=\"https:\/\/softicated.com\/de\/produit\/rectangular-yellow\/\" \/>\n<meta property=\"og:locale\" content=\"de_DE\" \/>\n<meta property=\"og:type\" content=\"article\" \/>\n<meta property=\"og:title\" content=\"Tapis Yellow\" \/>\n<meta property=\"og:description\" content=\"L\u2019inspiration de cette collection vient de la nature. Nous y retrouvons l\u2019\u0153uf mais aussi les alv\u00e9oles des ruches cr\u00e9\u00e9es par les abeilles.\" \/>\n<meta property=\"og:url\" content=\"https:\/\/softicated.com\/de\/produit\/rectangular-yellow\/\" \/>\n<meta property=\"og:site_name\" content=\"Softicated\" \/>\n<meta property=\"article:publisher\" content=\"https:\/\/www.facebook.com\/Softicated\" \/>\n<meta property=\"article:modified_time\" content=\"2026-03-16T05:31:47+00:00\" \/>\n<meta property=\"og:image\" content=\"https:\/\/softicated.com\/wp-content\/uploads\/2021\/03\/Yellow.png\" \/>\n\t<meta property=\"og:image:width\" content=\"188\" \/>\n\t<meta property=\"og:image:height\" content=\"260\" \/>\n\t<meta property=\"og:image:type\" content=\"image\/png\" \/>\n<meta name=\"twitter:card\" content=\"summary_large_image\" \/>\n<script type=\"application\/ld+json\" class=\"yoast-schema-graph\">{\"@context\":\"https:\/\/schema.org\",\"@graph\":[{\"@type\":\"WebPage\",\"@id\":\"https:\/\/softicated.com\/produit\/rectangular-yellow\/\",\"url\":\"https:\/\/softicated.com\/produit\/rectangular-yellow\/\",\"name\":\"Tapis Yellow - Softicated\",\"isPartOf\":{\"@id\":\"https:\/\/softicated.com\/#website\"},\"primaryImageOfPage\":{\"@id\":\"https:\/\/softicated.com\/produit\/rectangular-yellow\/#primaryimage\"},\"image\":{\"@id\":\"https:\/\/softicated.com\/produit\/rectangular-yellow\/#primaryimage\"},\"thumbnailUrl\":\"https:\/\/softicated.com\/wp-content\/uploads\/2021\/03\/Yellow.png\",\"datePublished\":\"2021-03-11T10:12:35+00:00\",\"dateModified\":\"2026-03-16T05:31:47+00:00\",\"description\":\"L\u2019inspiration de cette collection vient de la nature. Nous y retrouvons l\u2019\u0153uf mais aussi les alv\u00e9oles des ruches cr\u00e9\u00e9es par les abeilles.\",\"breadcrumb\":{\"@id\":\"https:\/\/softicated.com\/produit\/rectangular-yellow\/#breadcrumb\"},\"inLanguage\":\"de-CH\",\"potentialAction\":[{\"@type\":\"ReadAction\",\"target\":[\"https:\/\/softicated.com\/produit\/rectangular-yellow\/\"]}]},{\"@type\":\"ImageObject\",\"inLanguage\":\"de-CH\",\"@id\":\"https:\/\/softicated.com\/produit\/rectangular-yellow\/#primaryimage\",\"url\":\"https:\/\/softicated.com\/wp-content\/uploads\/2021\/03\/Yellow.png\",\"contentUrl\":\"https:\/\/softicated.com\/wp-content\/uploads\/2021\/03\/Yellow.png\",\"width\":188,\"height\":260,\"caption\":\"Yellow\"},{\"@type\":\"BreadcrumbList\",\"@id\":\"https:\/\/softicated.com\/produit\/rectangular-yellow\/#breadcrumb\",\"itemListElement\":[{\"@type\":\"ListItem\",\"position\":1,\"name\":\"Accueil\",\"item\":\"https:\/\/softicated.com\/\"},{\"@type\":\"ListItem\",\"position\":2,\"name\":\"Produits Mobilier Premium Softicated\",\"item\":\"https:\/\/softicated.com\/produits\/\"},{\"@type\":\"ListItem\",\"position\":3,\"name\":\"Tapis \u00e0 motifs\",\"item\":\"https:\/\/softicated.com\/categorie-produit\/tapis-a-motifs\/\"},{\"@type\":\"ListItem\",\"position\":4,\"name\":\"Tapis design sur mesure\"}]},{\"@type\":\"WebSite\",\"@id\":\"https:\/\/softicated.com\/#website\",\"url\":\"https:\/\/softicated.com\/\",\"name\":\"Softicated\",\"description\":\"Cr\u00e9ateur de meubles, luminaires et tapis premium\",\"publisher\":{\"@id\":\"https:\/\/softicated.com\/#organization\"},\"potentialAction\":[{\"@type\":\"SearchAction\",\"target\":{\"@type\":\"EntryPoint\",\"urlTemplate\":\"https:\/\/softicated.com\/?s={search_term_string}\"},\"query-input\":{\"@type\":\"PropertyValueSpecification\",\"valueRequired\":true,\"valueName\":\"search_term_string\"}}],\"inLanguage\":\"de-CH\"},{\"@type\":\"Organization\",\"@id\":\"https:\/\/softicated.com\/#organization\",\"name\":\"Softicated\",\"url\":\"https:\/\/softicated.com\/\",\"logo\":{\"@type\":\"ImageObject\",\"inLanguage\":\"de-CH\",\"@id\":\"https:\/\/softicated.com\/#\/schema\/logo\/image\/\",\"url\":\"https:\/\/softicated.com\/wp-content\/uploads\/2025\/11\/logo-dark-2.svg\",\"contentUrl\":\"https:\/\/softicated.com\/wp-content\/uploads\/2025\/11\/logo-dark-2.svg\",\"caption\":\"Softicated\"},\"image\":{\"@id\":\"https:\/\/softicated.com\/#\/schema\/logo\/image\/\"},\"sameAs\":[\"https:\/\/www.facebook.com\/Softicated\",\"https:\/\/www.pinterest.com\/softicateddesign\",\"https:\/\/www.instagram.com\/softicated.design\"]}]}<\/script>\n<!-- \/ Yoast SEO Premium plugin. -->","yoast_head_json":{"title":"Teppich Yellow - Softicated","description":"Die Inspiration f\u00fcr diese Kollektion kommt aus der Natur. Wir finden dort das Ei, aber auch die Waben der Bienenst\u00f6cke, die die Bienen bauen.","robots":{"index":"index","follow":"follow","max-snippet":"max-snippet:-1","max-image-preview":"max-image-preview:large","max-video-preview":"max-video-preview:-1"},"canonical":"https:\/\/softicated.com\/de\/produit\/rectangular-yellow\/","og_locale":"de_DE","og_type":"article","og_title":"Tapis Yellow","og_description":"L\u2019inspiration de cette collection vient de la nature. Nous y retrouvons l\u2019\u0153uf mais aussi les alv\u00e9oles des ruches cr\u00e9\u00e9es par les abeilles.","og_url":"https:\/\/softicated.com\/de\/produit\/rectangular-yellow\/","og_site_name":"Softicated","article_publisher":"https:\/\/www.facebook.com\/Softicated","article_modified_time":"2026-03-16T05:31:47+00:00","og_image":[{"width":188,"height":260,"url":"https:\/\/softicated.com\/wp-content\/uploads\/2021\/03\/Yellow.png","type":"image\/png"}],"twitter_card":"summary_large_image","schema":{"@context":"https:\/\/schema.org","@graph":[{"@type":"WebPage","@id":"https:\/\/softicated.com\/produit\/rectangular-yellow\/","url":"https:\/\/softicated.com\/produit\/rectangular-yellow\/","name":"Teppich Yellow - Softicated","isPartOf":{"@id":"https:\/\/softicated.com\/#website"},"primaryImageOfPage":{"@id":"https:\/\/softicated.com\/produit\/rectangular-yellow\/#primaryimage"},"image":{"@id":"https:\/\/softicated.com\/produit\/rectangular-yellow\/#primaryimage"},"thumbnailUrl":"https:\/\/softicated.com\/wp-content\/uploads\/2021\/03\/Yellow.png","datePublished":"2021-03-11T10:12:35+00:00","dateModified":"2026-03-16T05:31:47+00:00","description":"Die Inspiration f\u00fcr diese Kollektion kommt aus der Natur. Wir finden dort das Ei, aber auch die Waben der Bienenst\u00f6cke, die die Bienen bauen.","breadcrumb":{"@id":"https:\/\/softicated.com\/produit\/rectangular-yellow\/#breadcrumb"},"inLanguage":"de-CH","potentialAction":[{"@type":"ReadAction","target":["https:\/\/softicated.com\/produit\/rectangular-yellow\/"]}]},{"@type":"ImageObject","inLanguage":"de-CH","@id":"https:\/\/softicated.com\/produit\/rectangular-yellow\/#primaryimage","url":"https:\/\/softicated.com\/wp-content\/uploads\/2021\/03\/Yellow.png","contentUrl":"https:\/\/softicated.com\/wp-content\/uploads\/2021\/03\/Yellow.png","width":188,"height":260,"caption":"Yellow"},{"@type":"BreadcrumbList","@id":"https:\/\/softicated.com\/produit\/rectangular-yellow\/#breadcrumb","itemListElement":[{"@type":"ListItem","position":1,"name":"Accueil","item":"https:\/\/softicated.com\/"},{"@type":"ListItem","position":2,"name":"Produits Mobilier Premium Softicated","item":"https:\/\/softicated.com\/produits\/"},{"@type":"ListItem","position":3,"name":"Tapis \u00e0 motifs","item":"https:\/\/softicated.com\/categorie-produit\/tapis-a-motifs\/"},{"@type":"ListItem","position":4,"name":"Tapis design sur mesure"}]},{"@type":"WebSite","@id":"https:\/\/softicated.com\/#website","url":"https:\/\/softicated.com\/","name":"Softicated","description":"Sch\u00f6pfer hochwertiger M\u00f6bel, Leuchten und Teppiche","publisher":{"@id":"https:\/\/softicated.com\/#organization"},"potentialAction":[{"@type":"SearchAction","target":{"@type":"EntryPoint","urlTemplate":"https:\/\/softicated.com\/?s={search_term_string}"},"query-input":{"@type":"PropertyValueSpecification","valueRequired":true,"valueName":"search_term_string"}}],"inLanguage":"de-CH"},{"@type":"Organization","@id":"https:\/\/softicated.com\/#organization","name":"Softicated","url":"https:\/\/softicated.com\/","logo":{"@type":"ImageObject","inLanguage":"de-CH","@id":"https:\/\/softicated.com\/#\/schema\/logo\/image\/","url":"https:\/\/softicated.com\/wp-content\/uploads\/2025\/11\/logo-dark-2.svg","contentUrl":"https:\/\/softicated.com\/wp-content\/uploads\/2025\/11\/logo-dark-2.svg","caption":"Softicated"},"image":{"@id":"https:\/\/softicated.com\/#\/schema\/logo\/image\/"},"sameAs":["https:\/\/www.facebook.com\/Softicated","https:\/\/www.pinterest.com\/softicateddesign","https:\/\/www.instagram.com\/softicated.design"]}]}},"_links":{"self":[{"href":"https:\/\/softicated.com\/de\/wp-json\/wp\/v2\/product\/3747","targetHints":{"allow":["GET"]}}],"collection":[{"href":"https:\/\/softicated.com\/de\/wp-json\/wp\/v2\/product"}],"about":[{"href":"https:\/\/softicated.com\/de\/wp-json\/wp\/v2\/types\/product"}],"replies":[{"embeddable":true,"href":"https:\/\/softicated.com\/de\/wp-json\/wp\/v2\/comments?post=3747"}],"wp:featuredmedia":[{"embeddable":true,"href":"https:\/\/softicated.com\/de\/wp-json\/wp\/v2\/media\/15199"}],"wp:attachment":[{"href":"https:\/\/softicated.com\/de\/wp-json\/wp\/v2\/media?parent=3747"}],"wp:term":[{"taxonomy":"product_brand","embeddable":true,"href":"https:\/\/softicated.com\/de\/wp-json\/wp\/v2\/product_brand?post=3747"},{"taxonomy":"product_cat","embeddable":true,"href":"https:\/\/softicated.com\/de\/wp-json\/wp\/v2\/product_cat?post=3747"},{"taxonomy":"product_tag","embeddable":true,"href":"https:\/\/softicated.com\/de\/wp-json\/wp\/v2\/product_tag?post=3747"},{"taxonomy":"collections","embeddable":true,"href":"https:\/\/softicated.com\/de\/wp-json\/wp\/v2\/collections?post=3747"},{"taxonomy":"awards","embeddable":true,"href":"https:\/\/softicated.com\/de\/wp-json\/wp\/v2\/awards?post=3747"},{"taxonomy":"by_color","embeddable":true,"href":"https:\/\/softicated.com\/de\/wp-json\/wp\/v2\/by_color?post=3747"}],"curies":[{"name":"wp","href":"https:\/\/api.w.org\/{rel}","templated":true}]}}