{"id":3744,"date":"2021-03-11T11:11:42","date_gmt":"2021-03-11T10:11:42","guid":{"rendered":"https:\/\/softicated.com\/?post_type=product&#038;p=3744"},"modified":"2026-03-16T06:31:56","modified_gmt":"2026-03-16T05:31:56","slug":"rectangular-plain-beige","status":"publish","type":"product","link":"https:\/\/softicated.com\/de\/produit\/rectangular-plain-beige\/","title":{"rendered":"Teppich Beach"},"content":{"rendered":"<p>Der Teppich \u201eBeach\u201c, inspiriert von K\u00fcstenlandschaften, f\u00e4ngt die Essenz der Ufer ein, wo heller Sand auf azurblaues Wasser und von den Wellen geformte Felsen trifft. Seine Beige, Karamell und Blaut\u00f6ne verschmelzen harmonisch und erinnern an die Weichheit vom warmen Sandes, die Vielfalt der Felsformationen und die Tiefe des Ozeans.<\/p>\n<p>Dieser Teppich verk\u00f6rpert eine perfekte Fusion zwischen Natur und zeitgen\u00f6ssischemDesign. Sein dezentes Muster, realisiert durch die \u201eCut &amp; Loop\u201c-Technik, erzeugt eine reliefartige Textur, die an die Wellenmuster erinnert, die das Zur\u00fcckweichen der Wellen am Ufer hinterl\u00e4sst. Diese strukturierte Oberfl\u00e4che spielt mit dem Licht und bietet zarte Kontraste sowie eine fesselnde visuelle Tiefe.<\/p>\n<p>Hergestellt aus Wolle und botanischer Seide, vereint der Teppich \u201eBeach\u201c Komfort, Langlebigkeit und Eleganz. Diese edlen Materialien verst\u00e4rken die Intensit\u00e4t der Farbenund sorgen f\u00fcr ein angenehmes Gef\u00fchl unter den F\u00fc\u00dfen.<\/p>\n<p>Dank seiner Vielseitigkeit findet der Teppich \u201eBeach\u201c m\u00fchelos seinen Platz in verschiedenen Umgebungen, sei es in Wohn oder Gesch\u00e4ftsr\u00e4umen. Er bringt eine Atmosph\u00e4re der Ruhe und Nat\u00fcrlichkeit in moderne Wohnzimmer, Schlafzimmer oder in einladende R\u00e4ume wie Hotels, Restaurants oder B\u00fcros und tr\u00e4gt dazu bei, eine elegante, sanfte und beruhigende Stimmung zu schaffen.<\/p>\n<p>Avenue du Cardinal-Mermillod, 36 \u2013 1227 Carouge \u2013 Gen\u00e8ve \u2013 Suisse Transformez votre int\u00e9rieur en un havre de paix inspir\u00e9 des plages en choisissant le tapis \u201cBeach\u201d. Ses teintes naturelles et son design \u00e9voquent la s\u00e9r\u00e9nit\u00e9 du littoral apportent une touche de nature et de lumi\u00e8re \u00e0 votre espace.<\/p>\n<p><em>Die Lieferung erfolgt bis Bordsteinkante. F\u00fcr einen Liefer- und Installationsservice mit wei\u00dfen Handschuhen, <span style=\"text-decoration: underline;\"><a href=\"https:\/\/softicated.com\/de\/contact\/\">kontaktieren Sie uns<\/a><\/span>.<\/em><\/p>","protected":false},"excerpt":{"rendered":"<p>Le tapis \u201cBeach\u201d inspir\u00e9 par les paysages c\u00f4tiers capture l\u2019essence des rivages o\u00f9 le sable clair rencontre les eaux azur\u00e9es et les rochers sculpt\u00e9s par les vagues. Ses teintes beige, caramel et bleue s\u2019entrelacent harmonieusement, \u00e9voquant la douceur du sable chaud, la richesse des formations rocheuses et la profondeur de l\u2019oc\u00e9an. Ce tapis incarne une [&hellip;]<\/p>","protected":false},"featured_media":15189,"comment_status":"closed","ping_status":"closed","template":"","meta":{"_acf_changed":false},"product_brand":[],"product_cat":[300,299,27],"product_tag":[],"collections":[32],"awards":[],"by_color":[],"class_list":{"0":"post-3744","1":"product","2":"type-product","3":"status-publish","4":"has-post-thumbnail","6":"product_cat-tapis-a-motifs","7":"product_cat-tapis-multicolores","8":"product_cat-rugs","9":"product_shipping_class-tapis","10":"collections-ebb-flow","12":"first","13":"instock","14":"featured","15":"shipping-taxable","16":"purchasable","17":"product-type-variable"},"acf":[],"yoast_head":"<!-- This site is optimized with the Yoast SEO Premium plugin v25.7.1 (Yoast SEO v26.9) - https:\/\/yoast.com\/product\/yoast-seo-premium-wordpress\/ -->\n<title>Tapis Beach - Softicated<\/title>\n<meta name=\"description\" content=\"Le tapis \u201c Beach \u201d inspir\u00e9 par les paysages c\u00f4tiers capture l\u2019essence des rivages o\u00f9 le sable clair rencontre les eaux azur\u00e9es.\" \/>\n<meta name=\"robots\" content=\"index, follow, max-snippet:-1, max-image-preview:large, max-video-preview:-1\" \/>\n<link rel=\"canonical\" href=\"https:\/\/softicated.com\/de\/produit\/rectangular-plain-beige\/\" \/>\n<meta property=\"og:locale\" content=\"de_DE\" \/>\n<meta property=\"og:type\" content=\"article\" \/>\n<meta property=\"og:title\" content=\"Tapis Beach\" \/>\n<meta property=\"og:description\" content=\"Le tapis \u201c Beach \u201d inspir\u00e9 par les paysages c\u00f4tiers capture l\u2019essence des rivages o\u00f9 le sable clair rencontre les eaux azur\u00e9es.\" \/>\n<meta property=\"og:url\" content=\"https:\/\/softicated.com\/de\/produit\/rectangular-plain-beige\/\" \/>\n<meta property=\"og:site_name\" content=\"Softicated\" \/>\n<meta property=\"article:publisher\" content=\"https:\/\/www.facebook.com\/Softicated\" \/>\n<meta property=\"article:modified_time\" content=\"2026-03-16T05:31:56+00:00\" \/>\n<meta property=\"og:image\" content=\"https:\/\/softicated.com\/wp-content\/uploads\/2021\/03\/beach-resize.png\" \/>\n\t<meta property=\"og:image:width\" content=\"188\" \/>\n\t<meta property=\"og:image:height\" content=\"260\" \/>\n\t<meta property=\"og:image:type\" content=\"image\/png\" \/>\n<meta name=\"twitter:card\" content=\"summary_large_image\" \/>\n<script type=\"application\/ld+json\" class=\"yoast-schema-graph\">{\"@context\":\"https:\/\/schema.org\",\"@graph\":[{\"@type\":\"WebPage\",\"@id\":\"https:\/\/softicated.com\/produit\/rectangular-plain-beige\/\",\"url\":\"https:\/\/softicated.com\/produit\/rectangular-plain-beige\/\",\"name\":\"Tapis Beach - Softicated\",\"isPartOf\":{\"@id\":\"https:\/\/softicated.com\/#website\"},\"primaryImageOfPage\":{\"@id\":\"https:\/\/softicated.com\/produit\/rectangular-plain-beige\/#primaryimage\"},\"image\":{\"@id\":\"https:\/\/softicated.com\/produit\/rectangular-plain-beige\/#primaryimage\"},\"thumbnailUrl\":\"https:\/\/softicated.com\/wp-content\/uploads\/2021\/03\/beach-resize.png\",\"datePublished\":\"2021-03-11T10:11:42+00:00\",\"dateModified\":\"2026-03-16T05:31:56+00:00\",\"description\":\"Le tapis \u201c Beach \u201d inspir\u00e9 par les paysages c\u00f4tiers capture l\u2019essence des rivages o\u00f9 le sable clair rencontre les eaux azur\u00e9es.\",\"breadcrumb\":{\"@id\":\"https:\/\/softicated.com\/produit\/rectangular-plain-beige\/#breadcrumb\"},\"inLanguage\":\"de-CH\",\"potentialAction\":[{\"@type\":\"ReadAction\",\"target\":[\"https:\/\/softicated.com\/produit\/rectangular-plain-beige\/\"]}]},{\"@type\":\"ImageObject\",\"inLanguage\":\"de-CH\",\"@id\":\"https:\/\/softicated.com\/produit\/rectangular-plain-beige\/#primaryimage\",\"url\":\"https:\/\/softicated.com\/wp-content\/uploads\/2021\/03\/beach-resize.png\",\"contentUrl\":\"https:\/\/softicated.com\/wp-content\/uploads\/2021\/03\/beach-resize.png\",\"width\":188,\"height\":260,\"caption\":\"beach-resize\"},{\"@type\":\"BreadcrumbList\",\"@id\":\"https:\/\/softicated.com\/produit\/rectangular-plain-beige\/#breadcrumb\",\"itemListElement\":[{\"@type\":\"ListItem\",\"position\":1,\"name\":\"Accueil\",\"item\":\"https:\/\/softicated.com\/\"},{\"@type\":\"ListItem\",\"position\":2,\"name\":\"Produits Mobilier Premium Softicated\",\"item\":\"https:\/\/softicated.com\/produits\/\"},{\"@type\":\"ListItem\",\"position\":3,\"name\":\"Tapis \u00e0 motifs\",\"item\":\"https:\/\/softicated.com\/categorie-produit\/tapis-a-motifs\/\"},{\"@type\":\"ListItem\",\"position\":4,\"name\":\"Tapis design sur mesure\"}]},{\"@type\":\"WebSite\",\"@id\":\"https:\/\/softicated.com\/#website\",\"url\":\"https:\/\/softicated.com\/\",\"name\":\"Softicated\",\"description\":\"Cr\u00e9ateur de meubles, luminaires et tapis premium\",\"publisher\":{\"@id\":\"https:\/\/softicated.com\/#organization\"},\"potentialAction\":[{\"@type\":\"SearchAction\",\"target\":{\"@type\":\"EntryPoint\",\"urlTemplate\":\"https:\/\/softicated.com\/?s={search_term_string}\"},\"query-input\":{\"@type\":\"PropertyValueSpecification\",\"valueRequired\":true,\"valueName\":\"search_term_string\"}}],\"inLanguage\":\"de-CH\"},{\"@type\":\"Organization\",\"@id\":\"https:\/\/softicated.com\/#organization\",\"name\":\"Softicated\",\"url\":\"https:\/\/softicated.com\/\",\"logo\":{\"@type\":\"ImageObject\",\"inLanguage\":\"de-CH\",\"@id\":\"https:\/\/softicated.com\/#\/schema\/logo\/image\/\",\"url\":\"https:\/\/softicated.com\/wp-content\/uploads\/2025\/11\/logo-dark-2.svg\",\"contentUrl\":\"https:\/\/softicated.com\/wp-content\/uploads\/2025\/11\/logo-dark-2.svg\",\"caption\":\"Softicated\"},\"image\":{\"@id\":\"https:\/\/softicated.com\/#\/schema\/logo\/image\/\"},\"sameAs\":[\"https:\/\/www.facebook.com\/Softicated\",\"https:\/\/www.pinterest.com\/softicateddesign\",\"https:\/\/www.instagram.com\/softicated.design\"]}]}<\/script>\n<!-- \/ Yoast SEO Premium plugin. -->","yoast_head_json":{"title":"Teppich Beach - Softicated","description":"Le tapis \u201c Beach \u201d inspir\u00e9 par les paysages c\u00f4tiers capture l\u2019essence des rivages o\u00f9 le sable clair rencontre les eaux azur\u00e9es.","robots":{"index":"index","follow":"follow","max-snippet":"max-snippet:-1","max-image-preview":"max-image-preview:large","max-video-preview":"max-video-preview:-1"},"canonical":"https:\/\/softicated.com\/de\/produit\/rectangular-plain-beige\/","og_locale":"de_DE","og_type":"article","og_title":"Tapis Beach","og_description":"Le tapis \u201c Beach \u201d inspir\u00e9 par les paysages c\u00f4tiers capture l\u2019essence des rivages o\u00f9 le sable clair rencontre les eaux azur\u00e9es.","og_url":"https:\/\/softicated.com\/de\/produit\/rectangular-plain-beige\/","og_site_name":"Softicated","article_publisher":"https:\/\/www.facebook.com\/Softicated","article_modified_time":"2026-03-16T05:31:56+00:00","og_image":[{"width":188,"height":260,"url":"https:\/\/softicated.com\/wp-content\/uploads\/2021\/03\/beach-resize.png","type":"image\/png"}],"twitter_card":"summary_large_image","schema":{"@context":"https:\/\/schema.org","@graph":[{"@type":"WebPage","@id":"https:\/\/softicated.com\/produit\/rectangular-plain-beige\/","url":"https:\/\/softicated.com\/produit\/rectangular-plain-beige\/","name":"Teppich Beach - Softicated","isPartOf":{"@id":"https:\/\/softicated.com\/#website"},"primaryImageOfPage":{"@id":"https:\/\/softicated.com\/produit\/rectangular-plain-beige\/#primaryimage"},"image":{"@id":"https:\/\/softicated.com\/produit\/rectangular-plain-beige\/#primaryimage"},"thumbnailUrl":"https:\/\/softicated.com\/wp-content\/uploads\/2021\/03\/beach-resize.png","datePublished":"2021-03-11T10:11:42+00:00","dateModified":"2026-03-16T05:31:56+00:00","description":"Le tapis \u201c Beach \u201d inspir\u00e9 par les paysages c\u00f4tiers capture l\u2019essence des rivages o\u00f9 le sable clair rencontre les eaux azur\u00e9es.","breadcrumb":{"@id":"https:\/\/softicated.com\/produit\/rectangular-plain-beige\/#breadcrumb"},"inLanguage":"de-CH","potentialAction":[{"@type":"ReadAction","target":["https:\/\/softicated.com\/produit\/rectangular-plain-beige\/"]}]},{"@type":"ImageObject","inLanguage":"de-CH","@id":"https:\/\/softicated.com\/produit\/rectangular-plain-beige\/#primaryimage","url":"https:\/\/softicated.com\/wp-content\/uploads\/2021\/03\/beach-resize.png","contentUrl":"https:\/\/softicated.com\/wp-content\/uploads\/2021\/03\/beach-resize.png","width":188,"height":260,"caption":"beach-resize"},{"@type":"BreadcrumbList","@id":"https:\/\/softicated.com\/produit\/rectangular-plain-beige\/#breadcrumb","itemListElement":[{"@type":"ListItem","position":1,"name":"Accueil","item":"https:\/\/softicated.com\/"},{"@type":"ListItem","position":2,"name":"Produits Mobilier Premium Softicated","item":"https:\/\/softicated.com\/produits\/"},{"@type":"ListItem","position":3,"name":"Tapis \u00e0 motifs","item":"https:\/\/softicated.com\/categorie-produit\/tapis-a-motifs\/"},{"@type":"ListItem","position":4,"name":"Tapis design sur mesure"}]},{"@type":"WebSite","@id":"https:\/\/softicated.com\/#website","url":"https:\/\/softicated.com\/","name":"Softicated","description":"Sch\u00f6pfer hochwertiger M\u00f6bel, Leuchten und Teppiche","publisher":{"@id":"https:\/\/softicated.com\/#organization"},"potentialAction":[{"@type":"SearchAction","target":{"@type":"EntryPoint","urlTemplate":"https:\/\/softicated.com\/?s={search_term_string}"},"query-input":{"@type":"PropertyValueSpecification","valueRequired":true,"valueName":"search_term_string"}}],"inLanguage":"de-CH"},{"@type":"Organization","@id":"https:\/\/softicated.com\/#organization","name":"Softicated","url":"https:\/\/softicated.com\/","logo":{"@type":"ImageObject","inLanguage":"de-CH","@id":"https:\/\/softicated.com\/#\/schema\/logo\/image\/","url":"https:\/\/softicated.com\/wp-content\/uploads\/2025\/11\/logo-dark-2.svg","contentUrl":"https:\/\/softicated.com\/wp-content\/uploads\/2025\/11\/logo-dark-2.svg","caption":"Softicated"},"image":{"@id":"https:\/\/softicated.com\/#\/schema\/logo\/image\/"},"sameAs":["https:\/\/www.facebook.com\/Softicated","https:\/\/www.pinterest.com\/softicateddesign","https:\/\/www.instagram.com\/softicated.design"]}]}},"_links":{"self":[{"href":"https:\/\/softicated.com\/de\/wp-json\/wp\/v2\/product\/3744","targetHints":{"allow":["GET"]}}],"collection":[{"href":"https:\/\/softicated.com\/de\/wp-json\/wp\/v2\/product"}],"about":[{"href":"https:\/\/softicated.com\/de\/wp-json\/wp\/v2\/types\/product"}],"replies":[{"embeddable":true,"href":"https:\/\/softicated.com\/de\/wp-json\/wp\/v2\/comments?post=3744"}],"wp:featuredmedia":[{"embeddable":true,"href":"https:\/\/softicated.com\/de\/wp-json\/wp\/v2\/media\/15189"}],"wp:attachment":[{"href":"https:\/\/softicated.com\/de\/wp-json\/wp\/v2\/media?parent=3744"}],"wp:term":[{"taxonomy":"product_brand","embeddable":true,"href":"https:\/\/softicated.com\/de\/wp-json\/wp\/v2\/product_brand?post=3744"},{"taxonomy":"product_cat","embeddable":true,"href":"https:\/\/softicated.com\/de\/wp-json\/wp\/v2\/product_cat?post=3744"},{"taxonomy":"product_tag","embeddable":true,"href":"https:\/\/softicated.com\/de\/wp-json\/wp\/v2\/product_tag?post=3744"},{"taxonomy":"collections","embeddable":true,"href":"https:\/\/softicated.com\/de\/wp-json\/wp\/v2\/collections?post=3744"},{"taxonomy":"awards","embeddable":true,"href":"https:\/\/softicated.com\/de\/wp-json\/wp\/v2\/awards?post=3744"},{"taxonomy":"by_color","embeddable":true,"href":"https:\/\/softicated.com\/de\/wp-json\/wp\/v2\/by_color?post=3744"}],"curies":[{"name":"wp","href":"https:\/\/api.w.org\/{rel}","templated":true}]}}