{"id":3741,"date":"2021-03-11T11:11:06","date_gmt":"2021-03-11T10:11:06","guid":{"rendered":"https:\/\/softicated.com\/?post_type=product&#038;p=3741"},"modified":"2026-03-16T06:32:08","modified_gmt":"2026-03-16T05:32:08","slug":"tapis-design-sur-mesure-coast-softicated","status":"publish","type":"product","link":"https:\/\/softicated.com\/de\/produit\/tapis-design-sur-mesure-coast-softicated\/","title":{"rendered":"Teppich Coast"},"content":{"rendered":"<p>Der Teppich \u201eCoast\u201c aus der Kollektion Ebb &amp; Flow f\u00e4ngt die Essenz der K\u00fcstenlandschaften ein, wo goldene Felder auf gr\u00fcne Wiesen entlang der K\u00fcste treffen. Seine gelben und gr\u00fcnen T\u00f6ne verschmelzen harmonisch und erinnern an die wechselnden Nuancen von vom Meereswind bewegten Gr\u00e4sern und die Sonnenreflexe auf sommerlichen Feldern.<\/p>\n<p>Inspiriert vom st\u00e4ndigen Wechsel der Gezeiten, spiegelt das gestreifte Muster des Teppichs \u201eCoast\u201c die Verschmelzung von organischen und geometrischen Formen wider und bringt eine visuelle Dynamik in jeden Raum. Gefertigt mit der \u201eCut &amp; Loop\u201c-Technik, erzeugt dieses Design eine reliefartige Textur, die mit dem Licht spielt und subtile Kontraste sowie eine besondere Tiefe bietet.<\/p>\n<p>Hergestellt aus Wolle und botanischer Seide, vereint der Teppich \u201eCoast\u201c Komfort, Langlebigkeit und Eleganz. Diese edlen Materialien verst\u00e4rken die Intensit\u00e4t der Farbenund sorgen f\u00fcr eine angenehme Weichheit beim Ber\u00fchren.<\/p>\n<p>Vielseitig einsetzbar, integriert sich der Teppich \u201eCoast\u201c m\u00fchelos in verschiedene R\u00e4ume, sei es in privaten oder \u00f6ffentlichen Bereichen. Er bringt einen Hauch von Natur und Gelassenheit in ein modernes Wohnzimmer, ein beruhigendes Schlafzimmer oder auch in Orte wie Hotels, Restaurants oder B\u00fcros und verleiht eine warme und raffinierte Atmosph\u00e4re.<\/p>\n<p>Mit der Wahl des Teppichs \u201eCoast\u201c holen Sie sich ein St\u00fcck K\u00fcstenlandschaft in Ihr Zuhause ein Element, das eine Geschichte von Natur, Licht und Bewegung erz\u00e4hlt und Ihren Raum in eine von der Sch\u00f6nheit der Ufer inspirierte Oase der Ruhe verwandelt.<\/p>\n<p><em>Die Lieferung erfolgt bis Bordsteinkante. F\u00fcr einen Liefer- und Installationsservice mit wei\u00dfen Handschuhen, <span style=\"text-decoration: underline;\"><a href=\"https:\/\/softicated.com\/de\/contact\/\">kontaktieren Sie uns<\/a><\/span>.<\/em><\/p>","protected":false},"excerpt":{"rendered":"<p>Le tapis \u201cCoast\u201d issu de la collection \u201cEbb &amp; Flow\u201d capture l\u2019essence des paysages c\u00f4tiers o\u00f9 les champs dor\u00e9s rencontrent les prairies verdoyantes le long du littoral. Ses teintes jaunes et vertes s\u2019entrelacent harmonieusement, \u00e9voquant les nuances changeantes des herbes balay\u00e9es par le vent marin et les reflets du soleil sur les cultures estivales. Inspir\u00e9 [&hellip;]<\/p>","protected":false},"featured_media":15190,"comment_status":"closed","ping_status":"closed","template":"","meta":{"_acf_changed":false},"product_brand":[],"product_cat":[300,299,27],"product_tag":[],"collections":[32],"awards":[],"by_color":[341,344],"class_list":{"0":"post-3741","1":"product","2":"type-product","3":"status-publish","4":"has-post-thumbnail","6":"product_cat-tapis-a-motifs","7":"product_cat-tapis-multicolores","8":"product_cat-rugs","9":"product_shipping_class-tapis","10":"collections-ebb-flow","11":"by_color-orange-rouille","12":"by_color-vert","14":"first","15":"instock","16":"shipping-taxable","17":"purchasable","18":"product-type-variable"},"acf":[],"yoast_head":"<!-- This site is optimized with the Yoast SEO Premium plugin v25.7.1 (Yoast SEO v26.9) - https:\/\/yoast.com\/product\/yoast-seo-premium-wordpress\/ -->\n<title>Tapis Coast - Softicated<\/title>\n<meta name=\"description\" content=\"Le tapis \u201cCoast\u201d capture l\u2019essence des paysages c\u00f4tiers o\u00f9 les champs dor\u00e9s rencontrent les prairies verdoyantes le long du littoral.\" \/>\n<meta name=\"robots\" content=\"index, follow, max-snippet:-1, max-image-preview:large, max-video-preview:-1\" \/>\n<link rel=\"canonical\" href=\"https:\/\/softicated.com\/de\/produit\/tapis-design-sur-mesure-coast-softicated\/\" \/>\n<meta property=\"og:locale\" content=\"de_DE\" \/>\n<meta property=\"og:type\" content=\"article\" \/>\n<meta property=\"og:title\" content=\"Tapis Coast\" \/>\n<meta property=\"og:description\" content=\"Le tapis \u201cCoast\u201d capture l\u2019essence des paysages c\u00f4tiers o\u00f9 les champs dor\u00e9s rencontrent les prairies verdoyantes le long du littoral.\" \/>\n<meta property=\"og:url\" content=\"https:\/\/softicated.com\/de\/produit\/tapis-design-sur-mesure-coast-softicated\/\" \/>\n<meta property=\"og:site_name\" content=\"Softicated\" \/>\n<meta property=\"article:publisher\" content=\"https:\/\/www.facebook.com\/Softicated\" \/>\n<meta property=\"article:modified_time\" content=\"2026-03-16T05:32:08+00:00\" \/>\n<meta property=\"og:image\" content=\"https:\/\/softicated.com\/wp-content\/uploads\/2021\/03\/coast-resize.png\" \/>\n\t<meta property=\"og:image:width\" content=\"189\" \/>\n\t<meta property=\"og:image:height\" content=\"261\" \/>\n\t<meta property=\"og:image:type\" content=\"image\/png\" \/>\n<meta name=\"twitter:card\" content=\"summary_large_image\" \/>\n<script type=\"application\/ld+json\" class=\"yoast-schema-graph\">{\"@context\":\"https:\/\/schema.org\",\"@graph\":[{\"@type\":\"WebPage\",\"@id\":\"https:\/\/softicated.com\/en\/produit\/tapis-design-sur-mesure-coast-softicated\/\",\"url\":\"https:\/\/softicated.com\/en\/produit\/tapis-design-sur-mesure-coast-softicated\/\",\"name\":\"Tapis Coast - Softicated\",\"isPartOf\":{\"@id\":\"https:\/\/softicated.com\/#website\"},\"primaryImageOfPage\":{\"@id\":\"https:\/\/softicated.com\/en\/produit\/tapis-design-sur-mesure-coast-softicated\/#primaryimage\"},\"image\":{\"@id\":\"https:\/\/softicated.com\/en\/produit\/tapis-design-sur-mesure-coast-softicated\/#primaryimage\"},\"thumbnailUrl\":\"https:\/\/softicated.com\/wp-content\/uploads\/2021\/03\/coast-resize.png\",\"datePublished\":\"2021-03-11T10:11:06+00:00\",\"dateModified\":\"2026-03-16T05:32:08+00:00\",\"description\":\"Le tapis \u201cCoast\u201d capture l\u2019essence des paysages c\u00f4tiers o\u00f9 les champs dor\u00e9s rencontrent les prairies verdoyantes le long du littoral.\",\"breadcrumb\":{\"@id\":\"https:\/\/softicated.com\/en\/produit\/tapis-design-sur-mesure-coast-softicated\/#breadcrumb\"},\"inLanguage\":\"de-CH\",\"potentialAction\":[{\"@type\":\"ReadAction\",\"target\":[\"https:\/\/softicated.com\/en\/produit\/tapis-design-sur-mesure-coast-softicated\/\"]}]},{\"@type\":\"ImageObject\",\"inLanguage\":\"de-CH\",\"@id\":\"https:\/\/softicated.com\/en\/produit\/tapis-design-sur-mesure-coast-softicated\/#primaryimage\",\"url\":\"https:\/\/softicated.com\/wp-content\/uploads\/2021\/03\/coast-resize.png\",\"contentUrl\":\"https:\/\/softicated.com\/wp-content\/uploads\/2021\/03\/coast-resize.png\",\"width\":189,\"height\":261,\"caption\":\"coast-resize\"},{\"@type\":\"BreadcrumbList\",\"@id\":\"https:\/\/softicated.com\/en\/produit\/tapis-design-sur-mesure-coast-softicated\/#breadcrumb\",\"itemListElement\":[{\"@type\":\"ListItem\",\"position\":1,\"name\":\"Accueil\",\"item\":\"https:\/\/softicated.com\/\"},{\"@type\":\"ListItem\",\"position\":2,\"name\":\"Produits Mobilier Premium Softicated\",\"item\":\"https:\/\/softicated.com\/produits\/\"},{\"@type\":\"ListItem\",\"position\":3,\"name\":\"Tapis \u00e0 motifs\",\"item\":\"https:\/\/softicated.com\/categorie-produit\/tapis-a-motifs\/\"},{\"@type\":\"ListItem\",\"position\":4,\"name\":\"Tapis design sur mesure coast\"}]},{\"@type\":\"WebSite\",\"@id\":\"https:\/\/softicated.com\/#website\",\"url\":\"https:\/\/softicated.com\/\",\"name\":\"Softicated\",\"description\":\"Cr\u00e9ateur de meubles, luminaires et tapis premium\",\"publisher\":{\"@id\":\"https:\/\/softicated.com\/#organization\"},\"potentialAction\":[{\"@type\":\"SearchAction\",\"target\":{\"@type\":\"EntryPoint\",\"urlTemplate\":\"https:\/\/softicated.com\/?s={search_term_string}\"},\"query-input\":{\"@type\":\"PropertyValueSpecification\",\"valueRequired\":true,\"valueName\":\"search_term_string\"}}],\"inLanguage\":\"de-CH\"},{\"@type\":\"Organization\",\"@id\":\"https:\/\/softicated.com\/#organization\",\"name\":\"Softicated\",\"url\":\"https:\/\/softicated.com\/\",\"logo\":{\"@type\":\"ImageObject\",\"inLanguage\":\"de-CH\",\"@id\":\"https:\/\/softicated.com\/#\/schema\/logo\/image\/\",\"url\":\"https:\/\/softicated.com\/wp-content\/uploads\/2025\/11\/logo-dark-2.svg\",\"contentUrl\":\"https:\/\/softicated.com\/wp-content\/uploads\/2025\/11\/logo-dark-2.svg\",\"caption\":\"Softicated\"},\"image\":{\"@id\":\"https:\/\/softicated.com\/#\/schema\/logo\/image\/\"},\"sameAs\":[\"https:\/\/www.facebook.com\/Softicated\",\"https:\/\/www.pinterest.com\/softicateddesign\",\"https:\/\/www.instagram.com\/softicated.design\"]}]}<\/script>\n<!-- \/ Yoast SEO Premium plugin. -->","yoast_head_json":{"title":"Teppich Coast -  Softicated","description":"Le tapis \u201cCoast\u201d capture l\u2019essence des paysages c\u00f4tiers o\u00f9 les champs dor\u00e9s rencontrent les prairies verdoyantes le long du littoral.","robots":{"index":"index","follow":"follow","max-snippet":"max-snippet:-1","max-image-preview":"max-image-preview:large","max-video-preview":"max-video-preview:-1"},"canonical":"https:\/\/softicated.com\/de\/produit\/tapis-design-sur-mesure-coast-softicated\/","og_locale":"de_DE","og_type":"article","og_title":"Tapis Coast","og_description":"Le tapis \u201cCoast\u201d capture l\u2019essence des paysages c\u00f4tiers o\u00f9 les champs dor\u00e9s rencontrent les prairies verdoyantes le long du littoral.","og_url":"https:\/\/softicated.com\/de\/produit\/tapis-design-sur-mesure-coast-softicated\/","og_site_name":"Softicated","article_publisher":"https:\/\/www.facebook.com\/Softicated","article_modified_time":"2026-03-16T05:32:08+00:00","og_image":[{"width":189,"height":261,"url":"https:\/\/softicated.com\/wp-content\/uploads\/2021\/03\/coast-resize.png","type":"image\/png"}],"twitter_card":"summary_large_image","schema":{"@context":"https:\/\/schema.org","@graph":[{"@type":"WebPage","@id":"https:\/\/softicated.com\/en\/produit\/tapis-design-sur-mesure-coast-softicated\/","url":"https:\/\/softicated.com\/en\/produit\/tapis-design-sur-mesure-coast-softicated\/","name":"Teppich Coast -  Softicated","isPartOf":{"@id":"https:\/\/softicated.com\/#website"},"primaryImageOfPage":{"@id":"https:\/\/softicated.com\/en\/produit\/tapis-design-sur-mesure-coast-softicated\/#primaryimage"},"image":{"@id":"https:\/\/softicated.com\/en\/produit\/tapis-design-sur-mesure-coast-softicated\/#primaryimage"},"thumbnailUrl":"https:\/\/softicated.com\/wp-content\/uploads\/2021\/03\/coast-resize.png","datePublished":"2021-03-11T10:11:06+00:00","dateModified":"2026-03-16T05:32:08+00:00","description":"Le tapis \u201cCoast\u201d capture l\u2019essence des paysages c\u00f4tiers o\u00f9 les champs dor\u00e9s rencontrent les prairies verdoyantes le long du littoral.","breadcrumb":{"@id":"https:\/\/softicated.com\/en\/produit\/tapis-design-sur-mesure-coast-softicated\/#breadcrumb"},"inLanguage":"de-CH","potentialAction":[{"@type":"ReadAction","target":["https:\/\/softicated.com\/en\/produit\/tapis-design-sur-mesure-coast-softicated\/"]}]},{"@type":"ImageObject","inLanguage":"de-CH","@id":"https:\/\/softicated.com\/en\/produit\/tapis-design-sur-mesure-coast-softicated\/#primaryimage","url":"https:\/\/softicated.com\/wp-content\/uploads\/2021\/03\/coast-resize.png","contentUrl":"https:\/\/softicated.com\/wp-content\/uploads\/2021\/03\/coast-resize.png","width":189,"height":261,"caption":"coast-resize"},{"@type":"BreadcrumbList","@id":"https:\/\/softicated.com\/en\/produit\/tapis-design-sur-mesure-coast-softicated\/#breadcrumb","itemListElement":[{"@type":"ListItem","position":1,"name":"Accueil","item":"https:\/\/softicated.com\/"},{"@type":"ListItem","position":2,"name":"Produits Mobilier Premium Softicated","item":"https:\/\/softicated.com\/produits\/"},{"@type":"ListItem","position":3,"name":"Tapis \u00e0 motifs","item":"https:\/\/softicated.com\/categorie-produit\/tapis-a-motifs\/"},{"@type":"ListItem","position":4,"name":"Tapis design sur mesure coast"}]},{"@type":"WebSite","@id":"https:\/\/softicated.com\/#website","url":"https:\/\/softicated.com\/","name":"Softicated","description":"Sch\u00f6pfer hochwertiger M\u00f6bel, Leuchten und Teppiche","publisher":{"@id":"https:\/\/softicated.com\/#organization"},"potentialAction":[{"@type":"SearchAction","target":{"@type":"EntryPoint","urlTemplate":"https:\/\/softicated.com\/?s={search_term_string}"},"query-input":{"@type":"PropertyValueSpecification","valueRequired":true,"valueName":"search_term_string"}}],"inLanguage":"de-CH"},{"@type":"Organization","@id":"https:\/\/softicated.com\/#organization","name":"Softicated","url":"https:\/\/softicated.com\/","logo":{"@type":"ImageObject","inLanguage":"de-CH","@id":"https:\/\/softicated.com\/#\/schema\/logo\/image\/","url":"https:\/\/softicated.com\/wp-content\/uploads\/2025\/11\/logo-dark-2.svg","contentUrl":"https:\/\/softicated.com\/wp-content\/uploads\/2025\/11\/logo-dark-2.svg","caption":"Softicated"},"image":{"@id":"https:\/\/softicated.com\/#\/schema\/logo\/image\/"},"sameAs":["https:\/\/www.facebook.com\/Softicated","https:\/\/www.pinterest.com\/softicateddesign","https:\/\/www.instagram.com\/softicated.design"]}]}},"_links":{"self":[{"href":"https:\/\/softicated.com\/de\/wp-json\/wp\/v2\/product\/3741","targetHints":{"allow":["GET"]}}],"collection":[{"href":"https:\/\/softicated.com\/de\/wp-json\/wp\/v2\/product"}],"about":[{"href":"https:\/\/softicated.com\/de\/wp-json\/wp\/v2\/types\/product"}],"replies":[{"embeddable":true,"href":"https:\/\/softicated.com\/de\/wp-json\/wp\/v2\/comments?post=3741"}],"wp:featuredmedia":[{"embeddable":true,"href":"https:\/\/softicated.com\/de\/wp-json\/wp\/v2\/media\/15190"}],"wp:attachment":[{"href":"https:\/\/softicated.com\/de\/wp-json\/wp\/v2\/media?parent=3741"}],"wp:term":[{"taxonomy":"product_brand","embeddable":true,"href":"https:\/\/softicated.com\/de\/wp-json\/wp\/v2\/product_brand?post=3741"},{"taxonomy":"product_cat","embeddable":true,"href":"https:\/\/softicated.com\/de\/wp-json\/wp\/v2\/product_cat?post=3741"},{"taxonomy":"product_tag","embeddable":true,"href":"https:\/\/softicated.com\/de\/wp-json\/wp\/v2\/product_tag?post=3741"},{"taxonomy":"collections","embeddable":true,"href":"https:\/\/softicated.com\/de\/wp-json\/wp\/v2\/collections?post=3741"},{"taxonomy":"awards","embeddable":true,"href":"https:\/\/softicated.com\/de\/wp-json\/wp\/v2\/awards?post=3741"},{"taxonomy":"by_color","embeddable":true,"href":"https:\/\/softicated.com\/de\/wp-json\/wp\/v2\/by_color?post=3741"}],"curies":[{"name":"wp","href":"https:\/\/api.w.org\/{rel}","templated":true}]}}