{"id":3689,"date":"2021-03-08T17:06:59","date_gmt":"2021-03-08T16:06:59","guid":{"rendered":"https:\/\/softicated.com\/?post_type=product&#038;p=3689"},"modified":"2026-03-08T04:05:42","modified_gmt":"2026-03-08T03:05:42","slug":"buffet","status":"publish","type":"product","link":"https:\/\/softicated.com\/de\/produit\/buffet\/","title":{"rendered":"Design-M\u00f6bel aus Massivholz"},"content":{"rendered":"<p class=\"p1\">Dieses Sideboard ist vollst\u00e4ndig aus Walnuss- oder Eichenholz gefertigt und verleiht jedem Raum eine rohe, fast organische Kraft. Mit seiner ganz eigenen Pers\u00f6nlichkeit verleiht dieses Sideboard jedem Wohn- oder Esszimmer Gem\u00fctlichkeit und braucht keine Verzierungen darauf oder darum herum: Es ist ein Statement f\u00fcr sich. Seine Form ist als Bento-Box konzipiert, in der man Besteck, Geschirr, Tischw\u00e4sche oder Glaswaren einfach und pr\u00e4zise aufbewahren kann. Die wahre Sch\u00f6nheit dieses Designs liegt in seinen Details: Ton-in-Ton-Geometriedreiecke aus Eichenholz oder Walnuss, die an den T\u00fcren des Sideboard angebracht sind, gl\u00e4tten die Winkel sanft zu sanften Kurven.<\/p>","protected":false},"excerpt":{"rendered":"<p>Le tout noyer ou ch\u00eane de ce buffet donne le sentiment d\u2019une force brute presqu\u2019organique install\u00e9e dans la pi\u00e8ce. Elle rassure et donne de la personnalit\u00e9 \u00e0 un salon ou salle \u00e0 manger sans qu\u2019il y ait besoin de rajouter quoique ce soit dessus ou autour. La forme a \u00e9t\u00e9 \u00e9tudi\u00e9e \u00e0 la fa\u00e7on d\u2019une [&hellip;]<\/p>","protected":false},"featured_media":12221,"comment_status":"closed","ping_status":"closed","template":"","meta":{"_acf_changed":false},"product_brand":[],"product_cat":[175],"product_tag":[],"collections":[],"awards":[],"by_color":[],"class_list":{"0":"post-3689","1":"product","2":"type-product","3":"status-publish","4":"has-post-thumbnail","6":"product_cat-sideboard","8":"first","9":"instock","10":"shipping-taxable","11":"product-type-simple"},"acf":[],"yoast_head":"<!-- This site is optimized with the Yoast SEO Premium plugin v25.7.1 (Yoast SEO v26.9) - https:\/\/yoast.com\/product\/yoast-seo-premium-wordpress\/ -->\n<title>Meuble design en bois massif - Softicated<\/title>\n<meta name=\"description\" content=\"La prouesse du design de ce buffet se loge dans les d\u00e9tails, ici, des \u00e9querres en bois, ton sur ton, positionn\u00e9es sur les portes soulignent discr\u00e8tement ...\" \/>\n<meta name=\"robots\" content=\"index, follow, max-snippet:-1, max-image-preview:large, max-video-preview:-1\" \/>\n<link rel=\"canonical\" href=\"https:\/\/softicated.com\/de\/produit\/buffet\/\" \/>\n<meta property=\"og:locale\" content=\"de_DE\" \/>\n<meta property=\"og:type\" content=\"article\" \/>\n<meta property=\"og:title\" content=\"Meuble design en bois massif\" \/>\n<meta property=\"og:description\" content=\"La prouesse du design de ce buffet se loge dans les d\u00e9tails, ici, des \u00e9querres en bois, ton sur ton, positionn\u00e9es sur les portes soulignent discr\u00e8tement ...\" \/>\n<meta property=\"og:url\" content=\"https:\/\/softicated.com\/de\/produit\/buffet\/\" \/>\n<meta property=\"og:site_name\" content=\"Softicated\" \/>\n<meta property=\"article:publisher\" content=\"https:\/\/www.facebook.com\/Softicated\" \/>\n<meta property=\"article:modified_time\" content=\"2026-03-08T03:05:42+00:00\" \/>\n<meta property=\"og:image\" content=\"https:\/\/softicated.com\/wp-content\/uploads\/2021\/03\/dinner-box-clair-01-scaled-1.webp\" \/>\n\t<meta property=\"og:image:width\" content=\"2560\" \/>\n\t<meta property=\"og:image:height\" content=\"1709\" \/>\n\t<meta property=\"og:image:type\" content=\"image\/webp\" \/>\n<meta name=\"twitter:card\" content=\"summary_large_image\" \/>\n<script type=\"application\/ld+json\" class=\"yoast-schema-graph\">{\"@context\":\"https:\/\/schema.org\",\"@graph\":[{\"@type\":\"WebPage\",\"@id\":\"https:\/\/softicated.com\/produit\/buffet\/\",\"url\":\"https:\/\/softicated.com\/produit\/buffet\/\",\"name\":\"Meuble design en bois massif - Softicated\",\"isPartOf\":{\"@id\":\"https:\/\/softicated.com\/#website\"},\"primaryImageOfPage\":{\"@id\":\"https:\/\/softicated.com\/produit\/buffet\/#primaryimage\"},\"image\":{\"@id\":\"https:\/\/softicated.com\/produit\/buffet\/#primaryimage\"},\"thumbnailUrl\":\"https:\/\/softicated.com\/wp-content\/uploads\/2021\/03\/dinner-box-clair-01-scaled-1.webp\",\"datePublished\":\"2021-03-08T16:06:59+00:00\",\"dateModified\":\"2026-03-08T03:05:42+00:00\",\"description\":\"La prouesse du design de ce buffet se loge dans les d\u00e9tails, ici, des \u00e9querres en bois, ton sur ton, positionn\u00e9es sur les portes soulignent discr\u00e8tement ...\",\"breadcrumb\":{\"@id\":\"https:\/\/softicated.com\/produit\/buffet\/#breadcrumb\"},\"inLanguage\":\"de-CH\",\"potentialAction\":[{\"@type\":\"ReadAction\",\"target\":[\"https:\/\/softicated.com\/produit\/buffet\/\"]}]},{\"@type\":\"ImageObject\",\"inLanguage\":\"de-CH\",\"@id\":\"https:\/\/softicated.com\/produit\/buffet\/#primaryimage\",\"url\":\"https:\/\/softicated.com\/wp-content\/uploads\/2021\/03\/dinner-box-clair-01-scaled-1.webp\",\"contentUrl\":\"https:\/\/softicated.com\/wp-content\/uploads\/2021\/03\/dinner-box-clair-01-scaled-1.webp\",\"width\":2560,\"height\":1709,\"caption\":\"Buffet\"},{\"@type\":\"BreadcrumbList\",\"@id\":\"https:\/\/softicated.com\/produit\/buffet\/#breadcrumb\",\"itemListElement\":[{\"@type\":\"ListItem\",\"position\":1,\"name\":\"Accueil\",\"item\":\"https:\/\/softicated.com\/\"},{\"@type\":\"ListItem\",\"position\":2,\"name\":\"Produits Mobilier Premium Softicated\",\"item\":\"https:\/\/softicated.com\/produits\/\"},{\"@type\":\"ListItem\",\"position\":3,\"name\":\"Meuble de qualit\u00e9 Suisse\",\"item\":\"https:\/\/softicated.com\/categorie-produit\/meuble-design\/\"},{\"@type\":\"ListItem\",\"position\":4,\"name\":\"rangements sideboard\",\"item\":\"https:\/\/softicated.com\/categorie-produit\/meuble-design\/sideboard\/\"},{\"@type\":\"ListItem\",\"position\":5,\"name\":\"Meuble design en bois massif\"}]},{\"@type\":\"WebSite\",\"@id\":\"https:\/\/softicated.com\/#website\",\"url\":\"https:\/\/softicated.com\/\",\"name\":\"Softicated\",\"description\":\"Cr\u00e9ateur de meubles, luminaires et tapis premium\",\"publisher\":{\"@id\":\"https:\/\/softicated.com\/#organization\"},\"potentialAction\":[{\"@type\":\"SearchAction\",\"target\":{\"@type\":\"EntryPoint\",\"urlTemplate\":\"https:\/\/softicated.com\/?s={search_term_string}\"},\"query-input\":{\"@type\":\"PropertyValueSpecification\",\"valueRequired\":true,\"valueName\":\"search_term_string\"}}],\"inLanguage\":\"de-CH\"},{\"@type\":\"Organization\",\"@id\":\"https:\/\/softicated.com\/#organization\",\"name\":\"Softicated\",\"url\":\"https:\/\/softicated.com\/\",\"logo\":{\"@type\":\"ImageObject\",\"inLanguage\":\"de-CH\",\"@id\":\"https:\/\/softicated.com\/#\/schema\/logo\/image\/\",\"url\":\"https:\/\/softicated.com\/wp-content\/uploads\/2025\/11\/logo-dark-2.svg\",\"contentUrl\":\"https:\/\/softicated.com\/wp-content\/uploads\/2025\/11\/logo-dark-2.svg\",\"caption\":\"Softicated\"},\"image\":{\"@id\":\"https:\/\/softicated.com\/#\/schema\/logo\/image\/\"},\"sameAs\":[\"https:\/\/www.facebook.com\/Softicated\",\"https:\/\/www.pinterest.com\/softicateddesign\",\"https:\/\/www.instagram.com\/softicated.design\"]}]}<\/script>\n<!-- \/ Yoast SEO Premium plugin. -->","yoast_head_json":{"title":"Design-M\u00f6bel aus Massivholz - Softicated","description":"La prouesse du design de ce buffet se loge dans les d\u00e9tails, ici, des \u00e9querres en bois, ton sur ton, positionn\u00e9es sur les portes soulignent discr\u00e8tement ...","robots":{"index":"index","follow":"follow","max-snippet":"max-snippet:-1","max-image-preview":"max-image-preview:large","max-video-preview":"max-video-preview:-1"},"canonical":"https:\/\/softicated.com\/de\/produit\/buffet\/","og_locale":"de_DE","og_type":"article","og_title":"Meuble design en bois massif","og_description":"La prouesse du design de ce buffet se loge dans les d\u00e9tails, ici, des \u00e9querres en bois, ton sur ton, positionn\u00e9es sur les portes soulignent discr\u00e8tement ...","og_url":"https:\/\/softicated.com\/de\/produit\/buffet\/","og_site_name":"Softicated","article_publisher":"https:\/\/www.facebook.com\/Softicated","article_modified_time":"2026-03-08T03:05:42+00:00","og_image":[{"width":2560,"height":1709,"url":"https:\/\/softicated.com\/wp-content\/uploads\/2021\/03\/dinner-box-clair-01-scaled-1.webp","type":"image\/webp"}],"twitter_card":"summary_large_image","schema":{"@context":"https:\/\/schema.org","@graph":[{"@type":"WebPage","@id":"https:\/\/softicated.com\/produit\/buffet\/","url":"https:\/\/softicated.com\/produit\/buffet\/","name":"Design-M\u00f6bel aus Massivholz - Softicated","isPartOf":{"@id":"https:\/\/softicated.com\/#website"},"primaryImageOfPage":{"@id":"https:\/\/softicated.com\/produit\/buffet\/#primaryimage"},"image":{"@id":"https:\/\/softicated.com\/produit\/buffet\/#primaryimage"},"thumbnailUrl":"https:\/\/softicated.com\/wp-content\/uploads\/2021\/03\/dinner-box-clair-01-scaled-1.webp","datePublished":"2021-03-08T16:06:59+00:00","dateModified":"2026-03-08T03:05:42+00:00","description":"La prouesse du design de ce buffet se loge dans les d\u00e9tails, ici, des \u00e9querres en bois, ton sur ton, positionn\u00e9es sur les portes soulignent discr\u00e8tement ...","breadcrumb":{"@id":"https:\/\/softicated.com\/produit\/buffet\/#breadcrumb"},"inLanguage":"de-CH","potentialAction":[{"@type":"ReadAction","target":["https:\/\/softicated.com\/produit\/buffet\/"]}]},{"@type":"ImageObject","inLanguage":"de-CH","@id":"https:\/\/softicated.com\/produit\/buffet\/#primaryimage","url":"https:\/\/softicated.com\/wp-content\/uploads\/2021\/03\/dinner-box-clair-01-scaled-1.webp","contentUrl":"https:\/\/softicated.com\/wp-content\/uploads\/2021\/03\/dinner-box-clair-01-scaled-1.webp","width":2560,"height":1709,"caption":"Buffet"},{"@type":"BreadcrumbList","@id":"https:\/\/softicated.com\/produit\/buffet\/#breadcrumb","itemListElement":[{"@type":"ListItem","position":1,"name":"Accueil","item":"https:\/\/softicated.com\/"},{"@type":"ListItem","position":2,"name":"Produits Mobilier Premium Softicated","item":"https:\/\/softicated.com\/produits\/"},{"@type":"ListItem","position":3,"name":"Meuble de qualit\u00e9 Suisse","item":"https:\/\/softicated.com\/categorie-produit\/meuble-design\/"},{"@type":"ListItem","position":4,"name":"rangements sideboard","item":"https:\/\/softicated.com\/categorie-produit\/meuble-design\/sideboard\/"},{"@type":"ListItem","position":5,"name":"Meuble design en bois massif"}]},{"@type":"WebSite","@id":"https:\/\/softicated.com\/#website","url":"https:\/\/softicated.com\/","name":"Softicated","description":"Sch\u00f6pfer hochwertiger M\u00f6bel, Leuchten und Teppiche","publisher":{"@id":"https:\/\/softicated.com\/#organization"},"potentialAction":[{"@type":"SearchAction","target":{"@type":"EntryPoint","urlTemplate":"https:\/\/softicated.com\/?s={search_term_string}"},"query-input":{"@type":"PropertyValueSpecification","valueRequired":true,"valueName":"search_term_string"}}],"inLanguage":"de-CH"},{"@type":"Organization","@id":"https:\/\/softicated.com\/#organization","name":"Softicated","url":"https:\/\/softicated.com\/","logo":{"@type":"ImageObject","inLanguage":"de-CH","@id":"https:\/\/softicated.com\/#\/schema\/logo\/image\/","url":"https:\/\/softicated.com\/wp-content\/uploads\/2025\/11\/logo-dark-2.svg","contentUrl":"https:\/\/softicated.com\/wp-content\/uploads\/2025\/11\/logo-dark-2.svg","caption":"Softicated"},"image":{"@id":"https:\/\/softicated.com\/#\/schema\/logo\/image\/"},"sameAs":["https:\/\/www.facebook.com\/Softicated","https:\/\/www.pinterest.com\/softicateddesign","https:\/\/www.instagram.com\/softicated.design"]}]}},"_links":{"self":[{"href":"https:\/\/softicated.com\/de\/wp-json\/wp\/v2\/product\/3689","targetHints":{"allow":["GET"]}}],"collection":[{"href":"https:\/\/softicated.com\/de\/wp-json\/wp\/v2\/product"}],"about":[{"href":"https:\/\/softicated.com\/de\/wp-json\/wp\/v2\/types\/product"}],"replies":[{"embeddable":true,"href":"https:\/\/softicated.com\/de\/wp-json\/wp\/v2\/comments?post=3689"}],"wp:featuredmedia":[{"embeddable":true,"href":"https:\/\/softicated.com\/de\/wp-json\/wp\/v2\/media\/12221"}],"wp:attachment":[{"href":"https:\/\/softicated.com\/de\/wp-json\/wp\/v2\/media?parent=3689"}],"wp:term":[{"taxonomy":"product_brand","embeddable":true,"href":"https:\/\/softicated.com\/de\/wp-json\/wp\/v2\/product_brand?post=3689"},{"taxonomy":"product_cat","embeddable":true,"href":"https:\/\/softicated.com\/de\/wp-json\/wp\/v2\/product_cat?post=3689"},{"taxonomy":"product_tag","embeddable":true,"href":"https:\/\/softicated.com\/de\/wp-json\/wp\/v2\/product_tag?post=3689"},{"taxonomy":"collections","embeddable":true,"href":"https:\/\/softicated.com\/de\/wp-json\/wp\/v2\/collections?post=3689"},{"taxonomy":"awards","embeddable":true,"href":"https:\/\/softicated.com\/de\/wp-json\/wp\/v2\/awards?post=3689"},{"taxonomy":"by_color","embeddable":true,"href":"https:\/\/softicated.com\/de\/wp-json\/wp\/v2\/by_color?post=3689"}],"curies":[{"name":"wp","href":"https:\/\/api.w.org\/{rel}","templated":true}]}}