{"id":3676,"date":"2021-03-08T17:03:55","date_gmt":"2021-03-08T16:03:55","guid":{"rendered":"https:\/\/softicated.com\/?post_type=product&#038;p=3676"},"modified":"2026-03-11T13:17:38","modified_gmt":"2026-03-11T12:17:38","slug":"table-de-chevet-table-dappoint","status":"publish","type":"product","link":"https:\/\/softicated.com\/de\/produit\/table-de-chevet-table-dappoint\/","title":{"rendered":"Designer-Nachttisch aus Holz"},"content":{"rendered":"<p class=\"p1\">Diese Kollektion wurde als erste von Cyril Rumpler, dem Gr\u00fcnder von Softicated, entworfen. Die Basis der Hey Hello Nachttische ist wie ein L\u00e4cheln gestaltet und symbolisiert Positivit\u00e4t in jeder Lebenslage. Mit einem klaren Design und weichen, geschwungenen Linien wollte Cyril die F\u00e4higkeit des Menschen zur Regeneration zum Ausdruck bringen \u2013 selbst in den schwierigsten Situationen.\n\nDie Kombination aus Holz und Fenix vermittelt ein modernes und veredeltes Gef\u00fchl von Sicherheit. Fenix ist ein \u00e4u\u00dferst widerstandsf\u00e4higes Material, das sich sehr leicht regeneriert und weder thermische Einwirkungen, Mikrokratzer noch Fingerabdr\u00fccke f\u00fcrchten muss.\n\nSie ist auch in einer Vollnussbaum-Version sowie in verschiedenen Ausf\u00fchrungen erh\u00e4ltlich.<\/p>","protected":false},"excerpt":{"rendered":"<p>Cette collection a \u00e9t\u00e9 la premi\u00e8re cr\u00e9\u00e9e par Cyril Rumpler, le cr\u00e9ateur de Softicated. La base des tables de chevet Hey Hello est con\u00e7ue comme un sourire, symbole de positivisme en toute circonstance. Avec un design \u00e9pur\u00e9 mais aux lignes courbes et douces, Cyril a voulu montrer le pouvoir de r\u00e9g\u00e9n\u00e9ration de l\u2019\u00eatre humain, m\u00eame [&hellip;]<\/p>","protected":false},"featured_media":12214,"comment_status":"closed","ping_status":"closed","template":"","meta":{"_acf_changed":false},"product_brand":[],"product_cat":[97],"product_tag":[],"collections":[34],"awards":[],"by_color":[],"class_list":{"0":"post-3676","1":"product","2":"type-product","3":"status-publish","4":"has-post-thumbnail","6":"product_cat-table","7":"collections-hey-hello","9":"first","10":"instock","11":"shipping-taxable","12":"product-type-simple"},"acf":[],"yoast_head":"<!-- This site is optimized with the Yoast SEO Premium plugin v25.7.1 (Yoast SEO v26.9) - https:\/\/yoast.com\/product\/yoast-seo-premium-wordpress\/ -->\n<title>Table de chevet en bois - Softicated<\/title>\n<meta name=\"description\" content=\"Cette ligne de consoles, tables d\u2019appoint et chevet a \u00e9t\u00e9 la premi\u00e8re cr\u00e9\u00e9e par Cyril Rumpler, le cr\u00e9ateur de Softicated.\" \/>\n<meta name=\"robots\" content=\"index, follow, max-snippet:-1, max-image-preview:large, max-video-preview:-1\" \/>\n<link rel=\"canonical\" href=\"https:\/\/softicated.com\/de\/produit\/table-de-chevet-table-dappoint\/\" \/>\n<meta property=\"og:locale\" content=\"de_DE\" \/>\n<meta property=\"og:type\" content=\"article\" \/>\n<meta property=\"og:title\" content=\"Table de chevet en bois\" \/>\n<meta property=\"og:description\" content=\"Cette ligne de consoles, tables d\u2019appoint et chevet a \u00e9t\u00e9 la premi\u00e8re cr\u00e9\u00e9e par Cyril Rumpler, le cr\u00e9ateur de Softicated.\" \/>\n<meta property=\"og:url\" content=\"https:\/\/softicated.com\/de\/produit\/table-de-chevet-table-dappoint\/\" \/>\n<meta property=\"og:site_name\" content=\"Softicated\" \/>\n<meta property=\"article:publisher\" content=\"https:\/\/www.facebook.com\/Softicated\" \/>\n<meta property=\"article:modified_time\" content=\"2026-03-11T12:17:38+00:00\" \/>\n<meta property=\"og:image\" content=\"https:\/\/softicated.com\/wp-content\/uploads\/2021\/03\/leaning_hey-hello_side-table_bedside_04.webp\" \/>\n\t<meta property=\"og:image:width\" content=\"1800\" \/>\n\t<meta property=\"og:image:height\" content=\"1800\" \/>\n\t<meta property=\"og:image:type\" content=\"image\/webp\" \/>\n<meta name=\"twitter:card\" content=\"summary_large_image\" \/>\n<script type=\"application\/ld+json\" class=\"yoast-schema-graph\">{\"@context\":\"https:\/\/schema.org\",\"@graph\":[{\"@type\":\"WebPage\",\"@id\":\"https:\/\/softicated.com\/produit\/table-de-chevet-table-dappoint\/\",\"url\":\"https:\/\/softicated.com\/produit\/table-de-chevet-table-dappoint\/\",\"name\":\"Table de chevet en bois - Softicated\",\"isPartOf\":{\"@id\":\"https:\/\/softicated.com\/#website\"},\"primaryImageOfPage\":{\"@id\":\"https:\/\/softicated.com\/produit\/table-de-chevet-table-dappoint\/#primaryimage\"},\"image\":{\"@id\":\"https:\/\/softicated.com\/produit\/table-de-chevet-table-dappoint\/#primaryimage\"},\"thumbnailUrl\":\"https:\/\/softicated.com\/wp-content\/uploads\/2021\/03\/leaning_hey-hello_side-table_bedside_04.webp\",\"datePublished\":\"2021-03-08T16:03:55+00:00\",\"dateModified\":\"2026-03-11T12:17:38+00:00\",\"description\":\"Cette ligne de consoles, tables d\u2019appoint et chevet a \u00e9t\u00e9 la premi\u00e8re cr\u00e9\u00e9e par Cyril Rumpler, le cr\u00e9ateur de Softicated.\",\"breadcrumb\":{\"@id\":\"https:\/\/softicated.com\/produit\/table-de-chevet-table-dappoint\/#breadcrumb\"},\"inLanguage\":\"de-CH\",\"potentialAction\":[{\"@type\":\"ReadAction\",\"target\":[\"https:\/\/softicated.com\/produit\/table-de-chevet-table-dappoint\/\"]}]},{\"@type\":\"ImageObject\",\"inLanguage\":\"de-CH\",\"@id\":\"https:\/\/softicated.com\/produit\/table-de-chevet-table-dappoint\/#primaryimage\",\"url\":\"https:\/\/softicated.com\/wp-content\/uploads\/2021\/03\/leaning_hey-hello_side-table_bedside_04.webp\",\"contentUrl\":\"https:\/\/softicated.com\/wp-content\/uploads\/2021\/03\/leaning_hey-hello_side-table_bedside_04.webp\",\"width\":1800,\"height\":1800,\"caption\":\"Table d'appoint\/Chevet\"},{\"@type\":\"BreadcrumbList\",\"@id\":\"https:\/\/softicated.com\/produit\/table-de-chevet-table-dappoint\/#breadcrumb\",\"itemListElement\":[{\"@type\":\"ListItem\",\"position\":1,\"name\":\"Accueil\",\"item\":\"https:\/\/softicated.com\/\"},{\"@type\":\"ListItem\",\"position\":2,\"name\":\"Produits Mobilier Premium Softicated\",\"item\":\"https:\/\/softicated.com\/produits\/\"},{\"@type\":\"ListItem\",\"position\":3,\"name\":\"Meuble de qualit\u00e9 Suisse\",\"item\":\"https:\/\/softicated.com\/categorie-produit\/meuble-design\/\"},{\"@type\":\"ListItem\",\"position\":4,\"name\":\"Table\",\"item\":\"https:\/\/softicated.com\/categorie-produit\/meuble-design\/table\/\"},{\"@type\":\"ListItem\",\"position\":5,\"name\":\"table de chevet en bois design\"}]},{\"@type\":\"WebSite\",\"@id\":\"https:\/\/softicated.com\/#website\",\"url\":\"https:\/\/softicated.com\/\",\"name\":\"Softicated\",\"description\":\"Cr\u00e9ateur de meubles, luminaires et tapis premium\",\"publisher\":{\"@id\":\"https:\/\/softicated.com\/#organization\"},\"potentialAction\":[{\"@type\":\"SearchAction\",\"target\":{\"@type\":\"EntryPoint\",\"urlTemplate\":\"https:\/\/softicated.com\/?s={search_term_string}\"},\"query-input\":{\"@type\":\"PropertyValueSpecification\",\"valueRequired\":true,\"valueName\":\"search_term_string\"}}],\"inLanguage\":\"de-CH\"},{\"@type\":\"Organization\",\"@id\":\"https:\/\/softicated.com\/#organization\",\"name\":\"Softicated\",\"url\":\"https:\/\/softicated.com\/\",\"logo\":{\"@type\":\"ImageObject\",\"inLanguage\":\"de-CH\",\"@id\":\"https:\/\/softicated.com\/#\/schema\/logo\/image\/\",\"url\":\"https:\/\/softicated.com\/wp-content\/uploads\/2025\/11\/logo-dark-2.svg\",\"contentUrl\":\"https:\/\/softicated.com\/wp-content\/uploads\/2025\/11\/logo-dark-2.svg\",\"caption\":\"Softicated\"},\"image\":{\"@id\":\"https:\/\/softicated.com\/#\/schema\/logo\/image\/\"},\"sameAs\":[\"https:\/\/www.facebook.com\/Softicated\",\"https:\/\/www.pinterest.com\/softicateddesign\",\"https:\/\/www.instagram.com\/softicated.design\"]}]}<\/script>\n<!-- \/ Yoast SEO Premium plugin. -->","yoast_head_json":{"title":"Designer-Nachttisch aus Holz - Softicated","description":"Cette ligne de consoles, tables d\u2019appoint et chevet a \u00e9t\u00e9 la premi\u00e8re cr\u00e9\u00e9e par Cyril Rumpler, le cr\u00e9ateur de Softicated.","robots":{"index":"index","follow":"follow","max-snippet":"max-snippet:-1","max-image-preview":"max-image-preview:large","max-video-preview":"max-video-preview:-1"},"canonical":"https:\/\/softicated.com\/de\/produit\/table-de-chevet-table-dappoint\/","og_locale":"de_DE","og_type":"article","og_title":"Table de chevet en bois","og_description":"Cette ligne de consoles, tables d\u2019appoint et chevet a \u00e9t\u00e9 la premi\u00e8re cr\u00e9\u00e9e par Cyril Rumpler, le cr\u00e9ateur de Softicated.","og_url":"https:\/\/softicated.com\/de\/produit\/table-de-chevet-table-dappoint\/","og_site_name":"Softicated","article_publisher":"https:\/\/www.facebook.com\/Softicated","article_modified_time":"2026-03-11T12:17:38+00:00","og_image":[{"width":1800,"height":1800,"url":"https:\/\/softicated.com\/wp-content\/uploads\/2021\/03\/leaning_hey-hello_side-table_bedside_04.webp","type":"image\/webp"}],"twitter_card":"summary_large_image","schema":{"@context":"https:\/\/schema.org","@graph":[{"@type":"WebPage","@id":"https:\/\/softicated.com\/produit\/table-de-chevet-table-dappoint\/","url":"https:\/\/softicated.com\/produit\/table-de-chevet-table-dappoint\/","name":"Designer-Nachttisch aus Holz - Softicated","isPartOf":{"@id":"https:\/\/softicated.com\/#website"},"primaryImageOfPage":{"@id":"https:\/\/softicated.com\/produit\/table-de-chevet-table-dappoint\/#primaryimage"},"image":{"@id":"https:\/\/softicated.com\/produit\/table-de-chevet-table-dappoint\/#primaryimage"},"thumbnailUrl":"https:\/\/softicated.com\/wp-content\/uploads\/2021\/03\/leaning_hey-hello_side-table_bedside_04.webp","datePublished":"2021-03-08T16:03:55+00:00","dateModified":"2026-03-11T12:17:38+00:00","description":"Cette ligne de consoles, tables d\u2019appoint et chevet a \u00e9t\u00e9 la premi\u00e8re cr\u00e9\u00e9e par Cyril Rumpler, le cr\u00e9ateur de Softicated.","breadcrumb":{"@id":"https:\/\/softicated.com\/produit\/table-de-chevet-table-dappoint\/#breadcrumb"},"inLanguage":"de-CH","potentialAction":[{"@type":"ReadAction","target":["https:\/\/softicated.com\/produit\/table-de-chevet-table-dappoint\/"]}]},{"@type":"ImageObject","inLanguage":"de-CH","@id":"https:\/\/softicated.com\/produit\/table-de-chevet-table-dappoint\/#primaryimage","url":"https:\/\/softicated.com\/wp-content\/uploads\/2021\/03\/leaning_hey-hello_side-table_bedside_04.webp","contentUrl":"https:\/\/softicated.com\/wp-content\/uploads\/2021\/03\/leaning_hey-hello_side-table_bedside_04.webp","width":1800,"height":1800,"caption":"Table d'appoint\/Chevet"},{"@type":"BreadcrumbList","@id":"https:\/\/softicated.com\/produit\/table-de-chevet-table-dappoint\/#breadcrumb","itemListElement":[{"@type":"ListItem","position":1,"name":"Accueil","item":"https:\/\/softicated.com\/"},{"@type":"ListItem","position":2,"name":"Produits Mobilier Premium Softicated","item":"https:\/\/softicated.com\/produits\/"},{"@type":"ListItem","position":3,"name":"Meuble de qualit\u00e9 Suisse","item":"https:\/\/softicated.com\/categorie-produit\/meuble-design\/"},{"@type":"ListItem","position":4,"name":"Table","item":"https:\/\/softicated.com\/categorie-produit\/meuble-design\/table\/"},{"@type":"ListItem","position":5,"name":"table de chevet en bois design"}]},{"@type":"WebSite","@id":"https:\/\/softicated.com\/#website","url":"https:\/\/softicated.com\/","name":"Softicated","description":"Sch\u00f6pfer hochwertiger M\u00f6bel, Leuchten und Teppiche","publisher":{"@id":"https:\/\/softicated.com\/#organization"},"potentialAction":[{"@type":"SearchAction","target":{"@type":"EntryPoint","urlTemplate":"https:\/\/softicated.com\/?s={search_term_string}"},"query-input":{"@type":"PropertyValueSpecification","valueRequired":true,"valueName":"search_term_string"}}],"inLanguage":"de-CH"},{"@type":"Organization","@id":"https:\/\/softicated.com\/#organization","name":"Softicated","url":"https:\/\/softicated.com\/","logo":{"@type":"ImageObject","inLanguage":"de-CH","@id":"https:\/\/softicated.com\/#\/schema\/logo\/image\/","url":"https:\/\/softicated.com\/wp-content\/uploads\/2025\/11\/logo-dark-2.svg","contentUrl":"https:\/\/softicated.com\/wp-content\/uploads\/2025\/11\/logo-dark-2.svg","caption":"Softicated"},"image":{"@id":"https:\/\/softicated.com\/#\/schema\/logo\/image\/"},"sameAs":["https:\/\/www.facebook.com\/Softicated","https:\/\/www.pinterest.com\/softicateddesign","https:\/\/www.instagram.com\/softicated.design"]}]}},"_links":{"self":[{"href":"https:\/\/softicated.com\/de\/wp-json\/wp\/v2\/product\/3676","targetHints":{"allow":["GET"]}}],"collection":[{"href":"https:\/\/softicated.com\/de\/wp-json\/wp\/v2\/product"}],"about":[{"href":"https:\/\/softicated.com\/de\/wp-json\/wp\/v2\/types\/product"}],"replies":[{"embeddable":true,"href":"https:\/\/softicated.com\/de\/wp-json\/wp\/v2\/comments?post=3676"}],"wp:featuredmedia":[{"embeddable":true,"href":"https:\/\/softicated.com\/de\/wp-json\/wp\/v2\/media\/12214"}],"wp:attachment":[{"href":"https:\/\/softicated.com\/de\/wp-json\/wp\/v2\/media?parent=3676"}],"wp:term":[{"taxonomy":"product_brand","embeddable":true,"href":"https:\/\/softicated.com\/de\/wp-json\/wp\/v2\/product_brand?post=3676"},{"taxonomy":"product_cat","embeddable":true,"href":"https:\/\/softicated.com\/de\/wp-json\/wp\/v2\/product_cat?post=3676"},{"taxonomy":"product_tag","embeddable":true,"href":"https:\/\/softicated.com\/de\/wp-json\/wp\/v2\/product_tag?post=3676"},{"taxonomy":"collections","embeddable":true,"href":"https:\/\/softicated.com\/de\/wp-json\/wp\/v2\/collections?post=3676"},{"taxonomy":"awards","embeddable":true,"href":"https:\/\/softicated.com\/de\/wp-json\/wp\/v2\/awards?post=3676"},{"taxonomy":"by_color","embeddable":true,"href":"https:\/\/softicated.com\/de\/wp-json\/wp\/v2\/by_color?post=3676"}],"curies":[{"name":"wp","href":"https:\/\/api.w.org\/{rel}","templated":true}]}}