{"id":3663,"date":"2021-03-08T17:02:55","date_gmt":"2021-03-08T16:02:55","guid":{"rendered":"https:\/\/softicated.com\/?post_type=product&#038;p=3663"},"modified":"2026-03-11T13:03:30","modified_gmt":"2026-03-11T12:03:30","slug":"bureau","status":"publish","type":"product","link":"https:\/\/softicated.com\/de\/produit\/bureau\/","title":{"rendered":"Design-Schreibtisch"},"content":{"rendered":"<p class=\"p1\">Die Schreibtische und Konsolen der Gustav-Kollektion erinnern an fantastische Tiere, perfekte K\u00f6rper auf endlosen Beinen. Die F\u00fc\u00dfe \u00e4hneln denen eines Springbocks und haben nat\u00fcrliche Unregelm\u00e4\u00dfigkeiten, die ihnen eine einzigartige Note verleihen. Die F\u00fc\u00dfe und die vermaschten Seiten der Walnuss-Platten bestehen aus Stahl oder Messing und sind sorgf\u00e4ltig von Hand gefertigt und verschwei\u00dft. Jeder Schreibtisch und jede Konsole wurde als einzigartiges Kunstwerk geschaffen, das in jedem Raum des Hauses ausgestellt werden kann. Sie sind in verschiedenen Gr\u00f6\u00dfen und Materialien erh\u00e4ltlich.<\/p>","protected":false},"excerpt":{"rendered":"<p>Lorsqu\u2019on regarde les bureaux et consoles de la ligne Gustav, on a l\u2019impression de voir des animaux aux corps parfaits et aux jambes interminables. Les pieds dessin\u00e9s comme des pattes de Springbox avec ces irr\u00e9gularit\u00e9s qui leur donnent un caract\u00e8re unique. En acier ou laiton, les pieds et le retour sur le plateau en noyer [&hellip;]<\/p>","protected":false},"featured_media":12139,"comment_status":"closed","ping_status":"closed","template":"","meta":{"_acf_changed":false},"product_brand":[],"product_cat":[100],"product_tag":[],"collections":[33],"awards":[],"by_color":[],"class_list":{"0":"post-3663","1":"product","2":"type-product","3":"status-publish","4":"has-post-thumbnail","6":"product_cat-bureau","7":"collections-gustav","9":"first","10":"instock","11":"featured","12":"shipping-taxable","13":"product-type-simple"},"acf":[],"yoast_head":"<!-- This site is optimized with the Yoast SEO Premium plugin v25.7.1 (Yoast SEO v26.9) - https:\/\/yoast.com\/product\/yoast-seo-premium-wordpress\/ -->\n<title>Bureau design - Softicated<\/title>\n<meta name=\"description\" content=\"Le mobilier de cette collection Gustav a \u00e9t\u00e9 d\u00e9licatement con\u00e7u par Cyril Rumpler puis construit par des artisans Europ\u00e9ens.\" \/>\n<meta name=\"robots\" content=\"index, follow, max-snippet:-1, max-image-preview:large, max-video-preview:-1\" \/>\n<link rel=\"canonical\" href=\"https:\/\/softicated.com\/de\/produit\/bureau\/\" \/>\n<meta property=\"og:locale\" content=\"de_DE\" \/>\n<meta property=\"og:type\" content=\"article\" \/>\n<meta property=\"og:title\" content=\"Bureau design\" \/>\n<meta property=\"og:description\" content=\"Le mobilier de cette collection Gustav a \u00e9t\u00e9 d\u00e9licatement con\u00e7u par Cyril Rumpler puis construit par des artisans Europ\u00e9ens.\" \/>\n<meta property=\"og:url\" content=\"https:\/\/softicated.com\/de\/produit\/bureau\/\" \/>\n<meta property=\"og:site_name\" content=\"Softicated\" \/>\n<meta property=\"article:publisher\" content=\"https:\/\/www.facebook.com\/Softicated\" \/>\n<meta property=\"article:modified_time\" content=\"2026-03-11T12:03:30+00:00\" \/>\n<meta property=\"og:image\" content=\"https:\/\/softicated.com\/wp-content\/uploads\/2021\/03\/leaning_hey-hello_console_04-2-1.webp\" \/>\n\t<meta property=\"og:image:width\" content=\"1700\" \/>\n\t<meta property=\"og:image:height\" content=\"1700\" \/>\n\t<meta property=\"og:image:type\" content=\"image\/webp\" \/>\n<meta name=\"twitter:card\" content=\"summary_large_image\" \/>\n<script type=\"application\/ld+json\" class=\"yoast-schema-graph\">{\"@context\":\"https:\/\/schema.org\",\"@graph\":[{\"@type\":\"WebPage\",\"@id\":\"https:\/\/softicated.com\/produit\/bureau\/\",\"url\":\"https:\/\/softicated.com\/produit\/bureau\/\",\"name\":\"Bureau design - Softicated\",\"isPartOf\":{\"@id\":\"https:\/\/softicated.com\/#website\"},\"primaryImageOfPage\":{\"@id\":\"https:\/\/softicated.com\/produit\/bureau\/#primaryimage\"},\"image\":{\"@id\":\"https:\/\/softicated.com\/produit\/bureau\/#primaryimage\"},\"thumbnailUrl\":\"https:\/\/softicated.com\/wp-content\/uploads\/2021\/03\/leaning_hey-hello_console_04-2-1.webp\",\"datePublished\":\"2021-03-08T16:02:55+00:00\",\"dateModified\":\"2026-03-11T12:03:30+00:00\",\"description\":\"Le mobilier de cette collection Gustav a \u00e9t\u00e9 d\u00e9licatement con\u00e7u par Cyril Rumpler puis construit par des artisans Europ\u00e9ens.\",\"breadcrumb\":{\"@id\":\"https:\/\/softicated.com\/produit\/bureau\/#breadcrumb\"},\"inLanguage\":\"de-CH\",\"potentialAction\":[{\"@type\":\"ReadAction\",\"target\":[\"https:\/\/softicated.com\/produit\/bureau\/\"]}]},{\"@type\":\"ImageObject\",\"inLanguage\":\"de-CH\",\"@id\":\"https:\/\/softicated.com\/produit\/bureau\/#primaryimage\",\"url\":\"https:\/\/softicated.com\/wp-content\/uploads\/2021\/03\/leaning_hey-hello_console_04-2-1.webp\",\"contentUrl\":\"https:\/\/softicated.com\/wp-content\/uploads\/2021\/03\/leaning_hey-hello_console_04-2-1.webp\",\"width\":1700,\"height\":1700,\"caption\":\"Bureau\"},{\"@type\":\"BreadcrumbList\",\"@id\":\"https:\/\/softicated.com\/produit\/bureau\/#breadcrumb\",\"itemListElement\":[{\"@type\":\"ListItem\",\"position\":1,\"name\":\"Accueil\",\"item\":\"https:\/\/softicated.com\/\"},{\"@type\":\"ListItem\",\"position\":2,\"name\":\"Produits Mobilier Premium Softicated\",\"item\":\"https:\/\/softicated.com\/produits\/\"},{\"@type\":\"ListItem\",\"position\":3,\"name\":\"Meuble de qualit\u00e9 Suisse\",\"item\":\"https:\/\/softicated.com\/categorie-produit\/meuble-design\/\"},{\"@type\":\"ListItem\",\"position\":4,\"name\":\"bureau design\",\"item\":\"https:\/\/softicated.com\/categorie-produit\/meuble-design\/bureau\/\"},{\"@type\":\"ListItem\",\"position\":5,\"name\":\"Bureau design Gustav\"}]},{\"@type\":\"WebSite\",\"@id\":\"https:\/\/softicated.com\/#website\",\"url\":\"https:\/\/softicated.com\/\",\"name\":\"Softicated\",\"description\":\"Cr\u00e9ateur de meubles, luminaires et tapis premium\",\"publisher\":{\"@id\":\"https:\/\/softicated.com\/#organization\"},\"potentialAction\":[{\"@type\":\"SearchAction\",\"target\":{\"@type\":\"EntryPoint\",\"urlTemplate\":\"https:\/\/softicated.com\/?s={search_term_string}\"},\"query-input\":{\"@type\":\"PropertyValueSpecification\",\"valueRequired\":true,\"valueName\":\"search_term_string\"}}],\"inLanguage\":\"de-CH\"},{\"@type\":\"Organization\",\"@id\":\"https:\/\/softicated.com\/#organization\",\"name\":\"Softicated\",\"url\":\"https:\/\/softicated.com\/\",\"logo\":{\"@type\":\"ImageObject\",\"inLanguage\":\"de-CH\",\"@id\":\"https:\/\/softicated.com\/#\/schema\/logo\/image\/\",\"url\":\"https:\/\/softicated.com\/wp-content\/uploads\/2025\/11\/logo-dark-2.svg\",\"contentUrl\":\"https:\/\/softicated.com\/wp-content\/uploads\/2025\/11\/logo-dark-2.svg\",\"caption\":\"Softicated\"},\"image\":{\"@id\":\"https:\/\/softicated.com\/#\/schema\/logo\/image\/\"},\"sameAs\":[\"https:\/\/www.facebook.com\/Softicated\",\"https:\/\/www.pinterest.com\/softicateddesign\",\"https:\/\/www.instagram.com\/softicated.design\"]}]}<\/script>\n<!-- \/ Yoast SEO Premium plugin. -->","yoast_head_json":{"title":"Design-Schreibtisch - Softicated","description":"Die M\u00f6bel dieser Gustav-Kollektion wurden sorgf\u00e4ltig von Cyril Rumpler entworfen und dann von europ\u00e4ischen Handwerkern gebaut.","robots":{"index":"index","follow":"follow","max-snippet":"max-snippet:-1","max-image-preview":"max-image-preview:large","max-video-preview":"max-video-preview:-1"},"canonical":"https:\/\/softicated.com\/de\/produit\/bureau\/","og_locale":"de_DE","og_type":"article","og_title":"Bureau design","og_description":"Le mobilier de cette collection Gustav a \u00e9t\u00e9 d\u00e9licatement con\u00e7u par Cyril Rumpler puis construit par des artisans Europ\u00e9ens.","og_url":"https:\/\/softicated.com\/de\/produit\/bureau\/","og_site_name":"Softicated","article_publisher":"https:\/\/www.facebook.com\/Softicated","article_modified_time":"2026-03-11T12:03:30+00:00","og_image":[{"width":1700,"height":1700,"url":"https:\/\/softicated.com\/wp-content\/uploads\/2021\/03\/leaning_hey-hello_console_04-2-1.webp","type":"image\/webp"}],"twitter_card":"summary_large_image","schema":{"@context":"https:\/\/schema.org","@graph":[{"@type":"WebPage","@id":"https:\/\/softicated.com\/produit\/bureau\/","url":"https:\/\/softicated.com\/produit\/bureau\/","name":"Design-Schreibtisch - Softicated","isPartOf":{"@id":"https:\/\/softicated.com\/#website"},"primaryImageOfPage":{"@id":"https:\/\/softicated.com\/produit\/bureau\/#primaryimage"},"image":{"@id":"https:\/\/softicated.com\/produit\/bureau\/#primaryimage"},"thumbnailUrl":"https:\/\/softicated.com\/wp-content\/uploads\/2021\/03\/leaning_hey-hello_console_04-2-1.webp","datePublished":"2021-03-08T16:02:55+00:00","dateModified":"2026-03-11T12:03:30+00:00","description":"Die M\u00f6bel dieser Gustav-Kollektion wurden sorgf\u00e4ltig von Cyril Rumpler entworfen und dann von europ\u00e4ischen Handwerkern gebaut.","breadcrumb":{"@id":"https:\/\/softicated.com\/produit\/bureau\/#breadcrumb"},"inLanguage":"de-CH","potentialAction":[{"@type":"ReadAction","target":["https:\/\/softicated.com\/produit\/bureau\/"]}]},{"@type":"ImageObject","inLanguage":"de-CH","@id":"https:\/\/softicated.com\/produit\/bureau\/#primaryimage","url":"https:\/\/softicated.com\/wp-content\/uploads\/2021\/03\/leaning_hey-hello_console_04-2-1.webp","contentUrl":"https:\/\/softicated.com\/wp-content\/uploads\/2021\/03\/leaning_hey-hello_console_04-2-1.webp","width":1700,"height":1700,"caption":"Bureau"},{"@type":"BreadcrumbList","@id":"https:\/\/softicated.com\/produit\/bureau\/#breadcrumb","itemListElement":[{"@type":"ListItem","position":1,"name":"Accueil","item":"https:\/\/softicated.com\/"},{"@type":"ListItem","position":2,"name":"Produits Mobilier Premium Softicated","item":"https:\/\/softicated.com\/produits\/"},{"@type":"ListItem","position":3,"name":"Meuble de qualit\u00e9 Suisse","item":"https:\/\/softicated.com\/categorie-produit\/meuble-design\/"},{"@type":"ListItem","position":4,"name":"bureau design","item":"https:\/\/softicated.com\/categorie-produit\/meuble-design\/bureau\/"},{"@type":"ListItem","position":5,"name":"Bureau design Gustav"}]},{"@type":"WebSite","@id":"https:\/\/softicated.com\/#website","url":"https:\/\/softicated.com\/","name":"Softicated","description":"Sch\u00f6pfer hochwertiger M\u00f6bel, Leuchten und Teppiche","publisher":{"@id":"https:\/\/softicated.com\/#organization"},"potentialAction":[{"@type":"SearchAction","target":{"@type":"EntryPoint","urlTemplate":"https:\/\/softicated.com\/?s={search_term_string}"},"query-input":{"@type":"PropertyValueSpecification","valueRequired":true,"valueName":"search_term_string"}}],"inLanguage":"de-CH"},{"@type":"Organization","@id":"https:\/\/softicated.com\/#organization","name":"Softicated","url":"https:\/\/softicated.com\/","logo":{"@type":"ImageObject","inLanguage":"de-CH","@id":"https:\/\/softicated.com\/#\/schema\/logo\/image\/","url":"https:\/\/softicated.com\/wp-content\/uploads\/2025\/11\/logo-dark-2.svg","contentUrl":"https:\/\/softicated.com\/wp-content\/uploads\/2025\/11\/logo-dark-2.svg","caption":"Softicated"},"image":{"@id":"https:\/\/softicated.com\/#\/schema\/logo\/image\/"},"sameAs":["https:\/\/www.facebook.com\/Softicated","https:\/\/www.pinterest.com\/softicateddesign","https:\/\/www.instagram.com\/softicated.design"]}]}},"_links":{"self":[{"href":"https:\/\/softicated.com\/de\/wp-json\/wp\/v2\/product\/3663","targetHints":{"allow":["GET"]}}],"collection":[{"href":"https:\/\/softicated.com\/de\/wp-json\/wp\/v2\/product"}],"about":[{"href":"https:\/\/softicated.com\/de\/wp-json\/wp\/v2\/types\/product"}],"replies":[{"embeddable":true,"href":"https:\/\/softicated.com\/de\/wp-json\/wp\/v2\/comments?post=3663"}],"wp:featuredmedia":[{"embeddable":true,"href":"https:\/\/softicated.com\/de\/wp-json\/wp\/v2\/media\/12139"}],"wp:attachment":[{"href":"https:\/\/softicated.com\/de\/wp-json\/wp\/v2\/media?parent=3663"}],"wp:term":[{"taxonomy":"product_brand","embeddable":true,"href":"https:\/\/softicated.com\/de\/wp-json\/wp\/v2\/product_brand?post=3663"},{"taxonomy":"product_cat","embeddable":true,"href":"https:\/\/softicated.com\/de\/wp-json\/wp\/v2\/product_cat?post=3663"},{"taxonomy":"product_tag","embeddable":true,"href":"https:\/\/softicated.com\/de\/wp-json\/wp\/v2\/product_tag?post=3663"},{"taxonomy":"collections","embeddable":true,"href":"https:\/\/softicated.com\/de\/wp-json\/wp\/v2\/collections?post=3663"},{"taxonomy":"awards","embeddable":true,"href":"https:\/\/softicated.com\/de\/wp-json\/wp\/v2\/awards?post=3663"},{"taxonomy":"by_color","embeddable":true,"href":"https:\/\/softicated.com\/de\/wp-json\/wp\/v2\/by_color?post=3663"}],"curies":[{"name":"wp","href":"https:\/\/api.w.org\/{rel}","templated":true}]}}