{"id":2673,"date":"2021-03-02T17:26:48","date_gmt":"2021-03-02T16:26:48","guid":{"rendered":"https:\/\/softicated.com\/?post_type=product&#038;p=2673"},"modified":"2026-03-11T13:27:53","modified_gmt":"2026-03-11T12:27:53","slug":"fauteuil-saddlebags","status":"publish","type":"product","link":"https:\/\/softicated.com\/de\/produit\/fauteuil-saddlebags\/","title":{"rendered":"Designersessel"},"content":{"rendered":"<p class=\"p1 translation-block\">Diese bequeme und elegante Sofalinie birgt viele verborgene Geheimnisse. Die Armlehnen sind mit F\u00e4chern aus Walnussholz oder Satteltaschen versehen, die nicht nur das ordentliche Verstauen aller herumliegenden Gegenst\u00e4nde erm\u00f6glichen, sondern Ihrem Raum auch eine gem\u00fctliche und behagliche Atmosph\u00e4re verleihen. Die Inspiration hier ist zweifach: Erstens kommt sie von der sch\u00fctzenden Qualit\u00e4t der Natur \u2013 die Satteltaschen ahmen die Selbstverteidigungsstrategie von Fr\u00f6schen nach, bei der sie ihren Brustkorb aufblasen. Zweitens ist sie von der eleganten und praktischen Funktion der Satteltaschen von Kavalieren inspiriert. Diese Sofalinie ist in verschiedenen Farben, Materialien und raffinierten Ausf\u00fchrungen (f\u00fcr Sitzfl\u00e4che, Schr\u00e4nke, F\u00fc\u00dfe und Griffe) erh\u00e4ltlich.<\/p>","protected":false},"excerpt":{"rendered":"<p>Litt\u00e9ralement sacoche en fran\u00e7ais, cette ligne de canap\u00e9s confortables et \u00e9l\u00e9gants promet des secrets bien cach\u00e9s. Puisque chaque accoudoir est doubl\u00e9 d\u2019un compartiment en noyer qui permet non seulement de ranger tout ce qui tra\u00eene d\u2019une mani\u00e8re esth\u00e9tique mais surtout de donner un aspect joufflu et cocooning unique. L\u2019inspiration est double : d\u2019abord et surtout, [&hellip;]<\/p>","protected":false},"featured_media":12114,"comment_status":"closed","ping_status":"closed","template":"","meta":{"_acf_changed":false},"product_brand":[],"product_cat":[102],"product_tag":[],"collections":[35],"awards":[],"by_color":[],"class_list":{"0":"post-2673","1":"product","2":"type-product","3":"status-publish","4":"has-post-thumbnail","6":"product_cat-fauteuil","7":"collections-saddlebags","9":"first","10":"instock","11":"shipping-taxable","12":"product-type-simple"},"acf":[],"yoast_head":"<!-- This site is optimized with the Yoast SEO Premium plugin v25.7.1 (Yoast SEO v26.9) - https:\/\/yoast.com\/product\/yoast-seo-premium-wordpress\/ -->\n<title>Fauteuil - Softicated<\/title>\n<meta name=\"description\" content=\"Litt\u00e9ralement sacoche en fran\u00e7ais, cette ligne de canap\u00e9s confortables et \u00e9l\u00e9gants promet des secrets bien cach\u00e9s. Sign\u00e9 Softicated.\" \/>\n<meta name=\"robots\" content=\"index, follow, max-snippet:-1, max-image-preview:large, max-video-preview:-1\" \/>\n<link rel=\"canonical\" href=\"https:\/\/softicated.com\/de\/produit\/fauteuil-saddlebags\/\" \/>\n<meta property=\"og:locale\" content=\"de_DE\" \/>\n<meta property=\"og:type\" content=\"article\" \/>\n<meta property=\"og:title\" content=\"Fauteuil\" \/>\n<meta property=\"og:description\" content=\"Litt\u00e9ralement sacoche en fran\u00e7ais, cette ligne de canap\u00e9s confortables et \u00e9l\u00e9gants promet des secrets bien cach\u00e9s. Sign\u00e9 Softicated.\" \/>\n<meta property=\"og:url\" content=\"https:\/\/softicated.com\/de\/produit\/fauteuil-saddlebags\/\" \/>\n<meta property=\"og:site_name\" content=\"Softicated\" \/>\n<meta property=\"article:publisher\" content=\"https:\/\/www.facebook.com\/Softicated\" \/>\n<meta property=\"article:modified_time\" content=\"2026-03-11T12:27:53+00:00\" \/>\n<meta property=\"og:image\" content=\"https:\/\/softicated.com\/wp-content\/uploads\/2021\/03\/seating_saddlebags_armchair_03-1.webp\" \/>\n\t<meta property=\"og:image:width\" content=\"1800\" \/>\n\t<meta property=\"og:image:height\" content=\"1800\" \/>\n\t<meta property=\"og:image:type\" content=\"image\/webp\" \/>\n<meta name=\"twitter:card\" content=\"summary_large_image\" \/>\n<script type=\"application\/ld+json\" class=\"yoast-schema-graph\">{\"@context\":\"https:\/\/schema.org\",\"@graph\":[{\"@type\":\"WebPage\",\"@id\":\"https:\/\/softicated.com\/produit\/fauteuil-saddlebags\/\",\"url\":\"https:\/\/softicated.com\/produit\/fauteuil-saddlebags\/\",\"name\":\"Fauteuil - Softicated\",\"isPartOf\":{\"@id\":\"https:\/\/softicated.com\/#website\"},\"primaryImageOfPage\":{\"@id\":\"https:\/\/softicated.com\/produit\/fauteuil-saddlebags\/#primaryimage\"},\"image\":{\"@id\":\"https:\/\/softicated.com\/produit\/fauteuil-saddlebags\/#primaryimage\"},\"thumbnailUrl\":\"https:\/\/softicated.com\/wp-content\/uploads\/2021\/03\/seating_saddlebags_armchair_03-1.webp\",\"datePublished\":\"2021-03-02T16:26:48+00:00\",\"dateModified\":\"2026-03-11T12:27:53+00:00\",\"description\":\"Litt\u00e9ralement sacoche en fran\u00e7ais, cette ligne de canap\u00e9s confortables et \u00e9l\u00e9gants promet des secrets bien cach\u00e9s. Sign\u00e9 Softicated.\",\"breadcrumb\":{\"@id\":\"https:\/\/softicated.com\/produit\/fauteuil-saddlebags\/#breadcrumb\"},\"inLanguage\":\"de-CH\",\"potentialAction\":[{\"@type\":\"ReadAction\",\"target\":[\"https:\/\/softicated.com\/produit\/fauteuil-saddlebags\/\"]}]},{\"@type\":\"ImageObject\",\"inLanguage\":\"de-CH\",\"@id\":\"https:\/\/softicated.com\/produit\/fauteuil-saddlebags\/#primaryimage\",\"url\":\"https:\/\/softicated.com\/wp-content\/uploads\/2021\/03\/seating_saddlebags_armchair_03-1.webp\",\"contentUrl\":\"https:\/\/softicated.com\/wp-content\/uploads\/2021\/03\/seating_saddlebags_armchair_03-1.webp\",\"width\":1800,\"height\":1800,\"caption\":\"Fauteuil\"},{\"@type\":\"BreadcrumbList\",\"@id\":\"https:\/\/softicated.com\/produit\/fauteuil-saddlebags\/#breadcrumb\",\"itemListElement\":[{\"@type\":\"ListItem\",\"position\":1,\"name\":\"Accueil\",\"item\":\"https:\/\/softicated.com\/\"},{\"@type\":\"ListItem\",\"position\":2,\"name\":\"Produits Mobilier Premium Softicated\",\"item\":\"https:\/\/softicated.com\/produits\/\"},{\"@type\":\"ListItem\",\"position\":3,\"name\":\"Assise design\",\"item\":\"https:\/\/softicated.com\/categorie-produit\/assises\/\"},{\"@type\":\"ListItem\",\"position\":4,\"name\":\"Fauteuil design\",\"item\":\"https:\/\/softicated.com\/categorie-produit\/assises\/fauteuil\/\"},{\"@type\":\"ListItem\",\"position\":5,\"name\":\"Fauteuil design saddlebags\"}]},{\"@type\":\"WebSite\",\"@id\":\"https:\/\/softicated.com\/#website\",\"url\":\"https:\/\/softicated.com\/\",\"name\":\"Softicated\",\"description\":\"Cr\u00e9ateur de meubles, luminaires et tapis premium\",\"publisher\":{\"@id\":\"https:\/\/softicated.com\/#organization\"},\"potentialAction\":[{\"@type\":\"SearchAction\",\"target\":{\"@type\":\"EntryPoint\",\"urlTemplate\":\"https:\/\/softicated.com\/?s={search_term_string}\"},\"query-input\":{\"@type\":\"PropertyValueSpecification\",\"valueRequired\":true,\"valueName\":\"search_term_string\"}}],\"inLanguage\":\"de-CH\"},{\"@type\":\"Organization\",\"@id\":\"https:\/\/softicated.com\/#organization\",\"name\":\"Softicated\",\"url\":\"https:\/\/softicated.com\/\",\"logo\":{\"@type\":\"ImageObject\",\"inLanguage\":\"de-CH\",\"@id\":\"https:\/\/softicated.com\/#\/schema\/logo\/image\/\",\"url\":\"https:\/\/softicated.com\/wp-content\/uploads\/2025\/11\/logo-dark-2.svg\",\"contentUrl\":\"https:\/\/softicated.com\/wp-content\/uploads\/2025\/11\/logo-dark-2.svg\",\"caption\":\"Softicated\"},\"image\":{\"@id\":\"https:\/\/softicated.com\/#\/schema\/logo\/image\/\"},\"sameAs\":[\"https:\/\/www.facebook.com\/Softicated\",\"https:\/\/www.pinterest.com\/softicateddesign\",\"https:\/\/www.instagram.com\/softicated.design\"]}]}<\/script>\n<!-- \/ Yoast SEO Premium plugin. -->","yoast_head_json":{"title":"Designersessel - Softicated","description":"Litt\u00e9ralement sacoche en fran\u00e7ais, cette ligne de canap\u00e9s confortables et \u00e9l\u00e9gants promet des secrets bien cach\u00e9s. Sign\u00e9 Softicated.","robots":{"index":"index","follow":"follow","max-snippet":"max-snippet:-1","max-image-preview":"max-image-preview:large","max-video-preview":"max-video-preview:-1"},"canonical":"https:\/\/softicated.com\/de\/produit\/fauteuil-saddlebags\/","og_locale":"de_DE","og_type":"article","og_title":"Fauteuil","og_description":"Litt\u00e9ralement sacoche en fran\u00e7ais, cette ligne de canap\u00e9s confortables et \u00e9l\u00e9gants promet des secrets bien cach\u00e9s. Sign\u00e9 Softicated.","og_url":"https:\/\/softicated.com\/de\/produit\/fauteuil-saddlebags\/","og_site_name":"Softicated","article_publisher":"https:\/\/www.facebook.com\/Softicated","article_modified_time":"2026-03-11T12:27:53+00:00","og_image":[{"width":1800,"height":1800,"url":"https:\/\/softicated.com\/wp-content\/uploads\/2021\/03\/seating_saddlebags_armchair_03-1.webp","type":"image\/webp"}],"twitter_card":"summary_large_image","schema":{"@context":"https:\/\/schema.org","@graph":[{"@type":"WebPage","@id":"https:\/\/softicated.com\/produit\/fauteuil-saddlebags\/","url":"https:\/\/softicated.com\/produit\/fauteuil-saddlebags\/","name":"Designersessel - Softicated","isPartOf":{"@id":"https:\/\/softicated.com\/#website"},"primaryImageOfPage":{"@id":"https:\/\/softicated.com\/produit\/fauteuil-saddlebags\/#primaryimage"},"image":{"@id":"https:\/\/softicated.com\/produit\/fauteuil-saddlebags\/#primaryimage"},"thumbnailUrl":"https:\/\/softicated.com\/wp-content\/uploads\/2021\/03\/seating_saddlebags_armchair_03-1.webp","datePublished":"2021-03-02T16:26:48+00:00","dateModified":"2026-03-11T12:27:53+00:00","description":"Litt\u00e9ralement sacoche en fran\u00e7ais, cette ligne de canap\u00e9s confortables et \u00e9l\u00e9gants promet des secrets bien cach\u00e9s. Sign\u00e9 Softicated.","breadcrumb":{"@id":"https:\/\/softicated.com\/produit\/fauteuil-saddlebags\/#breadcrumb"},"inLanguage":"de-CH","potentialAction":[{"@type":"ReadAction","target":["https:\/\/softicated.com\/produit\/fauteuil-saddlebags\/"]}]},{"@type":"ImageObject","inLanguage":"de-CH","@id":"https:\/\/softicated.com\/produit\/fauteuil-saddlebags\/#primaryimage","url":"https:\/\/softicated.com\/wp-content\/uploads\/2021\/03\/seating_saddlebags_armchair_03-1.webp","contentUrl":"https:\/\/softicated.com\/wp-content\/uploads\/2021\/03\/seating_saddlebags_armchair_03-1.webp","width":1800,"height":1800,"caption":"Fauteuil"},{"@type":"BreadcrumbList","@id":"https:\/\/softicated.com\/produit\/fauteuil-saddlebags\/#breadcrumb","itemListElement":[{"@type":"ListItem","position":1,"name":"Accueil","item":"https:\/\/softicated.com\/"},{"@type":"ListItem","position":2,"name":"Produits Mobilier Premium Softicated","item":"https:\/\/softicated.com\/produits\/"},{"@type":"ListItem","position":3,"name":"Assise design","item":"https:\/\/softicated.com\/categorie-produit\/assises\/"},{"@type":"ListItem","position":4,"name":"Fauteuil design","item":"https:\/\/softicated.com\/categorie-produit\/assises\/fauteuil\/"},{"@type":"ListItem","position":5,"name":"Fauteuil design saddlebags"}]},{"@type":"WebSite","@id":"https:\/\/softicated.com\/#website","url":"https:\/\/softicated.com\/","name":"Softicated","description":"Sch\u00f6pfer hochwertiger M\u00f6bel, Leuchten und Teppiche","publisher":{"@id":"https:\/\/softicated.com\/#organization"},"potentialAction":[{"@type":"SearchAction","target":{"@type":"EntryPoint","urlTemplate":"https:\/\/softicated.com\/?s={search_term_string}"},"query-input":{"@type":"PropertyValueSpecification","valueRequired":true,"valueName":"search_term_string"}}],"inLanguage":"de-CH"},{"@type":"Organization","@id":"https:\/\/softicated.com\/#organization","name":"Softicated","url":"https:\/\/softicated.com\/","logo":{"@type":"ImageObject","inLanguage":"de-CH","@id":"https:\/\/softicated.com\/#\/schema\/logo\/image\/","url":"https:\/\/softicated.com\/wp-content\/uploads\/2025\/11\/logo-dark-2.svg","contentUrl":"https:\/\/softicated.com\/wp-content\/uploads\/2025\/11\/logo-dark-2.svg","caption":"Softicated"},"image":{"@id":"https:\/\/softicated.com\/#\/schema\/logo\/image\/"},"sameAs":["https:\/\/www.facebook.com\/Softicated","https:\/\/www.pinterest.com\/softicateddesign","https:\/\/www.instagram.com\/softicated.design"]}]}},"_links":{"self":[{"href":"https:\/\/softicated.com\/de\/wp-json\/wp\/v2\/product\/2673","targetHints":{"allow":["GET"]}}],"collection":[{"href":"https:\/\/softicated.com\/de\/wp-json\/wp\/v2\/product"}],"about":[{"href":"https:\/\/softicated.com\/de\/wp-json\/wp\/v2\/types\/product"}],"replies":[{"embeddable":true,"href":"https:\/\/softicated.com\/de\/wp-json\/wp\/v2\/comments?post=2673"}],"wp:featuredmedia":[{"embeddable":true,"href":"https:\/\/softicated.com\/de\/wp-json\/wp\/v2\/media\/12114"}],"wp:attachment":[{"href":"https:\/\/softicated.com\/de\/wp-json\/wp\/v2\/media?parent=2673"}],"wp:term":[{"taxonomy":"product_brand","embeddable":true,"href":"https:\/\/softicated.com\/de\/wp-json\/wp\/v2\/product_brand?post=2673"},{"taxonomy":"product_cat","embeddable":true,"href":"https:\/\/softicated.com\/de\/wp-json\/wp\/v2\/product_cat?post=2673"},{"taxonomy":"product_tag","embeddable":true,"href":"https:\/\/softicated.com\/de\/wp-json\/wp\/v2\/product_tag?post=2673"},{"taxonomy":"collections","embeddable":true,"href":"https:\/\/softicated.com\/de\/wp-json\/wp\/v2\/collections?post=2673"},{"taxonomy":"awards","embeddable":true,"href":"https:\/\/softicated.com\/de\/wp-json\/wp\/v2\/awards?post=2673"},{"taxonomy":"by_color","embeddable":true,"href":"https:\/\/softicated.com\/de\/wp-json\/wp\/v2\/by_color?post=2673"}],"curies":[{"name":"wp","href":"https:\/\/api.w.org\/{rel}","templated":true}]}}