{"id":15036,"date":"2026-02-23T12:56:44","date_gmt":"2026-02-23T11:56:44","guid":{"rendered":"https:\/\/softicated.com\/?post_type=product&#038;p=15036"},"modified":"2026-03-16T06:15:08","modified_gmt":"2026-03-16T05:15:08","slug":"tapis-seren","status":"publish","type":"product","link":"https:\/\/softicated.com\/de\/produit\/tapis-seren\/","title":{"rendered":"Teppich Seren"},"content":{"rendered":"<p>Seren vermittelt eine sanfte, umh\u00fcllende Pr\u00e4senz, in der die Bewegung beruhigt und beinahe unmerklich ist. Das Design wirkt subtil und flie\u00dfend, als sei es direkt in das Material eingeschrieben, und deutet einen ruhigen, gleichm\u00e4\u00dfigen inneren Rhythmus an.<\/p>\n<p>In seinem leuchtenden Beigeton entfaltet Seren eine beruhigende Bewegung. Die Farbe wirkt wie eine warme, sch\u00fctzende Materie, in der sich das Design eher erahnen als klar erkennen l\u00e4sst. Dieses nat\u00fcrliche Beige f\u00e4ngt das Licht mit feiner Zur\u00fcckhaltung ein und offenbart eine Tiefe, die den Raum begleitet, ohne ihn zu dominieren.<\/p>\n<p>Gefertigt aus nat\u00fcrlicher neuseel\u00e4ndischer Wolle, zeichnet sich Seren durch einen warmen, hellen Beigeton aus. Dieser feine teilweise uni entfaltet seine ganze Tiefe durch Variationen von Textur und Licht. Die Cut-&amp;-Loop-Technik strukturiert die Oberfl\u00e4che mit Zur\u00fcckhaltung und l\u00e4sst das Design als Relief mit Eleganz und Feingef\u00fchl erscheinen.<\/p>\n<p>Dank seiner weichen und nat\u00fcrlichen Farbpalette f\u00fcgt sich Seren harmonisch in ruhige und zeitlose Interieurs ein. Er l\u00e4sst sich m\u00fchelos mit unterschiedlichsten Materialien kombinieren. Ideal f\u00fcr Wohnr\u00e4ume, Schlafzimmer oder R\u00fcckzugsorte, vermittelt er ein Gef\u00fchl von visuellem und haptischem Komfort, das Ruhe und Kontemplation f\u00f6rdert.<\/p>\n<p>Einen Seren Teppich zu w\u00e4hlen bedeutet, eine warme und ausgewogene Atmosph\u00e4re zu schaffen, in der die Sanftheit des Beigetons und die Subtilit\u00e4t des Reliefs zu Ruhe und Gelassenheit einladen.<\/p>","protected":false},"excerpt":{"rendered":"<p>Seren \u00e9voque une pr\u00e9sence douce et enveloppante o\u00f9 le mouvement est apais\u00e9 et presque imperceptible. Le dessin, subtil et fluide appara\u00eet comme inscrite dans la mati\u00e8re sugg\u00e9rant un rythme int\u00e9rieur calme et continu. Dans sa teinte beige lumineuse, Seren d\u00e9ploie un mouvement apais\u00e9. La couleur agit comme une mati\u00e8re enveloppante, douce et chaleureuse, au sein [&hellip;]<\/p>","protected":false},"featured_media":15107,"comment_status":"open","ping_status":"closed","template":"","meta":{"_acf_changed":false},"product_brand":[],"product_cat":[298,27],"product_tag":[],"collections":[262],"awards":[],"by_color":[],"class_list":{"0":"post-15036","1":"product","2":"type-product","3":"status-publish","4":"has-post-thumbnail","6":"product_cat-tapis-faux-unis","7":"product_cat-rugs","8":"collections-lifelines","10":"first","11":"instock","12":"shipping-taxable","13":"purchasable","14":"product-type-variable"},"acf":[],"yoast_head":"<!-- This site is optimized with the Yoast SEO Premium plugin v25.7.1 (Yoast SEO v26.9) - https:\/\/yoast.com\/product\/yoast-seo-premium-wordpress\/ -->\n<title>Tapis design sur mesure Seren - Softicated<\/title>\n<meta name=\"description\" content=\"Seren \u00e9voque une pr\u00e9sence douce et enveloppante, le dessin, subtil et fluide appara\u00eet comme inscrite dans la mati\u00e8re sugg\u00e9rant un rythme int\u00e9rieur calme.\" \/>\n<meta name=\"robots\" content=\"index, follow, max-snippet:-1, max-image-preview:large, max-video-preview:-1\" \/>\n<link rel=\"canonical\" href=\"https:\/\/softicated.com\/de\/produit\/tapis-seren\/\" \/>\n<meta property=\"og:locale\" content=\"de_DE\" \/>\n<meta property=\"og:type\" content=\"article\" \/>\n<meta property=\"og:title\" content=\"Tapis Seren\" \/>\n<meta property=\"og:description\" content=\"Seren \u00e9voque une pr\u00e9sence douce et enveloppante, le dessin, subtil et fluide appara\u00eet comme inscrite dans la mati\u00e8re sugg\u00e9rant un rythme int\u00e9rieur calme.\" \/>\n<meta property=\"og:url\" content=\"https:\/\/softicated.com\/de\/produit\/tapis-seren\/\" \/>\n<meta property=\"og:site_name\" content=\"Softicated\" \/>\n<meta property=\"article:publisher\" content=\"https:\/\/www.facebook.com\/Softicated\" \/>\n<meta property=\"article:modified_time\" content=\"2026-03-16T05:15:08+00:00\" \/>\n<meta property=\"og:image\" content=\"https:\/\/softicated.com\/wp-content\/uploads\/2026\/02\/seren-main-scaled-e1772004452145.webp\" \/>\n\t<meta property=\"og:image:width\" content=\"174\" \/>\n\t<meta property=\"og:image:height\" content=\"260\" \/>\n\t<meta property=\"og:image:type\" content=\"image\/webp\" \/>\n<meta name=\"twitter:card\" content=\"summary_large_image\" \/>\n<script type=\"application\/ld+json\" class=\"yoast-schema-graph\">{\"@context\":\"https:\/\/schema.org\",\"@graph\":[{\"@type\":\"WebPage\",\"@id\":\"https:\/\/softicated.com\/en\/produit\/tapis-seren\/\",\"url\":\"https:\/\/softicated.com\/en\/produit\/tapis-seren\/\",\"name\":\"Tapis design sur mesure Seren - Softicated\",\"isPartOf\":{\"@id\":\"https:\/\/softicated.com\/#website\"},\"primaryImageOfPage\":{\"@id\":\"https:\/\/softicated.com\/en\/produit\/tapis-seren\/#primaryimage\"},\"image\":{\"@id\":\"https:\/\/softicated.com\/en\/produit\/tapis-seren\/#primaryimage\"},\"thumbnailUrl\":\"https:\/\/softicated.com\/wp-content\/uploads\/2026\/02\/seren-main-scaled-e1772004452145.webp\",\"datePublished\":\"2026-02-23T11:56:44+00:00\",\"dateModified\":\"2026-03-16T05:15:08+00:00\",\"description\":\"Seren \u00e9voque une pr\u00e9sence douce et enveloppante, le dessin, subtil et fluide appara\u00eet comme inscrite dans la mati\u00e8re sugg\u00e9rant un rythme int\u00e9rieur calme.\",\"breadcrumb\":{\"@id\":\"https:\/\/softicated.com\/en\/produit\/tapis-seren\/#breadcrumb\"},\"inLanguage\":\"de-CH\",\"potentialAction\":[{\"@type\":\"ReadAction\",\"target\":[\"https:\/\/softicated.com\/en\/produit\/tapis-seren\/\"]}]},{\"@type\":\"ImageObject\",\"inLanguage\":\"de-CH\",\"@id\":\"https:\/\/softicated.com\/en\/produit\/tapis-seren\/#primaryimage\",\"url\":\"https:\/\/softicated.com\/wp-content\/uploads\/2026\/02\/seren-main-scaled-e1772004452145.webp\",\"contentUrl\":\"https:\/\/softicated.com\/wp-content\/uploads\/2026\/02\/seren-main-scaled-e1772004452145.webp\",\"width\":174,\"height\":260},{\"@type\":\"BreadcrumbList\",\"@id\":\"https:\/\/softicated.com\/en\/produit\/tapis-seren\/#breadcrumb\",\"itemListElement\":[{\"@type\":\"ListItem\",\"position\":1,\"name\":\"Accueil\",\"item\":\"https:\/\/softicated.com\/\"},{\"@type\":\"ListItem\",\"position\":2,\"name\":\"Produits Mobilier Premium Softicated\",\"item\":\"https:\/\/softicated.com\/produits\/\"},{\"@type\":\"ListItem\",\"position\":3,\"name\":\"Tapis faux-unis\",\"item\":\"https:\/\/softicated.com\/categorie-produit\/tapis-faux-unis\/\"},{\"@type\":\"ListItem\",\"position\":4,\"name\":\"tapis swiss designer\"}]},{\"@type\":\"WebSite\",\"@id\":\"https:\/\/softicated.com\/#website\",\"url\":\"https:\/\/softicated.com\/\",\"name\":\"Softicated\",\"description\":\"Cr\u00e9ateur de meubles, luminaires et tapis premium\",\"publisher\":{\"@id\":\"https:\/\/softicated.com\/#organization\"},\"potentialAction\":[{\"@type\":\"SearchAction\",\"target\":{\"@type\":\"EntryPoint\",\"urlTemplate\":\"https:\/\/softicated.com\/?s={search_term_string}\"},\"query-input\":{\"@type\":\"PropertyValueSpecification\",\"valueRequired\":true,\"valueName\":\"search_term_string\"}}],\"inLanguage\":\"de-CH\"},{\"@type\":\"Organization\",\"@id\":\"https:\/\/softicated.com\/#organization\",\"name\":\"Softicated\",\"url\":\"https:\/\/softicated.com\/\",\"logo\":{\"@type\":\"ImageObject\",\"inLanguage\":\"de-CH\",\"@id\":\"https:\/\/softicated.com\/#\/schema\/logo\/image\/\",\"url\":\"https:\/\/softicated.com\/wp-content\/uploads\/2025\/11\/logo-dark-2.svg\",\"contentUrl\":\"https:\/\/softicated.com\/wp-content\/uploads\/2025\/11\/logo-dark-2.svg\",\"caption\":\"Softicated\"},\"image\":{\"@id\":\"https:\/\/softicated.com\/#\/schema\/logo\/image\/\"},\"sameAs\":[\"https:\/\/www.facebook.com\/Softicated\",\"https:\/\/www.pinterest.com\/softicateddesign\",\"https:\/\/www.instagram.com\/softicated.design\"]}]}<\/script>\n<!-- \/ Yoast SEO Premium plugin. -->","yoast_head_json":{"title":"Design-Teppich nach Ma\u00df Seren - Softicated","description":"Seren \u00e9voque une pr\u00e9sence douce et enveloppante, le dessin, subtil et fluide appara\u00eet comme inscrite dans la mati\u00e8re sugg\u00e9rant un rythme int\u00e9rieur calme.","robots":{"index":"index","follow":"follow","max-snippet":"max-snippet:-1","max-image-preview":"max-image-preview:large","max-video-preview":"max-video-preview:-1"},"canonical":"https:\/\/softicated.com\/de\/produit\/tapis-seren\/","og_locale":"de_DE","og_type":"article","og_title":"Tapis Seren","og_description":"Seren \u00e9voque une pr\u00e9sence douce et enveloppante, le dessin, subtil et fluide appara\u00eet comme inscrite dans la mati\u00e8re sugg\u00e9rant un rythme int\u00e9rieur calme.","og_url":"https:\/\/softicated.com\/de\/produit\/tapis-seren\/","og_site_name":"Softicated","article_publisher":"https:\/\/www.facebook.com\/Softicated","article_modified_time":"2026-03-16T05:15:08+00:00","og_image":[{"width":174,"height":260,"url":"https:\/\/softicated.com\/wp-content\/uploads\/2026\/02\/seren-main-scaled-e1772004452145.webp","type":"image\/webp"}],"twitter_card":"summary_large_image","schema":{"@context":"https:\/\/schema.org","@graph":[{"@type":"WebPage","@id":"https:\/\/softicated.com\/en\/produit\/tapis-seren\/","url":"https:\/\/softicated.com\/en\/produit\/tapis-seren\/","name":"Design-Teppich nach Ma\u00df Seren - Softicated","isPartOf":{"@id":"https:\/\/softicated.com\/#website"},"primaryImageOfPage":{"@id":"https:\/\/softicated.com\/en\/produit\/tapis-seren\/#primaryimage"},"image":{"@id":"https:\/\/softicated.com\/en\/produit\/tapis-seren\/#primaryimage"},"thumbnailUrl":"https:\/\/softicated.com\/wp-content\/uploads\/2026\/02\/seren-main-scaled-e1772004452145.webp","datePublished":"2026-02-23T11:56:44+00:00","dateModified":"2026-03-16T05:15:08+00:00","description":"Seren \u00e9voque une pr\u00e9sence douce et enveloppante, le dessin, subtil et fluide appara\u00eet comme inscrite dans la mati\u00e8re sugg\u00e9rant un rythme int\u00e9rieur calme.","breadcrumb":{"@id":"https:\/\/softicated.com\/en\/produit\/tapis-seren\/#breadcrumb"},"inLanguage":"de-CH","potentialAction":[{"@type":"ReadAction","target":["https:\/\/softicated.com\/en\/produit\/tapis-seren\/"]}]},{"@type":"ImageObject","inLanguage":"de-CH","@id":"https:\/\/softicated.com\/en\/produit\/tapis-seren\/#primaryimage","url":"https:\/\/softicated.com\/wp-content\/uploads\/2026\/02\/seren-main-scaled-e1772004452145.webp","contentUrl":"https:\/\/softicated.com\/wp-content\/uploads\/2026\/02\/seren-main-scaled-e1772004452145.webp","width":174,"height":260},{"@type":"BreadcrumbList","@id":"https:\/\/softicated.com\/en\/produit\/tapis-seren\/#breadcrumb","itemListElement":[{"@type":"ListItem","position":1,"name":"Accueil","item":"https:\/\/softicated.com\/"},{"@type":"ListItem","position":2,"name":"Produits Mobilier Premium Softicated","item":"https:\/\/softicated.com\/produits\/"},{"@type":"ListItem","position":3,"name":"Tapis faux-unis","item":"https:\/\/softicated.com\/categorie-produit\/tapis-faux-unis\/"},{"@type":"ListItem","position":4,"name":"tapis swiss designer"}]},{"@type":"WebSite","@id":"https:\/\/softicated.com\/#website","url":"https:\/\/softicated.com\/","name":"Softicated","description":"Sch\u00f6pfer hochwertiger M\u00f6bel, Leuchten und Teppiche","publisher":{"@id":"https:\/\/softicated.com\/#organization"},"potentialAction":[{"@type":"SearchAction","target":{"@type":"EntryPoint","urlTemplate":"https:\/\/softicated.com\/?s={search_term_string}"},"query-input":{"@type":"PropertyValueSpecification","valueRequired":true,"valueName":"search_term_string"}}],"inLanguage":"de-CH"},{"@type":"Organization","@id":"https:\/\/softicated.com\/#organization","name":"Softicated","url":"https:\/\/softicated.com\/","logo":{"@type":"ImageObject","inLanguage":"de-CH","@id":"https:\/\/softicated.com\/#\/schema\/logo\/image\/","url":"https:\/\/softicated.com\/wp-content\/uploads\/2025\/11\/logo-dark-2.svg","contentUrl":"https:\/\/softicated.com\/wp-content\/uploads\/2025\/11\/logo-dark-2.svg","caption":"Softicated"},"image":{"@id":"https:\/\/softicated.com\/#\/schema\/logo\/image\/"},"sameAs":["https:\/\/www.facebook.com\/Softicated","https:\/\/www.pinterest.com\/softicateddesign","https:\/\/www.instagram.com\/softicated.design"]}]}},"_links":{"self":[{"href":"https:\/\/softicated.com\/de\/wp-json\/wp\/v2\/product\/15036","targetHints":{"allow":["GET"]}}],"collection":[{"href":"https:\/\/softicated.com\/de\/wp-json\/wp\/v2\/product"}],"about":[{"href":"https:\/\/softicated.com\/de\/wp-json\/wp\/v2\/types\/product"}],"replies":[{"embeddable":true,"href":"https:\/\/softicated.com\/de\/wp-json\/wp\/v2\/comments?post=15036"}],"wp:featuredmedia":[{"embeddable":true,"href":"https:\/\/softicated.com\/de\/wp-json\/wp\/v2\/media\/15107"}],"wp:attachment":[{"href":"https:\/\/softicated.com\/de\/wp-json\/wp\/v2\/media?parent=15036"}],"wp:term":[{"taxonomy":"product_brand","embeddable":true,"href":"https:\/\/softicated.com\/de\/wp-json\/wp\/v2\/product_brand?post=15036"},{"taxonomy":"product_cat","embeddable":true,"href":"https:\/\/softicated.com\/de\/wp-json\/wp\/v2\/product_cat?post=15036"},{"taxonomy":"product_tag","embeddable":true,"href":"https:\/\/softicated.com\/de\/wp-json\/wp\/v2\/product_tag?post=15036"},{"taxonomy":"collections","embeddable":true,"href":"https:\/\/softicated.com\/de\/wp-json\/wp\/v2\/collections?post=15036"},{"taxonomy":"awards","embeddable":true,"href":"https:\/\/softicated.com\/de\/wp-json\/wp\/v2\/awards?post=15036"},{"taxonomy":"by_color","embeddable":true,"href":"https:\/\/softicated.com\/de\/wp-json\/wp\/v2\/by_color?post=15036"}],"curies":[{"name":"wp","href":"https:\/\/api.w.org\/{rel}","templated":true}]}}