{"id":15033,"date":"2026-02-23T12:56:45","date_gmt":"2026-02-23T11:56:45","guid":{"rendered":"https:\/\/softicated.com\/?post_type=product&#038;p=15033"},"modified":"2026-03-24T05:43:58","modified_gmt":"2026-03-24T04:43:58","slug":"pulse-tapis","status":"publish","type":"product","link":"https:\/\/softicated.com\/de\/produit\/pulse-tapis\/","title":{"rendered":"Teppich Pulse"},"content":{"rendered":"<p>Pulse zeichnet sich durch eine besonders reduzierte und nach innen gerichtete Interpretation von Bewegung aus. Hier wird die Linie nahezu still sie wird angedeutet statt gezeichnet. Der Teppich vermittelt einen zur\u00fcckhaltenden Rhythmus, eine sanfte und kontinuierliche Schwingung, wie ein regelm\u00e4\u00dfiger Herzschlag, der die Materie durchzieht, ohne sich aufzudr\u00e4ngen.<\/p>\n<p>In seinem hellgrauen Uni-Ton bringt Pulse eine innere Bewegung in ruhiger Zur\u00fcckhaltung zum Ausdruck. Die Farbe wirkt wie eine stille, lichtvolle Oberfl\u00e4che, in der sich dezente Rhythmen durch Variationen von Textur und Licht offenbaren. Mehr angedeutet als klar definiert, scheinen die Linien mit der Materie zu verschmelzen und erzeugen eine weiche, gleichm\u00e4\u00dfige Vibration.<\/p>\n<p>Gefertigt aus nat\u00fcrlicher Wolle pr\u00e4sentiert sich Pulse in einem hellen Grau, das zugleich leuchtend und tief beruhigend wirkt. Dieses nat\u00fcrliche Grau: mineralisch und sanft zugleich fungiert als subtiler teilweise uni und offenbart den Reichtum der Materie durch feine Unterschiede in Textur und Licht. Die Cut-&amp;-Loop-Technik strukturiert die Oberfl\u00e4che mit Zur\u00fcckhaltung und schafft leichte Reliefs, die den Teppich beleben, ohne sein Gleichgewicht zu st\u00f6ren.<\/p>\n<p>Dank seiner Schlichtheit f\u00fcgt sich Pulse m\u00fchelos in zeitgen\u00f6ssische, minimalistische oder architektonische Interieurs ein. Er harmoniert besonders gut mit Materialien wie hellem Beton, Stein, Holz, mattem Metall oder Sichtbeton. Seine elegante Neutralit\u00e4t macht ihn zur idealen Basis f\u00fcr ruhige Wohnbereiche, Schlafzimmer oder Durchgangszonen, in denen eine serene und zeitlose Atmosph\u00e4re gew\u00fcnscht ist.<\/p>\n<p>Einen Pulse Teppich zu w\u00e4hlen bedeutet, sich f\u00fcr eine zur\u00fcckhaltende und raffinierte Pr\u00e4senz zu entscheiden, bei der Material und Textur eine innere Bewegung ausdr\u00fccken sanft, ausgewogen und tief beruhigend.<\/p>\n<div id=\"simple-translate\" class=\"simple-translate-system-theme\">\n<div>\n<div class=\"simple-translate-button isShow\" style=\"background-image: url('chrome-extension:\/\/ibplnjkanclpjokhdolnendpplpjiace\/icons\/512.png'); height: 22px; width: 22px; top: 72px; left: 296px;\"><\/div>\n<div class=\"simple-translate-panel\" style=\"width: 300px; height: 200px; top: 0px; left: 0px; font-size: 13px;\">\n<div class=\"simple-translate-result-wrapper\" style=\"overflow: hidden;\">\n<div class=\"simple-translate-move\" draggable=\"true\"><\/div>\n<div class=\"simple-translate-result-contents\">\n<p class=\"simple-translate-candidate\" dir=\"auto\">\n<\/div>\n<\/div>\n<\/div>\n<\/div>\n<\/div>","protected":false},"excerpt":{"rendered":"<p>Pulse se distingue par une approche plus essentielle et int\u00e9rieure du mouvement. Ici, la ligne se fait presque silencieuse, sugg\u00e9r\u00e9e plut\u00f4t que dessin\u00e9e. Le tapis \u00e9voque un rythme discret, une vibration douce et continue comme un battement r\u00e9gulier qui traverse la mati\u00e8re sans jamais s\u2019imposer. Dans son uni gris clair, Pulse exprime un mouvement int\u00e9rieur [&hellip;]<\/p>","protected":false},"featured_media":15250,"comment_status":"open","ping_status":"closed","template":"","meta":{"_acf_changed":false},"product_brand":[],"product_cat":[298,27],"product_tag":[],"collections":[262],"awards":[],"by_color":[],"class_list":{"0":"post-15033","1":"product","2":"type-product","3":"status-publish","4":"has-post-thumbnail","6":"product_cat-tapis-faux-unis","7":"product_cat-rugs","8":"collections-lifelines","10":"first","11":"instock","12":"shipping-taxable","13":"purchasable","14":"product-type-variable"},"acf":[],"yoast_head":"<!-- This site is optimized with the Yoast SEO Premium plugin v25.7.1 (Yoast SEO v26.9) - https:\/\/yoast.com\/product\/yoast-seo-premium-wordpress\/ -->\n<title>Tapis design sur mesure Pulse - Softicated<\/title>\n<meta name=\"description\" content=\"Dans son uni gris clair, plus sugg\u00e9r\u00e9es que trac\u00e9es, les lignes semblent se fondre dans la mati\u00e8re, cr\u00e9ant une vibration douce et continue.\" \/>\n<meta name=\"robots\" content=\"index, follow, max-snippet:-1, max-image-preview:large, max-video-preview:-1\" \/>\n<link rel=\"canonical\" href=\"https:\/\/softicated.com\/de\/produit\/pulse-tapis\/\" \/>\n<meta property=\"og:locale\" content=\"de_DE\" \/>\n<meta property=\"og:type\" content=\"article\" \/>\n<meta property=\"og:title\" content=\"Tapis Pulse\" \/>\n<meta property=\"og:description\" content=\"Dans son uni gris clair, plus sugg\u00e9r\u00e9es que trac\u00e9es, les lignes semblent se fondre dans la mati\u00e8re, cr\u00e9ant une vibration douce et continue.\" \/>\n<meta property=\"og:url\" content=\"https:\/\/softicated.com\/de\/produit\/pulse-tapis\/\" \/>\n<meta property=\"og:site_name\" content=\"Softicated\" \/>\n<meta property=\"article:publisher\" content=\"https:\/\/www.facebook.com\/Softicated\" \/>\n<meta property=\"article:modified_time\" content=\"2026-03-24T04:43:58+00:00\" \/>\n<meta property=\"og:image\" content=\"https:\/\/softicated.com\/wp-content\/uploads\/2026\/02\/87B82BEB-B3D6-43FB-8320-44B716E1D419-1.png\" \/>\n\t<meta property=\"og:image:width\" content=\"171\" \/>\n\t<meta property=\"og:image:height\" content=\"260\" \/>\n\t<meta property=\"og:image:type\" content=\"image\/png\" \/>\n<meta name=\"twitter:card\" content=\"summary_large_image\" \/>\n<script type=\"application\/ld+json\" class=\"yoast-schema-graph\">{\"@context\":\"https:\/\/schema.org\",\"@graph\":[{\"@type\":\"WebPage\",\"@id\":\"https:\/\/softicated.com\/produit\/pulse-tapis\/\",\"url\":\"https:\/\/softicated.com\/produit\/pulse-tapis\/\",\"name\":\"Tapis design sur mesure Pulse - Softicated\",\"isPartOf\":{\"@id\":\"https:\/\/softicated.com\/#website\"},\"primaryImageOfPage\":{\"@id\":\"https:\/\/softicated.com\/produit\/pulse-tapis\/#primaryimage\"},\"image\":{\"@id\":\"https:\/\/softicated.com\/produit\/pulse-tapis\/#primaryimage\"},\"thumbnailUrl\":\"https:\/\/softicated.com\/wp-content\/uploads\/2026\/02\/87B82BEB-B3D6-43FB-8320-44B716E1D419-1.png\",\"datePublished\":\"2026-02-23T11:56:45+00:00\",\"dateModified\":\"2026-03-24T04:43:58+00:00\",\"description\":\"Dans son uni gris clair, plus sugg\u00e9r\u00e9es que trac\u00e9es, les lignes semblent se fondre dans la mati\u00e8re, cr\u00e9ant une vibration douce et continue.\",\"breadcrumb\":{\"@id\":\"https:\/\/softicated.com\/produit\/pulse-tapis\/#breadcrumb\"},\"inLanguage\":\"de-CH\",\"potentialAction\":[{\"@type\":\"ReadAction\",\"target\":[\"https:\/\/softicated.com\/produit\/pulse-tapis\/\"]}]},{\"@type\":\"ImageObject\",\"inLanguage\":\"de-CH\",\"@id\":\"https:\/\/softicated.com\/produit\/pulse-tapis\/#primaryimage\",\"url\":\"https:\/\/softicated.com\/wp-content\/uploads\/2026\/02\/87B82BEB-B3D6-43FB-8320-44B716E1D419-1.png\",\"contentUrl\":\"https:\/\/softicated.com\/wp-content\/uploads\/2026\/02\/87B82BEB-B3D6-43FB-8320-44B716E1D419-1.png\",\"width\":171,\"height\":260,\"caption\":\"Pulse\"},{\"@type\":\"BreadcrumbList\",\"@id\":\"https:\/\/softicated.com\/produit\/pulse-tapis\/#breadcrumb\",\"itemListElement\":[{\"@type\":\"ListItem\",\"position\":1,\"name\":\"Accueil\",\"item\":\"https:\/\/softicated.com\/\"},{\"@type\":\"ListItem\",\"position\":2,\"name\":\"Produits Mobilier Premium Softicated\",\"item\":\"https:\/\/softicated.com\/produits\/\"},{\"@type\":\"ListItem\",\"position\":3,\"name\":\"Tapis faux-unis\",\"item\":\"https:\/\/softicated.com\/categorie-produit\/tapis-faux-unis\/\"},{\"@type\":\"ListItem\",\"position\":4,\"name\":\"Tapis swiss designer\"}]},{\"@type\":\"WebSite\",\"@id\":\"https:\/\/softicated.com\/#website\",\"url\":\"https:\/\/softicated.com\/\",\"name\":\"Softicated\",\"description\":\"Cr\u00e9ateur de meubles, luminaires et tapis premium\",\"publisher\":{\"@id\":\"https:\/\/softicated.com\/#organization\"},\"potentialAction\":[{\"@type\":\"SearchAction\",\"target\":{\"@type\":\"EntryPoint\",\"urlTemplate\":\"https:\/\/softicated.com\/?s={search_term_string}\"},\"query-input\":{\"@type\":\"PropertyValueSpecification\",\"valueRequired\":true,\"valueName\":\"search_term_string\"}}],\"inLanguage\":\"de-CH\"},{\"@type\":\"Organization\",\"@id\":\"https:\/\/softicated.com\/#organization\",\"name\":\"Softicated\",\"url\":\"https:\/\/softicated.com\/\",\"logo\":{\"@type\":\"ImageObject\",\"inLanguage\":\"de-CH\",\"@id\":\"https:\/\/softicated.com\/#\/schema\/logo\/image\/\",\"url\":\"https:\/\/softicated.com\/wp-content\/uploads\/2025\/11\/logo-dark-2.svg\",\"contentUrl\":\"https:\/\/softicated.com\/wp-content\/uploads\/2025\/11\/logo-dark-2.svg\",\"caption\":\"Softicated\"},\"image\":{\"@id\":\"https:\/\/softicated.com\/#\/schema\/logo\/image\/\"},\"sameAs\":[\"https:\/\/www.facebook.com\/Softicated\",\"https:\/\/www.pinterest.com\/softicateddesign\",\"https:\/\/www.instagram.com\/softicated.design\"]}]}<\/script>\n<!-- \/ Yoast SEO Premium plugin. -->","yoast_head_json":{"title":"Design-Teppich nach Ma\u00df Pulse - Softicated","description":"Dans son uni gris clair, plus sugg\u00e9r\u00e9es que trac\u00e9es, les lignes semblent se fondre dans la mati\u00e8re, cr\u00e9ant une vibration douce et continue.","robots":{"index":"index","follow":"follow","max-snippet":"max-snippet:-1","max-image-preview":"max-image-preview:large","max-video-preview":"max-video-preview:-1"},"canonical":"https:\/\/softicated.com\/de\/produit\/pulse-tapis\/","og_locale":"de_DE","og_type":"article","og_title":"Tapis Pulse","og_description":"Dans son uni gris clair, plus sugg\u00e9r\u00e9es que trac\u00e9es, les lignes semblent se fondre dans la mati\u00e8re, cr\u00e9ant une vibration douce et continue.","og_url":"https:\/\/softicated.com\/de\/produit\/pulse-tapis\/","og_site_name":"Softicated","article_publisher":"https:\/\/www.facebook.com\/Softicated","article_modified_time":"2026-03-24T04:43:58+00:00","og_image":[{"width":171,"height":260,"url":"https:\/\/softicated.com\/wp-content\/uploads\/2026\/02\/87B82BEB-B3D6-43FB-8320-44B716E1D419-1.png","type":"image\/png"}],"twitter_card":"summary_large_image","schema":{"@context":"https:\/\/schema.org","@graph":[{"@type":"WebPage","@id":"https:\/\/softicated.com\/produit\/pulse-tapis\/","url":"https:\/\/softicated.com\/produit\/pulse-tapis\/","name":"Design-Teppich nach Ma\u00df Pulse - Softicated","isPartOf":{"@id":"https:\/\/softicated.com\/#website"},"primaryImageOfPage":{"@id":"https:\/\/softicated.com\/produit\/pulse-tapis\/#primaryimage"},"image":{"@id":"https:\/\/softicated.com\/produit\/pulse-tapis\/#primaryimage"},"thumbnailUrl":"https:\/\/softicated.com\/wp-content\/uploads\/2026\/02\/87B82BEB-B3D6-43FB-8320-44B716E1D419-1.png","datePublished":"2026-02-23T11:56:45+00:00","dateModified":"2026-03-24T04:43:58+00:00","description":"Dans son uni gris clair, plus sugg\u00e9r\u00e9es que trac\u00e9es, les lignes semblent se fondre dans la mati\u00e8re, cr\u00e9ant une vibration douce et continue.","breadcrumb":{"@id":"https:\/\/softicated.com\/produit\/pulse-tapis\/#breadcrumb"},"inLanguage":"de-CH","potentialAction":[{"@type":"ReadAction","target":["https:\/\/softicated.com\/produit\/pulse-tapis\/"]}]},{"@type":"ImageObject","inLanguage":"de-CH","@id":"https:\/\/softicated.com\/produit\/pulse-tapis\/#primaryimage","url":"https:\/\/softicated.com\/wp-content\/uploads\/2026\/02\/87B82BEB-B3D6-43FB-8320-44B716E1D419-1.png","contentUrl":"https:\/\/softicated.com\/wp-content\/uploads\/2026\/02\/87B82BEB-B3D6-43FB-8320-44B716E1D419-1.png","width":171,"height":260,"caption":"Pulse"},{"@type":"BreadcrumbList","@id":"https:\/\/softicated.com\/produit\/pulse-tapis\/#breadcrumb","itemListElement":[{"@type":"ListItem","position":1,"name":"Accueil","item":"https:\/\/softicated.com\/"},{"@type":"ListItem","position":2,"name":"Produits Mobilier Premium Softicated","item":"https:\/\/softicated.com\/produits\/"},{"@type":"ListItem","position":3,"name":"Tapis faux-unis","item":"https:\/\/softicated.com\/categorie-produit\/tapis-faux-unis\/"},{"@type":"ListItem","position":4,"name":"Tapis swiss designer"}]},{"@type":"WebSite","@id":"https:\/\/softicated.com\/#website","url":"https:\/\/softicated.com\/","name":"Softicated","description":"Sch\u00f6pfer hochwertiger M\u00f6bel, Leuchten und Teppiche","publisher":{"@id":"https:\/\/softicated.com\/#organization"},"potentialAction":[{"@type":"SearchAction","target":{"@type":"EntryPoint","urlTemplate":"https:\/\/softicated.com\/?s={search_term_string}"},"query-input":{"@type":"PropertyValueSpecification","valueRequired":true,"valueName":"search_term_string"}}],"inLanguage":"de-CH"},{"@type":"Organization","@id":"https:\/\/softicated.com\/#organization","name":"Softicated","url":"https:\/\/softicated.com\/","logo":{"@type":"ImageObject","inLanguage":"de-CH","@id":"https:\/\/softicated.com\/#\/schema\/logo\/image\/","url":"https:\/\/softicated.com\/wp-content\/uploads\/2025\/11\/logo-dark-2.svg","contentUrl":"https:\/\/softicated.com\/wp-content\/uploads\/2025\/11\/logo-dark-2.svg","caption":"Softicated"},"image":{"@id":"https:\/\/softicated.com\/#\/schema\/logo\/image\/"},"sameAs":["https:\/\/www.facebook.com\/Softicated","https:\/\/www.pinterest.com\/softicateddesign","https:\/\/www.instagram.com\/softicated.design"]}]}},"_links":{"self":[{"href":"https:\/\/softicated.com\/de\/wp-json\/wp\/v2\/product\/15033","targetHints":{"allow":["GET"]}}],"collection":[{"href":"https:\/\/softicated.com\/de\/wp-json\/wp\/v2\/product"}],"about":[{"href":"https:\/\/softicated.com\/de\/wp-json\/wp\/v2\/types\/product"}],"replies":[{"embeddable":true,"href":"https:\/\/softicated.com\/de\/wp-json\/wp\/v2\/comments?post=15033"}],"wp:featuredmedia":[{"embeddable":true,"href":"https:\/\/softicated.com\/de\/wp-json\/wp\/v2\/media\/15250"}],"wp:attachment":[{"href":"https:\/\/softicated.com\/de\/wp-json\/wp\/v2\/media?parent=15033"}],"wp:term":[{"taxonomy":"product_brand","embeddable":true,"href":"https:\/\/softicated.com\/de\/wp-json\/wp\/v2\/product_brand?post=15033"},{"taxonomy":"product_cat","embeddable":true,"href":"https:\/\/softicated.com\/de\/wp-json\/wp\/v2\/product_cat?post=15033"},{"taxonomy":"product_tag","embeddable":true,"href":"https:\/\/softicated.com\/de\/wp-json\/wp\/v2\/product_tag?post=15033"},{"taxonomy":"collections","embeddable":true,"href":"https:\/\/softicated.com\/de\/wp-json\/wp\/v2\/collections?post=15033"},{"taxonomy":"awards","embeddable":true,"href":"https:\/\/softicated.com\/de\/wp-json\/wp\/v2\/awards?post=15033"},{"taxonomy":"by_color","embeddable":true,"href":"https:\/\/softicated.com\/de\/wp-json\/wp\/v2\/by_color?post=15033"}],"curies":[{"name":"wp","href":"https:\/\/api.w.org\/{rel}","templated":true}]}}