{"id":15030,"date":"2026-02-23T12:56:46","date_gmt":"2026-02-23T11:56:46","guid":{"rendered":"https:\/\/softicated.com\/?post_type=product&#038;p=15030"},"modified":"2026-03-16T06:13:46","modified_gmt":"2026-03-16T05:13:46","slug":"tapis-journey","status":"publish","type":"product","link":"https:\/\/softicated.com\/de\/produit\/tapis-journey\/","title":{"rendered":"Teppich Journey"},"content":{"rendered":"<p>Journey verk\u00f6rpert Bewegung, Weg und Begegnung. Das Design besteht aus schwarzen Linien, die sich auf einem wei\u00dfen Grund kreuzen, \u00fcberlagern und aufeinander reagieren und so eine dynamische und ausdrucksstarke Komposition bilden. Die Kurven strecken sich, verflechten sich und entfernen sich wieder \u2013 wie die vielf\u00e4ltigen Bahnen eines sich st\u00e4ndig wandelnden Lebenswegs.<\/p>\n<p>Der Kontrast zwischen tiefem Schwarz und leuchtendem Wei\u00df verleiht dem Teppich eine unmittelbare grafische Kraft. Diese Dualit\u00e4t betont das Design und l\u00e4sst zugleich dem Raum Luft zum Atmen zwischen Spannung und Balance, Rhythmus und Stille. Die Linien wirken beinahe handgezeichnet und bewahren eine spontane, freie Energie.<\/p>\n<p>Gefertigt aus feiner Wolle in Kombination mit Lyocell bietet Journey eine weiche, seidige und subtil lichtvolle Haptik. Die Cut-Technik erm\u00f6glicht eine klare und pr\u00e4zise Lesbarkeit des Musters und verst\u00e4rkt die Klarheit der Linien sowie die Reinheit des Kontrasts. Das Material f\u00e4ngt das Licht mit Feingef\u00fchl ein und hebt jede Kurve hervor, ohne das Gesamtbild zu beschweren.<\/p>\n<p>Durch seine grafische und zeitlose \u00c4sthetik f\u00fcgt sich Journey m\u00fchelos in zeitgen\u00f6ssische, minimalistische oder architektonische Interieurs ein. Er harmoniert hervorragend mit einer Vielzahl von Materialien und nat\u00fcrlichen Textilien. Ob im Wohnbereich, Esszimmer oder B\u00fcro \u2013 er strukturiert den Raum und verleiht ihm zugleich eine kontrollierte, ausgewogene Energie.<\/p>\n<p>Einen Journey Teppich zu w\u00e4hlen bedeutet, eine grafische und zugleich sensible Haltung einzunehmen, in der Schwarz und Wei\u00df von Bewegung erz\u00e4hlen, vom zur\u00fcckgelegten Weg und von der Sch\u00f6nheit sich kreuzender Linien.<\/p>\n<div id=\"simple-translate\" class=\"simple-translate-system-theme\">\n<div>\n<div class=\"simple-translate-button isShow\" style=\"background-image: url('chrome-extension:\/\/ibplnjkanclpjokhdolnendpplpjiace\/icons\/512.png'); height: 22px; width: 22px; top: 88px; left: 596px;\"><\/div>\n<div class=\"simple-translate-panel\" style=\"width: 300px; height: 200px; top: 0px; left: 0px; font-size: 13px;\">\n<div class=\"simple-translate-result-wrapper\" style=\"overflow: hidden;\">\n<div class=\"simple-translate-move\" draggable=\"true\"><\/div>\n<div class=\"simple-translate-result-contents\">\n<p class=\"simple-translate-candidate\" dir=\"auto\">\n<\/div>\n<\/div>\n<\/div>\n<\/div>\n<\/div>","protected":false},"excerpt":{"rendered":"<p>Journey incarne le mouvement, le cheminement et la rencontre. Son dessin est compos\u00e9 de lignes noires qui se croisent sur une fond blanc, se superposent et se r\u00e9pondent cr\u00e9ant une composition dynamique et expressive. Les courbes s\u2019\u00e9lancent, s\u2019entrelacent puis s\u2019\u00e9loignent, comme les trajectoires multiples d\u2019un parcours en constante \u00e9volution. Le contraste du noir profond et [&hellip;]<\/p>","protected":false},"featured_media":15086,"comment_status":"open","ping_status":"closed","template":"","meta":{"_acf_changed":false},"product_brand":[],"product_cat":[300,27],"product_tag":[],"collections":[262],"awards":[],"by_color":[337,336,335],"class_list":{"0":"post-15030","1":"product","2":"type-product","3":"status-publish","4":"has-post-thumbnail","6":"product_cat-tapis-a-motifs","7":"product_cat-rugs","8":"collections-lifelines","9":"by_color-bicolore","10":"by_color-blanc","11":"by_color-noir-blanc","13":"first","14":"instock","15":"shipping-taxable","16":"purchasable","17":"product-type-variable"},"acf":[],"yoast_head":"<!-- This site is optimized with the Yoast SEO Premium plugin v25.7.1 (Yoast SEO v26.9) - https:\/\/yoast.com\/product\/yoast-seo-premium-wordpress\/ -->\n<title>Tapis design sur mesure Journey - Softicated<\/title>\n<meta name=\"description\" content=\"Son dessin est compos\u00e9 de lignes noires qui se croisent sur une fond blanc, se superposent et se r\u00e9pondent cr\u00e9ant une composition dynamique et expressive.\" \/>\n<meta name=\"robots\" content=\"index, follow, max-snippet:-1, max-image-preview:large, max-video-preview:-1\" \/>\n<link rel=\"canonical\" href=\"https:\/\/softicated.com\/de\/produit\/tapis-journey\/\" \/>\n<meta property=\"og:locale\" content=\"de_DE\" \/>\n<meta property=\"og:type\" content=\"article\" \/>\n<meta property=\"og:title\" content=\"Tapis Journey\" \/>\n<meta property=\"og:description\" content=\"Son dessin est compos\u00e9 de lignes noires qui se croisent sur une fond blanc, se superposent et se r\u00e9pondent cr\u00e9ant une composition dynamique et expressive.\" \/>\n<meta property=\"og:url\" content=\"https:\/\/softicated.com\/de\/produit\/tapis-journey\/\" \/>\n<meta property=\"og:site_name\" content=\"Softicated\" \/>\n<meta property=\"article:publisher\" content=\"https:\/\/www.facebook.com\/Softicated\" \/>\n<meta property=\"article:modified_time\" content=\"2026-03-16T05:13:46+00:00\" \/>\n<meta property=\"og:image\" content=\"https:\/\/softicated.com\/wp-content\/uploads\/2026\/02\/journey-Rugs-e1772004257434.webp\" \/>\n\t<meta property=\"og:image:width\" content=\"180\" \/>\n\t<meta property=\"og:image:height\" content=\"259\" \/>\n\t<meta property=\"og:image:type\" content=\"image\/webp\" \/>\n<meta name=\"twitter:card\" content=\"summary_large_image\" \/>\n<script type=\"application\/ld+json\" class=\"yoast-schema-graph\">{\"@context\":\"https:\/\/schema.org\",\"@graph\":[{\"@type\":\"WebPage\",\"@id\":\"https:\/\/softicated.com\/produit\/tapis-journey\/\",\"url\":\"https:\/\/softicated.com\/produit\/tapis-journey\/\",\"name\":\"Tapis design sur mesure Journey - Softicated\",\"isPartOf\":{\"@id\":\"https:\/\/softicated.com\/#website\"},\"primaryImageOfPage\":{\"@id\":\"https:\/\/softicated.com\/produit\/tapis-journey\/#primaryimage\"},\"image\":{\"@id\":\"https:\/\/softicated.com\/produit\/tapis-journey\/#primaryimage\"},\"thumbnailUrl\":\"https:\/\/softicated.com\/wp-content\/uploads\/2026\/02\/journey-Rugs-e1772004257434.webp\",\"datePublished\":\"2026-02-23T11:56:46+00:00\",\"dateModified\":\"2026-03-16T05:13:46+00:00\",\"description\":\"Son dessin est compos\u00e9 de lignes noires qui se croisent sur une fond blanc, se superposent et se r\u00e9pondent cr\u00e9ant une composition dynamique et expressive.\",\"breadcrumb\":{\"@id\":\"https:\/\/softicated.com\/produit\/tapis-journey\/#breadcrumb\"},\"inLanguage\":\"de-CH\",\"potentialAction\":[{\"@type\":\"ReadAction\",\"target\":[\"https:\/\/softicated.com\/produit\/tapis-journey\/\"]}]},{\"@type\":\"ImageObject\",\"inLanguage\":\"de-CH\",\"@id\":\"https:\/\/softicated.com\/produit\/tapis-journey\/#primaryimage\",\"url\":\"https:\/\/softicated.com\/wp-content\/uploads\/2026\/02\/journey-Rugs-e1772004257434.webp\",\"contentUrl\":\"https:\/\/softicated.com\/wp-content\/uploads\/2026\/02\/journey-Rugs-e1772004257434.webp\",\"width\":180,\"height\":259,\"caption\":\"journey-Rugs\"},{\"@type\":\"BreadcrumbList\",\"@id\":\"https:\/\/softicated.com\/produit\/tapis-journey\/#breadcrumb\",\"itemListElement\":[{\"@type\":\"ListItem\",\"position\":1,\"name\":\"Accueil\",\"item\":\"https:\/\/softicated.com\/\"},{\"@type\":\"ListItem\",\"position\":2,\"name\":\"Produits Mobilier Premium Softicated\",\"item\":\"https:\/\/softicated.com\/produits\/\"},{\"@type\":\"ListItem\",\"position\":3,\"name\":\"Tapis \u00e0 motifs\",\"item\":\"https:\/\/softicated.com\/categorie-produit\/tapis-a-motifs\/\"},{\"@type\":\"ListItem\",\"position\":4,\"name\":\"Swiss design tapis\"}]},{\"@type\":\"WebSite\",\"@id\":\"https:\/\/softicated.com\/#website\",\"url\":\"https:\/\/softicated.com\/\",\"name\":\"Softicated\",\"description\":\"Cr\u00e9ateur de meubles, luminaires et tapis premium\",\"publisher\":{\"@id\":\"https:\/\/softicated.com\/#organization\"},\"potentialAction\":[{\"@type\":\"SearchAction\",\"target\":{\"@type\":\"EntryPoint\",\"urlTemplate\":\"https:\/\/softicated.com\/?s={search_term_string}\"},\"query-input\":{\"@type\":\"PropertyValueSpecification\",\"valueRequired\":true,\"valueName\":\"search_term_string\"}}],\"inLanguage\":\"de-CH\"},{\"@type\":\"Organization\",\"@id\":\"https:\/\/softicated.com\/#organization\",\"name\":\"Softicated\",\"url\":\"https:\/\/softicated.com\/\",\"logo\":{\"@type\":\"ImageObject\",\"inLanguage\":\"de-CH\",\"@id\":\"https:\/\/softicated.com\/#\/schema\/logo\/image\/\",\"url\":\"https:\/\/softicated.com\/wp-content\/uploads\/2025\/11\/logo-dark-2.svg\",\"contentUrl\":\"https:\/\/softicated.com\/wp-content\/uploads\/2025\/11\/logo-dark-2.svg\",\"caption\":\"Softicated\"},\"image\":{\"@id\":\"https:\/\/softicated.com\/#\/schema\/logo\/image\/\"},\"sameAs\":[\"https:\/\/www.facebook.com\/Softicated\",\"https:\/\/www.pinterest.com\/softicateddesign\",\"https:\/\/www.instagram.com\/softicated.design\"]}]}<\/script>\n<!-- \/ Yoast SEO Premium plugin. -->","yoast_head_json":{"title":"Design-Teppich nach Ma\u00df Journey - Softicated","description":"Son dessin est compos\u00e9 de lignes noires qui se croisent sur une fond blanc, se superposent et se r\u00e9pondent cr\u00e9ant une composition dynamique et expressive.","robots":{"index":"index","follow":"follow","max-snippet":"max-snippet:-1","max-image-preview":"max-image-preview:large","max-video-preview":"max-video-preview:-1"},"canonical":"https:\/\/softicated.com\/de\/produit\/tapis-journey\/","og_locale":"de_DE","og_type":"article","og_title":"Tapis Journey","og_description":"Son dessin est compos\u00e9 de lignes noires qui se croisent sur une fond blanc, se superposent et se r\u00e9pondent cr\u00e9ant une composition dynamique et expressive.","og_url":"https:\/\/softicated.com\/de\/produit\/tapis-journey\/","og_site_name":"Softicated","article_publisher":"https:\/\/www.facebook.com\/Softicated","article_modified_time":"2026-03-16T05:13:46+00:00","og_image":[{"width":180,"height":259,"url":"https:\/\/softicated.com\/wp-content\/uploads\/2026\/02\/journey-Rugs-e1772004257434.webp","type":"image\/webp"}],"twitter_card":"summary_large_image","schema":{"@context":"https:\/\/schema.org","@graph":[{"@type":"WebPage","@id":"https:\/\/softicated.com\/produit\/tapis-journey\/","url":"https:\/\/softicated.com\/produit\/tapis-journey\/","name":"Design-Teppich nach Ma\u00df Journey - Softicated","isPartOf":{"@id":"https:\/\/softicated.com\/#website"},"primaryImageOfPage":{"@id":"https:\/\/softicated.com\/produit\/tapis-journey\/#primaryimage"},"image":{"@id":"https:\/\/softicated.com\/produit\/tapis-journey\/#primaryimage"},"thumbnailUrl":"https:\/\/softicated.com\/wp-content\/uploads\/2026\/02\/journey-Rugs-e1772004257434.webp","datePublished":"2026-02-23T11:56:46+00:00","dateModified":"2026-03-16T05:13:46+00:00","description":"Son dessin est compos\u00e9 de lignes noires qui se croisent sur une fond blanc, se superposent et se r\u00e9pondent cr\u00e9ant une composition dynamique et expressive.","breadcrumb":{"@id":"https:\/\/softicated.com\/produit\/tapis-journey\/#breadcrumb"},"inLanguage":"de-CH","potentialAction":[{"@type":"ReadAction","target":["https:\/\/softicated.com\/produit\/tapis-journey\/"]}]},{"@type":"ImageObject","inLanguage":"de-CH","@id":"https:\/\/softicated.com\/produit\/tapis-journey\/#primaryimage","url":"https:\/\/softicated.com\/wp-content\/uploads\/2026\/02\/journey-Rugs-e1772004257434.webp","contentUrl":"https:\/\/softicated.com\/wp-content\/uploads\/2026\/02\/journey-Rugs-e1772004257434.webp","width":180,"height":259,"caption":"journey-Rugs"},{"@type":"BreadcrumbList","@id":"https:\/\/softicated.com\/produit\/tapis-journey\/#breadcrumb","itemListElement":[{"@type":"ListItem","position":1,"name":"Accueil","item":"https:\/\/softicated.com\/"},{"@type":"ListItem","position":2,"name":"Produits Mobilier Premium Softicated","item":"https:\/\/softicated.com\/produits\/"},{"@type":"ListItem","position":3,"name":"Tapis \u00e0 motifs","item":"https:\/\/softicated.com\/categorie-produit\/tapis-a-motifs\/"},{"@type":"ListItem","position":4,"name":"Swiss design tapis"}]},{"@type":"WebSite","@id":"https:\/\/softicated.com\/#website","url":"https:\/\/softicated.com\/","name":"Softicated","description":"Sch\u00f6pfer hochwertiger M\u00f6bel, Leuchten und Teppiche","publisher":{"@id":"https:\/\/softicated.com\/#organization"},"potentialAction":[{"@type":"SearchAction","target":{"@type":"EntryPoint","urlTemplate":"https:\/\/softicated.com\/?s={search_term_string}"},"query-input":{"@type":"PropertyValueSpecification","valueRequired":true,"valueName":"search_term_string"}}],"inLanguage":"de-CH"},{"@type":"Organization","@id":"https:\/\/softicated.com\/#organization","name":"Softicated","url":"https:\/\/softicated.com\/","logo":{"@type":"ImageObject","inLanguage":"de-CH","@id":"https:\/\/softicated.com\/#\/schema\/logo\/image\/","url":"https:\/\/softicated.com\/wp-content\/uploads\/2025\/11\/logo-dark-2.svg","contentUrl":"https:\/\/softicated.com\/wp-content\/uploads\/2025\/11\/logo-dark-2.svg","caption":"Softicated"},"image":{"@id":"https:\/\/softicated.com\/#\/schema\/logo\/image\/"},"sameAs":["https:\/\/www.facebook.com\/Softicated","https:\/\/www.pinterest.com\/softicateddesign","https:\/\/www.instagram.com\/softicated.design"]}]}},"_links":{"self":[{"href":"https:\/\/softicated.com\/de\/wp-json\/wp\/v2\/product\/15030","targetHints":{"allow":["GET"]}}],"collection":[{"href":"https:\/\/softicated.com\/de\/wp-json\/wp\/v2\/product"}],"about":[{"href":"https:\/\/softicated.com\/de\/wp-json\/wp\/v2\/types\/product"}],"replies":[{"embeddable":true,"href":"https:\/\/softicated.com\/de\/wp-json\/wp\/v2\/comments?post=15030"}],"wp:featuredmedia":[{"embeddable":true,"href":"https:\/\/softicated.com\/de\/wp-json\/wp\/v2\/media\/15086"}],"wp:attachment":[{"href":"https:\/\/softicated.com\/de\/wp-json\/wp\/v2\/media?parent=15030"}],"wp:term":[{"taxonomy":"product_brand","embeddable":true,"href":"https:\/\/softicated.com\/de\/wp-json\/wp\/v2\/product_brand?post=15030"},{"taxonomy":"product_cat","embeddable":true,"href":"https:\/\/softicated.com\/de\/wp-json\/wp\/v2\/product_cat?post=15030"},{"taxonomy":"product_tag","embeddable":true,"href":"https:\/\/softicated.com\/de\/wp-json\/wp\/v2\/product_tag?post=15030"},{"taxonomy":"collections","embeddable":true,"href":"https:\/\/softicated.com\/de\/wp-json\/wp\/v2\/collections?post=15030"},{"taxonomy":"awards","embeddable":true,"href":"https:\/\/softicated.com\/de\/wp-json\/wp\/v2\/awards?post=15030"},{"taxonomy":"by_color","embeddable":true,"href":"https:\/\/softicated.com\/de\/wp-json\/wp\/v2\/by_color?post=15030"}],"curies":[{"name":"wp","href":"https:\/\/api.w.org\/{rel}","templated":true}]}}