{"id":15021,"date":"2026-02-23T12:56:49","date_gmt":"2026-02-23T11:56:49","guid":{"rendered":"https:\/\/softicated.com\/?post_type=product&#038;p=15021"},"modified":"2026-03-16T06:02:02","modified_gmt":"2026-03-16T05:02:02","slug":"tapis-terra","status":"publish","type":"product","link":"https:\/\/softicated.com\/de\/produit\/tapis-terra\/","title":{"rendered":"Teppich Terra"},"content":{"rendered":"<p>Terra steht im Zentrum der Furrows Kollektion als direkte Anspielung auf die urspr\u00fcngliche Erde stabil und tiefgr\u00fcndig. Das Design ist von den Furchen der Felder inspiriert, von Linien, die durch Zeit und Arbeit entstanden sind und die Landschaft strukturieren.<\/p>\n<p>Der taupefarbene Grund erinnert an den Boden, w\u00e4hrend tiefgr\u00fcne und goldbraune Linien auf dezente Vegetation und den mineralischen Reichtum der Erde verweisen. Die Kurven strecken sich, antworten einander und \u00fcberlagern sich. So entsteht ein feines Gleichgewicht zwischen Verankerung und Bewegung, zwischen Zur\u00fcckhaltung und Tiefe.<\/p>\n<p>Gefertigt aus feiner Wolle in Kombination mit Lyocell (botanische Seide), bietet Terra eine weiche, seidige Haptik, die zugleich matt und lichtvoll ist. Das Material f\u00e4ngt das Licht mit Feingef\u00fchl ein und l\u00e4sst Reliefs und Variationen des Designs sichtbar werden. Die Cut-&amp;-Loop-Technik betont das Wechselspiel von Erhebungen und Vertiefungen und verleiht dem Teppich eine skulpturale, organische Pr\u00e4senz.<\/p>\n<p>Die Farbt\u00f6ne Taupe, Gr\u00fcn und Goldbraun treten in einen harmonischen Dialog mit nat\u00fcrlichen Materialien wie hellem oder dunklem Holz, Stein, Terrakotta, mineralischem Beton, Leinen oder Leder und passen besonders gut zu zeitgen\u00f6ssischen und minimalistischen Interieurs.<\/p>\n<p>Dank seiner nat\u00fcrlichen Farbpalette und seines zugleich strukturierten und organischen Designs f\u00fcgt sich Terra harmonisch in eine Vielzahl von Wohnr\u00e4umen ein. Ob im Wohnzimmer, Schlafzimmer oder B\u00fcro er verleiht dem Raum eine ruhige Tiefe und Ausgewogenheit.<\/p>\n<p>Einen Terra Teppich zu w\u00e4hlen bedeutet, den Raum in einer nat\u00fcrlichen und eleganten Materie zu verankern, inspiriert von den Rhythmen der Erde ein feines Gleichgewicht aus Tiefe, Sanftheit und Zeitlosigkeit.<\/p>","protected":false},"excerpt":{"rendered":"<p>Terra s\u2019inscrit au c\u0153ur de la collection Furrows comme une \u00e9vocation directe de la terre originelle, stable et profonde. Son dessin s\u2019inspire des sillons du sol trac\u00e9s dans les champs, de ces lignes trac\u00e9es par le temps et le travail qui structurent le paysage. Le fond taupe \u00e9voque la terre tandis que les lignes vert [&hellip;]<\/p>","protected":false},"featured_media":15191,"comment_status":"open","ping_status":"closed","template":"","meta":{"_acf_changed":false},"product_brand":[],"product_cat":[299,27],"product_tag":[],"collections":[261],"awards":[],"by_color":[],"class_list":{"0":"post-15021","1":"product","2":"type-product","3":"status-publish","4":"has-post-thumbnail","6":"product_cat-tapis-multicolores","7":"product_cat-rugs","8":"collections-furrows","10":"first","11":"instock","12":"shipping-taxable","13":"purchasable","14":"product-type-variable"},"acf":[],"yoast_head":"<!-- This site is optimized with the Yoast SEO Premium plugin v25.7.1 (Yoast SEO v26.9) - https:\/\/yoast.com\/product\/yoast-seo-premium-wordpress\/ -->\n<title>Tapis design sur mesure Terra - Softicated<\/title>\n<meta name=\"description\" content=\"Terra s\u2019inscrit au c\u0153ur de la collection Furrows comme une \u00e9vocation directe de la terre originelle, stable et profonde. Son dessin s\u2019inspire ...\" \/>\n<meta name=\"robots\" content=\"index, follow, max-snippet:-1, max-image-preview:large, max-video-preview:-1\" \/>\n<link rel=\"canonical\" href=\"https:\/\/softicated.com\/de\/produit\/tapis-terra\/\" \/>\n<meta property=\"og:locale\" content=\"de_DE\" \/>\n<meta property=\"og:type\" content=\"article\" \/>\n<meta property=\"og:title\" content=\"Tapis Terra\" \/>\n<meta property=\"og:description\" content=\"Terra s\u2019inscrit au c\u0153ur de la collection Furrows comme une \u00e9vocation directe de la terre originelle, stable et profonde. Son dessin s\u2019inspire ...\" \/>\n<meta property=\"og:url\" content=\"https:\/\/softicated.com\/de\/produit\/tapis-terra\/\" \/>\n<meta property=\"og:site_name\" content=\"Softicated\" \/>\n<meta property=\"article:publisher\" content=\"https:\/\/www.facebook.com\/Softicated\" \/>\n<meta property=\"article:modified_time\" content=\"2026-03-16T05:02:02+00:00\" \/>\n<meta property=\"og:image\" content=\"https:\/\/softicated.com\/wp-content\/uploads\/2026\/02\/terra-resize.png\" \/>\n\t<meta property=\"og:image:width\" content=\"188\" \/>\n\t<meta property=\"og:image:height\" content=\"260\" \/>\n\t<meta property=\"og:image:type\" content=\"image\/png\" \/>\n<meta name=\"twitter:card\" content=\"summary_large_image\" \/>\n<script type=\"application\/ld+json\" class=\"yoast-schema-graph\">{\"@context\":\"https:\/\/schema.org\",\"@graph\":[{\"@type\":\"WebPage\",\"@id\":\"https:\/\/softicated.com\/produit\/tapis-terra\/\",\"url\":\"https:\/\/softicated.com\/produit\/tapis-terra\/\",\"name\":\"Tapis design sur mesure Terra - Softicated\",\"isPartOf\":{\"@id\":\"https:\/\/softicated.com\/#website\"},\"primaryImageOfPage\":{\"@id\":\"https:\/\/softicated.com\/produit\/tapis-terra\/#primaryimage\"},\"image\":{\"@id\":\"https:\/\/softicated.com\/produit\/tapis-terra\/#primaryimage\"},\"thumbnailUrl\":\"https:\/\/softicated.com\/wp-content\/uploads\/2026\/02\/terra-resize.png\",\"datePublished\":\"2026-02-23T11:56:49+00:00\",\"dateModified\":\"2026-03-16T05:02:02+00:00\",\"description\":\"Terra s\u2019inscrit au c\u0153ur de la collection Furrows comme une \u00e9vocation directe de la terre originelle, stable et profonde. Son dessin s\u2019inspire ...\",\"breadcrumb\":{\"@id\":\"https:\/\/softicated.com\/produit\/tapis-terra\/#breadcrumb\"},\"inLanguage\":\"de-CH\",\"potentialAction\":[{\"@type\":\"ReadAction\",\"target\":[\"https:\/\/softicated.com\/produit\/tapis-terra\/\"]}]},{\"@type\":\"ImageObject\",\"inLanguage\":\"de-CH\",\"@id\":\"https:\/\/softicated.com\/produit\/tapis-terra\/#primaryimage\",\"url\":\"https:\/\/softicated.com\/wp-content\/uploads\/2026\/02\/terra-resize.png\",\"contentUrl\":\"https:\/\/softicated.com\/wp-content\/uploads\/2026\/02\/terra-resize.png\",\"width\":188,\"height\":260,\"caption\":\"terra-resize\"},{\"@type\":\"BreadcrumbList\",\"@id\":\"https:\/\/softicated.com\/produit\/tapis-terra\/#breadcrumb\",\"itemListElement\":[{\"@type\":\"ListItem\",\"position\":1,\"name\":\"Accueil\",\"item\":\"https:\/\/softicated.com\/\"},{\"@type\":\"ListItem\",\"position\":2,\"name\":\"Produits Mobilier Premium Softicated\",\"item\":\"https:\/\/softicated.com\/produits\/\"},{\"@type\":\"ListItem\",\"position\":3,\"name\":\"Tapis multicolores\",\"item\":\"https:\/\/softicated.com\/categorie-produit\/tapis-multicolores\/\"},{\"@type\":\"ListItem\",\"position\":4,\"name\":\"Swiss design tapis\"}]},{\"@type\":\"WebSite\",\"@id\":\"https:\/\/softicated.com\/#website\",\"url\":\"https:\/\/softicated.com\/\",\"name\":\"Softicated\",\"description\":\"Cr\u00e9ateur de meubles, luminaires et tapis premium\",\"publisher\":{\"@id\":\"https:\/\/softicated.com\/#organization\"},\"potentialAction\":[{\"@type\":\"SearchAction\",\"target\":{\"@type\":\"EntryPoint\",\"urlTemplate\":\"https:\/\/softicated.com\/?s={search_term_string}\"},\"query-input\":{\"@type\":\"PropertyValueSpecification\",\"valueRequired\":true,\"valueName\":\"search_term_string\"}}],\"inLanguage\":\"de-CH\"},{\"@type\":\"Organization\",\"@id\":\"https:\/\/softicated.com\/#organization\",\"name\":\"Softicated\",\"url\":\"https:\/\/softicated.com\/\",\"logo\":{\"@type\":\"ImageObject\",\"inLanguage\":\"de-CH\",\"@id\":\"https:\/\/softicated.com\/#\/schema\/logo\/image\/\",\"url\":\"https:\/\/softicated.com\/wp-content\/uploads\/2025\/11\/logo-dark-2.svg\",\"contentUrl\":\"https:\/\/softicated.com\/wp-content\/uploads\/2025\/11\/logo-dark-2.svg\",\"caption\":\"Softicated\"},\"image\":{\"@id\":\"https:\/\/softicated.com\/#\/schema\/logo\/image\/\"},\"sameAs\":[\"https:\/\/www.facebook.com\/Softicated\",\"https:\/\/www.pinterest.com\/softicateddesign\",\"https:\/\/www.instagram.com\/softicated.design\"]}]}<\/script>\n<!-- \/ Yoast SEO Premium plugin. -->","yoast_head_json":{"title":"Tapis design sur mesure Terra - Softicated","description":"Terra s\u2019inscrit au c\u0153ur de la collection Furrows comme une \u00e9vocation directe de la terre originelle, stable et profonde. Son dessin s\u2019inspire ...","robots":{"index":"index","follow":"follow","max-snippet":"max-snippet:-1","max-image-preview":"max-image-preview:large","max-video-preview":"max-video-preview:-1"},"canonical":"https:\/\/softicated.com\/de\/produit\/tapis-terra\/","og_locale":"de_DE","og_type":"article","og_title":"Tapis Terra","og_description":"Terra s\u2019inscrit au c\u0153ur de la collection Furrows comme une \u00e9vocation directe de la terre originelle, stable et profonde. Son dessin s\u2019inspire ...","og_url":"https:\/\/softicated.com\/de\/produit\/tapis-terra\/","og_site_name":"Softicated","article_publisher":"https:\/\/www.facebook.com\/Softicated","article_modified_time":"2026-03-16T05:02:02+00:00","og_image":[{"width":188,"height":260,"url":"https:\/\/softicated.com\/wp-content\/uploads\/2026\/02\/terra-resize.png","type":"image\/png"}],"twitter_card":"summary_large_image","schema":{"@context":"https:\/\/schema.org","@graph":[{"@type":"WebPage","@id":"https:\/\/softicated.com\/produit\/tapis-terra\/","url":"https:\/\/softicated.com\/produit\/tapis-terra\/","name":"Tapis design sur mesure Terra - Softicated","isPartOf":{"@id":"https:\/\/softicated.com\/#website"},"primaryImageOfPage":{"@id":"https:\/\/softicated.com\/produit\/tapis-terra\/#primaryimage"},"image":{"@id":"https:\/\/softicated.com\/produit\/tapis-terra\/#primaryimage"},"thumbnailUrl":"https:\/\/softicated.com\/wp-content\/uploads\/2026\/02\/terra-resize.png","datePublished":"2026-02-23T11:56:49+00:00","dateModified":"2026-03-16T05:02:02+00:00","description":"Terra s\u2019inscrit au c\u0153ur de la collection Furrows comme une \u00e9vocation directe de la terre originelle, stable et profonde. Son dessin s\u2019inspire ...","breadcrumb":{"@id":"https:\/\/softicated.com\/produit\/tapis-terra\/#breadcrumb"},"inLanguage":"de-CH","potentialAction":[{"@type":"ReadAction","target":["https:\/\/softicated.com\/produit\/tapis-terra\/"]}]},{"@type":"ImageObject","inLanguage":"de-CH","@id":"https:\/\/softicated.com\/produit\/tapis-terra\/#primaryimage","url":"https:\/\/softicated.com\/wp-content\/uploads\/2026\/02\/terra-resize.png","contentUrl":"https:\/\/softicated.com\/wp-content\/uploads\/2026\/02\/terra-resize.png","width":188,"height":260,"caption":"terra-resize"},{"@type":"BreadcrumbList","@id":"https:\/\/softicated.com\/produit\/tapis-terra\/#breadcrumb","itemListElement":[{"@type":"ListItem","position":1,"name":"Accueil","item":"https:\/\/softicated.com\/"},{"@type":"ListItem","position":2,"name":"Produits Mobilier Premium Softicated","item":"https:\/\/softicated.com\/produits\/"},{"@type":"ListItem","position":3,"name":"Tapis multicolores","item":"https:\/\/softicated.com\/categorie-produit\/tapis-multicolores\/"},{"@type":"ListItem","position":4,"name":"Swiss design tapis"}]},{"@type":"WebSite","@id":"https:\/\/softicated.com\/#website","url":"https:\/\/softicated.com\/","name":"Softicated","description":"Sch\u00f6pfer hochwertiger M\u00f6bel, Leuchten und Teppiche","publisher":{"@id":"https:\/\/softicated.com\/#organization"},"potentialAction":[{"@type":"SearchAction","target":{"@type":"EntryPoint","urlTemplate":"https:\/\/softicated.com\/?s={search_term_string}"},"query-input":{"@type":"PropertyValueSpecification","valueRequired":true,"valueName":"search_term_string"}}],"inLanguage":"de-CH"},{"@type":"Organization","@id":"https:\/\/softicated.com\/#organization","name":"Softicated","url":"https:\/\/softicated.com\/","logo":{"@type":"ImageObject","inLanguage":"de-CH","@id":"https:\/\/softicated.com\/#\/schema\/logo\/image\/","url":"https:\/\/softicated.com\/wp-content\/uploads\/2025\/11\/logo-dark-2.svg","contentUrl":"https:\/\/softicated.com\/wp-content\/uploads\/2025\/11\/logo-dark-2.svg","caption":"Softicated"},"image":{"@id":"https:\/\/softicated.com\/#\/schema\/logo\/image\/"},"sameAs":["https:\/\/www.facebook.com\/Softicated","https:\/\/www.pinterest.com\/softicateddesign","https:\/\/www.instagram.com\/softicated.design"]}]}},"_links":{"self":[{"href":"https:\/\/softicated.com\/de\/wp-json\/wp\/v2\/product\/15021","targetHints":{"allow":["GET"]}}],"collection":[{"href":"https:\/\/softicated.com\/de\/wp-json\/wp\/v2\/product"}],"about":[{"href":"https:\/\/softicated.com\/de\/wp-json\/wp\/v2\/types\/product"}],"replies":[{"embeddable":true,"href":"https:\/\/softicated.com\/de\/wp-json\/wp\/v2\/comments?post=15021"}],"wp:featuredmedia":[{"embeddable":true,"href":"https:\/\/softicated.com\/de\/wp-json\/wp\/v2\/media\/15191"}],"wp:attachment":[{"href":"https:\/\/softicated.com\/de\/wp-json\/wp\/v2\/media?parent=15021"}],"wp:term":[{"taxonomy":"product_brand","embeddable":true,"href":"https:\/\/softicated.com\/de\/wp-json\/wp\/v2\/product_brand?post=15021"},{"taxonomy":"product_cat","embeddable":true,"href":"https:\/\/softicated.com\/de\/wp-json\/wp\/v2\/product_cat?post=15021"},{"taxonomy":"product_tag","embeddable":true,"href":"https:\/\/softicated.com\/de\/wp-json\/wp\/v2\/product_tag?post=15021"},{"taxonomy":"collections","embeddable":true,"href":"https:\/\/softicated.com\/de\/wp-json\/wp\/v2\/collections?post=15021"},{"taxonomy":"awards","embeddable":true,"href":"https:\/\/softicated.com\/de\/wp-json\/wp\/v2\/awards?post=15021"},{"taxonomy":"by_color","embeddable":true,"href":"https:\/\/softicated.com\/de\/wp-json\/wp\/v2\/by_color?post=15021"}],"curies":[{"name":"wp","href":"https:\/\/api.w.org\/{rel}","templated":true}]}}