{"id":15015,"date":"2026-02-23T12:56:50","date_gmt":"2026-02-23T11:56:50","guid":{"rendered":"https:\/\/softicated.com\/?post_type=product&#038;p=15015"},"modified":"2026-03-20T12:58:17","modified_gmt":"2026-03-20T11:58:17","slug":"tapis-sepia","status":"publish","type":"product","link":"https:\/\/softicated.com\/de\/produit\/tapis-sepia\/","title":{"rendered":"Teppich Sepia"},"content":{"rendered":"<p>Sepia erkundet eine grafische und zugleich reduzierte Lesart der Landschaft. Das Design ist von Furchen inspiriert, die als abstrakte Spur wahrgenommen und auf ihr Wesentliches reduziert werden. Die Linien entfalten sich in offenen Schleifen und bilden einen Weg, der die Oberfl\u00e4che flie\u00dfend strukturiert.<\/p>\n<p>Der Kontrast von Schwarz und Wei\u00df verst\u00e4rkt die Ausdruckskraft des Motivs. Das Design behauptet eine klare und zeitlose Pr\u00e4senz. Die bewusst unregelm\u00e4\u00dfigen Linien und Kurven erzeugen ein feines Zusammenspiel von Kontrolle und Spontaneit\u00e4t und erinnern an die wiederholte Geste der Feldarbeit.<\/p>\n<p>Die Cut-&amp;-Loop-Technik hebt das Spiel von Reliefs und Tiefen hervor und l\u00e4sst das Muster durch die Materie selbst entstehen. So erh\u00e4lt der Teppich eine nahezu architektonische Dimension.<\/p>\n<p>Sepia f\u00fcgt sich m\u00fchelos in zeitgen\u00f6ssische, minimalistische oder grafische Interieurs ein. Er begleitet reduzierte R\u00e4ume, markante Architekturen und rohe Materialien wie Beton, Stein, Metall oder dunkles Holz und bringt Rhythmus und Struktur, ohne visuell zu \u00fcberladen.<\/p>\n<p>So bietet Sepia eine zur\u00fcckhaltende und zugleich kraftvolle Interpretation der bearbeiteten Erde \u2013 eine stille Pr\u00e4senz, die den Raum mit Pr\u00e4zision und Charakter verankert.<\/p>\n<p>Einen Sepia Teppich zu w\u00e4hlen bedeutet, sich f\u00fcr eine essenzielle und grafische \u00c4sthetik zu entscheiden, in der das Design zu Spur, Rhythmus und Gleichgewicht wird.<\/p>","protected":false},"excerpt":{"rendered":"<p>S\u00e9pia explore une lecture plus graphique et essentielle du paysage. Son dessin s\u2019inspire des sillons observ\u00e9s comme une empreinte abstraite r\u00e9duite \u00e0 l\u2019essentiel. Les lignes s\u2019encha\u00eenent en boucles ouvertes, se d\u00e9ploient en un parcours qui structure la surface avec fluidit\u00e9. Le contraste du noir et du blanc renforce la force du motif. Le dessin affirme [&hellip;]<\/p>","protected":false},"featured_media":15251,"comment_status":"open","ping_status":"closed","template":"","meta":{"_acf_changed":false},"product_brand":[],"product_cat":[300,27],"product_tag":[],"collections":[261],"awards":[],"by_color":[337,336,335],"class_list":{"0":"post-15015","1":"product","2":"type-product","3":"status-publish","4":"has-post-thumbnail","6":"product_cat-tapis-a-motifs","7":"product_cat-rugs","8":"collections-furrows","9":"by_color-bicolore","10":"by_color-blanc","11":"by_color-noir-blanc","13":"first","14":"instock","15":"shipping-taxable","16":"purchasable","17":"product-type-variable"},"acf":[],"yoast_head":"<!-- This site is optimized with the Yoast SEO Premium plugin v25.7.1 (Yoast SEO v26.9) - https:\/\/yoast.com\/product\/yoast-seo-premium-wordpress\/ -->\n<title>Tapis design sur mesure Sepia - Softicated<\/title>\n<meta name=\"description\" content=\"S\u00e9pia explore une lecture plus graphique et essentielle du paysage. Son dessin s\u2019inspire des sillons observ\u00e9s comme une empreinte abstraite r\u00e9duite \u00e0 ...\" \/>\n<meta name=\"robots\" content=\"index, follow, max-snippet:-1, max-image-preview:large, max-video-preview:-1\" \/>\n<link rel=\"canonical\" href=\"https:\/\/softicated.com\/de\/produit\/tapis-sepia\/\" \/>\n<meta property=\"og:locale\" content=\"de_DE\" \/>\n<meta property=\"og:type\" content=\"article\" \/>\n<meta property=\"og:title\" content=\"Tapis Sepia\" \/>\n<meta property=\"og:description\" content=\"S\u00e9pia explore une lecture plus graphique et essentielle du paysage. Son dessin s\u2019inspire des sillons observ\u00e9s comme une empreinte abstraite r\u00e9duite \u00e0 ...\" \/>\n<meta property=\"og:url\" content=\"https:\/\/softicated.com\/de\/produit\/tapis-sepia\/\" \/>\n<meta property=\"og:site_name\" content=\"Softicated\" \/>\n<meta property=\"article:publisher\" content=\"https:\/\/www.facebook.com\/Softicated\" \/>\n<meta property=\"article:modified_time\" content=\"2026-03-20T11:58:17+00:00\" \/>\n<meta property=\"og:image\" content=\"https:\/\/softicated.com\/wp-content\/uploads\/2026\/02\/IMG_1349-1.png\" \/>\n\t<meta property=\"og:image:width\" content=\"175\" \/>\n\t<meta property=\"og:image:height\" content=\"260\" \/>\n\t<meta property=\"og:image:type\" content=\"image\/png\" \/>\n<meta name=\"twitter:card\" content=\"summary_large_image\" \/>\n<script type=\"application\/ld+json\" class=\"yoast-schema-graph\">{\"@context\":\"https:\/\/schema.org\",\"@graph\":[{\"@type\":\"WebPage\",\"@id\":\"https:\/\/softicated.com\/produit\/tapis-sepia\/\",\"url\":\"https:\/\/softicated.com\/produit\/tapis-sepia\/\",\"name\":\"Tapis design sur mesure Sepia - Softicated\",\"isPartOf\":{\"@id\":\"https:\/\/softicated.com\/#website\"},\"primaryImageOfPage\":{\"@id\":\"https:\/\/softicated.com\/produit\/tapis-sepia\/#primaryimage\"},\"image\":{\"@id\":\"https:\/\/softicated.com\/produit\/tapis-sepia\/#primaryimage\"},\"thumbnailUrl\":\"https:\/\/softicated.com\/wp-content\/uploads\/2026\/02\/IMG_1349-1.png\",\"datePublished\":\"2026-02-23T11:56:50+00:00\",\"dateModified\":\"2026-03-20T11:58:17+00:00\",\"description\":\"S\u00e9pia explore une lecture plus graphique et essentielle du paysage. Son dessin s\u2019inspire des sillons observ\u00e9s comme une empreinte abstraite r\u00e9duite \u00e0 ...\",\"breadcrumb\":{\"@id\":\"https:\/\/softicated.com\/produit\/tapis-sepia\/#breadcrumb\"},\"inLanguage\":\"de-CH\",\"potentialAction\":[{\"@type\":\"ReadAction\",\"target\":[\"https:\/\/softicated.com\/produit\/tapis-sepia\/\"]}]},{\"@type\":\"ImageObject\",\"inLanguage\":\"de-CH\",\"@id\":\"https:\/\/softicated.com\/produit\/tapis-sepia\/#primaryimage\",\"url\":\"https:\/\/softicated.com\/wp-content\/uploads\/2026\/02\/IMG_1349-1.png\",\"contentUrl\":\"https:\/\/softicated.com\/wp-content\/uploads\/2026\/02\/IMG_1349-1.png\",\"width\":175,\"height\":260,\"caption\":\"Sepia\"},{\"@type\":\"BreadcrumbList\",\"@id\":\"https:\/\/softicated.com\/produit\/tapis-sepia\/#breadcrumb\",\"itemListElement\":[{\"@type\":\"ListItem\",\"position\":1,\"name\":\"Accueil\",\"item\":\"https:\/\/softicated.com\/\"},{\"@type\":\"ListItem\",\"position\":2,\"name\":\"Produits Mobilier Premium Softicated\",\"item\":\"https:\/\/softicated.com\/produits\/\"},{\"@type\":\"ListItem\",\"position\":3,\"name\":\"Tapis \u00e0 motifs\",\"item\":\"https:\/\/softicated.com\/categorie-produit\/tapis-a-motifs\/\"},{\"@type\":\"ListItem\",\"position\":4,\"name\":\"Swiss design tapis\"}]},{\"@type\":\"WebSite\",\"@id\":\"https:\/\/softicated.com\/#website\",\"url\":\"https:\/\/softicated.com\/\",\"name\":\"Softicated\",\"description\":\"Cr\u00e9ateur de meubles, luminaires et tapis premium\",\"publisher\":{\"@id\":\"https:\/\/softicated.com\/#organization\"},\"potentialAction\":[{\"@type\":\"SearchAction\",\"target\":{\"@type\":\"EntryPoint\",\"urlTemplate\":\"https:\/\/softicated.com\/?s={search_term_string}\"},\"query-input\":{\"@type\":\"PropertyValueSpecification\",\"valueRequired\":true,\"valueName\":\"search_term_string\"}}],\"inLanguage\":\"de-CH\"},{\"@type\":\"Organization\",\"@id\":\"https:\/\/softicated.com\/#organization\",\"name\":\"Softicated\",\"url\":\"https:\/\/softicated.com\/\",\"logo\":{\"@type\":\"ImageObject\",\"inLanguage\":\"de-CH\",\"@id\":\"https:\/\/softicated.com\/#\/schema\/logo\/image\/\",\"url\":\"https:\/\/softicated.com\/wp-content\/uploads\/2025\/11\/logo-dark-2.svg\",\"contentUrl\":\"https:\/\/softicated.com\/wp-content\/uploads\/2025\/11\/logo-dark-2.svg\",\"caption\":\"Softicated\"},\"image\":{\"@id\":\"https:\/\/softicated.com\/#\/schema\/logo\/image\/\"},\"sameAs\":[\"https:\/\/www.facebook.com\/Softicated\",\"https:\/\/www.pinterest.com\/softicateddesign\",\"https:\/\/www.instagram.com\/softicated.design\"]}]}<\/script>\n<!-- \/ Yoast SEO Premium plugin. -->","yoast_head_json":{"title":"Design-Teppich nach Ma\u00df Sepia - Softicated","description":"S\u00e9pia explore une lecture plus graphique et essentielle du paysage. Son dessin s\u2019inspire des sillons observ\u00e9s comme une empreinte abstraite r\u00e9duite \u00e0 ...","robots":{"index":"index","follow":"follow","max-snippet":"max-snippet:-1","max-image-preview":"max-image-preview:large","max-video-preview":"max-video-preview:-1"},"canonical":"https:\/\/softicated.com\/de\/produit\/tapis-sepia\/","og_locale":"de_DE","og_type":"article","og_title":"Tapis Sepia","og_description":"S\u00e9pia explore une lecture plus graphique et essentielle du paysage. Son dessin s\u2019inspire des sillons observ\u00e9s comme une empreinte abstraite r\u00e9duite \u00e0 ...","og_url":"https:\/\/softicated.com\/de\/produit\/tapis-sepia\/","og_site_name":"Softicated","article_publisher":"https:\/\/www.facebook.com\/Softicated","article_modified_time":"2026-03-20T11:58:17+00:00","og_image":[{"width":175,"height":260,"url":"https:\/\/softicated.com\/wp-content\/uploads\/2026\/02\/IMG_1349-1.png","type":"image\/png"}],"twitter_card":"summary_large_image","schema":{"@context":"https:\/\/schema.org","@graph":[{"@type":"WebPage","@id":"https:\/\/softicated.com\/produit\/tapis-sepia\/","url":"https:\/\/softicated.com\/produit\/tapis-sepia\/","name":"Design-Teppich nach Ma\u00df Sepia - Softicated","isPartOf":{"@id":"https:\/\/softicated.com\/#website"},"primaryImageOfPage":{"@id":"https:\/\/softicated.com\/produit\/tapis-sepia\/#primaryimage"},"image":{"@id":"https:\/\/softicated.com\/produit\/tapis-sepia\/#primaryimage"},"thumbnailUrl":"https:\/\/softicated.com\/wp-content\/uploads\/2026\/02\/IMG_1349-1.png","datePublished":"2026-02-23T11:56:50+00:00","dateModified":"2026-03-20T11:58:17+00:00","description":"S\u00e9pia explore une lecture plus graphique et essentielle du paysage. Son dessin s\u2019inspire des sillons observ\u00e9s comme une empreinte abstraite r\u00e9duite \u00e0 ...","breadcrumb":{"@id":"https:\/\/softicated.com\/produit\/tapis-sepia\/#breadcrumb"},"inLanguage":"de-CH","potentialAction":[{"@type":"ReadAction","target":["https:\/\/softicated.com\/produit\/tapis-sepia\/"]}]},{"@type":"ImageObject","inLanguage":"de-CH","@id":"https:\/\/softicated.com\/produit\/tapis-sepia\/#primaryimage","url":"https:\/\/softicated.com\/wp-content\/uploads\/2026\/02\/IMG_1349-1.png","contentUrl":"https:\/\/softicated.com\/wp-content\/uploads\/2026\/02\/IMG_1349-1.png","width":175,"height":260,"caption":"Sepia"},{"@type":"BreadcrumbList","@id":"https:\/\/softicated.com\/produit\/tapis-sepia\/#breadcrumb","itemListElement":[{"@type":"ListItem","position":1,"name":"Accueil","item":"https:\/\/softicated.com\/"},{"@type":"ListItem","position":2,"name":"Produits Mobilier Premium Softicated","item":"https:\/\/softicated.com\/produits\/"},{"@type":"ListItem","position":3,"name":"Tapis \u00e0 motifs","item":"https:\/\/softicated.com\/categorie-produit\/tapis-a-motifs\/"},{"@type":"ListItem","position":4,"name":"Swiss design tapis"}]},{"@type":"WebSite","@id":"https:\/\/softicated.com\/#website","url":"https:\/\/softicated.com\/","name":"Softicated","description":"Sch\u00f6pfer hochwertiger M\u00f6bel, Leuchten und Teppiche","publisher":{"@id":"https:\/\/softicated.com\/#organization"},"potentialAction":[{"@type":"SearchAction","target":{"@type":"EntryPoint","urlTemplate":"https:\/\/softicated.com\/?s={search_term_string}"},"query-input":{"@type":"PropertyValueSpecification","valueRequired":true,"valueName":"search_term_string"}}],"inLanguage":"de-CH"},{"@type":"Organization","@id":"https:\/\/softicated.com\/#organization","name":"Softicated","url":"https:\/\/softicated.com\/","logo":{"@type":"ImageObject","inLanguage":"de-CH","@id":"https:\/\/softicated.com\/#\/schema\/logo\/image\/","url":"https:\/\/softicated.com\/wp-content\/uploads\/2025\/11\/logo-dark-2.svg","contentUrl":"https:\/\/softicated.com\/wp-content\/uploads\/2025\/11\/logo-dark-2.svg","caption":"Softicated"},"image":{"@id":"https:\/\/softicated.com\/#\/schema\/logo\/image\/"},"sameAs":["https:\/\/www.facebook.com\/Softicated","https:\/\/www.pinterest.com\/softicateddesign","https:\/\/www.instagram.com\/softicated.design"]}]}},"_links":{"self":[{"href":"https:\/\/softicated.com\/de\/wp-json\/wp\/v2\/product\/15015","targetHints":{"allow":["GET"]}}],"collection":[{"href":"https:\/\/softicated.com\/de\/wp-json\/wp\/v2\/product"}],"about":[{"href":"https:\/\/softicated.com\/de\/wp-json\/wp\/v2\/types\/product"}],"replies":[{"embeddable":true,"href":"https:\/\/softicated.com\/de\/wp-json\/wp\/v2\/comments?post=15015"}],"wp:featuredmedia":[{"embeddable":true,"href":"https:\/\/softicated.com\/de\/wp-json\/wp\/v2\/media\/15251"}],"wp:attachment":[{"href":"https:\/\/softicated.com\/de\/wp-json\/wp\/v2\/media?parent=15015"}],"wp:term":[{"taxonomy":"product_brand","embeddable":true,"href":"https:\/\/softicated.com\/de\/wp-json\/wp\/v2\/product_brand?post=15015"},{"taxonomy":"product_cat","embeddable":true,"href":"https:\/\/softicated.com\/de\/wp-json\/wp\/v2\/product_cat?post=15015"},{"taxonomy":"product_tag","embeddable":true,"href":"https:\/\/softicated.com\/de\/wp-json\/wp\/v2\/product_tag?post=15015"},{"taxonomy":"collections","embeddable":true,"href":"https:\/\/softicated.com\/de\/wp-json\/wp\/v2\/collections?post=15015"},{"taxonomy":"awards","embeddable":true,"href":"https:\/\/softicated.com\/de\/wp-json\/wp\/v2\/awards?post=15015"},{"taxonomy":"by_color","embeddable":true,"href":"https:\/\/softicated.com\/de\/wp-json\/wp\/v2\/by_color?post=15015"}],"curies":[{"name":"wp","href":"https:\/\/api.w.org\/{rel}","templated":true}]}}