{"id":15012,"date":"2026-02-23T12:56:51","date_gmt":"2026-02-23T11:56:51","guid":{"rendered":"https:\/\/softicated.com\/?post_type=product&#038;p=15012"},"modified":"2026-03-24T05:42:41","modified_gmt":"2026-03-24T04:42:41","slug":"tapis-imprint","status":"publish","type":"product","link":"https:\/\/softicated.com\/de\/produit\/tapis-imprint\/","title":{"rendered":"Teppich Imprint"},"content":{"rendered":"<p>Imprint erforscht das eigentliche Wesen der Spur. Das bewusst zur\u00fcckhaltende Design erinnert an die Furchen, die in der Erde zur\u00fcckbleiben wie eine stille Pr\u00e4gung, die in das Material eingeschrieben ist. Die Linien erscheinen vertieft, beinahe ausgel\u00f6scht, und verweisen auf eine alte, wiederholte Geste, die mehr empfunden als gesehen wird.<\/p>\n<p>In einem einzigen Beigeton gehalten, stellt Imprint die Reinheit der nat\u00fcrlichen neuseel\u00e4ndischen Wolle in den Vordergrund. Die gleichm\u00e4\u00dfige, nat\u00fcrliche Farbe wirkt wie ein beruhigender Schleier und l\u00e4sst das Licht die Reliefs und Oberfl\u00e4chenvariationen sanft offenbaren. Das Muster zeigt sich nach und nach, je nach Blickwinkel und Bewegung.<\/p>\n<p>Die Cut-&amp;-Loop-Technik verst\u00e4rkt diese sensible Lesart des Designs und schafft eine weiche, haptische Tiefe. Imprint f\u00fcgt sich m\u00fchelos in reduzierte, minimalistische oder kontemplative Interieurs ein und tritt in einen feinen Dialog mit nat\u00fcrlichen Materialien wie hellem Holz und Stein.<\/p>\n<p>Einen Imprint Teppich zu w\u00e4hlen bedeutet, die Zur\u00fcckhaltung eines beigen teilweise uni zu sch\u00e4tzen, bei dem die Sanftheit des Farbtons Textur und Relief betont und Material sowie Licht die ganze Tiefe des Designs enth\u00fcllen l\u00e4sst.<\/p>\n<div id=\"simple-translate\" class=\"simple-translate-system-theme\">\n<div>\n<div class=\"simple-translate-button isShow\" style=\"background-image: url('chrome-extension:\/\/ibplnjkanclpjokhdolnendpplpjiace\/icons\/512.png'); height: 22px; width: 22px; top: 64px; left: 208px;\"><\/div>\n<div class=\"simple-translate-panel\" style=\"width: 300px; height: 200px; top: 0px; left: 0px; font-size: 13px;\">\n<div class=\"simple-translate-result-wrapper\" style=\"overflow: hidden;\">\n<div class=\"simple-translate-move\" draggable=\"true\"><\/div>\n<div class=\"simple-translate-result-contents\">\n<p class=\"simple-translate-candidate\" dir=\"auto\">\n<\/div>\n<\/div>\n<\/div>\n<\/div>\n<\/div>","protected":false},"excerpt":{"rendered":"<p>Imprint explore l\u2019essence m\u00eame de la trace. Son dessin, volontairement discret \u00e9voque les sillons laiss\u00e9s sur la terre comme une empreinte silencieuse inscrite dans la mati\u00e8re. Les lignes apparaissent en creux presque effac\u00e9es sugg\u00e9rant un geste ancien, r\u00e9p\u00e9t\u00e9, plus ressenti que vu. R\u00e9alis\u00e9 dans une seule teinte: beige, Imprint met en avant la puret\u00e9 de [&hellip;]<\/p>","protected":false},"featured_media":15082,"comment_status":"open","ping_status":"closed","template":"","meta":{"_acf_changed":false},"product_brand":[],"product_cat":[298,27],"product_tag":[],"collections":[261],"awards":[],"by_color":[],"class_list":{"0":"post-15012","1":"product","2":"type-product","3":"status-publish","4":"has-post-thumbnail","6":"product_cat-tapis-faux-unis","7":"product_cat-rugs","8":"collections-furrows","10":"first","11":"instock","12":"shipping-taxable","13":"purchasable","14":"product-type-variable"},"acf":[],"yoast_head":"<!-- This site is optimized with the Yoast SEO Premium plugin v25.7.1 (Yoast SEO v26.9) - https:\/\/yoast.com\/product\/yoast-seo-premium-wordpress\/ -->\n<title>Tapis design sur mesure Imprint - Softicated<\/title>\n<meta name=\"description\" content=\"Imprint explore l\u2019essence m\u00eame de la trace. Son dessin, volontairement discret \u00e9voque les sillons laiss\u00e9s sur la terre comme une empreinte silencieuse ...\" \/>\n<meta name=\"robots\" content=\"index, follow, max-snippet:-1, max-image-preview:large, max-video-preview:-1\" \/>\n<link rel=\"canonical\" href=\"https:\/\/softicated.com\/de\/produit\/tapis-imprint\/\" \/>\n<meta property=\"og:locale\" content=\"de_DE\" \/>\n<meta property=\"og:type\" content=\"article\" \/>\n<meta property=\"og:title\" content=\"Tapis Imprint\" \/>\n<meta property=\"og:description\" content=\"Imprint explore l\u2019essence m\u00eame de la trace. Son dessin, volontairement discret \u00e9voque les sillons laiss\u00e9s sur la terre comme une empreinte silencieuse ...\" \/>\n<meta property=\"og:url\" content=\"https:\/\/softicated.com\/de\/produit\/tapis-imprint\/\" \/>\n<meta property=\"og:site_name\" content=\"Softicated\" \/>\n<meta property=\"article:publisher\" content=\"https:\/\/www.facebook.com\/Softicated\" \/>\n<meta property=\"article:modified_time\" content=\"2026-03-24T04:42:41+00:00\" \/>\n<meta property=\"og:image\" content=\"https:\/\/softicated.com\/wp-content\/uploads\/2026\/02\/imprint-main-e1771999411218.webp\" \/>\n\t<meta property=\"og:image:width\" content=\"180\" \/>\n\t<meta property=\"og:image:height\" content=\"265\" \/>\n\t<meta property=\"og:image:type\" content=\"image\/webp\" \/>\n<meta name=\"twitter:card\" content=\"summary_large_image\" \/>\n<script type=\"application\/ld+json\" class=\"yoast-schema-graph\">{\"@context\":\"https:\/\/schema.org\",\"@graph\":[{\"@type\":\"WebPage\",\"@id\":\"https:\/\/softicated.com\/produit\/tapis-imprint\/\",\"url\":\"https:\/\/softicated.com\/produit\/tapis-imprint\/\",\"name\":\"Tapis design sur mesure Imprint - Softicated\",\"isPartOf\":{\"@id\":\"https:\/\/softicated.com\/#website\"},\"primaryImageOfPage\":{\"@id\":\"https:\/\/softicated.com\/produit\/tapis-imprint\/#primaryimage\"},\"image\":{\"@id\":\"https:\/\/softicated.com\/produit\/tapis-imprint\/#primaryimage\"},\"thumbnailUrl\":\"https:\/\/softicated.com\/wp-content\/uploads\/2026\/02\/imprint-main-e1771999411218.webp\",\"datePublished\":\"2026-02-23T11:56:51+00:00\",\"dateModified\":\"2026-03-24T04:42:41+00:00\",\"description\":\"Imprint explore l\u2019essence m\u00eame de la trace. Son dessin, volontairement discret \u00e9voque les sillons laiss\u00e9s sur la terre comme une empreinte silencieuse ...\",\"breadcrumb\":{\"@id\":\"https:\/\/softicated.com\/produit\/tapis-imprint\/#breadcrumb\"},\"inLanguage\":\"de-CH\",\"potentialAction\":[{\"@type\":\"ReadAction\",\"target\":[\"https:\/\/softicated.com\/produit\/tapis-imprint\/\"]}]},{\"@type\":\"ImageObject\",\"inLanguage\":\"de-CH\",\"@id\":\"https:\/\/softicated.com\/produit\/tapis-imprint\/#primaryimage\",\"url\":\"https:\/\/softicated.com\/wp-content\/uploads\/2026\/02\/imprint-main-e1771999411218.webp\",\"contentUrl\":\"https:\/\/softicated.com\/wp-content\/uploads\/2026\/02\/imprint-main-e1771999411218.webp\",\"width\":180,\"height\":265,\"caption\":\"imprint-main\"},{\"@type\":\"BreadcrumbList\",\"@id\":\"https:\/\/softicated.com\/produit\/tapis-imprint\/#breadcrumb\",\"itemListElement\":[{\"@type\":\"ListItem\",\"position\":1,\"name\":\"Accueil\",\"item\":\"https:\/\/softicated.com\/\"},{\"@type\":\"ListItem\",\"position\":2,\"name\":\"Produits Mobilier Premium Softicated\",\"item\":\"https:\/\/softicated.com\/produits\/\"},{\"@type\":\"ListItem\",\"position\":3,\"name\":\"Tapis faux-unis\",\"item\":\"https:\/\/softicated.com\/categorie-produit\/tapis-faux-unis\/\"},{\"@type\":\"ListItem\",\"position\":4,\"name\":\"Swiss design tapis\"}]},{\"@type\":\"WebSite\",\"@id\":\"https:\/\/softicated.com\/#website\",\"url\":\"https:\/\/softicated.com\/\",\"name\":\"Softicated\",\"description\":\"Cr\u00e9ateur de meubles, luminaires et tapis premium\",\"publisher\":{\"@id\":\"https:\/\/softicated.com\/#organization\"},\"potentialAction\":[{\"@type\":\"SearchAction\",\"target\":{\"@type\":\"EntryPoint\",\"urlTemplate\":\"https:\/\/softicated.com\/?s={search_term_string}\"},\"query-input\":{\"@type\":\"PropertyValueSpecification\",\"valueRequired\":true,\"valueName\":\"search_term_string\"}}],\"inLanguage\":\"de-CH\"},{\"@type\":\"Organization\",\"@id\":\"https:\/\/softicated.com\/#organization\",\"name\":\"Softicated\",\"url\":\"https:\/\/softicated.com\/\",\"logo\":{\"@type\":\"ImageObject\",\"inLanguage\":\"de-CH\",\"@id\":\"https:\/\/softicated.com\/#\/schema\/logo\/image\/\",\"url\":\"https:\/\/softicated.com\/wp-content\/uploads\/2025\/11\/logo-dark-2.svg\",\"contentUrl\":\"https:\/\/softicated.com\/wp-content\/uploads\/2025\/11\/logo-dark-2.svg\",\"caption\":\"Softicated\"},\"image\":{\"@id\":\"https:\/\/softicated.com\/#\/schema\/logo\/image\/\"},\"sameAs\":[\"https:\/\/www.facebook.com\/Softicated\",\"https:\/\/www.pinterest.com\/softicateddesign\",\"https:\/\/www.instagram.com\/softicated.design\"]}]}<\/script>\n<!-- \/ Yoast SEO Premium plugin. -->","yoast_head_json":{"title":"Design-Teppich nach Ma\u00df Imprint - Softicated","description":"Imprint explore l\u2019essence m\u00eame de la trace. Son dessin, volontairement discret \u00e9voque les sillons laiss\u00e9s sur la terre comme une empreinte silencieuse ...","robots":{"index":"index","follow":"follow","max-snippet":"max-snippet:-1","max-image-preview":"max-image-preview:large","max-video-preview":"max-video-preview:-1"},"canonical":"https:\/\/softicated.com\/de\/produit\/tapis-imprint\/","og_locale":"de_DE","og_type":"article","og_title":"Tapis Imprint","og_description":"Imprint explore l\u2019essence m\u00eame de la trace. Son dessin, volontairement discret \u00e9voque les sillons laiss\u00e9s sur la terre comme une empreinte silencieuse ...","og_url":"https:\/\/softicated.com\/de\/produit\/tapis-imprint\/","og_site_name":"Softicated","article_publisher":"https:\/\/www.facebook.com\/Softicated","article_modified_time":"2026-03-24T04:42:41+00:00","og_image":[{"width":180,"height":265,"url":"https:\/\/softicated.com\/wp-content\/uploads\/2026\/02\/imprint-main-e1771999411218.webp","type":"image\/webp"}],"twitter_card":"summary_large_image","schema":{"@context":"https:\/\/schema.org","@graph":[{"@type":"WebPage","@id":"https:\/\/softicated.com\/produit\/tapis-imprint\/","url":"https:\/\/softicated.com\/produit\/tapis-imprint\/","name":"Design-Teppich nach Ma\u00df Imprint - Softicated","isPartOf":{"@id":"https:\/\/softicated.com\/#website"},"primaryImageOfPage":{"@id":"https:\/\/softicated.com\/produit\/tapis-imprint\/#primaryimage"},"image":{"@id":"https:\/\/softicated.com\/produit\/tapis-imprint\/#primaryimage"},"thumbnailUrl":"https:\/\/softicated.com\/wp-content\/uploads\/2026\/02\/imprint-main-e1771999411218.webp","datePublished":"2026-02-23T11:56:51+00:00","dateModified":"2026-03-24T04:42:41+00:00","description":"Imprint explore l\u2019essence m\u00eame de la trace. Son dessin, volontairement discret \u00e9voque les sillons laiss\u00e9s sur la terre comme une empreinte silencieuse ...","breadcrumb":{"@id":"https:\/\/softicated.com\/produit\/tapis-imprint\/#breadcrumb"},"inLanguage":"de-CH","potentialAction":[{"@type":"ReadAction","target":["https:\/\/softicated.com\/produit\/tapis-imprint\/"]}]},{"@type":"ImageObject","inLanguage":"de-CH","@id":"https:\/\/softicated.com\/produit\/tapis-imprint\/#primaryimage","url":"https:\/\/softicated.com\/wp-content\/uploads\/2026\/02\/imprint-main-e1771999411218.webp","contentUrl":"https:\/\/softicated.com\/wp-content\/uploads\/2026\/02\/imprint-main-e1771999411218.webp","width":180,"height":265,"caption":"imprint-main"},{"@type":"BreadcrumbList","@id":"https:\/\/softicated.com\/produit\/tapis-imprint\/#breadcrumb","itemListElement":[{"@type":"ListItem","position":1,"name":"Accueil","item":"https:\/\/softicated.com\/"},{"@type":"ListItem","position":2,"name":"Produits Mobilier Premium Softicated","item":"https:\/\/softicated.com\/produits\/"},{"@type":"ListItem","position":3,"name":"Tapis faux-unis","item":"https:\/\/softicated.com\/categorie-produit\/tapis-faux-unis\/"},{"@type":"ListItem","position":4,"name":"Swiss design tapis"}]},{"@type":"WebSite","@id":"https:\/\/softicated.com\/#website","url":"https:\/\/softicated.com\/","name":"Softicated","description":"Sch\u00f6pfer hochwertiger M\u00f6bel, Leuchten und Teppiche","publisher":{"@id":"https:\/\/softicated.com\/#organization"},"potentialAction":[{"@type":"SearchAction","target":{"@type":"EntryPoint","urlTemplate":"https:\/\/softicated.com\/?s={search_term_string}"},"query-input":{"@type":"PropertyValueSpecification","valueRequired":true,"valueName":"search_term_string"}}],"inLanguage":"de-CH"},{"@type":"Organization","@id":"https:\/\/softicated.com\/#organization","name":"Softicated","url":"https:\/\/softicated.com\/","logo":{"@type":"ImageObject","inLanguage":"de-CH","@id":"https:\/\/softicated.com\/#\/schema\/logo\/image\/","url":"https:\/\/softicated.com\/wp-content\/uploads\/2025\/11\/logo-dark-2.svg","contentUrl":"https:\/\/softicated.com\/wp-content\/uploads\/2025\/11\/logo-dark-2.svg","caption":"Softicated"},"image":{"@id":"https:\/\/softicated.com\/#\/schema\/logo\/image\/"},"sameAs":["https:\/\/www.facebook.com\/Softicated","https:\/\/www.pinterest.com\/softicateddesign","https:\/\/www.instagram.com\/softicated.design"]}]}},"_links":{"self":[{"href":"https:\/\/softicated.com\/de\/wp-json\/wp\/v2\/product\/15012","targetHints":{"allow":["GET"]}}],"collection":[{"href":"https:\/\/softicated.com\/de\/wp-json\/wp\/v2\/product"}],"about":[{"href":"https:\/\/softicated.com\/de\/wp-json\/wp\/v2\/types\/product"}],"replies":[{"embeddable":true,"href":"https:\/\/softicated.com\/de\/wp-json\/wp\/v2\/comments?post=15012"}],"wp:featuredmedia":[{"embeddable":true,"href":"https:\/\/softicated.com\/de\/wp-json\/wp\/v2\/media\/15082"}],"wp:attachment":[{"href":"https:\/\/softicated.com\/de\/wp-json\/wp\/v2\/media?parent=15012"}],"wp:term":[{"taxonomy":"product_brand","embeddable":true,"href":"https:\/\/softicated.com\/de\/wp-json\/wp\/v2\/product_brand?post=15012"},{"taxonomy":"product_cat","embeddable":true,"href":"https:\/\/softicated.com\/de\/wp-json\/wp\/v2\/product_cat?post=15012"},{"taxonomy":"product_tag","embeddable":true,"href":"https:\/\/softicated.com\/de\/wp-json\/wp\/v2\/product_tag?post=15012"},{"taxonomy":"collections","embeddable":true,"href":"https:\/\/softicated.com\/de\/wp-json\/wp\/v2\/collections?post=15012"},{"taxonomy":"awards","embeddable":true,"href":"https:\/\/softicated.com\/de\/wp-json\/wp\/v2\/awards?post=15012"},{"taxonomy":"by_color","embeddable":true,"href":"https:\/\/softicated.com\/de\/wp-json\/wp\/v2\/by_color?post=15012"}],"curies":[{"name":"wp","href":"https:\/\/api.w.org\/{rel}","templated":true}]}}