{"id":15009,"date":"2026-02-23T12:56:34","date_gmt":"2026-02-23T11:56:34","guid":{"rendered":"https:\/\/softicated.com\/?post_type=product&#038;p=15009"},"modified":"2026-03-16T06:22:48","modified_gmt":"2026-03-16T05:22:48","slug":"tapis-flow","status":"publish","type":"product","link":"https:\/\/softicated.com\/de\/produit\/tapis-flow\/","title":{"rendered":"Teppich Flow"},"content":{"rendered":"<p>Flow bietet eine flie\u00dfende und lichtvolle Interpretation der Landschaft, inspiriert von der kontinuierlichen Bewegung nat\u00fcrlicher Str\u00f6mungen. Das Design entfaltet sich in weichen, umh\u00fcllenden Linien, die scheinbar umeinander gleiten und einen ruhigen, harmonischen Rhythmus erzeugen.<\/p>\n<p>Der helle Grund mit beigen Nuancen erinnert an mineralische B\u00f6den und lichtdurchflutete K\u00fcsten, w\u00e4hrend die marineblauen und t\u00fcrkisen B\u00e4nder die Tiefe des Meeres, Wasserreflexe und die wechselnden Farben des Himmels aufgreifen. So entsteht ein sanfter, ausgewogener Kontrast, der zugleich frisch und elegant wirkt.<\/p>\n<p>Die Cut-&amp;-Loop-Technik hebt die Reliefs des Musters hervor und verleiht der Oberfl\u00e4che eine feine Vibration, durch die das Design subtil sichtbar wird. Flow f\u00fcgt sich m\u00fchelos in helle, zeitgen\u00f6ssische oder reduzierte Interieurs ein und eignet sich besonders f\u00fcr R\u00e4ume am Meer, Ferienh\u00e4user oder Wohnbereiche mit Blick auf den Horizont, wo er das Gef\u00fchl von Ruhe und Weite fortf\u00fchrt.<\/p>\n<p>Einen Flow Teppich zu w\u00e4hlen bedeutet, Flie\u00dfkraft, Licht und ein Gef\u00fchl von Freiheit in den Innenraum einzuladen und eine dezente Verbindung zwischen der \u00e4u\u00dferen Landschaft und dem Wohnraum zu schaffen.<\/p>\n<div id=\"simple-translate\" class=\"simple-translate-system-theme\">\n<div>\n<div class=\"simple-translate-button isShow\" style=\"background-image: url('chrome-extension:\/\/ibplnjkanclpjokhdolnendpplpjiace\/icons\/512.png'); height: 22px; width: 22px; top: 71px; left: 134px;\"><\/div>\n<div class=\"simple-translate-panel\" style=\"width: 300px; height: 200px; top: 0px; left: 0px; font-size: 13px;\">\n<div class=\"simple-translate-result-wrapper\" style=\"overflow: hidden;\">\n<div class=\"simple-translate-move\" draggable=\"true\"><\/div>\n<div class=\"simple-translate-result-contents\">\n<p class=\"simple-translate-candidate\" dir=\"auto\">\n<\/div>\n<\/div>\n<\/div>\n<\/div>\n<\/div>","protected":false},"excerpt":{"rendered":"<p>Flow propose une lecture fluide et lumineuse du paysage, inspir\u00e9e par le mouvement continu des courants naturels. Son dessin se d\u00e9ploie en lignes souples et enveloppantes, qui semblent glisser les unes autour des autres, dessinant un rythme calme et apais\u00e9. Le fond clair, aux nuances beige \u00e9voque les sols min\u00e9raux et les rivages lumineux tandis [&hellip;]<\/p>","protected":false},"featured_media":15150,"comment_status":"open","ping_status":"closed","template":"","meta":{"_acf_changed":false},"product_brand":[],"product_cat":[300,299,27],"product_tag":[],"collections":[261],"awards":[],"by_color":[338],"class_list":{"0":"post-15009","1":"product","2":"type-product","3":"status-publish","4":"has-post-thumbnail","6":"product_cat-tapis-a-motifs","7":"product_cat-tapis-multicolores","8":"product_cat-rugs","9":"collections-furrows","10":"by_color-bleu-turquoise","12":"first","13":"instock","14":"shipping-taxable","15":"purchasable","16":"product-type-variable"},"acf":[],"yoast_head":"<!-- This site is optimized with the Yoast SEO Premium plugin v25.7.1 (Yoast SEO v26.9) - https:\/\/yoast.com\/product\/yoast-seo-premium-wordpress\/ -->\n<title>Tapis design sur mesure Flow - Softicated<\/title>\n<meta name=\"description\" content=\"Flow propose une lecture fluide et lumineuse du paysage, inspir\u00e9e par le mouvement continu des courants naturels. Son dessin se d\u00e9ploie en lignes souples et enveloppantes, qui semblent glisser les unes autour des autres, dessinant un rythme calme et apais\u00e9.\" \/>\n<meta name=\"robots\" content=\"index, follow, max-snippet:-1, max-image-preview:large, max-video-preview:-1\" \/>\n<link rel=\"canonical\" href=\"https:\/\/softicated.com\/de\/produit\/tapis-flow\/\" \/>\n<meta property=\"og:locale\" content=\"de_DE\" \/>\n<meta property=\"og:type\" content=\"article\" \/>\n<meta property=\"og:title\" content=\"Tapis Flow\" \/>\n<meta property=\"og:description\" content=\"Flow propose une lecture fluide et lumineuse du paysage, inspir\u00e9e par le mouvement continu des courants naturels. Son dessin se d\u00e9ploie en lignes souples et enveloppantes, qui semblent glisser les unes autour des autres, dessinant un rythme calme et apais\u00e9.\" \/>\n<meta property=\"og:url\" content=\"https:\/\/softicated.com\/de\/produit\/tapis-flow\/\" \/>\n<meta property=\"og:site_name\" content=\"Softicated\" \/>\n<meta property=\"article:publisher\" content=\"https:\/\/www.facebook.com\/Softicated\" \/>\n<meta property=\"article:modified_time\" content=\"2026-03-16T05:22:48+00:00\" \/>\n<meta property=\"og:image\" content=\"https:\/\/softicated.com\/wp-content\/uploads\/2026\/02\/flow-new-e1772010238382.png\" \/>\n\t<meta property=\"og:image:width\" content=\"188\" \/>\n\t<meta property=\"og:image:height\" content=\"260\" \/>\n\t<meta property=\"og:image:type\" content=\"image\/png\" \/>\n<meta name=\"twitter:card\" content=\"summary_large_image\" \/>\n<script type=\"application\/ld+json\" class=\"yoast-schema-graph\">{\"@context\":\"https:\/\/schema.org\",\"@graph\":[{\"@type\":\"WebPage\",\"@id\":\"https:\/\/softicated.com\/produit\/tapis-flow\/\",\"url\":\"https:\/\/softicated.com\/produit\/tapis-flow\/\",\"name\":\"Tapis design sur mesure Flow - Softicated\",\"isPartOf\":{\"@id\":\"https:\/\/softicated.com\/#website\"},\"primaryImageOfPage\":{\"@id\":\"https:\/\/softicated.com\/produit\/tapis-flow\/#primaryimage\"},\"image\":{\"@id\":\"https:\/\/softicated.com\/produit\/tapis-flow\/#primaryimage\"},\"thumbnailUrl\":\"https:\/\/softicated.com\/wp-content\/uploads\/2026\/02\/flow-new-e1772010238382.png\",\"datePublished\":\"2026-02-23T11:56:34+00:00\",\"dateModified\":\"2026-03-16T05:22:48+00:00\",\"description\":\"Flow propose une lecture fluide et lumineuse du paysage, inspir\u00e9e par le mouvement continu des courants naturels. Son dessin se d\u00e9ploie en lignes souples et enveloppantes, qui semblent glisser les unes autour des autres, dessinant un rythme calme et apais\u00e9.\",\"breadcrumb\":{\"@id\":\"https:\/\/softicated.com\/produit\/tapis-flow\/#breadcrumb\"},\"inLanguage\":\"de-CH\",\"potentialAction\":[{\"@type\":\"ReadAction\",\"target\":[\"https:\/\/softicated.com\/produit\/tapis-flow\/\"]}]},{\"@type\":\"ImageObject\",\"inLanguage\":\"de-CH\",\"@id\":\"https:\/\/softicated.com\/produit\/tapis-flow\/#primaryimage\",\"url\":\"https:\/\/softicated.com\/wp-content\/uploads\/2026\/02\/flow-new-e1772010238382.png\",\"contentUrl\":\"https:\/\/softicated.com\/wp-content\/uploads\/2026\/02\/flow-new-e1772010238382.png\",\"width\":188,\"height\":260,\"caption\":\"flow-new\"},{\"@type\":\"BreadcrumbList\",\"@id\":\"https:\/\/softicated.com\/produit\/tapis-flow\/#breadcrumb\",\"itemListElement\":[{\"@type\":\"ListItem\",\"position\":1,\"name\":\"Accueil\",\"item\":\"https:\/\/softicated.com\/\"},{\"@type\":\"ListItem\",\"position\":2,\"name\":\"Produits Mobilier Premium Softicated\",\"item\":\"https:\/\/softicated.com\/produits\/\"},{\"@type\":\"ListItem\",\"position\":3,\"name\":\"Tapis \u00e0 motifs\",\"item\":\"https:\/\/softicated.com\/categorie-produit\/tapis-a-motifs\/\"},{\"@type\":\"ListItem\",\"position\":4,\"name\":\"Tapis Flow\"}]},{\"@type\":\"WebSite\",\"@id\":\"https:\/\/softicated.com\/#website\",\"url\":\"https:\/\/softicated.com\/\",\"name\":\"Softicated\",\"description\":\"Cr\u00e9ateur de meubles, luminaires et tapis premium\",\"publisher\":{\"@id\":\"https:\/\/softicated.com\/#organization\"},\"potentialAction\":[{\"@type\":\"SearchAction\",\"target\":{\"@type\":\"EntryPoint\",\"urlTemplate\":\"https:\/\/softicated.com\/?s={search_term_string}\"},\"query-input\":{\"@type\":\"PropertyValueSpecification\",\"valueRequired\":true,\"valueName\":\"search_term_string\"}}],\"inLanguage\":\"de-CH\"},{\"@type\":\"Organization\",\"@id\":\"https:\/\/softicated.com\/#organization\",\"name\":\"Softicated\",\"url\":\"https:\/\/softicated.com\/\",\"logo\":{\"@type\":\"ImageObject\",\"inLanguage\":\"de-CH\",\"@id\":\"https:\/\/softicated.com\/#\/schema\/logo\/image\/\",\"url\":\"https:\/\/softicated.com\/wp-content\/uploads\/2025\/11\/logo-dark-2.svg\",\"contentUrl\":\"https:\/\/softicated.com\/wp-content\/uploads\/2025\/11\/logo-dark-2.svg\",\"caption\":\"Softicated\"},\"image\":{\"@id\":\"https:\/\/softicated.com\/#\/schema\/logo\/image\/\"},\"sameAs\":[\"https:\/\/www.facebook.com\/Softicated\",\"https:\/\/www.pinterest.com\/softicateddesign\",\"https:\/\/www.instagram.com\/softicated.design\"]}]}<\/script>\n<!-- \/ Yoast SEO Premium plugin. -->","yoast_head_json":{"title":"Design-Teppich nach Ma\u00df Flow - Softicated","description":"Flow bietet eine flie\u00dfende und lichtvolle Interpretation der Landschaft, inspiriert von der kontinuierlichen Bewegung nat\u00fcrlicher Str\u00f6mungen. Das Design entfaltet sich in weichen, umh\u00fcllenden Linien, die scheinbar umeinander gleiten und einen ruhigen, harmonischen Rhythmus erzeugen.","robots":{"index":"index","follow":"follow","max-snippet":"max-snippet:-1","max-image-preview":"max-image-preview:large","max-video-preview":"max-video-preview:-1"},"canonical":"https:\/\/softicated.com\/de\/produit\/tapis-flow\/","og_locale":"de_DE","og_type":"article","og_title":"Tapis Flow","og_description":"Flow propose une lecture fluide et lumineuse du paysage, inspir\u00e9e par le mouvement continu des courants naturels. Son dessin se d\u00e9ploie en lignes souples et enveloppantes, qui semblent glisser les unes autour des autres, dessinant un rythme calme et apais\u00e9.","og_url":"https:\/\/softicated.com\/de\/produit\/tapis-flow\/","og_site_name":"Softicated","article_publisher":"https:\/\/www.facebook.com\/Softicated","article_modified_time":"2026-03-16T05:22:48+00:00","og_image":[{"width":188,"height":260,"url":"https:\/\/softicated.com\/wp-content\/uploads\/2026\/02\/flow-new-e1772010238382.png","type":"image\/png"}],"twitter_card":"summary_large_image","schema":{"@context":"https:\/\/schema.org","@graph":[{"@type":"WebPage","@id":"https:\/\/softicated.com\/produit\/tapis-flow\/","url":"https:\/\/softicated.com\/produit\/tapis-flow\/","name":"Design-Teppich nach Ma\u00df Flow - Softicated","isPartOf":{"@id":"https:\/\/softicated.com\/#website"},"primaryImageOfPage":{"@id":"https:\/\/softicated.com\/produit\/tapis-flow\/#primaryimage"},"image":{"@id":"https:\/\/softicated.com\/produit\/tapis-flow\/#primaryimage"},"thumbnailUrl":"https:\/\/softicated.com\/wp-content\/uploads\/2026\/02\/flow-new-e1772010238382.png","datePublished":"2026-02-23T11:56:34+00:00","dateModified":"2026-03-16T05:22:48+00:00","description":"Flow bietet eine flie\u00dfende und lichtvolle Interpretation der Landschaft, inspiriert von der kontinuierlichen Bewegung nat\u00fcrlicher Str\u00f6mungen. Das Design entfaltet sich in weichen, umh\u00fcllenden Linien, die scheinbar umeinander gleiten und einen ruhigen, harmonischen Rhythmus erzeugen.","breadcrumb":{"@id":"https:\/\/softicated.com\/produit\/tapis-flow\/#breadcrumb"},"inLanguage":"de-CH","potentialAction":[{"@type":"ReadAction","target":["https:\/\/softicated.com\/produit\/tapis-flow\/"]}]},{"@type":"ImageObject","inLanguage":"de-CH","@id":"https:\/\/softicated.com\/produit\/tapis-flow\/#primaryimage","url":"https:\/\/softicated.com\/wp-content\/uploads\/2026\/02\/flow-new-e1772010238382.png","contentUrl":"https:\/\/softicated.com\/wp-content\/uploads\/2026\/02\/flow-new-e1772010238382.png","width":188,"height":260,"caption":"flow-new"},{"@type":"BreadcrumbList","@id":"https:\/\/softicated.com\/produit\/tapis-flow\/#breadcrumb","itemListElement":[{"@type":"ListItem","position":1,"name":"Accueil","item":"https:\/\/softicated.com\/"},{"@type":"ListItem","position":2,"name":"Produits Mobilier Premium Softicated","item":"https:\/\/softicated.com\/produits\/"},{"@type":"ListItem","position":3,"name":"Tapis \u00e0 motifs","item":"https:\/\/softicated.com\/categorie-produit\/tapis-a-motifs\/"},{"@type":"ListItem","position":4,"name":"Tapis Flow"}]},{"@type":"WebSite","@id":"https:\/\/softicated.com\/#website","url":"https:\/\/softicated.com\/","name":"Softicated","description":"Sch\u00f6pfer hochwertiger M\u00f6bel, Leuchten und Teppiche","publisher":{"@id":"https:\/\/softicated.com\/#organization"},"potentialAction":[{"@type":"SearchAction","target":{"@type":"EntryPoint","urlTemplate":"https:\/\/softicated.com\/?s={search_term_string}"},"query-input":{"@type":"PropertyValueSpecification","valueRequired":true,"valueName":"search_term_string"}}],"inLanguage":"de-CH"},{"@type":"Organization","@id":"https:\/\/softicated.com\/#organization","name":"Softicated","url":"https:\/\/softicated.com\/","logo":{"@type":"ImageObject","inLanguage":"de-CH","@id":"https:\/\/softicated.com\/#\/schema\/logo\/image\/","url":"https:\/\/softicated.com\/wp-content\/uploads\/2025\/11\/logo-dark-2.svg","contentUrl":"https:\/\/softicated.com\/wp-content\/uploads\/2025\/11\/logo-dark-2.svg","caption":"Softicated"},"image":{"@id":"https:\/\/softicated.com\/#\/schema\/logo\/image\/"},"sameAs":["https:\/\/www.facebook.com\/Softicated","https:\/\/www.pinterest.com\/softicateddesign","https:\/\/www.instagram.com\/softicated.design"]}]}},"_links":{"self":[{"href":"https:\/\/softicated.com\/de\/wp-json\/wp\/v2\/product\/15009","targetHints":{"allow":["GET"]}}],"collection":[{"href":"https:\/\/softicated.com\/de\/wp-json\/wp\/v2\/product"}],"about":[{"href":"https:\/\/softicated.com\/de\/wp-json\/wp\/v2\/types\/product"}],"replies":[{"embeddable":true,"href":"https:\/\/softicated.com\/de\/wp-json\/wp\/v2\/comments?post=15009"}],"wp:featuredmedia":[{"embeddable":true,"href":"https:\/\/softicated.com\/de\/wp-json\/wp\/v2\/media\/15150"}],"wp:attachment":[{"href":"https:\/\/softicated.com\/de\/wp-json\/wp\/v2\/media?parent=15009"}],"wp:term":[{"taxonomy":"product_brand","embeddable":true,"href":"https:\/\/softicated.com\/de\/wp-json\/wp\/v2\/product_brand?post=15009"},{"taxonomy":"product_cat","embeddable":true,"href":"https:\/\/softicated.com\/de\/wp-json\/wp\/v2\/product_cat?post=15009"},{"taxonomy":"product_tag","embeddable":true,"href":"https:\/\/softicated.com\/de\/wp-json\/wp\/v2\/product_tag?post=15009"},{"taxonomy":"collections","embeddable":true,"href":"https:\/\/softicated.com\/de\/wp-json\/wp\/v2\/collections?post=15009"},{"taxonomy":"awards","embeddable":true,"href":"https:\/\/softicated.com\/de\/wp-json\/wp\/v2\/awards?post=15009"},{"taxonomy":"by_color","embeddable":true,"href":"https:\/\/softicated.com\/de\/wp-json\/wp\/v2\/by_color?post=15009"}],"curies":[{"name":"wp","href":"https:\/\/api.w.org\/{rel}","templated":true}]}}