{"id":14253,"date":"2025-10-31T13:47:15","date_gmt":"2025-10-31T12:47:15","guid":{"rendered":"https:\/\/softicated.com\/?post_type=product&#038;p=14253"},"modified":"2026-03-24T05:35:53","modified_gmt":"2026-03-24T04:35:53","slug":"flying-fish-gold-wl","status":"publish","type":"product","link":"https:\/\/softicated.com\/de\/produit\/flying-fish-gold-wl\/","title":{"rendered":"Design-Wandleuchte Flying Fish Gold"},"content":{"rendered":"<p>Die Flying Fish-Kollektion wird um eine au\u00dfergew\u00f6hnliche Variante bereichert: die goldene Wandleuchte, entworfen vom Designer Cyril Rumpler. Abgeleitet von der ikonischen Tischlampe offenbart diese Version eine kostbare und strahlende Dimension der Kollektion. Ihr goldener Glanz verwandelt Licht in Materie und umh\u00fcllt den Raum mit einer edlen und beruhigenden Aura. Ein wahres Schmuckst\u00fcck f\u00fcr die Wand sie vereint Eleganz, Kraft und Zartheit in vollkommener Harmonie.<\/p>\n<p>Gefertigt aus Keramik und mit einer goldmetallischen Oberfl\u00e4che veredelt, verk\u00f6rpert diese Wandleuchte den Dialog zwischen Handwerkskunst und Modernit\u00e4t. Die Oberfl\u00e4che f\u00e4ngt das Umgebungslicht ein und reflektiert es sanft, wodurch sich je nach Tageszeit und Lichtintensit\u00e4t warme Farbnuancen ergeben. Jedes St\u00fcck ist durch seine einzigartigen Schattierungen unverwechselbar und zeugt vom handwerklichen K\u00f6nnen und der Sch\u00f6nheit des manuellen Gestaltens.<\/p>\n<p>Mit ihrem flie\u00dfenden, organischen Design erinnert die goldene Wandleuchte an die Bewegung des Wassers oder an die anmutige Bahn eines Wals. Ihre eleganten Kurven streuen das Licht sanft und projizieren einen goldenen, umh\u00fcllenden Lichtschein auf die Wand. Dieses Spiel aus Schatten und Reflexionen verleiht dem Raum eine neue Tiefe als w\u00fcrde das Licht selbst zu Materie werden.<br \/>\nDank ihrer flexiblen Gestaltung kann die Leuchte in zwei Richtungen montiert werden: Nach oben, um Aufstieg und Leichtigkeit zu symbolisieren, oder nach unten, um Fluidit\u00e4t und Bewegung anzudeuten. Ihr goldener Ton zugleich warm und raffiniert f\u00fcgt sich m\u00fchelos in elegante Interieurs ein, seien sie modern, klassisch oder eklektisch.<\/p>\n<p>In privaten Innenr\u00e4umen erhellt sie Wohnzimmer, Eingangsbereiche, Flure, Treppenh\u00e4user oder Schlafzimmer mit subtiler Ausstrahlung. In professionellen R\u00e4umen verk\u00f6rpert sie diskreten Luxus ideal f\u00fcr Architekturb\u00fcros, Anwaltskanzleien, Notariate oder Chefetagen und bringt eine Note von W\u00e4rme und Eleganz. In maritimen und Hotel-Umgebungen schlie\u00dflich auf einer Yacht, in einem Restaurant oder Hotel verbreitet sie ein einladendes Licht und hebt architektonische Details besonders hervor.<\/p>\n<p>Die Entscheidung f\u00fcr die Flying Fish Wandleuchte in Gold bedeutet, sich f\u00fcr einen dezenten Luxus und eine einzigartige, leuchtende Pr\u00e4senz zu entscheiden. Sie erf\u00fcllt den Raum mit einem sanften, nie aufdringlichen, aber stets faszinierenden Glanz. Als dekoratives Objekt und Quelle der Emotion zugleich verk\u00f6rpert sie die seltene Verbindung von Licht, Materie und Poesie und wird so zum Herzst\u00fcck f\u00fcr alle, die ausdrucksstarkes, elegantes und zeitloses Design suchen.<\/p>","protected":false},"excerpt":{"rendered":"<p>La collection Flying Fish s\u2019enrichit d\u2019une variation d\u2019exception: l\u2019applique murale dor\u00e9e, cr\u00e9ation du designer Cyril Rumpler. D\u00e9clin\u00e9e de la c\u00e9l\u00e8bre lampe de table, cette version d\u00e9voile une dimension pr\u00e9cieuse et rayonnante de la collection. Son \u00e9clat dor\u00e9 transforme la lumi\u00e8re en mati\u00e8re, enveloppant l\u2019espace d\u2019une aura sophistiqu\u00e9e et apaisante. V\u00e9ritable bijou mural, elle conjugue \u00e9l\u00e9gance, [&hellip;]<\/p>","protected":false},"featured_media":14255,"comment_status":"closed","ping_status":"closed","template":"","meta":{"_acf_changed":false},"product_brand":[],"product_cat":[177],"product_tag":[],"collections":[],"awards":[],"by_color":[],"class_list":{"0":"post-14253","1":"product","2":"type-product","3":"status-publish","4":"has-post-thumbnail","6":"product_cat-applique-murale","8":"first","9":"instock","10":"shipping-taxable","11":"purchasable","12":"product-type-simple"},"acf":[],"yoast_head":"<!-- This site is optimized with the Yoast SEO Premium plugin v25.7.1 (Yoast SEO v26.9) - https:\/\/yoast.com\/product\/yoast-seo-premium-wordpress\/ -->\n<title>Applique murale design Flying Fish Dor\u00e9 - Softicated<\/title>\n<meta name=\"description\" content=\"Fa\u00e7onn\u00e9e en c\u00e9ramique et habill\u00e9e d\u2019une finition m\u00e9tallis\u00e9e dor\u00e9e, cette applique incarne le dialogue entre artisanat et modernit\u00e9.\" \/>\n<meta name=\"robots\" content=\"index, follow, max-snippet:-1, max-image-preview:large, max-video-preview:-1\" \/>\n<link rel=\"canonical\" href=\"https:\/\/softicated.com\/de\/produit\/flying-fish-gold-wl\/\" \/>\n<meta property=\"og:locale\" content=\"de_DE\" \/>\n<meta property=\"og:type\" content=\"article\" \/>\n<meta property=\"og:title\" content=\"Applique murale design Flying Fish dor\u00e9\" \/>\n<meta property=\"og:description\" content=\"Applique murale de la collection Flying Fish dor\u00e9e.\" \/>\n<meta property=\"og:url\" content=\"https:\/\/softicated.com\/de\/produit\/flying-fish-gold-wl\/\" \/>\n<meta property=\"og:site_name\" content=\"Softicated\" \/>\n<meta property=\"article:publisher\" content=\"https:\/\/www.facebook.com\/Softicated\" \/>\n<meta property=\"article:modified_time\" content=\"2026-03-24T04:35:53+00:00\" \/>\n<meta property=\"og:image\" content=\"https:\/\/softicated.com\/wp-content\/uploads\/2025\/10\/FLYING-FISH_GOLD_front-on_01_square_low-1-scaled.png\" \/>\n\t<meta property=\"og:image:width\" content=\"2560\" \/>\n\t<meta property=\"og:image:height\" content=\"2560\" \/>\n\t<meta property=\"og:image:type\" content=\"image\/png\" \/>\n<meta name=\"twitter:card\" content=\"summary_large_image\" \/>\n<script type=\"application\/ld+json\" class=\"yoast-schema-graph\">{\"@context\":\"https:\/\/schema.org\",\"@graph\":[{\"@type\":\"WebPage\",\"@id\":\"https:\/\/softicated.com\/produit\/flying-fish-gold-wl\/\",\"url\":\"https:\/\/softicated.com\/produit\/flying-fish-gold-wl\/\",\"name\":\"Applique murale design Flying Fish Dor\u00e9 - Softicated\",\"isPartOf\":{\"@id\":\"https:\/\/softicated.com\/#website\"},\"primaryImageOfPage\":{\"@id\":\"https:\/\/softicated.com\/produit\/flying-fish-gold-wl\/#primaryimage\"},\"image\":{\"@id\":\"https:\/\/softicated.com\/produit\/flying-fish-gold-wl\/#primaryimage\"},\"thumbnailUrl\":\"https:\/\/softicated.com\/wp-content\/uploads\/2025\/10\/FLYING-FISH_GOLD_front-on_01_square_low-1-scaled.png\",\"datePublished\":\"2025-10-31T12:47:15+00:00\",\"dateModified\":\"2026-03-24T04:35:53+00:00\",\"description\":\"Fa\u00e7onn\u00e9e en c\u00e9ramique et habill\u00e9e d\u2019une finition m\u00e9tallis\u00e9e dor\u00e9e, cette applique incarne le dialogue entre artisanat et modernit\u00e9.\",\"breadcrumb\":{\"@id\":\"https:\/\/softicated.com\/produit\/flying-fish-gold-wl\/#breadcrumb\"},\"inLanguage\":\"de-CH\",\"potentialAction\":[{\"@type\":\"ReadAction\",\"target\":[\"https:\/\/softicated.com\/produit\/flying-fish-gold-wl\/\"]}]},{\"@type\":\"ImageObject\",\"inLanguage\":\"de-CH\",\"@id\":\"https:\/\/softicated.com\/produit\/flying-fish-gold-wl\/#primaryimage\",\"url\":\"https:\/\/softicated.com\/wp-content\/uploads\/2025\/10\/FLYING-FISH_GOLD_front-on_01_square_low-1-scaled.png\",\"contentUrl\":\"https:\/\/softicated.com\/wp-content\/uploads\/2025\/10\/FLYING-FISH_GOLD_front-on_01_square_low-1-scaled.png\",\"width\":2560,\"height\":2560,\"caption\":\"FLYING-FISH_GOLD_front-on_01_square_low\"},{\"@type\":\"BreadcrumbList\",\"@id\":\"https:\/\/softicated.com\/produit\/flying-fish-gold-wl\/#breadcrumb\",\"itemListElement\":[{\"@type\":\"ListItem\",\"position\":1,\"name\":\"Accueil\",\"item\":\"https:\/\/softicated.com\/\"},{\"@type\":\"ListItem\",\"position\":2,\"name\":\"Produits Mobilier Premium Softicated\",\"item\":\"https:\/\/softicated.com\/produits\/\"},{\"@type\":\"ListItem\",\"position\":3,\"name\":\"Luminaire Design\",\"item\":\"https:\/\/softicated.com\/categorie-produit\/luminaire\/\"},{\"@type\":\"ListItem\",\"position\":4,\"name\":\"Applique murale design - Flying Fish\",\"item\":\"https:\/\/softicated.com\/categorie-produit\/luminaire\/applique-murale\/\"},{\"@type\":\"ListItem\",\"position\":5,\"name\":\"Applique murale dor\u00e9e Flying Fish\"}]},{\"@type\":\"WebSite\",\"@id\":\"https:\/\/softicated.com\/#website\",\"url\":\"https:\/\/softicated.com\/\",\"name\":\"Softicated\",\"description\":\"Cr\u00e9ateur de meubles, luminaires et tapis premium\",\"publisher\":{\"@id\":\"https:\/\/softicated.com\/#organization\"},\"potentialAction\":[{\"@type\":\"SearchAction\",\"target\":{\"@type\":\"EntryPoint\",\"urlTemplate\":\"https:\/\/softicated.com\/?s={search_term_string}\"},\"query-input\":{\"@type\":\"PropertyValueSpecification\",\"valueRequired\":true,\"valueName\":\"search_term_string\"}}],\"inLanguage\":\"de-CH\"},{\"@type\":\"Organization\",\"@id\":\"https:\/\/softicated.com\/#organization\",\"name\":\"Softicated\",\"url\":\"https:\/\/softicated.com\/\",\"logo\":{\"@type\":\"ImageObject\",\"inLanguage\":\"de-CH\",\"@id\":\"https:\/\/softicated.com\/#\/schema\/logo\/image\/\",\"url\":\"https:\/\/softicated.com\/wp-content\/uploads\/2025\/11\/logo-dark-2.svg\",\"contentUrl\":\"https:\/\/softicated.com\/wp-content\/uploads\/2025\/11\/logo-dark-2.svg\",\"caption\":\"Softicated\"},\"image\":{\"@id\":\"https:\/\/softicated.com\/#\/schema\/logo\/image\/\"},\"sameAs\":[\"https:\/\/www.facebook.com\/Softicated\",\"https:\/\/www.pinterest.com\/softicateddesign\",\"https:\/\/www.instagram.com\/softicated.design\"]}]}<\/script>\n<!-- \/ Yoast SEO Premium plugin. -->","yoast_head_json":{"title":"Design-Wandleuchte Flying Fish Gold - Softicated","description":"Fa\u00e7onn\u00e9e en c\u00e9ramique et habill\u00e9e d\u2019une finition m\u00e9tallis\u00e9e dor\u00e9e, cette applique incarne le dialogue entre artisanat et modernit\u00e9.","robots":{"index":"index","follow":"follow","max-snippet":"max-snippet:-1","max-image-preview":"max-image-preview:large","max-video-preview":"max-video-preview:-1"},"canonical":"https:\/\/softicated.com\/de\/produit\/flying-fish-gold-wl\/","og_locale":"de_DE","og_type":"article","og_title":"Applique murale design Flying Fish dor\u00e9","og_description":"Applique murale de la collection Flying Fish dor\u00e9e.","og_url":"https:\/\/softicated.com\/de\/produit\/flying-fish-gold-wl\/","og_site_name":"Softicated","article_publisher":"https:\/\/www.facebook.com\/Softicated","article_modified_time":"2026-03-24T04:35:53+00:00","og_image":[{"width":2560,"height":2560,"url":"https:\/\/softicated.com\/wp-content\/uploads\/2025\/10\/FLYING-FISH_GOLD_front-on_01_square_low-1-scaled.png","type":"image\/png"}],"twitter_card":"summary_large_image","schema":{"@context":"https:\/\/schema.org","@graph":[{"@type":"WebPage","@id":"https:\/\/softicated.com\/produit\/flying-fish-gold-wl\/","url":"https:\/\/softicated.com\/produit\/flying-fish-gold-wl\/","name":"Design-Wandleuchte Flying Fish Gold - Softicated","isPartOf":{"@id":"https:\/\/softicated.com\/#website"},"primaryImageOfPage":{"@id":"https:\/\/softicated.com\/produit\/flying-fish-gold-wl\/#primaryimage"},"image":{"@id":"https:\/\/softicated.com\/produit\/flying-fish-gold-wl\/#primaryimage"},"thumbnailUrl":"https:\/\/softicated.com\/wp-content\/uploads\/2025\/10\/FLYING-FISH_GOLD_front-on_01_square_low-1-scaled.png","datePublished":"2025-10-31T12:47:15+00:00","dateModified":"2026-03-24T04:35:53+00:00","description":"Fa\u00e7onn\u00e9e en c\u00e9ramique et habill\u00e9e d\u2019une finition m\u00e9tallis\u00e9e dor\u00e9e, cette applique incarne le dialogue entre artisanat et modernit\u00e9.","breadcrumb":{"@id":"https:\/\/softicated.com\/produit\/flying-fish-gold-wl\/#breadcrumb"},"inLanguage":"de-CH","potentialAction":[{"@type":"ReadAction","target":["https:\/\/softicated.com\/produit\/flying-fish-gold-wl\/"]}]},{"@type":"ImageObject","inLanguage":"de-CH","@id":"https:\/\/softicated.com\/produit\/flying-fish-gold-wl\/#primaryimage","url":"https:\/\/softicated.com\/wp-content\/uploads\/2025\/10\/FLYING-FISH_GOLD_front-on_01_square_low-1-scaled.png","contentUrl":"https:\/\/softicated.com\/wp-content\/uploads\/2025\/10\/FLYING-FISH_GOLD_front-on_01_square_low-1-scaled.png","width":2560,"height":2560,"caption":"FLYING-FISH_GOLD_front-on_01_square_low"},{"@type":"BreadcrumbList","@id":"https:\/\/softicated.com\/produit\/flying-fish-gold-wl\/#breadcrumb","itemListElement":[{"@type":"ListItem","position":1,"name":"Accueil","item":"https:\/\/softicated.com\/"},{"@type":"ListItem","position":2,"name":"Produits Mobilier Premium Softicated","item":"https:\/\/softicated.com\/produits\/"},{"@type":"ListItem","position":3,"name":"Luminaire Design","item":"https:\/\/softicated.com\/categorie-produit\/luminaire\/"},{"@type":"ListItem","position":4,"name":"Applique murale design - Flying Fish","item":"https:\/\/softicated.com\/categorie-produit\/luminaire\/applique-murale\/"},{"@type":"ListItem","position":5,"name":"Applique murale dor\u00e9e Flying Fish"}]},{"@type":"WebSite","@id":"https:\/\/softicated.com\/#website","url":"https:\/\/softicated.com\/","name":"Softicated","description":"Sch\u00f6pfer hochwertiger M\u00f6bel, Leuchten und Teppiche","publisher":{"@id":"https:\/\/softicated.com\/#organization"},"potentialAction":[{"@type":"SearchAction","target":{"@type":"EntryPoint","urlTemplate":"https:\/\/softicated.com\/?s={search_term_string}"},"query-input":{"@type":"PropertyValueSpecification","valueRequired":true,"valueName":"search_term_string"}}],"inLanguage":"de-CH"},{"@type":"Organization","@id":"https:\/\/softicated.com\/#organization","name":"Softicated","url":"https:\/\/softicated.com\/","logo":{"@type":"ImageObject","inLanguage":"de-CH","@id":"https:\/\/softicated.com\/#\/schema\/logo\/image\/","url":"https:\/\/softicated.com\/wp-content\/uploads\/2025\/11\/logo-dark-2.svg","contentUrl":"https:\/\/softicated.com\/wp-content\/uploads\/2025\/11\/logo-dark-2.svg","caption":"Softicated"},"image":{"@id":"https:\/\/softicated.com\/#\/schema\/logo\/image\/"},"sameAs":["https:\/\/www.facebook.com\/Softicated","https:\/\/www.pinterest.com\/softicateddesign","https:\/\/www.instagram.com\/softicated.design"]}]}},"_links":{"self":[{"href":"https:\/\/softicated.com\/de\/wp-json\/wp\/v2\/product\/14253","targetHints":{"allow":["GET"]}}],"collection":[{"href":"https:\/\/softicated.com\/de\/wp-json\/wp\/v2\/product"}],"about":[{"href":"https:\/\/softicated.com\/de\/wp-json\/wp\/v2\/types\/product"}],"replies":[{"embeddable":true,"href":"https:\/\/softicated.com\/de\/wp-json\/wp\/v2\/comments?post=14253"}],"wp:featuredmedia":[{"embeddable":true,"href":"https:\/\/softicated.com\/de\/wp-json\/wp\/v2\/media\/14255"}],"wp:attachment":[{"href":"https:\/\/softicated.com\/de\/wp-json\/wp\/v2\/media?parent=14253"}],"wp:term":[{"taxonomy":"product_brand","embeddable":true,"href":"https:\/\/softicated.com\/de\/wp-json\/wp\/v2\/product_brand?post=14253"},{"taxonomy":"product_cat","embeddable":true,"href":"https:\/\/softicated.com\/de\/wp-json\/wp\/v2\/product_cat?post=14253"},{"taxonomy":"product_tag","embeddable":true,"href":"https:\/\/softicated.com\/de\/wp-json\/wp\/v2\/product_tag?post=14253"},{"taxonomy":"collections","embeddable":true,"href":"https:\/\/softicated.com\/de\/wp-json\/wp\/v2\/collections?post=14253"},{"taxonomy":"awards","embeddable":true,"href":"https:\/\/softicated.com\/de\/wp-json\/wp\/v2\/awards?post=14253"},{"taxonomy":"by_color","embeddable":true,"href":"https:\/\/softicated.com\/de\/wp-json\/wp\/v2\/by_color?post=14253"}],"curies":[{"name":"wp","href":"https:\/\/api.w.org\/{rel}","templated":true}]}}