{"id":14251,"date":"2025-11-04T12:26:38","date_gmt":"2025-11-04T11:26:38","guid":{"rendered":"https:\/\/softicated.com\/?post_type=product&#038;p=14251"},"modified":"2026-03-24T05:37:00","modified_gmt":"2026-03-24T04:37:00","slug":"flying-fish-blanc-wl","status":"publish","type":"product","link":"https:\/\/softicated.com\/de\/produit\/flying-fish-blanc-wl\/","title":{"rendered":"Design-Wandleuchte Flying Fish Wei\u00df"},"content":{"rendered":"<p>Die Flying Fish-Kollektion erh\u00e4lt eine neue Ausdrucksform von Reinheit und Licht: die wei\u00dfe Wandleuchte mit gl\u00e4nzender Oberfl\u00e4che, entworfen vom Designer Cyril Rumpler. Abgeleitet von der ber\u00fchmten Tischlampe verk\u00f6rpert diese Kreation die subtile Eleganz und die Leichtigkeit der Kollektion. Ihr strahlendes Wei\u00df betont die flie\u00dfende Form und die Zartheit des Designs und verleiht dem Raum ein Gef\u00fchl von Offenheit und Ruhe.<\/p>\n<p>Gefertigt aus Keramik begeistert diese Wandleuchte durch ihre glatte, leuchtende Textur. Die gl\u00e4nzende Oberfl\u00e4che f\u00e4ngt das Licht sanft ein und reflektiert es dezent, wodurch die feinen Kurven besonders zur Geltung kommen.mDas edle, zeitlose Material verleiht dem Objekt eine zugleich handwerkliche und raffinierte Dimension und offenbart die Sch\u00f6nheit des manuellen K\u00f6nnens und die Pr\u00e4zision der Geste.<\/p>\n<p>Ihr organisches, leichtes Design erinnert an die Anmut einer schwebenden Wasserform. Wie ein Wassertropfen, der im Moment seiner Bewegung erstarrt, f\u00e4ngt sie jenen Augenblick ein, in dem Fluidit\u00e4t zu Volumen wird. An der Wand befestigt, scheint sie zu schweben und verbreitet an ihrer oberen R\u00fcckseite einen sanften, umh\u00fcllenden Lichtschein, der den Raum veredelt, ohne ihn zu blenden. Dieses indirekte Licht schafft eine beruhigende Atmosph\u00e4re, in der das gl\u00e4nzende Wei\u00df als Verst\u00e4rker von Helligkeit und Leichtigkeit wirkt.<\/p>\n<p>Dank ihres umkehrbaren Designs kann die Wandleuchte je nach gew\u00fcnschtem Effekt nach oben oder unten montiert werden. Nach oben gerichtet, symbolisiert sie Aufstieg, Leichtigkeit und Bewegung; nach unten, erinnert sie an das sanfte Flie\u00dfen eines Meeresstroms. Ihr helles Wei\u00df f\u00fcgt sich nat\u00fcrlich in jede Umgebung ein, ob modern, minimalistisch oder klassisch.<\/p>\n<p>In privaten Innenr\u00e4umen findet sie ihren Platz in Wohnzimmern, Eingangsbereichen, Fluren, Treppenh\u00e4usern oder Schlafzimmern, wo ihr sanftes, diffuses Licht eine friedliche, luftige Atmosph\u00e4re schafft.<\/p>\n<p>In professionellen R\u00e4umen \u00fcberzeugt sie durch ihre elegante Schlichtheit und bringt eine zeitgem\u00e4\u00dfe, klare Note in Architekturb\u00fcros, Anwaltskanzleien, Notariate oder Chefetagen.\n\nIn maritimen und Hotel-Umgebungen auf einer Yacht, in einem Restaurant oder einem Hotel erhellt sie den Raum mit zeitloser Zartheit und schafft eine frische, beruhigende Stimmung.<\/p>\n<p>Die Wahl der Flying Fish Wandleuchte in Wei\u00df bedeutet, ein lebendiges, reines Licht in den Raum einzuladen ein funktionales Kunstwerk, das Anmut und Einfachheit vereint. Durch ihre diskrete, doch ausdrucksstarke Pr\u00e4senz verwandelt sie eine Wand in eine leuchtende Landschaft und erf\u00fcllt den Raum mit Gelassenheit und Raffinesse. Als wahres Symbol der Harmonie zwischen Design, Licht und Material verzaubert sie all jene, die zeitlose Eleganz und die Poesie des Allt\u00e4glichen suchen.<\/p>","protected":false},"excerpt":{"rendered":"<p>La collection Flying Fish s\u2019enrichit d\u2019une nouvelle expression de puret\u00e9 et de lumi\u00e8re : l\u2019applique murale blanche en finition brillante imagin\u00e9e par le designer Cyril Rumpler. D\u00e9clin\u00e9e de la c\u00e9l\u00e8bre lampe de table, cette cr\u00e9ation incarne l\u2019\u00e9l\u00e9gance subtile et l\u2019esprit a\u00e9rien de la collection. Son blanc \u00e9clatant r\u00e9v\u00e8le la fluidit\u00e9 de ses formes et souligne [&hellip;]<\/p>","protected":false},"featured_media":14254,"comment_status":"closed","ping_status":"closed","template":"","meta":{"_acf_changed":false},"product_brand":[],"product_cat":[177],"product_tag":[],"collections":[],"awards":[],"by_color":[],"class_list":{"0":"post-14251","1":"product","2":"type-product","3":"status-publish","4":"has-post-thumbnail","6":"product_cat-applique-murale","8":"first","9":"instock","10":"shipping-taxable","11":"purchasable","12":"product-type-simple"},"acf":[],"yoast_head":"<!-- This site is optimized with the Yoast SEO Premium plugin v25.7.1 (Yoast SEO v26.9) - https:\/\/yoast.com\/product\/yoast-seo-premium-wordpress\/ -->\n<title>Applique murale design Flying Fish Blanc - Softicated<\/title>\n<meta name=\"description\" content=\"D\u00e9clin\u00e9e de la c\u00e9l\u00e8bre lampe de table, cette cr\u00e9ation incarne l\u2019\u00e9l\u00e9gance subtile et l\u2019esprit a\u00e9rien de la collection. Son blanc \u00e9clatant r\u00e9v\u00e8le la fluidit\u00e9\" \/>\n<meta name=\"robots\" content=\"index, follow, max-snippet:-1, max-image-preview:large, max-video-preview:-1\" \/>\n<link rel=\"canonical\" href=\"https:\/\/softicated.com\/de\/produit\/flying-fish-blanc-wl\/\" \/>\n<meta property=\"og:locale\" content=\"de_DE\" \/>\n<meta property=\"og:type\" content=\"article\" \/>\n<meta property=\"og:title\" content=\"Applique murale design Flying Fish blanc\" \/>\n<meta property=\"og:description\" content=\"Applique murale de la collection Flying Fish blanche.\" \/>\n<meta property=\"og:url\" content=\"https:\/\/softicated.com\/de\/produit\/flying-fish-blanc-wl\/\" \/>\n<meta property=\"og:site_name\" content=\"Softicated\" \/>\n<meta property=\"article:publisher\" content=\"https:\/\/www.facebook.com\/Softicated\" \/>\n<meta property=\"article:modified_time\" content=\"2026-03-24T04:37:00+00:00\" \/>\n<meta property=\"og:image\" content=\"https:\/\/softicated.com\/wp-content\/uploads\/2025\/10\/FLYING-FISH_WHITE_front-on_01_square_low-scaled.png\" \/>\n\t<meta property=\"og:image:width\" content=\"2560\" \/>\n\t<meta property=\"og:image:height\" content=\"2560\" \/>\n\t<meta property=\"og:image:type\" content=\"image\/png\" \/>\n<meta name=\"twitter:card\" content=\"summary_large_image\" \/>\n<script type=\"application\/ld+json\" class=\"yoast-schema-graph\">{\"@context\":\"https:\/\/schema.org\",\"@graph\":[{\"@type\":\"WebPage\",\"@id\":\"https:\/\/softicated.com\/produit\/flying-fish-blanc-wl\/\",\"url\":\"https:\/\/softicated.com\/produit\/flying-fish-blanc-wl\/\",\"name\":\"Applique murale design Flying Fish Blanc - Softicated\",\"isPartOf\":{\"@id\":\"https:\/\/softicated.com\/#website\"},\"primaryImageOfPage\":{\"@id\":\"https:\/\/softicated.com\/produit\/flying-fish-blanc-wl\/#primaryimage\"},\"image\":{\"@id\":\"https:\/\/softicated.com\/produit\/flying-fish-blanc-wl\/#primaryimage\"},\"thumbnailUrl\":\"https:\/\/softicated.com\/wp-content\/uploads\/2025\/10\/FLYING-FISH_WHITE_front-on_01_square_low-scaled.png\",\"datePublished\":\"2025-11-04T11:26:38+00:00\",\"dateModified\":\"2026-03-24T04:37:00+00:00\",\"description\":\"D\u00e9clin\u00e9e de la c\u00e9l\u00e8bre lampe de table, cette cr\u00e9ation incarne l\u2019\u00e9l\u00e9gance subtile et l\u2019esprit a\u00e9rien de la collection. Son blanc \u00e9clatant r\u00e9v\u00e8le la fluidit\u00e9\",\"breadcrumb\":{\"@id\":\"https:\/\/softicated.com\/produit\/flying-fish-blanc-wl\/#breadcrumb\"},\"inLanguage\":\"de-CH\",\"potentialAction\":[{\"@type\":\"ReadAction\",\"target\":[\"https:\/\/softicated.com\/produit\/flying-fish-blanc-wl\/\"]}]},{\"@type\":\"ImageObject\",\"inLanguage\":\"de-CH\",\"@id\":\"https:\/\/softicated.com\/produit\/flying-fish-blanc-wl\/#primaryimage\",\"url\":\"https:\/\/softicated.com\/wp-content\/uploads\/2025\/10\/FLYING-FISH_WHITE_front-on_01_square_low-scaled.png\",\"contentUrl\":\"https:\/\/softicated.com\/wp-content\/uploads\/2025\/10\/FLYING-FISH_WHITE_front-on_01_square_low-scaled.png\",\"width\":2560,\"height\":2560,\"caption\":\"FLYING-FISH_WHITE_front-on_01_square_low\"},{\"@type\":\"BreadcrumbList\",\"@id\":\"https:\/\/softicated.com\/produit\/flying-fish-blanc-wl\/#breadcrumb\",\"itemListElement\":[{\"@type\":\"ListItem\",\"position\":1,\"name\":\"Accueil\",\"item\":\"https:\/\/softicated.com\/\"},{\"@type\":\"ListItem\",\"position\":2,\"name\":\"Produits Mobilier Premium Softicated\",\"item\":\"https:\/\/softicated.com\/produits\/\"},{\"@type\":\"ListItem\",\"position\":3,\"name\":\"Luminaire Design\",\"item\":\"https:\/\/softicated.com\/categorie-produit\/luminaire\/\"},{\"@type\":\"ListItem\",\"position\":4,\"name\":\"Applique murale design - Flying Fish\",\"item\":\"https:\/\/softicated.com\/categorie-produit\/luminaire\/applique-murale\/\"},{\"@type\":\"ListItem\",\"position\":5,\"name\":\"Applique murale blanc Flying Fish\"}]},{\"@type\":\"WebSite\",\"@id\":\"https:\/\/softicated.com\/#website\",\"url\":\"https:\/\/softicated.com\/\",\"name\":\"Softicated\",\"description\":\"Cr\u00e9ateur de meubles, luminaires et tapis premium\",\"publisher\":{\"@id\":\"https:\/\/softicated.com\/#organization\"},\"potentialAction\":[{\"@type\":\"SearchAction\",\"target\":{\"@type\":\"EntryPoint\",\"urlTemplate\":\"https:\/\/softicated.com\/?s={search_term_string}\"},\"query-input\":{\"@type\":\"PropertyValueSpecification\",\"valueRequired\":true,\"valueName\":\"search_term_string\"}}],\"inLanguage\":\"de-CH\"},{\"@type\":\"Organization\",\"@id\":\"https:\/\/softicated.com\/#organization\",\"name\":\"Softicated\",\"url\":\"https:\/\/softicated.com\/\",\"logo\":{\"@type\":\"ImageObject\",\"inLanguage\":\"de-CH\",\"@id\":\"https:\/\/softicated.com\/#\/schema\/logo\/image\/\",\"url\":\"https:\/\/softicated.com\/wp-content\/uploads\/2025\/11\/logo-dark-2.svg\",\"contentUrl\":\"https:\/\/softicated.com\/wp-content\/uploads\/2025\/11\/logo-dark-2.svg\",\"caption\":\"Softicated\"},\"image\":{\"@id\":\"https:\/\/softicated.com\/#\/schema\/logo\/image\/\"},\"sameAs\":[\"https:\/\/www.facebook.com\/Softicated\",\"https:\/\/www.pinterest.com\/softicateddesign\",\"https:\/\/www.instagram.com\/softicated.design\"]}]}<\/script>\n<!-- \/ Yoast SEO Premium plugin. -->","yoast_head_json":{"title":"Design-Wandleuchte Flying Fish Wei\u00df - Softicated","description":"D\u00e9clin\u00e9e de la c\u00e9l\u00e8bre lampe de table, cette cr\u00e9ation incarne l\u2019\u00e9l\u00e9gance subtile et l\u2019esprit a\u00e9rien de la collection. Son blanc \u00e9clatant r\u00e9v\u00e8le la fluidit\u00e9","robots":{"index":"index","follow":"follow","max-snippet":"max-snippet:-1","max-image-preview":"max-image-preview:large","max-video-preview":"max-video-preview:-1"},"canonical":"https:\/\/softicated.com\/de\/produit\/flying-fish-blanc-wl\/","og_locale":"de_DE","og_type":"article","og_title":"Applique murale design Flying Fish blanc","og_description":"Applique murale de la collection Flying Fish blanche.","og_url":"https:\/\/softicated.com\/de\/produit\/flying-fish-blanc-wl\/","og_site_name":"Softicated","article_publisher":"https:\/\/www.facebook.com\/Softicated","article_modified_time":"2026-03-24T04:37:00+00:00","og_image":[{"width":2560,"height":2560,"url":"https:\/\/softicated.com\/wp-content\/uploads\/2025\/10\/FLYING-FISH_WHITE_front-on_01_square_low-scaled.png","type":"image\/png"}],"twitter_card":"summary_large_image","schema":{"@context":"https:\/\/schema.org","@graph":[{"@type":"WebPage","@id":"https:\/\/softicated.com\/produit\/flying-fish-blanc-wl\/","url":"https:\/\/softicated.com\/produit\/flying-fish-blanc-wl\/","name":"Design-Wandleuchte Flying Fish Wei\u00df - Softicated","isPartOf":{"@id":"https:\/\/softicated.com\/#website"},"primaryImageOfPage":{"@id":"https:\/\/softicated.com\/produit\/flying-fish-blanc-wl\/#primaryimage"},"image":{"@id":"https:\/\/softicated.com\/produit\/flying-fish-blanc-wl\/#primaryimage"},"thumbnailUrl":"https:\/\/softicated.com\/wp-content\/uploads\/2025\/10\/FLYING-FISH_WHITE_front-on_01_square_low-scaled.png","datePublished":"2025-11-04T11:26:38+00:00","dateModified":"2026-03-24T04:37:00+00:00","description":"D\u00e9clin\u00e9e de la c\u00e9l\u00e8bre lampe de table, cette cr\u00e9ation incarne l\u2019\u00e9l\u00e9gance subtile et l\u2019esprit a\u00e9rien de la collection. Son blanc \u00e9clatant r\u00e9v\u00e8le la fluidit\u00e9","breadcrumb":{"@id":"https:\/\/softicated.com\/produit\/flying-fish-blanc-wl\/#breadcrumb"},"inLanguage":"de-CH","potentialAction":[{"@type":"ReadAction","target":["https:\/\/softicated.com\/produit\/flying-fish-blanc-wl\/"]}]},{"@type":"ImageObject","inLanguage":"de-CH","@id":"https:\/\/softicated.com\/produit\/flying-fish-blanc-wl\/#primaryimage","url":"https:\/\/softicated.com\/wp-content\/uploads\/2025\/10\/FLYING-FISH_WHITE_front-on_01_square_low-scaled.png","contentUrl":"https:\/\/softicated.com\/wp-content\/uploads\/2025\/10\/FLYING-FISH_WHITE_front-on_01_square_low-scaled.png","width":2560,"height":2560,"caption":"FLYING-FISH_WHITE_front-on_01_square_low"},{"@type":"BreadcrumbList","@id":"https:\/\/softicated.com\/produit\/flying-fish-blanc-wl\/#breadcrumb","itemListElement":[{"@type":"ListItem","position":1,"name":"Accueil","item":"https:\/\/softicated.com\/"},{"@type":"ListItem","position":2,"name":"Produits Mobilier Premium Softicated","item":"https:\/\/softicated.com\/produits\/"},{"@type":"ListItem","position":3,"name":"Luminaire Design","item":"https:\/\/softicated.com\/categorie-produit\/luminaire\/"},{"@type":"ListItem","position":4,"name":"Applique murale design - Flying Fish","item":"https:\/\/softicated.com\/categorie-produit\/luminaire\/applique-murale\/"},{"@type":"ListItem","position":5,"name":"Applique murale blanc Flying Fish"}]},{"@type":"WebSite","@id":"https:\/\/softicated.com\/#website","url":"https:\/\/softicated.com\/","name":"Softicated","description":"Sch\u00f6pfer hochwertiger M\u00f6bel, Leuchten und Teppiche","publisher":{"@id":"https:\/\/softicated.com\/#organization"},"potentialAction":[{"@type":"SearchAction","target":{"@type":"EntryPoint","urlTemplate":"https:\/\/softicated.com\/?s={search_term_string}"},"query-input":{"@type":"PropertyValueSpecification","valueRequired":true,"valueName":"search_term_string"}}],"inLanguage":"de-CH"},{"@type":"Organization","@id":"https:\/\/softicated.com\/#organization","name":"Softicated","url":"https:\/\/softicated.com\/","logo":{"@type":"ImageObject","inLanguage":"de-CH","@id":"https:\/\/softicated.com\/#\/schema\/logo\/image\/","url":"https:\/\/softicated.com\/wp-content\/uploads\/2025\/11\/logo-dark-2.svg","contentUrl":"https:\/\/softicated.com\/wp-content\/uploads\/2025\/11\/logo-dark-2.svg","caption":"Softicated"},"image":{"@id":"https:\/\/softicated.com\/#\/schema\/logo\/image\/"},"sameAs":["https:\/\/www.facebook.com\/Softicated","https:\/\/www.pinterest.com\/softicateddesign","https:\/\/www.instagram.com\/softicated.design"]}]}},"_links":{"self":[{"href":"https:\/\/softicated.com\/de\/wp-json\/wp\/v2\/product\/14251","targetHints":{"allow":["GET"]}}],"collection":[{"href":"https:\/\/softicated.com\/de\/wp-json\/wp\/v2\/product"}],"about":[{"href":"https:\/\/softicated.com\/de\/wp-json\/wp\/v2\/types\/product"}],"replies":[{"embeddable":true,"href":"https:\/\/softicated.com\/de\/wp-json\/wp\/v2\/comments?post=14251"}],"wp:featuredmedia":[{"embeddable":true,"href":"https:\/\/softicated.com\/de\/wp-json\/wp\/v2\/media\/14254"}],"wp:attachment":[{"href":"https:\/\/softicated.com\/de\/wp-json\/wp\/v2\/media?parent=14251"}],"wp:term":[{"taxonomy":"product_brand","embeddable":true,"href":"https:\/\/softicated.com\/de\/wp-json\/wp\/v2\/product_brand?post=14251"},{"taxonomy":"product_cat","embeddable":true,"href":"https:\/\/softicated.com\/de\/wp-json\/wp\/v2\/product_cat?post=14251"},{"taxonomy":"product_tag","embeddable":true,"href":"https:\/\/softicated.com\/de\/wp-json\/wp\/v2\/product_tag?post=14251"},{"taxonomy":"collections","embeddable":true,"href":"https:\/\/softicated.com\/de\/wp-json\/wp\/v2\/collections?post=14251"},{"taxonomy":"awards","embeddable":true,"href":"https:\/\/softicated.com\/de\/wp-json\/wp\/v2\/awards?post=14251"},{"taxonomy":"by_color","embeddable":true,"href":"https:\/\/softicated.com\/de\/wp-json\/wp\/v2\/by_color?post=14251"}],"curies":[{"name":"wp","href":"https:\/\/api.w.org\/{rel}","templated":true}]}}