{"id":11411,"date":"2023-10-03T18:11:14","date_gmt":"2023-10-03T16:11:14","guid":{"rendered":"https:\/\/softicated.com\/?post_type=product&#038;p=11411"},"modified":"2026-03-16T06:22:59","modified_gmt":"2026-03-16T05:22:59","slug":"tapis-gravity-sur-mesure-softicated","status":"publish","type":"product","link":"https:\/\/softicated.com\/de\/produit\/tapis-gravity-sur-mesure-softicated\/","title":{"rendered":"Teppich Gravity"},"content":{"rendered":"<p>Der Teppich \u201eGravity\u201c aus der Kollektion \u201eWeightlessness\u201c vereint auf elegante Weise nat\u00fcrliche Inspiration und eine Palette heller T\u00f6ne, um ein sowohl poetisches als auch zeitgen\u00f6ssisches St\u00fcck zu schaffen. Im Herzen seiner Komposition befindet sich eine l\u00e4ngliche ovale Form, die ein Muster aus sechseckigen Waben beherbergt, direkt inspiriert von Bienenst\u00f6cken. Diese perfekte Symmetrie, ein Spiegelbild der Harmonie der Natur, f\u00fcgt sich in eine sanfte und klare \u00c4sthetik ein.<\/p>\n<p>In subtilen Nuancen von Angora, Creme, blassem Gr\u00fcn, hellem Braun und Champagner gehalten, evoziert der Teppich eine helle, beruhigende und warme Atmosph\u00e4re. Der Angora-Hintergrund, seidig und umh\u00fcllend, hebt die Details des Musters hervor, w\u00e4hrend die Creme- und Champagnert\u00f6ne das Licht fein einfangen. Das blasse Gr\u00fcn verleiht eine pflanzliche Frische, und das helle Braun verankert das Ganze sanft.<\/p>\n<p>Die \u201eCut &amp; Loop\u201c Technik, die zur Strukturierung der Waben verwendet wird, verleiht dem zentralen Design Tiefe und betont den Schwebeeffekt der Komposition auf dem einfarbigen Hintergrund. Diese reiche und subtile Textur verst\u00e4rkt das Gef\u00fchl von Leichtigkeit und l\u00e4dt zur Kontemplation und Ruhe ein.<\/p>\n<p>Gefertigt aus Wolle und botanischer Seide, vereint der Teppich \u201eGravity\u201c Komfort, zarten Glanz und Langlebigkeit. Er findet nat\u00fcrlich seinen Platz in modernen oder klassischen Innenr\u00e4umen, sei es in einem ruhigen Wohnzimmer, einem sanften Schlafzimmer oder einem eleganten B\u00fcro.<\/p>\n<p>Mehr als nur ein Teppich ist er ein von der nat\u00fcrlichen Perfektion inspiriertes Werk, eine Fusion aus Design, Handwerkskunst und sensorischer Feinheit.<\/p>\n<p>Bringen Sie die Harmonie der Natur in Ihr Zuhause mit dem Teppich \u201eGravity\u201c.<\/p>\n<p><em>Die Lieferung erfolgt bis Bordsteinkante. F\u00fcr einen Liefer- und Installationsservice mit wei\u00dfen Handschuhen, <span style=\"text-decoration: underline;\"><a href=\"https:\/\/softicated.com\/de\/contact\/\">kontaktieren Sie uns<\/a><\/span>.<\/em><\/p>","protected":false},"excerpt":{"rendered":"<p>Le tapis \u201cGravity\u201d issu de la collection \u201cWeightlessness\u201d marie avec \u00e9l\u00e9gance l\u2019inspiration naturelle et une palette de tons clairs pour cr\u00e9er une pi\u00e8ce \u00e0 la fois po\u00e9tique et contemporaine. Au c\u0153ur de sa composition se trouve une forme ovo\u00efde allong\u00e9e accueillant un motif d\u2019alv\u00e9oles hexagonales directement inspir\u00e9 des ruches d\u2019abeilles. Cette sym\u00e9trie parfaite reflet de [&hellip;]<\/p>","protected":false},"featured_media":15201,"comment_status":"closed","ping_status":"closed","template":"","meta":{"_acf_changed":false},"product_brand":[],"product_cat":[300,27],"product_tag":[],"collections":[180],"awards":[],"by_color":[],"class_list":{"0":"post-11411","1":"product","2":"type-product","3":"status-publish","4":"has-post-thumbnail","6":"product_cat-tapis-a-motifs","7":"product_cat-rugs","8":"product_shipping_class-tapis","9":"collections-weightlessness","11":"first","12":"instock","13":"shipping-taxable","14":"purchasable","15":"product-type-variable"},"acf":[],"yoast_head":"<!-- This site is optimized with the Yoast SEO Premium plugin v25.7.1 (Yoast SEO v26.9) - https:\/\/yoast.com\/product\/yoast-seo-premium-wordpress\/ -->\n<title>Tapis Gravity - Softicated<\/title>\n<meta name=\"description\" content=\"Le tapis Gravity de la collection Weightlessness marie avec \u00e9l\u00e9gance l\u2019inspiration naturelle et une palette de tons clairs.\" \/>\n<meta name=\"robots\" content=\"index, follow, max-snippet:-1, max-image-preview:large, max-video-preview:-1\" \/>\n<link rel=\"canonical\" href=\"https:\/\/softicated.com\/de\/produit\/tapis-gravity-sur-mesure-softicated\/\" \/>\n<meta property=\"og:locale\" content=\"de_DE\" \/>\n<meta property=\"og:type\" content=\"article\" \/>\n<meta property=\"og:title\" content=\"Tapis Gravity\" \/>\n<meta property=\"og:description\" content=\"Le tapis Gravity de la collection Weightlessness marie avec \u00e9l\u00e9gance l\u2019inspiration naturelle et une palette de tons clairs.\" \/>\n<meta property=\"og:url\" content=\"https:\/\/softicated.com\/de\/produit\/tapis-gravity-sur-mesure-softicated\/\" \/>\n<meta property=\"og:site_name\" content=\"Softicated\" \/>\n<meta property=\"article:publisher\" content=\"https:\/\/www.facebook.com\/Softicated\" \/>\n<meta property=\"article:modified_time\" content=\"2026-03-16T05:22:59+00:00\" \/>\n<meta property=\"og:image\" content=\"https:\/\/softicated.com\/wp-content\/uploads\/2023\/10\/Gravity.png\" \/>\n\t<meta property=\"og:image:width\" content=\"188\" \/>\n\t<meta property=\"og:image:height\" content=\"260\" \/>\n\t<meta property=\"og:image:type\" content=\"image\/png\" \/>\n<meta name=\"twitter:card\" content=\"summary_large_image\" \/>\n<script type=\"application\/ld+json\" class=\"yoast-schema-graph\">{\"@context\":\"https:\/\/schema.org\",\"@graph\":[{\"@type\":\"WebPage\",\"@id\":\"https:\/\/softicated.com\/produit\/tapis-gravity-sur-mesure-softicated\/\",\"url\":\"https:\/\/softicated.com\/produit\/tapis-gravity-sur-mesure-softicated\/\",\"name\":\"Tapis Gravity - Softicated\",\"isPartOf\":{\"@id\":\"https:\/\/softicated.com\/#website\"},\"primaryImageOfPage\":{\"@id\":\"https:\/\/softicated.com\/produit\/tapis-gravity-sur-mesure-softicated\/#primaryimage\"},\"image\":{\"@id\":\"https:\/\/softicated.com\/produit\/tapis-gravity-sur-mesure-softicated\/#primaryimage\"},\"thumbnailUrl\":\"https:\/\/softicated.com\/wp-content\/uploads\/2023\/10\/Gravity.png\",\"datePublished\":\"2023-10-03T16:11:14+00:00\",\"dateModified\":\"2026-03-16T05:22:59+00:00\",\"description\":\"Le tapis Gravity de la collection Weightlessness marie avec \u00e9l\u00e9gance l\u2019inspiration naturelle et une palette de tons clairs.\",\"breadcrumb\":{\"@id\":\"https:\/\/softicated.com\/produit\/tapis-gravity-sur-mesure-softicated\/#breadcrumb\"},\"inLanguage\":\"de-CH\",\"potentialAction\":[{\"@type\":\"ReadAction\",\"target\":[\"https:\/\/softicated.com\/produit\/tapis-gravity-sur-mesure-softicated\/\"]}]},{\"@type\":\"ImageObject\",\"inLanguage\":\"de-CH\",\"@id\":\"https:\/\/softicated.com\/produit\/tapis-gravity-sur-mesure-softicated\/#primaryimage\",\"url\":\"https:\/\/softicated.com\/wp-content\/uploads\/2023\/10\/Gravity.png\",\"contentUrl\":\"https:\/\/softicated.com\/wp-content\/uploads\/2023\/10\/Gravity.png\",\"width\":188,\"height\":260,\"caption\":\"Gravity\"},{\"@type\":\"BreadcrumbList\",\"@id\":\"https:\/\/softicated.com\/produit\/tapis-gravity-sur-mesure-softicated\/#breadcrumb\",\"itemListElement\":[{\"@type\":\"ListItem\",\"position\":1,\"name\":\"Accueil\",\"item\":\"https:\/\/softicated.com\/\"},{\"@type\":\"ListItem\",\"position\":2,\"name\":\"Produits Mobilier Premium Softicated\",\"item\":\"https:\/\/softicated.com\/produits\/\"},{\"@type\":\"ListItem\",\"position\":3,\"name\":\"Tapis \u00e0 motifs\",\"item\":\"https:\/\/softicated.com\/categorie-produit\/tapis-a-motifs\/\"},{\"@type\":\"ListItem\",\"position\":4,\"name\":\"Tapis design sur mesure\"}]},{\"@type\":\"WebSite\",\"@id\":\"https:\/\/softicated.com\/#website\",\"url\":\"https:\/\/softicated.com\/\",\"name\":\"Softicated\",\"description\":\"Cr\u00e9ateur de meubles, luminaires et tapis premium\",\"publisher\":{\"@id\":\"https:\/\/softicated.com\/#organization\"},\"potentialAction\":[{\"@type\":\"SearchAction\",\"target\":{\"@type\":\"EntryPoint\",\"urlTemplate\":\"https:\/\/softicated.com\/?s={search_term_string}\"},\"query-input\":{\"@type\":\"PropertyValueSpecification\",\"valueRequired\":true,\"valueName\":\"search_term_string\"}}],\"inLanguage\":\"de-CH\"},{\"@type\":\"Organization\",\"@id\":\"https:\/\/softicated.com\/#organization\",\"name\":\"Softicated\",\"url\":\"https:\/\/softicated.com\/\",\"logo\":{\"@type\":\"ImageObject\",\"inLanguage\":\"de-CH\",\"@id\":\"https:\/\/softicated.com\/#\/schema\/logo\/image\/\",\"url\":\"https:\/\/softicated.com\/wp-content\/uploads\/2025\/11\/logo-dark-2.svg\",\"contentUrl\":\"https:\/\/softicated.com\/wp-content\/uploads\/2025\/11\/logo-dark-2.svg\",\"caption\":\"Softicated\"},\"image\":{\"@id\":\"https:\/\/softicated.com\/#\/schema\/logo\/image\/\"},\"sameAs\":[\"https:\/\/www.facebook.com\/Softicated\",\"https:\/\/www.pinterest.com\/softicateddesign\",\"https:\/\/www.instagram.com\/softicated.design\"]}]}<\/script>\n<!-- \/ Yoast SEO Premium plugin. -->","yoast_head_json":{"title":"Teppich Gravity - Softicated","description":"Le tapis Gravity de la collection Weightlessness marie avec \u00e9l\u00e9gance l\u2019inspiration naturelle et une palette de tons clairs.","robots":{"index":"index","follow":"follow","max-snippet":"max-snippet:-1","max-image-preview":"max-image-preview:large","max-video-preview":"max-video-preview:-1"},"canonical":"https:\/\/softicated.com\/de\/produit\/tapis-gravity-sur-mesure-softicated\/","og_locale":"de_DE","og_type":"article","og_title":"Tapis Gravity","og_description":"Le tapis Gravity de la collection Weightlessness marie avec \u00e9l\u00e9gance l\u2019inspiration naturelle et une palette de tons clairs.","og_url":"https:\/\/softicated.com\/de\/produit\/tapis-gravity-sur-mesure-softicated\/","og_site_name":"Softicated","article_publisher":"https:\/\/www.facebook.com\/Softicated","article_modified_time":"2026-03-16T05:22:59+00:00","og_image":[{"width":188,"height":260,"url":"https:\/\/softicated.com\/wp-content\/uploads\/2023\/10\/Gravity.png","type":"image\/png"}],"twitter_card":"summary_large_image","schema":{"@context":"https:\/\/schema.org","@graph":[{"@type":"WebPage","@id":"https:\/\/softicated.com\/produit\/tapis-gravity-sur-mesure-softicated\/","url":"https:\/\/softicated.com\/produit\/tapis-gravity-sur-mesure-softicated\/","name":"Teppich Gravity - Softicated","isPartOf":{"@id":"https:\/\/softicated.com\/#website"},"primaryImageOfPage":{"@id":"https:\/\/softicated.com\/produit\/tapis-gravity-sur-mesure-softicated\/#primaryimage"},"image":{"@id":"https:\/\/softicated.com\/produit\/tapis-gravity-sur-mesure-softicated\/#primaryimage"},"thumbnailUrl":"https:\/\/softicated.com\/wp-content\/uploads\/2023\/10\/Gravity.png","datePublished":"2023-10-03T16:11:14+00:00","dateModified":"2026-03-16T05:22:59+00:00","description":"Le tapis Gravity de la collection Weightlessness marie avec \u00e9l\u00e9gance l\u2019inspiration naturelle et une palette de tons clairs.","breadcrumb":{"@id":"https:\/\/softicated.com\/produit\/tapis-gravity-sur-mesure-softicated\/#breadcrumb"},"inLanguage":"de-CH","potentialAction":[{"@type":"ReadAction","target":["https:\/\/softicated.com\/produit\/tapis-gravity-sur-mesure-softicated\/"]}]},{"@type":"ImageObject","inLanguage":"de-CH","@id":"https:\/\/softicated.com\/produit\/tapis-gravity-sur-mesure-softicated\/#primaryimage","url":"https:\/\/softicated.com\/wp-content\/uploads\/2023\/10\/Gravity.png","contentUrl":"https:\/\/softicated.com\/wp-content\/uploads\/2023\/10\/Gravity.png","width":188,"height":260,"caption":"Gravity"},{"@type":"BreadcrumbList","@id":"https:\/\/softicated.com\/produit\/tapis-gravity-sur-mesure-softicated\/#breadcrumb","itemListElement":[{"@type":"ListItem","position":1,"name":"Accueil","item":"https:\/\/softicated.com\/"},{"@type":"ListItem","position":2,"name":"Produits Mobilier Premium Softicated","item":"https:\/\/softicated.com\/produits\/"},{"@type":"ListItem","position":3,"name":"Tapis \u00e0 motifs","item":"https:\/\/softicated.com\/categorie-produit\/tapis-a-motifs\/"},{"@type":"ListItem","position":4,"name":"Tapis design sur mesure"}]},{"@type":"WebSite","@id":"https:\/\/softicated.com\/#website","url":"https:\/\/softicated.com\/","name":"Softicated","description":"Sch\u00f6pfer hochwertiger M\u00f6bel, Leuchten und Teppiche","publisher":{"@id":"https:\/\/softicated.com\/#organization"},"potentialAction":[{"@type":"SearchAction","target":{"@type":"EntryPoint","urlTemplate":"https:\/\/softicated.com\/?s={search_term_string}"},"query-input":{"@type":"PropertyValueSpecification","valueRequired":true,"valueName":"search_term_string"}}],"inLanguage":"de-CH"},{"@type":"Organization","@id":"https:\/\/softicated.com\/#organization","name":"Softicated","url":"https:\/\/softicated.com\/","logo":{"@type":"ImageObject","inLanguage":"de-CH","@id":"https:\/\/softicated.com\/#\/schema\/logo\/image\/","url":"https:\/\/softicated.com\/wp-content\/uploads\/2025\/11\/logo-dark-2.svg","contentUrl":"https:\/\/softicated.com\/wp-content\/uploads\/2025\/11\/logo-dark-2.svg","caption":"Softicated"},"image":{"@id":"https:\/\/softicated.com\/#\/schema\/logo\/image\/"},"sameAs":["https:\/\/www.facebook.com\/Softicated","https:\/\/www.pinterest.com\/softicateddesign","https:\/\/www.instagram.com\/softicated.design"]}]}},"_links":{"self":[{"href":"https:\/\/softicated.com\/de\/wp-json\/wp\/v2\/product\/11411","targetHints":{"allow":["GET"]}}],"collection":[{"href":"https:\/\/softicated.com\/de\/wp-json\/wp\/v2\/product"}],"about":[{"href":"https:\/\/softicated.com\/de\/wp-json\/wp\/v2\/types\/product"}],"replies":[{"embeddable":true,"href":"https:\/\/softicated.com\/de\/wp-json\/wp\/v2\/comments?post=11411"}],"wp:featuredmedia":[{"embeddable":true,"href":"https:\/\/softicated.com\/de\/wp-json\/wp\/v2\/media\/15201"}],"wp:attachment":[{"href":"https:\/\/softicated.com\/de\/wp-json\/wp\/v2\/media?parent=11411"}],"wp:term":[{"taxonomy":"product_brand","embeddable":true,"href":"https:\/\/softicated.com\/de\/wp-json\/wp\/v2\/product_brand?post=11411"},{"taxonomy":"product_cat","embeddable":true,"href":"https:\/\/softicated.com\/de\/wp-json\/wp\/v2\/product_cat?post=11411"},{"taxonomy":"product_tag","embeddable":true,"href":"https:\/\/softicated.com\/de\/wp-json\/wp\/v2\/product_tag?post=11411"},{"taxonomy":"collections","embeddable":true,"href":"https:\/\/softicated.com\/de\/wp-json\/wp\/v2\/collections?post=11411"},{"taxonomy":"awards","embeddable":true,"href":"https:\/\/softicated.com\/de\/wp-json\/wp\/v2\/awards?post=11411"},{"taxonomy":"by_color","embeddable":true,"href":"https:\/\/softicated.com\/de\/wp-json\/wp\/v2\/by_color?post=11411"}],"curies":[{"name":"wp","href":"https:\/\/api.w.org\/{rel}","templated":true}]}}