{"id":11395,"date":"2023-10-03T17:43:03","date_gmt":"2023-10-03T15:43:03","guid":{"rendered":"https:\/\/softicated.com\/?post_type=product&#038;p=11395"},"modified":"2026-03-16T06:23:10","modified_gmt":"2026-03-16T05:23:10","slug":"tapis-design-sur-mesure-natural-softicated","status":"publish","type":"product","link":"https:\/\/softicated.com\/de\/produit\/tapis-design-sur-mesure-natural-softicated\/","title":{"rendered":"Teppich Natural"},"content":{"rendered":"<p>Der Teppich \u201eNatural\u201c in hellen T\u00f6nen ist eine wahre Hommage an die Natur. Er vereint Sanftheit, Eleganz und pflanzliche Inspiration in einer beruhigenden Komposition. In einer raffinierten Farbpalette aus Angora, hellem Braun, Champagner und blassem Gr\u00fcnverwebt, f\u00e4ngt er das Licht zart ein und verbreitet ein unmittelbares Gef\u00fchl von Ruhe und Wohlbefinden. Diese nat\u00fcrlichen Nuancen formen ein leuchtendes Farbspiel, das sowohl an Erde, frisches Blattwerk als auch an das goldene Morgenlicht erinnert.<\/p>\n<p>Das Muster ist inspiriert von tropischer Flora und zeigt stilisierte Monstera und Bananenbl\u00e4tter, die sanft an ihren Stielen h\u00e4ngen als w\u00fcrden sie im Raum schweben. Diese organischen Formen zeichnen sich fein auf einem hellen Hintergrund ab und betonen deren grafische Sch\u00f6nheit. Dezente Streifen verleihen der Komposition Rhythmus, bringen einen modernen Akzent und ein subtiles Spiel mit den geschwungenen Blattformen.<\/p>\n<p>Jede Farbe vom pflanzlichen Blassgr\u00fcn bis zum strahlenden Champagner wurde sorgf\u00e4ltig ausgew\u00e4hlt, um die Komposition zu bereichern, ohne sie zu beschweren. Der Teppich \u201eNatural\u201c erinnert an einen friedlichen, lichtdurchfluteten Garten eine sanfte, harmonische Natur, die ins textile Universum \u00fcbertragen wurde.<\/p>\n<p>Gefertigt aus Wolle und botanischer Seide, bietet der Teppich \u201eNatural\u201c eine seidige Haptik, hohe Strapazierf\u00e4higkeit und eine bemerkenswerte visuelle Feinheit. Er passt sich m\u00fchelos in moderne, skandinavische oder klassische Innenr\u00e4ume ein und verleiht ihnen eine frische, dezent exotische Note. Mehr als nur ein Teppich ist er eine Einladung zur Entspannung, zum Gleichgewicht und zur nat\u00fcrlichen Sch\u00f6nheit der Welt.<\/p>\n<p>Bringen Sie mit dem Teppich \u201eNatural\u201c die Sanftheit und das Licht der Natur in Ihr Zuhause und schaffen Sie eine ruhige, elegante und pflanzeninspirierte Atmosph\u00e4re.<\/p>\n<p><em>Die Lieferung erfolgt bis Bordsteinkante. F\u00fcr einen Liefer- und Installationsservice mit wei\u00dfen Handschuhen, <span style=\"text-decoration: underline;\"><a href=\"https:\/\/softicated.com\/de\/contact\/\">kontaktieren Sie uns<\/a><\/span>.<\/em><\/p>","protected":false},"excerpt":{"rendered":"<p>Le tapis \u201cNatural\u201d aux tons clairs est une v\u00e9ritable ode \u00e0 la nature m\u00ealant douceur, \u00e9l\u00e9gance et inspiration v\u00e9g\u00e9tale dans une composition apaisante. D\u00e9clin\u00e9 dans une palette raffin\u00e9e o\u00f9 l\u2019angora, le marron clair, le champagne et le vert p\u00e2le s\u2019entrelacent avec subtilit\u00e9, il capte la lumi\u00e8re tout en d\u00e9licatesse, diffusant une sensation imm\u00e9diate de calme [&hellip;]<\/p>","protected":false},"featured_media":15202,"comment_status":"closed","ping_status":"closed","template":"","meta":{"_acf_changed":false},"product_brand":[],"product_cat":[300,27],"product_tag":[],"collections":[37],"awards":[],"by_color":[],"class_list":{"0":"post-11395","1":"product","2":"type-product","3":"status-publish","4":"has-post-thumbnail","6":"product_cat-tapis-a-motifs","7":"product_cat-rugs","8":"product_shipping_class-tapis","9":"collections-tinged-leaves","11":"first","12":"instock","13":"shipping-taxable","14":"purchasable","15":"product-type-variable","16":"has-default-attributes"},"acf":[],"yoast_head":"<!-- This site is optimized with the Yoast SEO Premium plugin v25.7.1 (Yoast SEO v26.9) - https:\/\/yoast.com\/product\/yoast-seo-premium-wordpress\/ -->\n<title>Tapis Naturel - Softicated<\/title>\n<meta name=\"description\" content=\"Le tapis &quot; Natural &quot; aux tons clairs est une v\u00e9ritable ode \u00e0 la nature m\u00ealant douceur, \u00e9l\u00e9gance et inspiration v\u00e9g\u00e9tale dans une composition apaisante.\" \/>\n<meta name=\"robots\" content=\"index, follow, max-snippet:-1, max-image-preview:large, max-video-preview:-1\" \/>\n<link rel=\"canonical\" href=\"https:\/\/softicated.com\/de\/produit\/tapis-design-sur-mesure-natural-softicated\/\" \/>\n<meta property=\"og:locale\" content=\"de_DE\" \/>\n<meta property=\"og:type\" content=\"article\" \/>\n<meta property=\"og:title\" content=\"Tapis Naturel\" \/>\n<meta property=\"og:description\" content=\"Le tapis &quot; Natural &quot; aux tons clairs est une v\u00e9ritable ode \u00e0 la nature m\u00ealant douceur, \u00e9l\u00e9gance et inspiration v\u00e9g\u00e9tale dans une composition apaisante.\" \/>\n<meta property=\"og:url\" content=\"https:\/\/softicated.com\/de\/produit\/tapis-design-sur-mesure-natural-softicated\/\" \/>\n<meta property=\"og:site_name\" content=\"Softicated\" \/>\n<meta property=\"article:publisher\" content=\"https:\/\/www.facebook.com\/Softicated\" \/>\n<meta property=\"article:modified_time\" content=\"2026-03-16T05:23:10+00:00\" \/>\n<meta property=\"og:image\" content=\"https:\/\/softicated.com\/wp-content\/uploads\/2023\/10\/Natural.png\" \/>\n\t<meta property=\"og:image:width\" content=\"188\" \/>\n\t<meta property=\"og:image:height\" content=\"260\" \/>\n\t<meta property=\"og:image:type\" content=\"image\/png\" \/>\n<meta name=\"twitter:card\" content=\"summary_large_image\" \/>\n<script type=\"application\/ld+json\" class=\"yoast-schema-graph\">{\"@context\":\"https:\/\/schema.org\",\"@graph\":[{\"@type\":\"WebPage\",\"@id\":\"https:\/\/softicated.com\/produit\/tapis-design-sur-mesure-natural-softicated\/\",\"url\":\"https:\/\/softicated.com\/produit\/tapis-design-sur-mesure-natural-softicated\/\",\"name\":\"Tapis Naturel - Softicated\",\"isPartOf\":{\"@id\":\"https:\/\/softicated.com\/#website\"},\"primaryImageOfPage\":{\"@id\":\"https:\/\/softicated.com\/produit\/tapis-design-sur-mesure-natural-softicated\/#primaryimage\"},\"image\":{\"@id\":\"https:\/\/softicated.com\/produit\/tapis-design-sur-mesure-natural-softicated\/#primaryimage\"},\"thumbnailUrl\":\"https:\/\/softicated.com\/wp-content\/uploads\/2023\/10\/Natural.png\",\"datePublished\":\"2023-10-03T15:43:03+00:00\",\"dateModified\":\"2026-03-16T05:23:10+00:00\",\"description\":\"Le tapis \\\" Natural \\\" aux tons clairs est une v\u00e9ritable ode \u00e0 la nature m\u00ealant douceur, \u00e9l\u00e9gance et inspiration v\u00e9g\u00e9tale dans une composition apaisante.\",\"breadcrumb\":{\"@id\":\"https:\/\/softicated.com\/produit\/tapis-design-sur-mesure-natural-softicated\/#breadcrumb\"},\"inLanguage\":\"de-CH\",\"potentialAction\":[{\"@type\":\"ReadAction\",\"target\":[\"https:\/\/softicated.com\/produit\/tapis-design-sur-mesure-natural-softicated\/\"]}]},{\"@type\":\"ImageObject\",\"inLanguage\":\"de-CH\",\"@id\":\"https:\/\/softicated.com\/produit\/tapis-design-sur-mesure-natural-softicated\/#primaryimage\",\"url\":\"https:\/\/softicated.com\/wp-content\/uploads\/2023\/10\/Natural.png\",\"contentUrl\":\"https:\/\/softicated.com\/wp-content\/uploads\/2023\/10\/Natural.png\",\"width\":188,\"height\":260,\"caption\":\"Natural\"},{\"@type\":\"BreadcrumbList\",\"@id\":\"https:\/\/softicated.com\/produit\/tapis-design-sur-mesure-natural-softicated\/#breadcrumb\",\"itemListElement\":[{\"@type\":\"ListItem\",\"position\":1,\"name\":\"Accueil\",\"item\":\"https:\/\/softicated.com\/\"},{\"@type\":\"ListItem\",\"position\":2,\"name\":\"Produits Mobilier Premium Softicated\",\"item\":\"https:\/\/softicated.com\/produits\/\"},{\"@type\":\"ListItem\",\"position\":3,\"name\":\"Tapis \u00e0 motifs\",\"item\":\"https:\/\/softicated.com\/categorie-produit\/tapis-a-motifs\/\"},{\"@type\":\"ListItem\",\"position\":4,\"name\":\"Tapis design sur mesure\"}]},{\"@type\":\"WebSite\",\"@id\":\"https:\/\/softicated.com\/#website\",\"url\":\"https:\/\/softicated.com\/\",\"name\":\"Softicated\",\"description\":\"Cr\u00e9ateur de meubles, luminaires et tapis premium\",\"publisher\":{\"@id\":\"https:\/\/softicated.com\/#organization\"},\"potentialAction\":[{\"@type\":\"SearchAction\",\"target\":{\"@type\":\"EntryPoint\",\"urlTemplate\":\"https:\/\/softicated.com\/?s={search_term_string}\"},\"query-input\":{\"@type\":\"PropertyValueSpecification\",\"valueRequired\":true,\"valueName\":\"search_term_string\"}}],\"inLanguage\":\"de-CH\"},{\"@type\":\"Organization\",\"@id\":\"https:\/\/softicated.com\/#organization\",\"name\":\"Softicated\",\"url\":\"https:\/\/softicated.com\/\",\"logo\":{\"@type\":\"ImageObject\",\"inLanguage\":\"de-CH\",\"@id\":\"https:\/\/softicated.com\/#\/schema\/logo\/image\/\",\"url\":\"https:\/\/softicated.com\/wp-content\/uploads\/2025\/11\/logo-dark-2.svg\",\"contentUrl\":\"https:\/\/softicated.com\/wp-content\/uploads\/2025\/11\/logo-dark-2.svg\",\"caption\":\"Softicated\"},\"image\":{\"@id\":\"https:\/\/softicated.com\/#\/schema\/logo\/image\/\"},\"sameAs\":[\"https:\/\/www.facebook.com\/Softicated\",\"https:\/\/www.pinterest.com\/softicateddesign\",\"https:\/\/www.instagram.com\/softicated.design\"]}]}<\/script>\n<!-- \/ Yoast SEO Premium plugin. -->","yoast_head_json":{"title":"Teppich Natural - Softicated","description":"Le tapis \" Natural \" aux tons clairs est une v\u00e9ritable ode \u00e0 la nature m\u00ealant douceur, \u00e9l\u00e9gance et inspiration v\u00e9g\u00e9tale dans une composition apaisante.","robots":{"index":"index","follow":"follow","max-snippet":"max-snippet:-1","max-image-preview":"max-image-preview:large","max-video-preview":"max-video-preview:-1"},"canonical":"https:\/\/softicated.com\/de\/produit\/tapis-design-sur-mesure-natural-softicated\/","og_locale":"de_DE","og_type":"article","og_title":"Tapis Naturel","og_description":"Le tapis \" Natural \" aux tons clairs est une v\u00e9ritable ode \u00e0 la nature m\u00ealant douceur, \u00e9l\u00e9gance et inspiration v\u00e9g\u00e9tale dans une composition apaisante.","og_url":"https:\/\/softicated.com\/de\/produit\/tapis-design-sur-mesure-natural-softicated\/","og_site_name":"Softicated","article_publisher":"https:\/\/www.facebook.com\/Softicated","article_modified_time":"2026-03-16T05:23:10+00:00","og_image":[{"width":188,"height":260,"url":"https:\/\/softicated.com\/wp-content\/uploads\/2023\/10\/Natural.png","type":"image\/png"}],"twitter_card":"summary_large_image","schema":{"@context":"https:\/\/schema.org","@graph":[{"@type":"WebPage","@id":"https:\/\/softicated.com\/produit\/tapis-design-sur-mesure-natural-softicated\/","url":"https:\/\/softicated.com\/produit\/tapis-design-sur-mesure-natural-softicated\/","name":"Teppich Natural - Softicated","isPartOf":{"@id":"https:\/\/softicated.com\/#website"},"primaryImageOfPage":{"@id":"https:\/\/softicated.com\/produit\/tapis-design-sur-mesure-natural-softicated\/#primaryimage"},"image":{"@id":"https:\/\/softicated.com\/produit\/tapis-design-sur-mesure-natural-softicated\/#primaryimage"},"thumbnailUrl":"https:\/\/softicated.com\/wp-content\/uploads\/2023\/10\/Natural.png","datePublished":"2023-10-03T15:43:03+00:00","dateModified":"2026-03-16T05:23:10+00:00","description":"Le tapis \" Natural \" aux tons clairs est une v\u00e9ritable ode \u00e0 la nature m\u00ealant douceur, \u00e9l\u00e9gance et inspiration v\u00e9g\u00e9tale dans une composition apaisante.","breadcrumb":{"@id":"https:\/\/softicated.com\/produit\/tapis-design-sur-mesure-natural-softicated\/#breadcrumb"},"inLanguage":"de-CH","potentialAction":[{"@type":"ReadAction","target":["https:\/\/softicated.com\/produit\/tapis-design-sur-mesure-natural-softicated\/"]}]},{"@type":"ImageObject","inLanguage":"de-CH","@id":"https:\/\/softicated.com\/produit\/tapis-design-sur-mesure-natural-softicated\/#primaryimage","url":"https:\/\/softicated.com\/wp-content\/uploads\/2023\/10\/Natural.png","contentUrl":"https:\/\/softicated.com\/wp-content\/uploads\/2023\/10\/Natural.png","width":188,"height":260,"caption":"Natural"},{"@type":"BreadcrumbList","@id":"https:\/\/softicated.com\/produit\/tapis-design-sur-mesure-natural-softicated\/#breadcrumb","itemListElement":[{"@type":"ListItem","position":1,"name":"Accueil","item":"https:\/\/softicated.com\/"},{"@type":"ListItem","position":2,"name":"Produits Mobilier Premium Softicated","item":"https:\/\/softicated.com\/produits\/"},{"@type":"ListItem","position":3,"name":"Tapis \u00e0 motifs","item":"https:\/\/softicated.com\/categorie-produit\/tapis-a-motifs\/"},{"@type":"ListItem","position":4,"name":"Tapis design sur mesure"}]},{"@type":"WebSite","@id":"https:\/\/softicated.com\/#website","url":"https:\/\/softicated.com\/","name":"Softicated","description":"Sch\u00f6pfer hochwertiger M\u00f6bel, Leuchten und Teppiche","publisher":{"@id":"https:\/\/softicated.com\/#organization"},"potentialAction":[{"@type":"SearchAction","target":{"@type":"EntryPoint","urlTemplate":"https:\/\/softicated.com\/?s={search_term_string}"},"query-input":{"@type":"PropertyValueSpecification","valueRequired":true,"valueName":"search_term_string"}}],"inLanguage":"de-CH"},{"@type":"Organization","@id":"https:\/\/softicated.com\/#organization","name":"Softicated","url":"https:\/\/softicated.com\/","logo":{"@type":"ImageObject","inLanguage":"de-CH","@id":"https:\/\/softicated.com\/#\/schema\/logo\/image\/","url":"https:\/\/softicated.com\/wp-content\/uploads\/2025\/11\/logo-dark-2.svg","contentUrl":"https:\/\/softicated.com\/wp-content\/uploads\/2025\/11\/logo-dark-2.svg","caption":"Softicated"},"image":{"@id":"https:\/\/softicated.com\/#\/schema\/logo\/image\/"},"sameAs":["https:\/\/www.facebook.com\/Softicated","https:\/\/www.pinterest.com\/softicateddesign","https:\/\/www.instagram.com\/softicated.design"]}]}},"_links":{"self":[{"href":"https:\/\/softicated.com\/de\/wp-json\/wp\/v2\/product\/11395","targetHints":{"allow":["GET"]}}],"collection":[{"href":"https:\/\/softicated.com\/de\/wp-json\/wp\/v2\/product"}],"about":[{"href":"https:\/\/softicated.com\/de\/wp-json\/wp\/v2\/types\/product"}],"replies":[{"embeddable":true,"href":"https:\/\/softicated.com\/de\/wp-json\/wp\/v2\/comments?post=11395"}],"wp:featuredmedia":[{"embeddable":true,"href":"https:\/\/softicated.com\/de\/wp-json\/wp\/v2\/media\/15202"}],"wp:attachment":[{"href":"https:\/\/softicated.com\/de\/wp-json\/wp\/v2\/media?parent=11395"}],"wp:term":[{"taxonomy":"product_brand","embeddable":true,"href":"https:\/\/softicated.com\/de\/wp-json\/wp\/v2\/product_brand?post=11395"},{"taxonomy":"product_cat","embeddable":true,"href":"https:\/\/softicated.com\/de\/wp-json\/wp\/v2\/product_cat?post=11395"},{"taxonomy":"product_tag","embeddable":true,"href":"https:\/\/softicated.com\/de\/wp-json\/wp\/v2\/product_tag?post=11395"},{"taxonomy":"collections","embeddable":true,"href":"https:\/\/softicated.com\/de\/wp-json\/wp\/v2\/collections?post=11395"},{"taxonomy":"awards","embeddable":true,"href":"https:\/\/softicated.com\/de\/wp-json\/wp\/v2\/awards?post=11395"},{"taxonomy":"by_color","embeddable":true,"href":"https:\/\/softicated.com\/de\/wp-json\/wp\/v2\/by_color?post=11395"}],"curies":[{"name":"wp","href":"https:\/\/api.w.org\/{rel}","templated":true}]}}