{"id":11384,"date":"2023-10-03T17:18:49","date_gmt":"2023-10-03T15:18:49","guid":{"rendered":"https:\/\/softicated.com\/?post_type=product&#038;p=11384"},"modified":"2026-03-16T06:23:31","modified_gmt":"2026-03-16T05:23:31","slug":"tapis-design-sur-mesure-milky-way-softicated","status":"publish","type":"product","link":"https:\/\/softicated.com\/de\/produit\/tapis-design-sur-mesure-milky-way-softicated\/","title":{"rendered":"Teppich Milky Way"},"content":{"rendered":"<p>Der Teppich \u201eMilky Way\u201c vereint kosmische Poesie und nat\u00fcrliche Eleganz in einer ebenso \u00e4sthetischen wie symbolischen Komposition. Inspiriert vom Sonnensystem stellt er die acht anerkannten Planeten von Merkur bis Neptun dar, die als Kreise mit unterschiedlichen Gr\u00f6\u00dfen und Farben erscheinen. Jeder besitzt eine eigene visuelleIdentit\u00e4t und f\u00fcgt sich dennoch harmonisch ins Gesamtbild ein. Diese Formen, die im Raum zu schweben scheinen, erinnern an eingefrorene Momente, in denen die Planeten friedlich um die Sonne kreisen.<\/p>\n<p>Auf einem Hintergrund, der das Universum repr\u00e4sentiert, dominieren helle und beige T\u00f6neund schaffen eine sanfte, lichtdurchflutete Atmosph\u00e4re. Die Farben Creme, Hellgrau, sanftes Beige, Angora und Pastell verschmelzen zart miteinander und bilden ein beruhigendes Farbspektrum, das das Licht subtil einf\u00e4ngt. Dieses Spiel aus sanften, ged\u00e4mpften T\u00f6nen verst\u00e4rkt das Gef\u00fchl von Ruhe, Leichtigkeit und Ausgewogenheit, im Einklang mit der himmlischen Ordnung, die die Komposition evoziert.<\/p>\n<p>Das dezente, flie\u00dfende Muster des Teppichs \u201eMilky Way\u201c, inspiriert von der Bewegung der Himmelsk\u00f6rper, verleiht Tiefe, ohne den Raum zu beschweren. Er f\u00fcgt sich perfekt in minimalistische, skandinavische oder nat\u00fcrliche Interieurs ein, wo er sowohl als visueller Ankerpunkt als auch als Quelle der Gelassenheit dient. Indem dieser Teppichdas Universum ins Zuhause bringt, verwandelt er den Wohnraum in einen beruhigenden, modernen und zeitlosen Kokon.<\/p>\n<p>Gefertigt aus hochwertigen Materialien, vereint der Teppich \u201eMilky Way\u201c Komfort und Raffinesse. Mehr als nur ein dekoratives Objekt wird dieser Teppich zu einem textilen Kunstwerk, das sowohl die Sch\u00f6nheit des Kosmos als auch die Kunst des sanften Lebensstils feiert.<\/p>\n<p>Holen Sie sich die Sanftheit des Kosmos in Ihr Zuhause mit dem Teppich \u201eMilky Way\u201c \u2013 zwischen himmlischer Harmonie und nat\u00fcrlicher Eleganz. G\u00f6nnen Sie sich dieses einzigartige St\u00fcck, um Ihr Interieur mit Ruhe, Licht und Raffinesse zu veredeln.<\/p>\n<p><em>Die Lieferung erfolgt bis Bordsteinkante. F\u00fcr einen Liefer- und Installationsservice mit wei\u00dfen Handschuhen, <span style=\"text-decoration: underline;\"><a href=\"https:\/\/softicated.com\/de\/contact\/\">kontaktieren Sie uns<\/a><\/span>.<\/em><\/p>","protected":false},"excerpt":{"rendered":"<p>Le tapis \u201cMilky Way\u201d allie po\u00e9sie cosmique et \u00e9l\u00e9gance naturelle dans une composition aussi esth\u00e9tique que symbolique. Inspir\u00e9 du syst\u00e8me solaire, il met en sc\u00e8ne les huit plan\u00e8tes reconnues de Mercure \u00e0 Neptune repr\u00e9sent\u00e9es sous forme de bulles aux dimensions et couleurs vari\u00e9es. Chacune poss\u00e8de une identit\u00e9 visuelle propre tout en s\u2019inscrivant dans une harmonie [&hellip;]<\/p>","protected":false},"featured_media":15203,"comment_status":"closed","ping_status":"closed","template":"","meta":{"_acf_changed":false},"product_brand":[],"product_cat":[300,27],"product_tag":[],"collections":[36],"awards":[],"by_color":[],"class_list":{"0":"post-11384","1":"product","2":"type-product","3":"status-publish","4":"has-post-thumbnail","6":"product_cat-tapis-a-motifs","7":"product_cat-rugs","8":"product_shipping_class-tapis","9":"collections-planets","11":"first","12":"instock","13":"shipping-taxable","14":"purchasable","15":"product-type-variable","16":"has-default-attributes"},"acf":[],"yoast_head":"<!-- This site is optimized with the Yoast SEO Premium plugin v25.7.1 (Yoast SEO v26.9) - https:\/\/yoast.com\/product\/yoast-seo-premium-wordpress\/ -->\n<title>Tapis Milky Way - Softicated<\/title>\n<meta name=\"description\" content=\"Le tapis \u201c Milky Way \u201d allie po\u00e9sie cosmique et \u00e9l\u00e9gance naturelle dans une composition aussi esth\u00e9tique que symbolique, Inspir\u00e9 du syst\u00e8me solaire.\" \/>\n<meta name=\"robots\" content=\"index, follow, max-snippet:-1, max-image-preview:large, max-video-preview:-1\" \/>\n<link rel=\"canonical\" href=\"https:\/\/softicated.com\/de\/produit\/tapis-design-sur-mesure-milky-way-softicated\/\" \/>\n<meta property=\"og:locale\" content=\"de_DE\" \/>\n<meta property=\"og:type\" content=\"article\" \/>\n<meta property=\"og:title\" content=\"Tapis Milky Way\" \/>\n<meta property=\"og:description\" content=\"Le tapis \u201c Milky Way \u201d allie po\u00e9sie cosmique et \u00e9l\u00e9gance naturelle dans une composition aussi esth\u00e9tique que symbolique, Inspir\u00e9 du syst\u00e8me solaire.\" \/>\n<meta property=\"og:url\" content=\"https:\/\/softicated.com\/de\/produit\/tapis-design-sur-mesure-milky-way-softicated\/\" \/>\n<meta property=\"og:site_name\" content=\"Softicated\" \/>\n<meta property=\"article:publisher\" content=\"https:\/\/www.facebook.com\/Softicated\" \/>\n<meta property=\"article:modified_time\" content=\"2026-03-16T05:23:31+00:00\" \/>\n<meta property=\"og:image\" content=\"https:\/\/softicated.com\/wp-content\/uploads\/2023\/10\/Milky-Way.png\" \/>\n\t<meta property=\"og:image:width\" content=\"188\" \/>\n\t<meta property=\"og:image:height\" content=\"260\" \/>\n\t<meta property=\"og:image:type\" content=\"image\/png\" \/>\n<meta name=\"twitter:card\" content=\"summary_large_image\" \/>\n<script type=\"application\/ld+json\" class=\"yoast-schema-graph\">{\"@context\":\"https:\/\/schema.org\",\"@graph\":[{\"@type\":\"WebPage\",\"@id\":\"https:\/\/softicated.com\/en\/produit\/tapis-design-sur-mesure-milky-way-softicated\/\",\"url\":\"https:\/\/softicated.com\/en\/produit\/tapis-design-sur-mesure-milky-way-softicated\/\",\"name\":\"Tapis Milky Way - Softicated\",\"isPartOf\":{\"@id\":\"https:\/\/softicated.com\/#website\"},\"primaryImageOfPage\":{\"@id\":\"https:\/\/softicated.com\/en\/produit\/tapis-design-sur-mesure-milky-way-softicated\/#primaryimage\"},\"image\":{\"@id\":\"https:\/\/softicated.com\/en\/produit\/tapis-design-sur-mesure-milky-way-softicated\/#primaryimage\"},\"thumbnailUrl\":\"https:\/\/softicated.com\/wp-content\/uploads\/2023\/10\/Milky-Way.png\",\"datePublished\":\"2023-10-03T15:18:49+00:00\",\"dateModified\":\"2026-03-16T05:23:31+00:00\",\"description\":\"Le tapis \u201c Milky Way \u201d allie po\u00e9sie cosmique et \u00e9l\u00e9gance naturelle dans une composition aussi esth\u00e9tique que symbolique, Inspir\u00e9 du syst\u00e8me solaire.\",\"breadcrumb\":{\"@id\":\"https:\/\/softicated.com\/en\/produit\/tapis-design-sur-mesure-milky-way-softicated\/#breadcrumb\"},\"inLanguage\":\"de-CH\",\"potentialAction\":[{\"@type\":\"ReadAction\",\"target\":[\"https:\/\/softicated.com\/en\/produit\/tapis-design-sur-mesure-milky-way-softicated\/\"]}]},{\"@type\":\"ImageObject\",\"inLanguage\":\"de-CH\",\"@id\":\"https:\/\/softicated.com\/en\/produit\/tapis-design-sur-mesure-milky-way-softicated\/#primaryimage\",\"url\":\"https:\/\/softicated.com\/wp-content\/uploads\/2023\/10\/Milky-Way.png\",\"contentUrl\":\"https:\/\/softicated.com\/wp-content\/uploads\/2023\/10\/Milky-Way.png\",\"width\":188,\"height\":260,\"caption\":\"Milky Way\"},{\"@type\":\"BreadcrumbList\",\"@id\":\"https:\/\/softicated.com\/en\/produit\/tapis-design-sur-mesure-milky-way-softicated\/#breadcrumb\",\"itemListElement\":[{\"@type\":\"ListItem\",\"position\":1,\"name\":\"Accueil\",\"item\":\"https:\/\/softicated.com\/\"},{\"@type\":\"ListItem\",\"position\":2,\"name\":\"Produits Mobilier Premium Softicated\",\"item\":\"https:\/\/softicated.com\/produits\/\"},{\"@type\":\"ListItem\",\"position\":3,\"name\":\"Tapis \u00e0 motifs\",\"item\":\"https:\/\/softicated.com\/categorie-produit\/tapis-a-motifs\/\"},{\"@type\":\"ListItem\",\"position\":4,\"name\":\"Tapis design sur mesure\"}]},{\"@type\":\"WebSite\",\"@id\":\"https:\/\/softicated.com\/#website\",\"url\":\"https:\/\/softicated.com\/\",\"name\":\"Softicated\",\"description\":\"Cr\u00e9ateur de meubles, luminaires et tapis premium\",\"publisher\":{\"@id\":\"https:\/\/softicated.com\/#organization\"},\"potentialAction\":[{\"@type\":\"SearchAction\",\"target\":{\"@type\":\"EntryPoint\",\"urlTemplate\":\"https:\/\/softicated.com\/?s={search_term_string}\"},\"query-input\":{\"@type\":\"PropertyValueSpecification\",\"valueRequired\":true,\"valueName\":\"search_term_string\"}}],\"inLanguage\":\"de-CH\"},{\"@type\":\"Organization\",\"@id\":\"https:\/\/softicated.com\/#organization\",\"name\":\"Softicated\",\"url\":\"https:\/\/softicated.com\/\",\"logo\":{\"@type\":\"ImageObject\",\"inLanguage\":\"de-CH\",\"@id\":\"https:\/\/softicated.com\/#\/schema\/logo\/image\/\",\"url\":\"https:\/\/softicated.com\/wp-content\/uploads\/2025\/11\/logo-dark-2.svg\",\"contentUrl\":\"https:\/\/softicated.com\/wp-content\/uploads\/2025\/11\/logo-dark-2.svg\",\"caption\":\"Softicated\"},\"image\":{\"@id\":\"https:\/\/softicated.com\/#\/schema\/logo\/image\/\"},\"sameAs\":[\"https:\/\/www.facebook.com\/Softicated\",\"https:\/\/www.pinterest.com\/softicateddesign\",\"https:\/\/www.instagram.com\/softicated.design\"]}]}<\/script>\n<!-- \/ Yoast SEO Premium plugin. -->","yoast_head_json":{"title":"Milky Way Teppich - Softicated","description":"Le tapis \u201c Milky Way \u201d allie po\u00e9sie cosmique et \u00e9l\u00e9gance naturelle dans une composition aussi esth\u00e9tique que symbolique, Inspir\u00e9 du syst\u00e8me solaire.","robots":{"index":"index","follow":"follow","max-snippet":"max-snippet:-1","max-image-preview":"max-image-preview:large","max-video-preview":"max-video-preview:-1"},"canonical":"https:\/\/softicated.com\/de\/produit\/tapis-design-sur-mesure-milky-way-softicated\/","og_locale":"de_DE","og_type":"article","og_title":"Tapis Milky Way","og_description":"Le tapis \u201c Milky Way \u201d allie po\u00e9sie cosmique et \u00e9l\u00e9gance naturelle dans une composition aussi esth\u00e9tique que symbolique, Inspir\u00e9 du syst\u00e8me solaire.","og_url":"https:\/\/softicated.com\/de\/produit\/tapis-design-sur-mesure-milky-way-softicated\/","og_site_name":"Softicated","article_publisher":"https:\/\/www.facebook.com\/Softicated","article_modified_time":"2026-03-16T05:23:31+00:00","og_image":[{"width":188,"height":260,"url":"https:\/\/softicated.com\/wp-content\/uploads\/2023\/10\/Milky-Way.png","type":"image\/png"}],"twitter_card":"summary_large_image","schema":{"@context":"https:\/\/schema.org","@graph":[{"@type":"WebPage","@id":"https:\/\/softicated.com\/en\/produit\/tapis-design-sur-mesure-milky-way-softicated\/","url":"https:\/\/softicated.com\/en\/produit\/tapis-design-sur-mesure-milky-way-softicated\/","name":"Milky Way Teppich - Softicated","isPartOf":{"@id":"https:\/\/softicated.com\/#website"},"primaryImageOfPage":{"@id":"https:\/\/softicated.com\/en\/produit\/tapis-design-sur-mesure-milky-way-softicated\/#primaryimage"},"image":{"@id":"https:\/\/softicated.com\/en\/produit\/tapis-design-sur-mesure-milky-way-softicated\/#primaryimage"},"thumbnailUrl":"https:\/\/softicated.com\/wp-content\/uploads\/2023\/10\/Milky-Way.png","datePublished":"2023-10-03T15:18:49+00:00","dateModified":"2026-03-16T05:23:31+00:00","description":"Le tapis \u201c Milky Way \u201d allie po\u00e9sie cosmique et \u00e9l\u00e9gance naturelle dans une composition aussi esth\u00e9tique que symbolique, Inspir\u00e9 du syst\u00e8me solaire.","breadcrumb":{"@id":"https:\/\/softicated.com\/en\/produit\/tapis-design-sur-mesure-milky-way-softicated\/#breadcrumb"},"inLanguage":"de-CH","potentialAction":[{"@type":"ReadAction","target":["https:\/\/softicated.com\/en\/produit\/tapis-design-sur-mesure-milky-way-softicated\/"]}]},{"@type":"ImageObject","inLanguage":"de-CH","@id":"https:\/\/softicated.com\/en\/produit\/tapis-design-sur-mesure-milky-way-softicated\/#primaryimage","url":"https:\/\/softicated.com\/wp-content\/uploads\/2023\/10\/Milky-Way.png","contentUrl":"https:\/\/softicated.com\/wp-content\/uploads\/2023\/10\/Milky-Way.png","width":188,"height":260,"caption":"Milky Way"},{"@type":"BreadcrumbList","@id":"https:\/\/softicated.com\/en\/produit\/tapis-design-sur-mesure-milky-way-softicated\/#breadcrumb","itemListElement":[{"@type":"ListItem","position":1,"name":"Accueil","item":"https:\/\/softicated.com\/"},{"@type":"ListItem","position":2,"name":"Produits Mobilier Premium Softicated","item":"https:\/\/softicated.com\/produits\/"},{"@type":"ListItem","position":3,"name":"Tapis \u00e0 motifs","item":"https:\/\/softicated.com\/categorie-produit\/tapis-a-motifs\/"},{"@type":"ListItem","position":4,"name":"Tapis design sur mesure"}]},{"@type":"WebSite","@id":"https:\/\/softicated.com\/#website","url":"https:\/\/softicated.com\/","name":"Softicated","description":"Sch\u00f6pfer hochwertiger M\u00f6bel, Leuchten und Teppiche","publisher":{"@id":"https:\/\/softicated.com\/#organization"},"potentialAction":[{"@type":"SearchAction","target":{"@type":"EntryPoint","urlTemplate":"https:\/\/softicated.com\/?s={search_term_string}"},"query-input":{"@type":"PropertyValueSpecification","valueRequired":true,"valueName":"search_term_string"}}],"inLanguage":"de-CH"},{"@type":"Organization","@id":"https:\/\/softicated.com\/#organization","name":"Softicated","url":"https:\/\/softicated.com\/","logo":{"@type":"ImageObject","inLanguage":"de-CH","@id":"https:\/\/softicated.com\/#\/schema\/logo\/image\/","url":"https:\/\/softicated.com\/wp-content\/uploads\/2025\/11\/logo-dark-2.svg","contentUrl":"https:\/\/softicated.com\/wp-content\/uploads\/2025\/11\/logo-dark-2.svg","caption":"Softicated"},"image":{"@id":"https:\/\/softicated.com\/#\/schema\/logo\/image\/"},"sameAs":["https:\/\/www.facebook.com\/Softicated","https:\/\/www.pinterest.com\/softicateddesign","https:\/\/www.instagram.com\/softicated.design"]}]}},"_links":{"self":[{"href":"https:\/\/softicated.com\/de\/wp-json\/wp\/v2\/product\/11384","targetHints":{"allow":["GET"]}}],"collection":[{"href":"https:\/\/softicated.com\/de\/wp-json\/wp\/v2\/product"}],"about":[{"href":"https:\/\/softicated.com\/de\/wp-json\/wp\/v2\/types\/product"}],"replies":[{"embeddable":true,"href":"https:\/\/softicated.com\/de\/wp-json\/wp\/v2\/comments?post=11384"}],"wp:featuredmedia":[{"embeddable":true,"href":"https:\/\/softicated.com\/de\/wp-json\/wp\/v2\/media\/15203"}],"wp:attachment":[{"href":"https:\/\/softicated.com\/de\/wp-json\/wp\/v2\/media?parent=11384"}],"wp:term":[{"taxonomy":"product_brand","embeddable":true,"href":"https:\/\/softicated.com\/de\/wp-json\/wp\/v2\/product_brand?post=11384"},{"taxonomy":"product_cat","embeddable":true,"href":"https:\/\/softicated.com\/de\/wp-json\/wp\/v2\/product_cat?post=11384"},{"taxonomy":"product_tag","embeddable":true,"href":"https:\/\/softicated.com\/de\/wp-json\/wp\/v2\/product_tag?post=11384"},{"taxonomy":"collections","embeddable":true,"href":"https:\/\/softicated.com\/de\/wp-json\/wp\/v2\/collections?post=11384"},{"taxonomy":"awards","embeddable":true,"href":"https:\/\/softicated.com\/de\/wp-json\/wp\/v2\/awards?post=11384"},{"taxonomy":"by_color","embeddable":true,"href":"https:\/\/softicated.com\/de\/wp-json\/wp\/v2\/by_color?post=11384"}],"curies":[{"name":"wp","href":"https:\/\/api.w.org\/{rel}","templated":true}]}}