{"id":11359,"date":"2023-10-03T16:35:10","date_gmt":"2023-10-03T14:35:10","guid":{"rendered":"https:\/\/softicated.com\/?post_type=product&#038;p=11359"},"modified":"2026-03-16T11:35:32","modified_gmt":"2026-03-16T10:35:32","slug":"tapis-design-sur-mesure-ocean-softicated-2","status":"publish","type":"product","link":"https:\/\/softicated.com\/de\/produit\/tapis-design-sur-mesure-ocean-softicated-2\/","title":{"rendered":"Teppich Seaside"},"content":{"rendered":"<p>Der Teppich \u201eSeaside\u201c verk\u00f6rpert die Essenz ruhiger K\u00fcsten, wo feiner Sand sanftenWellen unter ged\u00e4mpftem Licht begegnet. Seine hellen T\u00f6ne: Beige, Puder und Cremeverschmelzen harmonisch und erinnern an die Gelassenheit unber\u00fchrter Str\u00e4nde und die Sanftheit der Meeresbrisen.<\/p>\n<p>Inspiriert von K\u00fcstenlandschaften f\u00e4ngt dieser Teppich die Subtilit\u00e4t nat\u00fcrlicher Nuancenein und bringt eine dezente Eleganz in jedes Interieur. Das feine Muster, realisiert durch die \u201eCut &amp; Loop\u201c-Technik, erzeugt eine reliefartige Textur, die an die Wellenmustererinnert, die das Zur\u00fcckweichen der Wellen im Sand hinterl\u00e4sst. Diese strukturierte Oberfl\u00e4che spielt mit dem Licht und bietet subtile Kontraste sowie eine fesselnde visuelle Tiefe.<\/p>\n<p>Gefertigt aus hochwertigen Materialien, vereint der Teppich \u201eSeaside\u201c Komfort und Langlebigkeit. Seine weichen Fasern sorgen f\u00fcr ein angenehmes Gef\u00fchl unter den F\u00fc\u00dfen, w\u00e4hrend seine Robustheit eine gesch\u00e4tzte Langlebigkeit gew\u00e4hrleistet.<\/p>\n<p>Der Teppich \u201eSeaside\u201c integriert sich harmonisch in eine Vielzahl von R\u00e4umen, sei es ein modernes Wohnzimmer, ein beruhigendes Schlafzimmer oder professionelle Umgebungen wie Hotels, Restaurants oder B\u00fcros. Seine Pr\u00e4senz bringt eine nat\u00fcrlicheund ruhige Note, schafft eine warme und raffinierte Atmosph\u00e4re, unabh\u00e4ngig vom Kontext.<\/p>\n<p>Indem Sie den Teppich \u201eSeaside\u201c in Ihr Interieur integrieren, bringen Sie eine beruhigende und lichtdurchflutete K\u00fcstenatmosph\u00e4re in Ihr Zuhause und verwandeln Ihren Raum in eine von der nat\u00fcrlichen Sch\u00f6nheit der Str\u00e4nde inspirierte Oase der Gelassenheit.<\/p>\n<p><em>Die Lieferung erfolgt bis Bordsteinkante. F\u00fcr einen Liefer- und Installationsservice mit wei\u00dfen Handschuhen, <span style=\"text-decoration: underline;\"><a href=\"https:\/\/softicated.com\/de\/contact\/\">kontaktieren Sie uns<\/a><\/span>.<\/em><\/p>","protected":false},"excerpt":{"rendered":"<p>Le tapis \u201cSeaside\u201d incarne l\u2019essence des rivages paisibles o\u00f9 le sable fin rencontre les douces vagues sous une lumi\u00e8re tamis\u00e9e. Ses teintes claires: beige, poudre et cr\u00e8me s\u2019entrelacent harmonieusement, \u00e9voquant la s\u00e9r\u00e9nit\u00e9 des plages immacul\u00e9es et la douceur des brises marines. Inspir\u00e9 par les paysages c\u00f4tiers, ce tapis capture la subtilit\u00e9 des nuances naturelles apportant [&hellip;]<\/p>","protected":false},"featured_media":15204,"comment_status":"closed","ping_status":"closed","template":"","meta":{"_acf_changed":false},"product_brand":[],"product_cat":[300,27],"product_tag":[],"collections":[32],"awards":[],"by_color":[],"class_list":{"0":"post-11359","1":"product","2":"type-product","3":"status-publish","4":"has-post-thumbnail","6":"product_cat-tapis-a-motifs","7":"product_cat-rugs","8":"product_shipping_class-tapis","9":"collections-ebb-flow","11":"first","12":"instock","13":"shipping-taxable","14":"purchasable","15":"product-type-variable","16":"has-default-attributes"},"acf":[],"yoast_head":"<!-- This site is optimized with the Yoast SEO Premium plugin v25.7.1 (Yoast SEO v26.9) - https:\/\/yoast.com\/product\/yoast-seo-premium-wordpress\/ -->\n<title>Tapis Seaside - Softicated<\/title>\n<meta name=\"description\" content=\"Le tapis \u201c Seaside \u201d incarne l\u2019essence des rivages paisibles o\u00f9 le sable fin rencontre les douces vagues sous une lumi\u00e8re tamis\u00e9e.\" \/>\n<meta name=\"robots\" content=\"index, follow, max-snippet:-1, max-image-preview:large, max-video-preview:-1\" \/>\n<link rel=\"canonical\" href=\"https:\/\/softicated.com\/de\/produit\/tapis-design-sur-mesure-ocean-softicated-2\/\" \/>\n<meta property=\"og:locale\" content=\"de_DE\" \/>\n<meta property=\"og:type\" content=\"article\" \/>\n<meta property=\"og:title\" content=\"Tapis Seaside\" \/>\n<meta property=\"og:description\" content=\"Le tapis \u201c Seaside \u201d incarne l\u2019essence des rivages paisibles o\u00f9 le sable fin rencontre les douces vagues sous une lumi\u00e8re tamis\u00e9e.\" \/>\n<meta property=\"og:url\" content=\"https:\/\/softicated.com\/de\/produit\/tapis-design-sur-mesure-ocean-softicated-2\/\" \/>\n<meta property=\"og:site_name\" content=\"Softicated\" \/>\n<meta property=\"article:publisher\" content=\"https:\/\/www.facebook.com\/Softicated\" \/>\n<meta property=\"article:modified_time\" content=\"2026-03-16T10:35:32+00:00\" \/>\n<meta property=\"og:image\" content=\"https:\/\/softicated.com\/wp-content\/uploads\/2023\/10\/Seaside.png\" \/>\n\t<meta property=\"og:image:width\" content=\"188\" \/>\n\t<meta property=\"og:image:height\" content=\"260\" \/>\n\t<meta property=\"og:image:type\" content=\"image\/png\" \/>\n<meta name=\"twitter:card\" content=\"summary_large_image\" \/>\n<script type=\"application\/ld+json\" class=\"yoast-schema-graph\">{\"@context\":\"https:\/\/schema.org\",\"@graph\":[{\"@type\":\"WebPage\",\"@id\":\"https:\/\/softicated.com\/produit\/tapis-design-sur-mesure-ocean-softicated-2\/\",\"url\":\"https:\/\/softicated.com\/produit\/tapis-design-sur-mesure-ocean-softicated-2\/\",\"name\":\"Tapis Seaside - Softicated\",\"isPartOf\":{\"@id\":\"https:\/\/softicated.com\/#website\"},\"primaryImageOfPage\":{\"@id\":\"https:\/\/softicated.com\/produit\/tapis-design-sur-mesure-ocean-softicated-2\/#primaryimage\"},\"image\":{\"@id\":\"https:\/\/softicated.com\/produit\/tapis-design-sur-mesure-ocean-softicated-2\/#primaryimage\"},\"thumbnailUrl\":\"https:\/\/softicated.com\/wp-content\/uploads\/2023\/10\/Seaside.png\",\"datePublished\":\"2023-10-03T14:35:10+00:00\",\"dateModified\":\"2026-03-16T10:35:32+00:00\",\"description\":\"Le tapis \u201c Seaside \u201d incarne l\u2019essence des rivages paisibles o\u00f9 le sable fin rencontre les douces vagues sous une lumi\u00e8re tamis\u00e9e.\",\"breadcrumb\":{\"@id\":\"https:\/\/softicated.com\/produit\/tapis-design-sur-mesure-ocean-softicated-2\/#breadcrumb\"},\"inLanguage\":\"de-CH\",\"potentialAction\":[{\"@type\":\"ReadAction\",\"target\":[\"https:\/\/softicated.com\/produit\/tapis-design-sur-mesure-ocean-softicated-2\/\"]}]},{\"@type\":\"ImageObject\",\"inLanguage\":\"de-CH\",\"@id\":\"https:\/\/softicated.com\/produit\/tapis-design-sur-mesure-ocean-softicated-2\/#primaryimage\",\"url\":\"https:\/\/softicated.com\/wp-content\/uploads\/2023\/10\/Seaside.png\",\"contentUrl\":\"https:\/\/softicated.com\/wp-content\/uploads\/2023\/10\/Seaside.png\",\"width\":188,\"height\":260,\"caption\":\"Seaside\"},{\"@type\":\"BreadcrumbList\",\"@id\":\"https:\/\/softicated.com\/produit\/tapis-design-sur-mesure-ocean-softicated-2\/#breadcrumb\",\"itemListElement\":[{\"@type\":\"ListItem\",\"position\":1,\"name\":\"Accueil\",\"item\":\"https:\/\/softicated.com\/\"},{\"@type\":\"ListItem\",\"position\":2,\"name\":\"Produits Mobilier Premium Softicated\",\"item\":\"https:\/\/softicated.com\/produits\/\"},{\"@type\":\"ListItem\",\"position\":3,\"name\":\"Tapis \u00e0 motifs\",\"item\":\"https:\/\/softicated.com\/categorie-produit\/tapis-a-motifs\/\"},{\"@type\":\"ListItem\",\"position\":4,\"name\":\"Tapis design sur mesure Seaside\"}]},{\"@type\":\"WebSite\",\"@id\":\"https:\/\/softicated.com\/#website\",\"url\":\"https:\/\/softicated.com\/\",\"name\":\"Softicated\",\"description\":\"Cr\u00e9ateur de meubles, luminaires et tapis premium\",\"publisher\":{\"@id\":\"https:\/\/softicated.com\/#organization\"},\"potentialAction\":[{\"@type\":\"SearchAction\",\"target\":{\"@type\":\"EntryPoint\",\"urlTemplate\":\"https:\/\/softicated.com\/?s={search_term_string}\"},\"query-input\":{\"@type\":\"PropertyValueSpecification\",\"valueRequired\":true,\"valueName\":\"search_term_string\"}}],\"inLanguage\":\"de-CH\"},{\"@type\":\"Organization\",\"@id\":\"https:\/\/softicated.com\/#organization\",\"name\":\"Softicated\",\"url\":\"https:\/\/softicated.com\/\",\"logo\":{\"@type\":\"ImageObject\",\"inLanguage\":\"de-CH\",\"@id\":\"https:\/\/softicated.com\/#\/schema\/logo\/image\/\",\"url\":\"https:\/\/softicated.com\/wp-content\/uploads\/2025\/11\/logo-dark-2.svg\",\"contentUrl\":\"https:\/\/softicated.com\/wp-content\/uploads\/2025\/11\/logo-dark-2.svg\",\"caption\":\"Softicated\"},\"image\":{\"@id\":\"https:\/\/softicated.com\/#\/schema\/logo\/image\/\"},\"sameAs\":[\"https:\/\/www.facebook.com\/Softicated\",\"https:\/\/www.pinterest.com\/softicateddesign\",\"https:\/\/www.instagram.com\/softicated.design\"]}]}<\/script>\n<!-- \/ Yoast SEO Premium plugin. -->","yoast_head_json":{"title":"Teppich Seaside - Softicated","description":"Le tapis \u201c Seaside \u201d incarne l\u2019essence des rivages paisibles o\u00f9 le sable fin rencontre les douces vagues sous une lumi\u00e8re tamis\u00e9e.","robots":{"index":"index","follow":"follow","max-snippet":"max-snippet:-1","max-image-preview":"max-image-preview:large","max-video-preview":"max-video-preview:-1"},"canonical":"https:\/\/softicated.com\/de\/produit\/tapis-design-sur-mesure-ocean-softicated-2\/","og_locale":"de_DE","og_type":"article","og_title":"Tapis Seaside","og_description":"Le tapis \u201c Seaside \u201d incarne l\u2019essence des rivages paisibles o\u00f9 le sable fin rencontre les douces vagues sous une lumi\u00e8re tamis\u00e9e.","og_url":"https:\/\/softicated.com\/de\/produit\/tapis-design-sur-mesure-ocean-softicated-2\/","og_site_name":"Softicated","article_publisher":"https:\/\/www.facebook.com\/Softicated","article_modified_time":"2026-03-16T10:35:32+00:00","og_image":[{"width":188,"height":260,"url":"https:\/\/softicated.com\/wp-content\/uploads\/2023\/10\/Seaside.png","type":"image\/png"}],"twitter_card":"summary_large_image","schema":{"@context":"https:\/\/schema.org","@graph":[{"@type":"WebPage","@id":"https:\/\/softicated.com\/produit\/tapis-design-sur-mesure-ocean-softicated-2\/","url":"https:\/\/softicated.com\/produit\/tapis-design-sur-mesure-ocean-softicated-2\/","name":"Teppich Seaside - Softicated","isPartOf":{"@id":"https:\/\/softicated.com\/#website"},"primaryImageOfPage":{"@id":"https:\/\/softicated.com\/produit\/tapis-design-sur-mesure-ocean-softicated-2\/#primaryimage"},"image":{"@id":"https:\/\/softicated.com\/produit\/tapis-design-sur-mesure-ocean-softicated-2\/#primaryimage"},"thumbnailUrl":"https:\/\/softicated.com\/wp-content\/uploads\/2023\/10\/Seaside.png","datePublished":"2023-10-03T14:35:10+00:00","dateModified":"2026-03-16T10:35:32+00:00","description":"Le tapis \u201c Seaside \u201d incarne l\u2019essence des rivages paisibles o\u00f9 le sable fin rencontre les douces vagues sous une lumi\u00e8re tamis\u00e9e.","breadcrumb":{"@id":"https:\/\/softicated.com\/produit\/tapis-design-sur-mesure-ocean-softicated-2\/#breadcrumb"},"inLanguage":"de-CH","potentialAction":[{"@type":"ReadAction","target":["https:\/\/softicated.com\/produit\/tapis-design-sur-mesure-ocean-softicated-2\/"]}]},{"@type":"ImageObject","inLanguage":"de-CH","@id":"https:\/\/softicated.com\/produit\/tapis-design-sur-mesure-ocean-softicated-2\/#primaryimage","url":"https:\/\/softicated.com\/wp-content\/uploads\/2023\/10\/Seaside.png","contentUrl":"https:\/\/softicated.com\/wp-content\/uploads\/2023\/10\/Seaside.png","width":188,"height":260,"caption":"Seaside"},{"@type":"BreadcrumbList","@id":"https:\/\/softicated.com\/produit\/tapis-design-sur-mesure-ocean-softicated-2\/#breadcrumb","itemListElement":[{"@type":"ListItem","position":1,"name":"Accueil","item":"https:\/\/softicated.com\/"},{"@type":"ListItem","position":2,"name":"Produits Mobilier Premium Softicated","item":"https:\/\/softicated.com\/produits\/"},{"@type":"ListItem","position":3,"name":"Tapis \u00e0 motifs","item":"https:\/\/softicated.com\/categorie-produit\/tapis-a-motifs\/"},{"@type":"ListItem","position":4,"name":"Tapis design sur mesure Seaside"}]},{"@type":"WebSite","@id":"https:\/\/softicated.com\/#website","url":"https:\/\/softicated.com\/","name":"Softicated","description":"Sch\u00f6pfer hochwertiger M\u00f6bel, Leuchten und Teppiche","publisher":{"@id":"https:\/\/softicated.com\/#organization"},"potentialAction":[{"@type":"SearchAction","target":{"@type":"EntryPoint","urlTemplate":"https:\/\/softicated.com\/?s={search_term_string}"},"query-input":{"@type":"PropertyValueSpecification","valueRequired":true,"valueName":"search_term_string"}}],"inLanguage":"de-CH"},{"@type":"Organization","@id":"https:\/\/softicated.com\/#organization","name":"Softicated","url":"https:\/\/softicated.com\/","logo":{"@type":"ImageObject","inLanguage":"de-CH","@id":"https:\/\/softicated.com\/#\/schema\/logo\/image\/","url":"https:\/\/softicated.com\/wp-content\/uploads\/2025\/11\/logo-dark-2.svg","contentUrl":"https:\/\/softicated.com\/wp-content\/uploads\/2025\/11\/logo-dark-2.svg","caption":"Softicated"},"image":{"@id":"https:\/\/softicated.com\/#\/schema\/logo\/image\/"},"sameAs":["https:\/\/www.facebook.com\/Softicated","https:\/\/www.pinterest.com\/softicateddesign","https:\/\/www.instagram.com\/softicated.design"]}]}},"_links":{"self":[{"href":"https:\/\/softicated.com\/de\/wp-json\/wp\/v2\/product\/11359","targetHints":{"allow":["GET"]}}],"collection":[{"href":"https:\/\/softicated.com\/de\/wp-json\/wp\/v2\/product"}],"about":[{"href":"https:\/\/softicated.com\/de\/wp-json\/wp\/v2\/types\/product"}],"replies":[{"embeddable":true,"href":"https:\/\/softicated.com\/de\/wp-json\/wp\/v2\/comments?post=11359"}],"wp:featuredmedia":[{"embeddable":true,"href":"https:\/\/softicated.com\/de\/wp-json\/wp\/v2\/media\/15204"}],"wp:attachment":[{"href":"https:\/\/softicated.com\/de\/wp-json\/wp\/v2\/media?parent=11359"}],"wp:term":[{"taxonomy":"product_brand","embeddable":true,"href":"https:\/\/softicated.com\/de\/wp-json\/wp\/v2\/product_brand?post=11359"},{"taxonomy":"product_cat","embeddable":true,"href":"https:\/\/softicated.com\/de\/wp-json\/wp\/v2\/product_cat?post=11359"},{"taxonomy":"product_tag","embeddable":true,"href":"https:\/\/softicated.com\/de\/wp-json\/wp\/v2\/product_tag?post=11359"},{"taxonomy":"collections","embeddable":true,"href":"https:\/\/softicated.com\/de\/wp-json\/wp\/v2\/collections?post=11359"},{"taxonomy":"awards","embeddable":true,"href":"https:\/\/softicated.com\/de\/wp-json\/wp\/v2\/awards?post=11359"},{"taxonomy":"by_color","embeddable":true,"href":"https:\/\/softicated.com\/de\/wp-json\/wp\/v2\/by_color?post=11359"}],"curies":[{"name":"wp","href":"https:\/\/api.w.org\/{rel}","templated":true}]}}