{"id":11145,"date":"2023-08-29T19:07:01","date_gmt":"2023-08-29T17:07:01","guid":{"rendered":"https:\/\/softicated.com\/?post_type=product&#038;p=11145"},"modified":"2026-03-16T15:23:12","modified_gmt":"2026-03-16T14:23:12","slug":"tabouret-design-aubergine","status":"publish","type":"product","link":"https:\/\/softicated.com\/de\/produit\/tabouret-design-aubergine\/","title":{"rendered":"Designerhocker in Aubergine"},"content":{"rendered":"<p>Aubergine ist eine Farbe, die Reichtum und Tiefe symbolisiert. Inspiriert von nat\u00fcrlichen und luxuri\u00f6sen Nuancen schafft sie eine Atmosph\u00e4re, die sowohl beruhigend als auch faszinierend ist \u2013 perfekt f\u00fcr R\u00e4ume, in denen Gelassenheit und Raffinesse dominieren.<\/p>\n<p>Mit seinem tiefen und lebendigen Farbton strahlt der auberginefarbene Hocker eine fesselnde und dynamische Energie aus, die Ihrem Raum eine gewagte und moderne Note verleiht. Sein intensiver, reicher und bezaubernder Ton bringt au\u00dferdem eine subtile Prise Luxus, einen Hauch von Eleganz und einen unwiderstehlichen Charme in jedes Interieur.<\/p>\n<p>Wie ein Siegelring, der alle Blicke auf sich zieht, wird der Signet-Ring-Hocker in Aubergine die Aufmerksamkeit auf sich lenken und sich in jedem Raum als wahres Herzst\u00fcck erheben. Sein ikonisches Design wird durch die Intensit\u00e4t der Farbe Aubergine perfekt erg\u00e4nzt. Was dieses M\u00f6belst\u00fcck wirklich auszeichnet, ist seine markante, zeitlose Form und die sorgf\u00e4ltige Herstellung, die es zu einem hochwertigen Objekt macht.<\/p>\n<p>Neben seiner Energie und Originalit\u00e4t verk\u00f6rpert der auberginefarbene Hocker auch eine anspruchsvolle Eleganz und bleibt dennoch warm und einladend. Er f\u00fcgt sich harmonisch in verschiedene Einrichtungsstile ein und wird so zu einem symboltr\u00e4chtigen M\u00f6belst\u00fcck.<\/p>\n<p>Aubergine ist eine zeitlose Nuance, die Modetrends \u00fcberdauert und klassische Eleganz mit einem Hauch von Modernit\u00e4t verbindet.<\/p>\n<p>Verleihen Sie Ihrem Interieur eine elegante Note mit diesem auberginefarbenen Hocker! Der Aubergine-Hocker steht f\u00fcr Originalit\u00e4t und K\u00fchnheit. Diese seltene und unverwechselbare Farbe spiegelt eine kreative Pers\u00f6nlichkeit wider, die ihre Einzigartigkeit in der Inneneinrichtung mutig zum Ausdruck bringt.<\/p>","protected":false},"excerpt":{"rendered":"<p>L\u2019aubergine est une couleur qui \u00e9voque la richesse et la profondeur. Inspir\u00e9e des nuances naturelles et luxueuses, elle cr\u00e9e une ambiance \u00e0 la fois apaisante et intrigante, parfaite pour des espaces o\u00f9 r\u00e8gnent la s\u00e9r\u00e9nit\u00e9 et le raffinement. Avec sa teinte profonde et vibrante, le tabouret aubergine d\u00e9gage une \u00e9nergie captivante et dynamique qui donne [&hellip;]<\/p>","protected":false},"featured_media":13469,"comment_status":"closed","ping_status":"closed","template":"","meta":{"_acf_changed":false},"product_brand":[],"product_cat":[93],"product_tag":[],"collections":[181],"awards":[146,147,136,166,167],"by_color":[],"class_list":{"0":"post-11145","1":"product","2":"type-product","3":"status-publish","4":"has-post-thumbnail","6":"product_cat-tabouret-design-softicated","7":"product_shipping_class-mobilier-signet-ring","8":"collections-tabouret-design-softicated","9":"awards-big-see-awards-2023-softicated-signet-ring","10":"awards-iconic-award-2023-softicated-signet-ring","11":"awards-ida-design-award-honorable-mention-2022","12":"awards-luxury-lifestyle-awards-2024","13":"awards-archiproducts-2024-longlisted-product","15":"first","16":"instock","17":"shipping-taxable","18":"purchasable","19":"product-type-simple"},"acf":[],"yoast_head":"<!-- This site is optimized with the Yoast SEO Premium plugin v25.7.1 (Yoast SEO v26.9) - https:\/\/yoast.com\/product\/yoast-seo-premium-wordpress\/ -->\n<title>Tabouret design Aubergine - Softicated<\/title>\n<meta name=\"description\" content=\"Le tabouret Signet Ring aubergine d\u00e9gage une \u00e9nergie captivante et dynamique qui donne une touche audacieuse et moderne \u00e0 votre espace...\" \/>\n<meta name=\"robots\" content=\"index, follow, max-snippet:-1, max-image-preview:large, max-video-preview:-1\" \/>\n<link rel=\"canonical\" href=\"https:\/\/softicated.com\/de\/produit\/tabouret-design-aubergine\/\" \/>\n<meta property=\"og:locale\" content=\"de_DE\" \/>\n<meta property=\"og:type\" content=\"article\" \/>\n<meta property=\"og:title\" content=\"Tabouret design Aubergine\" \/>\n<meta property=\"og:description\" content=\"Le tabouret Signet Ring aubergine d\u00e9gage une \u00e9nergie captivante et dynamique qui donne une touche audacieuse et moderne \u00e0 votre espace...\" \/>\n<meta property=\"og:url\" content=\"https:\/\/softicated.com\/de\/produit\/tabouret-design-aubergine\/\" \/>\n<meta property=\"og:site_name\" content=\"Softicated\" \/>\n<meta property=\"article:publisher\" content=\"https:\/\/www.facebook.com\/Softicated\" \/>\n<meta property=\"article:modified_time\" content=\"2026-03-16T14:23:12+00:00\" \/>\n<meta property=\"og:image\" content=\"https:\/\/softicated.com\/wp-content\/uploads\/2023\/08\/STROLL_turquoise_5021.png\" \/>\n\t<meta property=\"og:image:width\" content=\"350\" \/>\n\t<meta property=\"og:image:height\" content=\"350\" \/>\n\t<meta property=\"og:image:type\" content=\"image\/png\" \/>\n<meta name=\"twitter:card\" content=\"summary_large_image\" \/>\n<script type=\"application\/ld+json\" class=\"yoast-schema-graph\">{\"@context\":\"https:\/\/schema.org\",\"@graph\":[{\"@type\":\"WebPage\",\"@id\":\"https:\/\/softicated.com\/produit\/tabouret-design-aubergine\/\",\"url\":\"https:\/\/softicated.com\/produit\/tabouret-design-aubergine\/\",\"name\":\"Tabouret design Aubergine - Softicated\",\"isPartOf\":{\"@id\":\"https:\/\/softicated.com\/#website\"},\"primaryImageOfPage\":{\"@id\":\"https:\/\/softicated.com\/produit\/tabouret-design-aubergine\/#primaryimage\"},\"image\":{\"@id\":\"https:\/\/softicated.com\/produit\/tabouret-design-aubergine\/#primaryimage\"},\"thumbnailUrl\":\"https:\/\/softicated.com\/wp-content\/uploads\/2023\/08\/STROLL_turquoise_5021.png\",\"datePublished\":\"2023-08-29T17:07:01+00:00\",\"dateModified\":\"2026-03-16T14:23:12+00:00\",\"description\":\"Le tabouret Signet Ring aubergine d\u00e9gage une \u00e9nergie captivante et dynamique qui donne une touche audacieuse et moderne \u00e0 votre espace...\",\"breadcrumb\":{\"@id\":\"https:\/\/softicated.com\/produit\/tabouret-design-aubergine\/#breadcrumb\"},\"inLanguage\":\"de-CH\",\"potentialAction\":[{\"@type\":\"ReadAction\",\"target\":[\"https:\/\/softicated.com\/produit\/tabouret-design-aubergine\/\"]}]},{\"@type\":\"ImageObject\",\"inLanguage\":\"de-CH\",\"@id\":\"https:\/\/softicated.com\/produit\/tabouret-design-aubergine\/#primaryimage\",\"url\":\"https:\/\/softicated.com\/wp-content\/uploads\/2023\/08\/STROLL_turquoise_5021.png\",\"contentUrl\":\"https:\/\/softicated.com\/wp-content\/uploads\/2023\/08\/STROLL_turquoise_5021.png\",\"width\":350,\"height\":350,\"caption\":\"Aubergine\"},{\"@type\":\"BreadcrumbList\",\"@id\":\"https:\/\/softicated.com\/produit\/tabouret-design-aubergine\/#breadcrumb\",\"itemListElement\":[{\"@type\":\"ListItem\",\"position\":1,\"name\":\"Accueil\",\"item\":\"https:\/\/softicated.com\/\"},{\"@type\":\"ListItem\",\"position\":2,\"name\":\"Produits Mobilier Premium Softicated\",\"item\":\"https:\/\/softicated.com\/produits\/\"},{\"@type\":\"ListItem\",\"position\":3,\"name\":\"Assise design\",\"item\":\"https:\/\/softicated.com\/categorie-produit\/assises\/\"},{\"@type\":\"ListItem\",\"position\":4,\"name\":\"Tabouret design\",\"item\":\"https:\/\/softicated.com\/categorie-produit\/assises\/tabouret-design-softicated\/\"},{\"@type\":\"ListItem\",\"position\":5,\"name\":\"Tabouret design\"}]},{\"@type\":\"WebSite\",\"@id\":\"https:\/\/softicated.com\/#website\",\"url\":\"https:\/\/softicated.com\/\",\"name\":\"Softicated\",\"description\":\"Cr\u00e9ateur de meubles, luminaires et tapis premium\",\"publisher\":{\"@id\":\"https:\/\/softicated.com\/#organization\"},\"potentialAction\":[{\"@type\":\"SearchAction\",\"target\":{\"@type\":\"EntryPoint\",\"urlTemplate\":\"https:\/\/softicated.com\/?s={search_term_string}\"},\"query-input\":{\"@type\":\"PropertyValueSpecification\",\"valueRequired\":true,\"valueName\":\"search_term_string\"}}],\"inLanguage\":\"de-CH\"},{\"@type\":\"Organization\",\"@id\":\"https:\/\/softicated.com\/#organization\",\"name\":\"Softicated\",\"url\":\"https:\/\/softicated.com\/\",\"logo\":{\"@type\":\"ImageObject\",\"inLanguage\":\"de-CH\",\"@id\":\"https:\/\/softicated.com\/#\/schema\/logo\/image\/\",\"url\":\"https:\/\/softicated.com\/wp-content\/uploads\/2025\/11\/logo-dark-2.svg\",\"contentUrl\":\"https:\/\/softicated.com\/wp-content\/uploads\/2025\/11\/logo-dark-2.svg\",\"caption\":\"Softicated\"},\"image\":{\"@id\":\"https:\/\/softicated.com\/#\/schema\/logo\/image\/\"},\"sameAs\":[\"https:\/\/www.facebook.com\/Softicated\",\"https:\/\/www.pinterest.com\/softicateddesign\",\"https:\/\/www.instagram.com\/softicated.design\"]}]}<\/script>\n<!-- \/ Yoast SEO Premium plugin. -->","yoast_head_json":{"title":"Designerhocker in Aubergine - Softicated","description":"Le tabouret Signet Ring aubergine d\u00e9gage une \u00e9nergie captivante et dynamique qui donne une touche audacieuse et moderne \u00e0 votre espace...","robots":{"index":"index","follow":"follow","max-snippet":"max-snippet:-1","max-image-preview":"max-image-preview:large","max-video-preview":"max-video-preview:-1"},"canonical":"https:\/\/softicated.com\/de\/produit\/tabouret-design-aubergine\/","og_locale":"de_DE","og_type":"article","og_title":"Tabouret design Aubergine","og_description":"Le tabouret Signet Ring aubergine d\u00e9gage une \u00e9nergie captivante et dynamique qui donne une touche audacieuse et moderne \u00e0 votre espace...","og_url":"https:\/\/softicated.com\/de\/produit\/tabouret-design-aubergine\/","og_site_name":"Softicated","article_publisher":"https:\/\/www.facebook.com\/Softicated","article_modified_time":"2026-03-16T14:23:12+00:00","og_image":[{"width":350,"height":350,"url":"https:\/\/softicated.com\/wp-content\/uploads\/2023\/08\/STROLL_turquoise_5021.png","type":"image\/png"}],"twitter_card":"summary_large_image","schema":{"@context":"https:\/\/schema.org","@graph":[{"@type":"WebPage","@id":"https:\/\/softicated.com\/produit\/tabouret-design-aubergine\/","url":"https:\/\/softicated.com\/produit\/tabouret-design-aubergine\/","name":"Designerhocker in Aubergine - Softicated","isPartOf":{"@id":"https:\/\/softicated.com\/#website"},"primaryImageOfPage":{"@id":"https:\/\/softicated.com\/produit\/tabouret-design-aubergine\/#primaryimage"},"image":{"@id":"https:\/\/softicated.com\/produit\/tabouret-design-aubergine\/#primaryimage"},"thumbnailUrl":"https:\/\/softicated.com\/wp-content\/uploads\/2023\/08\/STROLL_turquoise_5021.png","datePublished":"2023-08-29T17:07:01+00:00","dateModified":"2026-03-16T14:23:12+00:00","description":"Le tabouret Signet Ring aubergine d\u00e9gage une \u00e9nergie captivante et dynamique qui donne une touche audacieuse et moderne \u00e0 votre espace...","breadcrumb":{"@id":"https:\/\/softicated.com\/produit\/tabouret-design-aubergine\/#breadcrumb"},"inLanguage":"de-CH","potentialAction":[{"@type":"ReadAction","target":["https:\/\/softicated.com\/produit\/tabouret-design-aubergine\/"]}]},{"@type":"ImageObject","inLanguage":"de-CH","@id":"https:\/\/softicated.com\/produit\/tabouret-design-aubergine\/#primaryimage","url":"https:\/\/softicated.com\/wp-content\/uploads\/2023\/08\/STROLL_turquoise_5021.png","contentUrl":"https:\/\/softicated.com\/wp-content\/uploads\/2023\/08\/STROLL_turquoise_5021.png","width":350,"height":350,"caption":"Aubergine"},{"@type":"BreadcrumbList","@id":"https:\/\/softicated.com\/produit\/tabouret-design-aubergine\/#breadcrumb","itemListElement":[{"@type":"ListItem","position":1,"name":"Accueil","item":"https:\/\/softicated.com\/"},{"@type":"ListItem","position":2,"name":"Produits Mobilier Premium Softicated","item":"https:\/\/softicated.com\/produits\/"},{"@type":"ListItem","position":3,"name":"Assise design","item":"https:\/\/softicated.com\/categorie-produit\/assises\/"},{"@type":"ListItem","position":4,"name":"Tabouret design","item":"https:\/\/softicated.com\/categorie-produit\/assises\/tabouret-design-softicated\/"},{"@type":"ListItem","position":5,"name":"Tabouret design"}]},{"@type":"WebSite","@id":"https:\/\/softicated.com\/#website","url":"https:\/\/softicated.com\/","name":"Softicated","description":"Sch\u00f6pfer hochwertiger M\u00f6bel, Leuchten und Teppiche","publisher":{"@id":"https:\/\/softicated.com\/#organization"},"potentialAction":[{"@type":"SearchAction","target":{"@type":"EntryPoint","urlTemplate":"https:\/\/softicated.com\/?s={search_term_string}"},"query-input":{"@type":"PropertyValueSpecification","valueRequired":true,"valueName":"search_term_string"}}],"inLanguage":"de-CH"},{"@type":"Organization","@id":"https:\/\/softicated.com\/#organization","name":"Softicated","url":"https:\/\/softicated.com\/","logo":{"@type":"ImageObject","inLanguage":"de-CH","@id":"https:\/\/softicated.com\/#\/schema\/logo\/image\/","url":"https:\/\/softicated.com\/wp-content\/uploads\/2025\/11\/logo-dark-2.svg","contentUrl":"https:\/\/softicated.com\/wp-content\/uploads\/2025\/11\/logo-dark-2.svg","caption":"Softicated"},"image":{"@id":"https:\/\/softicated.com\/#\/schema\/logo\/image\/"},"sameAs":["https:\/\/www.facebook.com\/Softicated","https:\/\/www.pinterest.com\/softicateddesign","https:\/\/www.instagram.com\/softicated.design"]}]}},"_links":{"self":[{"href":"https:\/\/softicated.com\/de\/wp-json\/wp\/v2\/product\/11145","targetHints":{"allow":["GET"]}}],"collection":[{"href":"https:\/\/softicated.com\/de\/wp-json\/wp\/v2\/product"}],"about":[{"href":"https:\/\/softicated.com\/de\/wp-json\/wp\/v2\/types\/product"}],"replies":[{"embeddable":true,"href":"https:\/\/softicated.com\/de\/wp-json\/wp\/v2\/comments?post=11145"}],"wp:featuredmedia":[{"embeddable":true,"href":"https:\/\/softicated.com\/de\/wp-json\/wp\/v2\/media\/13469"}],"wp:attachment":[{"href":"https:\/\/softicated.com\/de\/wp-json\/wp\/v2\/media?parent=11145"}],"wp:term":[{"taxonomy":"product_brand","embeddable":true,"href":"https:\/\/softicated.com\/de\/wp-json\/wp\/v2\/product_brand?post=11145"},{"taxonomy":"product_cat","embeddable":true,"href":"https:\/\/softicated.com\/de\/wp-json\/wp\/v2\/product_cat?post=11145"},{"taxonomy":"product_tag","embeddable":true,"href":"https:\/\/softicated.com\/de\/wp-json\/wp\/v2\/product_tag?post=11145"},{"taxonomy":"collections","embeddable":true,"href":"https:\/\/softicated.com\/de\/wp-json\/wp\/v2\/collections?post=11145"},{"taxonomy":"awards","embeddable":true,"href":"https:\/\/softicated.com\/de\/wp-json\/wp\/v2\/awards?post=11145"},{"taxonomy":"by_color","embeddable":true,"href":"https:\/\/softicated.com\/de\/wp-json\/wp\/v2\/by_color?post=11145"}],"curies":[{"name":"wp","href":"https:\/\/api.w.org\/{rel}","templated":true}]}}