{"id":11125,"date":"2023-08-29T18:49:37","date_gmt":"2023-08-29T16:49:37","guid":{"rendered":"https:\/\/softicated.com\/?post_type=product&#038;p=11125"},"modified":"2026-03-24T05:34:06","modified_gmt":"2026-03-24T04:34:06","slug":"tabouret-design-signet-ring-beige-softicated","status":"publish","type":"product","link":"https:\/\/softicated.com\/de\/produit\/tabouret-design-signet-ring-beige-softicated\/","title":{"rendered":"Designerhocker in Beige"},"content":{"rendered":"<p>Beige erinnert sofort an Natur und Schlichtheit. Inspiriert von organischen Materialien wie Sand, Leinen oder hellem Holz schafft es eine ruhige und einladende Atmosph\u00e4re in jedem Interieur.<\/p>\n<p>Beige ist zugleich neutral und raffiniert und verk\u00f6rpert perfekte Vielseitigkeit. Seine F\u00e4higkeit, sich harmonisch mit anderen Farben und Materialien zu kombinieren, macht es zu einer unverzichtbaren Farbe, um helle und einladende R\u00e4ume zu schaffen. Beige f\u00fcr Ihre Inneneinrichtung zu w\u00e4hlen bedeutet, sich f\u00fcr einen universellen Ton zu entscheiden, der Entspannung und Eleganz einl\u00e4dt. Diese zeitlose Farbe wird Ihre R\u00e4ume subtil und harmonisch erhellen.<\/p>\n<p>Das Design des Signet-Ring-Hockers kombiniert Funktionalit\u00e4t mit dekorativem Charme. Er kann als praktische Sitzgelegenheit oder als dekoratives Element dienen, das jedem Raum W\u00e4rme und schlichte Eleganz verleiht. Seine dezente und raffinierte Farbe bringt eine anspruchsvolle Note in Ihren Raum, ohne jemals aufdringlich zu wirken.<\/p>\n<p>Der beige Hocker wird Ihre Einrichtung veredeln und jedes Detail hervorheben. Er wirkt als harmonischer Begleiter Ihrer anderen Dekorationselemente. Sein sanfter, neutraler Farbton erm\u00f6glicht es ihm, sich m\u00fchelos mit allen Farben und Materialien zu kombinieren und eine beruhigende Atmosph\u00e4re zu schaffen.<\/p>\n<p>In dieser beigen Variante erfindet sich unser ikonischer Hocker neu in einer Version, die Trends \u00fcberdauert. Er wird zu einem unverzichtbaren dekorativen Element f\u00fcr alle, die in ihrer Einrichtung eine elegante Schlichtheit und eine dezente Modernit\u00e4t suchen.<\/p>\n<p>Der beige Softicated Hocker verk\u00f6rpert zeitlose Harmonie und f\u00fcgt sich elegant in jede Umgebung ein. Ob Sie einen modernen Raum oder ein eher traditionelles Interieur haben \u2013 der beige Hocker integriert sich perfekt.<\/p>\n<p>Lassen Sie sich vom nat\u00fcrlichen Charme des Beigetons verf\u00fchren \u2013 einer Farbe, die Ihre R\u00e4ume mit Sanftheit und Raffinesse erhellt. Sich f\u00fcr den beigen Hocker zu entscheiden bedeutet, m\u00fchelose Eleganz zu w\u00e4hlen. In dieser Version best\u00e4tigt unser ikonischer Hocker seinen Status als zeitloses und unverzichtbares M\u00f6belst\u00fcck, das Ihren Alltag mit Eleganz versch\u00f6nert.<\/p>","protected":false},"excerpt":{"rendered":"<p>Le beige \u00e9voque imm\u00e9diatement la nature et la simplicit\u00e9. Inspir\u00e9 par les mati\u00e8res organiques comme le sable, le lin ou le bois clair, il conf\u00e8re une atmosph\u00e8re calme et accueillante \u00e0 n\u2019importe quel int\u00e9rieur. Le beige, \u00e0 la fois neutre et sophistiqu\u00e9, incarne la polyvalence parfaite. Sa capacit\u00e9 \u00e0 s\u2019associer harmonieusement avec d\u2019autres teintes et [&hellip;]<\/p>","protected":false},"featured_media":13470,"comment_status":"closed","ping_status":"closed","template":"","meta":{"_acf_changed":false},"product_brand":[],"product_cat":[93],"product_tag":[],"collections":[181],"awards":[146,147,136,166,167],"by_color":[],"class_list":{"0":"post-11125","1":"product","2":"type-product","3":"status-publish","4":"has-post-thumbnail","6":"product_cat-tabouret-design-softicated","7":"product_shipping_class-mobilier-signet-ring","8":"collections-tabouret-design-softicated","9":"awards-big-see-awards-2023-softicated-signet-ring","10":"awards-iconic-award-2023-softicated-signet-ring","11":"awards-ida-design-award-honorable-mention-2022","12":"awards-luxury-lifestyle-awards-2024","13":"awards-archiproducts-2024-longlisted-product","15":"first","16":"instock","17":"shipping-taxable","18":"purchasable","19":"product-type-simple"},"acf":[],"yoast_head":"<!-- This site is optimized with the Yoast SEO Premium plugin v25.7.1 (Yoast SEO v26.9) - https:\/\/yoast.com\/product\/yoast-seo-premium-wordpress\/ -->\n<title>Tabouret design Beige - Softicated<\/title>\n<meta name=\"description\" content=\"Le tabouret iconique Signet Ring beige de Softicated incarne une harmonie intemporelle qui se marie avec \u00e9l\u00e9gance dans n&#039;importe quel environnement.\" \/>\n<meta name=\"robots\" content=\"index, follow, max-snippet:-1, max-image-preview:large, max-video-preview:-1\" \/>\n<link rel=\"canonical\" href=\"https:\/\/softicated.com\/de\/produit\/tabouret-design-signet-ring-beige-softicated\/\" \/>\n<meta property=\"og:locale\" content=\"de_DE\" \/>\n<meta property=\"og:type\" content=\"article\" \/>\n<meta property=\"og:title\" content=\"Tabouret design Beige\" \/>\n<meta property=\"og:description\" content=\"Le tabouret iconique Signet Ring beige de Softicated incarne une harmonie intemporelle qui se marie avec \u00e9l\u00e9gance dans n&#039;importe quel environnement.\" \/>\n<meta property=\"og:url\" content=\"https:\/\/softicated.com\/de\/produit\/tabouret-design-signet-ring-beige-softicated\/\" \/>\n<meta property=\"og:site_name\" content=\"Softicated\" \/>\n<meta property=\"article:publisher\" content=\"https:\/\/www.facebook.com\/Softicated\" \/>\n<meta property=\"article:modified_time\" content=\"2026-03-24T04:34:06+00:00\" \/>\n<meta property=\"og:image\" content=\"https:\/\/softicated.com\/wp-content\/uploads\/2023\/08\/STROLL_beige-1.png\" \/>\n\t<meta property=\"og:image:width\" content=\"350\" \/>\n\t<meta property=\"og:image:height\" content=\"350\" \/>\n\t<meta property=\"og:image:type\" content=\"image\/png\" \/>\n<meta name=\"twitter:card\" content=\"summary_large_image\" \/>\n<script type=\"application\/ld+json\" class=\"yoast-schema-graph\">{\"@context\":\"https:\/\/schema.org\",\"@graph\":[{\"@type\":\"WebPage\",\"@id\":\"https:\/\/softicated.com\/produit\/tabouret-design-signet-ring-beige-softicated\/\",\"url\":\"https:\/\/softicated.com\/produit\/tabouret-design-signet-ring-beige-softicated\/\",\"name\":\"Tabouret design Beige - Softicated\",\"isPartOf\":{\"@id\":\"https:\/\/softicated.com\/#website\"},\"primaryImageOfPage\":{\"@id\":\"https:\/\/softicated.com\/produit\/tabouret-design-signet-ring-beige-softicated\/#primaryimage\"},\"image\":{\"@id\":\"https:\/\/softicated.com\/produit\/tabouret-design-signet-ring-beige-softicated\/#primaryimage\"},\"thumbnailUrl\":\"https:\/\/softicated.com\/wp-content\/uploads\/2023\/08\/STROLL_beige-1.png\",\"datePublished\":\"2023-08-29T16:49:37+00:00\",\"dateModified\":\"2026-03-24T04:34:06+00:00\",\"description\":\"Le tabouret iconique Signet Ring beige de Softicated incarne une harmonie intemporelle qui se marie avec \u00e9l\u00e9gance dans n'importe quel environnement.\",\"breadcrumb\":{\"@id\":\"https:\/\/softicated.com\/produit\/tabouret-design-signet-ring-beige-softicated\/#breadcrumb\"},\"inLanguage\":\"de-CH\",\"potentialAction\":[{\"@type\":\"ReadAction\",\"target\":[\"https:\/\/softicated.com\/produit\/tabouret-design-signet-ring-beige-softicated\/\"]}]},{\"@type\":\"ImageObject\",\"inLanguage\":\"de-CH\",\"@id\":\"https:\/\/softicated.com\/produit\/tabouret-design-signet-ring-beige-softicated\/#primaryimage\",\"url\":\"https:\/\/softicated.com\/wp-content\/uploads\/2023\/08\/STROLL_beige-1.png\",\"contentUrl\":\"https:\/\/softicated.com\/wp-content\/uploads\/2023\/08\/STROLL_beige-1.png\",\"width\":350,\"height\":350,\"caption\":\"Beige\"},{\"@type\":\"BreadcrumbList\",\"@id\":\"https:\/\/softicated.com\/produit\/tabouret-design-signet-ring-beige-softicated\/#breadcrumb\",\"itemListElement\":[{\"@type\":\"ListItem\",\"position\":1,\"name\":\"Accueil\",\"item\":\"https:\/\/softicated.com\/\"},{\"@type\":\"ListItem\",\"position\":2,\"name\":\"Produits Mobilier Premium Softicated\",\"item\":\"https:\/\/softicated.com\/produits\/\"},{\"@type\":\"ListItem\",\"position\":3,\"name\":\"Assise design\",\"item\":\"https:\/\/softicated.com\/categorie-produit\/assises\/\"},{\"@type\":\"ListItem\",\"position\":4,\"name\":\"Tabouret design\",\"item\":\"https:\/\/softicated.com\/categorie-produit\/assises\/tabouret-design-softicated\/\"},{\"@type\":\"ListItem\",\"position\":5,\"name\":\"Tabouret design\"}]},{\"@type\":\"WebSite\",\"@id\":\"https:\/\/softicated.com\/#website\",\"url\":\"https:\/\/softicated.com\/\",\"name\":\"Softicated\",\"description\":\"Cr\u00e9ateur de meubles, luminaires et tapis premium\",\"publisher\":{\"@id\":\"https:\/\/softicated.com\/#organization\"},\"potentialAction\":[{\"@type\":\"SearchAction\",\"target\":{\"@type\":\"EntryPoint\",\"urlTemplate\":\"https:\/\/softicated.com\/?s={search_term_string}\"},\"query-input\":{\"@type\":\"PropertyValueSpecification\",\"valueRequired\":true,\"valueName\":\"search_term_string\"}}],\"inLanguage\":\"de-CH\"},{\"@type\":\"Organization\",\"@id\":\"https:\/\/softicated.com\/#organization\",\"name\":\"Softicated\",\"url\":\"https:\/\/softicated.com\/\",\"logo\":{\"@type\":\"ImageObject\",\"inLanguage\":\"de-CH\",\"@id\":\"https:\/\/softicated.com\/#\/schema\/logo\/image\/\",\"url\":\"https:\/\/softicated.com\/wp-content\/uploads\/2025\/11\/logo-dark-2.svg\",\"contentUrl\":\"https:\/\/softicated.com\/wp-content\/uploads\/2025\/11\/logo-dark-2.svg\",\"caption\":\"Softicated\"},\"image\":{\"@id\":\"https:\/\/softicated.com\/#\/schema\/logo\/image\/\"},\"sameAs\":[\"https:\/\/www.facebook.com\/Softicated\",\"https:\/\/www.pinterest.com\/softicateddesign\",\"https:\/\/www.instagram.com\/softicated.design\"]}]}<\/script>\n<!-- \/ Yoast SEO Premium plugin. -->","yoast_head_json":{"title":"Designerhocker in Beige - Softicated","description":"Le tabouret iconique Signet Ring beige de Softicated incarne une harmonie intemporelle qui se marie avec \u00e9l\u00e9gance dans n'importe quel environnement.","robots":{"index":"index","follow":"follow","max-snippet":"max-snippet:-1","max-image-preview":"max-image-preview:large","max-video-preview":"max-video-preview:-1"},"canonical":"https:\/\/softicated.com\/de\/produit\/tabouret-design-signet-ring-beige-softicated\/","og_locale":"de_DE","og_type":"article","og_title":"Tabouret design Beige","og_description":"Le tabouret iconique Signet Ring beige de Softicated incarne une harmonie intemporelle qui se marie avec \u00e9l\u00e9gance dans n'importe quel environnement.","og_url":"https:\/\/softicated.com\/de\/produit\/tabouret-design-signet-ring-beige-softicated\/","og_site_name":"Softicated","article_publisher":"https:\/\/www.facebook.com\/Softicated","article_modified_time":"2026-03-24T04:34:06+00:00","og_image":[{"width":350,"height":350,"url":"https:\/\/softicated.com\/wp-content\/uploads\/2023\/08\/STROLL_beige-1.png","type":"image\/png"}],"twitter_card":"summary_large_image","schema":{"@context":"https:\/\/schema.org","@graph":[{"@type":"WebPage","@id":"https:\/\/softicated.com\/produit\/tabouret-design-signet-ring-beige-softicated\/","url":"https:\/\/softicated.com\/produit\/tabouret-design-signet-ring-beige-softicated\/","name":"Designerhocker in Beige - Softicated","isPartOf":{"@id":"https:\/\/softicated.com\/#website"},"primaryImageOfPage":{"@id":"https:\/\/softicated.com\/produit\/tabouret-design-signet-ring-beige-softicated\/#primaryimage"},"image":{"@id":"https:\/\/softicated.com\/produit\/tabouret-design-signet-ring-beige-softicated\/#primaryimage"},"thumbnailUrl":"https:\/\/softicated.com\/wp-content\/uploads\/2023\/08\/STROLL_beige-1.png","datePublished":"2023-08-29T16:49:37+00:00","dateModified":"2026-03-24T04:34:06+00:00","description":"Le tabouret iconique Signet Ring beige de Softicated incarne une harmonie intemporelle qui se marie avec \u00e9l\u00e9gance dans n'importe quel environnement.","breadcrumb":{"@id":"https:\/\/softicated.com\/produit\/tabouret-design-signet-ring-beige-softicated\/#breadcrumb"},"inLanguage":"de-CH","potentialAction":[{"@type":"ReadAction","target":["https:\/\/softicated.com\/produit\/tabouret-design-signet-ring-beige-softicated\/"]}]},{"@type":"ImageObject","inLanguage":"de-CH","@id":"https:\/\/softicated.com\/produit\/tabouret-design-signet-ring-beige-softicated\/#primaryimage","url":"https:\/\/softicated.com\/wp-content\/uploads\/2023\/08\/STROLL_beige-1.png","contentUrl":"https:\/\/softicated.com\/wp-content\/uploads\/2023\/08\/STROLL_beige-1.png","width":350,"height":350,"caption":"Beige"},{"@type":"BreadcrumbList","@id":"https:\/\/softicated.com\/produit\/tabouret-design-signet-ring-beige-softicated\/#breadcrumb","itemListElement":[{"@type":"ListItem","position":1,"name":"Accueil","item":"https:\/\/softicated.com\/"},{"@type":"ListItem","position":2,"name":"Produits Mobilier Premium Softicated","item":"https:\/\/softicated.com\/produits\/"},{"@type":"ListItem","position":3,"name":"Assise design","item":"https:\/\/softicated.com\/categorie-produit\/assises\/"},{"@type":"ListItem","position":4,"name":"Tabouret design","item":"https:\/\/softicated.com\/categorie-produit\/assises\/tabouret-design-softicated\/"},{"@type":"ListItem","position":5,"name":"Tabouret design"}]},{"@type":"WebSite","@id":"https:\/\/softicated.com\/#website","url":"https:\/\/softicated.com\/","name":"Softicated","description":"Sch\u00f6pfer hochwertiger M\u00f6bel, Leuchten und Teppiche","publisher":{"@id":"https:\/\/softicated.com\/#organization"},"potentialAction":[{"@type":"SearchAction","target":{"@type":"EntryPoint","urlTemplate":"https:\/\/softicated.com\/?s={search_term_string}"},"query-input":{"@type":"PropertyValueSpecification","valueRequired":true,"valueName":"search_term_string"}}],"inLanguage":"de-CH"},{"@type":"Organization","@id":"https:\/\/softicated.com\/#organization","name":"Softicated","url":"https:\/\/softicated.com\/","logo":{"@type":"ImageObject","inLanguage":"de-CH","@id":"https:\/\/softicated.com\/#\/schema\/logo\/image\/","url":"https:\/\/softicated.com\/wp-content\/uploads\/2025\/11\/logo-dark-2.svg","contentUrl":"https:\/\/softicated.com\/wp-content\/uploads\/2025\/11\/logo-dark-2.svg","caption":"Softicated"},"image":{"@id":"https:\/\/softicated.com\/#\/schema\/logo\/image\/"},"sameAs":["https:\/\/www.facebook.com\/Softicated","https:\/\/www.pinterest.com\/softicateddesign","https:\/\/www.instagram.com\/softicated.design"]}]}},"_links":{"self":[{"href":"https:\/\/softicated.com\/de\/wp-json\/wp\/v2\/product\/11125","targetHints":{"allow":["GET"]}}],"collection":[{"href":"https:\/\/softicated.com\/de\/wp-json\/wp\/v2\/product"}],"about":[{"href":"https:\/\/softicated.com\/de\/wp-json\/wp\/v2\/types\/product"}],"replies":[{"embeddable":true,"href":"https:\/\/softicated.com\/de\/wp-json\/wp\/v2\/comments?post=11125"}],"wp:featuredmedia":[{"embeddable":true,"href":"https:\/\/softicated.com\/de\/wp-json\/wp\/v2\/media\/13470"}],"wp:attachment":[{"href":"https:\/\/softicated.com\/de\/wp-json\/wp\/v2\/media?parent=11125"}],"wp:term":[{"taxonomy":"product_brand","embeddable":true,"href":"https:\/\/softicated.com\/de\/wp-json\/wp\/v2\/product_brand?post=11125"},{"taxonomy":"product_cat","embeddable":true,"href":"https:\/\/softicated.com\/de\/wp-json\/wp\/v2\/product_cat?post=11125"},{"taxonomy":"product_tag","embeddable":true,"href":"https:\/\/softicated.com\/de\/wp-json\/wp\/v2\/product_tag?post=11125"},{"taxonomy":"collections","embeddable":true,"href":"https:\/\/softicated.com\/de\/wp-json\/wp\/v2\/collections?post=11125"},{"taxonomy":"awards","embeddable":true,"href":"https:\/\/softicated.com\/de\/wp-json\/wp\/v2\/awards?post=11125"},{"taxonomy":"by_color","embeddable":true,"href":"https:\/\/softicated.com\/de\/wp-json\/wp\/v2\/by_color?post=11125"}],"curies":[{"name":"wp","href":"https:\/\/api.w.org\/{rel}","templated":true}]}}