{"id":10585,"date":"2022-12-13T11:29:37","date_gmt":"2022-12-13T10:29:37","guid":{"rendered":"https:\/\/softicated.com\/?post_type=product&#038;p=10585"},"modified":"2026-03-11T12:57:19","modified_gmt":"2026-03-11T11:57:19","slug":"table-basse","status":"publish","type":"product","link":"https:\/\/softicated.com\/de\/produit\/table-basse\/","title":{"rendered":"Design-Coutschtisch - Carousel"},"content":{"rendered":"<p class=\"p1\">Ce n\u2019est pas un ovni install\u00e9 au milieu de votre salon, mais bien une table basse nouvelle g\u00e9n\u00e9ration, sortie tout droit de l\u2019imagination de Cyril Rumpler, designer et fondateur de la marque Softicated. Compos\u00e9e d\u2019un socle rond tournant et surmont\u00e9 d\u2019un plateau fixe, cette table basse refl\u00e8te notre monde solide et bien install\u00e9 dans des croyances mill\u00e9naires se renouvelant sans cesse. Ronde et chaleureuse, cette table basse oscille, avec agilit\u00e9, entre mouvement et stabilit\u00e9 pour s\u2019adapter \u00e0 tous les besoins.<\/p>\n<p class=\"p1\">Der Couchtisch ist mit vier Griffen ausgestattet, um den Tisch in beide Richtungen zu drehen.<\/p>","protected":false},"excerpt":{"rendered":"<p>Ce n\u2019est pas un ovni install\u00e9 au milieu de votre salon, mais bien une table basse nouvelle g\u00e9n\u00e9ration, sortie tout droit de l\u2019imagination de Cyril Rumpler, designer et fondateur de la marque Softicated. Compos\u00e9e d\u2019un socle rond tournant et surmont\u00e9 d\u2019un plateau fixe, cette table basse refl\u00e8te notre monde solide et bien install\u00e9 dans des [&hellip;]<\/p>","protected":false},"featured_media":13320,"comment_status":"closed","ping_status":"closed","template":"","meta":{"_acf_changed":false},"product_brand":[],"product_cat":[170,97],"product_tag":[],"collections":[],"awards":[],"by_color":[],"class_list":{"0":"post-10585","1":"product","2":"type-product","3":"status-publish","4":"has-post-thumbnail","6":"product_cat-table-basse","7":"product_cat-table","9":"first","10":"instock","11":"shipping-taxable","12":"product-type-simple"},"acf":[],"yoast_head":"<!-- This site is optimized with the Yoast SEO Premium plugin v25.7.1 (Yoast SEO v26.9) - https:\/\/yoast.com\/product\/yoast-seo-premium-wordpress\/ -->\n<title>Carousel - Table basse de designer - Softicated<\/title>\n<meta name=\"description\" content=\"La table basse Carousel compos\u00e9e d\u2019un socle rond tournant et surmont\u00e9 d\u2019un plateau fixe. Convient aux int\u00e9rieurs modernes et design, comme le loby.\" \/>\n<meta name=\"robots\" content=\"index, follow, max-snippet:-1, max-image-preview:large, max-video-preview:-1\" \/>\n<link rel=\"canonical\" href=\"https:\/\/softicated.com\/de\/produit\/table-basse\/\" \/>\n<meta property=\"og:locale\" content=\"de_DE\" \/>\n<meta property=\"og:type\" content=\"article\" \/>\n<meta property=\"og:title\" content=\"Table basse design - Carousel\" \/>\n<meta property=\"og:description\" content=\"La table basse Carousel compos\u00e9e d\u2019un socle rond tournant et surmont\u00e9 d\u2019un plateau fixe. Convient aux int\u00e9rieurs modernes et design, comme le loby.\" \/>\n<meta property=\"og:url\" content=\"https:\/\/softicated.com\/de\/produit\/table-basse\/\" \/>\n<meta property=\"og:site_name\" content=\"Softicated\" \/>\n<meta property=\"article:publisher\" content=\"https:\/\/www.facebook.com\/Softicated\" \/>\n<meta property=\"article:modified_time\" content=\"2026-03-11T11:57:19+00:00\" \/>\n<meta property=\"og:image\" content=\"https:\/\/softicated.com\/wp-content\/uploads\/2022\/12\/IMG_1503-scaled.jpg\" \/>\n\t<meta property=\"og:image:width\" content=\"2560\" \/>\n\t<meta property=\"og:image:height\" content=\"1709\" \/>\n\t<meta property=\"og:image:type\" content=\"image\/jpeg\" \/>\n<meta name=\"twitter:card\" content=\"summary_large_image\" \/>\n<script type=\"application\/ld+json\" class=\"yoast-schema-graph\">{\"@context\":\"https:\/\/schema.org\",\"@graph\":[{\"@type\":\"WebPage\",\"@id\":\"https:\/\/softicated.com\/produit\/table-basse\/\",\"url\":\"https:\/\/softicated.com\/produit\/table-basse\/\",\"name\":\"Carousel - Table basse de designer - Softicated\",\"isPartOf\":{\"@id\":\"https:\/\/softicated.com\/#website\"},\"primaryImageOfPage\":{\"@id\":\"https:\/\/softicated.com\/produit\/table-basse\/#primaryimage\"},\"image\":{\"@id\":\"https:\/\/softicated.com\/produit\/table-basse\/#primaryimage\"},\"thumbnailUrl\":\"https:\/\/softicated.com\/wp-content\/uploads\/2022\/12\/IMG_1503-scaled.jpg\",\"datePublished\":\"2022-12-13T10:29:37+00:00\",\"dateModified\":\"2026-03-11T11:57:19+00:00\",\"description\":\"La table basse Carousel compos\u00e9e d\u2019un socle rond tournant et surmont\u00e9 d\u2019un plateau fixe. Convient aux int\u00e9rieurs modernes et design, comme le loby.\",\"breadcrumb\":{\"@id\":\"https:\/\/softicated.com\/produit\/table-basse\/#breadcrumb\"},\"inLanguage\":\"de-CH\",\"potentialAction\":[{\"@type\":\"ReadAction\",\"target\":[\"https:\/\/softicated.com\/produit\/table-basse\/\"]}]},{\"@type\":\"ImageObject\",\"inLanguage\":\"de-CH\",\"@id\":\"https:\/\/softicated.com\/produit\/table-basse\/#primaryimage\",\"url\":\"https:\/\/softicated.com\/wp-content\/uploads\/2022\/12\/IMG_1503-scaled.jpg\",\"contentUrl\":\"https:\/\/softicated.com\/wp-content\/uploads\/2022\/12\/IMG_1503-scaled.jpg\",\"width\":2560,\"height\":1709,\"caption\":\"Table Basse\"},{\"@type\":\"BreadcrumbList\",\"@id\":\"https:\/\/softicated.com\/produit\/table-basse\/#breadcrumb\",\"itemListElement\":[{\"@type\":\"ListItem\",\"position\":1,\"name\":\"Accueil\",\"item\":\"https:\/\/softicated.com\/\"},{\"@type\":\"ListItem\",\"position\":2,\"name\":\"Produits Mobilier Premium Softicated\",\"item\":\"https:\/\/softicated.com\/produits\/\"},{\"@type\":\"ListItem\",\"position\":3,\"name\":\"Meuble de qualit\u00e9 Suisse\",\"item\":\"https:\/\/softicated.com\/categorie-produit\/meuble-design\/\"},{\"@type\":\"ListItem\",\"position\":4,\"name\":\"Table\",\"item\":\"https:\/\/softicated.com\/categorie-produit\/meuble-design\/table\/\"},{\"@type\":\"ListItem\",\"position\":5,\"name\":\"table basse design Carousel\"}]},{\"@type\":\"WebSite\",\"@id\":\"https:\/\/softicated.com\/#website\",\"url\":\"https:\/\/softicated.com\/\",\"name\":\"Softicated\",\"description\":\"Cr\u00e9ateur de meubles, luminaires et tapis premium\",\"publisher\":{\"@id\":\"https:\/\/softicated.com\/#organization\"},\"potentialAction\":[{\"@type\":\"SearchAction\",\"target\":{\"@type\":\"EntryPoint\",\"urlTemplate\":\"https:\/\/softicated.com\/?s={search_term_string}\"},\"query-input\":{\"@type\":\"PropertyValueSpecification\",\"valueRequired\":true,\"valueName\":\"search_term_string\"}}],\"inLanguage\":\"de-CH\"},{\"@type\":\"Organization\",\"@id\":\"https:\/\/softicated.com\/#organization\",\"name\":\"Softicated\",\"url\":\"https:\/\/softicated.com\/\",\"logo\":{\"@type\":\"ImageObject\",\"inLanguage\":\"de-CH\",\"@id\":\"https:\/\/softicated.com\/#\/schema\/logo\/image\/\",\"url\":\"https:\/\/softicated.com\/wp-content\/uploads\/2025\/11\/logo-dark-2.svg\",\"contentUrl\":\"https:\/\/softicated.com\/wp-content\/uploads\/2025\/11\/logo-dark-2.svg\",\"caption\":\"Softicated\"},\"image\":{\"@id\":\"https:\/\/softicated.com\/#\/schema\/logo\/image\/\"},\"sameAs\":[\"https:\/\/www.facebook.com\/Softicated\",\"https:\/\/www.pinterest.com\/softicateddesign\",\"https:\/\/www.instagram.com\/softicated.design\"]}]}<\/script>\n<!-- \/ Yoast SEO Premium plugin. -->","yoast_head_json":{"title":"Carousel - Table basse de designer - Softicated","description":"La table basse Carousel compos\u00e9e d\u2019un socle rond tournant et surmont\u00e9 d\u2019un plateau fixe. Convient aux int\u00e9rieurs modernes et design, comme le loby.","robots":{"index":"index","follow":"follow","max-snippet":"max-snippet:-1","max-image-preview":"max-image-preview:large","max-video-preview":"max-video-preview:-1"},"canonical":"https:\/\/softicated.com\/de\/produit\/table-basse\/","og_locale":"de_DE","og_type":"article","og_title":"Table basse design - Carousel","og_description":"La table basse Carousel compos\u00e9e d\u2019un socle rond tournant et surmont\u00e9 d\u2019un plateau fixe. Convient aux int\u00e9rieurs modernes et design, comme le loby.","og_url":"https:\/\/softicated.com\/de\/produit\/table-basse\/","og_site_name":"Softicated","article_publisher":"https:\/\/www.facebook.com\/Softicated","article_modified_time":"2026-03-11T11:57:19+00:00","og_image":[{"width":2560,"height":1709,"url":"https:\/\/softicated.com\/wp-content\/uploads\/2022\/12\/IMG_1503-scaled.jpg","type":"image\/jpeg"}],"twitter_card":"summary_large_image","schema":{"@context":"https:\/\/schema.org","@graph":[{"@type":"WebPage","@id":"https:\/\/softicated.com\/produit\/table-basse\/","url":"https:\/\/softicated.com\/produit\/table-basse\/","name":"Carousel - Table basse de designer - Softicated","isPartOf":{"@id":"https:\/\/softicated.com\/#website"},"primaryImageOfPage":{"@id":"https:\/\/softicated.com\/produit\/table-basse\/#primaryimage"},"image":{"@id":"https:\/\/softicated.com\/produit\/table-basse\/#primaryimage"},"thumbnailUrl":"https:\/\/softicated.com\/wp-content\/uploads\/2022\/12\/IMG_1503-scaled.jpg","datePublished":"2022-12-13T10:29:37+00:00","dateModified":"2026-03-11T11:57:19+00:00","description":"La table basse Carousel compos\u00e9e d\u2019un socle rond tournant et surmont\u00e9 d\u2019un plateau fixe. Convient aux int\u00e9rieurs modernes et design, comme le loby.","breadcrumb":{"@id":"https:\/\/softicated.com\/produit\/table-basse\/#breadcrumb"},"inLanguage":"de-CH","potentialAction":[{"@type":"ReadAction","target":["https:\/\/softicated.com\/produit\/table-basse\/"]}]},{"@type":"ImageObject","inLanguage":"de-CH","@id":"https:\/\/softicated.com\/produit\/table-basse\/#primaryimage","url":"https:\/\/softicated.com\/wp-content\/uploads\/2022\/12\/IMG_1503-scaled.jpg","contentUrl":"https:\/\/softicated.com\/wp-content\/uploads\/2022\/12\/IMG_1503-scaled.jpg","width":2560,"height":1709,"caption":"Table Basse"},{"@type":"BreadcrumbList","@id":"https:\/\/softicated.com\/produit\/table-basse\/#breadcrumb","itemListElement":[{"@type":"ListItem","position":1,"name":"Accueil","item":"https:\/\/softicated.com\/"},{"@type":"ListItem","position":2,"name":"Produits Mobilier Premium Softicated","item":"https:\/\/softicated.com\/produits\/"},{"@type":"ListItem","position":3,"name":"Meuble de qualit\u00e9 Suisse","item":"https:\/\/softicated.com\/categorie-produit\/meuble-design\/"},{"@type":"ListItem","position":4,"name":"Table","item":"https:\/\/softicated.com\/categorie-produit\/meuble-design\/table\/"},{"@type":"ListItem","position":5,"name":"table basse design Carousel"}]},{"@type":"WebSite","@id":"https:\/\/softicated.com\/#website","url":"https:\/\/softicated.com\/","name":"Softicated","description":"Sch\u00f6pfer hochwertiger M\u00f6bel, Leuchten und Teppiche","publisher":{"@id":"https:\/\/softicated.com\/#organization"},"potentialAction":[{"@type":"SearchAction","target":{"@type":"EntryPoint","urlTemplate":"https:\/\/softicated.com\/?s={search_term_string}"},"query-input":{"@type":"PropertyValueSpecification","valueRequired":true,"valueName":"search_term_string"}}],"inLanguage":"de-CH"},{"@type":"Organization","@id":"https:\/\/softicated.com\/#organization","name":"Softicated","url":"https:\/\/softicated.com\/","logo":{"@type":"ImageObject","inLanguage":"de-CH","@id":"https:\/\/softicated.com\/#\/schema\/logo\/image\/","url":"https:\/\/softicated.com\/wp-content\/uploads\/2025\/11\/logo-dark-2.svg","contentUrl":"https:\/\/softicated.com\/wp-content\/uploads\/2025\/11\/logo-dark-2.svg","caption":"Softicated"},"image":{"@id":"https:\/\/softicated.com\/#\/schema\/logo\/image\/"},"sameAs":["https:\/\/www.facebook.com\/Softicated","https:\/\/www.pinterest.com\/softicateddesign","https:\/\/www.instagram.com\/softicated.design"]}]}},"_links":{"self":[{"href":"https:\/\/softicated.com\/de\/wp-json\/wp\/v2\/product\/10585","targetHints":{"allow":["GET"]}}],"collection":[{"href":"https:\/\/softicated.com\/de\/wp-json\/wp\/v2\/product"}],"about":[{"href":"https:\/\/softicated.com\/de\/wp-json\/wp\/v2\/types\/product"}],"replies":[{"embeddable":true,"href":"https:\/\/softicated.com\/de\/wp-json\/wp\/v2\/comments?post=10585"}],"wp:featuredmedia":[{"embeddable":true,"href":"https:\/\/softicated.com\/de\/wp-json\/wp\/v2\/media\/13320"}],"wp:attachment":[{"href":"https:\/\/softicated.com\/de\/wp-json\/wp\/v2\/media?parent=10585"}],"wp:term":[{"taxonomy":"product_brand","embeddable":true,"href":"https:\/\/softicated.com\/de\/wp-json\/wp\/v2\/product_brand?post=10585"},{"taxonomy":"product_cat","embeddable":true,"href":"https:\/\/softicated.com\/de\/wp-json\/wp\/v2\/product_cat?post=10585"},{"taxonomy":"product_tag","embeddable":true,"href":"https:\/\/softicated.com\/de\/wp-json\/wp\/v2\/product_tag?post=10585"},{"taxonomy":"collections","embeddable":true,"href":"https:\/\/softicated.com\/de\/wp-json\/wp\/v2\/collections?post=10585"},{"taxonomy":"awards","embeddable":true,"href":"https:\/\/softicated.com\/de\/wp-json\/wp\/v2\/awards?post=10585"},{"taxonomy":"by_color","embeddable":true,"href":"https:\/\/softicated.com\/de\/wp-json\/wp\/v2\/by_color?post=10585"}],"curies":[{"name":"wp","href":"https:\/\/api.w.org\/{rel}","templated":true}]}}