{"id":10584,"date":"2022-12-13T11:08:41","date_gmt":"2022-12-13T10:08:41","guid":{"rendered":"https:\/\/softicated.com\/?post_type=product&#038;p=10584"},"modified":"2026-03-12T12:26:17","modified_gmt":"2026-03-12T11:26:17","slug":"lit-de-jour-softicated","status":"publish","type":"product","link":"https:\/\/softicated.com\/de\/produit\/lit-de-jour-softicated\/","title":{"rendered":"Modernes Tagesbett - Belvedere"},"content":{"rendered":"<p class=\"p1\">Den besten und originellsten Blick auf Ihr Wohnzimmer bietet genau dieses Belvedere-Tagesbett. Es wurde als sch\u00fctzender Kokon konzipiert, auf dem Sie sich f\u00fcr Ihren Mittagsschlaf oder Ihre Meditation ausruhen k\u00f6nnen, bietet aber auch einen Aussichtspunkt, von dem aus Sie in seiner sch\u00fctzenden Umarmung an lebhaften Gespr\u00e4chen teilnehmen k\u00f6nnen. Seine sch\u00fctzende H\u00fclle st\u00fctzt den R\u00fccken von jedem, der dort einen Abend verbringen m\u00f6chte, perfekt. Die modernen und originellen Rohrbeine sind in verchromtem oder lackiertem Stahl erh\u00e4ltlich und der Sitz ist aus Stoff oder Samt.<\/p>","protected":false},"excerpt":{"rendered":"<p>Le plus beau et le plus original point de vue de votre salon se situe exactement sur ce lit de jour Belvedere. Con\u00e7u comme un cocon protecteur o\u00f9 l\u2019on peut s\u2019allonger seul pour la sieste ou la m\u00e9ditation mais aussi assis pour participer \u00e0 toutes les conversations, lov\u00e9 confortablement dans ses bras. Son enveloppe protectrice [&hellip;]<\/p>","protected":false},"featured_media":12180,"comment_status":"closed","ping_status":"closed","template":"","meta":{"_acf_changed":false},"product_brand":[],"product_cat":[101],"product_tag":[],"collections":[],"awards":[],"by_color":[],"class_list":{"0":"post-10584","1":"product","2":"type-product","3":"status-publish","4":"has-post-thumbnail","6":"product_cat-lit-de-jour-belvedere","8":"first","9":"instock","10":"shipping-taxable","11":"product-type-simple"},"acf":[],"yoast_head":"<!-- This site is optimized with the Yoast SEO Premium plugin v25.7.1 (Yoast SEO v26.9) - https:\/\/yoast.com\/product\/yoast-seo-premium-wordpress\/ -->\n<title>Lit de jour moderne - Belvedere - Softicated<\/title>\n<meta name=\"description\" content=\"Le lit de jour Belvedere est donc utile pour la relaxation, le repos, la r\u00eaverie ou la contemplation. Ses courbes sont asym\u00e9triques et douces.\" \/>\n<meta name=\"robots\" content=\"index, follow, max-snippet:-1, max-image-preview:large, max-video-preview:-1\" \/>\n<link rel=\"canonical\" href=\"https:\/\/softicated.com\/de\/produit\/lit-de-jour-softicated\/\" \/>\n<meta property=\"og:locale\" content=\"de_DE\" \/>\n<meta property=\"og:type\" content=\"article\" \/>\n<meta property=\"og:title\" content=\"Lit de jour moderne - Belvedere\" \/>\n<meta property=\"og:description\" content=\"Le lit de jour Belvedere est donc utile pour la relaxation, le repos, la r\u00eaverie ou la contemplation. Ses courbes sont asym\u00e9triques et douces.\" \/>\n<meta property=\"og:url\" content=\"https:\/\/softicated.com\/de\/produit\/lit-de-jour-softicated\/\" \/>\n<meta property=\"og:site_name\" content=\"Softicated\" \/>\n<meta property=\"article:publisher\" content=\"https:\/\/www.facebook.com\/Softicated\" \/>\n<meta property=\"article:modified_time\" content=\"2026-03-12T11:26:17+00:00\" \/>\n<meta property=\"og:image\" content=\"https:\/\/softicated.com\/wp-content\/uploads\/2022\/12\/seating_belvedere_daybed-low_01-1.webp\" \/>\n\t<meta property=\"og:image:width\" content=\"1800\" \/>\n\t<meta property=\"og:image:height\" content=\"1800\" \/>\n\t<meta property=\"og:image:type\" content=\"image\/webp\" \/>\n<meta name=\"twitter:card\" content=\"summary_large_image\" \/>\n<script type=\"application\/ld+json\" class=\"yoast-schema-graph\">{\"@context\":\"https:\/\/schema.org\",\"@graph\":[{\"@type\":\"WebPage\",\"@id\":\"https:\/\/softicated.com\/produit\/lit-de-jour-softicated\/\",\"url\":\"https:\/\/softicated.com\/produit\/lit-de-jour-softicated\/\",\"name\":\"Lit de jour moderne - Belvedere - Softicated\",\"isPartOf\":{\"@id\":\"https:\/\/softicated.com\/#website\"},\"primaryImageOfPage\":{\"@id\":\"https:\/\/softicated.com\/produit\/lit-de-jour-softicated\/#primaryimage\"},\"image\":{\"@id\":\"https:\/\/softicated.com\/produit\/lit-de-jour-softicated\/#primaryimage\"},\"thumbnailUrl\":\"https:\/\/softicated.com\/wp-content\/uploads\/2022\/12\/seating_belvedere_daybed-low_01-1.webp\",\"datePublished\":\"2022-12-13T10:08:41+00:00\",\"dateModified\":\"2026-03-12T11:26:17+00:00\",\"description\":\"Le lit de jour Belvedere est donc utile pour la relaxation, le repos, la r\u00eaverie ou la contemplation. Ses courbes sont asym\u00e9triques et douces.\",\"breadcrumb\":{\"@id\":\"https:\/\/softicated.com\/produit\/lit-de-jour-softicated\/#breadcrumb\"},\"inLanguage\":\"de-CH\",\"potentialAction\":[{\"@type\":\"ReadAction\",\"target\":[\"https:\/\/softicated.com\/produit\/lit-de-jour-softicated\/\"]}]},{\"@type\":\"ImageObject\",\"inLanguage\":\"de-CH\",\"@id\":\"https:\/\/softicated.com\/produit\/lit-de-jour-softicated\/#primaryimage\",\"url\":\"https:\/\/softicated.com\/wp-content\/uploads\/2022\/12\/seating_belvedere_daybed-low_01-1.webp\",\"contentUrl\":\"https:\/\/softicated.com\/wp-content\/uploads\/2022\/12\/seating_belvedere_daybed-low_01-1.webp\",\"width\":1800,\"height\":1800,\"caption\":\"Lit de jour\"},{\"@type\":\"BreadcrumbList\",\"@id\":\"https:\/\/softicated.com\/produit\/lit-de-jour-softicated\/#breadcrumb\",\"itemListElement\":[{\"@type\":\"ListItem\",\"position\":1,\"name\":\"Accueil\",\"item\":\"https:\/\/softicated.com\/\"},{\"@type\":\"ListItem\",\"position\":2,\"name\":\"Produits Mobilier Premium Softicated\",\"item\":\"https:\/\/softicated.com\/produits\/\"},{\"@type\":\"ListItem\",\"position\":3,\"name\":\"Assise design\",\"item\":\"https:\/\/softicated.com\/categorie-produit\/assises\/\"},{\"@type\":\"ListItem\",\"position\":4,\"name\":\"Lit de jour Belvedere\",\"item\":\"https:\/\/softicated.com\/categorie-produit\/assises\/lit-de-jour-belvedere\/\"},{\"@type\":\"ListItem\",\"position\":5,\"name\":\"Lit de jour modern belvedere\"}]},{\"@type\":\"WebSite\",\"@id\":\"https:\/\/softicated.com\/#website\",\"url\":\"https:\/\/softicated.com\/\",\"name\":\"Softicated\",\"description\":\"Cr\u00e9ateur de meubles, luminaires et tapis premium\",\"publisher\":{\"@id\":\"https:\/\/softicated.com\/#organization\"},\"potentialAction\":[{\"@type\":\"SearchAction\",\"target\":{\"@type\":\"EntryPoint\",\"urlTemplate\":\"https:\/\/softicated.com\/?s={search_term_string}\"},\"query-input\":{\"@type\":\"PropertyValueSpecification\",\"valueRequired\":true,\"valueName\":\"search_term_string\"}}],\"inLanguage\":\"de-CH\"},{\"@type\":\"Organization\",\"@id\":\"https:\/\/softicated.com\/#organization\",\"name\":\"Softicated\",\"url\":\"https:\/\/softicated.com\/\",\"logo\":{\"@type\":\"ImageObject\",\"inLanguage\":\"de-CH\",\"@id\":\"https:\/\/softicated.com\/#\/schema\/logo\/image\/\",\"url\":\"https:\/\/softicated.com\/wp-content\/uploads\/2025\/11\/logo-dark-2.svg\",\"contentUrl\":\"https:\/\/softicated.com\/wp-content\/uploads\/2025\/11\/logo-dark-2.svg\",\"caption\":\"Softicated\"},\"image\":{\"@id\":\"https:\/\/softicated.com\/#\/schema\/logo\/image\/\"},\"sameAs\":[\"https:\/\/www.facebook.com\/Softicated\",\"https:\/\/www.pinterest.com\/softicateddesign\",\"https:\/\/www.instagram.com\/softicated.design\"]}]}<\/script>\n<!-- \/ Yoast SEO Premium plugin. -->","yoast_head_json":{"title":"Modernes Tagesbett - Belvedere - Softicated","description":"Le lit de jour Belvedere est donc utile pour la relaxation, le repos, la r\u00eaverie ou la contemplation. Ses courbes sont asym\u00e9triques et douces.","robots":{"index":"index","follow":"follow","max-snippet":"max-snippet:-1","max-image-preview":"max-image-preview:large","max-video-preview":"max-video-preview:-1"},"canonical":"https:\/\/softicated.com\/de\/produit\/lit-de-jour-softicated\/","og_locale":"de_DE","og_type":"article","og_title":"Lit de jour moderne - Belvedere","og_description":"Le lit de jour Belvedere est donc utile pour la relaxation, le repos, la r\u00eaverie ou la contemplation. Ses courbes sont asym\u00e9triques et douces.","og_url":"https:\/\/softicated.com\/de\/produit\/lit-de-jour-softicated\/","og_site_name":"Softicated","article_publisher":"https:\/\/www.facebook.com\/Softicated","article_modified_time":"2026-03-12T11:26:17+00:00","og_image":[{"width":1800,"height":1800,"url":"https:\/\/softicated.com\/wp-content\/uploads\/2022\/12\/seating_belvedere_daybed-low_01-1.webp","type":"image\/webp"}],"twitter_card":"summary_large_image","schema":{"@context":"https:\/\/schema.org","@graph":[{"@type":"WebPage","@id":"https:\/\/softicated.com\/produit\/lit-de-jour-softicated\/","url":"https:\/\/softicated.com\/produit\/lit-de-jour-softicated\/","name":"Modernes Tagesbett - Belvedere - Softicated","isPartOf":{"@id":"https:\/\/softicated.com\/#website"},"primaryImageOfPage":{"@id":"https:\/\/softicated.com\/produit\/lit-de-jour-softicated\/#primaryimage"},"image":{"@id":"https:\/\/softicated.com\/produit\/lit-de-jour-softicated\/#primaryimage"},"thumbnailUrl":"https:\/\/softicated.com\/wp-content\/uploads\/2022\/12\/seating_belvedere_daybed-low_01-1.webp","datePublished":"2022-12-13T10:08:41+00:00","dateModified":"2026-03-12T11:26:17+00:00","description":"Le lit de jour Belvedere est donc utile pour la relaxation, le repos, la r\u00eaverie ou la contemplation. Ses courbes sont asym\u00e9triques et douces.","breadcrumb":{"@id":"https:\/\/softicated.com\/produit\/lit-de-jour-softicated\/#breadcrumb"},"inLanguage":"de-CH","potentialAction":[{"@type":"ReadAction","target":["https:\/\/softicated.com\/produit\/lit-de-jour-softicated\/"]}]},{"@type":"ImageObject","inLanguage":"de-CH","@id":"https:\/\/softicated.com\/produit\/lit-de-jour-softicated\/#primaryimage","url":"https:\/\/softicated.com\/wp-content\/uploads\/2022\/12\/seating_belvedere_daybed-low_01-1.webp","contentUrl":"https:\/\/softicated.com\/wp-content\/uploads\/2022\/12\/seating_belvedere_daybed-low_01-1.webp","width":1800,"height":1800,"caption":"Lit de jour"},{"@type":"BreadcrumbList","@id":"https:\/\/softicated.com\/produit\/lit-de-jour-softicated\/#breadcrumb","itemListElement":[{"@type":"ListItem","position":1,"name":"Accueil","item":"https:\/\/softicated.com\/"},{"@type":"ListItem","position":2,"name":"Produits Mobilier Premium Softicated","item":"https:\/\/softicated.com\/produits\/"},{"@type":"ListItem","position":3,"name":"Assise design","item":"https:\/\/softicated.com\/categorie-produit\/assises\/"},{"@type":"ListItem","position":4,"name":"Lit de jour Belvedere","item":"https:\/\/softicated.com\/categorie-produit\/assises\/lit-de-jour-belvedere\/"},{"@type":"ListItem","position":5,"name":"Lit de jour modern belvedere"}]},{"@type":"WebSite","@id":"https:\/\/softicated.com\/#website","url":"https:\/\/softicated.com\/","name":"Softicated","description":"Sch\u00f6pfer hochwertiger M\u00f6bel, Leuchten und Teppiche","publisher":{"@id":"https:\/\/softicated.com\/#organization"},"potentialAction":[{"@type":"SearchAction","target":{"@type":"EntryPoint","urlTemplate":"https:\/\/softicated.com\/?s={search_term_string}"},"query-input":{"@type":"PropertyValueSpecification","valueRequired":true,"valueName":"search_term_string"}}],"inLanguage":"de-CH"},{"@type":"Organization","@id":"https:\/\/softicated.com\/#organization","name":"Softicated","url":"https:\/\/softicated.com\/","logo":{"@type":"ImageObject","inLanguage":"de-CH","@id":"https:\/\/softicated.com\/#\/schema\/logo\/image\/","url":"https:\/\/softicated.com\/wp-content\/uploads\/2025\/11\/logo-dark-2.svg","contentUrl":"https:\/\/softicated.com\/wp-content\/uploads\/2025\/11\/logo-dark-2.svg","caption":"Softicated"},"image":{"@id":"https:\/\/softicated.com\/#\/schema\/logo\/image\/"},"sameAs":["https:\/\/www.facebook.com\/Softicated","https:\/\/www.pinterest.com\/softicateddesign","https:\/\/www.instagram.com\/softicated.design"]}]}},"_links":{"self":[{"href":"https:\/\/softicated.com\/de\/wp-json\/wp\/v2\/product\/10584","targetHints":{"allow":["GET"]}}],"collection":[{"href":"https:\/\/softicated.com\/de\/wp-json\/wp\/v2\/product"}],"about":[{"href":"https:\/\/softicated.com\/de\/wp-json\/wp\/v2\/types\/product"}],"replies":[{"embeddable":true,"href":"https:\/\/softicated.com\/de\/wp-json\/wp\/v2\/comments?post=10584"}],"wp:featuredmedia":[{"embeddable":true,"href":"https:\/\/softicated.com\/de\/wp-json\/wp\/v2\/media\/12180"}],"wp:attachment":[{"href":"https:\/\/softicated.com\/de\/wp-json\/wp\/v2\/media?parent=10584"}],"wp:term":[{"taxonomy":"product_brand","embeddable":true,"href":"https:\/\/softicated.com\/de\/wp-json\/wp\/v2\/product_brand?post=10584"},{"taxonomy":"product_cat","embeddable":true,"href":"https:\/\/softicated.com\/de\/wp-json\/wp\/v2\/product_cat?post=10584"},{"taxonomy":"product_tag","embeddable":true,"href":"https:\/\/softicated.com\/de\/wp-json\/wp\/v2\/product_tag?post=10584"},{"taxonomy":"collections","embeddable":true,"href":"https:\/\/softicated.com\/de\/wp-json\/wp\/v2\/collections?post=10584"},{"taxonomy":"awards","embeddable":true,"href":"https:\/\/softicated.com\/de\/wp-json\/wp\/v2\/awards?post=10584"},{"taxonomy":"by_color","embeddable":true,"href":"https:\/\/softicated.com\/de\/wp-json\/wp\/v2\/by_color?post=10584"}],"curies":[{"name":"wp","href":"https:\/\/api.w.org\/{rel}","templated":true}]}}