{"id":2108,"date":"2021-02-25T16:30:20","date_gmt":"2021-02-25T15:30:20","guid":{"rendered":"https:\/\/softicated.com\/?page_id=2108"},"modified":"2026-04-03T11:12:55","modified_gmt":"2026-04-03T09:12:55","slug":"notre-mission-notre-vision","status":"publish","type":"page","link":"https:\/\/softicated.com\/de\/qui-sommes-nous\/notre-mission-notre-vision\/","title":{"rendered":"Unsere Mission Unsere Vision"},"content":{"rendered":"<div class=\"wp-block-md-multipurpose-gutenberg-block is-block-center\">\n<div class=\"wp-block-md-multipurpose-gutenberg-block is-block-center has-background-size space\" style=\"background-color:#1d3045;background-position:top\">\n<div class=\"wp-block-md-multipurpose-gutenberg-block is-block-center wrap\">\n<h1 class=\"wp-block-heading has-text-align-center has-white-color has-text-color has-link-color wp-elements-a4d2424cfeb24f2ee40a613e8dbaedf3\" id=\"h-nos-mission-amp-vision\">Unsere Mission und Vision<\/h1>\n<\/div>\n<\/div>\n<\/div>\n\n\n\n<div class=\"wp-block-md-multipurpose-gutenberg-block is-block-center space our-mission\">\n<div class=\"wp-block-columns wrap is-layout-flex wp-container-core-columns-is-layout-9d6595d7 wp-block-columns-is-layout-flex\">\n<div class=\"wp-block-column is-layout-flow wp-block-column-is-layout-flow\">\n<h2 class=\"wp-block-heading has-text-align-left translation-block\" id=\"h-notre-mission\" style=\"font-style:normal;font-weight:600\">Unsere Mission<\/h2>\n\n\n\n<p class=\"translation-block\">Sir schaffen und bieten \"Lebenskunst\" Premium-M\u00f6bel, Lampen und Teppiche f\u00fcr den Innenbereich an. Unsere M\u00f6bel, Lampen und Teppiche sind n\u00fctzliche und komfortable St\u00fccke von zeitloser Eleganz, handwerklich (oder halbhandwerklich) gefertigt, f\u00fcr Privatpersonen, Architekten, Innenarchitekten und Dekorateure bestimmt.<\/p>\n\n\n\n<p class=\"translation-block\">Durch unsere M\u00f6bel, Lampen und Teppiche, die Emotion, Authentizit\u00e4t und Moderne vereinen, tragen wir wesentlich zum Wohlbefinden und Komfort in klassischen und modernen Innenr\u00e4umen bei, damit sich der Kunde in seinem Zuhause wohlf\u00fchlt.<\/p>\n\n\n\n<p class=\"translation-block\">Unsere St\u00fccke bringen Inspiration und k\u00fcnstlerische Kreation f\u00fcr Privatpersonen, Architekten, Innenarchitekten und Dekorateure, die private und professionelle Innenr\u00e4ume versch\u00f6nern.<\/p>\n<\/div>\n\n\n\n<div class=\"wp-block-column is-layout-flow wp-block-column-is-layout-flow\">\n<figure class=\"wp-block-image size-full\"><a href=\"https:\/\/softicated.com\/wp-content\/uploads\/2026\/04\/mission.avif\" data-lbwps-width=\"4200\" data-lbwps-height=\"2800\" data-lbwps-srcsmall=\"https:\/\/softicated.com\/wp-content\/uploads\/2026\/04\/mission.avif\"><img decoding=\"async\" width=\"4200\" height=\"2800\" src=\"https:\/\/softicated.com\/wp-content\/uploads\/2026\/04\/mission.avif\" alt=\"Unsere Mission\" class=\"wp-image-15328\"\/><\/a><\/figure>\n<\/div>\n<\/div>\n<\/div>\n\n\n\n<div class=\"wp-block-md-multipurpose-gutenberg-block is-block-center\" style=\"background-color:#1d3045\">\n<div class=\"wp-block-md-multipurpose-gutenberg-block is-block-center wrap green-card\">\n<h2 class=\"wp-block-heading has-text-align-center has-white-color has-text-color has-link-color wp-elements-b206b8689579bcdc2c38533dbbbfbec5\" id=\"h-we-create-thoughtfully-designed-furniture-and-lighting-that-combine-creativity-comfort-and-quality\" style=\"font-style:normal;font-weight:400\">We create thoughtfully designed furniture and lighting that combine creativity, comfort, and quality.<\/h2>\n\n\n\n<div class=\"wp-block-buttons is-content-justification-center is-layout-flex wp-container-core-buttons-is-layout-16018d1d wp-block-buttons-is-layout-flex\">\n<div class=\"wp-block-button\"><a class=\"wp-block-button__link wp-element-button\" href=\"#\">Unsere Werte<\/a><\/div>\n<\/div>\n<\/div>\n<\/div>\n\n\n\n<div class=\"wp-block-md-multipurpose-gutenberg-block is-block-center space our-mission\">\n<div class=\"wp-block-columns wrap is-layout-flex wp-container-core-columns-is-layout-9d6595d7 wp-block-columns-is-layout-flex\">\n<div class=\"wp-block-column is-layout-flow wp-block-column-is-layout-flow\">\n<figure class=\"wp-block-image size-full\"><a href=\"https:\/\/softicated.com\/wp-content\/uploads\/2026\/04\/vision.avif\" data-lbwps-width=\"7000\" data-lbwps-height=\"4667\" data-lbwps-srcsmall=\"https:\/\/softicated.com\/wp-content\/uploads\/2026\/04\/vision.avif\"><img decoding=\"async\" width=\"7000\" height=\"4667\" src=\"https:\/\/softicated.com\/wp-content\/uploads\/2026\/04\/vision.avif\" alt=\"Notre vision\" class=\"wp-image-15329\"\/><\/a><\/figure>\n<\/div>\n\n\n\n<div class=\"wp-block-column is-layout-flow wp-block-column-is-layout-flow\">\n<h2 class=\"wp-block-heading has-text-align-left translation-block\" id=\"h-notre-vision\" style=\"font-style:normal;font-weight:600\">Unsere Vision<\/h2>\n\n\n\n<p class=\"translation-block\">Wir streben danach, eine bevorzugte Marke f\u00fcr Privatpersonen zu werden und ein privilegierter Partner f\u00fcr Architekten, Innenarchitekten und Dekorateure bei der erfolgreichen Umsetzung ihrer Innenraumprojekte zu sein.<\/p>\n\n\n\n<p>By combining craftsmanship, quality materials, and careful attention to detail, we seek to create collections that stand the test of time. Our goal is not to follow trends, but to offer enduring pieces that integrate naturally into a wide range of interior styles, from classic to contemporary.<\/p>\n\n\n\n<p>As we evolve, we remain committed to responsible practices, long-term thinking, and respect for the people and environments connected to our work. We strive to build a brand that is trusted, inspiring, and valued for its contribution to meaningful and well-designed interiors.<\/p>\n<\/div>\n<\/div>\n<\/div>","protected":false},"excerpt":{"rendered":"","protected":false},"author":4,"featured_media":0,"parent":19,"menu_order":0,"comment_status":"closed","ping_status":"closed","template":"template-parts\/home-page.php","meta":{"_acf_changed":false,"footnotes":""},"class_list":["post-2108","page","type-page","status-publish","hentry"],"acf":[],"yoast_head":"<!-- This site is optimized with the Yoast SEO Premium plugin v25.7.1 (Yoast SEO v26.9) - https:\/\/yoast.com\/product\/yoast-seo-premium-wordpress\/ -->\n<title>Notre mission notre vision - Softicated<\/title>\n<meta name=\"description\" content=\"Nous cr\u00e9ons et proposons des meubles, des luminaires et des tapis \u201cart de vivre\u201d premium pour l\u2019int\u00e9rieur, utiles et confortables.\" \/>\n<meta name=\"robots\" content=\"index, follow, max-snippet:-1, max-image-preview:large, max-video-preview:-1\" \/>\n<link rel=\"canonical\" href=\"https:\/\/softicated.com\/de\/qui-sommes-nous\/notre-mission-notre-vision\/\" \/>\n<meta property=\"og:locale\" content=\"de_DE\" \/>\n<meta property=\"og:type\" content=\"article\" \/>\n<meta property=\"og:title\" content=\"Notre mission notre vision\" \/>\n<meta property=\"og:description\" content=\"Nous cr\u00e9ons et proposons des meubles, des luminaires et des tapis \u201cart de vivre\u201d premium pour l\u2019int\u00e9rieur, utiles et confortables.\" \/>\n<meta property=\"og:url\" content=\"https:\/\/softicated.com\/de\/qui-sommes-nous\/notre-mission-notre-vision\/\" \/>\n<meta property=\"og:site_name\" content=\"Softicated\" \/>\n<meta property=\"article:publisher\" content=\"https:\/\/www.facebook.com\/Softicated\" \/>\n<meta property=\"article:modified_time\" content=\"2026-04-03T09:12:55+00:00\" \/>\n<meta name=\"twitter:card\" content=\"summary_large_image\" \/>\n<script type=\"application\/ld+json\" class=\"yoast-schema-graph\">{\"@context\":\"https:\/\/schema.org\",\"@graph\":[{\"@type\":\"WebPage\",\"@id\":\"https:\/\/softicated.com\/qui-sommes-nous\/notre-mission-notre-vision\/\",\"url\":\"https:\/\/softicated.com\/qui-sommes-nous\/notre-mission-notre-vision\/\",\"name\":\"Notre mission notre vision - Softicated\",\"isPartOf\":{\"@id\":\"https:\/\/softicated.com\/#website\"},\"primaryImageOfPage\":{\"@id\":\"https:\/\/softicated.com\/qui-sommes-nous\/notre-mission-notre-vision\/#primaryimage\"},\"image\":{\"@id\":\"https:\/\/softicated.com\/qui-sommes-nous\/notre-mission-notre-vision\/#primaryimage\"},\"thumbnailUrl\":\"https:\/\/softicated.com\/wp-content\/uploads\/2026\/04\/mission.avif\",\"datePublished\":\"2021-02-25T15:30:20+00:00\",\"dateModified\":\"2026-04-03T09:12:55+00:00\",\"description\":\"Nous cr\u00e9ons et proposons des meubles, des luminaires et des tapis \u201cart de vivre\u201d premium pour l\u2019int\u00e9rieur, utiles et confortables.\",\"breadcrumb\":{\"@id\":\"https:\/\/softicated.com\/qui-sommes-nous\/notre-mission-notre-vision\/#breadcrumb\"},\"inLanguage\":\"de-CH\",\"potentialAction\":[{\"@type\":\"ReadAction\",\"target\":[\"https:\/\/softicated.com\/qui-sommes-nous\/notre-mission-notre-vision\/\"]}]},{\"@type\":\"ImageObject\",\"inLanguage\":\"de-CH\",\"@id\":\"https:\/\/softicated.com\/qui-sommes-nous\/notre-mission-notre-vision\/#primaryimage\",\"url\":\"https:\/\/softicated.com\/wp-content\/uploads\/2026\/04\/mission.avif\",\"contentUrl\":\"https:\/\/softicated.com\/wp-content\/uploads\/2026\/04\/mission.avif\"},{\"@type\":\"BreadcrumbList\",\"@id\":\"https:\/\/softicated.com\/qui-sommes-nous\/notre-mission-notre-vision\/#breadcrumb\",\"itemListElement\":[{\"@type\":\"ListItem\",\"position\":1,\"name\":\"Accueil\",\"item\":\"https:\/\/softicated.com\/\"},{\"@type\":\"ListItem\",\"position\":2,\"name\":\"Editeur de mobilier luminaires et tapis suisse Softicated\",\"item\":\"https:\/\/softicated.com\/qui-sommes-nous\/\"},{\"@type\":\"ListItem\",\"position\":3,\"name\":\"Notre mission notre vision\"}]},{\"@type\":\"WebSite\",\"@id\":\"https:\/\/softicated.com\/#website\",\"url\":\"https:\/\/softicated.com\/\",\"name\":\"Softicated\",\"description\":\"Cr\u00e9ateur de meubles, luminaires et tapis premium\",\"publisher\":{\"@id\":\"https:\/\/softicated.com\/#organization\"},\"potentialAction\":[{\"@type\":\"SearchAction\",\"target\":{\"@type\":\"EntryPoint\",\"urlTemplate\":\"https:\/\/softicated.com\/?s={search_term_string}\"},\"query-input\":{\"@type\":\"PropertyValueSpecification\",\"valueRequired\":true,\"valueName\":\"search_term_string\"}}],\"inLanguage\":\"de-CH\"},{\"@type\":\"Organization\",\"@id\":\"https:\/\/softicated.com\/#organization\",\"name\":\"Softicated\",\"url\":\"https:\/\/softicated.com\/\",\"logo\":{\"@type\":\"ImageObject\",\"inLanguage\":\"de-CH\",\"@id\":\"https:\/\/softicated.com\/#\/schema\/logo\/image\/\",\"url\":\"https:\/\/softicated.com\/wp-content\/uploads\/2025\/11\/logo-dark-2.svg\",\"contentUrl\":\"https:\/\/softicated.com\/wp-content\/uploads\/2025\/11\/logo-dark-2.svg\",\"caption\":\"Softicated\"},\"image\":{\"@id\":\"https:\/\/softicated.com\/#\/schema\/logo\/image\/\"},\"sameAs\":[\"https:\/\/www.facebook.com\/Softicated\",\"https:\/\/www.pinterest.com\/softicateddesign\",\"https:\/\/www.instagram.com\/softicated.design\"]}]}<\/script>\n<!-- \/ Yoast SEO Premium plugin. -->","yoast_head_json":{"title":"Unsere Mission, unsere Vision \u2013 Softicated","description":"Nous cr\u00e9ons et proposons des meubles, des luminaires et des tapis \u201cart de vivre\u201d premium pour l\u2019int\u00e9rieur, utiles et confortables.","robots":{"index":"index","follow":"follow","max-snippet":"max-snippet:-1","max-image-preview":"max-image-preview:large","max-video-preview":"max-video-preview:-1"},"canonical":"https:\/\/softicated.com\/de\/qui-sommes-nous\/notre-mission-notre-vision\/","og_locale":"de_DE","og_type":"article","og_title":"Notre mission notre vision","og_description":"Nous cr\u00e9ons et proposons des meubles, des luminaires et des tapis \u201cart de vivre\u201d premium pour l\u2019int\u00e9rieur, utiles et confortables.","og_url":"https:\/\/softicated.com\/de\/qui-sommes-nous\/notre-mission-notre-vision\/","og_site_name":"Softicated","article_publisher":"https:\/\/www.facebook.com\/Softicated","article_modified_time":"2026-04-03T09:12:55+00:00","twitter_card":"summary_large_image","schema":{"@context":"https:\/\/schema.org","@graph":[{"@type":"WebPage","@id":"https:\/\/softicated.com\/qui-sommes-nous\/notre-mission-notre-vision\/","url":"https:\/\/softicated.com\/qui-sommes-nous\/notre-mission-notre-vision\/","name":"Unsere Mission, unsere Vision \u2013 Softicated","isPartOf":{"@id":"https:\/\/softicated.com\/#website"},"primaryImageOfPage":{"@id":"https:\/\/softicated.com\/qui-sommes-nous\/notre-mission-notre-vision\/#primaryimage"},"image":{"@id":"https:\/\/softicated.com\/qui-sommes-nous\/notre-mission-notre-vision\/#primaryimage"},"thumbnailUrl":"https:\/\/softicated.com\/wp-content\/uploads\/2026\/04\/mission.avif","datePublished":"2021-02-25T15:30:20+00:00","dateModified":"2026-04-03T09:12:55+00:00","description":"Nous cr\u00e9ons et proposons des meubles, des luminaires et des tapis \u201cart de vivre\u201d premium pour l\u2019int\u00e9rieur, utiles et confortables.","breadcrumb":{"@id":"https:\/\/softicated.com\/qui-sommes-nous\/notre-mission-notre-vision\/#breadcrumb"},"inLanguage":"de-CH","potentialAction":[{"@type":"ReadAction","target":["https:\/\/softicated.com\/qui-sommes-nous\/notre-mission-notre-vision\/"]}]},{"@type":"ImageObject","inLanguage":"de-CH","@id":"https:\/\/softicated.com\/qui-sommes-nous\/notre-mission-notre-vision\/#primaryimage","url":"https:\/\/softicated.com\/wp-content\/uploads\/2026\/04\/mission.avif","contentUrl":"https:\/\/softicated.com\/wp-content\/uploads\/2026\/04\/mission.avif"},{"@type":"BreadcrumbList","@id":"https:\/\/softicated.com\/qui-sommes-nous\/notre-mission-notre-vision\/#breadcrumb","itemListElement":[{"@type":"ListItem","position":1,"name":"Accueil","item":"https:\/\/softicated.com\/"},{"@type":"ListItem","position":2,"name":"Editeur de mobilier luminaires et tapis suisse Softicated","item":"https:\/\/softicated.com\/qui-sommes-nous\/"},{"@type":"ListItem","position":3,"name":"Notre mission notre vision"}]},{"@type":"WebSite","@id":"https:\/\/softicated.com\/#website","url":"https:\/\/softicated.com\/","name":"Softicated","description":"Sch\u00f6pfer hochwertiger M\u00f6bel, Leuchten und Teppiche","publisher":{"@id":"https:\/\/softicated.com\/#organization"},"potentialAction":[{"@type":"SearchAction","target":{"@type":"EntryPoint","urlTemplate":"https:\/\/softicated.com\/?s={search_term_string}"},"query-input":{"@type":"PropertyValueSpecification","valueRequired":true,"valueName":"search_term_string"}}],"inLanguage":"de-CH"},{"@type":"Organization","@id":"https:\/\/softicated.com\/#organization","name":"Softicated","url":"https:\/\/softicated.com\/","logo":{"@type":"ImageObject","inLanguage":"de-CH","@id":"https:\/\/softicated.com\/#\/schema\/logo\/image\/","url":"https:\/\/softicated.com\/wp-content\/uploads\/2025\/11\/logo-dark-2.svg","contentUrl":"https:\/\/softicated.com\/wp-content\/uploads\/2025\/11\/logo-dark-2.svg","caption":"Softicated"},"image":{"@id":"https:\/\/softicated.com\/#\/schema\/logo\/image\/"},"sameAs":["https:\/\/www.facebook.com\/Softicated","https:\/\/www.pinterest.com\/softicateddesign","https:\/\/www.instagram.com\/softicated.design"]}]}},"_links":{"self":[{"href":"https:\/\/softicated.com\/de\/wp-json\/wp\/v2\/pages\/2108","targetHints":{"allow":["GET"]}}],"collection":[{"href":"https:\/\/softicated.com\/de\/wp-json\/wp\/v2\/pages"}],"about":[{"href":"https:\/\/softicated.com\/de\/wp-json\/wp\/v2\/types\/page"}],"author":[{"embeddable":true,"href":"https:\/\/softicated.com\/de\/wp-json\/wp\/v2\/users\/4"}],"replies":[{"embeddable":true,"href":"https:\/\/softicated.com\/de\/wp-json\/wp\/v2\/comments?post=2108"}],"version-history":[{"count":26,"href":"https:\/\/softicated.com\/de\/wp-json\/wp\/v2\/pages\/2108\/revisions"}],"predecessor-version":[{"id":15331,"href":"https:\/\/softicated.com\/de\/wp-json\/wp\/v2\/pages\/2108\/revisions\/15331"}],"up":[{"embeddable":true,"href":"https:\/\/softicated.com\/de\/wp-json\/wp\/v2\/pages\/19"}],"wp:attachment":[{"href":"https:\/\/softicated.com\/de\/wp-json\/wp\/v2\/media?parent=2108"}],"curies":[{"name":"wp","href":"https:\/\/api.w.org\/{rel}","templated":true}]}}