{"id":2104,"date":"2021-02-25T16:29:55","date_gmt":"2021-02-25T15:29:55","guid":{"rendered":"https:\/\/softicated.com\/?page_id=2104"},"modified":"2026-02-09T21:13:18","modified_gmt":"2026-02-09T20:13:18","slug":"cyril-rumpler","status":"publish","type":"page","link":"https:\/\/softicated.com\/de\/qui-sommes-nous\/cyril-rumpler\/","title":{"rendered":"Cyril Rumpler, designer de mobilier, luminaires et tapis Suisse"},"content":{"rendered":"<div class=\"wp-block-md-multipurpose-gutenberg-block is-block-center about-me\">\n<div class=\"wp-block-columns is-layout-flex wp-container-core-columns-is-layout-9d6595d7 wp-block-columns-is-layout-flex\">\n<div class=\"wp-block-column space has-background is-layout-flow wp-block-column-is-layout-flow\" style=\"background-color:#1d3045;flex-basis:55%\">\n<h1 class=\"wp-block-heading has-text-align-left has-white-color has-text-color has-link-color wp-elements-57e48f18087e68160eedae9f377a2c2e\">Cyril Rumpler<\/h1>\n\n\n\n<p class=\"has-text-align-left has-white-color has-text-color has-link-color wp-elements-4b496cd08847eb2376b263b217b73675\">Autodidakt, Cyril Rumpler betrat die Welt der M\u00f6belgestaltung durch die sch\u00f6nste aller T\u00fcren: die des Traums! Er verbrachte seine gesamte Karriere damit, Verpackungen f\u00fcr die Pharmaindustrie zu f\u00f6rdern. Fasziniert von der Wirkung eines Objekts auf die Stimmung und Gef\u00fchle des K\u00e4ufers, entwarf er in seiner Freizeit Objekte, die die Kraft h\u00e4tten, die Menschen gl\u00fccklich zu machen: Teppiche, Lampen und Sitzm\u00f6bel. Vor einigen Jahren, nach einem Unfall, beschleunigte er sein Schicksal und widmete sich seiner Leidenschaft in Vollzeit, indem er Softicated gr\u00fcndete \u2013 die Marke, die die Menschen im Inneren und in ihrem Zuhause gl\u00fccklich macht.<\/p>\n\n\n\n<h2 class=\"wp-block-heading has-text-align-left has-white-color has-text-color has-link-color wp-elements-1e4a52d6e145928dac5e23817c5ece35 translation-block\" style=\"font-style:normal;font-weight:600\">Kreation, <br>Stil und Emotionen<\/h2>\n\n\n\n<p class=\"has-text-align-left has-white-color has-text-color has-link-color wp-elements-2cc36896b6899b11ada31ece2d94e4b1\">Jede Kreation beginnt mit einem Strich, einer Kurve. Genau hier findet Cyril Rumpler seine Inspiration. Sie entspringt der Reduktion, einer pers\u00f6nlichen Perspektive, die sich formt \u2013 nicht aus der Nachahmung eines Meisters oder eines bestimmten Stils. Der Ausgangspunkt ist die Gestaltung des Materials, um ein Gef\u00fchl von Ruhe, Ausgeglichenheit, Harmonie und Komfort zu schaffen \u2013 mit gro\u00dfz\u00fcgigen, beruhigenden Proportionen. Aber das ist nicht alles\u2026 Auch eine Emotion, ein Erwachen der Sinne, str\u00f6mt aus diesen Objekten hervor, die durch einzigartige Details in jeder Kreation beeindrucken.<\/p>\n\n\n\n<p class=\"has-text-align-left has-white-color has-text-color has-link-color wp-elements-3a4b951ead4b44145edd1ed9313808a2\">\" Man kann verweilen und stets etwas Interessantes entdecken, aus jedem Blickwinkel \u2013 sogar aus dem am wenigsten sichtbaren. Das ist es, was diesen Objekten Pers\u00f6nlichkeit verleiht.\"<\/p>\n\n\n\n<h2 class=\"wp-block-heading has-text-align-left has-white-color has-text-color has-link-color wp-elements-fc598fed591773865fd84771417f4acf translation-block\" style=\"font-style:normal;font-weight:600\">Nachhaltige Entwicklung<\/h2>\n\n\n\n<p class=\"has-text-align-left has-white-color has-text-color has-link-color wp-elements-16964c5457a3fa269249995c4d9cd1fc\">\"Ich w\u00fcnsche mir, dass eine echte Verbindung zwischen den Objekten und denen entsteht, die sie kaufen, dass sie zu Ankerpunkten in zunehmend hektischen und komplizierten Leben werden\"... Cyril Rumpler hat sich immer eine Verantwortung im Bereich nachhaltige Entwicklung und Recycling von Materialien bewusst gef\u00fchlt. Die Begrenzung der Anzahl von Herstellungsschritten eines Objekts und das Recycling sind wesentliche Bestandteile seiner Design- und Fertigungsvorgaben. Entworfen mit minimalem Materialeinsatz und ohne Mischmaterialien: Holz, Glas, Stahl, von Handwerkern, die hochwertige Objekte herstellen, mit einer langen Lebensdauer von M\u00f6beln, die repariert und renoviert werden k\u00f6nnen.<\/p>\n<\/div>\n\n\n\n<div class=\"wp-block-column is-layout-flow wp-block-column-is-layout-flow\" style=\"flex-basis:45%\">\n<figure class=\"wp-block-image size-large\"><img decoding=\"async\" width=\"650\" height=\"800\" src=\"https:\/\/softicated.com\/wp-content\/uploads\/2025\/12\/cyril-rumpler-1-650x800.jpg\" alt=\"cyril-rumpler\" class=\"wp-image-14779\" srcset=\"https:\/\/softicated.com\/wp-content\/uploads\/2025\/12\/cyril-rumpler-1-650x800.jpg 650w, https:\/\/softicated.com\/wp-content\/uploads\/2025\/12\/cyril-rumpler-1-244x300.jpg 244w, https:\/\/softicated.com\/wp-content\/uploads\/2025\/12\/cyril-rumpler-1-768x945.jpg 768w, https:\/\/softicated.com\/wp-content\/uploads\/2025\/12\/cyril-rumpler-1-1249x1536.jpg 1249w, https:\/\/softicated.com\/wp-content\/uploads\/2025\/12\/cyril-rumpler-1-10x12.jpg 10w, https:\/\/softicated.com\/wp-content\/uploads\/2025\/12\/cyril-rumpler-1-600x738.jpg 600w, https:\/\/softicated.com\/wp-content\/uploads\/2025\/12\/cyril-rumpler-1.jpg 1300w\" sizes=\"(max-width: 650px) 100vw, 650px\" \/><\/figure>\n<\/div>\n<\/div>\n<\/div>","protected":false},"excerpt":{"rendered":"","protected":false},"author":4,"featured_media":0,"parent":19,"menu_order":0,"comment_status":"closed","ping_status":"closed","template":"template-parts\/home-page.php","meta":{"_acf_changed":false,"footnotes":""},"class_list":["post-2104","page","type-page","status-publish","hentry"],"acf":[],"yoast_head":"<!-- This site is optimized with the Yoast SEO Premium plugin v25.7.1 (Yoast SEO v26.9) - https:\/\/yoast.com\/product\/yoast-seo-premium-wordpress\/ -->\n<title>Cyril Rumpler designer de mobilier, luminaire et tapis FrancoSuisse- Softicated<\/title>\n<meta name=\"description\" content=\"Autodidacte, Cyril Rumpler est entr\u00e9 dans la cr\u00e9ation de meubles par la plus belle des portes : celle du r\u00eave !\" \/>\n<meta name=\"robots\" content=\"index, follow, max-snippet:-1, max-image-preview:large, max-video-preview:-1\" \/>\n<link rel=\"canonical\" href=\"https:\/\/softicated.com\/de\/qui-sommes-nous\/cyril-rumpler\/\" \/>\n<meta property=\"og:locale\" content=\"de_DE\" \/>\n<meta property=\"og:type\" content=\"article\" \/>\n<meta property=\"og:title\" content=\"Cyril Rumpler, designer de mobilier, luminaires et tapis Suisse\" \/>\n<meta property=\"og:description\" content=\"Autodidacte, Cyril Rumpler est entr\u00e9 dans la cr\u00e9ation de meubles par la plus belle des portes : celle du r\u00eave !\" \/>\n<meta property=\"og:url\" content=\"https:\/\/softicated.com\/de\/qui-sommes-nous\/cyril-rumpler\/\" \/>\n<meta property=\"og:site_name\" content=\"Softicated\" \/>\n<meta property=\"article:publisher\" content=\"https:\/\/www.facebook.com\/Softicated\" \/>\n<meta property=\"article:modified_time\" content=\"2026-02-09T20:13:18+00:00\" \/>\n<meta property=\"og:image\" content=\"https:\/\/softicated.com\/wp-content\/uploads\/2025\/12\/cyril-rumpler-1.jpg\" \/>\n\t<meta property=\"og:image:width\" content=\"1300\" \/>\n\t<meta property=\"og:image:height\" content=\"1599\" \/>\n\t<meta property=\"og:image:type\" content=\"image\/jpeg\" \/>\n<meta name=\"twitter:card\" content=\"summary_large_image\" \/>\n<script type=\"application\/ld+json\" class=\"yoast-schema-graph\">{\"@context\":\"https:\/\/schema.org\",\"@graph\":[{\"@type\":\"WebPage\",\"@id\":\"https:\/\/softicated.com\/qui-sommes-nous\/cyril-rumpler\/\",\"url\":\"https:\/\/softicated.com\/qui-sommes-nous\/cyril-rumpler\/\",\"name\":\"Cyril Rumpler designer de mobilier, luminaire et tapis FrancoSuisse- Softicated\",\"isPartOf\":{\"@id\":\"https:\/\/softicated.com\/#website\"},\"primaryImageOfPage\":{\"@id\":\"https:\/\/softicated.com\/qui-sommes-nous\/cyril-rumpler\/#primaryimage\"},\"image\":{\"@id\":\"https:\/\/softicated.com\/qui-sommes-nous\/cyril-rumpler\/#primaryimage\"},\"thumbnailUrl\":\"https:\/\/softicated.com\/wp-content\/uploads\/2025\/12\/cyril-rumpler-1-650x800.jpg\",\"datePublished\":\"2021-02-25T15:29:55+00:00\",\"dateModified\":\"2026-02-09T20:13:18+00:00\",\"description\":\"Autodidacte, Cyril Rumpler est entr\u00e9 dans la cr\u00e9ation de meubles par la plus belle des portes : celle du r\u00eave !\",\"breadcrumb\":{\"@id\":\"https:\/\/softicated.com\/qui-sommes-nous\/cyril-rumpler\/#breadcrumb\"},\"inLanguage\":\"de-CH\",\"potentialAction\":[{\"@type\":\"ReadAction\",\"target\":[\"https:\/\/softicated.com\/qui-sommes-nous\/cyril-rumpler\/\"]}]},{\"@type\":\"ImageObject\",\"inLanguage\":\"de-CH\",\"@id\":\"https:\/\/softicated.com\/qui-sommes-nous\/cyril-rumpler\/#primaryimage\",\"url\":\"https:\/\/softicated.com\/wp-content\/uploads\/2025\/12\/cyril-rumpler-1-650x800.jpg\",\"contentUrl\":\"https:\/\/softicated.com\/wp-content\/uploads\/2025\/12\/cyril-rumpler-1-650x800.jpg\"},{\"@type\":\"BreadcrumbList\",\"@id\":\"https:\/\/softicated.com\/qui-sommes-nous\/cyril-rumpler\/#breadcrumb\",\"itemListElement\":[{\"@type\":\"ListItem\",\"position\":1,\"name\":\"Accueil\",\"item\":\"https:\/\/softicated.com\/\"},{\"@type\":\"ListItem\",\"position\":2,\"name\":\"Editeur de mobilier luminaires et tapis suisse Softicated\",\"item\":\"https:\/\/softicated.com\/qui-sommes-nous\/\"},{\"@type\":\"ListItem\",\"position\":3,\"name\":\"Cyril Rumpler designer franco suisse\"}]},{\"@type\":\"WebSite\",\"@id\":\"https:\/\/softicated.com\/#website\",\"url\":\"https:\/\/softicated.com\/\",\"name\":\"Softicated\",\"description\":\"Cr\u00e9ateur de meubles, luminaires et tapis premium\",\"publisher\":{\"@id\":\"https:\/\/softicated.com\/#organization\"},\"potentialAction\":[{\"@type\":\"SearchAction\",\"target\":{\"@type\":\"EntryPoint\",\"urlTemplate\":\"https:\/\/softicated.com\/?s={search_term_string}\"},\"query-input\":{\"@type\":\"PropertyValueSpecification\",\"valueRequired\":true,\"valueName\":\"search_term_string\"}}],\"inLanguage\":\"de-CH\"},{\"@type\":\"Organization\",\"@id\":\"https:\/\/softicated.com\/#organization\",\"name\":\"Softicated\",\"url\":\"https:\/\/softicated.com\/\",\"logo\":{\"@type\":\"ImageObject\",\"inLanguage\":\"de-CH\",\"@id\":\"https:\/\/softicated.com\/#\/schema\/logo\/image\/\",\"url\":\"https:\/\/softicated.com\/wp-content\/uploads\/2025\/11\/logo-dark-2.svg\",\"contentUrl\":\"https:\/\/softicated.com\/wp-content\/uploads\/2025\/11\/logo-dark-2.svg\",\"caption\":\"Softicated\"},\"image\":{\"@id\":\"https:\/\/softicated.com\/#\/schema\/logo\/image\/\"},\"sameAs\":[\"https:\/\/www.facebook.com\/Softicated\",\"https:\/\/www.pinterest.com\/softicateddesign\",\"https:\/\/www.instagram.com\/softicated.design\"]}]}<\/script>\n<!-- \/ Yoast SEO Premium plugin. -->","yoast_head_json":{"title":"Cyril Rumpler designer de mobilier, luminaire et tapis FrancoSuisse- Softicated","description":"Autodidacte, Cyril Rumpler est entr\u00e9 dans la cr\u00e9ation de meubles par la plus belle des portes : celle du r\u00eave !","robots":{"index":"index","follow":"follow","max-snippet":"max-snippet:-1","max-image-preview":"max-image-preview:large","max-video-preview":"max-video-preview:-1"},"canonical":"https:\/\/softicated.com\/de\/qui-sommes-nous\/cyril-rumpler\/","og_locale":"de_DE","og_type":"article","og_title":"Cyril Rumpler, designer de mobilier, luminaires et tapis Suisse","og_description":"Autodidacte, Cyril Rumpler est entr\u00e9 dans la cr\u00e9ation de meubles par la plus belle des portes : celle du r\u00eave !","og_url":"https:\/\/softicated.com\/de\/qui-sommes-nous\/cyril-rumpler\/","og_site_name":"Softicated","article_publisher":"https:\/\/www.facebook.com\/Softicated","article_modified_time":"2026-02-09T20:13:18+00:00","og_image":[{"width":1300,"height":1599,"url":"https:\/\/softicated.com\/wp-content\/uploads\/2025\/12\/cyril-rumpler-1.jpg","type":"image\/jpeg"}],"twitter_card":"summary_large_image","schema":{"@context":"https:\/\/schema.org","@graph":[{"@type":"WebPage","@id":"https:\/\/softicated.com\/qui-sommes-nous\/cyril-rumpler\/","url":"https:\/\/softicated.com\/qui-sommes-nous\/cyril-rumpler\/","name":"Cyril Rumpler designer de mobilier, luminaire et tapis FrancoSuisse- Softicated","isPartOf":{"@id":"https:\/\/softicated.com\/#website"},"primaryImageOfPage":{"@id":"https:\/\/softicated.com\/qui-sommes-nous\/cyril-rumpler\/#primaryimage"},"image":{"@id":"https:\/\/softicated.com\/qui-sommes-nous\/cyril-rumpler\/#primaryimage"},"thumbnailUrl":"https:\/\/softicated.com\/wp-content\/uploads\/2025\/12\/cyril-rumpler-1-650x800.jpg","datePublished":"2021-02-25T15:29:55+00:00","dateModified":"2026-02-09T20:13:18+00:00","description":"Autodidacte, Cyril Rumpler est entr\u00e9 dans la cr\u00e9ation de meubles par la plus belle des portes : celle du r\u00eave !","breadcrumb":{"@id":"https:\/\/softicated.com\/qui-sommes-nous\/cyril-rumpler\/#breadcrumb"},"inLanguage":"de-CH","potentialAction":[{"@type":"ReadAction","target":["https:\/\/softicated.com\/qui-sommes-nous\/cyril-rumpler\/"]}]},{"@type":"ImageObject","inLanguage":"de-CH","@id":"https:\/\/softicated.com\/qui-sommes-nous\/cyril-rumpler\/#primaryimage","url":"https:\/\/softicated.com\/wp-content\/uploads\/2025\/12\/cyril-rumpler-1-650x800.jpg","contentUrl":"https:\/\/softicated.com\/wp-content\/uploads\/2025\/12\/cyril-rumpler-1-650x800.jpg"},{"@type":"BreadcrumbList","@id":"https:\/\/softicated.com\/qui-sommes-nous\/cyril-rumpler\/#breadcrumb","itemListElement":[{"@type":"ListItem","position":1,"name":"Accueil","item":"https:\/\/softicated.com\/"},{"@type":"ListItem","position":2,"name":"Editeur de mobilier luminaires et tapis suisse Softicated","item":"https:\/\/softicated.com\/qui-sommes-nous\/"},{"@type":"ListItem","position":3,"name":"Cyril Rumpler designer franco suisse"}]},{"@type":"WebSite","@id":"https:\/\/softicated.com\/#website","url":"https:\/\/softicated.com\/","name":"Softicated","description":"Sch\u00f6pfer hochwertiger M\u00f6bel, Leuchten und Teppiche","publisher":{"@id":"https:\/\/softicated.com\/#organization"},"potentialAction":[{"@type":"SearchAction","target":{"@type":"EntryPoint","urlTemplate":"https:\/\/softicated.com\/?s={search_term_string}"},"query-input":{"@type":"PropertyValueSpecification","valueRequired":true,"valueName":"search_term_string"}}],"inLanguage":"de-CH"},{"@type":"Organization","@id":"https:\/\/softicated.com\/#organization","name":"Softicated","url":"https:\/\/softicated.com\/","logo":{"@type":"ImageObject","inLanguage":"de-CH","@id":"https:\/\/softicated.com\/#\/schema\/logo\/image\/","url":"https:\/\/softicated.com\/wp-content\/uploads\/2025\/11\/logo-dark-2.svg","contentUrl":"https:\/\/softicated.com\/wp-content\/uploads\/2025\/11\/logo-dark-2.svg","caption":"Softicated"},"image":{"@id":"https:\/\/softicated.com\/#\/schema\/logo\/image\/"},"sameAs":["https:\/\/www.facebook.com\/Softicated","https:\/\/www.pinterest.com\/softicateddesign","https:\/\/www.instagram.com\/softicated.design"]}]}},"_links":{"self":[{"href":"https:\/\/softicated.com\/de\/wp-json\/wp\/v2\/pages\/2104","targetHints":{"allow":["GET"]}}],"collection":[{"href":"https:\/\/softicated.com\/de\/wp-json\/wp\/v2\/pages"}],"about":[{"href":"https:\/\/softicated.com\/de\/wp-json\/wp\/v2\/types\/page"}],"author":[{"embeddable":true,"href":"https:\/\/softicated.com\/de\/wp-json\/wp\/v2\/users\/4"}],"replies":[{"embeddable":true,"href":"https:\/\/softicated.com\/de\/wp-json\/wp\/v2\/comments?post=2104"}],"version-history":[{"count":32,"href":"https:\/\/softicated.com\/de\/wp-json\/wp\/v2\/pages\/2104\/revisions"}],"predecessor-version":[{"id":14988,"href":"https:\/\/softicated.com\/de\/wp-json\/wp\/v2\/pages\/2104\/revisions\/14988"}],"up":[{"embeddable":true,"href":"https:\/\/softicated.com\/de\/wp-json\/wp\/v2\/pages\/19"}],"wp:attachment":[{"href":"https:\/\/softicated.com\/de\/wp-json\/wp\/v2\/media?parent=2104"}],"curies":[{"name":"wp","href":"https:\/\/api.w.org\/{rel}","templated":true}]}}