{"id":1573,"date":"2021-02-09T15:11:42","date_gmt":"2021-02-09T14:11:42","guid":{"rendered":"https:\/\/softicated.com\/?page_id=1573"},"modified":"2026-01-17T07:30:53","modified_gmt":"2026-01-17T06:30:53","slug":"collections","status":"publish","type":"page","link":"https:\/\/softicated.com\/de\/collections\/","title":{"rendered":"Kollektionen"},"content":{"rendered":"<div class=\"wp-block-md-multipurpose-gutenberg-block is-block-center\">\n<div class=\"wp-block-md-multipurpose-gutenberg-block is-block-center has-background-size space\" style=\"background-color:#1d3045;background-position:top\">\n<div class=\"wp-block-md-multipurpose-gutenberg-block is-block-center wrap\" style=\"text-align:center\">\n<h1 class=\"wp-block-heading has-text-align-center has-white-color has-text-color has-link-color wp-elements-76bdadb93a17d5fe5dff0443c1228507\" id=\"h-collections\">Kollektionen<\/h1>\n\n\n<p class=\"breadcrumbs\" id=\"breadcrumbs\"><span><span><a href=\"https:\/\/softicated.com\/de\/\">Startseite<\/a><\/span><\/span><\/p>\n<\/div>\n<\/div>\n<\/div>\n\n\n\n<div class=\"wp-block-md-multipurpose-gutenberg-block is-block-center space collections-box\">\n<div class=\"wp-block-md-multipurpose-gutenberg-block is-block-center wrap\">\n<div class=\"wp-block-columns is-layout-flex wp-container-core-columns-is-layout-9d6595d7 wp-block-columns-is-layout-flex\">\n<div class=\"wp-block-column has-background is-layout-flow wp-block-column-is-layout-flow\" style=\"background-color:#f3f4f6\">\n<h2 class=\"wp-block-heading has-text-align-center\" id=\"h-ebb-amp-flow\">Ebb &amp; Flow<\/h2>\n\n\n\n<p class=\"has-text-align-center\">\u201eHier hat der Mensch versucht, die nat\u00fcrliche Erosion nachzubilden, die oft die sch\u00f6nsten Skulpturen hervorbringt, wobei Zeit und Ausdauer seine einzigen Werkzeuge sind.\u201c<\/p>\n\n\n\n<h3 class=\"wp-block-heading has-text-align-center\" id=\"h-collection\"><a href=\"\/de\/collections\/ebb-flow\/\">Kollektion<\/a><\/h3>\n<\/div>\n\n\n\n<div class=\"wp-block-column has-background is-layout-flow wp-block-column-is-layout-flow\" style=\"background-color:#f9f2de\">\n<h2 class=\"wp-block-heading has-text-align-center\" id=\"h-gustav\">Gustav<\/h2>\n\n\n\n<p class=\"has-text-align-center\">\u201cDie F\u00fc\u00dfe sind wie Springbock-Hufe gestaltet, mit Unregelm\u00e4\u00dfigkeiten, die ihnen einen einzigartigen Charakter verleihen.\u201d<\/p>\n\n\n\n<h3 class=\"wp-block-heading has-text-align-center\" id=\"h-collection-0\"><a href=\"\/de\/collections\/gustav\/\">Kollektion<\/a><\/h3>\n<\/div>\n<\/div>\n\n\n\n<div class=\"wp-block-columns is-layout-flex wp-container-core-columns-is-layout-9d6595d7 wp-block-columns-is-layout-flex\">\n<div class=\"wp-block-column has-background is-layout-flow wp-block-column-is-layout-flow\" style=\"background-color:#f9f2de\">\n<h2 class=\"wp-block-heading has-text-align-center\" id=\"h-hey-hello\">Hey hello<\/h2>\n\n\n\n<p class=\"has-text-align-center\">\u201eDie Konsolen sind als gro\u00dfes L\u00e4cheln konzipiert, als Symbol f\u00fcr Positivit\u00e4t \u2013 in allen Situationen.\u201c<\/p>\n\n\n\n<h3 class=\"wp-block-heading has-text-align-center\" id=\"h-collection-1\"><a href=\"\/de\/collections\/hey-hello\/\">Kollektion<\/a><\/h3>\n<\/div>\n\n\n\n<div class=\"wp-block-column has-background is-layout-flow wp-block-column-is-layout-flow\" style=\"background-color:#f3f4f6\">\n<h2 class=\"wp-block-heading has-text-align-center\" id=\"h-planets\">PLANETS<\/h2>\n\n\n\n<p class=\"has-text-align-center\">\u201eDie Formen werden zu eingefrorenen Momenten, in denen die Planeten nicht in Bewegung, sondern in Ruhe sind.\u201c<\/p>\n\n\n\n<h3 class=\"wp-block-heading has-text-align-center\" id=\"h-collection-2\"><a href=\"\/de\/collections\/planets\/\">Kollektion<\/a><\/h3>\n<\/div>\n<\/div>\n\n\n\n<div class=\"wp-block-columns is-layout-flex wp-container-core-columns-is-layout-9d6595d7 wp-block-columns-is-layout-flex\">\n<div class=\"wp-block-column has-background is-layout-flow wp-block-column-is-layout-flow\" style=\"background-color:#f3f4f6\">\n<h2 class=\"wp-block-heading has-text-align-center\" id=\"h-saddlebags\">Saddlebags<\/h2>\n\n\n\n<p class=\"has-text-align-center\">\u201eDie Satteltaschen imitieren die Selbstverteidigungsstrategie der Fr\u00f6sche, bei der sie ihren Brustkorb aufblasen.\u201c<\/p>\n\n\n\n<h3 class=\"wp-block-heading has-text-align-center\" id=\"h-collection-3\"><a href=\"\/de\/collections\/saddlebags\/\">Kollektion<\/a><\/h3>\n<\/div>\n\n\n\n<div class=\"wp-block-column has-background is-layout-flow wp-block-column-is-layout-flow\" style=\"background-color:#f9f2de\">\n<h2 class=\"wp-block-heading has-text-align-center\" id=\"h-soft-re-creation\">Soft Re-Creation<\/h2>\n\n\n\n<p class=\"has-text-align-center\">\u00ab Die Soft Re-Reation-Kollektion besteht aus ECONYL, einem regenerierten Nylonmaterial, das aus Abf\u00e4llen wie Fischernetzen, Stoffresten, Teppichen und Industrieplastik hergestellt wird. \u00bb<\/p>\n\n\n\n<h3 class=\"wp-block-heading has-text-align-center\" id=\"h-collection-4\"><a href=\"\/de\/collections\/soft-re-creation\/\">Kollektion<\/a><\/h3>\n<\/div>\n<\/div>\n\n\n\n<div class=\"wp-block-columns is-layout-flex wp-container-core-columns-is-layout-9d6595d7 wp-block-columns-is-layout-flex\">\n<div class=\"wp-block-column has-background is-layout-flow wp-block-column-is-layout-flow\" style=\"background-color:#f9f2de\">\n<h2 class=\"wp-block-heading has-text-align-center\" id=\"h-tinged-leaves\">Tinged Leaves<\/h2>\n\n\n\n<p class=\"has-text-align-center\">\u00ab Diese aus drei Teppichdesigns bestehende Kollektion \u00ab Tinged Leaves \u00bb l\u00e4sst uns in die Natur eintauchen. \u00bb<\/p>\n\n\n\n<h3 class=\"wp-block-heading has-text-align-center\" id=\"h-collection-5\"><a href=\"\/de\/collections\/tinged-leaves\/\">Kollektion<\/a><\/h3>\n<\/div>\n\n\n\n<div class=\"wp-block-column has-background is-layout-flow wp-block-column-is-layout-flow\" style=\"background-color:#f3f4f6\">\n<h2 class=\"wp-block-heading has-text-align-center\" id=\"h-weightlessness\">Designteppiche Weightlessness<\/h2>\n\n\n\n<p class=\"has-text-align-center\">\u00ab Die Inspiration f\u00fcr diese Weightlessness-Kollektion kommt aus der Natur. Dort finden wir das Ei, aber auch die Zellen der von den Bienen geschaffenen Bienenst\u00f6cke. \u00bb<\/p>\n\n\n\n<h3 class=\"wp-block-heading has-text-align-center\" id=\"h-collection-6\"><a href=\"\/de\/collections\/weightlessness\/\">Kollektion<\/a><\/h3>\n<\/div>\n<\/div>\n\n\n\n<div class=\"wp-block-columns is-layout-flex wp-container-core-columns-is-layout-9d6595d7 wp-block-columns-is-layout-flex\">\n<div class=\"wp-block-column has-background is-layout-flow wp-block-column-is-layout-flow\" style=\"background-color:#f3f4f6\">\n<h2 class=\"wp-block-heading has-text-align-center\" id=\"h-signet-ring\">Signet Ring<\/h2>\n\n\n\n<p class=\"has-text-align-center\">\u00ab Der Hocker Signet Ring entf\u00fchrt Sie erneut in ein Universum gemischter Neuinterpretationen. Dieser Hocker erinnert an einen Ring und insbesondere an einen Siegelring. Der Siegelring ist ein Ring mit breiter Platte und hat die Eigenschaft, einer der seltenen Schmuckst\u00fccke mit praktischer Funktion zu sein, der seit Jahrhunderten von M\u00e4nnern und Frauen getragen wird.. \u00bb<\/p>\n\n\n\n<h3 class=\"wp-block-heading has-text-align-center\" id=\"h-collection-7\"><a href=\"\/de\/collections\/tabouret-design-softicated\/\">Kollektion<\/a><\/h3>\n<\/div>\n<\/div>\n<\/div>\n<\/div>","protected":false},"excerpt":{"rendered":"","protected":false},"author":4,"featured_media":0,"parent":0,"menu_order":0,"comment_status":"closed","ping_status":"closed","template":"template-parts\/home-page.php","meta":{"_acf_changed":false,"footnotes":""},"class_list":["post-1573","page","type-page","status-publish","hentry"],"acf":[],"yoast_head":"<!-- This site is optimized with the Yoast SEO Premium plugin v25.7.1 (Yoast SEO v26.9) - https:\/\/yoast.com\/product\/yoast-seo-premium-wordpress\/ -->\n<title>Collections - Softicated<\/title>\n<meta name=\"description\" content=\"Presentation de l&#039;ensemble des collections de la marque Softicated tapis, luminaires et tabourets premium pour vos int\u00e9rieurs.\" \/>\n<meta name=\"robots\" content=\"index, follow, max-snippet:-1, max-image-preview:large, max-video-preview:-1\" \/>\n<link rel=\"canonical\" href=\"https:\/\/softicated.com\/de\/collections\/\" \/>\n<meta property=\"og:locale\" content=\"de_DE\" \/>\n<meta property=\"og:type\" content=\"article\" \/>\n<meta property=\"og:title\" content=\"Collections\" \/>\n<meta property=\"og:description\" content=\"Presentation de l&#039;ensemble des collections de la marque Softicated tapis, luminaires et tabourets premium pour vos int\u00e9rieurs.\" \/>\n<meta property=\"og:url\" content=\"https:\/\/softicated.com\/de\/collections\/\" \/>\n<meta property=\"og:site_name\" content=\"Softicated\" \/>\n<meta property=\"article:publisher\" content=\"https:\/\/www.facebook.com\/Softicated\" \/>\n<meta property=\"article:modified_time\" content=\"2026-01-17T06:30:53+00:00\" \/>\n<meta name=\"twitter:card\" content=\"summary_large_image\" \/>\n<script type=\"application\/ld+json\" class=\"yoast-schema-graph\">{\"@context\":\"https:\/\/schema.org\",\"@graph\":[{\"@type\":\"WebPage\",\"@id\":\"https:\/\/softicated.com\/collections\/\",\"url\":\"https:\/\/softicated.com\/collections\/\",\"name\":\"Collections - Softicated\",\"isPartOf\":{\"@id\":\"https:\/\/softicated.com\/#website\"},\"datePublished\":\"2021-02-09T14:11:42+00:00\",\"dateModified\":\"2026-01-17T06:30:53+00:00\",\"description\":\"Presentation de l'ensemble des collections de la marque Softicated tapis, luminaires et tabourets premium pour vos int\u00e9rieurs.\",\"breadcrumb\":{\"@id\":\"https:\/\/softicated.com\/collections\/#breadcrumb\"},\"inLanguage\":\"de-CH\",\"potentialAction\":[{\"@type\":\"ReadAction\",\"target\":[\"https:\/\/softicated.com\/collections\/\"]}]},{\"@type\":\"BreadcrumbList\",\"@id\":\"https:\/\/softicated.com\/collections\/#breadcrumb\",\"itemListElement\":[{\"@type\":\"ListItem\",\"position\":1,\"name\":\"Accueil\",\"item\":\"https:\/\/softicated.com\/\"},{\"@type\":\"ListItem\",\"position\":2,\"name\":\"collection tapis luminaires tabourets Softicated\"}]},{\"@type\":\"WebSite\",\"@id\":\"https:\/\/softicated.com\/#website\",\"url\":\"https:\/\/softicated.com\/\",\"name\":\"Softicated\",\"description\":\"Cr\u00e9ateur de meubles, luminaires et tapis premium\",\"publisher\":{\"@id\":\"https:\/\/softicated.com\/#organization\"},\"potentialAction\":[{\"@type\":\"SearchAction\",\"target\":{\"@type\":\"EntryPoint\",\"urlTemplate\":\"https:\/\/softicated.com\/?s={search_term_string}\"},\"query-input\":{\"@type\":\"PropertyValueSpecification\",\"valueRequired\":true,\"valueName\":\"search_term_string\"}}],\"inLanguage\":\"de-CH\"},{\"@type\":\"Organization\",\"@id\":\"https:\/\/softicated.com\/#organization\",\"name\":\"Softicated\",\"url\":\"https:\/\/softicated.com\/\",\"logo\":{\"@type\":\"ImageObject\",\"inLanguage\":\"de-CH\",\"@id\":\"https:\/\/softicated.com\/#\/schema\/logo\/image\/\",\"url\":\"https:\/\/softicated.com\/wp-content\/uploads\/2025\/11\/logo-dark-2.svg\",\"contentUrl\":\"https:\/\/softicated.com\/wp-content\/uploads\/2025\/11\/logo-dark-2.svg\",\"caption\":\"Softicated\"},\"image\":{\"@id\":\"https:\/\/softicated.com\/#\/schema\/logo\/image\/\"},\"sameAs\":[\"https:\/\/www.facebook.com\/Softicated\",\"https:\/\/www.pinterest.com\/softicateddesign\",\"https:\/\/www.instagram.com\/softicated.design\"]}]}<\/script>\n<!-- \/ Yoast SEO Premium plugin. -->","yoast_head_json":{"title":"Collections - Softicated","description":"Presentation de l'ensemble des collections de la marque Softicated tapis, luminaires et tabourets premium pour vos int\u00e9rieurs.","robots":{"index":"index","follow":"follow","max-snippet":"max-snippet:-1","max-image-preview":"max-image-preview:large","max-video-preview":"max-video-preview:-1"},"canonical":"https:\/\/softicated.com\/de\/collections\/","og_locale":"de_DE","og_type":"article","og_title":"Collections","og_description":"Presentation de l'ensemble des collections de la marque Softicated tapis, luminaires et tabourets premium pour vos int\u00e9rieurs.","og_url":"https:\/\/softicated.com\/de\/collections\/","og_site_name":"Softicated","article_publisher":"https:\/\/www.facebook.com\/Softicated","article_modified_time":"2026-01-17T06:30:53+00:00","twitter_card":"summary_large_image","schema":{"@context":"https:\/\/schema.org","@graph":[{"@type":"WebPage","@id":"https:\/\/softicated.com\/collections\/","url":"https:\/\/softicated.com\/collections\/","name":"Collections - Softicated","isPartOf":{"@id":"https:\/\/softicated.com\/#website"},"datePublished":"2021-02-09T14:11:42+00:00","dateModified":"2026-01-17T06:30:53+00:00","description":"Presentation de l'ensemble des collections de la marque Softicated tapis, luminaires et tabourets premium pour vos int\u00e9rieurs.","breadcrumb":{"@id":"https:\/\/softicated.com\/collections\/#breadcrumb"},"inLanguage":"de-CH","potentialAction":[{"@type":"ReadAction","target":["https:\/\/softicated.com\/collections\/"]}]},{"@type":"BreadcrumbList","@id":"https:\/\/softicated.com\/collections\/#breadcrumb","itemListElement":[{"@type":"ListItem","position":1,"name":"Accueil","item":"https:\/\/softicated.com\/"},{"@type":"ListItem","position":2,"name":"collection tapis luminaires tabourets Softicated"}]},{"@type":"WebSite","@id":"https:\/\/softicated.com\/#website","url":"https:\/\/softicated.com\/","name":"Softicated","description":"Sch\u00f6pfer hochwertiger M\u00f6bel, Leuchten und Teppiche","publisher":{"@id":"https:\/\/softicated.com\/#organization"},"potentialAction":[{"@type":"SearchAction","target":{"@type":"EntryPoint","urlTemplate":"https:\/\/softicated.com\/?s={search_term_string}"},"query-input":{"@type":"PropertyValueSpecification","valueRequired":true,"valueName":"search_term_string"}}],"inLanguage":"de-CH"},{"@type":"Organization","@id":"https:\/\/softicated.com\/#organization","name":"Softicated","url":"https:\/\/softicated.com\/","logo":{"@type":"ImageObject","inLanguage":"de-CH","@id":"https:\/\/softicated.com\/#\/schema\/logo\/image\/","url":"https:\/\/softicated.com\/wp-content\/uploads\/2025\/11\/logo-dark-2.svg","contentUrl":"https:\/\/softicated.com\/wp-content\/uploads\/2025\/11\/logo-dark-2.svg","caption":"Softicated"},"image":{"@id":"https:\/\/softicated.com\/#\/schema\/logo\/image\/"},"sameAs":["https:\/\/www.facebook.com\/Softicated","https:\/\/www.pinterest.com\/softicateddesign","https:\/\/www.instagram.com\/softicated.design"]}]}},"_links":{"self":[{"href":"https:\/\/softicated.com\/de\/wp-json\/wp\/v2\/pages\/1573","targetHints":{"allow":["GET"]}}],"collection":[{"href":"https:\/\/softicated.com\/de\/wp-json\/wp\/v2\/pages"}],"about":[{"href":"https:\/\/softicated.com\/de\/wp-json\/wp\/v2\/types\/page"}],"author":[{"embeddable":true,"href":"https:\/\/softicated.com\/de\/wp-json\/wp\/v2\/users\/4"}],"replies":[{"embeddable":true,"href":"https:\/\/softicated.com\/de\/wp-json\/wp\/v2\/comments?post=1573"}],"version-history":[{"count":18,"href":"https:\/\/softicated.com\/de\/wp-json\/wp\/v2\/pages\/1573\/revisions"}],"predecessor-version":[{"id":14928,"href":"https:\/\/softicated.com\/de\/wp-json\/wp\/v2\/pages\/1573\/revisions\/14928"}],"wp:attachment":[{"href":"https:\/\/softicated.com\/de\/wp-json\/wp\/v2\/media?parent=1573"}],"curies":[{"name":"wp","href":"https:\/\/api.w.org\/{rel}","templated":true}]}}