{"id":15168,"date":"2026-02-24T08:43:39","date_gmt":"2026-02-24T07:43:39","guid":{"rendered":"https:\/\/softicated.com\/?page_id=15168"},"modified":"2026-02-24T13:51:50","modified_gmt":"2026-02-24T12:51:50","slug":"nouvelles-collections","status":"publish","type":"page","link":"https:\/\/softicated.com\/de\/nouvelles-collections\/","title":{"rendered":"Neue Kollektionen"},"content":{"rendered":"<div class=\"wp-block-md-multipurpose-gutenberg-block is-block-center\">\n<div class=\"wp-block-md-multipurpose-gutenberg-block is-block-center has-background-size space\" style=\"background-color:#1d3045;background-position:top\">\n<div class=\"wp-block-md-multipurpose-gutenberg-block is-block-center wrap\">\n<h1 class=\"wp-block-heading has-text-align-center has-white-color has-text-color has-link-color wp-elements-3e6f586561f2d34279fe9b39186fb718\" id=\"h-nouvelles-collections\">Neue Kollektionen<\/h1>\n<\/div>\n<\/div>\n<\/div>\n\n\n\n<div class=\"wp-block-md-multipurpose-gutenberg-block is-block-center space\">\n<div class=\"wp-block-md-multipurpose-gutenberg-block is-block-center wrap\">\n<div class=\"wp-block-columns is-layout-flex wp-container-core-columns-is-layout-9d6595d7 wp-block-columns-is-layout-flex\">\n<div class=\"wp-block-column is-layout-flow wp-block-column-is-layout-flow\" style=\"flex-basis:28%\">\n<div class=\"wp-block-yoast-seo-table-of-contents yoast-table-of-contents\"><h2>Kollektionen<\/h2><ul><li><a href=\"#h-nouvelles-collections\" data-level=\"1\">Neue Kollektionen<\/a><ul><li><a href=\"#h-la-collection-furrows\" data-level=\"3\">Die Furrows Kollektion<\/a><\/li><li><a href=\"#h-la-collection-lifelines\" data-level=\"3\">Die Lifelines Kollektion<\/a><\/li><\/ul><\/li><\/ul><\/div>\n<\/div>\n\n\n\n<div class=\"wp-block-column is-layout-flow wp-block-column-is-layout-flow\" style=\"flex-basis:66.66%\">\n<h3 class=\"wp-block-heading\" id=\"h-la-collection-furrows\"><a href=\"https:\/\/softicated.com\/de\/collections\/furrows\/\" type=\"link\" id=\"https:\/\/softicated.com\/collections\/furrows\/\">Die Furrows Kollektion<\/a><\/h3>\n\n\n\n<p>Die Teppichkollektion Furrows entsteht aus der stillen Beobachtung von bearbeiteter Erde. Sie ist inspiriert von den Furchen, die in Feldern gezogen werden geduldige Spuren menschlicher Arbeit, die sich wiederholen und einen langsamen, unregelm\u00e4\u00dfigen Rhythmus formen. Diese sanft eingeschnittenen Linien und Kurven erinnern an eine Landschaft aus der Vogelperspektive, an der Grenze zwischen Ordnung und Freiheit, Struktur und Bewegung.<\/p>\n\n\n\n<p>Die Kollektion besteht aus f\u00fcnf Teppichen, von denen jedes Modell diese Inspiration durch eine eigene Interpretation von Material und Farbe aufgreift. Terra erkundet mineralische Nuancen von Taupe, tiefem Gr\u00fcn und goldenem Braun und erinnert an die Vielfalt von Erde und Vegetation. Sepia, in Schwarz und Wei\u00df gehalten, betont das Muster in einer grafischen und zeitlosen Bildsprache. Flow bringt eine leuchtende Palette aus Beige, Marineblau und t\u00fcrkisfarbenen Nuancen ein, die an offene Landschaften und maritime Horizonte erinnert. Strata entfaltet sich in einer Reihe subtiler Graut\u00f6ne, inspiriert vom Licht der D\u00e4mmerung zwischen Tag und Nacht. Imprint schlie\u00dflich zeigt sich als beiger teilweise uni, in dem Linien und Kurven zur\u00fcckhaltender auftreten.<\/p>\n\n\n\n<p>Das Design erwacht durch die Cut-&amp;-Loop-Technik zum Leben, die Reliefs und Tiefen in einem Wechsel von Erhebungen und Vertiefungen betont \u2013 wie ein Boden, der \u00fcber lange Zeit geformt wurde. Die Kurven treten sanft hervor und offenbaren ein Motiv, das zugleich strukturiert und organisch wirkt.<\/p>\n\n\n\n<p>Je nach Modell aus feiner Wolle in Kombination mit Lyocell oder aus nat\u00fcrlicher neuseel\u00e4ndischer Wolle gefertigt, bieten die Furrows Teppiche eine seidige, lichtvolle und tief sensorische Haptik. Ihre mineralischen und nat\u00fcrlichen Farbt\u00f6ne erinnern an Ton, Stein oder das diffuse Licht auf nackter Erde.<\/p>\n\n\n\n<p>He Das Motiv, zugleich roh und fein, bewegt sich zwischen Abstraktion und l\u00e4ndlicher Erinnerung. Furrows l\u00e4dt die Natur in den Innenraum ein \u2013 nicht durch Nachahmung, sondern durch Andeutung.<\/p>\n\n\n\n<h3 class=\"wp-block-heading\" id=\"h-la-collection-lifelines\"><a href=\"https:\/\/softicated.com\/de\/collections\/lifelines\/\" type=\"link\" id=\"https:\/\/softicated.com\/collections\/lifelines\/\">Die Lifelines Kollektion<\/a><\/h3>\n\n\n\n<p>Die Teppichkollektion Lifelines ist inspiriert von den Linien des Lebens \u2013 jenen, die entstehen, sich kreuzen, \u00fcberlagern und im Laufe der Zeit ver\u00e4ndern. Wie bewegte Bahnen folgen diese Linien keinem festen Weg. Sie variieren in L\u00e4nge, Richtung und Intensit\u00e4t und formen eine freie, rhythmische und zutiefst dynamische Komposition.<\/p>\n\n\n\n<p>Das Design erinnert an menschliche Lebenswege, gepr\u00e4gt von Begegnungen, Br\u00fcchen und Kontinuit\u00e4ten. Die Linien \u00fcberlagern sich, entfernen sich voneinander und finden wieder zusammen. So entsteht eine sensible Kartografie, in der die Bewegung wichtiger ist als die Symmetrie. Jeder Teppich wird zu einer lebendigen Fl\u00e4che, durchzogen von Str\u00f6mungen, die zugleich spontan und kontrolliert wirken.<\/p>\n\n\n\n<p>Die Lifelines Kollektion umfasst f\u00fcnf Modelle, gefertigt entweder aus feiner Wolle in Kombination mit Lyocell (botanische Seide) oder aus nat\u00fcrlicher neuseel\u00e4ndischer Wolle je nach Variation von Material und Textur. Die Modelle aus feiner Wolle und Lyocell zeichnen sich durch eine seidige, lichtvolle Haptik aus, die die Flie\u00dff\u00e4higkeit des Designs und die Feinheit der Linien betont. Die Varianten aus Naturwolle setzen auf einen st\u00e4rker strukturierten, organischen Ausdruck.<\/p>\n\n\n\n<p>Die Cut-&amp;-Loop-Technik wird ausschlie\u00dflich bei den teilweise uni aus Naturwolle eingesetzt. Sie hebt die Reliefs hervor und verleiht der Oberfl\u00e4che eine subtile Tiefe. Die Linien erscheinen wie Spuren, die in das Material eingeschrieben sind, w\u00e4hrend die Modelle aus feiner Wolle und Lyocell auf die Kontinuit\u00e4t der Bewegung und das Spiel des Lichts setzen.<\/p>\n\n\n\n<p>An der Schnittstelle von Grafik und Emotion erforscht Lifelines die Idee der permanenten Bewegung. Die Kollektion l\u00e4dt dazu ein, den Rhythmus des Lebens im Innenraum zu sp\u00fcren durch ausdrucksstarke, zeitgen\u00f6ssische und zutiefst lebendige Teppiche.<\/p>\n\n\n\n<p>Einen Lifelines Teppich zu w\u00e4hlen bedeutet, die Energie der Bewegung und die Poesie menschlicher Lebenswege in den Innenraum zu bringen durch ein lebendiges Design, in dem jede Linie eine Geschichte erz\u00e4hlt.<\/p>\n<\/div>\n<\/div>\n<\/div>\n<\/div>","protected":false},"excerpt":{"rendered":"","protected":false},"author":7,"featured_media":0,"parent":0,"menu_order":0,"comment_status":"closed","ping_status":"closed","template":"template-parts\/home-page.php","meta":{"_acf_changed":false,"footnotes":""},"class_list":["post-15168","page","type-page","status-publish","hentry"],"acf":[],"yoast_head":"<!-- This site is optimized with the Yoast SEO Premium plugin v25.7.1 (Yoast SEO v26.9) - https:\/\/yoast.com\/product\/yoast-seo-premium-wordpress\/ -->\n<title>Nouvelles collections - Softicated<\/title>\n<meta name=\"robots\" content=\"index, follow, max-snippet:-1, max-image-preview:large, max-video-preview:-1\" \/>\n<link rel=\"canonical\" href=\"https:\/\/softicated.com\/de\/nouvelles-collections\/\" \/>\n<meta property=\"og:locale\" content=\"de_DE\" \/>\n<meta property=\"og:type\" content=\"article\" \/>\n<meta property=\"og:title\" content=\"Nouvelles collections\" \/>\n<meta property=\"og:url\" content=\"https:\/\/softicated.com\/de\/nouvelles-collections\/\" \/>\n<meta property=\"og:site_name\" content=\"Softicated\" \/>\n<meta property=\"article:publisher\" content=\"https:\/\/www.facebook.com\/Softicated\" \/>\n<meta property=\"article:modified_time\" content=\"2026-02-24T12:51:50+00:00\" \/>\n<meta name=\"twitter:card\" content=\"summary_large_image\" \/>\n<script type=\"application\/ld+json\" class=\"yoast-schema-graph\">{\"@context\":\"https:\/\/schema.org\",\"@graph\":[{\"@type\":\"WebPage\",\"@id\":\"https:\/\/softicated.com\/nouvelles-collections\/\",\"url\":\"https:\/\/softicated.com\/nouvelles-collections\/\",\"name\":\"Nouvelles collections - Softicated\",\"isPartOf\":{\"@id\":\"https:\/\/softicated.com\/#website\"},\"datePublished\":\"2026-02-24T07:43:39+00:00\",\"dateModified\":\"2026-02-24T12:51:50+00:00\",\"breadcrumb\":{\"@id\":\"https:\/\/softicated.com\/nouvelles-collections\/#breadcrumb\"},\"inLanguage\":\"de-CH\",\"potentialAction\":[{\"@type\":\"ReadAction\",\"target\":[\"https:\/\/softicated.com\/nouvelles-collections\/\"]}],\"accessibilityFeature\":[\"tableOfContents\"]},{\"@type\":\"BreadcrumbList\",\"@id\":\"https:\/\/softicated.com\/nouvelles-collections\/#breadcrumb\",\"itemListElement\":[{\"@type\":\"ListItem\",\"position\":1,\"name\":\"Accueil\",\"item\":\"https:\/\/softicated.com\/\"},{\"@type\":\"ListItem\",\"position\":2,\"name\":\"Nouvelles collections\"}]},{\"@type\":\"WebSite\",\"@id\":\"https:\/\/softicated.com\/#website\",\"url\":\"https:\/\/softicated.com\/\",\"name\":\"Softicated\",\"description\":\"Cr\u00e9ateur de meubles, luminaires et tapis premium\",\"publisher\":{\"@id\":\"https:\/\/softicated.com\/#organization\"},\"potentialAction\":[{\"@type\":\"SearchAction\",\"target\":{\"@type\":\"EntryPoint\",\"urlTemplate\":\"https:\/\/softicated.com\/?s={search_term_string}\"},\"query-input\":{\"@type\":\"PropertyValueSpecification\",\"valueRequired\":true,\"valueName\":\"search_term_string\"}}],\"inLanguage\":\"de-CH\"},{\"@type\":\"Organization\",\"@id\":\"https:\/\/softicated.com\/#organization\",\"name\":\"Softicated\",\"url\":\"https:\/\/softicated.com\/\",\"logo\":{\"@type\":\"ImageObject\",\"inLanguage\":\"de-CH\",\"@id\":\"https:\/\/softicated.com\/#\/schema\/logo\/image\/\",\"url\":\"https:\/\/softicated.com\/wp-content\/uploads\/2025\/11\/logo-dark-2.svg\",\"contentUrl\":\"https:\/\/softicated.com\/wp-content\/uploads\/2025\/11\/logo-dark-2.svg\",\"caption\":\"Softicated\"},\"image\":{\"@id\":\"https:\/\/softicated.com\/#\/schema\/logo\/image\/\"},\"sameAs\":[\"https:\/\/www.facebook.com\/Softicated\",\"https:\/\/www.pinterest.com\/softicateddesign\",\"https:\/\/www.instagram.com\/softicated.design\"]}]}<\/script>\n<!-- \/ Yoast SEO Premium plugin. -->","yoast_head_json":{"title":"Nouvelles collections - Softicated","robots":{"index":"index","follow":"follow","max-snippet":"max-snippet:-1","max-image-preview":"max-image-preview:large","max-video-preview":"max-video-preview:-1"},"canonical":"https:\/\/softicated.com\/de\/nouvelles-collections\/","og_locale":"de_DE","og_type":"article","og_title":"Nouvelles collections","og_url":"https:\/\/softicated.com\/de\/nouvelles-collections\/","og_site_name":"Softicated","article_publisher":"https:\/\/www.facebook.com\/Softicated","article_modified_time":"2026-02-24T12:51:50+00:00","twitter_card":"summary_large_image","schema":{"@context":"https:\/\/schema.org","@graph":[{"@type":"WebPage","@id":"https:\/\/softicated.com\/nouvelles-collections\/","url":"https:\/\/softicated.com\/nouvelles-collections\/","name":"Nouvelles collections - Softicated","isPartOf":{"@id":"https:\/\/softicated.com\/#website"},"datePublished":"2026-02-24T07:43:39+00:00","dateModified":"2026-02-24T12:51:50+00:00","breadcrumb":{"@id":"https:\/\/softicated.com\/nouvelles-collections\/#breadcrumb"},"inLanguage":"de-CH","potentialAction":[{"@type":"ReadAction","target":["https:\/\/softicated.com\/nouvelles-collections\/"]}],"accessibilityFeature":["tableOfContents"]},{"@type":"BreadcrumbList","@id":"https:\/\/softicated.com\/nouvelles-collections\/#breadcrumb","itemListElement":[{"@type":"ListItem","position":1,"name":"Accueil","item":"https:\/\/softicated.com\/"},{"@type":"ListItem","position":2,"name":"Nouvelles collections"}]},{"@type":"WebSite","@id":"https:\/\/softicated.com\/#website","url":"https:\/\/softicated.com\/","name":"Softicated","description":"Sch\u00f6pfer hochwertiger M\u00f6bel, Leuchten und Teppiche","publisher":{"@id":"https:\/\/softicated.com\/#organization"},"potentialAction":[{"@type":"SearchAction","target":{"@type":"EntryPoint","urlTemplate":"https:\/\/softicated.com\/?s={search_term_string}"},"query-input":{"@type":"PropertyValueSpecification","valueRequired":true,"valueName":"search_term_string"}}],"inLanguage":"de-CH"},{"@type":"Organization","@id":"https:\/\/softicated.com\/#organization","name":"Softicated","url":"https:\/\/softicated.com\/","logo":{"@type":"ImageObject","inLanguage":"de-CH","@id":"https:\/\/softicated.com\/#\/schema\/logo\/image\/","url":"https:\/\/softicated.com\/wp-content\/uploads\/2025\/11\/logo-dark-2.svg","contentUrl":"https:\/\/softicated.com\/wp-content\/uploads\/2025\/11\/logo-dark-2.svg","caption":"Softicated"},"image":{"@id":"https:\/\/softicated.com\/#\/schema\/logo\/image\/"},"sameAs":["https:\/\/www.facebook.com\/Softicated","https:\/\/www.pinterest.com\/softicateddesign","https:\/\/www.instagram.com\/softicated.design"]}]}},"_links":{"self":[{"href":"https:\/\/softicated.com\/de\/wp-json\/wp\/v2\/pages\/15168","targetHints":{"allow":["GET"]}}],"collection":[{"href":"https:\/\/softicated.com\/de\/wp-json\/wp\/v2\/pages"}],"about":[{"href":"https:\/\/softicated.com\/de\/wp-json\/wp\/v2\/types\/page"}],"author":[{"embeddable":true,"href":"https:\/\/softicated.com\/de\/wp-json\/wp\/v2\/users\/7"}],"replies":[{"embeddable":true,"href":"https:\/\/softicated.com\/de\/wp-json\/wp\/v2\/comments?post=15168"}],"version-history":[{"count":6,"href":"https:\/\/softicated.com\/de\/wp-json\/wp\/v2\/pages\/15168\/revisions"}],"predecessor-version":[{"id":15180,"href":"https:\/\/softicated.com\/de\/wp-json\/wp\/v2\/pages\/15168\/revisions\/15180"}],"wp:attachment":[{"href":"https:\/\/softicated.com\/de\/wp-json\/wp\/v2\/media?parent=15168"}],"curies":[{"name":"wp","href":"https:\/\/api.w.org\/{rel}","templated":true}]}}