{"id":10787,"date":"2023-01-13T11:48:18","date_gmt":"2023-01-13T10:48:18","guid":{"rendered":"https:\/\/softicated.com\/?page_id=10787"},"modified":"2026-02-07T13:02:30","modified_gmt":"2026-02-07T12:02:30","slug":"awards","status":"publish","type":"page","link":"https:\/\/softicated.com\/de\/awards\/","title":{"rendered":"Unsere Auszeichnungen"},"content":{"rendered":"<div class=\"wp-block-md-multipurpose-gutenberg-block is-block-center\">\n<div class=\"wp-block-md-multipurpose-gutenberg-block is-block-center has-background-size space\" style=\"background-color:#1d3045;background-position:top\">\n<div class=\"wp-block-md-multipurpose-gutenberg-block is-block-center wrap\">\n<h1 class=\"wp-block-heading has-text-align-center has-white-color has-text-color has-link-color wp-elements-3785a38cda6114c1144dfc30e7f27312\" id=\"h-recompenses\">Unsere Auszeichnungen<\/h1>\n<\/div>\n<\/div>\n<\/div>\n\n\n\n<div class=\"wp-block-md-multipurpose-gutenberg-block is-block-center space\">\n<div class=\"wp-block-md-multipurpose-gutenberg-block is-block-center wrap\"><div class=\"cols col3 awards-images-main\"><ul>\n            <li><a href=\"https:\/\/softicated.com\/wp-content\/uploads\/2024\/06\/photo_2023-01-12_15-34-08-2.webp\">\n                <img decoding=\"async\" src=\"https:\/\/softicated.com\/wp-content\/uploads\/2024\/06\/photo_2023-01-12_15-34-08-2.webp\" alt=\"photo_2023-01-12_15-34-08-2\">\n            <\/a><\/li>\n            <li><a href=\"https:\/\/softicated.com\/wp-content\/uploads\/2024\/06\/photo_2023-01-12_15-34-07.webp\">\n                <img decoding=\"async\" src=\"https:\/\/softicated.com\/wp-content\/uploads\/2024\/06\/photo_2023-01-12_15-34-07.webp\" alt=\"photo_2023-01-12_15-34-07\">\n            <\/a><\/li>\n            <li><a href=\"https:\/\/softicated.com\/wp-content\/uploads\/2023\/12\/ICONIC_AWARDS_2023_softicated_silhouette.jpg\">\n                <img decoding=\"async\" src=\"https:\/\/softicated.com\/wp-content\/uploads\/2023\/12\/ICONIC_AWARDS_2023_softicated_silhouette.jpg\" alt=\"ICONIC_AWARDS_2023\">\n            <\/a><\/li>\n            <li><a href=\"https:\/\/softicated.com\/wp-content\/uploads\/2023\/11\/BIG-SEE-AWARDS-2023_2023_softicated_flyingfish-1.jpg\">\n                <img decoding=\"async\" src=\"https:\/\/softicated.com\/wp-content\/uploads\/2023\/11\/BIG-SEE-AWARDS-2023_2023_softicated_flyingfish-1.jpg\" alt=\"BIG SEE AWARDS\">\n            <\/a><\/li>\n            <li><a href=\"https:\/\/softicated.com\/wp-content\/uploads\/2023\/11\/BIG-SEE-AWARDS-2023_2023_softicated_SIGNET-RING-1.jpg\">\n                <img decoding=\"async\" src=\"https:\/\/softicated.com\/wp-content\/uploads\/2023\/11\/BIG-SEE-AWARDS-2023_2023_softicated_SIGNET-RING-1.jpg\" alt=\"BIG SEE AWARDS\">\n            <\/a><\/li>\n            <li><a href=\"https:\/\/softicated.com\/wp-content\/uploads\/2024\/06\/ICONIC-AWARDS-2023_2023_softicated_SIGNET-RING.webp\">\n                <img decoding=\"async\" src=\"https:\/\/softicated.com\/wp-content\/uploads\/2024\/06\/ICONIC-AWARDS-2023_2023_softicated_SIGNET-RING.webp\" alt=\"ICONIC-AWARDS-2023_2023_softicated_SIGNET-RING\">\n            <\/a><\/li>\n            <li><a href=\"https:\/\/softicated.com\/wp-content\/uploads\/2024\/06\/ICONIC-AWARDS-2023_2023_softicated_flyingfish.webp\">\n                <img decoding=\"async\" src=\"https:\/\/softicated.com\/wp-content\/uploads\/2024\/06\/ICONIC-AWARDS-2023_2023_softicated_flyingfish.webp\" alt=\"ICONIC-AWARDS-2023_2023_softicated_flyingfish\">\n            <\/a><\/li>\n            <li><a href=\"https:\/\/softicated.com\/wp-content\/uploads\/2024\/06\/photo_2023-01-12_16-05-40-3.webp\">\n                <img decoding=\"async\" src=\"https:\/\/softicated.com\/wp-content\/uploads\/2024\/06\/photo_2023-01-12_16-05-40-3.webp\" alt=\"photo_2023-01-12_16-05-40-3\">\n            <\/a><\/li>\n            <li><a href=\"https:\/\/softicated.com\/wp-content\/uploads\/2024\/06\/photo_2023-01-12_16-05-40-2.webp\">\n                <img decoding=\"async\" src=\"https:\/\/softicated.com\/wp-content\/uploads\/2024\/06\/photo_2023-01-12_16-05-40-2.webp\" alt=\"photo_2023-01-12_16-05-40-2\">\n            <\/a><\/li>\n            <li><a href=\"https:\/\/softicated.com\/wp-content\/uploads\/2024\/06\/photo_2023-01-12_15-34-08.webp\">\n                <img decoding=\"async\" src=\"https:\/\/softicated.com\/wp-content\/uploads\/2024\/06\/photo_2023-01-12_15-34-08.webp\" alt=\"photo_2023-01-12_15-34-08\">\n            <\/a><\/li>\n            <li><a href=\"https:\/\/softicated.com\/wp-content\/uploads\/2024\/06\/photo_2023-01-12_16-05-40.webp\">\n                <img decoding=\"async\" src=\"https:\/\/softicated.com\/wp-content\/uploads\/2024\/06\/photo_2023-01-12_16-05-40.webp\" alt=\"photo_2023-01-12_16-05-40\">\n            <\/a><\/li>\n            <li><a href=\"https:\/\/softicated.com\/wp-content\/uploads\/2024\/06\/KYOTO-GLOBAL-DESIGN-AWARDS-2023_2023_softicated_flyingfish.webp\">\n                <img decoding=\"async\" src=\"https:\/\/softicated.com\/wp-content\/uploads\/2024\/06\/KYOTO-GLOBAL-DESIGN-AWARDS-2023_2023_softicated_flyingfish.webp\" alt=\"KYOTO-GLOBAL-DESIGN-AWARDS-2023_2023_softicated_flyingfish\">\n            <\/a><\/li>\n            <li><a href=\"https:\/\/softicated.com\/wp-content\/uploads\/2024\/06\/luxury_archi.webp\">\n                <img decoding=\"async\" src=\"https:\/\/softicated.com\/wp-content\/uploads\/2024\/06\/luxury_archi.webp\" alt=\"luxury_archi\">\n            <\/a><\/li><\/div><\/ul>\n<\/div>\n<\/div>","protected":false},"excerpt":{"rendered":"","protected":false},"author":4,"featured_media":0,"parent":0,"menu_order":0,"comment_status":"closed","ping_status":"closed","template":"template-parts\/home-page.php","meta":{"_acf_changed":false,"footnotes":""},"class_list":["post-10787","page","type-page","status-publish","hentry"],"acf":[],"yoast_head":"<!-- This site is optimized with the Yoast SEO Premium plugin v25.7.1 (Yoast SEO v26.9) - https:\/\/yoast.com\/product\/yoast-seo-premium-wordpress\/ -->\n<title>R\u00e9compenses - Softicated<\/title>\n<meta name=\"description\" content=\"Nominations, r\u00e9compenses, titres attribu\u00e9s lors de participations \u00e0 diff\u00e9rents concours avec nos objets : tabourets, lampes et tapis\" \/>\n<meta name=\"robots\" content=\"index, follow, max-snippet:-1, max-image-preview:large, max-video-preview:-1\" \/>\n<link rel=\"canonical\" href=\"https:\/\/softicated.com\/de\/awards\/\" \/>\n<meta property=\"og:locale\" content=\"de_DE\" \/>\n<meta property=\"og:type\" content=\"article\" \/>\n<meta property=\"og:title\" content=\"R\u00e9compenses\" \/>\n<meta property=\"og:description\" content=\"Nominations, r\u00e9compenses, titres attribu\u00e9s lors de participations \u00e0 diff\u00e9rents concours avec nos objets : tabourets, lampes et tapis\" \/>\n<meta property=\"og:url\" content=\"https:\/\/softicated.com\/de\/awards\/\" \/>\n<meta property=\"og:site_name\" content=\"Softicated\" \/>\n<meta property=\"article:publisher\" content=\"https:\/\/www.facebook.com\/Softicated\" \/>\n<meta property=\"article:modified_time\" content=\"2026-02-07T12:02:30+00:00\" \/>\n<meta name=\"twitter:card\" content=\"summary_large_image\" \/>\n<script type=\"application\/ld+json\" class=\"yoast-schema-graph\">{\"@context\":\"https:\/\/schema.org\",\"@graph\":[{\"@type\":\"WebPage\",\"@id\":\"https:\/\/softicated.com\/awards\/\",\"url\":\"https:\/\/softicated.com\/awards\/\",\"name\":\"R\u00e9compenses - Softicated\",\"isPartOf\":{\"@id\":\"https:\/\/softicated.com\/#website\"},\"datePublished\":\"2023-01-13T10:48:18+00:00\",\"dateModified\":\"2026-02-07T12:02:30+00:00\",\"description\":\"Nominations, r\u00e9compenses, titres attribu\u00e9s lors de participations \u00e0 diff\u00e9rents concours avec nos objets : tabourets, lampes et tapis\",\"breadcrumb\":{\"@id\":\"https:\/\/softicated.com\/awards\/#breadcrumb\"},\"inLanguage\":\"de-CH\",\"potentialAction\":[{\"@type\":\"ReadAction\",\"target\":[\"https:\/\/softicated.com\/awards\/\"]}]},{\"@type\":\"BreadcrumbList\",\"@id\":\"https:\/\/softicated.com\/awards\/#breadcrumb\",\"itemListElement\":[{\"@type\":\"ListItem\",\"position\":1,\"name\":\"Accueil\",\"item\":\"https:\/\/softicated.com\/\"},{\"@type\":\"ListItem\",\"position\":2,\"name\":\"nominations r\u00e9compenses award\"}]},{\"@type\":\"WebSite\",\"@id\":\"https:\/\/softicated.com\/#website\",\"url\":\"https:\/\/softicated.com\/\",\"name\":\"Softicated\",\"description\":\"Cr\u00e9ateur de meubles, luminaires et tapis premium\",\"publisher\":{\"@id\":\"https:\/\/softicated.com\/#organization\"},\"potentialAction\":[{\"@type\":\"SearchAction\",\"target\":{\"@type\":\"EntryPoint\",\"urlTemplate\":\"https:\/\/softicated.com\/?s={search_term_string}\"},\"query-input\":{\"@type\":\"PropertyValueSpecification\",\"valueRequired\":true,\"valueName\":\"search_term_string\"}}],\"inLanguage\":\"de-CH\"},{\"@type\":\"Organization\",\"@id\":\"https:\/\/softicated.com\/#organization\",\"name\":\"Softicated\",\"url\":\"https:\/\/softicated.com\/\",\"logo\":{\"@type\":\"ImageObject\",\"inLanguage\":\"de-CH\",\"@id\":\"https:\/\/softicated.com\/#\/schema\/logo\/image\/\",\"url\":\"https:\/\/softicated.com\/wp-content\/uploads\/2025\/11\/logo-dark-2.svg\",\"contentUrl\":\"https:\/\/softicated.com\/wp-content\/uploads\/2025\/11\/logo-dark-2.svg\",\"caption\":\"Softicated\"},\"image\":{\"@id\":\"https:\/\/softicated.com\/#\/schema\/logo\/image\/\"},\"sameAs\":[\"https:\/\/www.facebook.com\/Softicated\",\"https:\/\/www.pinterest.com\/softicateddesign\",\"https:\/\/www.instagram.com\/softicated.design\"]}]}<\/script>\n<!-- \/ Yoast SEO Premium plugin. -->","yoast_head_json":{"title":"R\u00e9compenses - Softicated","description":"Nominations, r\u00e9compenses, titres attribu\u00e9s lors de participations \u00e0 diff\u00e9rents concours avec nos objets : tabourets, lampes et tapis","robots":{"index":"index","follow":"follow","max-snippet":"max-snippet:-1","max-image-preview":"max-image-preview:large","max-video-preview":"max-video-preview:-1"},"canonical":"https:\/\/softicated.com\/de\/awards\/","og_locale":"de_DE","og_type":"article","og_title":"R\u00e9compenses","og_description":"Nominations, r\u00e9compenses, titres attribu\u00e9s lors de participations \u00e0 diff\u00e9rents concours avec nos objets : tabourets, lampes et tapis","og_url":"https:\/\/softicated.com\/de\/awards\/","og_site_name":"Softicated","article_publisher":"https:\/\/www.facebook.com\/Softicated","article_modified_time":"2026-02-07T12:02:30+00:00","twitter_card":"summary_large_image","schema":{"@context":"https:\/\/schema.org","@graph":[{"@type":"WebPage","@id":"https:\/\/softicated.com\/awards\/","url":"https:\/\/softicated.com\/awards\/","name":"R\u00e9compenses - Softicated","isPartOf":{"@id":"https:\/\/softicated.com\/#website"},"datePublished":"2023-01-13T10:48:18+00:00","dateModified":"2026-02-07T12:02:30+00:00","description":"Nominations, r\u00e9compenses, titres attribu\u00e9s lors de participations \u00e0 diff\u00e9rents concours avec nos objets : tabourets, lampes et tapis","breadcrumb":{"@id":"https:\/\/softicated.com\/awards\/#breadcrumb"},"inLanguage":"de-CH","potentialAction":[{"@type":"ReadAction","target":["https:\/\/softicated.com\/awards\/"]}]},{"@type":"BreadcrumbList","@id":"https:\/\/softicated.com\/awards\/#breadcrumb","itemListElement":[{"@type":"ListItem","position":1,"name":"Accueil","item":"https:\/\/softicated.com\/"},{"@type":"ListItem","position":2,"name":"nominations r\u00e9compenses award"}]},{"@type":"WebSite","@id":"https:\/\/softicated.com\/#website","url":"https:\/\/softicated.com\/","name":"Softicated","description":"Sch\u00f6pfer hochwertiger M\u00f6bel, Leuchten und Teppiche","publisher":{"@id":"https:\/\/softicated.com\/#organization"},"potentialAction":[{"@type":"SearchAction","target":{"@type":"EntryPoint","urlTemplate":"https:\/\/softicated.com\/?s={search_term_string}"},"query-input":{"@type":"PropertyValueSpecification","valueRequired":true,"valueName":"search_term_string"}}],"inLanguage":"de-CH"},{"@type":"Organization","@id":"https:\/\/softicated.com\/#organization","name":"Softicated","url":"https:\/\/softicated.com\/","logo":{"@type":"ImageObject","inLanguage":"de-CH","@id":"https:\/\/softicated.com\/#\/schema\/logo\/image\/","url":"https:\/\/softicated.com\/wp-content\/uploads\/2025\/11\/logo-dark-2.svg","contentUrl":"https:\/\/softicated.com\/wp-content\/uploads\/2025\/11\/logo-dark-2.svg","caption":"Softicated"},"image":{"@id":"https:\/\/softicated.com\/#\/schema\/logo\/image\/"},"sameAs":["https:\/\/www.facebook.com\/Softicated","https:\/\/www.pinterest.com\/softicateddesign","https:\/\/www.instagram.com\/softicated.design"]}]}},"_links":{"self":[{"href":"https:\/\/softicated.com\/de\/wp-json\/wp\/v2\/pages\/10787","targetHints":{"allow":["GET"]}}],"collection":[{"href":"https:\/\/softicated.com\/de\/wp-json\/wp\/v2\/pages"}],"about":[{"href":"https:\/\/softicated.com\/de\/wp-json\/wp\/v2\/types\/page"}],"author":[{"embeddable":true,"href":"https:\/\/softicated.com\/de\/wp-json\/wp\/v2\/users\/4"}],"replies":[{"embeddable":true,"href":"https:\/\/softicated.com\/de\/wp-json\/wp\/v2\/comments?post=10787"}],"version-history":[{"count":18,"href":"https:\/\/softicated.com\/de\/wp-json\/wp\/v2\/pages\/10787\/revisions"}],"predecessor-version":[{"id":14978,"href":"https:\/\/softicated.com\/de\/wp-json\/wp\/v2\/pages\/10787\/revisions\/14978"}],"wp:attachment":[{"href":"https:\/\/softicated.com\/de\/wp-json\/wp\/v2\/media?parent=10787"}],"curies":[{"name":"wp","href":"https:\/\/api.w.org\/{rel}","templated":true}]}}